{"id":21442,"date":"2020-05-22T21:31:41","date_gmt":"2020-05-22T19:31:41","guid":{"rendered":"https:\/\/sysmatec.ch\/produit\/kit-de-test-rapide-covid-19-igg-igm-sang-total-serum-plasma\/"},"modified":"2021-12-04T18:33:30","modified_gmt":"2021-12-04T17:33:30","slug":"covid-19-igg-igm-schnelltest-blut-serum-plasma","status":"publish","type":"product","link":"https:\/\/sysmatec.ch\/de\/Produkt\/covid-19-igg-igm-schnelltest-blut-serum-plasma\/","title":{"rendered":"COVID-19 IgG \/ IgM Schnelltest (Blut \/ Serum \/ Plasma)"},"content":{"rendered":"<p><span title=\"\">Die COVID-19-IgG \/ IgM-Schnelltestkassette (Vollblut \/ Serum \/ Plasma) ist ein Schnelltest zum qualitativen Nachweis von IgG- und IgM-Antik\u00f6rpern gegen SARS-CoV-2 in menschlichem Vollblut, Serum oder Plasma.<\/span><br \/>\n<span title=\"\">Mitgelieferte Materialien: Testkassette (enth\u00e4lt spezifische Antigen-konjugierte Goldkolloidpartikel und Anti-Human-IgM, Anti-Human-IgG, das auf die Membran aufgetragen ist), Puffer, Tropfer, Packungsbeilage<\/span><br \/>\n<span title=\"\">Erforderliche, aber nicht mitgelieferte Materialien: Probenentnahmebeh\u00e4lter, Zentrifuge, Timer, Lanzette<\/span><br \/>\n<span title=\"\">Die COVID-19 IgG \/ IgM-Schnelltestkassette (Vollblut \/ Serum \/ Plasma) wurde auf Anti-Influenza-A-Virus, Anti-Influenza-B-Virus, Anti-RSV, Anti-Adenovirus, HBsAg, Anti-Syphilis, Anti-<\/span> <span title=\"\">H. H.<\/span> <span title=\"\">Pylori, Anti-HIV- und Anti-HCV-positive Proben.<\/span> <span title=\"\">Die Ergebnisse zeigten keine Kreuzreaktivit\u00e4t.<\/span><\/p>\n<h2><span title=\"\">Covid 19 Test-Vergleich mit einem f\u00fchrenden kommerziellen PCR-Test an 181 Proben.<\/span><\/h2>\n<table width=\"490\">\n<tbody>\n<tr>\n<td width=\"170\">Methode<\/td>\n<td width=\"80\"><\/td>\n<td colspan=\"2\" width=\"160\">PCR<\/td>\n<td width=\"80\">Gesamtergebnis<\/td>\n<\/tr>\n<tr>\n<td><\/td>\n<td><\/td>\n<td>Positiv<\/td>\n<td>Negativ<\/td>\n<td><\/td>\n<\/tr>\n<tr>\n<td>COVID-19 IgG\/IgM<\/td>\n<td>Positiv<\/td>\n<td>37<\/td>\n<td>1<\/td>\n<td>38<\/td>\n<\/tr>\n<tr>\n<td><span style=\"display: inline !important; float: none; background-color: #ffffff; color: #333333; cursor: text; font-family: 'Source Sans Pro','HelveticaNeue-Light','Helvetica Neue Light','Helvetica Neue',Helvetica,Arial,'Lucida Grande',sans-serif; font-size: 16px; font-style: normal; font-variant: normal; font-weight: 400; letter-spacing: normal; orphans: 2; text-align: left; text-decoration: none; text-indent: 0px; text-transform: none; -webkit-text-stroke-width: 0px; white-space: normal; word-spacing: 0px;\">Schnelltest<\/span><\/td>\n<td>Negativ<\/td>\n<td>1<\/td>\n<td>142<\/td>\n<td>143<\/td>\n<\/tr>\n<tr>\n<td><span style=\"display: inline !important; float: none; background-color: #ffffff; color: #333333; cursor: text; font-family: 'Source Sans Pro','HelveticaNeue-Light','Helvetica Neue Light','Helvetica Neue',Helvetica,Arial,'Lucida Grande',sans-serif; font-size: 16px; font-style: normal; font-variant: normal; font-weight: 400; letter-spacing: normal; orphans: 2; text-align: left; text-decoration: none; text-indent: 0px; text-transform: none; -webkit-text-stroke-width: 0px; white-space: normal; word-spacing: 0px;\">Gesamtergebnis<\/span><\/td>\n<td><\/td>\n<td>38<\/td>\n<td>143<\/td>\n<td>181<\/td>\n<\/tr>\n<\/tbody>\n<\/table>\n<h2><span title=\"\">Anwendungsszenarien von dem Covid 19 Test<\/span><\/h2>\n<p><span title=\"\">\u2022 Zentrum f\u00fcr die Kontrolle und Pr\u00e4vention von Krankheiten: Test an Risikogruppen wie unter Quarant\u00e4ne gestellte Personen, Kontakte und zur\u00fcckgekehrte Arbeitnehmer in Industriest\u00e4dten<\/span><br \/>\n<span title=\"\">\u2022 Primary Health Care Institution: Test an verd\u00e4chtigen Personen und \/ oder Personen mit Fieber und Erk\u00e4ltung vor Ort, der f\u00fcr die sofortige Meldung und \u00dcbergabe an geeignete Einrichtungen f\u00fcr infektionspositive Patienten in Frage kommt<\/span><br \/>\n<span tabindex=\"-1\" title=\"\" contenteditable=\"false\">\u2022 Regierungsabteilung \/ \u00f6ffentliches Unternehmen Staatliches Unternehmen \/ Gro\u00dfunternehmen: Inspektion im Dienst \/ regelm\u00e4\u00dfige \u00dcberpr\u00fcfung des Regierungspersonals<\/span><br \/>\n<span title=\"\">\u2022 Industrial Production Enterprise: Inspektion der Inbetriebnahme und regelm\u00e4\u00dfige \u00dcberpr\u00fcfung.<\/span><br \/>\n<span title=\"\">\u2022 Schule: Inspektion beim Start und regelm\u00e4\u00dfige \u00dcberpr\u00fcfung<\/span><br \/>\n<span title=\"\">\u2022 Gef\u00e4ngnis \/ Haftanstalt \/ Drogenrehabilitationszentrum: Regelm\u00e4\u00dfiges Screening<\/span><\/p>\n<p>Ref.\u00a0 C61RT1032 , 25 Test<\/p>\n","protected":false},"excerpt":{"rendered":"<p>COVID-19 IgG \/ IgM Schnelltest (Blut \/ Serum \/ Plasma). <span class=\"VIiyi\" lang=\"de\"><span class=\"JLqJ4b ChMk0b\" data-language-for-alternatives=\"de\" data-language-to-translate-into=\"fr\" data-phrase-index=\"0\">Nachweis von Anti-SARS-CoV-2-Antik\u00f6rpern im Blut.<\/span> <span class=\"JLqJ4b ChMk0b\" data-language-for-alternatives=\"de\" data-language-to-translate-into=\"fr\" data-phrase-index=\"1\">Coronavirus-Test nach Impfung oder nach Infektion.<\/span><\/span><\/p>\n","protected":false},"featured_media":21433,"template":"","meta":{"_crdt_document":""},"product_brand":[],"product_cat":[418],"product_tag":[],"class_list":{"0":"post-21442","1":"product","2":"type-product","3":"status-publish","4":"has-post-thumbnail","6":"product_cat-covid19-de","8":"first","9":"instock","10":"taxable","11":"shipping-taxable","12":"purchasable","13":"product-type-simple"},"yoast_head":"<!-- This site is optimized with the Yoast SEO plugin v27.3 - https:\/\/yoast.com\/product\/yoast-seo-wordpress\/ -->\n<title>COVID-19 IgG \/ IgM Schnelltest (Blut \/ Serum \/ Plasma) - Sysmatec<\/title>\n<meta name=\"description\" content=\"Dieser Covid-19-Antigentest ist ein Blutselbsttest, der den Nachweis von Anti-Covid-19-Antik\u00f6rpern im Blut erm\u00f6glicht. Schnell und einfach zu machen.\" \/>\n<meta name=\"robots\" content=\"index, follow, max-snippet:-1, max-image-preview:large, max-video-preview:-1\" \/>\n<link rel=\"canonical\" href=\"https:\/\/sysmatec.ch\/de\/produit\/covid-19-igg-igm-schnelltest-blut-serum-plasma\/\" \/>\n<meta property=\"og:locale\" content=\"de_DE\" \/>\n<meta property=\"og:type\" content=\"article\" \/>\n<meta property=\"og:title\" content=\"COVID-19 IgG \/ IgM Schnelltest (Blut \/ Serum \/ Plasma) - Sysmatec\" \/>\n<meta property=\"og:description\" content=\"Dieser Covid-19-Antigentest ist ein Blutselbsttest, der den Nachweis von Anti-Covid-19-Antik\u00f6rpern im Blut erm\u00f6glicht. Schnell und einfach zu machen.\" \/>\n<meta property=\"og:url\" content=\"https:\/\/sysmatec.ch\/de\/produit\/covid-19-igg-igm-schnelltest-blut-serum-plasma\/\" \/>\n<meta property=\"og:site_name\" content=\"Sysmatec\" \/>\n<meta property=\"article:modified_time\" content=\"2021-12-04T17:33:30+00:00\" \/>\n<meta property=\"og:image\" content=\"https:\/\/sysmatec.ch\/wp-content\/uploads\/2020\/05\/TestCovid19_Tody2.jpg\" \/>\n\t<meta property=\"og:image:width\" content=\"650\" \/>\n\t<meta property=\"og:image:height\" content=\"550\" \/>\n\t<meta property=\"og:image:type\" content=\"image\/jpeg\" \/>\n<meta name=\"twitter:card\" content=\"summary_large_image\" \/>\n<meta name=\"twitter:label1\" content=\"Gesch\u00e4tzte Lesezeit\" \/>\n\t<meta name=\"twitter:data1\" content=\"1\u00a0Minute\" \/>\n<script type=\"application\/ld+json\" class=\"yoast-schema-graph\">{\"@context\":\"https:\\\/\\\/schema.org\",\"@graph\":[{\"@type\":\"WebPage\",\"@id\":\"https:\\\/\\\/sysmatec.ch\\\/de\\\/produit\\\/covid-19-igg-igm-schnelltest-blut-serum-plasma\\\/\",\"url\":\"https:\\\/\\\/sysmatec.ch\\\/de\\\/produit\\\/covid-19-igg-igm-schnelltest-blut-serum-plasma\\\/\",\"name\":\"COVID-19 IgG \\\/ IgM Schnelltest (Blut \\\/ Serum \\\/ Plasma) - Sysmatec\",\"isPartOf\":{\"@id\":\"https:\\\/\\\/sysmatec.ch\\\/de\\\/#website\"},\"primaryImageOfPage\":{\"@id\":\"https:\\\/\\\/sysmatec.ch\\\/de\\\/produit\\\/covid-19-igg-igm-schnelltest-blut-serum-plasma\\\/#primaryimage\"},\"image\":{\"@id\":\"https:\\\/\\\/sysmatec.ch\\\/de\\\/produit\\\/covid-19-igg-igm-schnelltest-blut-serum-plasma\\\/#primaryimage\"},\"thumbnailUrl\":\"https:\\\/\\\/sysmatec.ch\\\/wp-content\\\/uploads\\\/2020\\\/05\\\/TestCovid19_Tody2.jpg\",\"datePublished\":\"2020-05-22T19:31:41+00:00\",\"dateModified\":\"2021-12-04T17:33:30+00:00\",\"description\":\"Dieser Covid-19-Antigentest ist ein Blutselbsttest, der den Nachweis von Anti-Covid-19-Antik\u00f6rpern im Blut erm\u00f6glicht. Schnell und einfach zu machen.\",\"breadcrumb\":{\"@id\":\"https:\\\/\\\/sysmatec.ch\\\/de\\\/produit\\\/covid-19-igg-igm-schnelltest-blut-serum-plasma\\\/#breadcrumb\"},\"inLanguage\":\"de\",\"potentialAction\":[{\"@type\":\"ReadAction\",\"target\":[\"https:\\\/\\\/sysmatec.ch\\\/de\\\/produit\\\/covid-19-igg-igm-schnelltest-blut-serum-plasma\\\/\"]}]},{\"@type\":\"ImageObject\",\"inLanguage\":\"de\",\"@id\":\"https:\\\/\\\/sysmatec.ch\\\/de\\\/produit\\\/covid-19-igg-igm-schnelltest-blut-serum-plasma\\\/#primaryimage\",\"url\":\"https:\\\/\\\/sysmatec.ch\\\/wp-content\\\/uploads\\\/2020\\\/05\\\/TestCovid19_Tody2.jpg\",\"contentUrl\":\"https:\\\/\\\/sysmatec.ch\\\/wp-content\\\/uploads\\\/2020\\\/05\\\/TestCovid19_Tody2.jpg\",\"width\":650,\"height\":550},{\"@type\":\"BreadcrumbList\",\"@id\":\"https:\\\/\\\/sysmatec.ch\\\/de\\\/produit\\\/covid-19-igg-igm-schnelltest-blut-serum-plasma\\\/#breadcrumb\",\"itemListElement\":[{\"@type\":\"ListItem\",\"position\":1,\"name\":\"Accueil\",\"item\":\"https:\\\/\\\/sysmatec.ch\\\/de\\\/\"},{\"@type\":\"ListItem\",\"position\":2,\"name\":\"Die Aktivit\u00e4t von Sysmatec\",\"item\":\"https:\\\/\\\/sysmatec.ch\\\/de\\\/\"},{\"@type\":\"ListItem\",\"position\":3,\"name\":\"COVID-19 IgG \\\/ IgM Schnelltest (Blut \\\/ Serum \\\/ Plasma)\"}]},{\"@type\":\"WebSite\",\"@id\":\"https:\\\/\\\/sysmatec.ch\\\/de\\\/#website\",\"url\":\"https:\\\/\\\/sysmatec.ch\\\/de\\\/\",\"name\":\"Sysmatec\",\"description\":\"Equipement de laboratoire et logiciels\",\"publisher\":{\"@id\":\"https:\\\/\\\/sysmatec.ch\\\/de\\\/#organization\"},\"potentialAction\":[{\"@type\":\"SearchAction\",\"target\":{\"@type\":\"EntryPoint\",\"urlTemplate\":\"https:\\\/\\\/sysmatec.ch\\\/de\\\/?s={search_term_string}\"},\"query-input\":{\"@type\":\"PropertyValueSpecification\",\"valueRequired\":true,\"valueName\":\"search_term_string\"}}],\"inLanguage\":\"de\"},{\"@type\":\"Organization\",\"@id\":\"https:\\\/\\\/sysmatec.ch\\\/de\\\/#organization\",\"name\":\"Sysmatec\",\"url\":\"https:\\\/\\\/sysmatec.ch\\\/de\\\/\",\"logo\":{\"@type\":\"ImageObject\",\"inLanguage\":\"de\",\"@id\":\"https:\\\/\\\/sysmatec.ch\\\/de\\\/#\\\/schema\\\/logo\\\/image\\\/\",\"url\":\"https:\\\/\\\/sysmatec.ch\\\/wp-content\\\/uploads\\\/2018\\\/11\\\/LogoSysmatec.jpg\",\"contentUrl\":\"https:\\\/\\\/sysmatec.ch\\\/wp-content\\\/uploads\\\/2018\\\/11\\\/LogoSysmatec.jpg\",\"width\":301,\"height\":297,\"caption\":\"Sysmatec\"},\"image\":{\"@id\":\"https:\\\/\\\/sysmatec.ch\\\/de\\\/#\\\/schema\\\/logo\\\/image\\\/\"}}]}<\/script>\n<!-- \/ Yoast SEO plugin. -->","yoast_head_json":{"title":"COVID-19 IgG \/ IgM Schnelltest (Blut \/ Serum \/ Plasma) - Sysmatec","description":"Dieser Covid-19-Antigentest ist ein Blutselbsttest, der den Nachweis von Anti-Covid-19-Antik\u00f6rpern im Blut erm\u00f6glicht. Schnell und einfach zu machen.","robots":{"index":"index","follow":"follow","max-snippet":"max-snippet:-1","max-image-preview":"max-image-preview:large","max-video-preview":"max-video-preview:-1"},"canonical":"https:\/\/sysmatec.ch\/de\/produit\/covid-19-igg-igm-schnelltest-blut-serum-plasma\/","og_locale":"de_DE","og_type":"article","og_title":"COVID-19 IgG \/ IgM Schnelltest (Blut \/ Serum \/ Plasma) - Sysmatec","og_description":"Dieser Covid-19-Antigentest ist ein Blutselbsttest, der den Nachweis von Anti-Covid-19-Antik\u00f6rpern im Blut erm\u00f6glicht. Schnell und einfach zu machen.","og_url":"https:\/\/sysmatec.ch\/de\/produit\/covid-19-igg-igm-schnelltest-blut-serum-plasma\/","og_site_name":"Sysmatec","article_modified_time":"2021-12-04T17:33:30+00:00","og_image":[{"width":650,"height":550,"url":"https:\/\/sysmatec.ch\/wp-content\/uploads\/2020\/05\/TestCovid19_Tody2.jpg","type":"image\/jpeg"}],"twitter_card":"summary_large_image","twitter_misc":{"Gesch\u00e4tzte Lesezeit":"1\u00a0Minute"},"schema":{"@context":"https:\/\/schema.org","@graph":[{"@type":"WebPage","@id":"https:\/\/sysmatec.ch\/de\/produit\/covid-19-igg-igm-schnelltest-blut-serum-plasma\/","url":"https:\/\/sysmatec.ch\/de\/produit\/covid-19-igg-igm-schnelltest-blut-serum-plasma\/","name":"COVID-19 IgG \/ IgM Schnelltest (Blut \/ Serum \/ Plasma) - Sysmatec","isPartOf":{"@id":"https:\/\/sysmatec.ch\/de\/#website"},"primaryImageOfPage":{"@id":"https:\/\/sysmatec.ch\/de\/produit\/covid-19-igg-igm-schnelltest-blut-serum-plasma\/#primaryimage"},"image":{"@id":"https:\/\/sysmatec.ch\/de\/produit\/covid-19-igg-igm-schnelltest-blut-serum-plasma\/#primaryimage"},"thumbnailUrl":"https:\/\/sysmatec.ch\/wp-content\/uploads\/2020\/05\/TestCovid19_Tody2.jpg","datePublished":"2020-05-22T19:31:41+00:00","dateModified":"2021-12-04T17:33:30+00:00","description":"Dieser Covid-19-Antigentest ist ein Blutselbsttest, der den Nachweis von Anti-Covid-19-Antik\u00f6rpern im Blut erm\u00f6glicht. Schnell und einfach zu machen.","breadcrumb":{"@id":"https:\/\/sysmatec.ch\/de\/produit\/covid-19-igg-igm-schnelltest-blut-serum-plasma\/#breadcrumb"},"inLanguage":"de","potentialAction":[{"@type":"ReadAction","target":["https:\/\/sysmatec.ch\/de\/produit\/covid-19-igg-igm-schnelltest-blut-serum-plasma\/"]}]},{"@type":"ImageObject","inLanguage":"de","@id":"https:\/\/sysmatec.ch\/de\/produit\/covid-19-igg-igm-schnelltest-blut-serum-plasma\/#primaryimage","url":"https:\/\/sysmatec.ch\/wp-content\/uploads\/2020\/05\/TestCovid19_Tody2.jpg","contentUrl":"https:\/\/sysmatec.ch\/wp-content\/uploads\/2020\/05\/TestCovid19_Tody2.jpg","width":650,"height":550},{"@type":"BreadcrumbList","@id":"https:\/\/sysmatec.ch\/de\/produit\/covid-19-igg-igm-schnelltest-blut-serum-plasma\/#breadcrumb","itemListElement":[{"@type":"ListItem","position":1,"name":"Accueil","item":"https:\/\/sysmatec.ch\/de\/"},{"@type":"ListItem","position":2,"name":"Die Aktivit\u00e4t von Sysmatec","item":"https:\/\/sysmatec.ch\/de\/"},{"@type":"ListItem","position":3,"name":"COVID-19 IgG \/ IgM Schnelltest (Blut \/ Serum \/ Plasma)"}]},{"@type":"WebSite","@id":"https:\/\/sysmatec.ch\/de\/#website","url":"https:\/\/sysmatec.ch\/de\/","name":"Sysmatec","description":"Equipement de laboratoire et logiciels","publisher":{"@id":"https:\/\/sysmatec.ch\/de\/#organization"},"potentialAction":[{"@type":"SearchAction","target":{"@type":"EntryPoint","urlTemplate":"https:\/\/sysmatec.ch\/de\/?s={search_term_string}"},"query-input":{"@type":"PropertyValueSpecification","valueRequired":true,"valueName":"search_term_string"}}],"inLanguage":"de"},{"@type":"Organization","@id":"https:\/\/sysmatec.ch\/de\/#organization","name":"Sysmatec","url":"https:\/\/sysmatec.ch\/de\/","logo":{"@type":"ImageObject","inLanguage":"de","@id":"https:\/\/sysmatec.ch\/de\/#\/schema\/logo\/image\/","url":"https:\/\/sysmatec.ch\/wp-content\/uploads\/2018\/11\/LogoSysmatec.jpg","contentUrl":"https:\/\/sysmatec.ch\/wp-content\/uploads\/2018\/11\/LogoSysmatec.jpg","width":301,"height":297,"caption":"Sysmatec"},"image":{"@id":"https:\/\/sysmatec.ch\/de\/#\/schema\/logo\/image\/"}}]}},"_links":{"self":[{"href":"https:\/\/sysmatec.ch\/de\/wp-json\/wp\/v2\/product\/21442","targetHints":{"allow":["GET"]}}],"collection":[{"href":"https:\/\/sysmatec.ch\/de\/wp-json\/wp\/v2\/product"}],"about":[{"href":"https:\/\/sysmatec.ch\/de\/wp-json\/wp\/v2\/types\/product"}],"wp:featuredmedia":[{"embeddable":true,"href":"https:\/\/sysmatec.ch\/de\/wp-json\/wp\/v2\/media\/21433"}],"wp:attachment":[{"href":"https:\/\/sysmatec.ch\/de\/wp-json\/wp\/v2\/media?parent=21442"}],"wp:term":[{"taxonomy":"product_brand","embeddable":true,"href":"https:\/\/sysmatec.ch\/de\/wp-json\/wp\/v2\/product_brand?post=21442"},{"taxonomy":"product_cat","embeddable":true,"href":"https:\/\/sysmatec.ch\/de\/wp-json\/wp\/v2\/product_cat?post=21442"},{"taxonomy":"product_tag","embeddable":true,"href":"https:\/\/sysmatec.ch\/de\/wp-json\/wp\/v2\/product_tag?post=21442"}],"curies":[{"name":"wp","href":"https:\/\/api.w.org\/{rel}","templated":true}]}}