{"id":2133,"date":"2019-01-15T20:14:31","date_gmt":"2019-01-15T19:14:31","guid":{"rendered":"https:\/\/sysmatec.ch\/produit\/appareil-dextraction-hautre-pression-haute-temperature-zyppertex\/"},"modified":"2022-03-07T20:21:34","modified_gmt":"2022-03-07T19:21:34","slug":"hoch-druck-und-hoch-temperatur-extraktion-mit-zyppertex","status":"publish","type":"product","link":"https:\/\/sysmatec.ch\/de\/Produkt\/hoch-druck-und-hoch-temperatur-extraktion-mit-zyppertex\/","title":{"rendered":"Hoch Druck und hoch Temperatur Extraktion mit Zyppertex"},"content":{"rendered":"<h2>Zyppertex<\/h2>\n<p>ist ein sehr effizientes und praktisches Fest \/ Fl\u00fcssig-Extraktionsger\u00e4t. Es kombiniert die beiden Schritte der Extraktion und der Filtration, und gibt klare und hoch konzentrierte Extrakte, die f\u00fcr chemische und biologische Untersuchungen benutzbar sind.<\/p>\n<p>Die Kombination zwischen statischem Druck und Erhitzung verbessert den Zugang des L\u00f6sungsmittels ins Herz der festen Stoffe und verbessert damit die Aufl\u00f6sung der gesuchten Verbindungen. Das Ger\u00e4t bietet mit dem geringsten Aufwand die h\u00f6chste qualitative und quantitative R\u00fcckgewinnung.<\/p>\n<p>Im Vergleich zu klassischen Extraktionstechniken wird 5 bis 10 Mal weniger L\u00f6sungsmittel verbraucht.<\/p>\n<p>Mit 1 Stunde pro Zyklus, 45 min. f\u00fcr die Extraktion, 15 min. f\u00fcr die Entleerung und Reinigung ist der Prozess sehr schnell.<\/p>\n<p>Zwei Extraktionsverfahren sind m\u00f6glich:<\/p>\n<ul>\n<li>Hochdruck Hochtemperatur statische Extraktion HPHT-SE<\/li>\n<li>Hochdruck Hochtemperatur kontinuierliche Extraktion HPHT-CE<\/li>\n<\/ul>\n<p>Betriebstemperatur: -10 \u00b0 C bis 100 \u00b0 C<\/p>\n<p>Betriebsdruck: 1 bis 120 bar oder h\u00f6her<\/p>\n<p>Kapazit\u00e4t: 1 bis 10 L (0,3 bis 5 kg Feststoffe)<\/p>\n<p>Handhabung:<\/p>\n<table border=\"0\" width=\"122\" cellspacing=\"2\" cellpadding=\"0\">\n<tbody>\n<tr>\n<td><img loading=\"lazy\" decoding=\"async\" src=\"https:\/\/sysmatec.ch\/Images\/Zyppertex2_d.gif\" width=\"339\" height=\"269\" border=\"0\" \/><\/td>\n<td><img loading=\"lazy\" decoding=\"async\" src=\"https:\/\/sysmatec.ch\/Images\/Zyppertex3.gif\" width=\"352\" height=\"305\" \/><\/td>\n<\/tr>\n<\/tbody>\n<\/table>\n","protected":false},"excerpt":{"rendered":"<p>Hoch Druck und hoch Temperatur Extraktion<\/p>\n","protected":false},"featured_media":1331,"template":"","meta":{"_crdt_document":""},"product_brand":[],"product_cat":[119],"product_tag":[],"class_list":{"0":"post-2133","1":"product","2":"type-product","3":"status-publish","4":"has-post-thumbnail","6":"product_cat-extraktion","8":"first","9":"instock","10":"taxable","11":"shipping-taxable","12":"product-type-simple"},"yoast_head":"<!-- This site is optimized with the Yoast SEO plugin v27.3 - https:\/\/yoast.com\/product\/yoast-seo-wordpress\/ -->\n<title>Hoch Druck und hoch Temperatur Extraktion mit Zyppertex - Sysmatec<\/title>\n<meta name=\"description\" content=\"Hochdruck-Hochtemperatur-Fest-\/Fl\u00fcssigextraktion. Der hohe statische Druck und die Erw\u00e4rmung f\u00f6rdern das Eindringen des L\u00f6sungsmittels in das Innere des Materials.\" \/>\n<meta name=\"robots\" content=\"index, follow, max-snippet:-1, max-image-preview:large, max-video-preview:-1\" \/>\n<link rel=\"canonical\" href=\"https:\/\/sysmatec.ch\/de\/produit\/hoch-druck-und-hoch-temperatur-extraktion-mit-zyppertex\/\" \/>\n<meta property=\"og:locale\" content=\"de_DE\" \/>\n<meta property=\"og:type\" content=\"article\" \/>\n<meta property=\"og:title\" content=\"Hoch Druck und hoch Temperatur Extraktion mit Zyppertex - Sysmatec\" \/>\n<meta property=\"og:description\" content=\"Hochdruck-Hochtemperatur-Fest-\/Fl\u00fcssigextraktion. Der hohe statische Druck und die Erw\u00e4rmung f\u00f6rdern das Eindringen des L\u00f6sungsmittels in das Innere des Materials.\" \/>\n<meta property=\"og:url\" content=\"https:\/\/sysmatec.ch\/de\/produit\/hoch-druck-und-hoch-temperatur-extraktion-mit-zyppertex\/\" \/>\n<meta property=\"og:site_name\" content=\"Sysmatec\" \/>\n<meta property=\"article:modified_time\" content=\"2022-03-07T19:21:34+00:00\" \/>\n<meta property=\"og:image\" content=\"https:\/\/sysmatec.ch\/wp-content\/uploads\/2019\/01\/Extraction_Zyppertex1.gif\" \/>\n\t<meta property=\"og:image:width\" content=\"191\" \/>\n\t<meta property=\"og:image:height\" content=\"225\" \/>\n\t<meta property=\"og:image:type\" content=\"image\/gif\" \/>\n<meta name=\"twitter:card\" content=\"summary_large_image\" \/>\n<meta name=\"twitter:label1\" content=\"Gesch\u00e4tzte Lesezeit\" \/>\n\t<meta name=\"twitter:data1\" content=\"1\u00a0Minute\" \/>\n<script type=\"application\/ld+json\" class=\"yoast-schema-graph\">{\"@context\":\"https:\\\/\\\/schema.org\",\"@graph\":[{\"@type\":\"WebPage\",\"@id\":\"https:\\\/\\\/sysmatec.ch\\\/de\\\/produit\\\/hoch-druck-und-hoch-temperatur-extraktion-mit-zyppertex\\\/\",\"url\":\"https:\\\/\\\/sysmatec.ch\\\/de\\\/produit\\\/hoch-druck-und-hoch-temperatur-extraktion-mit-zyppertex\\\/\",\"name\":\"Hoch Druck und hoch Temperatur Extraktion mit Zyppertex - Sysmatec\",\"isPartOf\":{\"@id\":\"https:\\\/\\\/sysmatec.ch\\\/de\\\/#website\"},\"primaryImageOfPage\":{\"@id\":\"https:\\\/\\\/sysmatec.ch\\\/de\\\/produit\\\/hoch-druck-und-hoch-temperatur-extraktion-mit-zyppertex\\\/#primaryimage\"},\"image\":{\"@id\":\"https:\\\/\\\/sysmatec.ch\\\/de\\\/produit\\\/hoch-druck-und-hoch-temperatur-extraktion-mit-zyppertex\\\/#primaryimage\"},\"thumbnailUrl\":\"https:\\\/\\\/sysmatec.ch\\\/wp-content\\\/uploads\\\/2019\\\/01\\\/Extraction_Zyppertex1.gif\",\"datePublished\":\"2019-01-15T19:14:31+00:00\",\"dateModified\":\"2022-03-07T19:21:34+00:00\",\"description\":\"Hochdruck-Hochtemperatur-Fest-\\\/Fl\u00fcssigextraktion. Der hohe statische Druck und die Erw\u00e4rmung f\u00f6rdern das Eindringen des L\u00f6sungsmittels in das Innere des Materials.\",\"breadcrumb\":{\"@id\":\"https:\\\/\\\/sysmatec.ch\\\/de\\\/produit\\\/hoch-druck-und-hoch-temperatur-extraktion-mit-zyppertex\\\/#breadcrumb\"},\"inLanguage\":\"de\",\"potentialAction\":[{\"@type\":\"ReadAction\",\"target\":[\"https:\\\/\\\/sysmatec.ch\\\/de\\\/produit\\\/hoch-druck-und-hoch-temperatur-extraktion-mit-zyppertex\\\/\"]}]},{\"@type\":\"ImageObject\",\"inLanguage\":\"de\",\"@id\":\"https:\\\/\\\/sysmatec.ch\\\/de\\\/produit\\\/hoch-druck-und-hoch-temperatur-extraktion-mit-zyppertex\\\/#primaryimage\",\"url\":\"https:\\\/\\\/sysmatec.ch\\\/wp-content\\\/uploads\\\/2019\\\/01\\\/Extraction_Zyppertex1.gif\",\"contentUrl\":\"https:\\\/\\\/sysmatec.ch\\\/wp-content\\\/uploads\\\/2019\\\/01\\\/Extraction_Zyppertex1.gif\",\"width\":191,\"height\":225},{\"@type\":\"BreadcrumbList\",\"@id\":\"https:\\\/\\\/sysmatec.ch\\\/de\\\/produit\\\/hoch-druck-und-hoch-temperatur-extraktion-mit-zyppertex\\\/#breadcrumb\",\"itemListElement\":[{\"@type\":\"ListItem\",\"position\":1,\"name\":\"Accueil\",\"item\":\"https:\\\/\\\/sysmatec.ch\\\/de\\\/\"},{\"@type\":\"ListItem\",\"position\":2,\"name\":\"Die Aktivit\u00e4t von Sysmatec\",\"item\":\"https:\\\/\\\/sysmatec.ch\\\/de\\\/\"},{\"@type\":\"ListItem\",\"position\":3,\"name\":\"Hoch Druck und hoch Temperatur Extraktion mit Zyppertex\"}]},{\"@type\":\"WebSite\",\"@id\":\"https:\\\/\\\/sysmatec.ch\\\/de\\\/#website\",\"url\":\"https:\\\/\\\/sysmatec.ch\\\/de\\\/\",\"name\":\"Sysmatec\",\"description\":\"Equipement de laboratoire et logiciels\",\"publisher\":{\"@id\":\"https:\\\/\\\/sysmatec.ch\\\/de\\\/#organization\"},\"potentialAction\":[{\"@type\":\"SearchAction\",\"target\":{\"@type\":\"EntryPoint\",\"urlTemplate\":\"https:\\\/\\\/sysmatec.ch\\\/de\\\/?s={search_term_string}\"},\"query-input\":{\"@type\":\"PropertyValueSpecification\",\"valueRequired\":true,\"valueName\":\"search_term_string\"}}],\"inLanguage\":\"de\"},{\"@type\":\"Organization\",\"@id\":\"https:\\\/\\\/sysmatec.ch\\\/de\\\/#organization\",\"name\":\"Sysmatec\",\"url\":\"https:\\\/\\\/sysmatec.ch\\\/de\\\/\",\"logo\":{\"@type\":\"ImageObject\",\"inLanguage\":\"de\",\"@id\":\"https:\\\/\\\/sysmatec.ch\\\/de\\\/#\\\/schema\\\/logo\\\/image\\\/\",\"url\":\"https:\\\/\\\/sysmatec.ch\\\/wp-content\\\/uploads\\\/2018\\\/11\\\/LogoSysmatec.jpg\",\"contentUrl\":\"https:\\\/\\\/sysmatec.ch\\\/wp-content\\\/uploads\\\/2018\\\/11\\\/LogoSysmatec.jpg\",\"width\":301,\"height\":297,\"caption\":\"Sysmatec\"},\"image\":{\"@id\":\"https:\\\/\\\/sysmatec.ch\\\/de\\\/#\\\/schema\\\/logo\\\/image\\\/\"}}]}<\/script>\n<!-- \/ Yoast SEO plugin. -->","yoast_head_json":{"title":"Hoch Druck und hoch Temperatur Extraktion mit Zyppertex - Sysmatec","description":"Hochdruck-Hochtemperatur-Fest-\/Fl\u00fcssigextraktion. Der hohe statische Druck und die Erw\u00e4rmung f\u00f6rdern das Eindringen des L\u00f6sungsmittels in das Innere des Materials.","robots":{"index":"index","follow":"follow","max-snippet":"max-snippet:-1","max-image-preview":"max-image-preview:large","max-video-preview":"max-video-preview:-1"},"canonical":"https:\/\/sysmatec.ch\/de\/produit\/hoch-druck-und-hoch-temperatur-extraktion-mit-zyppertex\/","og_locale":"de_DE","og_type":"article","og_title":"Hoch Druck und hoch Temperatur Extraktion mit Zyppertex - Sysmatec","og_description":"Hochdruck-Hochtemperatur-Fest-\/Fl\u00fcssigextraktion. Der hohe statische Druck und die Erw\u00e4rmung f\u00f6rdern das Eindringen des L\u00f6sungsmittels in das Innere des Materials.","og_url":"https:\/\/sysmatec.ch\/de\/produit\/hoch-druck-und-hoch-temperatur-extraktion-mit-zyppertex\/","og_site_name":"Sysmatec","article_modified_time":"2022-03-07T19:21:34+00:00","og_image":[{"width":191,"height":225,"url":"https:\/\/sysmatec.ch\/wp-content\/uploads\/2019\/01\/Extraction_Zyppertex1.gif","type":"image\/gif"}],"twitter_card":"summary_large_image","twitter_misc":{"Gesch\u00e4tzte Lesezeit":"1\u00a0Minute"},"schema":{"@context":"https:\/\/schema.org","@graph":[{"@type":"WebPage","@id":"https:\/\/sysmatec.ch\/de\/produit\/hoch-druck-und-hoch-temperatur-extraktion-mit-zyppertex\/","url":"https:\/\/sysmatec.ch\/de\/produit\/hoch-druck-und-hoch-temperatur-extraktion-mit-zyppertex\/","name":"Hoch Druck und hoch Temperatur Extraktion mit Zyppertex - Sysmatec","isPartOf":{"@id":"https:\/\/sysmatec.ch\/de\/#website"},"primaryImageOfPage":{"@id":"https:\/\/sysmatec.ch\/de\/produit\/hoch-druck-und-hoch-temperatur-extraktion-mit-zyppertex\/#primaryimage"},"image":{"@id":"https:\/\/sysmatec.ch\/de\/produit\/hoch-druck-und-hoch-temperatur-extraktion-mit-zyppertex\/#primaryimage"},"thumbnailUrl":"https:\/\/sysmatec.ch\/wp-content\/uploads\/2019\/01\/Extraction_Zyppertex1.gif","datePublished":"2019-01-15T19:14:31+00:00","dateModified":"2022-03-07T19:21:34+00:00","description":"Hochdruck-Hochtemperatur-Fest-\/Fl\u00fcssigextraktion. Der hohe statische Druck und die Erw\u00e4rmung f\u00f6rdern das Eindringen des L\u00f6sungsmittels in das Innere des Materials.","breadcrumb":{"@id":"https:\/\/sysmatec.ch\/de\/produit\/hoch-druck-und-hoch-temperatur-extraktion-mit-zyppertex\/#breadcrumb"},"inLanguage":"de","potentialAction":[{"@type":"ReadAction","target":["https:\/\/sysmatec.ch\/de\/produit\/hoch-druck-und-hoch-temperatur-extraktion-mit-zyppertex\/"]}]},{"@type":"ImageObject","inLanguage":"de","@id":"https:\/\/sysmatec.ch\/de\/produit\/hoch-druck-und-hoch-temperatur-extraktion-mit-zyppertex\/#primaryimage","url":"https:\/\/sysmatec.ch\/wp-content\/uploads\/2019\/01\/Extraction_Zyppertex1.gif","contentUrl":"https:\/\/sysmatec.ch\/wp-content\/uploads\/2019\/01\/Extraction_Zyppertex1.gif","width":191,"height":225},{"@type":"BreadcrumbList","@id":"https:\/\/sysmatec.ch\/de\/produit\/hoch-druck-und-hoch-temperatur-extraktion-mit-zyppertex\/#breadcrumb","itemListElement":[{"@type":"ListItem","position":1,"name":"Accueil","item":"https:\/\/sysmatec.ch\/de\/"},{"@type":"ListItem","position":2,"name":"Die Aktivit\u00e4t von Sysmatec","item":"https:\/\/sysmatec.ch\/de\/"},{"@type":"ListItem","position":3,"name":"Hoch Druck und hoch Temperatur Extraktion mit Zyppertex"}]},{"@type":"WebSite","@id":"https:\/\/sysmatec.ch\/de\/#website","url":"https:\/\/sysmatec.ch\/de\/","name":"Sysmatec","description":"Equipement de laboratoire et logiciels","publisher":{"@id":"https:\/\/sysmatec.ch\/de\/#organization"},"potentialAction":[{"@type":"SearchAction","target":{"@type":"EntryPoint","urlTemplate":"https:\/\/sysmatec.ch\/de\/?s={search_term_string}"},"query-input":{"@type":"PropertyValueSpecification","valueRequired":true,"valueName":"search_term_string"}}],"inLanguage":"de"},{"@type":"Organization","@id":"https:\/\/sysmatec.ch\/de\/#organization","name":"Sysmatec","url":"https:\/\/sysmatec.ch\/de\/","logo":{"@type":"ImageObject","inLanguage":"de","@id":"https:\/\/sysmatec.ch\/de\/#\/schema\/logo\/image\/","url":"https:\/\/sysmatec.ch\/wp-content\/uploads\/2018\/11\/LogoSysmatec.jpg","contentUrl":"https:\/\/sysmatec.ch\/wp-content\/uploads\/2018\/11\/LogoSysmatec.jpg","width":301,"height":297,"caption":"Sysmatec"},"image":{"@id":"https:\/\/sysmatec.ch\/de\/#\/schema\/logo\/image\/"}}]}},"_links":{"self":[{"href":"https:\/\/sysmatec.ch\/de\/wp-json\/wp\/v2\/product\/2133","targetHints":{"allow":["GET"]}}],"collection":[{"href":"https:\/\/sysmatec.ch\/de\/wp-json\/wp\/v2\/product"}],"about":[{"href":"https:\/\/sysmatec.ch\/de\/wp-json\/wp\/v2\/types\/product"}],"wp:featuredmedia":[{"embeddable":true,"href":"https:\/\/sysmatec.ch\/de\/wp-json\/wp\/v2\/media\/1331"}],"wp:attachment":[{"href":"https:\/\/sysmatec.ch\/de\/wp-json\/wp\/v2\/media?parent=2133"}],"wp:term":[{"taxonomy":"product_brand","embeddable":true,"href":"https:\/\/sysmatec.ch\/de\/wp-json\/wp\/v2\/product_brand?post=2133"},{"taxonomy":"product_cat","embeddable":true,"href":"https:\/\/sysmatec.ch\/de\/wp-json\/wp\/v2\/product_cat?post=2133"},{"taxonomy":"product_tag","embeddable":true,"href":"https:\/\/sysmatec.ch\/de\/wp-json\/wp\/v2\/product_tag?post=2133"}],"curies":[{"name":"wp","href":"https:\/\/api.w.org\/{rel}","templated":true}]}}