{"id":2130,"date":"2019-01-15T20:31:23","date_gmt":"2019-01-15T19:31:23","guid":{"rendered":"https:\/\/sysmatec.ch\/produit\/bioreacteur-minifor-pour-cultures-de-cellules\/"},"modified":"2022-03-07T19:20:51","modified_gmt":"2022-03-07T18:20:51","slug":"bioreaktor-minifor-fuer-zellkultur","status":"publish","type":"product","link":"https:\/\/sysmatec.ch\/de\/Produkt\/bioreaktor-minifor-fuer-zellkultur\/","title":{"rendered":"Bioreaktor MINIFOR f\u00fcr Zellkultur"},"content":{"rendered":"<h2>Der Bioreaktor ist eine speziale Ausf\u00fchrung des MINIFOR <a href=\"https:\/\/sysmatec.ch\/German\/dA6_Fermenter.html\">Fermenters<\/a> f\u00fcr Zellkultur.<\/h2>\n<h2>Gef\u00e4sse<\/h2>\n<p>F\u00fcr Volumina von 35 ml bis 6000 ml mit der gleichen Grundeinheit.<\/p>\n<p><img loading=\"lazy\" decoding=\"async\" src=\"https:\/\/sysmatec.ch\/Images\/LambdaFermentor8.jpg\" width=\"654\" height=\"453\" border=\"0\" \/><\/p>\n<h2>Sterilit\u00e4t<\/h2>\n<p>Eine robuste Silikonmembran isoliert den N\u00e4hrmedium von der Aussenumgebung. Die Sterilit\u00e4t ist die gleich wie bei Magnetkupplung aber deutlich einfacher und kosteng\u00fcnstiger. Alle O-Ringe sind durch Silikonstopfen ersetzt. Sie brauchen nicht so oft ersetz zu werden.<\/p>\n<h2>R\u00fchrung<\/h2>\n<p>Die R\u00fchrung ist mit einem Vibromixer durchgef\u00fchrt. Die Bewegung nach oben und nach unten von den Mischscheiben erlaubt eine sehr ruhige aber effiziente Durchmischung. Die Scheiben sind flexibel was deutlich die Sch\u00e4rkraft reduziert. Die Viabilit\u00e4t der Zellen bleibt damit ungest\u00f6rt.<\/p>\n<h2>Heizung<\/h2>\n<p>Die Heizung ist mit einer infrarot Lampe durchgef\u00fchrt. Die W\u00e4rme wird so in die ganze Fl\u00fcssigkeit eingetragen ohne hohe lokale Aufw\u00e4rmung zu produzieren. Die Solltemperatur ist schnell erreicht, der Fermenter ist einfach einzubauen.<\/p>\n<h2>Bel\u00fcftung f\u00fcr sehr empfindliche Zelle<\/h2>\n<p>Die Sauerstoff diffudiert durch einen Silikonschlauch. Dieser Schlauch bewegt sich mit der R\u00fchrung, so dass O2 und CO2 Transferrate optimale sind.<\/p>\n<h2>Gasflussregelung<\/h2>\n<p>Ein neuer Gasdurchflussregler <a href=\"https:\/\/sysmatec.ch\/German\/dE4_Labor_Regler.html\">MASSFLOW<\/a> wurde entwickelt. Die Durchflussmessung (Massflowmeter) ist Temperatur und Druck unhabh\u00e4ngig. Der Regler regelt eine proportionale Ventile. Mit dieses Ger\u00e4t kann auch die zugegebene Gasmenge erfasst werden.<\/p>\n<h2>pH und pO2 Regelung<\/h2>\n<p>Der pH in der Kultur kann mit CO2 geregelt werden. Der MASSFLOW wird dann am Stelle der S\u00e4urepumpe angeschlossen. Eventuel kann Stickstoff \u00fcber einen zweiter MASSFLOW zugegeben werden. Damit kann man den CO2 ausblasen.<\/p>\n<h2>Redox Potential Messung<\/h2>\n<p>Mit einer zus\u00e4tzlichen Elektronik-Box ist es m\u00f6glich, das Redox-Potential (-999 bis 999 mV) der L\u00f6sung zu messen. Die Elektrode kann sterilisiert werden.<\/p>\n<h2>Vorteile<\/h2>\n<p>MINIFOR ist sehr kompakt, alle Teile bleiben aber gut zug\u00e4nglich.<\/p>\n<p>Der Bioreaktor ist schnell und einfach zu zusammenbauen und demontieren.<\/p>\n<p>Sebstreinigend Mikrosparger: N\u00e4hrmedium haben die Tendenz in dem Bel\u00fcftungssystem auszutrocknen. Die Salze fallen aus und verstopfen die Beluftungskan\u00e4le. Das neue System kann dieses Problem vermeiden.<\/p>\n<p>Kontinuirliche Kulture: Die Grundheinheit wird auf eine speziale Waage gelegt. Damit kann das Gewicht im Bioreaktorgef\u00e4ss konstant gehalten werden. Kontinuirliche Kulturen sind interessante Untersuchungswerkzeuge und verbessern deutlich die Produktivit\u00e4t.<\/p>\n<p>INTEGRATOR: damit kann die zudosierte Menge an Flussigkeit (mit Preciflow <a href=\"https:\/\/sysmatec.ch\/German\/dA1_Peristaltische_Pumpe.html\">Pumpe<\/a>) oder and Gas (<a href=\"https:\/\/sysmatec.ch\/German\/dE4_Labor_Regler.html\">MASSFLOW<\/a>) erfasst werden. Die erhaltene Daten geben Information \u00fcber die Kinetik.<\/p>\n<p>PC Kontrol und Dokumentieren: Mit <a href=\"https:\/\/sysmatec.ch\/German\/dG2_FNet.html\">FNet<\/a> oder <a href=\"https:\/\/sysmatec.ch\/German\/dG1_Siam.html\">Siam<\/a> k\u00f6nnen bis zu sex Bioreaktor gesteuert werden.<\/p>\n","protected":false},"excerpt":{"rendered":"<p>Laborbioreaktor f\u00fcr Zellkultur, Gef\u00e4ss von 0,25 bis 7 L<\/p>\n","protected":false},"featured_media":1333,"template":"","meta":{"_crdt_document":""},"product_brand":[],"product_cat":[117],"product_tag":[],"class_list":{"0":"post-2130","1":"product","2":"type-product","3":"status-publish","4":"has-post-thumbnail","6":"product_cat-bioreaktor","8":"first","9":"instock","10":"taxable","11":"shipping-taxable","12":"product-type-simple"},"yoast_head":"<!-- This site is optimized with the Yoast SEO plugin v27.4 - https:\/\/yoast.com\/product\/yoast-seo-wordpress\/ -->\n<title>Bioreaktor MINIFOR f\u00fcr Zellkultur - Sysmatec<\/title>\n<meta name=\"description\" content=\"Bioreaktor, der sowohl f\u00fcr Mikroorganismen als auch f\u00fcr Zellkulturen verwendet werden kann. N\u00fctzliche Volumina von 35 bis 6000 ml.\" \/>\n<meta name=\"robots\" content=\"index, follow, max-snippet:-1, max-image-preview:large, max-video-preview:-1\" \/>\n<link rel=\"canonical\" href=\"https:\/\/sysmatec.ch\/de\/produit\/bioreaktor-minifor-fuer-zellkultur\/\" \/>\n<meta property=\"og:locale\" content=\"de_DE\" \/>\n<meta property=\"og:type\" content=\"article\" \/>\n<meta property=\"og:title\" content=\"Bioreaktor MINIFOR f\u00fcr Zellkultur - Sysmatec\" \/>\n<meta property=\"og:description\" content=\"Bioreaktor, der sowohl f\u00fcr Mikroorganismen als auch f\u00fcr Zellkulturen verwendet werden kann. N\u00fctzliche Volumina von 35 bis 6000 ml.\" \/>\n<meta property=\"og:url\" content=\"https:\/\/sysmatec.ch\/de\/produit\/bioreaktor-minifor-fuer-zellkultur\/\" \/>\n<meta property=\"og:site_name\" content=\"Sysmatec\" \/>\n<meta property=\"article:modified_time\" content=\"2022-03-07T18:20:51+00:00\" \/>\n<meta property=\"og:image\" content=\"https:\/\/sysmatec.ch\/wp-content\/uploads\/2019\/01\/Bioreacteur_Lambda.jpg\" \/>\n\t<meta property=\"og:image:width\" content=\"135\" \/>\n\t<meta property=\"og:image:height\" content=\"180\" \/>\n\t<meta property=\"og:image:type\" content=\"image\/jpeg\" \/>\n<meta name=\"twitter:card\" content=\"summary_large_image\" \/>\n<meta name=\"twitter:label1\" content=\"Gesch\u00e4tzte Lesezeit\" \/>\n\t<meta name=\"twitter:data1\" content=\"2\u00a0Minuten\" \/>\n<script type=\"application\/ld+json\" class=\"yoast-schema-graph\">{\"@context\":\"https:\\\/\\\/schema.org\",\"@graph\":[{\"@type\":\"WebPage\",\"@id\":\"https:\\\/\\\/sysmatec.ch\\\/de\\\/produit\\\/bioreaktor-minifor-fuer-zellkultur\\\/\",\"url\":\"https:\\\/\\\/sysmatec.ch\\\/de\\\/produit\\\/bioreaktor-minifor-fuer-zellkultur\\\/\",\"name\":\"Bioreaktor MINIFOR f\u00fcr Zellkultur - Sysmatec\",\"isPartOf\":{\"@id\":\"https:\\\/\\\/sysmatec.ch\\\/de\\\/#website\"},\"primaryImageOfPage\":{\"@id\":\"https:\\\/\\\/sysmatec.ch\\\/de\\\/produit\\\/bioreaktor-minifor-fuer-zellkultur\\\/#primaryimage\"},\"image\":{\"@id\":\"https:\\\/\\\/sysmatec.ch\\\/de\\\/produit\\\/bioreaktor-minifor-fuer-zellkultur\\\/#primaryimage\"},\"thumbnailUrl\":\"https:\\\/\\\/sysmatec.ch\\\/wp-content\\\/uploads\\\/2019\\\/01\\\/Bioreacteur_Lambda.jpg\",\"datePublished\":\"2019-01-15T19:31:23+00:00\",\"dateModified\":\"2022-03-07T18:20:51+00:00\",\"description\":\"Bioreaktor, der sowohl f\u00fcr Mikroorganismen als auch f\u00fcr Zellkulturen verwendet werden kann. N\u00fctzliche Volumina von 35 bis 6000 ml.\",\"breadcrumb\":{\"@id\":\"https:\\\/\\\/sysmatec.ch\\\/de\\\/produit\\\/bioreaktor-minifor-fuer-zellkultur\\\/#breadcrumb\"},\"inLanguage\":\"de\",\"potentialAction\":[{\"@type\":\"ReadAction\",\"target\":[\"https:\\\/\\\/sysmatec.ch\\\/de\\\/produit\\\/bioreaktor-minifor-fuer-zellkultur\\\/\"]}]},{\"@type\":\"ImageObject\",\"inLanguage\":\"de\",\"@id\":\"https:\\\/\\\/sysmatec.ch\\\/de\\\/produit\\\/bioreaktor-minifor-fuer-zellkultur\\\/#primaryimage\",\"url\":\"https:\\\/\\\/sysmatec.ch\\\/wp-content\\\/uploads\\\/2019\\\/01\\\/Bioreacteur_Lambda.jpg\",\"contentUrl\":\"https:\\\/\\\/sysmatec.ch\\\/wp-content\\\/uploads\\\/2019\\\/01\\\/Bioreacteur_Lambda.jpg\",\"width\":135,\"height\":180},{\"@type\":\"BreadcrumbList\",\"@id\":\"https:\\\/\\\/sysmatec.ch\\\/de\\\/produit\\\/bioreaktor-minifor-fuer-zellkultur\\\/#breadcrumb\",\"itemListElement\":[{\"@type\":\"ListItem\",\"position\":1,\"name\":\"Accueil\",\"item\":\"https:\\\/\\\/sysmatec.ch\\\/de\\\/\"},{\"@type\":\"ListItem\",\"position\":2,\"name\":\"Die Aktivit\u00e4t von Sysmatec\",\"item\":\"https:\\\/\\\/sysmatec.ch\\\/de\\\/\"},{\"@type\":\"ListItem\",\"position\":3,\"name\":\"Bioreaktor MINIFOR f\u00fcr Zellkultur\"}]},{\"@type\":\"WebSite\",\"@id\":\"https:\\\/\\\/sysmatec.ch\\\/de\\\/#website\",\"url\":\"https:\\\/\\\/sysmatec.ch\\\/de\\\/\",\"name\":\"Sysmatec\",\"description\":\"Equipement de laboratoire et logiciels\",\"publisher\":{\"@id\":\"https:\\\/\\\/sysmatec.ch\\\/de\\\/#organization\"},\"potentialAction\":[{\"@type\":\"SearchAction\",\"target\":{\"@type\":\"EntryPoint\",\"urlTemplate\":\"https:\\\/\\\/sysmatec.ch\\\/de\\\/?s={search_term_string}\"},\"query-input\":{\"@type\":\"PropertyValueSpecification\",\"valueRequired\":true,\"valueName\":\"search_term_string\"}}],\"inLanguage\":\"de\"},{\"@type\":\"Organization\",\"@id\":\"https:\\\/\\\/sysmatec.ch\\\/de\\\/#organization\",\"name\":\"Sysmatec\",\"url\":\"https:\\\/\\\/sysmatec.ch\\\/de\\\/\",\"logo\":{\"@type\":\"ImageObject\",\"inLanguage\":\"de\",\"@id\":\"https:\\\/\\\/sysmatec.ch\\\/de\\\/#\\\/schema\\\/logo\\\/image\\\/\",\"url\":\"https:\\\/\\\/sysmatec.ch\\\/wp-content\\\/uploads\\\/2018\\\/11\\\/LogoSysmatec.jpg\",\"contentUrl\":\"https:\\\/\\\/sysmatec.ch\\\/wp-content\\\/uploads\\\/2018\\\/11\\\/LogoSysmatec.jpg\",\"width\":301,\"height\":297,\"caption\":\"Sysmatec\"},\"image\":{\"@id\":\"https:\\\/\\\/sysmatec.ch\\\/de\\\/#\\\/schema\\\/logo\\\/image\\\/\"}}]}<\/script>\n<!-- \/ Yoast SEO plugin. -->","yoast_head_json":{"title":"Bioreaktor MINIFOR f\u00fcr Zellkultur - Sysmatec","description":"Bioreaktor, der sowohl f\u00fcr Mikroorganismen als auch f\u00fcr Zellkulturen verwendet werden kann. N\u00fctzliche Volumina von 35 bis 6000 ml.","robots":{"index":"index","follow":"follow","max-snippet":"max-snippet:-1","max-image-preview":"max-image-preview:large","max-video-preview":"max-video-preview:-1"},"canonical":"https:\/\/sysmatec.ch\/de\/produit\/bioreaktor-minifor-fuer-zellkultur\/","og_locale":"de_DE","og_type":"article","og_title":"Bioreaktor MINIFOR f\u00fcr Zellkultur - Sysmatec","og_description":"Bioreaktor, der sowohl f\u00fcr Mikroorganismen als auch f\u00fcr Zellkulturen verwendet werden kann. N\u00fctzliche Volumina von 35 bis 6000 ml.","og_url":"https:\/\/sysmatec.ch\/de\/produit\/bioreaktor-minifor-fuer-zellkultur\/","og_site_name":"Sysmatec","article_modified_time":"2022-03-07T18:20:51+00:00","og_image":[{"width":135,"height":180,"url":"https:\/\/sysmatec.ch\/wp-content\/uploads\/2019\/01\/Bioreacteur_Lambda.jpg","type":"image\/jpeg"}],"twitter_card":"summary_large_image","twitter_misc":{"Gesch\u00e4tzte Lesezeit":"2\u00a0Minuten"},"schema":{"@context":"https:\/\/schema.org","@graph":[{"@type":"WebPage","@id":"https:\/\/sysmatec.ch\/de\/produit\/bioreaktor-minifor-fuer-zellkultur\/","url":"https:\/\/sysmatec.ch\/de\/produit\/bioreaktor-minifor-fuer-zellkultur\/","name":"Bioreaktor MINIFOR f\u00fcr Zellkultur - Sysmatec","isPartOf":{"@id":"https:\/\/sysmatec.ch\/de\/#website"},"primaryImageOfPage":{"@id":"https:\/\/sysmatec.ch\/de\/produit\/bioreaktor-minifor-fuer-zellkultur\/#primaryimage"},"image":{"@id":"https:\/\/sysmatec.ch\/de\/produit\/bioreaktor-minifor-fuer-zellkultur\/#primaryimage"},"thumbnailUrl":"https:\/\/sysmatec.ch\/wp-content\/uploads\/2019\/01\/Bioreacteur_Lambda.jpg","datePublished":"2019-01-15T19:31:23+00:00","dateModified":"2022-03-07T18:20:51+00:00","description":"Bioreaktor, der sowohl f\u00fcr Mikroorganismen als auch f\u00fcr Zellkulturen verwendet werden kann. N\u00fctzliche Volumina von 35 bis 6000 ml.","breadcrumb":{"@id":"https:\/\/sysmatec.ch\/de\/produit\/bioreaktor-minifor-fuer-zellkultur\/#breadcrumb"},"inLanguage":"de","potentialAction":[{"@type":"ReadAction","target":["https:\/\/sysmatec.ch\/de\/produit\/bioreaktor-minifor-fuer-zellkultur\/"]}]},{"@type":"ImageObject","inLanguage":"de","@id":"https:\/\/sysmatec.ch\/de\/produit\/bioreaktor-minifor-fuer-zellkultur\/#primaryimage","url":"https:\/\/sysmatec.ch\/wp-content\/uploads\/2019\/01\/Bioreacteur_Lambda.jpg","contentUrl":"https:\/\/sysmatec.ch\/wp-content\/uploads\/2019\/01\/Bioreacteur_Lambda.jpg","width":135,"height":180},{"@type":"BreadcrumbList","@id":"https:\/\/sysmatec.ch\/de\/produit\/bioreaktor-minifor-fuer-zellkultur\/#breadcrumb","itemListElement":[{"@type":"ListItem","position":1,"name":"Accueil","item":"https:\/\/sysmatec.ch\/de\/"},{"@type":"ListItem","position":2,"name":"Die Aktivit\u00e4t von Sysmatec","item":"https:\/\/sysmatec.ch\/de\/"},{"@type":"ListItem","position":3,"name":"Bioreaktor MINIFOR f\u00fcr Zellkultur"}]},{"@type":"WebSite","@id":"https:\/\/sysmatec.ch\/de\/#website","url":"https:\/\/sysmatec.ch\/de\/","name":"Sysmatec","description":"Equipement de laboratoire et logiciels","publisher":{"@id":"https:\/\/sysmatec.ch\/de\/#organization"},"potentialAction":[{"@type":"SearchAction","target":{"@type":"EntryPoint","urlTemplate":"https:\/\/sysmatec.ch\/de\/?s={search_term_string}"},"query-input":{"@type":"PropertyValueSpecification","valueRequired":true,"valueName":"search_term_string"}}],"inLanguage":"de"},{"@type":"Organization","@id":"https:\/\/sysmatec.ch\/de\/#organization","name":"Sysmatec","url":"https:\/\/sysmatec.ch\/de\/","logo":{"@type":"ImageObject","inLanguage":"de","@id":"https:\/\/sysmatec.ch\/de\/#\/schema\/logo\/image\/","url":"https:\/\/sysmatec.ch\/wp-content\/uploads\/2018\/11\/LogoSysmatec.jpg","contentUrl":"https:\/\/sysmatec.ch\/wp-content\/uploads\/2018\/11\/LogoSysmatec.jpg","width":301,"height":297,"caption":"Sysmatec"},"image":{"@id":"https:\/\/sysmatec.ch\/de\/#\/schema\/logo\/image\/"}}]}},"_links":{"self":[{"href":"https:\/\/sysmatec.ch\/de\/wp-json\/wp\/v2\/product\/2130","targetHints":{"allow":["GET"]}}],"collection":[{"href":"https:\/\/sysmatec.ch\/de\/wp-json\/wp\/v2\/product"}],"about":[{"href":"https:\/\/sysmatec.ch\/de\/wp-json\/wp\/v2\/types\/product"}],"wp:featuredmedia":[{"embeddable":true,"href":"https:\/\/sysmatec.ch\/de\/wp-json\/wp\/v2\/media\/1333"}],"wp:attachment":[{"href":"https:\/\/sysmatec.ch\/de\/wp-json\/wp\/v2\/media?parent=2130"}],"wp:term":[{"taxonomy":"product_brand","embeddable":true,"href":"https:\/\/sysmatec.ch\/de\/wp-json\/wp\/v2\/product_brand?post=2130"},{"taxonomy":"product_cat","embeddable":true,"href":"https:\/\/sysmatec.ch\/de\/wp-json\/wp\/v2\/product_cat?post=2130"},{"taxonomy":"product_tag","embeddable":true,"href":"https:\/\/sysmatec.ch\/de\/wp-json\/wp\/v2\/product_tag?post=2130"}],"curies":[{"name":"wp","href":"https:\/\/api.w.org\/{rel}","templated":true}]}}