{"id":2127,"date":"2019-01-15T20:34:50","date_gmt":"2019-01-15T19:34:50","guid":{"rendered":"https:\/\/sysmatec.ch\/produit\/mini-bioreacteur-rts-1-et-rts-1c\/"},"modified":"2022-03-07T19:16:55","modified_gmt":"2022-03-07T18:16:55","slug":"mini-bioreaktor-rts-1-und-rts-1c","status":"publish","type":"product","link":"https:\/\/sysmatec.ch\/de\/Produkt\/mini-bioreaktor-rts-1-und-rts-1c\/","title":{"rendered":"Mini-Bioreaktor RTS-1 und RTS-1C"},"content":{"rendered":"<p>Es ist ein Bioreaktor mit einer patentierten alternierenden Bewegung Technologie, die wenig Strom verbraucht und nicht-invasiv arbeitet (keine R\u00fchrachse): Die Mischung ist durch Drehen des Bioreaktors (Rohrtyp Falcon, einweg Gef\u00e4ss) um seine Achse herum mit einer regelm\u00e4\u00dfigen \u00c4nderung der Rotationsrichtung, wodurch eine hocheffiziente Oxygenierung f\u00fcr aerobe Kultur erzeugt wird. In Kombination mit einem optischen Nahinfrarot-System ist es m\u00f6glich, die Kinetik des Zellwachstums nicht-invasiv in Echtzeit zu erfassen.<\/p>\n<p>Das Reverse Spin\u00ae-Mischprinzip in 50 ml Falcon-R\u00f6hrchen bietet eine \u00dcbertragungskonstante kLa (h-1) von bis zu 450, die f\u00fcr eine effiziente aerobe Kultur erforderlich ist.<\/p>\n<p>Dieser individuell gesteuerte Bioreaktor (Temperatur und Agitation) erlaubt die Produktionsprozesse zu optimieren.<\/p>\n<p>M\u00f6glichkeit zur Anaerobisierung mikroaerober und obligatorischer Mikroorganismen (nicht strikt anaerobe Bedingungen).<\/p>\n<p>Das Reverse Spin\u00ae-Mischprinzip erm\u00f6glicht eine nicht-invasive Biomasse-Messung in Echtzeit.<\/p>\n<p>Freie Software erm\u00f6glicht es, die verschiedenen Parameter in Echtzeit zu verfolgen.<\/p>\n<p>Temperaturregelung f\u00fcr Bioprozess-Anwendungen<\/p>\n<p>Aktive K\u00fchlung f\u00fcr schnelle Temperaturregelung, z. B. f\u00fcr Temperaturfluktuationsexperimente (Modell RTS-1C).<\/p>\n<p>Speicherung auf dem Cloud-Daten zur Fern\u00fcberwachung des wachsenden Prozesses zu Hause oder mit einem Mobiltelefon.<\/p>\n<p>Spezifikationen<\/p>\n<ul>\n<li type=\"disc\">Messwellenl\u00e4nge OD: 850 nm<\/li>\n<li type=\"disc\">OD 0 bis 10 f\u00fcr Volumina von 10 bis 20 ml (entspricht einer OD von 0 bis 19 bei 600 nm)<\/li>\n<li type=\"disc\">OD 0 bis 8 f\u00fcr Volumina von 20 bis 30 ml (entspricht einer OD von 0 bis 15.2 bei 600 nm)<\/li>\n<li type=\"disc\">Messgenauigkeit: \u00b1 0.3 OD<\/li>\n<li type=\"disc\">Lichtquelle: NIR-Leuchtdiode<\/li>\n<li type=\"disc\">Messintervall pro Stunde: 160<\/li>\n<li type=\"disc\">Volumen der Kulturmedien: 5 bis 30 ml<\/li>\n<li type=\"disc\">Reaktortyp f\u00fcr aerobe Kultur: 50 ml Tube mit Membranfilter (TubeSpin\u00ae Bioreactor 50, TPP\u00ae)<\/li>\n<li type=\"disc\">Reaktortyp f\u00fcr anaerobe Kultur: 50 ml Tube mit Membranfilter (TubeSpin\u00ae Bioreactor 50, TPP\u00ae)<\/li>\n<li type=\"disc\">Das Ger\u00e4t kann an einen bestimmten R\u00f6hrentyp angepasst werden (z. B. Corning\u00ae 50ml Mini Bioreactor).<\/li>\n<li type=\"disc\">Temperatureinstellbereich f\u00fcr RTS-1: + 25 \u00b0 C bis + 70 \u00b0 C<\/li>\n<li type=\"disc\">Temperaturregelbereich f\u00fcr RTS-1: 5 \u00b0 C \u00fcber Umgebungstemperatur bis + 70 \u00b0 C<\/li>\n<li type=\"disc\">Temperatureinstellbereich f\u00fcr RTS-1C (mit K\u00fchlung) + 4C bis + 70 \u00b0 C<\/li>\n<li type=\"disc\">Temperaturregelbereich f\u00fcr RTS-1C (mit K\u00fchlung): 15 \u00b0 C unter Umgebungstemperatur bis + 70 \u00b0 C<\/li>\n<li type=\"disc\">Temperaturstabilit\u00e4t: \u00b1 0.1 \u00b0 C<\/li>\n<li type=\"disc\">Geschwindigkeitsregelbereich: 50 bis 2000 U \/ min<\/li>\n<li type=\"disc\">Maximale Anzahl der an die Software angeschlossenen Ger\u00e4te: 12<\/li>\n<li type=\"disc\">Anzeige: LCD<\/li>\n<li type=\"disc\">Minimale PC-Konfiguration: Intel \/ AMD-Prozessor, 1 GB RAM Windows XP * \/ Vista \/ 7\/8 \/ 8.1 \/ 10, USB 2.0-Anschluss<\/li>\n<li type=\"disc\">Kompakt, Gesamtabmessungen (L \u00d7 B \u00d7 H): 130 \u00d7 212 \u00d7 200 mm<\/li>\n<li type=\"disc\">Gewicht: 1.7 kg<\/li>\n<li type=\"disc\">Eingangsstrom \/ Leistungsaufnahme: 12 V DC, 3,3 A \/ 40 W<\/li>\n<li type=\"disc\">Externe Stromversorgung: AC-Eingang 100 bis 240 V 50\/60 Hz, DC 12 V Ausgang<\/li>\n<\/ul>\n","protected":false},"excerpt":{"rendered":"<p>Mini-Bioreaktor f\u00fcr Volumen von 5 bis 30 mL.<\/p>\n","protected":false},"featured_media":1335,"template":"","meta":{"_crdt_document":""},"product_brand":[],"product_cat":[117],"product_tag":[],"class_list":{"0":"post-2127","1":"product","2":"type-product","3":"status-publish","4":"has-post-thumbnail","6":"product_cat-bioreaktor","8":"first","9":"instock","10":"taxable","11":"shipping-taxable","12":"product-type-simple"},"yoast_head":"<!-- This site is optimized with the Yoast SEO plugin v27.3 - https:\/\/yoast.com\/product\/yoast-seo-wordpress\/ -->\n<title>Mini-Bioreaktor RTS-1 und RTS-1C - Sysmatec<\/title>\n<meta name=\"description\" content=\"Mini-Bioreaktor f\u00fcr Kulturvolumina von 5 bis 30 ml. Die gesteuerten Parameter sind Bewegung und Temperatur. Es ist m\u00f6glich, die Biomasse zu messen.\" \/>\n<meta name=\"robots\" content=\"index, follow, max-snippet:-1, max-image-preview:large, max-video-preview:-1\" \/>\n<link rel=\"canonical\" href=\"https:\/\/sysmatec.ch\/de\/produit\/mini-bioreaktor-rts-1-und-rts-1c\/\" \/>\n<meta property=\"og:locale\" content=\"de_DE\" \/>\n<meta property=\"og:type\" content=\"article\" \/>\n<meta property=\"og:title\" content=\"Mini-Bioreaktor RTS-1 und RTS-1C - Sysmatec\" \/>\n<meta property=\"og:description\" content=\"Mini-Bioreaktor f\u00fcr Kulturvolumina von 5 bis 30 ml. Die gesteuerten Parameter sind Bewegung und Temperatur. Es ist m\u00f6glich, die Biomasse zu messen.\" \/>\n<meta property=\"og:url\" content=\"https:\/\/sysmatec.ch\/de\/produit\/mini-bioreaktor-rts-1-und-rts-1c\/\" \/>\n<meta property=\"og:site_name\" content=\"Sysmatec\" \/>\n<meta property=\"article:modified_time\" content=\"2022-03-07T18:16:55+00:00\" \/>\n<meta property=\"og:image\" content=\"https:\/\/sysmatec.ch\/wp-content\/uploads\/2019\/01\/Bioreactor_BiosanRTS1.jpg\" \/>\n\t<meta property=\"og:image:width\" content=\"186\" \/>\n\t<meta property=\"og:image:height\" content=\"148\" \/>\n\t<meta property=\"og:image:type\" content=\"image\/jpeg\" \/>\n<meta name=\"twitter:card\" content=\"summary_large_image\" \/>\n<meta name=\"twitter:label1\" content=\"Gesch\u00e4tzte Lesezeit\" \/>\n\t<meta name=\"twitter:data1\" content=\"2\u00a0Minuten\" \/>\n<script type=\"application\/ld+json\" class=\"yoast-schema-graph\">{\"@context\":\"https:\\\/\\\/schema.org\",\"@graph\":[{\"@type\":\"WebPage\",\"@id\":\"https:\\\/\\\/sysmatec.ch\\\/de\\\/produit\\\/mini-bioreaktor-rts-1-und-rts-1c\\\/\",\"url\":\"https:\\\/\\\/sysmatec.ch\\\/de\\\/produit\\\/mini-bioreaktor-rts-1-und-rts-1c\\\/\",\"name\":\"Mini-Bioreaktor RTS-1 und RTS-1C - Sysmatec\",\"isPartOf\":{\"@id\":\"https:\\\/\\\/sysmatec.ch\\\/de\\\/#website\"},\"primaryImageOfPage\":{\"@id\":\"https:\\\/\\\/sysmatec.ch\\\/de\\\/produit\\\/mini-bioreaktor-rts-1-und-rts-1c\\\/#primaryimage\"},\"image\":{\"@id\":\"https:\\\/\\\/sysmatec.ch\\\/de\\\/produit\\\/mini-bioreaktor-rts-1-und-rts-1c\\\/#primaryimage\"},\"thumbnailUrl\":\"https:\\\/\\\/sysmatec.ch\\\/wp-content\\\/uploads\\\/2019\\\/01\\\/Bioreactor_BiosanRTS1.jpg\",\"datePublished\":\"2019-01-15T19:34:50+00:00\",\"dateModified\":\"2022-03-07T18:16:55+00:00\",\"description\":\"Mini-Bioreaktor f\u00fcr Kulturvolumina von 5 bis 30 ml. Die gesteuerten Parameter sind Bewegung und Temperatur. Es ist m\u00f6glich, die Biomasse zu messen.\",\"breadcrumb\":{\"@id\":\"https:\\\/\\\/sysmatec.ch\\\/de\\\/produit\\\/mini-bioreaktor-rts-1-und-rts-1c\\\/#breadcrumb\"},\"inLanguage\":\"de\",\"potentialAction\":[{\"@type\":\"ReadAction\",\"target\":[\"https:\\\/\\\/sysmatec.ch\\\/de\\\/produit\\\/mini-bioreaktor-rts-1-und-rts-1c\\\/\"]}]},{\"@type\":\"ImageObject\",\"inLanguage\":\"de\",\"@id\":\"https:\\\/\\\/sysmatec.ch\\\/de\\\/produit\\\/mini-bioreaktor-rts-1-und-rts-1c\\\/#primaryimage\",\"url\":\"https:\\\/\\\/sysmatec.ch\\\/wp-content\\\/uploads\\\/2019\\\/01\\\/Bioreactor_BiosanRTS1.jpg\",\"contentUrl\":\"https:\\\/\\\/sysmatec.ch\\\/wp-content\\\/uploads\\\/2019\\\/01\\\/Bioreactor_BiosanRTS1.jpg\",\"width\":186,\"height\":148},{\"@type\":\"BreadcrumbList\",\"@id\":\"https:\\\/\\\/sysmatec.ch\\\/de\\\/produit\\\/mini-bioreaktor-rts-1-und-rts-1c\\\/#breadcrumb\",\"itemListElement\":[{\"@type\":\"ListItem\",\"position\":1,\"name\":\"Accueil\",\"item\":\"https:\\\/\\\/sysmatec.ch\\\/de\\\/\"},{\"@type\":\"ListItem\",\"position\":2,\"name\":\"Die Aktivit\u00e4t von Sysmatec\",\"item\":\"https:\\\/\\\/sysmatec.ch\\\/de\\\/\"},{\"@type\":\"ListItem\",\"position\":3,\"name\":\"Mini-Bioreaktor RTS-1 und RTS-1C\"}]},{\"@type\":\"WebSite\",\"@id\":\"https:\\\/\\\/sysmatec.ch\\\/de\\\/#website\",\"url\":\"https:\\\/\\\/sysmatec.ch\\\/de\\\/\",\"name\":\"Sysmatec\",\"description\":\"Equipement de laboratoire et logiciels\",\"publisher\":{\"@id\":\"https:\\\/\\\/sysmatec.ch\\\/de\\\/#organization\"},\"potentialAction\":[{\"@type\":\"SearchAction\",\"target\":{\"@type\":\"EntryPoint\",\"urlTemplate\":\"https:\\\/\\\/sysmatec.ch\\\/de\\\/?s={search_term_string}\"},\"query-input\":{\"@type\":\"PropertyValueSpecification\",\"valueRequired\":true,\"valueName\":\"search_term_string\"}}],\"inLanguage\":\"de\"},{\"@type\":\"Organization\",\"@id\":\"https:\\\/\\\/sysmatec.ch\\\/de\\\/#organization\",\"name\":\"Sysmatec\",\"url\":\"https:\\\/\\\/sysmatec.ch\\\/de\\\/\",\"logo\":{\"@type\":\"ImageObject\",\"inLanguage\":\"de\",\"@id\":\"https:\\\/\\\/sysmatec.ch\\\/de\\\/#\\\/schema\\\/logo\\\/image\\\/\",\"url\":\"https:\\\/\\\/sysmatec.ch\\\/wp-content\\\/uploads\\\/2018\\\/11\\\/LogoSysmatec.jpg\",\"contentUrl\":\"https:\\\/\\\/sysmatec.ch\\\/wp-content\\\/uploads\\\/2018\\\/11\\\/LogoSysmatec.jpg\",\"width\":301,\"height\":297,\"caption\":\"Sysmatec\"},\"image\":{\"@id\":\"https:\\\/\\\/sysmatec.ch\\\/de\\\/#\\\/schema\\\/logo\\\/image\\\/\"}}]}<\/script>\n<!-- \/ Yoast SEO plugin. -->","yoast_head_json":{"title":"Mini-Bioreaktor RTS-1 und RTS-1C - Sysmatec","description":"Mini-Bioreaktor f\u00fcr Kulturvolumina von 5 bis 30 ml. Die gesteuerten Parameter sind Bewegung und Temperatur. Es ist m\u00f6glich, die Biomasse zu messen.","robots":{"index":"index","follow":"follow","max-snippet":"max-snippet:-1","max-image-preview":"max-image-preview:large","max-video-preview":"max-video-preview:-1"},"canonical":"https:\/\/sysmatec.ch\/de\/produit\/mini-bioreaktor-rts-1-und-rts-1c\/","og_locale":"de_DE","og_type":"article","og_title":"Mini-Bioreaktor RTS-1 und RTS-1C - Sysmatec","og_description":"Mini-Bioreaktor f\u00fcr Kulturvolumina von 5 bis 30 ml. Die gesteuerten Parameter sind Bewegung und Temperatur. Es ist m\u00f6glich, die Biomasse zu messen.","og_url":"https:\/\/sysmatec.ch\/de\/produit\/mini-bioreaktor-rts-1-und-rts-1c\/","og_site_name":"Sysmatec","article_modified_time":"2022-03-07T18:16:55+00:00","og_image":[{"width":186,"height":148,"url":"https:\/\/sysmatec.ch\/wp-content\/uploads\/2019\/01\/Bioreactor_BiosanRTS1.jpg","type":"image\/jpeg"}],"twitter_card":"summary_large_image","twitter_misc":{"Gesch\u00e4tzte Lesezeit":"2\u00a0Minuten"},"schema":{"@context":"https:\/\/schema.org","@graph":[{"@type":"WebPage","@id":"https:\/\/sysmatec.ch\/de\/produit\/mini-bioreaktor-rts-1-und-rts-1c\/","url":"https:\/\/sysmatec.ch\/de\/produit\/mini-bioreaktor-rts-1-und-rts-1c\/","name":"Mini-Bioreaktor RTS-1 und RTS-1C - Sysmatec","isPartOf":{"@id":"https:\/\/sysmatec.ch\/de\/#website"},"primaryImageOfPage":{"@id":"https:\/\/sysmatec.ch\/de\/produit\/mini-bioreaktor-rts-1-und-rts-1c\/#primaryimage"},"image":{"@id":"https:\/\/sysmatec.ch\/de\/produit\/mini-bioreaktor-rts-1-und-rts-1c\/#primaryimage"},"thumbnailUrl":"https:\/\/sysmatec.ch\/wp-content\/uploads\/2019\/01\/Bioreactor_BiosanRTS1.jpg","datePublished":"2019-01-15T19:34:50+00:00","dateModified":"2022-03-07T18:16:55+00:00","description":"Mini-Bioreaktor f\u00fcr Kulturvolumina von 5 bis 30 ml. Die gesteuerten Parameter sind Bewegung und Temperatur. Es ist m\u00f6glich, die Biomasse zu messen.","breadcrumb":{"@id":"https:\/\/sysmatec.ch\/de\/produit\/mini-bioreaktor-rts-1-und-rts-1c\/#breadcrumb"},"inLanguage":"de","potentialAction":[{"@type":"ReadAction","target":["https:\/\/sysmatec.ch\/de\/produit\/mini-bioreaktor-rts-1-und-rts-1c\/"]}]},{"@type":"ImageObject","inLanguage":"de","@id":"https:\/\/sysmatec.ch\/de\/produit\/mini-bioreaktor-rts-1-und-rts-1c\/#primaryimage","url":"https:\/\/sysmatec.ch\/wp-content\/uploads\/2019\/01\/Bioreactor_BiosanRTS1.jpg","contentUrl":"https:\/\/sysmatec.ch\/wp-content\/uploads\/2019\/01\/Bioreactor_BiosanRTS1.jpg","width":186,"height":148},{"@type":"BreadcrumbList","@id":"https:\/\/sysmatec.ch\/de\/produit\/mini-bioreaktor-rts-1-und-rts-1c\/#breadcrumb","itemListElement":[{"@type":"ListItem","position":1,"name":"Accueil","item":"https:\/\/sysmatec.ch\/de\/"},{"@type":"ListItem","position":2,"name":"Die Aktivit\u00e4t von Sysmatec","item":"https:\/\/sysmatec.ch\/de\/"},{"@type":"ListItem","position":3,"name":"Mini-Bioreaktor RTS-1 und RTS-1C"}]},{"@type":"WebSite","@id":"https:\/\/sysmatec.ch\/de\/#website","url":"https:\/\/sysmatec.ch\/de\/","name":"Sysmatec","description":"Equipement de laboratoire et logiciels","publisher":{"@id":"https:\/\/sysmatec.ch\/de\/#organization"},"potentialAction":[{"@type":"SearchAction","target":{"@type":"EntryPoint","urlTemplate":"https:\/\/sysmatec.ch\/de\/?s={search_term_string}"},"query-input":{"@type":"PropertyValueSpecification","valueRequired":true,"valueName":"search_term_string"}}],"inLanguage":"de"},{"@type":"Organization","@id":"https:\/\/sysmatec.ch\/de\/#organization","name":"Sysmatec","url":"https:\/\/sysmatec.ch\/de\/","logo":{"@type":"ImageObject","inLanguage":"de","@id":"https:\/\/sysmatec.ch\/de\/#\/schema\/logo\/image\/","url":"https:\/\/sysmatec.ch\/wp-content\/uploads\/2018\/11\/LogoSysmatec.jpg","contentUrl":"https:\/\/sysmatec.ch\/wp-content\/uploads\/2018\/11\/LogoSysmatec.jpg","width":301,"height":297,"caption":"Sysmatec"},"image":{"@id":"https:\/\/sysmatec.ch\/de\/#\/schema\/logo\/image\/"}}]}},"_links":{"self":[{"href":"https:\/\/sysmatec.ch\/de\/wp-json\/wp\/v2\/product\/2127","targetHints":{"allow":["GET"]}}],"collection":[{"href":"https:\/\/sysmatec.ch\/de\/wp-json\/wp\/v2\/product"}],"about":[{"href":"https:\/\/sysmatec.ch\/de\/wp-json\/wp\/v2\/types\/product"}],"wp:featuredmedia":[{"embeddable":true,"href":"https:\/\/sysmatec.ch\/de\/wp-json\/wp\/v2\/media\/1335"}],"wp:attachment":[{"href":"https:\/\/sysmatec.ch\/de\/wp-json\/wp\/v2\/media?parent=2127"}],"wp:term":[{"taxonomy":"product_brand","embeddable":true,"href":"https:\/\/sysmatec.ch\/de\/wp-json\/wp\/v2\/product_brand?post=2127"},{"taxonomy":"product_cat","embeddable":true,"href":"https:\/\/sysmatec.ch\/de\/wp-json\/wp\/v2\/product_cat?post=2127"},{"taxonomy":"product_tag","embeddable":true,"href":"https:\/\/sysmatec.ch\/de\/wp-json\/wp\/v2\/product_tag?post=2127"}],"curies":[{"name":"wp","href":"https:\/\/api.w.org\/{rel}","templated":true}]}}