{"id":2123,"date":"2019-01-15T20:46:29","date_gmt":"2019-01-15T19:46:29","guid":{"rendered":"https:\/\/sysmatec.ch\/produit\/digesteur-anaerobie-pour-dechets-solides\/"},"modified":"2022-03-07T19:09:08","modified_gmt":"2022-03-07T18:09:08","slug":"vergaerungsanlage-fuer-feste-abfaelle","status":"publish","type":"product","link":"https:\/\/sysmatec.ch\/de\/Produkt\/vergaerungsanlage-fuer-feste-abfaelle\/","title":{"rendered":"Verg\u00e4rungsanlage f\u00fcr feste Abf\u00e4lle"},"content":{"rendered":"<p>Labor Verg\u00e4rungsanlage f\u00fcr die Behandlung fester Abf\u00e4lle in feuchte oder trockene Strecke.<\/p>\n<p>Diese anerobe Anlage f\u00fcr feste Abf\u00e4lle erm\u00f6glicht den Abbau organischer Abf\u00e4lle zu Biogas. Dank seiner robusten Konstruktion ist sie f\u00fcr den Dauerbetrieb ausgelegt. Viele Arten von Abf\u00e4llen k\u00f6nnen damit behandelt werden.<\/p>\n<p>Einstellungen<\/p>\n<ul>\n<li type=\"disc\">Drehzahl (1-10 U \/ min) programmierbar.<\/li>\n<li type=\"disc\">Heizung (Temperatur bis zu 55 \u00b0 C). Mantelheizung. Heizpatrone 700 W<\/li>\n<li type=\"disc\">Parametereinstellungen in der Schaltschrankt\u00fcr.<\/li>\n<li type=\"disc\">Material: Inox 304 L<\/li>\n<li type=\"disc\">Rohrrahmen 40 x 40 mm<\/li>\n<li type=\"disc\">Kapazit\u00e4t 15 L (45 L oder andere Volumina auf Anfrage)<\/li>\n<li type=\"disc\">Abmessungen: 750 x 280 x 630 (L x B x H)<\/li>\n<li type=\"disc\">Getriebemotor 0.37 kW<\/li>\n<li type=\"disc\">Abnehmbare Lager<\/li>\n<\/ul>\n<p>Nutzungsbedingungen<\/p>\n<ul>\n<li type=\"disc\">intuitive Bedienung<\/li>\n<li type=\"disc\">Gross Engangsklappe<\/li>\n<li type=\"disc\">Wasserdicht Beh\u00e4lter<\/li>\n<li type=\"disc\">Leicht zu reinigen und zu pflegen<\/li>\n<li type=\"disc\">Betrieb mit einphasigem 220V-Netz<\/li>\n<li type=\"disc\">Verschlusssensor f\u00fcr die Engangsklappe. Elektrische und thermische Sicherheit.<\/li>\n<\/ul>\n<p>Optionen<\/p>\n<ul>\n<li type=\"disc\">Lift-System das Gewicht zu messen<\/li>\n<li type=\"disc\">pH-Messung<\/li>\n<\/ul>\n","protected":false},"excerpt":{"rendered":"<p><span class=\"VIiyi\" lang=\"de\"><span class=\"JLqJ4b ChMk0b\" data-language-for-alternatives=\"de\" data-language-to-translate-into=\"fr\" data-phrase-index=\"2\" data-number-of-phrases=\"3\">Anaerober Verg\u00e4rungsanlage\u00a0 f\u00fcr feste Abf\u00e4lle.<\/span><\/span><\/p>\n","protected":false},"featured_media":1337,"template":"","meta":{"_crdt_document":""},"product_brand":[],"product_cat":[115],"product_tag":[],"class_list":{"0":"post-2123","1":"product","2":"type-product","3":"status-publish","4":"has-post-thumbnail","6":"product_cat-vergaerungsanlage","8":"first","9":"instock","10":"taxable","11":"shipping-taxable","12":"product-type-simple"},"yoast_head":"<!-- This site is optimized with the Yoast SEO plugin v27.3 - https:\/\/yoast.com\/product\/yoast-seo-wordpress\/ -->\n<title>Verg\u00e4rungsanlage f\u00fcr feste Abf\u00e4lle - Sysmatec<\/title>\n<meta name=\"description\" content=\"Laboranaerober Fermenter f\u00fcr die Entwicklung der Feststoffbehandlung im Nass- oder Trockenverfahren. Volum ca. 15 L.\" \/>\n<meta name=\"robots\" content=\"index, follow, max-snippet:-1, max-image-preview:large, max-video-preview:-1\" \/>\n<link rel=\"canonical\" href=\"https:\/\/sysmatec.ch\/de\/produit\/vergaerungsanlage-fuer-feste-abfaelle\/\" \/>\n<meta property=\"og:locale\" content=\"de_DE\" \/>\n<meta property=\"og:type\" content=\"article\" \/>\n<meta property=\"og:title\" content=\"Verg\u00e4rungsanlage f\u00fcr feste Abf\u00e4lle - Sysmatec\" \/>\n<meta property=\"og:description\" content=\"Laboranaerober Fermenter f\u00fcr die Entwicklung der Feststoffbehandlung im Nass- oder Trockenverfahren. Volum ca. 15 L.\" \/>\n<meta property=\"og:url\" content=\"https:\/\/sysmatec.ch\/de\/produit\/vergaerungsanlage-fuer-feste-abfaelle\/\" \/>\n<meta property=\"og:site_name\" content=\"Sysmatec\" \/>\n<meta property=\"article:modified_time\" content=\"2022-03-07T18:09:08+00:00\" \/>\n<meta property=\"og:image\" content=\"https:\/\/sysmatec.ch\/wp-content\/uploads\/2019\/01\/Digesteur_Garaud.jpg\" \/>\n\t<meta property=\"og:image:width\" content=\"183\" \/>\n\t<meta property=\"og:image:height\" content=\"146\" \/>\n\t<meta property=\"og:image:type\" content=\"image\/jpeg\" \/>\n<meta name=\"twitter:card\" content=\"summary_large_image\" \/>\n<meta name=\"twitter:label1\" content=\"Gesch\u00e4tzte Lesezeit\" \/>\n\t<meta name=\"twitter:data1\" content=\"1\u00a0Minute\" \/>\n<script type=\"application\/ld+json\" class=\"yoast-schema-graph\">{\"@context\":\"https:\\\/\\\/schema.org\",\"@graph\":[{\"@type\":\"WebPage\",\"@id\":\"https:\\\/\\\/sysmatec.ch\\\/de\\\/produit\\\/vergaerungsanlage-fuer-feste-abfaelle\\\/\",\"url\":\"https:\\\/\\\/sysmatec.ch\\\/de\\\/produit\\\/vergaerungsanlage-fuer-feste-abfaelle\\\/\",\"name\":\"Verg\u00e4rungsanlage f\u00fcr feste Abf\u00e4lle - Sysmatec\",\"isPartOf\":{\"@id\":\"https:\\\/\\\/sysmatec.ch\\\/de\\\/#website\"},\"primaryImageOfPage\":{\"@id\":\"https:\\\/\\\/sysmatec.ch\\\/de\\\/produit\\\/vergaerungsanlage-fuer-feste-abfaelle\\\/#primaryimage\"},\"image\":{\"@id\":\"https:\\\/\\\/sysmatec.ch\\\/de\\\/produit\\\/vergaerungsanlage-fuer-feste-abfaelle\\\/#primaryimage\"},\"thumbnailUrl\":\"https:\\\/\\\/sysmatec.ch\\\/wp-content\\\/uploads\\\/2019\\\/01\\\/Digesteur_Garaud.jpg\",\"datePublished\":\"2019-01-15T19:46:29+00:00\",\"dateModified\":\"2022-03-07T18:09:08+00:00\",\"description\":\"Laboranaerober Fermenter f\u00fcr die Entwicklung der Feststoffbehandlung im Nass- oder Trockenverfahren. Volum ca. 15 L.\",\"breadcrumb\":{\"@id\":\"https:\\\/\\\/sysmatec.ch\\\/de\\\/produit\\\/vergaerungsanlage-fuer-feste-abfaelle\\\/#breadcrumb\"},\"inLanguage\":\"de\",\"potentialAction\":[{\"@type\":\"ReadAction\",\"target\":[\"https:\\\/\\\/sysmatec.ch\\\/de\\\/produit\\\/vergaerungsanlage-fuer-feste-abfaelle\\\/\"]}]},{\"@type\":\"ImageObject\",\"inLanguage\":\"de\",\"@id\":\"https:\\\/\\\/sysmatec.ch\\\/de\\\/produit\\\/vergaerungsanlage-fuer-feste-abfaelle\\\/#primaryimage\",\"url\":\"https:\\\/\\\/sysmatec.ch\\\/wp-content\\\/uploads\\\/2019\\\/01\\\/Digesteur_Garaud.jpg\",\"contentUrl\":\"https:\\\/\\\/sysmatec.ch\\\/wp-content\\\/uploads\\\/2019\\\/01\\\/Digesteur_Garaud.jpg\",\"width\":183,\"height\":146},{\"@type\":\"BreadcrumbList\",\"@id\":\"https:\\\/\\\/sysmatec.ch\\\/de\\\/produit\\\/vergaerungsanlage-fuer-feste-abfaelle\\\/#breadcrumb\",\"itemListElement\":[{\"@type\":\"ListItem\",\"position\":1,\"name\":\"Accueil\",\"item\":\"https:\\\/\\\/sysmatec.ch\\\/de\\\/\"},{\"@type\":\"ListItem\",\"position\":2,\"name\":\"Die Aktivit\u00e4t von Sysmatec\",\"item\":\"https:\\\/\\\/sysmatec.ch\\\/de\\\/\"},{\"@type\":\"ListItem\",\"position\":3,\"name\":\"Verg\u00e4rungsanlage f\u00fcr feste Abf\u00e4lle\"}]},{\"@type\":\"WebSite\",\"@id\":\"https:\\\/\\\/sysmatec.ch\\\/de\\\/#website\",\"url\":\"https:\\\/\\\/sysmatec.ch\\\/de\\\/\",\"name\":\"Sysmatec\",\"description\":\"Equipement de laboratoire et logiciels\",\"publisher\":{\"@id\":\"https:\\\/\\\/sysmatec.ch\\\/de\\\/#organization\"},\"potentialAction\":[{\"@type\":\"SearchAction\",\"target\":{\"@type\":\"EntryPoint\",\"urlTemplate\":\"https:\\\/\\\/sysmatec.ch\\\/de\\\/?s={search_term_string}\"},\"query-input\":{\"@type\":\"PropertyValueSpecification\",\"valueRequired\":true,\"valueName\":\"search_term_string\"}}],\"inLanguage\":\"de\"},{\"@type\":\"Organization\",\"@id\":\"https:\\\/\\\/sysmatec.ch\\\/de\\\/#organization\",\"name\":\"Sysmatec\",\"url\":\"https:\\\/\\\/sysmatec.ch\\\/de\\\/\",\"logo\":{\"@type\":\"ImageObject\",\"inLanguage\":\"de\",\"@id\":\"https:\\\/\\\/sysmatec.ch\\\/de\\\/#\\\/schema\\\/logo\\\/image\\\/\",\"url\":\"https:\\\/\\\/sysmatec.ch\\\/wp-content\\\/uploads\\\/2018\\\/11\\\/LogoSysmatec.jpg\",\"contentUrl\":\"https:\\\/\\\/sysmatec.ch\\\/wp-content\\\/uploads\\\/2018\\\/11\\\/LogoSysmatec.jpg\",\"width\":301,\"height\":297,\"caption\":\"Sysmatec\"},\"image\":{\"@id\":\"https:\\\/\\\/sysmatec.ch\\\/de\\\/#\\\/schema\\\/logo\\\/image\\\/\"}}]}<\/script>\n<!-- \/ Yoast SEO plugin. -->","yoast_head_json":{"title":"Verg\u00e4rungsanlage f\u00fcr feste Abf\u00e4lle - Sysmatec","description":"Laboranaerober Fermenter f\u00fcr die Entwicklung der Feststoffbehandlung im Nass- oder Trockenverfahren. Volum ca. 15 L.","robots":{"index":"index","follow":"follow","max-snippet":"max-snippet:-1","max-image-preview":"max-image-preview:large","max-video-preview":"max-video-preview:-1"},"canonical":"https:\/\/sysmatec.ch\/de\/produit\/vergaerungsanlage-fuer-feste-abfaelle\/","og_locale":"de_DE","og_type":"article","og_title":"Verg\u00e4rungsanlage f\u00fcr feste Abf\u00e4lle - Sysmatec","og_description":"Laboranaerober Fermenter f\u00fcr die Entwicklung der Feststoffbehandlung im Nass- oder Trockenverfahren. Volum ca. 15 L.","og_url":"https:\/\/sysmatec.ch\/de\/produit\/vergaerungsanlage-fuer-feste-abfaelle\/","og_site_name":"Sysmatec","article_modified_time":"2022-03-07T18:09:08+00:00","og_image":[{"width":183,"height":146,"url":"https:\/\/sysmatec.ch\/wp-content\/uploads\/2019\/01\/Digesteur_Garaud.jpg","type":"image\/jpeg"}],"twitter_card":"summary_large_image","twitter_misc":{"Gesch\u00e4tzte Lesezeit":"1\u00a0Minute"},"schema":{"@context":"https:\/\/schema.org","@graph":[{"@type":"WebPage","@id":"https:\/\/sysmatec.ch\/de\/produit\/vergaerungsanlage-fuer-feste-abfaelle\/","url":"https:\/\/sysmatec.ch\/de\/produit\/vergaerungsanlage-fuer-feste-abfaelle\/","name":"Verg\u00e4rungsanlage f\u00fcr feste Abf\u00e4lle - Sysmatec","isPartOf":{"@id":"https:\/\/sysmatec.ch\/de\/#website"},"primaryImageOfPage":{"@id":"https:\/\/sysmatec.ch\/de\/produit\/vergaerungsanlage-fuer-feste-abfaelle\/#primaryimage"},"image":{"@id":"https:\/\/sysmatec.ch\/de\/produit\/vergaerungsanlage-fuer-feste-abfaelle\/#primaryimage"},"thumbnailUrl":"https:\/\/sysmatec.ch\/wp-content\/uploads\/2019\/01\/Digesteur_Garaud.jpg","datePublished":"2019-01-15T19:46:29+00:00","dateModified":"2022-03-07T18:09:08+00:00","description":"Laboranaerober Fermenter f\u00fcr die Entwicklung der Feststoffbehandlung im Nass- oder Trockenverfahren. Volum ca. 15 L.","breadcrumb":{"@id":"https:\/\/sysmatec.ch\/de\/produit\/vergaerungsanlage-fuer-feste-abfaelle\/#breadcrumb"},"inLanguage":"de","potentialAction":[{"@type":"ReadAction","target":["https:\/\/sysmatec.ch\/de\/produit\/vergaerungsanlage-fuer-feste-abfaelle\/"]}]},{"@type":"ImageObject","inLanguage":"de","@id":"https:\/\/sysmatec.ch\/de\/produit\/vergaerungsanlage-fuer-feste-abfaelle\/#primaryimage","url":"https:\/\/sysmatec.ch\/wp-content\/uploads\/2019\/01\/Digesteur_Garaud.jpg","contentUrl":"https:\/\/sysmatec.ch\/wp-content\/uploads\/2019\/01\/Digesteur_Garaud.jpg","width":183,"height":146},{"@type":"BreadcrumbList","@id":"https:\/\/sysmatec.ch\/de\/produit\/vergaerungsanlage-fuer-feste-abfaelle\/#breadcrumb","itemListElement":[{"@type":"ListItem","position":1,"name":"Accueil","item":"https:\/\/sysmatec.ch\/de\/"},{"@type":"ListItem","position":2,"name":"Die Aktivit\u00e4t von Sysmatec","item":"https:\/\/sysmatec.ch\/de\/"},{"@type":"ListItem","position":3,"name":"Verg\u00e4rungsanlage f\u00fcr feste Abf\u00e4lle"}]},{"@type":"WebSite","@id":"https:\/\/sysmatec.ch\/de\/#website","url":"https:\/\/sysmatec.ch\/de\/","name":"Sysmatec","description":"Equipement de laboratoire et logiciels","publisher":{"@id":"https:\/\/sysmatec.ch\/de\/#organization"},"potentialAction":[{"@type":"SearchAction","target":{"@type":"EntryPoint","urlTemplate":"https:\/\/sysmatec.ch\/de\/?s={search_term_string}"},"query-input":{"@type":"PropertyValueSpecification","valueRequired":true,"valueName":"search_term_string"}}],"inLanguage":"de"},{"@type":"Organization","@id":"https:\/\/sysmatec.ch\/de\/#organization","name":"Sysmatec","url":"https:\/\/sysmatec.ch\/de\/","logo":{"@type":"ImageObject","inLanguage":"de","@id":"https:\/\/sysmatec.ch\/de\/#\/schema\/logo\/image\/","url":"https:\/\/sysmatec.ch\/wp-content\/uploads\/2018\/11\/LogoSysmatec.jpg","contentUrl":"https:\/\/sysmatec.ch\/wp-content\/uploads\/2018\/11\/LogoSysmatec.jpg","width":301,"height":297,"caption":"Sysmatec"},"image":{"@id":"https:\/\/sysmatec.ch\/de\/#\/schema\/logo\/image\/"}}]}},"_links":{"self":[{"href":"https:\/\/sysmatec.ch\/de\/wp-json\/wp\/v2\/product\/2123","targetHints":{"allow":["GET"]}}],"collection":[{"href":"https:\/\/sysmatec.ch\/de\/wp-json\/wp\/v2\/product"}],"about":[{"href":"https:\/\/sysmatec.ch\/de\/wp-json\/wp\/v2\/types\/product"}],"wp:featuredmedia":[{"embeddable":true,"href":"https:\/\/sysmatec.ch\/de\/wp-json\/wp\/v2\/media\/1337"}],"wp:attachment":[{"href":"https:\/\/sysmatec.ch\/de\/wp-json\/wp\/v2\/media?parent=2123"}],"wp:term":[{"taxonomy":"product_brand","embeddable":true,"href":"https:\/\/sysmatec.ch\/de\/wp-json\/wp\/v2\/product_brand?post=2123"},{"taxonomy":"product_cat","embeddable":true,"href":"https:\/\/sysmatec.ch\/de\/wp-json\/wp\/v2\/product_cat?post=2123"},{"taxonomy":"product_tag","embeddable":true,"href":"https:\/\/sysmatec.ch\/de\/wp-json\/wp\/v2\/product_tag?post=2123"}],"curies":[{"name":"wp","href":"https:\/\/api.w.org\/{rel}","templated":true}]}}