{"id":2119,"date":"2019-01-15T21:13:41","date_gmt":"2019-01-15T20:13:41","guid":{"rendered":"https:\/\/sysmatec.ch\/produit\/fermenteur-minifor\/"},"modified":"2021-11-18T22:03:33","modified_gmt":"2021-11-18T21:03:33","slug":"fermenter-minifor","status":"publish","type":"product","link":"https:\/\/sysmatec.ch\/de\/Produkt\/fermenter-minifor\/","title":{"rendered":"Fermenter MINIFOR"},"content":{"rendered":"<h2>MINIFOR ist der ideale Laborfermenter f\u00fcr kleine Volumina &#8211; von 50 bis 6000 ml.<\/h2>\n<p>Beschreibung<\/p>\n<p>Lieferbare Gef\u00e4ss-Aufs\u00e4tze: 0,5 L, 1 L, 3L, 7 L.<\/p>\n<p><img loading=\"lazy\" decoding=\"async\" src=\"https:\/\/sysmatec.ch\/Images\/LambdaFermentor8.jpg\" width=\"654\" height=\"453\" border=\"0\" \/><\/p>\n<p>Durch das einzigartige und schonende Bel\u00fcftungssystem ist er geeignet sowohl f\u00fcr <a href=\"https:\/\/sysmatec.ch\/German\/dB0_Bioreaktor.html\">Zellkulturen<\/a>, als auch f\u00fcr Kulturen von Mikroorganismen (Bakterien, Hefe, Pilze).<\/p>\n<p>Messung, Kontrolle und Steuerung der Parameter Temperatur, pH, pO2, Bel\u00fcftung, R\u00fchrung, Redox Ppotential.<\/p>\n<p>Einfache Bedienung und kompakte Masse.<\/p>\n<p>\u00dcbersichtlich. Leicht zug\u00e4ngliches Bedienfeld an der Frontseite des Ger\u00e4tes. Einfacher Zugang zu den verschiedenen Teilen.<\/p>\n<p>Bietet die M\u00f6glichkeit der <a href=\"https:\/\/sysmatec.ch\/German\/dG2_FNet.html\">Steuerung<\/a> durch einen PC. Dies erm\u00f6glicht die zentrale Verwaltung, Steuerung und Archivierung der Daten.<\/p>\n<p>Mehrere Fermenter k\u00f6nnen parallel \u00fcber einen PC gesteuert werden. Auf diese Weise k\u00f6nnen z.B. bestimmte Kultur-Parameter gezielt optimiert werden.<\/p>\n<p>Spezifikationen<\/p>\n<p>Minifor ist durch 2 Mikroprozessoren gesteuert<\/p>\n<table border=\"1\" width=\"100%\" cellspacing=\"0\" cellpadding=\"2\">\n<tbody>\n<tr>\n<td valign=\"top\">Stromspeisung<\/td>\n<td>190-245 V AC\/50-60 Hz CE konform(andere Stromspeisungen auf Anfrage)<\/td>\n<\/tr>\n<tr>\n<td>Masse<\/td>\n<td>22 \u00d7 40 \u00d7 38 cm (B\u00d7T\u00d7H)<\/td>\n<\/tr>\n<tr>\n<td>Anzeige<\/td>\n<td>LCD 4 \u00d7 40 digits hinten beleuchtet<\/td>\n<\/tr>\n<tr>\n<td valign=\"top\">Gef\u00e4ss<\/td>\n<td>Pyrex Glas mit seitliche Ver\u00f6ffnunge, 0.5, 1 l und 3 l total Volume (andere Volumen auf Anfrage)<\/td>\n<\/tr>\n<tr>\n<td>Temperatur<\/td>\n<td>Infrarot Lampe mit parabolischem Reflektor, 100 W,<\/td>\n<\/tr>\n<tr>\n<td>\n<blockquote><p>Regelung<\/p><\/blockquote>\n<\/td>\n<td>von 5 \u00b0C bis 70 \u00b0C<\/td>\n<\/tr>\n<tr>\n<td>\n<blockquote><p>Messung<\/p><\/blockquote>\n<\/td>\n<td>von 0 bis 99.9 \u00b0C, mit 0.1 \u00b0C Aufl\u00f6sung<\/td>\n<\/tr>\n<tr>\n<td>\n<blockquote><p>Genauigkeit<\/p><\/blockquote>\n<\/td>\n<td>\u00b1 0.2\u00b0C (von 0 bis 60\u00b0C)<\/td>\n<\/tr>\n<tr>\n<td>\n<blockquote><p>F\u00fchler<\/p><\/blockquote>\n<\/td>\n<td>Pt 100 integriert in der pH Sonde<\/td>\n<\/tr>\n<tr>\n<td valign=\"top\">pH -Kontrol<\/td>\n<td>sterilisierbare pH Sonde, pH von 0 bis 13, mit automatische Temperaturkompensation, Variopin Stecker, 2 Punkt-Kalibration<\/td>\n<\/tr>\n<tr>\n<td>\n<blockquote><p>Aufl\u00f6sung<\/p><\/blockquote>\n<\/td>\n<td>0.01 pH<\/td>\n<\/tr>\n<tr>\n<td>\n<blockquote><p>Genauigkeit<\/p><\/blockquote>\n<\/td>\n<td>\u00b1 0.02 pH<\/td>\n<\/tr>\n<tr>\n<td valign=\"top\">pO2 -Kontrol<\/td>\n<td>Clark Elektrode, sehr kurze Antwortzeit, mit verst\u00e4rkter Teflon-Membran, sterilisierbar, pO2 Regelung durch den Luftdurchfluss<\/td>\n<\/tr>\n<tr>\n<td>\n<blockquote><p>Bereich<\/p><\/blockquote>\n<\/td>\n<td>0 bis 10 mg\/l Sauerstoff, mit 0.1 mg\/l Aufl\u00f6sung<\/td>\n<\/tr>\n<tr>\n<td valign=\"top\">Luftdurchfluss<\/td>\n<td>0 \u00e0 5 l\/min. par pas de 0.1 l\/min., d\u00e9bitm\u00e8tre massique, lin\u00e9arit\u00e9 \u00b1 3 %, reproducibilit\u00e9 \u00b1 0.5 %<\/td>\n<\/tr>\n<tr>\n<td>\n<blockquote><p>Steuerung<\/p><\/blockquote>\n<\/td>\n<td>proportionale Ventil<\/td>\n<\/tr>\n<tr>\n<td>\n<blockquote><p>Druck<\/p><\/blockquote>\n<\/td>\n<td>max. 0.05 et 0.2 MPa Ueberdruck<\/td>\n<\/tr>\n<tr>\n<td valign=\"top\">R\u00fchrung<\/td>\n<td>Vibromixer 40 W, 0 bis 20 Hz, ein oder mehere Mischscheibe<\/td>\n<\/tr>\n<tr>\n<td valign=\"top\">Zus\u00e4tzlicher Parameter<\/td>\n<td>ein zus\u00e4tzlicher Paramter kann gemessen und geregelt sein (Antischaum, pCO2, optische Dichte, Kondiktivit\u00e4t, etc&#8230;), Eingang 0-10 V<\/td>\n<\/tr>\n<tr>\n<td valign=\"top\">Redox Potential Messung<\/td>\n<td>-999 bis 999 mV<\/td>\n<\/tr>\n<tr>\n<td valign=\"top\">Probe<\/td>\n<td>4 Kan\u00fclen mit Luer-Lock k\u00f6nnen f\u00fcr Muster oder Zudosieren von L\u00f6sungen ben\u00fctzt werden mitgeliefert<\/td>\n<\/tr>\n<tr>\n<td valign=\"top\">Pumpen<\/td>\n<td>Bis zu 4 Pumpen k\u00f6nnen an der zentral Einheit angeschlossen werde, 2 davon werden f\u00fcr die pH Regelung benutzt<\/td>\n<\/tr>\n<tr>\n<td>Umgebungtemperatur<\/td>\n<td>0-40 \u00b0C<\/td>\n<\/tr>\n<tr>\n<td>Umgebungfeuchte<\/td>\n<td>0-90 % RH<\/td>\n<\/tr>\n<tr>\n<td>Gewicht<\/td>\n<td>7.5 kg<\/td>\n<\/tr>\n<tr>\n<td valign=\"top\">PC Steuerung<\/td>\n<td>Datenerfassung und Kontrol: SIAM oder FNet<\/td>\n<\/tr>\n<\/tbody>\n<\/table>\n<p>&nbsp;<\/p>\n","protected":false},"excerpt":{"rendered":"<p><span class=\"VIiyi\" lang=\"de\"><span class=\"JLqJ4b ChMk0b\" data-language-for-alternatives=\"de\" data-language-to-translate-into=\"fr\" data-phrase-index=\"0\">Autoklavierbarer Laborfermenter, Gef\u00e4ss von 250 ml bis 7 L<\/span><\/span><\/p>\n","protected":false},"featured_media":1341,"template":"","meta":{"_crdt_document":""},"product_brand":[],"product_cat":[113],"product_tag":[],"class_list":{"0":"post-2119","1":"product","2":"type-product","3":"status-publish","4":"has-post-thumbnail","6":"product_cat-fermenter","8":"first","9":"instock","10":"taxable","11":"shipping-taxable","12":"product-type-simple"},"yoast_head":"<!-- This site is optimized with the Yoast SEO plugin v27.3 - https:\/\/yoast.com\/product\/yoast-seo-wordpress\/ -->\n<title>Fermenter MINIFOR - Sysmatec<\/title>\n<meta name=\"description\" content=\"Laborfermenter oder Bioreaktor, autoklavierbar, kompakt, f\u00fcr Kulturen von Mikroorganismen oder f\u00fcr Zellkulturen.\" \/>\n<meta name=\"robots\" content=\"index, follow, max-snippet:-1, max-image-preview:large, max-video-preview:-1\" \/>\n<link rel=\"canonical\" href=\"https:\/\/sysmatec.ch\/de\/produit\/fermenter-minifor\/\" \/>\n<meta property=\"og:locale\" content=\"de_DE\" \/>\n<meta property=\"og:type\" content=\"article\" \/>\n<meta property=\"og:title\" content=\"Fermenter MINIFOR - Sysmatec\" \/>\n<meta property=\"og:description\" content=\"Laborfermenter oder Bioreaktor, autoklavierbar, kompakt, f\u00fcr Kulturen von Mikroorganismen oder f\u00fcr Zellkulturen.\" \/>\n<meta property=\"og:url\" content=\"https:\/\/sysmatec.ch\/de\/produit\/fermenter-minifor\/\" \/>\n<meta property=\"og:site_name\" content=\"Sysmatec\" \/>\n<meta property=\"article:modified_time\" content=\"2021-11-18T21:03:33+00:00\" \/>\n<meta property=\"og:image\" content=\"https:\/\/sysmatec.ch\/wp-content\/uploads\/2019\/01\/Fermenteur_Lambda.gif\" \/>\n\t<meta property=\"og:image:width\" content=\"137\" \/>\n\t<meta property=\"og:image:height\" content=\"285\" \/>\n\t<meta property=\"og:image:type\" content=\"image\/gif\" \/>\n<meta name=\"twitter:card\" content=\"summary_large_image\" \/>\n<meta name=\"twitter:label1\" content=\"Gesch\u00e4tzte Lesezeit\" \/>\n\t<meta name=\"twitter:data1\" content=\"2\u00a0Minuten\" \/>\n<script type=\"application\/ld+json\" class=\"yoast-schema-graph\">{\"@context\":\"https:\\\/\\\/schema.org\",\"@graph\":[{\"@type\":\"WebPage\",\"@id\":\"https:\\\/\\\/sysmatec.ch\\\/de\\\/produit\\\/fermenter-minifor\\\/\",\"url\":\"https:\\\/\\\/sysmatec.ch\\\/de\\\/produit\\\/fermenter-minifor\\\/\",\"name\":\"Fermenter MINIFOR - Sysmatec\",\"isPartOf\":{\"@id\":\"https:\\\/\\\/sysmatec.ch\\\/de\\\/#website\"},\"primaryImageOfPage\":{\"@id\":\"https:\\\/\\\/sysmatec.ch\\\/de\\\/produit\\\/fermenter-minifor\\\/#primaryimage\"},\"image\":{\"@id\":\"https:\\\/\\\/sysmatec.ch\\\/de\\\/produit\\\/fermenter-minifor\\\/#primaryimage\"},\"thumbnailUrl\":\"https:\\\/\\\/sysmatec.ch\\\/wp-content\\\/uploads\\\/2019\\\/01\\\/Fermenteur_Lambda.gif\",\"datePublished\":\"2019-01-15T20:13:41+00:00\",\"dateModified\":\"2021-11-18T21:03:33+00:00\",\"description\":\"Laborfermenter oder Bioreaktor, autoklavierbar, kompakt, f\u00fcr Kulturen von Mikroorganismen oder f\u00fcr Zellkulturen.\",\"breadcrumb\":{\"@id\":\"https:\\\/\\\/sysmatec.ch\\\/de\\\/produit\\\/fermenter-minifor\\\/#breadcrumb\"},\"inLanguage\":\"de\",\"potentialAction\":[{\"@type\":\"ReadAction\",\"target\":[\"https:\\\/\\\/sysmatec.ch\\\/de\\\/produit\\\/fermenter-minifor\\\/\"]}]},{\"@type\":\"ImageObject\",\"inLanguage\":\"de\",\"@id\":\"https:\\\/\\\/sysmatec.ch\\\/de\\\/produit\\\/fermenter-minifor\\\/#primaryimage\",\"url\":\"https:\\\/\\\/sysmatec.ch\\\/wp-content\\\/uploads\\\/2019\\\/01\\\/Fermenteur_Lambda.gif\",\"contentUrl\":\"https:\\\/\\\/sysmatec.ch\\\/wp-content\\\/uploads\\\/2019\\\/01\\\/Fermenteur_Lambda.gif\",\"width\":137,\"height\":285},{\"@type\":\"BreadcrumbList\",\"@id\":\"https:\\\/\\\/sysmatec.ch\\\/de\\\/produit\\\/fermenter-minifor\\\/#breadcrumb\",\"itemListElement\":[{\"@type\":\"ListItem\",\"position\":1,\"name\":\"Accueil\",\"item\":\"https:\\\/\\\/sysmatec.ch\\\/de\\\/\"},{\"@type\":\"ListItem\",\"position\":2,\"name\":\"Die Aktivit\u00e4t von Sysmatec\",\"item\":\"https:\\\/\\\/sysmatec.ch\\\/de\\\/\"},{\"@type\":\"ListItem\",\"position\":3,\"name\":\"Fermenter MINIFOR\"}]},{\"@type\":\"WebSite\",\"@id\":\"https:\\\/\\\/sysmatec.ch\\\/de\\\/#website\",\"url\":\"https:\\\/\\\/sysmatec.ch\\\/de\\\/\",\"name\":\"Sysmatec\",\"description\":\"Equipement de laboratoire et logiciels\",\"publisher\":{\"@id\":\"https:\\\/\\\/sysmatec.ch\\\/de\\\/#organization\"},\"potentialAction\":[{\"@type\":\"SearchAction\",\"target\":{\"@type\":\"EntryPoint\",\"urlTemplate\":\"https:\\\/\\\/sysmatec.ch\\\/de\\\/?s={search_term_string}\"},\"query-input\":{\"@type\":\"PropertyValueSpecification\",\"valueRequired\":true,\"valueName\":\"search_term_string\"}}],\"inLanguage\":\"de\"},{\"@type\":\"Organization\",\"@id\":\"https:\\\/\\\/sysmatec.ch\\\/de\\\/#organization\",\"name\":\"Sysmatec\",\"url\":\"https:\\\/\\\/sysmatec.ch\\\/de\\\/\",\"logo\":{\"@type\":\"ImageObject\",\"inLanguage\":\"de\",\"@id\":\"https:\\\/\\\/sysmatec.ch\\\/de\\\/#\\\/schema\\\/logo\\\/image\\\/\",\"url\":\"https:\\\/\\\/sysmatec.ch\\\/wp-content\\\/uploads\\\/2018\\\/11\\\/LogoSysmatec.jpg\",\"contentUrl\":\"https:\\\/\\\/sysmatec.ch\\\/wp-content\\\/uploads\\\/2018\\\/11\\\/LogoSysmatec.jpg\",\"width\":301,\"height\":297,\"caption\":\"Sysmatec\"},\"image\":{\"@id\":\"https:\\\/\\\/sysmatec.ch\\\/de\\\/#\\\/schema\\\/logo\\\/image\\\/\"}}]}<\/script>\n<!-- \/ Yoast SEO plugin. -->","yoast_head_json":{"title":"Fermenter MINIFOR - Sysmatec","description":"Laborfermenter oder Bioreaktor, autoklavierbar, kompakt, f\u00fcr Kulturen von Mikroorganismen oder f\u00fcr Zellkulturen.","robots":{"index":"index","follow":"follow","max-snippet":"max-snippet:-1","max-image-preview":"max-image-preview:large","max-video-preview":"max-video-preview:-1"},"canonical":"https:\/\/sysmatec.ch\/de\/produit\/fermenter-minifor\/","og_locale":"de_DE","og_type":"article","og_title":"Fermenter MINIFOR - Sysmatec","og_description":"Laborfermenter oder Bioreaktor, autoklavierbar, kompakt, f\u00fcr Kulturen von Mikroorganismen oder f\u00fcr Zellkulturen.","og_url":"https:\/\/sysmatec.ch\/de\/produit\/fermenter-minifor\/","og_site_name":"Sysmatec","article_modified_time":"2021-11-18T21:03:33+00:00","og_image":[{"width":137,"height":285,"url":"https:\/\/sysmatec.ch\/wp-content\/uploads\/2019\/01\/Fermenteur_Lambda.gif","type":"image\/gif"}],"twitter_card":"summary_large_image","twitter_misc":{"Gesch\u00e4tzte Lesezeit":"2\u00a0Minuten"},"schema":{"@context":"https:\/\/schema.org","@graph":[{"@type":"WebPage","@id":"https:\/\/sysmatec.ch\/de\/produit\/fermenter-minifor\/","url":"https:\/\/sysmatec.ch\/de\/produit\/fermenter-minifor\/","name":"Fermenter MINIFOR - Sysmatec","isPartOf":{"@id":"https:\/\/sysmatec.ch\/de\/#website"},"primaryImageOfPage":{"@id":"https:\/\/sysmatec.ch\/de\/produit\/fermenter-minifor\/#primaryimage"},"image":{"@id":"https:\/\/sysmatec.ch\/de\/produit\/fermenter-minifor\/#primaryimage"},"thumbnailUrl":"https:\/\/sysmatec.ch\/wp-content\/uploads\/2019\/01\/Fermenteur_Lambda.gif","datePublished":"2019-01-15T20:13:41+00:00","dateModified":"2021-11-18T21:03:33+00:00","description":"Laborfermenter oder Bioreaktor, autoklavierbar, kompakt, f\u00fcr Kulturen von Mikroorganismen oder f\u00fcr Zellkulturen.","breadcrumb":{"@id":"https:\/\/sysmatec.ch\/de\/produit\/fermenter-minifor\/#breadcrumb"},"inLanguage":"de","potentialAction":[{"@type":"ReadAction","target":["https:\/\/sysmatec.ch\/de\/produit\/fermenter-minifor\/"]}]},{"@type":"ImageObject","inLanguage":"de","@id":"https:\/\/sysmatec.ch\/de\/produit\/fermenter-minifor\/#primaryimage","url":"https:\/\/sysmatec.ch\/wp-content\/uploads\/2019\/01\/Fermenteur_Lambda.gif","contentUrl":"https:\/\/sysmatec.ch\/wp-content\/uploads\/2019\/01\/Fermenteur_Lambda.gif","width":137,"height":285},{"@type":"BreadcrumbList","@id":"https:\/\/sysmatec.ch\/de\/produit\/fermenter-minifor\/#breadcrumb","itemListElement":[{"@type":"ListItem","position":1,"name":"Accueil","item":"https:\/\/sysmatec.ch\/de\/"},{"@type":"ListItem","position":2,"name":"Die Aktivit\u00e4t von Sysmatec","item":"https:\/\/sysmatec.ch\/de\/"},{"@type":"ListItem","position":3,"name":"Fermenter MINIFOR"}]},{"@type":"WebSite","@id":"https:\/\/sysmatec.ch\/de\/#website","url":"https:\/\/sysmatec.ch\/de\/","name":"Sysmatec","description":"Equipement de laboratoire et logiciels","publisher":{"@id":"https:\/\/sysmatec.ch\/de\/#organization"},"potentialAction":[{"@type":"SearchAction","target":{"@type":"EntryPoint","urlTemplate":"https:\/\/sysmatec.ch\/de\/?s={search_term_string}"},"query-input":{"@type":"PropertyValueSpecification","valueRequired":true,"valueName":"search_term_string"}}],"inLanguage":"de"},{"@type":"Organization","@id":"https:\/\/sysmatec.ch\/de\/#organization","name":"Sysmatec","url":"https:\/\/sysmatec.ch\/de\/","logo":{"@type":"ImageObject","inLanguage":"de","@id":"https:\/\/sysmatec.ch\/de\/#\/schema\/logo\/image\/","url":"https:\/\/sysmatec.ch\/wp-content\/uploads\/2018\/11\/LogoSysmatec.jpg","contentUrl":"https:\/\/sysmatec.ch\/wp-content\/uploads\/2018\/11\/LogoSysmatec.jpg","width":301,"height":297,"caption":"Sysmatec"},"image":{"@id":"https:\/\/sysmatec.ch\/de\/#\/schema\/logo\/image\/"}}]}},"_links":{"self":[{"href":"https:\/\/sysmatec.ch\/de\/wp-json\/wp\/v2\/product\/2119","targetHints":{"allow":["GET"]}}],"collection":[{"href":"https:\/\/sysmatec.ch\/de\/wp-json\/wp\/v2\/product"}],"about":[{"href":"https:\/\/sysmatec.ch\/de\/wp-json\/wp\/v2\/types\/product"}],"wp:featuredmedia":[{"embeddable":true,"href":"https:\/\/sysmatec.ch\/de\/wp-json\/wp\/v2\/media\/1341"}],"wp:attachment":[{"href":"https:\/\/sysmatec.ch\/de\/wp-json\/wp\/v2\/media?parent=2119"}],"wp:term":[{"taxonomy":"product_brand","embeddable":true,"href":"https:\/\/sysmatec.ch\/de\/wp-json\/wp\/v2\/product_brand?post=2119"},{"taxonomy":"product_cat","embeddable":true,"href":"https:\/\/sysmatec.ch\/de\/wp-json\/wp\/v2\/product_cat?post=2119"},{"taxonomy":"product_tag","embeddable":true,"href":"https:\/\/sysmatec.ch\/de\/wp-json\/wp\/v2\/product_tag?post=2119"}],"curies":[{"name":"wp","href":"https:\/\/api.w.org\/{rel}","templated":true}]}}