{"id":2080,"date":"2019-01-16T20:17:51","date_gmt":"2019-01-16T19:17:51","guid":{"rendered":"https:\/\/sysmatec.ch\/produit\/appareil-de-filtration-sous-vide-n1650\/"},"modified":"2022-03-06T21:45:31","modified_gmt":"2022-03-06T20:45:31","slug":"vakuum-filtrationsgeraete-n1650","status":"publish","type":"product","link":"https:\/\/sysmatec.ch\/de\/Produkt\/vakuum-filtrationsgeraete-n1650\/","title":{"rendered":"Vakuum-Filtrationsger\u00e4te N1650"},"content":{"rendered":"<p>komplett aus Fluorkunststoff (PTFE\/PFA) gefertigt &#8211; ohne Dichtungswerkstoffe. Das nur f\u00fcr Unterdruck ausgelegte Filtrationsger\u00e4t ist gegen nahezu alle Chemikalien best\u00e4ndig und gibt selbst keine Spurenelemente an das zu filternde Medium ab. Die Filtermembrane l\u00e4sst sich durch einfaches Aufschrauben des Probetrichters leicht wechseln. Als Vakuumanschluss dient eine mehrstufige Olive mit Verschlussschraube, abgestimmt auf die g\u00e4ngigsten Vakuumschl\u00e4uche. Der \u00fcbergest\u00fclpte PFA-Deckel verhindert Kontaminationen der Probe. Aufgrund der antiadh\u00e4siven Oberfl\u00e4che sind Filterger\u00e4te aus Fluorkunststoff (PTFE\/PFA) leicht zu reinigen und haben somit eine lange Lebensdauer.<\/p>\n<p>Tabellen: Filtrationsdurchfluss f\u00fcr verschiedene Porengr\u00f6sse (PTFE Membran, Differenzdruck 100 kPa)<\/p>\n<p>f\u00fcr eine Membran mit 47 mm Durchmesser und 0.2 mm Dicke<\/p>\n<table border=\"1\" width=\"365\" cellspacing=\"2\" cellpadding=\"0\">\n<tbody>\n<tr>\n<td>Porengr\u00f6sse (\u00b5m)<\/td>\n<td>Durchfluss (ml\/min)<\/td>\n<\/tr>\n<tr>\n<td>1<\/td>\n<td>510<\/td>\n<\/tr>\n<tr>\n<td>0.45<\/td>\n<td>148<\/td>\n<\/tr>\n<tr>\n<td>0.2<\/td>\n<td>57<\/td>\n<\/tr>\n<\/tbody>\n<\/table>\n<p>f\u00fcr eine Membran mit 90 mm Durchmesser und 0.2 mm Dicke<\/p>\n<table border=\"1\" width=\"365\" cellspacing=\"2\" cellpadding=\"0\">\n<tbody>\n<tr>\n<td>Porengr\u00f6sse (\u00b5m)<\/td>\n<td>Durchfluss (ml\/min)<\/td>\n<\/tr>\n<tr>\n<td>1<\/td>\n<td>1638<\/td>\n<\/tr>\n<tr>\n<td>0.45<\/td>\n<td>369<\/td>\n<\/tr>\n<tr>\n<td>0.2<\/td>\n<td>121<\/td>\n<\/tr>\n<\/tbody>\n<\/table>\n<p>Modell (Lieferumfang ohne Filtermembrane)<\/p>\n<table border=\"1\" width=\"682\" cellspacing=\"2\" cellpadding=\"0\">\n<tbody>\n<tr>\n<td>Referenz<\/td>\n<td>Membran Durchmesser<\/td>\n<td>Filtrationsoberfl\u00e4che<\/td>\n<td>Auffangdosenvolumen<\/td>\n<td>Gesamte H\u00f6he<\/td>\n<td>Ext. Durchmesser<\/td>\n<\/tr>\n<tr>\n<td>N1650-8<\/td>\n<td>47 mm<\/td>\n<td>13.8 cm2<\/td>\n<td>240 ml<\/td>\n<td>250 mm<\/td>\n<td>86 mm<\/td>\n<\/tr>\n<tr>\n<td>N1650-16<\/td>\n<td>47 mm<\/td>\n<td>13.8 cm2<\/td>\n<td>500 ml<\/td>\n<td>290 mm<\/td>\n<td>100 mm<\/td>\n<\/tr>\n<tr>\n<td>N1650-24<\/td>\n<td>90 mm<\/td>\n<td>55.4 cm2<\/td>\n<td>1000 ml<\/td>\n<td>370 mm<\/td>\n<td>130 mm<\/td>\n<\/tr>\n<\/tbody>\n<\/table>\n","protected":false},"excerpt":{"rendered":"<p>PTFE Vakuum-Filtrationsger\u00e4te<\/p>\n","protected":false},"featured_media":1377,"template":"","meta":{"_crdt_document":""},"product_brand":[],"product_cat":[109],"product_tag":[],"class_list":{"0":"post-2080","1":"product","2":"type-product","3":"status-publish","4":"has-post-thumbnail","6":"product_cat-filtration-de","8":"first","9":"instock","10":"taxable","11":"shipping-taxable","12":"product-type-simple"},"yoast_head":"<!-- This site is optimized with the Yoast SEO plugin v27.4 - https:\/\/yoast.com\/product\/yoast-seo-wordpress\/ -->\n<title>Vakuum-Filtrationsger\u00e4te N1650 - Sysmatec<\/title>\n<meta name=\"description\" content=\"PTFE-Adapter f\u00fcr die Vakuumfiltration. Es erm\u00f6glicht die Befestigung des Trichters oder des Systems, das den Filter aufnimmt.\" \/>\n<meta name=\"robots\" content=\"index, follow, max-snippet:-1, max-image-preview:large, max-video-preview:-1\" \/>\n<link rel=\"canonical\" href=\"https:\/\/sysmatec.ch\/de\/produit\/vakuum-filtrationsgeraete-n1650\/\" \/>\n<meta property=\"og:locale\" content=\"de_DE\" \/>\n<meta property=\"og:type\" content=\"article\" \/>\n<meta property=\"og:title\" content=\"Vakuum-Filtrationsger\u00e4te N1650 - Sysmatec\" \/>\n<meta property=\"og:description\" content=\"PTFE-Adapter f\u00fcr die Vakuumfiltration. Es erm\u00f6glicht die Befestigung des Trichters oder des Systems, das den Filter aufnimmt.\" \/>\n<meta property=\"og:url\" content=\"https:\/\/sysmatec.ch\/de\/produit\/vakuum-filtrationsgeraete-n1650\/\" \/>\n<meta property=\"og:site_name\" content=\"Sysmatec\" \/>\n<meta property=\"article:modified_time\" content=\"2022-03-06T20:45:31+00:00\" \/>\n<meta property=\"og:image\" content=\"https:\/\/sysmatec.ch\/wp-content\/uploads\/2019\/01\/Filtration_Bola1650.gif\" \/>\n\t<meta property=\"og:image:width\" content=\"151\" \/>\n\t<meta property=\"og:image:height\" content=\"121\" \/>\n\t<meta property=\"og:image:type\" content=\"image\/gif\" \/>\n<meta name=\"twitter:card\" content=\"summary_large_image\" \/>\n<meta name=\"twitter:label1\" content=\"Gesch\u00e4tzte Lesezeit\" \/>\n\t<meta name=\"twitter:data1\" content=\"1\u00a0Minute\" \/>\n<script type=\"application\/ld+json\" class=\"yoast-schema-graph\">{\"@context\":\"https:\\\/\\\/schema.org\",\"@graph\":[{\"@type\":\"WebPage\",\"@id\":\"https:\\\/\\\/sysmatec.ch\\\/de\\\/produit\\\/vakuum-filtrationsgeraete-n1650\\\/\",\"url\":\"https:\\\/\\\/sysmatec.ch\\\/de\\\/produit\\\/vakuum-filtrationsgeraete-n1650\\\/\",\"name\":\"Vakuum-Filtrationsger\u00e4te N1650 - Sysmatec\",\"isPartOf\":{\"@id\":\"https:\\\/\\\/sysmatec.ch\\\/de\\\/#website\"},\"primaryImageOfPage\":{\"@id\":\"https:\\\/\\\/sysmatec.ch\\\/de\\\/produit\\\/vakuum-filtrationsgeraete-n1650\\\/#primaryimage\"},\"image\":{\"@id\":\"https:\\\/\\\/sysmatec.ch\\\/de\\\/produit\\\/vakuum-filtrationsgeraete-n1650\\\/#primaryimage\"},\"thumbnailUrl\":\"https:\\\/\\\/sysmatec.ch\\\/wp-content\\\/uploads\\\/2019\\\/01\\\/Filtration_Bola1650.gif\",\"datePublished\":\"2019-01-16T19:17:51+00:00\",\"dateModified\":\"2022-03-06T20:45:31+00:00\",\"description\":\"PTFE-Adapter f\u00fcr die Vakuumfiltration. Es erm\u00f6glicht die Befestigung des Trichters oder des Systems, das den Filter aufnimmt.\",\"breadcrumb\":{\"@id\":\"https:\\\/\\\/sysmatec.ch\\\/de\\\/produit\\\/vakuum-filtrationsgeraete-n1650\\\/#breadcrumb\"},\"inLanguage\":\"de\",\"potentialAction\":[{\"@type\":\"ReadAction\",\"target\":[\"https:\\\/\\\/sysmatec.ch\\\/de\\\/produit\\\/vakuum-filtrationsgeraete-n1650\\\/\"]}]},{\"@type\":\"ImageObject\",\"inLanguage\":\"de\",\"@id\":\"https:\\\/\\\/sysmatec.ch\\\/de\\\/produit\\\/vakuum-filtrationsgeraete-n1650\\\/#primaryimage\",\"url\":\"https:\\\/\\\/sysmatec.ch\\\/wp-content\\\/uploads\\\/2019\\\/01\\\/Filtration_Bola1650.gif\",\"contentUrl\":\"https:\\\/\\\/sysmatec.ch\\\/wp-content\\\/uploads\\\/2019\\\/01\\\/Filtration_Bola1650.gif\",\"width\":151,\"height\":121},{\"@type\":\"BreadcrumbList\",\"@id\":\"https:\\\/\\\/sysmatec.ch\\\/de\\\/produit\\\/vakuum-filtrationsgeraete-n1650\\\/#breadcrumb\",\"itemListElement\":[{\"@type\":\"ListItem\",\"position\":1,\"name\":\"Accueil\",\"item\":\"https:\\\/\\\/sysmatec.ch\\\/de\\\/\"},{\"@type\":\"ListItem\",\"position\":2,\"name\":\"Die Aktivit\u00e4t von Sysmatec\",\"item\":\"https:\\\/\\\/sysmatec.ch\\\/de\\\/\"},{\"@type\":\"ListItem\",\"position\":3,\"name\":\"Vakuum-Filtrationsger\u00e4te N1650\"}]},{\"@type\":\"WebSite\",\"@id\":\"https:\\\/\\\/sysmatec.ch\\\/de\\\/#website\",\"url\":\"https:\\\/\\\/sysmatec.ch\\\/de\\\/\",\"name\":\"Sysmatec\",\"description\":\"Equipement de laboratoire et logiciels\",\"publisher\":{\"@id\":\"https:\\\/\\\/sysmatec.ch\\\/de\\\/#organization\"},\"potentialAction\":[{\"@type\":\"SearchAction\",\"target\":{\"@type\":\"EntryPoint\",\"urlTemplate\":\"https:\\\/\\\/sysmatec.ch\\\/de\\\/?s={search_term_string}\"},\"query-input\":{\"@type\":\"PropertyValueSpecification\",\"valueRequired\":true,\"valueName\":\"search_term_string\"}}],\"inLanguage\":\"de\"},{\"@type\":\"Organization\",\"@id\":\"https:\\\/\\\/sysmatec.ch\\\/de\\\/#organization\",\"name\":\"Sysmatec\",\"url\":\"https:\\\/\\\/sysmatec.ch\\\/de\\\/\",\"logo\":{\"@type\":\"ImageObject\",\"inLanguage\":\"de\",\"@id\":\"https:\\\/\\\/sysmatec.ch\\\/de\\\/#\\\/schema\\\/logo\\\/image\\\/\",\"url\":\"https:\\\/\\\/sysmatec.ch\\\/wp-content\\\/uploads\\\/2018\\\/11\\\/LogoSysmatec.jpg\",\"contentUrl\":\"https:\\\/\\\/sysmatec.ch\\\/wp-content\\\/uploads\\\/2018\\\/11\\\/LogoSysmatec.jpg\",\"width\":301,\"height\":297,\"caption\":\"Sysmatec\"},\"image\":{\"@id\":\"https:\\\/\\\/sysmatec.ch\\\/de\\\/#\\\/schema\\\/logo\\\/image\\\/\"}}]}<\/script>\n<!-- \/ Yoast SEO plugin. -->","yoast_head_json":{"title":"Vakuum-Filtrationsger\u00e4te N1650 - Sysmatec","description":"PTFE-Adapter f\u00fcr die Vakuumfiltration. Es erm\u00f6glicht die Befestigung des Trichters oder des Systems, das den Filter aufnimmt.","robots":{"index":"index","follow":"follow","max-snippet":"max-snippet:-1","max-image-preview":"max-image-preview:large","max-video-preview":"max-video-preview:-1"},"canonical":"https:\/\/sysmatec.ch\/de\/produit\/vakuum-filtrationsgeraete-n1650\/","og_locale":"de_DE","og_type":"article","og_title":"Vakuum-Filtrationsger\u00e4te N1650 - Sysmatec","og_description":"PTFE-Adapter f\u00fcr die Vakuumfiltration. Es erm\u00f6glicht die Befestigung des Trichters oder des Systems, das den Filter aufnimmt.","og_url":"https:\/\/sysmatec.ch\/de\/produit\/vakuum-filtrationsgeraete-n1650\/","og_site_name":"Sysmatec","article_modified_time":"2022-03-06T20:45:31+00:00","og_image":[{"width":151,"height":121,"url":"https:\/\/sysmatec.ch\/wp-content\/uploads\/2019\/01\/Filtration_Bola1650.gif","type":"image\/gif"}],"twitter_card":"summary_large_image","twitter_misc":{"Gesch\u00e4tzte Lesezeit":"1\u00a0Minute"},"schema":{"@context":"https:\/\/schema.org","@graph":[{"@type":"WebPage","@id":"https:\/\/sysmatec.ch\/de\/produit\/vakuum-filtrationsgeraete-n1650\/","url":"https:\/\/sysmatec.ch\/de\/produit\/vakuum-filtrationsgeraete-n1650\/","name":"Vakuum-Filtrationsger\u00e4te N1650 - Sysmatec","isPartOf":{"@id":"https:\/\/sysmatec.ch\/de\/#website"},"primaryImageOfPage":{"@id":"https:\/\/sysmatec.ch\/de\/produit\/vakuum-filtrationsgeraete-n1650\/#primaryimage"},"image":{"@id":"https:\/\/sysmatec.ch\/de\/produit\/vakuum-filtrationsgeraete-n1650\/#primaryimage"},"thumbnailUrl":"https:\/\/sysmatec.ch\/wp-content\/uploads\/2019\/01\/Filtration_Bola1650.gif","datePublished":"2019-01-16T19:17:51+00:00","dateModified":"2022-03-06T20:45:31+00:00","description":"PTFE-Adapter f\u00fcr die Vakuumfiltration. Es erm\u00f6glicht die Befestigung des Trichters oder des Systems, das den Filter aufnimmt.","breadcrumb":{"@id":"https:\/\/sysmatec.ch\/de\/produit\/vakuum-filtrationsgeraete-n1650\/#breadcrumb"},"inLanguage":"de","potentialAction":[{"@type":"ReadAction","target":["https:\/\/sysmatec.ch\/de\/produit\/vakuum-filtrationsgeraete-n1650\/"]}]},{"@type":"ImageObject","inLanguage":"de","@id":"https:\/\/sysmatec.ch\/de\/produit\/vakuum-filtrationsgeraete-n1650\/#primaryimage","url":"https:\/\/sysmatec.ch\/wp-content\/uploads\/2019\/01\/Filtration_Bola1650.gif","contentUrl":"https:\/\/sysmatec.ch\/wp-content\/uploads\/2019\/01\/Filtration_Bola1650.gif","width":151,"height":121},{"@type":"BreadcrumbList","@id":"https:\/\/sysmatec.ch\/de\/produit\/vakuum-filtrationsgeraete-n1650\/#breadcrumb","itemListElement":[{"@type":"ListItem","position":1,"name":"Accueil","item":"https:\/\/sysmatec.ch\/de\/"},{"@type":"ListItem","position":2,"name":"Die Aktivit\u00e4t von Sysmatec","item":"https:\/\/sysmatec.ch\/de\/"},{"@type":"ListItem","position":3,"name":"Vakuum-Filtrationsger\u00e4te N1650"}]},{"@type":"WebSite","@id":"https:\/\/sysmatec.ch\/de\/#website","url":"https:\/\/sysmatec.ch\/de\/","name":"Sysmatec","description":"Equipement de laboratoire et logiciels","publisher":{"@id":"https:\/\/sysmatec.ch\/de\/#organization"},"potentialAction":[{"@type":"SearchAction","target":{"@type":"EntryPoint","urlTemplate":"https:\/\/sysmatec.ch\/de\/?s={search_term_string}"},"query-input":{"@type":"PropertyValueSpecification","valueRequired":true,"valueName":"search_term_string"}}],"inLanguage":"de"},{"@type":"Organization","@id":"https:\/\/sysmatec.ch\/de\/#organization","name":"Sysmatec","url":"https:\/\/sysmatec.ch\/de\/","logo":{"@type":"ImageObject","inLanguage":"de","@id":"https:\/\/sysmatec.ch\/de\/#\/schema\/logo\/image\/","url":"https:\/\/sysmatec.ch\/wp-content\/uploads\/2018\/11\/LogoSysmatec.jpg","contentUrl":"https:\/\/sysmatec.ch\/wp-content\/uploads\/2018\/11\/LogoSysmatec.jpg","width":301,"height":297,"caption":"Sysmatec"},"image":{"@id":"https:\/\/sysmatec.ch\/de\/#\/schema\/logo\/image\/"}}]}},"_links":{"self":[{"href":"https:\/\/sysmatec.ch\/de\/wp-json\/wp\/v2\/product\/2080","targetHints":{"allow":["GET"]}}],"collection":[{"href":"https:\/\/sysmatec.ch\/de\/wp-json\/wp\/v2\/product"}],"about":[{"href":"https:\/\/sysmatec.ch\/de\/wp-json\/wp\/v2\/types\/product"}],"wp:featuredmedia":[{"embeddable":true,"href":"https:\/\/sysmatec.ch\/de\/wp-json\/wp\/v2\/media\/1377"}],"wp:attachment":[{"href":"https:\/\/sysmatec.ch\/de\/wp-json\/wp\/v2\/media?parent=2080"}],"wp:term":[{"taxonomy":"product_brand","embeddable":true,"href":"https:\/\/sysmatec.ch\/de\/wp-json\/wp\/v2\/product_brand?post=2080"},{"taxonomy":"product_cat","embeddable":true,"href":"https:\/\/sysmatec.ch\/de\/wp-json\/wp\/v2\/product_cat?post=2080"},{"taxonomy":"product_tag","embeddable":true,"href":"https:\/\/sysmatec.ch\/de\/wp-json\/wp\/v2\/product_tag?post=2080"}],"curies":[{"name":"wp","href":"https:\/\/api.w.org\/{rel}","templated":true}]}}