{"id":2072,"date":"2019-01-16T21:34:21","date_gmt":"2019-01-16T20:34:21","guid":{"rendered":"https:\/\/sysmatec.ch\/produit\/systeme-de-filtration\/"},"modified":"2022-03-06T21:24:52","modified_gmt":"2022-03-06T20:24:52","slug":"durchfluss-filtrationsgeraete","status":"publish","type":"product","link":"https:\/\/sysmatec.ch\/de\/Produkt\/durchfluss-filtrationsgeraete\/","title":{"rendered":"Durchfluss-Filtrationsger\u00e4te"},"content":{"rendered":"<p>komplett aus Fluorkunststoff gefertigt &#8211; keine medienber\u00fchrende Dichtungswerkstoffe. Die f\u00fcr Unterdruck oder \u00dcberdruck ausgelegten Filtrationsger\u00e4te sind gegen nahezu alle Chemikalien best\u00e4ndig und geben selbst keine Spurenelemente an das zu filternde Medium ab. Durch die Verwendung von PTFE k\u00f6nnen die Ger\u00e4te auch f\u00fcr Temperaturen bis max. 160\u00b0C eingesetzt werden. Die Filtermembrane l\u00e4sst sich durch einfaches Aufschrauben des Probetrichters leicht wechseln. Weitere Vorteile sind die Autoklavierbarkeit und die metallfreie, durchdachte Konstruktion. Der Anschluss erfolgt durch ein Laborverschraubungssystem. Dieses auf Schneidringen basierende System erm\u00f6glicht den absolut dichten Anschluss von Schl\u00e4uchen aus Fluorkunststoff oder Rohren aus Kunststoff, Glas und Metall im Vakuum wie auch bei gr\u00f6\u00dferen \u00dcberdr\u00fccken. Die Vielfalt der Anschlussm\u00f6glichkeiten erlaubt den Einsatz als gro\u00dffl\u00e4chiges Inline-Ger\u00e4t in Leitungen eingebaut und in Kombination mit einer Pumpe als Vorschaltfilter f\u00fcr die Fl\u00fcssigkeitszufuhr. Aufgrund der antiadh\u00e4siven Oberfl\u00e4che sind Filterger\u00e4te aus Fluorkunststoff (PTFE\/PFA) leicht zu reinigen und haben somit eine lange Lebensdauer.<\/p>\n<p>Tabellen: Filtrationsdurchfluss f\u00fcr verschiedene Porengr\u00f6sse (PTFE Membran, Differenzdruck 100 kPa)<\/p>\n<p>f\u00fcr eine Membran mit 25 mm Durchmesser und 0,2 mm Dicke<\/p>\n<table border=\"1\" width=\"365\" cellspacing=\"2\" cellpadding=\"0\">\n<tbody>\n<tr>\n<td>Porengr\u00f6sse (\u00b5m)<\/td>\n<td>Durchfluss (ml\/min)<\/td>\n<\/tr>\n<tr>\n<td>1<\/td>\n<td>96<\/td>\n<\/tr>\n<tr>\n<td>0.45<\/td>\n<td>11<\/td>\n<\/tr>\n<\/tbody>\n<\/table>\n<p>f\u00fcr eine Membran mit 90 mm Durchmesser und 0,2 mm Dicke<\/p>\n<table border=\"1\" width=\"365\" cellspacing=\"2\" cellpadding=\"0\">\n<tbody>\n<tr>\n<td>Porengr\u00f6sse (\u00b5m)<\/td>\n<td>Durchfluss (ml\/min)<\/td>\n<\/tr>\n<tr>\n<td>1<\/td>\n<td>648<\/td>\n<\/tr>\n<tr>\n<td>0.45<\/td>\n<td>264<\/td>\n<\/tr>\n<\/tbody>\n<\/table>\n<p>Modell (Lieferumfang ohne Filtermembrane)<\/p>\n<table border=\"1\" width=\"576\" cellspacing=\"2\" cellpadding=\"0\">\n<tbody>\n<tr>\n<td>Referenz<\/td>\n<td>f\u00fcr Membran-\u00d8<\/td>\n<td>Filterfl\u00e4che<\/td>\n<td>Anschlu\u00dfgewinde<\/td>\n<td>f\u00fcr Schlauch Au\u00dfen-\u00d8<\/td>\n<\/tr>\n<tr>\n<td>N1670-8<\/td>\n<td>25 mm<\/td>\n<td>3.1 cm2<\/td>\n<td>GL14<\/td>\n<td>3.2 mm und 6mm<\/td>\n<\/tr>\n<tr>\n<td>N1670-16<\/td>\n<td>47 mm<\/td>\n<td>13.8 cm2<\/td>\n<td>GL18<\/td>\n<td>6 und 8 mm<\/td>\n<\/tr>\n<tr>\n<td>N1670-24<\/td>\n<td>90 mm<\/td>\n<td>52 cm2<\/td>\n<td>GL25<\/td>\n<td>8 und 10 mm<\/td>\n<\/tr>\n<\/tbody>\n<\/table>\n","protected":false},"excerpt":{"rendered":"<p>PTFE-Filtrationssystem<\/p>\n","protected":false},"featured_media":1375,"template":"","meta":{"_crdt_document":""},"product_brand":[],"product_cat":[109],"product_tag":[],"class_list":{"0":"post-2072","1":"product","2":"type-product","3":"status-publish","4":"has-post-thumbnail","6":"product_cat-filtration-de","8":"first","9":"instock","10":"taxable","11":"shipping-taxable","12":"product-type-simple"},"yoast_head":"<!-- This site is optimized with the Yoast SEO plugin v27.4 - https:\/\/yoast.com\/product\/yoast-seo-wordpress\/ -->\n<title>Durchfluss-Filtrationsger\u00e4te - Sysmatec<\/title>\n<meta name=\"description\" content=\"PTFE-Filtrationssystem f\u00fcr Rundfilter. Kann unter Vakuum oder unter Druck verwendet werden. Erh\u00e4ltlich in verschiedenen Durchmessern von 25 bis 90 mm.\" \/>\n<meta name=\"robots\" content=\"index, follow, max-snippet:-1, max-image-preview:large, max-video-preview:-1\" \/>\n<link rel=\"canonical\" href=\"https:\/\/sysmatec.ch\/de\/produit\/durchfluss-filtrationsgeraete\/\" \/>\n<meta property=\"og:locale\" content=\"de_DE\" \/>\n<meta property=\"og:type\" content=\"article\" \/>\n<meta property=\"og:title\" content=\"Durchfluss-Filtrationsger\u00e4te - Sysmatec\" \/>\n<meta property=\"og:description\" content=\"PTFE-Filtrationssystem f\u00fcr Rundfilter. Kann unter Vakuum oder unter Druck verwendet werden. Erh\u00e4ltlich in verschiedenen Durchmessern von 25 bis 90 mm.\" \/>\n<meta property=\"og:url\" content=\"https:\/\/sysmatec.ch\/de\/produit\/durchfluss-filtrationsgeraete\/\" \/>\n<meta property=\"og:site_name\" content=\"Sysmatec\" \/>\n<meta property=\"article:modified_time\" content=\"2022-03-06T20:24:52+00:00\" \/>\n<meta property=\"og:image\" content=\"https:\/\/sysmatec.ch\/wp-content\/uploads\/2019\/01\/Filtration_BolaN1670.gif\" \/>\n\t<meta property=\"og:image:width\" content=\"153\" \/>\n\t<meta property=\"og:image:height\" content=\"95\" \/>\n\t<meta property=\"og:image:type\" content=\"image\/gif\" \/>\n<meta name=\"twitter:card\" content=\"summary_large_image\" \/>\n<meta name=\"twitter:label1\" content=\"Gesch\u00e4tzte Lesezeit\" \/>\n\t<meta name=\"twitter:data1\" content=\"1\u00a0Minute\" \/>\n<script type=\"application\/ld+json\" class=\"yoast-schema-graph\">{\"@context\":\"https:\\\/\\\/schema.org\",\"@graph\":[{\"@type\":\"WebPage\",\"@id\":\"https:\\\/\\\/sysmatec.ch\\\/de\\\/produit\\\/durchfluss-filtrationsgeraete\\\/\",\"url\":\"https:\\\/\\\/sysmatec.ch\\\/de\\\/produit\\\/durchfluss-filtrationsgeraete\\\/\",\"name\":\"Durchfluss-Filtrationsger\u00e4te - Sysmatec\",\"isPartOf\":{\"@id\":\"https:\\\/\\\/sysmatec.ch\\\/de\\\/#website\"},\"primaryImageOfPage\":{\"@id\":\"https:\\\/\\\/sysmatec.ch\\\/de\\\/produit\\\/durchfluss-filtrationsgeraete\\\/#primaryimage\"},\"image\":{\"@id\":\"https:\\\/\\\/sysmatec.ch\\\/de\\\/produit\\\/durchfluss-filtrationsgeraete\\\/#primaryimage\"},\"thumbnailUrl\":\"https:\\\/\\\/sysmatec.ch\\\/wp-content\\\/uploads\\\/2019\\\/01\\\/Filtration_BolaN1670.gif\",\"datePublished\":\"2019-01-16T20:34:21+00:00\",\"dateModified\":\"2022-03-06T20:24:52+00:00\",\"description\":\"PTFE-Filtrationssystem f\u00fcr Rundfilter. Kann unter Vakuum oder unter Druck verwendet werden. Erh\u00e4ltlich in verschiedenen Durchmessern von 25 bis 90 mm.\",\"breadcrumb\":{\"@id\":\"https:\\\/\\\/sysmatec.ch\\\/de\\\/produit\\\/durchfluss-filtrationsgeraete\\\/#breadcrumb\"},\"inLanguage\":\"de\",\"potentialAction\":[{\"@type\":\"ReadAction\",\"target\":[\"https:\\\/\\\/sysmatec.ch\\\/de\\\/produit\\\/durchfluss-filtrationsgeraete\\\/\"]}]},{\"@type\":\"ImageObject\",\"inLanguage\":\"de\",\"@id\":\"https:\\\/\\\/sysmatec.ch\\\/de\\\/produit\\\/durchfluss-filtrationsgeraete\\\/#primaryimage\",\"url\":\"https:\\\/\\\/sysmatec.ch\\\/wp-content\\\/uploads\\\/2019\\\/01\\\/Filtration_BolaN1670.gif\",\"contentUrl\":\"https:\\\/\\\/sysmatec.ch\\\/wp-content\\\/uploads\\\/2019\\\/01\\\/Filtration_BolaN1670.gif\",\"width\":153,\"height\":95},{\"@type\":\"BreadcrumbList\",\"@id\":\"https:\\\/\\\/sysmatec.ch\\\/de\\\/produit\\\/durchfluss-filtrationsgeraete\\\/#breadcrumb\",\"itemListElement\":[{\"@type\":\"ListItem\",\"position\":1,\"name\":\"Accueil\",\"item\":\"https:\\\/\\\/sysmatec.ch\\\/de\\\/\"},{\"@type\":\"ListItem\",\"position\":2,\"name\":\"Die Aktivit\u00e4t von Sysmatec\",\"item\":\"https:\\\/\\\/sysmatec.ch\\\/de\\\/\"},{\"@type\":\"ListItem\",\"position\":3,\"name\":\"Durchfluss-Filtrationsger\u00e4te\"}]},{\"@type\":\"WebSite\",\"@id\":\"https:\\\/\\\/sysmatec.ch\\\/de\\\/#website\",\"url\":\"https:\\\/\\\/sysmatec.ch\\\/de\\\/\",\"name\":\"Sysmatec\",\"description\":\"Equipement de laboratoire et logiciels\",\"publisher\":{\"@id\":\"https:\\\/\\\/sysmatec.ch\\\/de\\\/#organization\"},\"potentialAction\":[{\"@type\":\"SearchAction\",\"target\":{\"@type\":\"EntryPoint\",\"urlTemplate\":\"https:\\\/\\\/sysmatec.ch\\\/de\\\/?s={search_term_string}\"},\"query-input\":{\"@type\":\"PropertyValueSpecification\",\"valueRequired\":true,\"valueName\":\"search_term_string\"}}],\"inLanguage\":\"de\"},{\"@type\":\"Organization\",\"@id\":\"https:\\\/\\\/sysmatec.ch\\\/de\\\/#organization\",\"name\":\"Sysmatec\",\"url\":\"https:\\\/\\\/sysmatec.ch\\\/de\\\/\",\"logo\":{\"@type\":\"ImageObject\",\"inLanguage\":\"de\",\"@id\":\"https:\\\/\\\/sysmatec.ch\\\/de\\\/#\\\/schema\\\/logo\\\/image\\\/\",\"url\":\"https:\\\/\\\/sysmatec.ch\\\/wp-content\\\/uploads\\\/2018\\\/11\\\/LogoSysmatec.jpg\",\"contentUrl\":\"https:\\\/\\\/sysmatec.ch\\\/wp-content\\\/uploads\\\/2018\\\/11\\\/LogoSysmatec.jpg\",\"width\":301,\"height\":297,\"caption\":\"Sysmatec\"},\"image\":{\"@id\":\"https:\\\/\\\/sysmatec.ch\\\/de\\\/#\\\/schema\\\/logo\\\/image\\\/\"}}]}<\/script>\n<!-- \/ Yoast SEO plugin. -->","yoast_head_json":{"title":"Durchfluss-Filtrationsger\u00e4te - Sysmatec","description":"PTFE-Filtrationssystem f\u00fcr Rundfilter. Kann unter Vakuum oder unter Druck verwendet werden. Erh\u00e4ltlich in verschiedenen Durchmessern von 25 bis 90 mm.","robots":{"index":"index","follow":"follow","max-snippet":"max-snippet:-1","max-image-preview":"max-image-preview:large","max-video-preview":"max-video-preview:-1"},"canonical":"https:\/\/sysmatec.ch\/de\/produit\/durchfluss-filtrationsgeraete\/","og_locale":"de_DE","og_type":"article","og_title":"Durchfluss-Filtrationsger\u00e4te - Sysmatec","og_description":"PTFE-Filtrationssystem f\u00fcr Rundfilter. Kann unter Vakuum oder unter Druck verwendet werden. Erh\u00e4ltlich in verschiedenen Durchmessern von 25 bis 90 mm.","og_url":"https:\/\/sysmatec.ch\/de\/produit\/durchfluss-filtrationsgeraete\/","og_site_name":"Sysmatec","article_modified_time":"2022-03-06T20:24:52+00:00","og_image":[{"width":153,"height":95,"url":"https:\/\/sysmatec.ch\/wp-content\/uploads\/2019\/01\/Filtration_BolaN1670.gif","type":"image\/gif"}],"twitter_card":"summary_large_image","twitter_misc":{"Gesch\u00e4tzte Lesezeit":"1\u00a0Minute"},"schema":{"@context":"https:\/\/schema.org","@graph":[{"@type":"WebPage","@id":"https:\/\/sysmatec.ch\/de\/produit\/durchfluss-filtrationsgeraete\/","url":"https:\/\/sysmatec.ch\/de\/produit\/durchfluss-filtrationsgeraete\/","name":"Durchfluss-Filtrationsger\u00e4te - Sysmatec","isPartOf":{"@id":"https:\/\/sysmatec.ch\/de\/#website"},"primaryImageOfPage":{"@id":"https:\/\/sysmatec.ch\/de\/produit\/durchfluss-filtrationsgeraete\/#primaryimage"},"image":{"@id":"https:\/\/sysmatec.ch\/de\/produit\/durchfluss-filtrationsgeraete\/#primaryimage"},"thumbnailUrl":"https:\/\/sysmatec.ch\/wp-content\/uploads\/2019\/01\/Filtration_BolaN1670.gif","datePublished":"2019-01-16T20:34:21+00:00","dateModified":"2022-03-06T20:24:52+00:00","description":"PTFE-Filtrationssystem f\u00fcr Rundfilter. Kann unter Vakuum oder unter Druck verwendet werden. Erh\u00e4ltlich in verschiedenen Durchmessern von 25 bis 90 mm.","breadcrumb":{"@id":"https:\/\/sysmatec.ch\/de\/produit\/durchfluss-filtrationsgeraete\/#breadcrumb"},"inLanguage":"de","potentialAction":[{"@type":"ReadAction","target":["https:\/\/sysmatec.ch\/de\/produit\/durchfluss-filtrationsgeraete\/"]}]},{"@type":"ImageObject","inLanguage":"de","@id":"https:\/\/sysmatec.ch\/de\/produit\/durchfluss-filtrationsgeraete\/#primaryimage","url":"https:\/\/sysmatec.ch\/wp-content\/uploads\/2019\/01\/Filtration_BolaN1670.gif","contentUrl":"https:\/\/sysmatec.ch\/wp-content\/uploads\/2019\/01\/Filtration_BolaN1670.gif","width":153,"height":95},{"@type":"BreadcrumbList","@id":"https:\/\/sysmatec.ch\/de\/produit\/durchfluss-filtrationsgeraete\/#breadcrumb","itemListElement":[{"@type":"ListItem","position":1,"name":"Accueil","item":"https:\/\/sysmatec.ch\/de\/"},{"@type":"ListItem","position":2,"name":"Die Aktivit\u00e4t von Sysmatec","item":"https:\/\/sysmatec.ch\/de\/"},{"@type":"ListItem","position":3,"name":"Durchfluss-Filtrationsger\u00e4te"}]},{"@type":"WebSite","@id":"https:\/\/sysmatec.ch\/de\/#website","url":"https:\/\/sysmatec.ch\/de\/","name":"Sysmatec","description":"Equipement de laboratoire et logiciels","publisher":{"@id":"https:\/\/sysmatec.ch\/de\/#organization"},"potentialAction":[{"@type":"SearchAction","target":{"@type":"EntryPoint","urlTemplate":"https:\/\/sysmatec.ch\/de\/?s={search_term_string}"},"query-input":{"@type":"PropertyValueSpecification","valueRequired":true,"valueName":"search_term_string"}}],"inLanguage":"de"},{"@type":"Organization","@id":"https:\/\/sysmatec.ch\/de\/#organization","name":"Sysmatec","url":"https:\/\/sysmatec.ch\/de\/","logo":{"@type":"ImageObject","inLanguage":"de","@id":"https:\/\/sysmatec.ch\/de\/#\/schema\/logo\/image\/","url":"https:\/\/sysmatec.ch\/wp-content\/uploads\/2018\/11\/LogoSysmatec.jpg","contentUrl":"https:\/\/sysmatec.ch\/wp-content\/uploads\/2018\/11\/LogoSysmatec.jpg","width":301,"height":297,"caption":"Sysmatec"},"image":{"@id":"https:\/\/sysmatec.ch\/de\/#\/schema\/logo\/image\/"}}]}},"_links":{"self":[{"href":"https:\/\/sysmatec.ch\/de\/wp-json\/wp\/v2\/product\/2072","targetHints":{"allow":["GET"]}}],"collection":[{"href":"https:\/\/sysmatec.ch\/de\/wp-json\/wp\/v2\/product"}],"about":[{"href":"https:\/\/sysmatec.ch\/de\/wp-json\/wp\/v2\/types\/product"}],"wp:featuredmedia":[{"embeddable":true,"href":"https:\/\/sysmatec.ch\/de\/wp-json\/wp\/v2\/media\/1375"}],"wp:attachment":[{"href":"https:\/\/sysmatec.ch\/de\/wp-json\/wp\/v2\/media?parent=2072"}],"wp:term":[{"taxonomy":"product_brand","embeddable":true,"href":"https:\/\/sysmatec.ch\/de\/wp-json\/wp\/v2\/product_brand?post=2072"},{"taxonomy":"product_cat","embeddable":true,"href":"https:\/\/sysmatec.ch\/de\/wp-json\/wp\/v2\/product_cat?post=2072"},{"taxonomy":"product_tag","embeddable":true,"href":"https:\/\/sysmatec.ch\/de\/wp-json\/wp\/v2\/product_tag?post=2072"}],"curies":[{"name":"wp","href":"https:\/\/api.w.org\/{rel}","templated":true}]}}