{"id":2069,"date":"2019-01-16T21:35:24","date_gmt":"2019-01-16T20:35:24","guid":{"rendered":"https:\/\/sysmatec.ch\/produit\/systeme-de-filtration-samplicity-tm\/"},"modified":"2022-03-06T21:16:42","modified_gmt":"2022-03-06T20:16:42","slug":"samplicity-filtration-system","status":"publish","type":"product","link":"https:\/\/sysmatec.ch\/de\/Produkt\/samplicity-filtration-system\/","title":{"rendered":"Samplicity(TM) Filtration System"},"content":{"rendered":"<p>Praktische, hohe Durchsatz-Alternative zu Spritzenspitzen-Filtern bei der Vorbereitung von Proben f\u00fcr die Chromatographie<\/p>\n<p>Vakuumgetriebenes System, um 1 bis 8 Proben direkt in Standard-HPLC-Durchstechflaschen zu filtern<\/p>\n<p>Bringen Sie einfach eine Vakuumpumpe an, laden Sie die Proben mit einer Standardpipette und drehen Sie den Hebel, um teilchenfreie Proben zur\u00fcckzugewinnen, auch solche mit hoher Viskosit\u00e4t oder Partikeln in Sekunden. Dar\u00fcber hinaus verf\u00fcgt das System \u00fcber ein niedriges Hochvolumen, was die Verarbeitung von Proben von bis zu 300 \u03bcl erm\u00f6glicht<\/p>\n<p>Erh\u00e4ltlich in 2 verschiedenen Farben<\/p>\n<p>Filter Material: hydrophiles PTFE<\/p>\n<table border=\"1\" width=\"305\" cellspacing=\"2\" cellpadding=\"0\">\n<tbody>\n<tr>\n<td>Referenz<\/td>\n<td>Porengr\u00f6sse (\u00b5m)<\/td>\n<td>Menge<\/td>\n<\/tr>\n<tr>\n<td>SAMPLG001<\/td>\n<td>0.20<\/td>\n<td>96\/pack<\/td>\n<\/tr>\n<tr>\n<td>SAMPLCR01<\/td>\n<td>0.45<\/td>\n<td>96\/pack<\/td>\n<\/tr>\n<tr>\n<td>SAMPLG004<\/td>\n<td>0.20<\/td>\n<td>384\/pack<\/td>\n<\/tr>\n<tr>\n<td>SAMPLCR04<\/td>\n<td>0.45<\/td>\n<td>384\/pack<\/td>\n<\/tr>\n<\/tbody>\n<\/table>\n","protected":false},"excerpt":{"rendered":"<p>Vakuumfiltrationssystem<\/p>\n","protected":false},"featured_media":1383,"template":"","meta":{"_crdt_document":""},"product_brand":[],"product_cat":[109],"product_tag":[],"class_list":{"0":"post-2069","1":"product","2":"type-product","3":"status-publish","4":"has-post-thumbnail","6":"product_cat-filtration-de","8":"first","9":"instock","10":"taxable","11":"shipping-taxable","12":"product-type-simple"},"yoast_head":"<!-- This site is optimized with the Yoast SEO plugin v27.4 - https:\/\/yoast.com\/product\/yoast-seo-wordpress\/ -->\n<title>Samplicity(TM) Filtration System - Sysmatec<\/title>\n<meta name=\"description\" content=\"Vakuumfiltrationssystem zum Filtern von 1 bis 8 Proben. Es ist einfach zu bedienen und bietet eine sehr schnelle Filtration.\" \/>\n<meta name=\"robots\" content=\"index, follow, max-snippet:-1, max-image-preview:large, max-video-preview:-1\" \/>\n<link rel=\"canonical\" href=\"https:\/\/sysmatec.ch\/de\/produit\/samplicity-filtration-system\/\" \/>\n<meta property=\"og:locale\" content=\"de_DE\" \/>\n<meta property=\"og:type\" content=\"article\" \/>\n<meta property=\"og:title\" content=\"Samplicity(TM) Filtration System - Sysmatec\" \/>\n<meta property=\"og:description\" content=\"Vakuumfiltrationssystem zum Filtern von 1 bis 8 Proben. Es ist einfach zu bedienen und bietet eine sehr schnelle Filtration.\" \/>\n<meta property=\"og:url\" content=\"https:\/\/sysmatec.ch\/de\/produit\/samplicity-filtration-system\/\" \/>\n<meta property=\"og:site_name\" content=\"Sysmatec\" \/>\n<meta property=\"article:modified_time\" content=\"2022-03-06T20:16:42+00:00\" \/>\n<meta property=\"og:image\" content=\"https:\/\/sysmatec.ch\/wp-content\/uploads\/2019\/01\/Filtration_MilliporeSamplicity1.jpg\" \/>\n\t<meta property=\"og:image:width\" content=\"171\" \/>\n\t<meta property=\"og:image:height\" content=\"117\" \/>\n\t<meta property=\"og:image:type\" content=\"image\/jpeg\" \/>\n<meta name=\"twitter:card\" content=\"summary_large_image\" \/>\n<meta name=\"twitter:label1\" content=\"Gesch\u00e4tzte Lesezeit\" \/>\n\t<meta name=\"twitter:data1\" content=\"1\u00a0Minute\" \/>\n<script type=\"application\/ld+json\" class=\"yoast-schema-graph\">{\"@context\":\"https:\\\/\\\/schema.org\",\"@graph\":[{\"@type\":\"WebPage\",\"@id\":\"https:\\\/\\\/sysmatec.ch\\\/de\\\/produit\\\/samplicity-filtration-system\\\/\",\"url\":\"https:\\\/\\\/sysmatec.ch\\\/de\\\/produit\\\/samplicity-filtration-system\\\/\",\"name\":\"Samplicity(TM) Filtration System - Sysmatec\",\"isPartOf\":{\"@id\":\"https:\\\/\\\/sysmatec.ch\\\/de\\\/#website\"},\"primaryImageOfPage\":{\"@id\":\"https:\\\/\\\/sysmatec.ch\\\/de\\\/produit\\\/samplicity-filtration-system\\\/#primaryimage\"},\"image\":{\"@id\":\"https:\\\/\\\/sysmatec.ch\\\/de\\\/produit\\\/samplicity-filtration-system\\\/#primaryimage\"},\"thumbnailUrl\":\"https:\\\/\\\/sysmatec.ch\\\/wp-content\\\/uploads\\\/2019\\\/01\\\/Filtration_MilliporeSamplicity1.jpg\",\"datePublished\":\"2019-01-16T20:35:24+00:00\",\"dateModified\":\"2022-03-06T20:16:42+00:00\",\"description\":\"Vakuumfiltrationssystem zum Filtern von 1 bis 8 Proben. Es ist einfach zu bedienen und bietet eine sehr schnelle Filtration.\",\"breadcrumb\":{\"@id\":\"https:\\\/\\\/sysmatec.ch\\\/de\\\/produit\\\/samplicity-filtration-system\\\/#breadcrumb\"},\"inLanguage\":\"de\",\"potentialAction\":[{\"@type\":\"ReadAction\",\"target\":[\"https:\\\/\\\/sysmatec.ch\\\/de\\\/produit\\\/samplicity-filtration-system\\\/\"]}]},{\"@type\":\"ImageObject\",\"inLanguage\":\"de\",\"@id\":\"https:\\\/\\\/sysmatec.ch\\\/de\\\/produit\\\/samplicity-filtration-system\\\/#primaryimage\",\"url\":\"https:\\\/\\\/sysmatec.ch\\\/wp-content\\\/uploads\\\/2019\\\/01\\\/Filtration_MilliporeSamplicity1.jpg\",\"contentUrl\":\"https:\\\/\\\/sysmatec.ch\\\/wp-content\\\/uploads\\\/2019\\\/01\\\/Filtration_MilliporeSamplicity1.jpg\",\"width\":171,\"height\":117},{\"@type\":\"BreadcrumbList\",\"@id\":\"https:\\\/\\\/sysmatec.ch\\\/de\\\/produit\\\/samplicity-filtration-system\\\/#breadcrumb\",\"itemListElement\":[{\"@type\":\"ListItem\",\"position\":1,\"name\":\"Accueil\",\"item\":\"https:\\\/\\\/sysmatec.ch\\\/de\\\/\"},{\"@type\":\"ListItem\",\"position\":2,\"name\":\"Die Aktivit\u00e4t von Sysmatec\",\"item\":\"https:\\\/\\\/sysmatec.ch\\\/de\\\/\"},{\"@type\":\"ListItem\",\"position\":3,\"name\":\"Samplicity(TM) Filtration System\"}]},{\"@type\":\"WebSite\",\"@id\":\"https:\\\/\\\/sysmatec.ch\\\/de\\\/#website\",\"url\":\"https:\\\/\\\/sysmatec.ch\\\/de\\\/\",\"name\":\"Sysmatec\",\"description\":\"Equipement de laboratoire et logiciels\",\"publisher\":{\"@id\":\"https:\\\/\\\/sysmatec.ch\\\/de\\\/#organization\"},\"potentialAction\":[{\"@type\":\"SearchAction\",\"target\":{\"@type\":\"EntryPoint\",\"urlTemplate\":\"https:\\\/\\\/sysmatec.ch\\\/de\\\/?s={search_term_string}\"},\"query-input\":{\"@type\":\"PropertyValueSpecification\",\"valueRequired\":true,\"valueName\":\"search_term_string\"}}],\"inLanguage\":\"de\"},{\"@type\":\"Organization\",\"@id\":\"https:\\\/\\\/sysmatec.ch\\\/de\\\/#organization\",\"name\":\"Sysmatec\",\"url\":\"https:\\\/\\\/sysmatec.ch\\\/de\\\/\",\"logo\":{\"@type\":\"ImageObject\",\"inLanguage\":\"de\",\"@id\":\"https:\\\/\\\/sysmatec.ch\\\/de\\\/#\\\/schema\\\/logo\\\/image\\\/\",\"url\":\"https:\\\/\\\/sysmatec.ch\\\/wp-content\\\/uploads\\\/2018\\\/11\\\/LogoSysmatec.jpg\",\"contentUrl\":\"https:\\\/\\\/sysmatec.ch\\\/wp-content\\\/uploads\\\/2018\\\/11\\\/LogoSysmatec.jpg\",\"width\":301,\"height\":297,\"caption\":\"Sysmatec\"},\"image\":{\"@id\":\"https:\\\/\\\/sysmatec.ch\\\/de\\\/#\\\/schema\\\/logo\\\/image\\\/\"}}]}<\/script>\n<!-- \/ Yoast SEO plugin. -->","yoast_head_json":{"title":"Samplicity(TM) Filtration System - Sysmatec","description":"Vakuumfiltrationssystem zum Filtern von 1 bis 8 Proben. Es ist einfach zu bedienen und bietet eine sehr schnelle Filtration.","robots":{"index":"index","follow":"follow","max-snippet":"max-snippet:-1","max-image-preview":"max-image-preview:large","max-video-preview":"max-video-preview:-1"},"canonical":"https:\/\/sysmatec.ch\/de\/produit\/samplicity-filtration-system\/","og_locale":"de_DE","og_type":"article","og_title":"Samplicity(TM) Filtration System - Sysmatec","og_description":"Vakuumfiltrationssystem zum Filtern von 1 bis 8 Proben. Es ist einfach zu bedienen und bietet eine sehr schnelle Filtration.","og_url":"https:\/\/sysmatec.ch\/de\/produit\/samplicity-filtration-system\/","og_site_name":"Sysmatec","article_modified_time":"2022-03-06T20:16:42+00:00","og_image":[{"width":171,"height":117,"url":"https:\/\/sysmatec.ch\/wp-content\/uploads\/2019\/01\/Filtration_MilliporeSamplicity1.jpg","type":"image\/jpeg"}],"twitter_card":"summary_large_image","twitter_misc":{"Gesch\u00e4tzte Lesezeit":"1\u00a0Minute"},"schema":{"@context":"https:\/\/schema.org","@graph":[{"@type":"WebPage","@id":"https:\/\/sysmatec.ch\/de\/produit\/samplicity-filtration-system\/","url":"https:\/\/sysmatec.ch\/de\/produit\/samplicity-filtration-system\/","name":"Samplicity(TM) Filtration System - Sysmatec","isPartOf":{"@id":"https:\/\/sysmatec.ch\/de\/#website"},"primaryImageOfPage":{"@id":"https:\/\/sysmatec.ch\/de\/produit\/samplicity-filtration-system\/#primaryimage"},"image":{"@id":"https:\/\/sysmatec.ch\/de\/produit\/samplicity-filtration-system\/#primaryimage"},"thumbnailUrl":"https:\/\/sysmatec.ch\/wp-content\/uploads\/2019\/01\/Filtration_MilliporeSamplicity1.jpg","datePublished":"2019-01-16T20:35:24+00:00","dateModified":"2022-03-06T20:16:42+00:00","description":"Vakuumfiltrationssystem zum Filtern von 1 bis 8 Proben. Es ist einfach zu bedienen und bietet eine sehr schnelle Filtration.","breadcrumb":{"@id":"https:\/\/sysmatec.ch\/de\/produit\/samplicity-filtration-system\/#breadcrumb"},"inLanguage":"de","potentialAction":[{"@type":"ReadAction","target":["https:\/\/sysmatec.ch\/de\/produit\/samplicity-filtration-system\/"]}]},{"@type":"ImageObject","inLanguage":"de","@id":"https:\/\/sysmatec.ch\/de\/produit\/samplicity-filtration-system\/#primaryimage","url":"https:\/\/sysmatec.ch\/wp-content\/uploads\/2019\/01\/Filtration_MilliporeSamplicity1.jpg","contentUrl":"https:\/\/sysmatec.ch\/wp-content\/uploads\/2019\/01\/Filtration_MilliporeSamplicity1.jpg","width":171,"height":117},{"@type":"BreadcrumbList","@id":"https:\/\/sysmatec.ch\/de\/produit\/samplicity-filtration-system\/#breadcrumb","itemListElement":[{"@type":"ListItem","position":1,"name":"Accueil","item":"https:\/\/sysmatec.ch\/de\/"},{"@type":"ListItem","position":2,"name":"Die Aktivit\u00e4t von Sysmatec","item":"https:\/\/sysmatec.ch\/de\/"},{"@type":"ListItem","position":3,"name":"Samplicity(TM) Filtration System"}]},{"@type":"WebSite","@id":"https:\/\/sysmatec.ch\/de\/#website","url":"https:\/\/sysmatec.ch\/de\/","name":"Sysmatec","description":"Equipement de laboratoire et logiciels","publisher":{"@id":"https:\/\/sysmatec.ch\/de\/#organization"},"potentialAction":[{"@type":"SearchAction","target":{"@type":"EntryPoint","urlTemplate":"https:\/\/sysmatec.ch\/de\/?s={search_term_string}"},"query-input":{"@type":"PropertyValueSpecification","valueRequired":true,"valueName":"search_term_string"}}],"inLanguage":"de"},{"@type":"Organization","@id":"https:\/\/sysmatec.ch\/de\/#organization","name":"Sysmatec","url":"https:\/\/sysmatec.ch\/de\/","logo":{"@type":"ImageObject","inLanguage":"de","@id":"https:\/\/sysmatec.ch\/de\/#\/schema\/logo\/image\/","url":"https:\/\/sysmatec.ch\/wp-content\/uploads\/2018\/11\/LogoSysmatec.jpg","contentUrl":"https:\/\/sysmatec.ch\/wp-content\/uploads\/2018\/11\/LogoSysmatec.jpg","width":301,"height":297,"caption":"Sysmatec"},"image":{"@id":"https:\/\/sysmatec.ch\/de\/#\/schema\/logo\/image\/"}}]}},"_links":{"self":[{"href":"https:\/\/sysmatec.ch\/de\/wp-json\/wp\/v2\/product\/2069","targetHints":{"allow":["GET"]}}],"collection":[{"href":"https:\/\/sysmatec.ch\/de\/wp-json\/wp\/v2\/product"}],"about":[{"href":"https:\/\/sysmatec.ch\/de\/wp-json\/wp\/v2\/types\/product"}],"wp:featuredmedia":[{"embeddable":true,"href":"https:\/\/sysmatec.ch\/de\/wp-json\/wp\/v2\/media\/1383"}],"wp:attachment":[{"href":"https:\/\/sysmatec.ch\/de\/wp-json\/wp\/v2\/media?parent=2069"}],"wp:term":[{"taxonomy":"product_brand","embeddable":true,"href":"https:\/\/sysmatec.ch\/de\/wp-json\/wp\/v2\/product_brand?post=2069"},{"taxonomy":"product_cat","embeddable":true,"href":"https:\/\/sysmatec.ch\/de\/wp-json\/wp\/v2\/product_cat?post=2069"},{"taxonomy":"product_tag","embeddable":true,"href":"https:\/\/sysmatec.ch\/de\/wp-json\/wp\/v2\/product_tag?post=2069"}],"curies":[{"name":"wp","href":"https:\/\/api.w.org\/{rel}","templated":true}]}}