{"id":2066,"date":"2019-01-19T20:50:58","date_gmt":"2019-01-19T19:50:58","guid":{"rendered":"https:\/\/sysmatec.ch\/produit\/four-snol-24-et-200\/"},"modified":"2022-03-06T20:59:41","modified_gmt":"2022-03-06T19:59:41","slug":"ofen-snol-24-und-200","status":"publish","type":"product","link":"https:\/\/sysmatec.ch\/de\/Produkt\/ofen-snol-24-und-200\/","title":{"rendered":"Ofen Snol 24 und 200"},"content":{"rendered":"<ul>\n<li type=\"disc\">H\u00f6chsttemperatur: 200 \u00b0 C<\/li>\n<li type=\"disc\">Kammer aus weichem Stahl oder Edelstahl<\/li>\n<li type=\"disc\">Nat\u00fcrliche oder Zwangsbel\u00fcftung<\/li>\n<li type=\"disc\">Hermetische dichte T\u00fcren<\/li>\n<li type=\"disc\">Mikroprozessor-Temperaturregler<\/li>\n<li type=\"disc\">Inklusive Standard Regale (2 St\u00fcck im Lieferumfang enthalten)<\/li>\n<li type=\"disc\">Hochwertige, \u00f6kologische W\u00e4rmed\u00e4mmstoff<\/li>\n<li type=\"disc\">Geringen Stromverbrauch f\u00fcr mehr Energieeffizienz<\/li>\n<li type=\"disc\">Kurze Aufheizzeiten \/ Abk\u00fchlzeit<\/li>\n<li type=\"disc\">Hohe Genauigkeit<\/li>\n<li type=\"disc\">Au\u00dfen lackiert mit Pulverbeschichtung (RAL 7035)<\/li>\n<li type=\"disc\">230 V<\/li>\n<\/ul>\n<table border=\"1\" width=\"620\" cellspacing=\"2\" cellpadding=\"0\">\n<tbody>\n<tr>\n<td><\/td>\n<td>SNOL 24\/200 LSP01<\/td>\n<td>SNOL 200\/200 LSP11<\/td>\n<td>SNOL 200\/200 LSN11<\/td>\n<\/tr>\n<tr>\n<td>Volum (L)<\/td>\n<td>24<\/td>\n<td>200<\/td>\n<td>200<\/td>\n<\/tr>\n<tr>\n<td>Ext. Masse (mm)<\/td>\n<td>400x515x410<\/td>\n<td>653x639x965<\/td>\n<td>653x639x965<\/td>\n<\/tr>\n<tr>\n<td>Int. Masse (mm)<\/td>\n<td>300x380x200<\/td>\n<td>540x500x680<\/td>\n<td>540x500x680<\/td>\n<\/tr>\n<tr>\n<td>Verbrauch (KW)<\/td>\n<td>1<\/td>\n<td>2<\/td>\n<td>2<\/td>\n<\/tr>\n<tr>\n<td>Gewicht (kg)<\/td>\n<td>17<\/td>\n<td>77<\/td>\n<td>77<\/td>\n<\/tr>\n<tr>\n<td>Luftumw\u00e4lzung<\/td>\n<td>nein<\/td>\n<td>ja<\/td>\n<td>ja<\/td>\n<\/tr>\n<tr>\n<td>Material<\/td>\n<td>weicher Stahl<\/td>\n<td>weicher Stahl<\/td>\n<td>Edelstahl<\/td>\n<\/tr>\n<\/tbody>\n<\/table>\n","protected":false},"excerpt":{"rendered":"<p>\u00d6fen f\u00fcr Temperaturen bis 200\u00b0C.<\/p>\n","protected":false},"featured_media":1385,"template":"","meta":{"_crdt_document":""},"product_brand":[],"product_cat":[107],"product_tag":[],"class_list":{"0":"post-2066","1":"product","2":"type-product","3":"status-publish","4":"has-post-thumbnail","6":"product_cat-ofen","8":"first","9":"instock","10":"taxable","11":"shipping-taxable","12":"product-type-simple"},"yoast_head":"<!-- This site is optimized with the Yoast SEO plugin v27.3 - https:\/\/yoast.com\/product\/yoast-seo-wordpress\/ -->\n<title>Ofen Snol 24 und 200 - Sysmatec<\/title>\n<meta name=\"description\" content=\"\u00d6fen f\u00fcr Temperaturen bis zu 200 \u00b0 C. Verf\u00fcgbare Volumina von 24 L bis 200 L. Sie k\u00f6nnen mit einem L\u00fcfter ausgestattet werden.\" \/>\n<meta name=\"robots\" content=\"index, follow, max-snippet:-1, max-image-preview:large, max-video-preview:-1\" \/>\n<link rel=\"canonical\" href=\"https:\/\/sysmatec.ch\/de\/produit\/ofen-snol-24-und-200\/\" \/>\n<meta property=\"og:locale\" content=\"de_DE\" \/>\n<meta property=\"og:type\" content=\"article\" \/>\n<meta property=\"og:title\" content=\"Ofen Snol 24 und 200 - Sysmatec\" \/>\n<meta property=\"og:description\" content=\"\u00d6fen f\u00fcr Temperaturen bis zu 200 \u00b0 C. Verf\u00fcgbare Volumina von 24 L bis 200 L. Sie k\u00f6nnen mit einem L\u00fcfter ausgestattet werden.\" \/>\n<meta property=\"og:url\" content=\"https:\/\/sysmatec.ch\/de\/produit\/ofen-snol-24-und-200\/\" \/>\n<meta property=\"og:site_name\" content=\"Sysmatec\" \/>\n<meta property=\"article:modified_time\" content=\"2022-03-06T19:59:41+00:00\" \/>\n<meta property=\"og:image\" content=\"https:\/\/sysmatec.ch\/wp-content\/uploads\/2019\/01\/Four_UMEGASnol24.jpg\" \/>\n\t<meta property=\"og:image:width\" content=\"179\" \/>\n\t<meta property=\"og:image:height\" content=\"147\" \/>\n\t<meta property=\"og:image:type\" content=\"image\/jpeg\" \/>\n<meta name=\"twitter:card\" content=\"summary_large_image\" \/>\n<script type=\"application\/ld+json\" class=\"yoast-schema-graph\">{\"@context\":\"https:\\\/\\\/schema.org\",\"@graph\":[{\"@type\":\"WebPage\",\"@id\":\"https:\\\/\\\/sysmatec.ch\\\/de\\\/produit\\\/ofen-snol-24-und-200\\\/\",\"url\":\"https:\\\/\\\/sysmatec.ch\\\/de\\\/produit\\\/ofen-snol-24-und-200\\\/\",\"name\":\"Ofen Snol 24 und 200 - Sysmatec\",\"isPartOf\":{\"@id\":\"https:\\\/\\\/sysmatec.ch\\\/de\\\/#website\"},\"primaryImageOfPage\":{\"@id\":\"https:\\\/\\\/sysmatec.ch\\\/de\\\/produit\\\/ofen-snol-24-und-200\\\/#primaryimage\"},\"image\":{\"@id\":\"https:\\\/\\\/sysmatec.ch\\\/de\\\/produit\\\/ofen-snol-24-und-200\\\/#primaryimage\"},\"thumbnailUrl\":\"https:\\\/\\\/sysmatec.ch\\\/wp-content\\\/uploads\\\/2019\\\/01\\\/Four_UMEGASnol24.jpg\",\"datePublished\":\"2019-01-19T19:50:58+00:00\",\"dateModified\":\"2022-03-06T19:59:41+00:00\",\"description\":\"\u00d6fen f\u00fcr Temperaturen bis zu 200 \u00b0 C. Verf\u00fcgbare Volumina von 24 L bis 200 L. Sie k\u00f6nnen mit einem L\u00fcfter ausgestattet werden.\",\"breadcrumb\":{\"@id\":\"https:\\\/\\\/sysmatec.ch\\\/de\\\/produit\\\/ofen-snol-24-und-200\\\/#breadcrumb\"},\"inLanguage\":\"de\",\"potentialAction\":[{\"@type\":\"ReadAction\",\"target\":[\"https:\\\/\\\/sysmatec.ch\\\/de\\\/produit\\\/ofen-snol-24-und-200\\\/\"]}]},{\"@type\":\"ImageObject\",\"inLanguage\":\"de\",\"@id\":\"https:\\\/\\\/sysmatec.ch\\\/de\\\/produit\\\/ofen-snol-24-und-200\\\/#primaryimage\",\"url\":\"https:\\\/\\\/sysmatec.ch\\\/wp-content\\\/uploads\\\/2019\\\/01\\\/Four_UMEGASnol24.jpg\",\"contentUrl\":\"https:\\\/\\\/sysmatec.ch\\\/wp-content\\\/uploads\\\/2019\\\/01\\\/Four_UMEGASnol24.jpg\",\"width\":179,\"height\":147},{\"@type\":\"BreadcrumbList\",\"@id\":\"https:\\\/\\\/sysmatec.ch\\\/de\\\/produit\\\/ofen-snol-24-und-200\\\/#breadcrumb\",\"itemListElement\":[{\"@type\":\"ListItem\",\"position\":1,\"name\":\"Accueil\",\"item\":\"https:\\\/\\\/sysmatec.ch\\\/de\\\/\"},{\"@type\":\"ListItem\",\"position\":2,\"name\":\"Die Aktivit\u00e4t von Sysmatec\",\"item\":\"https:\\\/\\\/sysmatec.ch\\\/de\\\/\"},{\"@type\":\"ListItem\",\"position\":3,\"name\":\"Ofen Snol 24 und 200\"}]},{\"@type\":\"WebSite\",\"@id\":\"https:\\\/\\\/sysmatec.ch\\\/de\\\/#website\",\"url\":\"https:\\\/\\\/sysmatec.ch\\\/de\\\/\",\"name\":\"Sysmatec\",\"description\":\"Equipement de laboratoire et logiciels\",\"publisher\":{\"@id\":\"https:\\\/\\\/sysmatec.ch\\\/de\\\/#organization\"},\"potentialAction\":[{\"@type\":\"SearchAction\",\"target\":{\"@type\":\"EntryPoint\",\"urlTemplate\":\"https:\\\/\\\/sysmatec.ch\\\/de\\\/?s={search_term_string}\"},\"query-input\":{\"@type\":\"PropertyValueSpecification\",\"valueRequired\":true,\"valueName\":\"search_term_string\"}}],\"inLanguage\":\"de\"},{\"@type\":\"Organization\",\"@id\":\"https:\\\/\\\/sysmatec.ch\\\/de\\\/#organization\",\"name\":\"Sysmatec\",\"url\":\"https:\\\/\\\/sysmatec.ch\\\/de\\\/\",\"logo\":{\"@type\":\"ImageObject\",\"inLanguage\":\"de\",\"@id\":\"https:\\\/\\\/sysmatec.ch\\\/de\\\/#\\\/schema\\\/logo\\\/image\\\/\",\"url\":\"https:\\\/\\\/sysmatec.ch\\\/wp-content\\\/uploads\\\/2018\\\/11\\\/LogoSysmatec.jpg\",\"contentUrl\":\"https:\\\/\\\/sysmatec.ch\\\/wp-content\\\/uploads\\\/2018\\\/11\\\/LogoSysmatec.jpg\",\"width\":301,\"height\":297,\"caption\":\"Sysmatec\"},\"image\":{\"@id\":\"https:\\\/\\\/sysmatec.ch\\\/de\\\/#\\\/schema\\\/logo\\\/image\\\/\"}}]}<\/script>\n<!-- \/ Yoast SEO plugin. -->","yoast_head_json":{"title":"Ofen Snol 24 und 200 - Sysmatec","description":"\u00d6fen f\u00fcr Temperaturen bis zu 200 \u00b0 C. Verf\u00fcgbare Volumina von 24 L bis 200 L. Sie k\u00f6nnen mit einem L\u00fcfter ausgestattet werden.","robots":{"index":"index","follow":"follow","max-snippet":"max-snippet:-1","max-image-preview":"max-image-preview:large","max-video-preview":"max-video-preview:-1"},"canonical":"https:\/\/sysmatec.ch\/de\/produit\/ofen-snol-24-und-200\/","og_locale":"de_DE","og_type":"article","og_title":"Ofen Snol 24 und 200 - Sysmatec","og_description":"\u00d6fen f\u00fcr Temperaturen bis zu 200 \u00b0 C. Verf\u00fcgbare Volumina von 24 L bis 200 L. Sie k\u00f6nnen mit einem L\u00fcfter ausgestattet werden.","og_url":"https:\/\/sysmatec.ch\/de\/produit\/ofen-snol-24-und-200\/","og_site_name":"Sysmatec","article_modified_time":"2022-03-06T19:59:41+00:00","og_image":[{"width":179,"height":147,"url":"https:\/\/sysmatec.ch\/wp-content\/uploads\/2019\/01\/Four_UMEGASnol24.jpg","type":"image\/jpeg"}],"twitter_card":"summary_large_image","schema":{"@context":"https:\/\/schema.org","@graph":[{"@type":"WebPage","@id":"https:\/\/sysmatec.ch\/de\/produit\/ofen-snol-24-und-200\/","url":"https:\/\/sysmatec.ch\/de\/produit\/ofen-snol-24-und-200\/","name":"Ofen Snol 24 und 200 - Sysmatec","isPartOf":{"@id":"https:\/\/sysmatec.ch\/de\/#website"},"primaryImageOfPage":{"@id":"https:\/\/sysmatec.ch\/de\/produit\/ofen-snol-24-und-200\/#primaryimage"},"image":{"@id":"https:\/\/sysmatec.ch\/de\/produit\/ofen-snol-24-und-200\/#primaryimage"},"thumbnailUrl":"https:\/\/sysmatec.ch\/wp-content\/uploads\/2019\/01\/Four_UMEGASnol24.jpg","datePublished":"2019-01-19T19:50:58+00:00","dateModified":"2022-03-06T19:59:41+00:00","description":"\u00d6fen f\u00fcr Temperaturen bis zu 200 \u00b0 C. Verf\u00fcgbare Volumina von 24 L bis 200 L. Sie k\u00f6nnen mit einem L\u00fcfter ausgestattet werden.","breadcrumb":{"@id":"https:\/\/sysmatec.ch\/de\/produit\/ofen-snol-24-und-200\/#breadcrumb"},"inLanguage":"de","potentialAction":[{"@type":"ReadAction","target":["https:\/\/sysmatec.ch\/de\/produit\/ofen-snol-24-und-200\/"]}]},{"@type":"ImageObject","inLanguage":"de","@id":"https:\/\/sysmatec.ch\/de\/produit\/ofen-snol-24-und-200\/#primaryimage","url":"https:\/\/sysmatec.ch\/wp-content\/uploads\/2019\/01\/Four_UMEGASnol24.jpg","contentUrl":"https:\/\/sysmatec.ch\/wp-content\/uploads\/2019\/01\/Four_UMEGASnol24.jpg","width":179,"height":147},{"@type":"BreadcrumbList","@id":"https:\/\/sysmatec.ch\/de\/produit\/ofen-snol-24-und-200\/#breadcrumb","itemListElement":[{"@type":"ListItem","position":1,"name":"Accueil","item":"https:\/\/sysmatec.ch\/de\/"},{"@type":"ListItem","position":2,"name":"Die Aktivit\u00e4t von Sysmatec","item":"https:\/\/sysmatec.ch\/de\/"},{"@type":"ListItem","position":3,"name":"Ofen Snol 24 und 200"}]},{"@type":"WebSite","@id":"https:\/\/sysmatec.ch\/de\/#website","url":"https:\/\/sysmatec.ch\/de\/","name":"Sysmatec","description":"Equipement de laboratoire et logiciels","publisher":{"@id":"https:\/\/sysmatec.ch\/de\/#organization"},"potentialAction":[{"@type":"SearchAction","target":{"@type":"EntryPoint","urlTemplate":"https:\/\/sysmatec.ch\/de\/?s={search_term_string}"},"query-input":{"@type":"PropertyValueSpecification","valueRequired":true,"valueName":"search_term_string"}}],"inLanguage":"de"},{"@type":"Organization","@id":"https:\/\/sysmatec.ch\/de\/#organization","name":"Sysmatec","url":"https:\/\/sysmatec.ch\/de\/","logo":{"@type":"ImageObject","inLanguage":"de","@id":"https:\/\/sysmatec.ch\/de\/#\/schema\/logo\/image\/","url":"https:\/\/sysmatec.ch\/wp-content\/uploads\/2018\/11\/LogoSysmatec.jpg","contentUrl":"https:\/\/sysmatec.ch\/wp-content\/uploads\/2018\/11\/LogoSysmatec.jpg","width":301,"height":297,"caption":"Sysmatec"},"image":{"@id":"https:\/\/sysmatec.ch\/de\/#\/schema\/logo\/image\/"}}]}},"_links":{"self":[{"href":"https:\/\/sysmatec.ch\/de\/wp-json\/wp\/v2\/product\/2066","targetHints":{"allow":["GET"]}}],"collection":[{"href":"https:\/\/sysmatec.ch\/de\/wp-json\/wp\/v2\/product"}],"about":[{"href":"https:\/\/sysmatec.ch\/de\/wp-json\/wp\/v2\/types\/product"}],"wp:featuredmedia":[{"embeddable":true,"href":"https:\/\/sysmatec.ch\/de\/wp-json\/wp\/v2\/media\/1385"}],"wp:attachment":[{"href":"https:\/\/sysmatec.ch\/de\/wp-json\/wp\/v2\/media?parent=2066"}],"wp:term":[{"taxonomy":"product_brand","embeddable":true,"href":"https:\/\/sysmatec.ch\/de\/wp-json\/wp\/v2\/product_brand?post=2066"},{"taxonomy":"product_cat","embeddable":true,"href":"https:\/\/sysmatec.ch\/de\/wp-json\/wp\/v2\/product_cat?post=2066"},{"taxonomy":"product_tag","embeddable":true,"href":"https:\/\/sysmatec.ch\/de\/wp-json\/wp\/v2\/product_tag?post=2066"}],"curies":[{"name":"wp","href":"https:\/\/api.w.org\/{rel}","templated":true}]}}