{"id":2062,"date":"2019-01-19T20:58:04","date_gmt":"2019-01-19T19:58:04","guid":{"rendered":"https:\/\/sysmatec.ch\/produit\/fours-snol-20-300-60-300-120-300-220-300-et-420-300\/"},"modified":"2022-03-06T20:54:37","modified_gmt":"2022-03-06T19:54:37","slug":"ofen-snol-20-300-60-300-120-300-220-300-und-420-300","status":"publish","type":"product","link":"https:\/\/sysmatec.ch\/de\/Produkt\/ofen-snol-20-300-60-300-120-300-220-300-und-420-300\/","title":{"rendered":"Ofen Snol 20\/300, 60\/300, 120\/300, 220\/300 und 420\/300"},"content":{"rendered":"<p>Sie sind f\u00fcr die thermische Behandlung von verschiedenen Materialien bis 300 \u00b0 C entwickelt worden. Diese elektrischen Ofen ist f\u00fcr thermische Behandlung, wie Trocknen, Erhitzen, thermisches Pr\u00fcfung, Alterung vorgesehen. Die Umluft erm\u00f6glicht eine homogene Temperaturverteilung w\u00e4hrend des gesamten Prozesses. Diese Ofen werden in wissenschaftlichen Labors, Bildungseinrichtungen verwendet.<\/p>\n<ul>\n<li type=\"disc\">Maximale Temperatur: 300 \u00b0C<\/li>\n<li type=\"disc\">Bedienfeld ist unter Teil des Ofens platziert<\/li>\n<li type=\"disc\">Der L\u00fcftungsmotor befindet sich auf der R\u00fcckseite<\/li>\n<li type=\"disc\">Erzwungene horizontale Luftzirkulation<\/li>\n<li type=\"disc\">Innengeh\u00e4use in Edelstahl 304<\/li>\n<li type=\"disc\">3 Edelstahl-Regale standardm\u00e4ssig<\/li>\n<li type=\"disc\">Au\u00dfenmantel aus Metallblech, Pulverlackierung grau<\/li>\n<li type=\"disc\">Isolierung mit Steinwolle (und so Asbestfrei)<\/li>\n<li type=\"disc\">T\u00fcr\u00f6ffnung auf der rechten Seite, innere T\u00fcr aus Edelstahl, Silikondichtung<\/li>\n<li type=\"disc\">\u00dcbertemperaturschutz<\/li>\n<li type=\"disc\">Temperaturregler \u00fcber Mikroprozessor<\/li>\n<li type=\"disc\">Air Controller f\u00fcr L\u00fcftergeschwindigkeit<\/li>\n<li type=\"disc\">Summer<\/li>\n<li type=\"disc\">Niedrige elektrische Energieverbrauch f\u00fcr mehr Energieeffizienz<\/li>\n<li type=\"disc\">Kurze Erw\u00e4rmung<\/li>\n<li type=\"disc\">230 V 50 Hz<\/li>\n<\/ul>\n<p>Optionen<\/p>\n<ul>\n<li type=\"disc\">Billiger Version (Ec) ohne L\u00fcftersteuerung und Summer<\/li>\n<li type=\"disc\">Weitere Regale<\/li>\n<li type=\"disc\">Verst\u00e4rkte Regale<\/li>\n<li type=\"disc\">Metallschale<\/li>\n<li type=\"disc\">Digitaler Timer<\/li>\n<li type=\"disc\">RS232 \/ RS-485 \/ USB-Schnittstelle<\/li>\n<li type=\"disc\">Aussenh\u00fclle aus Edelstahl<\/li>\n<li type=\"disc\">Tisch f\u00fcr de Ofen<\/li>\n<li type=\"disc\">Prozessbeobachtungsfenster<\/li>\n<\/ul>\n","protected":false},"excerpt":{"rendered":"<p>\u00d6fen f\u00fcr Temperaturen bis 300\u00b0C.<\/p>\n","protected":false},"featured_media":1389,"template":"","meta":{"_crdt_document":""},"product_brand":[],"product_cat":[107],"product_tag":[],"class_list":{"0":"post-2062","1":"product","2":"type-product","3":"status-publish","4":"has-post-thumbnail","6":"product_cat-ofen","8":"first","9":"instock","10":"taxable","11":"shipping-taxable","12":"product-type-simple"},"yoast_head":"<!-- This site is optimized with the Yoast SEO plugin v27.3 - https:\/\/yoast.com\/product\/yoast-seo-wordpress\/ -->\n<title>Ofen Snol 20\/300, 60\/300, 120\/300, 220\/300 und 420\/300 - Sysmatec<\/title>\n<meta name=\"description\" content=\"\u00d6fen f\u00fcr Temperaturen bis 300\u00b0 C. Lieferbare Volumina von 20 L bis 420 L. Sie haben einen L\u00fcfter f\u00fcr eine gute Temperaturstabilit\u00e4t und -gleichm\u00e4\u00dfigkeit.\" \/>\n<meta name=\"robots\" content=\"index, follow, max-snippet:-1, max-image-preview:large, max-video-preview:-1\" \/>\n<link rel=\"canonical\" href=\"https:\/\/sysmatec.ch\/de\/produit\/ofen-snol-20-300-60-300-120-300-220-300-und-420-300\/\" \/>\n<meta property=\"og:locale\" content=\"de_DE\" \/>\n<meta property=\"og:type\" content=\"article\" \/>\n<meta property=\"og:title\" content=\"Ofen Snol 20\/300, 60\/300, 120\/300, 220\/300 und 420\/300 - Sysmatec\" \/>\n<meta property=\"og:description\" content=\"\u00d6fen f\u00fcr Temperaturen bis 300\u00b0 C. Lieferbare Volumina von 20 L bis 420 L. Sie haben einen L\u00fcfter f\u00fcr eine gute Temperaturstabilit\u00e4t und -gleichm\u00e4\u00dfigkeit.\" \/>\n<meta property=\"og:url\" content=\"https:\/\/sysmatec.ch\/de\/produit\/ofen-snol-20-300-60-300-120-300-220-300-und-420-300\/\" \/>\n<meta property=\"og:site_name\" content=\"Sysmatec\" \/>\n<meta property=\"article:modified_time\" content=\"2022-03-06T19:54:37+00:00\" \/>\n<meta property=\"og:image\" content=\"https:\/\/sysmatec.ch\/wp-content\/uploads\/2019\/01\/Four_UmegaSnol20_300.jpg\" \/>\n\t<meta property=\"og:image:width\" content=\"188\" \/>\n\t<meta property=\"og:image:height\" content=\"188\" \/>\n\t<meta property=\"og:image:type\" content=\"image\/jpeg\" \/>\n<meta name=\"twitter:card\" content=\"summary_large_image\" \/>\n<meta name=\"twitter:label1\" content=\"Gesch\u00e4tzte Lesezeit\" \/>\n\t<meta name=\"twitter:data1\" content=\"1\u00a0Minute\" \/>\n<script type=\"application\/ld+json\" class=\"yoast-schema-graph\">{\"@context\":\"https:\\\/\\\/schema.org\",\"@graph\":[{\"@type\":\"WebPage\",\"@id\":\"https:\\\/\\\/sysmatec.ch\\\/de\\\/produit\\\/ofen-snol-20-300-60-300-120-300-220-300-und-420-300\\\/\",\"url\":\"https:\\\/\\\/sysmatec.ch\\\/de\\\/produit\\\/ofen-snol-20-300-60-300-120-300-220-300-und-420-300\\\/\",\"name\":\"Ofen Snol 20\\\/300, 60\\\/300, 120\\\/300, 220\\\/300 und 420\\\/300 - Sysmatec\",\"isPartOf\":{\"@id\":\"https:\\\/\\\/sysmatec.ch\\\/de\\\/#website\"},\"primaryImageOfPage\":{\"@id\":\"https:\\\/\\\/sysmatec.ch\\\/de\\\/produit\\\/ofen-snol-20-300-60-300-120-300-220-300-und-420-300\\\/#primaryimage\"},\"image\":{\"@id\":\"https:\\\/\\\/sysmatec.ch\\\/de\\\/produit\\\/ofen-snol-20-300-60-300-120-300-220-300-und-420-300\\\/#primaryimage\"},\"thumbnailUrl\":\"https:\\\/\\\/sysmatec.ch\\\/wp-content\\\/uploads\\\/2019\\\/01\\\/Four_UmegaSnol20_300.jpg\",\"datePublished\":\"2019-01-19T19:58:04+00:00\",\"dateModified\":\"2022-03-06T19:54:37+00:00\",\"description\":\"\u00d6fen f\u00fcr Temperaturen bis 300\u00b0 C. Lieferbare Volumina von 20 L bis 420 L. Sie haben einen L\u00fcfter f\u00fcr eine gute Temperaturstabilit\u00e4t und -gleichm\u00e4\u00dfigkeit.\",\"breadcrumb\":{\"@id\":\"https:\\\/\\\/sysmatec.ch\\\/de\\\/produit\\\/ofen-snol-20-300-60-300-120-300-220-300-und-420-300\\\/#breadcrumb\"},\"inLanguage\":\"de\",\"potentialAction\":[{\"@type\":\"ReadAction\",\"target\":[\"https:\\\/\\\/sysmatec.ch\\\/de\\\/produit\\\/ofen-snol-20-300-60-300-120-300-220-300-und-420-300\\\/\"]}]},{\"@type\":\"ImageObject\",\"inLanguage\":\"de\",\"@id\":\"https:\\\/\\\/sysmatec.ch\\\/de\\\/produit\\\/ofen-snol-20-300-60-300-120-300-220-300-und-420-300\\\/#primaryimage\",\"url\":\"https:\\\/\\\/sysmatec.ch\\\/wp-content\\\/uploads\\\/2019\\\/01\\\/Four_UmegaSnol20_300.jpg\",\"contentUrl\":\"https:\\\/\\\/sysmatec.ch\\\/wp-content\\\/uploads\\\/2019\\\/01\\\/Four_UmegaSnol20_300.jpg\",\"width\":188,\"height\":188},{\"@type\":\"BreadcrumbList\",\"@id\":\"https:\\\/\\\/sysmatec.ch\\\/de\\\/produit\\\/ofen-snol-20-300-60-300-120-300-220-300-und-420-300\\\/#breadcrumb\",\"itemListElement\":[{\"@type\":\"ListItem\",\"position\":1,\"name\":\"Accueil\",\"item\":\"https:\\\/\\\/sysmatec.ch\\\/de\\\/\"},{\"@type\":\"ListItem\",\"position\":2,\"name\":\"Die Aktivit\u00e4t von Sysmatec\",\"item\":\"https:\\\/\\\/sysmatec.ch\\\/de\\\/\"},{\"@type\":\"ListItem\",\"position\":3,\"name\":\"Ofen Snol 20\\\/300, 60\\\/300, 120\\\/300, 220\\\/300 und 420\\\/300\"}]},{\"@type\":\"WebSite\",\"@id\":\"https:\\\/\\\/sysmatec.ch\\\/de\\\/#website\",\"url\":\"https:\\\/\\\/sysmatec.ch\\\/de\\\/\",\"name\":\"Sysmatec\",\"description\":\"Equipement de laboratoire et logiciels\",\"publisher\":{\"@id\":\"https:\\\/\\\/sysmatec.ch\\\/de\\\/#organization\"},\"potentialAction\":[{\"@type\":\"SearchAction\",\"target\":{\"@type\":\"EntryPoint\",\"urlTemplate\":\"https:\\\/\\\/sysmatec.ch\\\/de\\\/?s={search_term_string}\"},\"query-input\":{\"@type\":\"PropertyValueSpecification\",\"valueRequired\":true,\"valueName\":\"search_term_string\"}}],\"inLanguage\":\"de\"},{\"@type\":\"Organization\",\"@id\":\"https:\\\/\\\/sysmatec.ch\\\/de\\\/#organization\",\"name\":\"Sysmatec\",\"url\":\"https:\\\/\\\/sysmatec.ch\\\/de\\\/\",\"logo\":{\"@type\":\"ImageObject\",\"inLanguage\":\"de\",\"@id\":\"https:\\\/\\\/sysmatec.ch\\\/de\\\/#\\\/schema\\\/logo\\\/image\\\/\",\"url\":\"https:\\\/\\\/sysmatec.ch\\\/wp-content\\\/uploads\\\/2018\\\/11\\\/LogoSysmatec.jpg\",\"contentUrl\":\"https:\\\/\\\/sysmatec.ch\\\/wp-content\\\/uploads\\\/2018\\\/11\\\/LogoSysmatec.jpg\",\"width\":301,\"height\":297,\"caption\":\"Sysmatec\"},\"image\":{\"@id\":\"https:\\\/\\\/sysmatec.ch\\\/de\\\/#\\\/schema\\\/logo\\\/image\\\/\"}}]}<\/script>\n<!-- \/ Yoast SEO plugin. -->","yoast_head_json":{"title":"Ofen Snol 20\/300, 60\/300, 120\/300, 220\/300 und 420\/300 - Sysmatec","description":"\u00d6fen f\u00fcr Temperaturen bis 300\u00b0 C. Lieferbare Volumina von 20 L bis 420 L. Sie haben einen L\u00fcfter f\u00fcr eine gute Temperaturstabilit\u00e4t und -gleichm\u00e4\u00dfigkeit.","robots":{"index":"index","follow":"follow","max-snippet":"max-snippet:-1","max-image-preview":"max-image-preview:large","max-video-preview":"max-video-preview:-1"},"canonical":"https:\/\/sysmatec.ch\/de\/produit\/ofen-snol-20-300-60-300-120-300-220-300-und-420-300\/","og_locale":"de_DE","og_type":"article","og_title":"Ofen Snol 20\/300, 60\/300, 120\/300, 220\/300 und 420\/300 - Sysmatec","og_description":"\u00d6fen f\u00fcr Temperaturen bis 300\u00b0 C. Lieferbare Volumina von 20 L bis 420 L. Sie haben einen L\u00fcfter f\u00fcr eine gute Temperaturstabilit\u00e4t und -gleichm\u00e4\u00dfigkeit.","og_url":"https:\/\/sysmatec.ch\/de\/produit\/ofen-snol-20-300-60-300-120-300-220-300-und-420-300\/","og_site_name":"Sysmatec","article_modified_time":"2022-03-06T19:54:37+00:00","og_image":[{"width":188,"height":188,"url":"https:\/\/sysmatec.ch\/wp-content\/uploads\/2019\/01\/Four_UmegaSnol20_300.jpg","type":"image\/jpeg"}],"twitter_card":"summary_large_image","twitter_misc":{"Gesch\u00e4tzte Lesezeit":"1\u00a0Minute"},"schema":{"@context":"https:\/\/schema.org","@graph":[{"@type":"WebPage","@id":"https:\/\/sysmatec.ch\/de\/produit\/ofen-snol-20-300-60-300-120-300-220-300-und-420-300\/","url":"https:\/\/sysmatec.ch\/de\/produit\/ofen-snol-20-300-60-300-120-300-220-300-und-420-300\/","name":"Ofen Snol 20\/300, 60\/300, 120\/300, 220\/300 und 420\/300 - Sysmatec","isPartOf":{"@id":"https:\/\/sysmatec.ch\/de\/#website"},"primaryImageOfPage":{"@id":"https:\/\/sysmatec.ch\/de\/produit\/ofen-snol-20-300-60-300-120-300-220-300-und-420-300\/#primaryimage"},"image":{"@id":"https:\/\/sysmatec.ch\/de\/produit\/ofen-snol-20-300-60-300-120-300-220-300-und-420-300\/#primaryimage"},"thumbnailUrl":"https:\/\/sysmatec.ch\/wp-content\/uploads\/2019\/01\/Four_UmegaSnol20_300.jpg","datePublished":"2019-01-19T19:58:04+00:00","dateModified":"2022-03-06T19:54:37+00:00","description":"\u00d6fen f\u00fcr Temperaturen bis 300\u00b0 C. Lieferbare Volumina von 20 L bis 420 L. Sie haben einen L\u00fcfter f\u00fcr eine gute Temperaturstabilit\u00e4t und -gleichm\u00e4\u00dfigkeit.","breadcrumb":{"@id":"https:\/\/sysmatec.ch\/de\/produit\/ofen-snol-20-300-60-300-120-300-220-300-und-420-300\/#breadcrumb"},"inLanguage":"de","potentialAction":[{"@type":"ReadAction","target":["https:\/\/sysmatec.ch\/de\/produit\/ofen-snol-20-300-60-300-120-300-220-300-und-420-300\/"]}]},{"@type":"ImageObject","inLanguage":"de","@id":"https:\/\/sysmatec.ch\/de\/produit\/ofen-snol-20-300-60-300-120-300-220-300-und-420-300\/#primaryimage","url":"https:\/\/sysmatec.ch\/wp-content\/uploads\/2019\/01\/Four_UmegaSnol20_300.jpg","contentUrl":"https:\/\/sysmatec.ch\/wp-content\/uploads\/2019\/01\/Four_UmegaSnol20_300.jpg","width":188,"height":188},{"@type":"BreadcrumbList","@id":"https:\/\/sysmatec.ch\/de\/produit\/ofen-snol-20-300-60-300-120-300-220-300-und-420-300\/#breadcrumb","itemListElement":[{"@type":"ListItem","position":1,"name":"Accueil","item":"https:\/\/sysmatec.ch\/de\/"},{"@type":"ListItem","position":2,"name":"Die Aktivit\u00e4t von Sysmatec","item":"https:\/\/sysmatec.ch\/de\/"},{"@type":"ListItem","position":3,"name":"Ofen Snol 20\/300, 60\/300, 120\/300, 220\/300 und 420\/300"}]},{"@type":"WebSite","@id":"https:\/\/sysmatec.ch\/de\/#website","url":"https:\/\/sysmatec.ch\/de\/","name":"Sysmatec","description":"Equipement de laboratoire et logiciels","publisher":{"@id":"https:\/\/sysmatec.ch\/de\/#organization"},"potentialAction":[{"@type":"SearchAction","target":{"@type":"EntryPoint","urlTemplate":"https:\/\/sysmatec.ch\/de\/?s={search_term_string}"},"query-input":{"@type":"PropertyValueSpecification","valueRequired":true,"valueName":"search_term_string"}}],"inLanguage":"de"},{"@type":"Organization","@id":"https:\/\/sysmatec.ch\/de\/#organization","name":"Sysmatec","url":"https:\/\/sysmatec.ch\/de\/","logo":{"@type":"ImageObject","inLanguage":"de","@id":"https:\/\/sysmatec.ch\/de\/#\/schema\/logo\/image\/","url":"https:\/\/sysmatec.ch\/wp-content\/uploads\/2018\/11\/LogoSysmatec.jpg","contentUrl":"https:\/\/sysmatec.ch\/wp-content\/uploads\/2018\/11\/LogoSysmatec.jpg","width":301,"height":297,"caption":"Sysmatec"},"image":{"@id":"https:\/\/sysmatec.ch\/de\/#\/schema\/logo\/image\/"}}]}},"_links":{"self":[{"href":"https:\/\/sysmatec.ch\/de\/wp-json\/wp\/v2\/product\/2062","targetHints":{"allow":["GET"]}}],"collection":[{"href":"https:\/\/sysmatec.ch\/de\/wp-json\/wp\/v2\/product"}],"about":[{"href":"https:\/\/sysmatec.ch\/de\/wp-json\/wp\/v2\/types\/product"}],"wp:featuredmedia":[{"embeddable":true,"href":"https:\/\/sysmatec.ch\/de\/wp-json\/wp\/v2\/media\/1389"}],"wp:attachment":[{"href":"https:\/\/sysmatec.ch\/de\/wp-json\/wp\/v2\/media?parent=2062"}],"wp:term":[{"taxonomy":"product_brand","embeddable":true,"href":"https:\/\/sysmatec.ch\/de\/wp-json\/wp\/v2\/product_brand?post=2062"},{"taxonomy":"product_cat","embeddable":true,"href":"https:\/\/sysmatec.ch\/de\/wp-json\/wp\/v2\/product_cat?post=2062"},{"taxonomy":"product_tag","embeddable":true,"href":"https:\/\/sysmatec.ch\/de\/wp-json\/wp\/v2\/product_tag?post=2062"}],"curies":[{"name":"wp","href":"https:\/\/api.w.org\/{rel}","templated":true}]}}