{"id":2060,"date":"2019-01-19T21:01:55","date_gmt":"2019-01-19T20:01:55","guid":{"rendered":"https:\/\/sysmatec.ch\/produit\/fours-snol-3-1100-8-2-1100-13-1100-22-1100-et-39-1100\/"},"modified":"2022-03-06T20:42:48","modified_gmt":"2022-03-06T19:42:48","slug":"ofen-snol-3-1100-8-2-1100-13-1100-22-1100-und-39-1100","status":"publish","type":"product","link":"https:\/\/sysmatec.ch\/de\/Produkt\/ofen-snol-3-1100-8-2-1100-13-1100-22-1100-und-39-1100\/","title":{"rendered":"Ofen Snol 3\/1100, 8.2 \/ 1100, 13\/1100, 22\/1100 und 39\/1100"},"content":{"rendered":"<p>Sie sind Hochpr\u00e4zisions-Muffel\u00f6fen und universelle Labor\u00f6fen, ausgelegt f\u00fcr Materialpr\u00fcfungen, W\u00e4rmebehandlungen wie H\u00e4rten, L\u00f6sen, Normieren, Keramik- und Sandsteinproben bis zu bei 1100 \u00b0 C. Um Gase oder D\u00e4mpfe, die w\u00e4hrend der W\u00e4rmebehandlung freigesetzt werden, zu beseitigen, kann eine Abgasanlage als Option installiert werden. Der Ofen ist ideal f\u00fcr wissenschaftliche Labore, Bildungseinrichtungen, Keramikstudios, Medizin und Industrie.<\/p>\n<p>Grundausr\u00fcstung<\/p>\n<ul>\n<li type=\"disc\">Monobloc-Kammer mit Hochleistungskeramikfasern<\/li>\n<li type=\"disc\">Die Heizelemente sind an allen vier Seiten um die Kammer in einer vakuumgeformten Faser eingebettet<\/li>\n<li type=\"disc\">Blechumschlag au\u00dfen<\/li>\n<li type=\"disc\">Die T\u00fcr \u00f6ffnet sich nach oben<\/li>\n<li type=\"disc\">T\u00fcrsicherheits-Schlie\u00dfsystem<\/li>\n<li type=\"disc\">Das Bedienfeld befindet sich unter dem Ofen<\/li>\n<li type=\"disc\">Mikroprozessor gesteuert Temperaturregler<\/li>\n<li type=\"disc\">Keramische Hintergrundplatte<\/li>\n<li type=\"disc\">Schnelle Aufheizzeit dank geringer thermischer Tr\u00e4gheit<\/li>\n<li type=\"disc\">Niedriger Energieverbrauch<\/li>\n<li type=\"disc\">Gute Stabilit\u00e4t und Gleichm\u00e4\u00dfigkeit der Temperatur<\/li>\n<\/ul>\n<p>Optionen<\/p>\n<ul>\n<li type=\"disc\">Prozessbeobachtungsfenster (D = 35 mm) bis 1100 \u00b0 C<\/li>\n<li type=\"disc\">Bel\u00fcfteter Schornstein zur Luftabsaugung<\/li>\n<li type=\"disc\">Zus\u00e4tzliche Ceranfelder<\/li>\n<li type=\"disc\">Tonalarm<\/li>\n<li type=\"disc\">Digitaler Timer<\/li>\n<li type=\"disc\">\u00dcberhitzungsschutz<\/li>\n<li type=\"disc\">Datenlogger<\/li>\n<li type=\"disc\">RS232 \/ RS-485 \/ USB Schnittstelle<\/li>\n<li type=\"disc\">Kalibrierung des Temperaturmesssystems<\/li>\n<li type=\"disc\">Tisch zur Unterst\u00fctzung des Ofens<\/li>\n<li type=\"disc\">Atmosph\u00e4re von Schutzgas<\/li>\n<li type=\"disc\">Gasbox bis 1100 \u00b0 C<\/li>\n<\/ul>\n<table border=\"1\" width=\"681\" cellspacing=\"2\" cellpadding=\"0\">\n<tbody>\n<tr>\n<td><\/td>\n<td>SNOL 3\/1100 LHM01<\/td>\n<td>SNOL 8.2\/1100 LHM01<\/td>\n<td>SNOL 13\/1100 LHM01<\/td>\n<td>SNOL 22\/1100 LHM01<\/td>\n<td>SNOL 39\/1100 LHM01<\/td>\n<\/tr>\n<tr>\n<td>Volum (L)<\/td>\n<td>3<\/td>\n<td>8.2<\/td>\n<td>13<\/td>\n<td>22<\/td>\n<td>39<\/td>\n<\/tr>\n<tr>\n<td>Aussenmasse (mm)<\/td>\n<td>340x470x430<\/td>\n<td>440x620x510<\/td>\n<td>500x700x550<\/td>\n<td>600x890x610<\/td>\n<td>649x899x739<\/td>\n<\/tr>\n<tr>\n<td>Innenmasse (mm)<\/td>\n<td>125x200x115<\/td>\n<td>200x300x133<\/td>\n<td>225x360x180<\/td>\n<td>275x500x155<\/td>\n<td>315x515x225<\/td>\n<\/tr>\n<tr>\n<td>Power (KW)<\/td>\n<td>1.7<\/td>\n<td>1.8<\/td>\n<td>1.8<\/td>\n<td>3<\/td>\n<td>6<\/td>\n<\/tr>\n<tr>\n<td>Weight (kg)<\/td>\n<td>18<\/td>\n<td>28<\/td>\n<td>38<\/td>\n<td>58<\/td>\n<td>74<\/td>\n<\/tr>\n<\/tbody>\n<\/table>\n","protected":false},"excerpt":{"rendered":"<p>\u00d6fen f\u00fcr Temperaturen bis 1100\u00b0C.<\/p>\n","protected":false},"featured_media":1387,"template":"","meta":{"_crdt_document":""},"product_brand":[],"product_cat":[107],"product_tag":[],"class_list":{"0":"post-2060","1":"product","2":"type-product","3":"status-publish","4":"has-post-thumbnail","6":"product_cat-ofen","8":"first","9":"instock","10":"taxable","11":"shipping-taxable","12":"product-type-simple"},"yoast_head":"<!-- This site is optimized with the Yoast SEO plugin v27.3 - https:\/\/yoast.com\/product\/yoast-seo-wordpress\/ -->\n<title>Ofen Snol 3\/1100, 8.2 \/ 1100, 13\/1100, 22\/1100 und 39\/1100 - Sysmatec<\/title>\n<meta name=\"description\" content=\"Elektro-Muffelofen f\u00fcr Temperaturen bis 1100\u00b0 C. Verf\u00fcgbare Volumina von 3 L bis 39 L. Gute Temperaturstabilit\u00e4t und Gleichm\u00e4\u00dfigkeit.\" \/>\n<meta name=\"robots\" content=\"index, follow, max-snippet:-1, max-image-preview:large, max-video-preview:-1\" \/>\n<link rel=\"canonical\" href=\"https:\/\/sysmatec.ch\/de\/produit\/ofen-snol-3-1100-8-2-1100-13-1100-22-1100-und-39-1100\/\" \/>\n<meta property=\"og:locale\" content=\"de_DE\" \/>\n<meta property=\"og:type\" content=\"article\" \/>\n<meta property=\"og:title\" content=\"Ofen Snol 3\/1100, 8.2 \/ 1100, 13\/1100, 22\/1100 und 39\/1100 - Sysmatec\" \/>\n<meta property=\"og:description\" content=\"Elektro-Muffelofen f\u00fcr Temperaturen bis 1100\u00b0 C. Verf\u00fcgbare Volumina von 3 L bis 39 L. Gute Temperaturstabilit\u00e4t und Gleichm\u00e4\u00dfigkeit.\" \/>\n<meta property=\"og:url\" content=\"https:\/\/sysmatec.ch\/de\/produit\/ofen-snol-3-1100-8-2-1100-13-1100-22-1100-und-39-1100\/\" \/>\n<meta property=\"og:site_name\" content=\"Sysmatec\" \/>\n<meta property=\"article:modified_time\" content=\"2022-03-06T19:42:48+00:00\" \/>\n<meta property=\"og:image\" content=\"https:\/\/sysmatec.ch\/wp-content\/uploads\/2019\/01\/Four_UmegaSNOL82_1100.jpg\" \/>\n\t<meta property=\"og:image:width\" content=\"188\" \/>\n\t<meta property=\"og:image:height\" content=\"242\" \/>\n\t<meta property=\"og:image:type\" content=\"image\/jpeg\" \/>\n<meta name=\"twitter:card\" content=\"summary_large_image\" \/>\n<meta name=\"twitter:label1\" content=\"Gesch\u00e4tzte Lesezeit\" \/>\n\t<meta name=\"twitter:data1\" content=\"1\u00a0Minute\" \/>\n<script type=\"application\/ld+json\" class=\"yoast-schema-graph\">{\"@context\":\"https:\\\/\\\/schema.org\",\"@graph\":[{\"@type\":\"WebPage\",\"@id\":\"https:\\\/\\\/sysmatec.ch\\\/de\\\/produit\\\/ofen-snol-3-1100-8-2-1100-13-1100-22-1100-und-39-1100\\\/\",\"url\":\"https:\\\/\\\/sysmatec.ch\\\/de\\\/produit\\\/ofen-snol-3-1100-8-2-1100-13-1100-22-1100-und-39-1100\\\/\",\"name\":\"Ofen Snol 3\\\/1100, 8.2 \\\/ 1100, 13\\\/1100, 22\\\/1100 und 39\\\/1100 - Sysmatec\",\"isPartOf\":{\"@id\":\"https:\\\/\\\/sysmatec.ch\\\/de\\\/#website\"},\"primaryImageOfPage\":{\"@id\":\"https:\\\/\\\/sysmatec.ch\\\/de\\\/produit\\\/ofen-snol-3-1100-8-2-1100-13-1100-22-1100-und-39-1100\\\/#primaryimage\"},\"image\":{\"@id\":\"https:\\\/\\\/sysmatec.ch\\\/de\\\/produit\\\/ofen-snol-3-1100-8-2-1100-13-1100-22-1100-und-39-1100\\\/#primaryimage\"},\"thumbnailUrl\":\"https:\\\/\\\/sysmatec.ch\\\/wp-content\\\/uploads\\\/2019\\\/01\\\/Four_UmegaSNOL82_1100.jpg\",\"datePublished\":\"2019-01-19T20:01:55+00:00\",\"dateModified\":\"2022-03-06T19:42:48+00:00\",\"description\":\"Elektro-Muffelofen f\u00fcr Temperaturen bis 1100\u00b0 C. Verf\u00fcgbare Volumina von 3 L bis 39 L. Gute Temperaturstabilit\u00e4t und Gleichm\u00e4\u00dfigkeit.\",\"breadcrumb\":{\"@id\":\"https:\\\/\\\/sysmatec.ch\\\/de\\\/produit\\\/ofen-snol-3-1100-8-2-1100-13-1100-22-1100-und-39-1100\\\/#breadcrumb\"},\"inLanguage\":\"de\",\"potentialAction\":[{\"@type\":\"ReadAction\",\"target\":[\"https:\\\/\\\/sysmatec.ch\\\/de\\\/produit\\\/ofen-snol-3-1100-8-2-1100-13-1100-22-1100-und-39-1100\\\/\"]}]},{\"@type\":\"ImageObject\",\"inLanguage\":\"de\",\"@id\":\"https:\\\/\\\/sysmatec.ch\\\/de\\\/produit\\\/ofen-snol-3-1100-8-2-1100-13-1100-22-1100-und-39-1100\\\/#primaryimage\",\"url\":\"https:\\\/\\\/sysmatec.ch\\\/wp-content\\\/uploads\\\/2019\\\/01\\\/Four_UmegaSNOL82_1100.jpg\",\"contentUrl\":\"https:\\\/\\\/sysmatec.ch\\\/wp-content\\\/uploads\\\/2019\\\/01\\\/Four_UmegaSNOL82_1100.jpg\",\"width\":188,\"height\":242},{\"@type\":\"BreadcrumbList\",\"@id\":\"https:\\\/\\\/sysmatec.ch\\\/de\\\/produit\\\/ofen-snol-3-1100-8-2-1100-13-1100-22-1100-und-39-1100\\\/#breadcrumb\",\"itemListElement\":[{\"@type\":\"ListItem\",\"position\":1,\"name\":\"Accueil\",\"item\":\"https:\\\/\\\/sysmatec.ch\\\/de\\\/\"},{\"@type\":\"ListItem\",\"position\":2,\"name\":\"Die Aktivit\u00e4t von Sysmatec\",\"item\":\"https:\\\/\\\/sysmatec.ch\\\/de\\\/\"},{\"@type\":\"ListItem\",\"position\":3,\"name\":\"Ofen Snol 3\\\/1100, 8.2 \\\/ 1100, 13\\\/1100, 22\\\/1100 und 39\\\/1100\"}]},{\"@type\":\"WebSite\",\"@id\":\"https:\\\/\\\/sysmatec.ch\\\/de\\\/#website\",\"url\":\"https:\\\/\\\/sysmatec.ch\\\/de\\\/\",\"name\":\"Sysmatec\",\"description\":\"Equipement de laboratoire et logiciels\",\"publisher\":{\"@id\":\"https:\\\/\\\/sysmatec.ch\\\/de\\\/#organization\"},\"potentialAction\":[{\"@type\":\"SearchAction\",\"target\":{\"@type\":\"EntryPoint\",\"urlTemplate\":\"https:\\\/\\\/sysmatec.ch\\\/de\\\/?s={search_term_string}\"},\"query-input\":{\"@type\":\"PropertyValueSpecification\",\"valueRequired\":true,\"valueName\":\"search_term_string\"}}],\"inLanguage\":\"de\"},{\"@type\":\"Organization\",\"@id\":\"https:\\\/\\\/sysmatec.ch\\\/de\\\/#organization\",\"name\":\"Sysmatec\",\"url\":\"https:\\\/\\\/sysmatec.ch\\\/de\\\/\",\"logo\":{\"@type\":\"ImageObject\",\"inLanguage\":\"de\",\"@id\":\"https:\\\/\\\/sysmatec.ch\\\/de\\\/#\\\/schema\\\/logo\\\/image\\\/\",\"url\":\"https:\\\/\\\/sysmatec.ch\\\/wp-content\\\/uploads\\\/2018\\\/11\\\/LogoSysmatec.jpg\",\"contentUrl\":\"https:\\\/\\\/sysmatec.ch\\\/wp-content\\\/uploads\\\/2018\\\/11\\\/LogoSysmatec.jpg\",\"width\":301,\"height\":297,\"caption\":\"Sysmatec\"},\"image\":{\"@id\":\"https:\\\/\\\/sysmatec.ch\\\/de\\\/#\\\/schema\\\/logo\\\/image\\\/\"}}]}<\/script>\n<!-- \/ Yoast SEO plugin. -->","yoast_head_json":{"title":"Ofen Snol 3\/1100, 8.2 \/ 1100, 13\/1100, 22\/1100 und 39\/1100 - Sysmatec","description":"Elektro-Muffelofen f\u00fcr Temperaturen bis 1100\u00b0 C. Verf\u00fcgbare Volumina von 3 L bis 39 L. Gute Temperaturstabilit\u00e4t und Gleichm\u00e4\u00dfigkeit.","robots":{"index":"index","follow":"follow","max-snippet":"max-snippet:-1","max-image-preview":"max-image-preview:large","max-video-preview":"max-video-preview:-1"},"canonical":"https:\/\/sysmatec.ch\/de\/produit\/ofen-snol-3-1100-8-2-1100-13-1100-22-1100-und-39-1100\/","og_locale":"de_DE","og_type":"article","og_title":"Ofen Snol 3\/1100, 8.2 \/ 1100, 13\/1100, 22\/1100 und 39\/1100 - Sysmatec","og_description":"Elektro-Muffelofen f\u00fcr Temperaturen bis 1100\u00b0 C. Verf\u00fcgbare Volumina von 3 L bis 39 L. Gute Temperaturstabilit\u00e4t und Gleichm\u00e4\u00dfigkeit.","og_url":"https:\/\/sysmatec.ch\/de\/produit\/ofen-snol-3-1100-8-2-1100-13-1100-22-1100-und-39-1100\/","og_site_name":"Sysmatec","article_modified_time":"2022-03-06T19:42:48+00:00","og_image":[{"width":188,"height":242,"url":"https:\/\/sysmatec.ch\/wp-content\/uploads\/2019\/01\/Four_UmegaSNOL82_1100.jpg","type":"image\/jpeg"}],"twitter_card":"summary_large_image","twitter_misc":{"Gesch\u00e4tzte Lesezeit":"1\u00a0Minute"},"schema":{"@context":"https:\/\/schema.org","@graph":[{"@type":"WebPage","@id":"https:\/\/sysmatec.ch\/de\/produit\/ofen-snol-3-1100-8-2-1100-13-1100-22-1100-und-39-1100\/","url":"https:\/\/sysmatec.ch\/de\/produit\/ofen-snol-3-1100-8-2-1100-13-1100-22-1100-und-39-1100\/","name":"Ofen Snol 3\/1100, 8.2 \/ 1100, 13\/1100, 22\/1100 und 39\/1100 - Sysmatec","isPartOf":{"@id":"https:\/\/sysmatec.ch\/de\/#website"},"primaryImageOfPage":{"@id":"https:\/\/sysmatec.ch\/de\/produit\/ofen-snol-3-1100-8-2-1100-13-1100-22-1100-und-39-1100\/#primaryimage"},"image":{"@id":"https:\/\/sysmatec.ch\/de\/produit\/ofen-snol-3-1100-8-2-1100-13-1100-22-1100-und-39-1100\/#primaryimage"},"thumbnailUrl":"https:\/\/sysmatec.ch\/wp-content\/uploads\/2019\/01\/Four_UmegaSNOL82_1100.jpg","datePublished":"2019-01-19T20:01:55+00:00","dateModified":"2022-03-06T19:42:48+00:00","description":"Elektro-Muffelofen f\u00fcr Temperaturen bis 1100\u00b0 C. Verf\u00fcgbare Volumina von 3 L bis 39 L. Gute Temperaturstabilit\u00e4t und Gleichm\u00e4\u00dfigkeit.","breadcrumb":{"@id":"https:\/\/sysmatec.ch\/de\/produit\/ofen-snol-3-1100-8-2-1100-13-1100-22-1100-und-39-1100\/#breadcrumb"},"inLanguage":"de","potentialAction":[{"@type":"ReadAction","target":["https:\/\/sysmatec.ch\/de\/produit\/ofen-snol-3-1100-8-2-1100-13-1100-22-1100-und-39-1100\/"]}]},{"@type":"ImageObject","inLanguage":"de","@id":"https:\/\/sysmatec.ch\/de\/produit\/ofen-snol-3-1100-8-2-1100-13-1100-22-1100-und-39-1100\/#primaryimage","url":"https:\/\/sysmatec.ch\/wp-content\/uploads\/2019\/01\/Four_UmegaSNOL82_1100.jpg","contentUrl":"https:\/\/sysmatec.ch\/wp-content\/uploads\/2019\/01\/Four_UmegaSNOL82_1100.jpg","width":188,"height":242},{"@type":"BreadcrumbList","@id":"https:\/\/sysmatec.ch\/de\/produit\/ofen-snol-3-1100-8-2-1100-13-1100-22-1100-und-39-1100\/#breadcrumb","itemListElement":[{"@type":"ListItem","position":1,"name":"Accueil","item":"https:\/\/sysmatec.ch\/de\/"},{"@type":"ListItem","position":2,"name":"Die Aktivit\u00e4t von Sysmatec","item":"https:\/\/sysmatec.ch\/de\/"},{"@type":"ListItem","position":3,"name":"Ofen Snol 3\/1100, 8.2 \/ 1100, 13\/1100, 22\/1100 und 39\/1100"}]},{"@type":"WebSite","@id":"https:\/\/sysmatec.ch\/de\/#website","url":"https:\/\/sysmatec.ch\/de\/","name":"Sysmatec","description":"Equipement de laboratoire et logiciels","publisher":{"@id":"https:\/\/sysmatec.ch\/de\/#organization"},"potentialAction":[{"@type":"SearchAction","target":{"@type":"EntryPoint","urlTemplate":"https:\/\/sysmatec.ch\/de\/?s={search_term_string}"},"query-input":{"@type":"PropertyValueSpecification","valueRequired":true,"valueName":"search_term_string"}}],"inLanguage":"de"},{"@type":"Organization","@id":"https:\/\/sysmatec.ch\/de\/#organization","name":"Sysmatec","url":"https:\/\/sysmatec.ch\/de\/","logo":{"@type":"ImageObject","inLanguage":"de","@id":"https:\/\/sysmatec.ch\/de\/#\/schema\/logo\/image\/","url":"https:\/\/sysmatec.ch\/wp-content\/uploads\/2018\/11\/LogoSysmatec.jpg","contentUrl":"https:\/\/sysmatec.ch\/wp-content\/uploads\/2018\/11\/LogoSysmatec.jpg","width":301,"height":297,"caption":"Sysmatec"},"image":{"@id":"https:\/\/sysmatec.ch\/de\/#\/schema\/logo\/image\/"}}]}},"_links":{"self":[{"href":"https:\/\/sysmatec.ch\/de\/wp-json\/wp\/v2\/product\/2060","targetHints":{"allow":["GET"]}}],"collection":[{"href":"https:\/\/sysmatec.ch\/de\/wp-json\/wp\/v2\/product"}],"about":[{"href":"https:\/\/sysmatec.ch\/de\/wp-json\/wp\/v2\/types\/product"}],"wp:featuredmedia":[{"embeddable":true,"href":"https:\/\/sysmatec.ch\/de\/wp-json\/wp\/v2\/media\/1387"}],"wp:attachment":[{"href":"https:\/\/sysmatec.ch\/de\/wp-json\/wp\/v2\/media?parent=2060"}],"wp:term":[{"taxonomy":"product_brand","embeddable":true,"href":"https:\/\/sysmatec.ch\/de\/wp-json\/wp\/v2\/product_brand?post=2060"},{"taxonomy":"product_cat","embeddable":true,"href":"https:\/\/sysmatec.ch\/de\/wp-json\/wp\/v2\/product_cat?post=2060"},{"taxonomy":"product_tag","embeddable":true,"href":"https:\/\/sysmatec.ch\/de\/wp-json\/wp\/v2\/product_tag?post=2060"}],"curies":[{"name":"wp","href":"https:\/\/api.w.org\/{rel}","templated":true}]}}