{"id":2057,"date":"2019-01-19T21:08:41","date_gmt":"2019-01-19T20:08:41","guid":{"rendered":"https:\/\/sysmatec.ch\/produit\/four-etuve-serie-ax\/"},"modified":"2022-03-06T20:37:06","modified_gmt":"2022-03-06T19:37:06","slug":"ofen-thermoschrank-serie-ax","status":"publish","type":"product","link":"https:\/\/sysmatec.ch\/de\/Produkt\/ofen-thermoschrank-serie-ax\/","title":{"rendered":"Ofen \/ Thermoschrank Serie AX"},"content":{"rendered":"<p>Die W\u00e4rmeschr\u00e4nk e der Apex AX Reihe sind Economy -Laborger\u00e4te f\u00fcr Temperaturen bis 250 \u00b0C. Die Tischger\u00e4te sind standardm\u00e4\u00dfig mit P I D -Reglern ausgestattet.<\/p>\n<ul>\n<li type=\"disc\">Maximaltemperaturen bis 250 \u00b0C<\/li>\n<li type=\"disc\">30, 60 oder 120 Liter Kammervolumina<\/li>\n<li type=\"disc\">Umluftventilator f\u00fcr kurze Aufheizzeiten und exzellente emperaturhomogenit\u00e4t<\/li>\n<li type=\"disc\">Hochwertige Innenkammer aus Edelstahl<\/li>\n<li type=\"disc\">Zwei h\u00f6henverstellbare, verchromte Gitterb\u00f6den<\/li>\n<li type=\"disc\">T\u00fcr mit Schnappverschluss &amp; luftdichter Silikondichtung<\/li>\n<li type=\"disc\">Entspricht Sicherheitsstandard BS EN 61010-2-010:2003<\/li>\n<\/ul>\n<p>Zusatzausstattung<\/p>\n<ul>\n<li type=\"disc\">\u00dcbertemperaturschutz (empfohlen bei unbeaufsichtigtem Einsatz)<\/li>\n<li type=\"disc\">Countdown Timer (Prozesstimer)<\/li>\n<li type=\"disc\">Zus\u00e4tzliche Gitterb\u00f6den<\/li>\n<li type=\"disc\">Abschlie\u00dfbare T\u00fcr<\/li>\n<li type=\"disc\">Versionen mit Spannungen unter 220 V<\/li>\n<li type=\"disc\">Ersatzteilpaket<\/li>\n<\/ul>\n<table border=\"1\" width=\"620\" cellspacing=\"2\" cellpadding=\"0\">\n<tbody>\n<tr>\n<td><\/td>\n<td>AX30<\/td>\n<td>AX60<\/td>\n<td>AX120<\/td>\n<\/tr>\n<tr>\n<td>Volum (L)<\/td>\n<td>28<\/td>\n<td>66<\/td>\n<td>128<\/td>\n<\/tr>\n<tr>\n<td>Temperaturhomogenit\u00e4t (\u00b0C)<\/td>\n<td>+\/- 5 bei 250 \u00b0C<\/td>\n<td>+\/- 5 bei 250 \u00b0C<\/td>\n<td>+\/- 5 bei 250 \u00b0C<\/td>\n<\/tr>\n<tr>\n<td>Ext. Masse (mm)<\/td>\n<td>440x590x465<\/td>\n<td>540x690x565<\/td>\n<td>640x690x565<\/td>\n<\/tr>\n<tr>\n<td>Int. Masse (mm)<\/td>\n<td>295x300x320<\/td>\n<td>385x400x420<\/td>\n<td>495x500x520<\/td>\n<\/tr>\n<tr>\n<td>Gitter inkl. \/ max.<\/td>\n<td>2\/4<\/td>\n<td>2\/6<\/td>\n<td>2\/8<\/td>\n<\/tr>\n<tr>\n<td>Max Leistung (KW)<\/td>\n<td>1<\/td>\n<td>1.5<\/td>\n<td>2<\/td>\n<\/tr>\n<tr>\n<td>Halte-Leistung (KW)<\/td>\n<td>0.342<\/td>\n<td>0.465<\/td>\n<td>0.622<\/td>\n<\/tr>\n<tr>\n<td>Gewicht (kg)<\/td>\n<td>24<\/td>\n<td>37<\/td>\n<td>55<\/td>\n<\/tr>\n<tr>\n<td>Luftwechsel pr h<\/td>\n<td>65<\/td>\n<td>28<\/td>\n<td>14<\/td>\n<\/tr>\n<\/tbody>\n<\/table>\n","protected":false},"excerpt":{"rendered":"<p>\u00d6fen f\u00fcr Temperaturen bis 250\u00b0C.<\/p>\n","protected":false},"featured_media":1391,"template":"","meta":{"_crdt_document":""},"product_brand":[],"product_cat":[107],"product_tag":[],"class_list":{"0":"post-2057","1":"product","2":"type-product","3":"status-publish","4":"has-post-thumbnail","6":"product_cat-ofen","8":"first","9":"instock","10":"taxable","11":"shipping-taxable","12":"product-type-simple"},"yoast_head":"<!-- This site is optimized with the Yoast SEO plugin v27.3 - https:\/\/yoast.com\/product\/yoast-seo-wordpress\/ -->\n<title>Ofen \/ Thermoschrank Serie AX - Sysmatec<\/title>\n<meta name=\"description\" content=\"\u00d6fen f\u00fcr Temperaturen bis 250\u00b0C. Volumen von 28 bis 128L. Sie haben eine gute W\u00e4rmed\u00e4mmung und einen Ventilator.\" \/>\n<meta name=\"robots\" content=\"index, follow, max-snippet:-1, max-image-preview:large, max-video-preview:-1\" \/>\n<link rel=\"canonical\" href=\"https:\/\/sysmatec.ch\/de\/produit\/ofen-thermoschrank-serie-ax\/\" \/>\n<meta property=\"og:locale\" content=\"de_DE\" \/>\n<meta property=\"og:type\" content=\"article\" \/>\n<meta property=\"og:title\" content=\"Ofen \/ Thermoschrank Serie AX - Sysmatec\" \/>\n<meta property=\"og:description\" content=\"\u00d6fen f\u00fcr Temperaturen bis 250\u00b0C. Volumen von 28 bis 128L. Sie haben eine gute W\u00e4rmed\u00e4mmung und einen Ventilator.\" \/>\n<meta property=\"og:url\" content=\"https:\/\/sysmatec.ch\/de\/produit\/ofen-thermoschrank-serie-ax\/\" \/>\n<meta property=\"og:site_name\" content=\"Sysmatec\" \/>\n<meta property=\"article:modified_time\" content=\"2022-03-06T19:37:06+00:00\" \/>\n<meta property=\"og:image\" content=\"https:\/\/sysmatec.ch\/wp-content\/uploads\/2019\/01\/FourEtuve_CarboliteAX.jpg\" \/>\n\t<meta property=\"og:image:width\" content=\"178\" \/>\n\t<meta property=\"og:image:height\" content=\"85\" \/>\n\t<meta property=\"og:image:type\" content=\"image\/jpeg\" \/>\n<meta name=\"twitter:card\" content=\"summary_large_image\" \/>\n<meta name=\"twitter:label1\" content=\"Gesch\u00e4tzte Lesezeit\" \/>\n\t<meta name=\"twitter:data1\" content=\"1\u00a0Minute\" \/>\n<script type=\"application\/ld+json\" class=\"yoast-schema-graph\">{\"@context\":\"https:\\\/\\\/schema.org\",\"@graph\":[{\"@type\":\"WebPage\",\"@id\":\"https:\\\/\\\/sysmatec.ch\\\/de\\\/produit\\\/ofen-thermoschrank-serie-ax\\\/\",\"url\":\"https:\\\/\\\/sysmatec.ch\\\/de\\\/produit\\\/ofen-thermoschrank-serie-ax\\\/\",\"name\":\"Ofen \\\/ Thermoschrank Serie AX - Sysmatec\",\"isPartOf\":{\"@id\":\"https:\\\/\\\/sysmatec.ch\\\/de\\\/#website\"},\"primaryImageOfPage\":{\"@id\":\"https:\\\/\\\/sysmatec.ch\\\/de\\\/produit\\\/ofen-thermoschrank-serie-ax\\\/#primaryimage\"},\"image\":{\"@id\":\"https:\\\/\\\/sysmatec.ch\\\/de\\\/produit\\\/ofen-thermoschrank-serie-ax\\\/#primaryimage\"},\"thumbnailUrl\":\"https:\\\/\\\/sysmatec.ch\\\/wp-content\\\/uploads\\\/2019\\\/01\\\/FourEtuve_CarboliteAX.jpg\",\"datePublished\":\"2019-01-19T20:08:41+00:00\",\"dateModified\":\"2022-03-06T19:37:06+00:00\",\"description\":\"\u00d6fen f\u00fcr Temperaturen bis 250\u00b0C. Volumen von 28 bis 128L. Sie haben eine gute W\u00e4rmed\u00e4mmung und einen Ventilator.\",\"breadcrumb\":{\"@id\":\"https:\\\/\\\/sysmatec.ch\\\/de\\\/produit\\\/ofen-thermoschrank-serie-ax\\\/#breadcrumb\"},\"inLanguage\":\"de\",\"potentialAction\":[{\"@type\":\"ReadAction\",\"target\":[\"https:\\\/\\\/sysmatec.ch\\\/de\\\/produit\\\/ofen-thermoschrank-serie-ax\\\/\"]}]},{\"@type\":\"ImageObject\",\"inLanguage\":\"de\",\"@id\":\"https:\\\/\\\/sysmatec.ch\\\/de\\\/produit\\\/ofen-thermoschrank-serie-ax\\\/#primaryimage\",\"url\":\"https:\\\/\\\/sysmatec.ch\\\/wp-content\\\/uploads\\\/2019\\\/01\\\/FourEtuve_CarboliteAX.jpg\",\"contentUrl\":\"https:\\\/\\\/sysmatec.ch\\\/wp-content\\\/uploads\\\/2019\\\/01\\\/FourEtuve_CarboliteAX.jpg\",\"width\":178,\"height\":85},{\"@type\":\"BreadcrumbList\",\"@id\":\"https:\\\/\\\/sysmatec.ch\\\/de\\\/produit\\\/ofen-thermoschrank-serie-ax\\\/#breadcrumb\",\"itemListElement\":[{\"@type\":\"ListItem\",\"position\":1,\"name\":\"Accueil\",\"item\":\"https:\\\/\\\/sysmatec.ch\\\/de\\\/\"},{\"@type\":\"ListItem\",\"position\":2,\"name\":\"Die Aktivit\u00e4t von Sysmatec\",\"item\":\"https:\\\/\\\/sysmatec.ch\\\/de\\\/\"},{\"@type\":\"ListItem\",\"position\":3,\"name\":\"Ofen \\\/ Thermoschrank Serie AX\"}]},{\"@type\":\"WebSite\",\"@id\":\"https:\\\/\\\/sysmatec.ch\\\/de\\\/#website\",\"url\":\"https:\\\/\\\/sysmatec.ch\\\/de\\\/\",\"name\":\"Sysmatec\",\"description\":\"Equipement de laboratoire et logiciels\",\"publisher\":{\"@id\":\"https:\\\/\\\/sysmatec.ch\\\/de\\\/#organization\"},\"potentialAction\":[{\"@type\":\"SearchAction\",\"target\":{\"@type\":\"EntryPoint\",\"urlTemplate\":\"https:\\\/\\\/sysmatec.ch\\\/de\\\/?s={search_term_string}\"},\"query-input\":{\"@type\":\"PropertyValueSpecification\",\"valueRequired\":true,\"valueName\":\"search_term_string\"}}],\"inLanguage\":\"de\"},{\"@type\":\"Organization\",\"@id\":\"https:\\\/\\\/sysmatec.ch\\\/de\\\/#organization\",\"name\":\"Sysmatec\",\"url\":\"https:\\\/\\\/sysmatec.ch\\\/de\\\/\",\"logo\":{\"@type\":\"ImageObject\",\"inLanguage\":\"de\",\"@id\":\"https:\\\/\\\/sysmatec.ch\\\/de\\\/#\\\/schema\\\/logo\\\/image\\\/\",\"url\":\"https:\\\/\\\/sysmatec.ch\\\/wp-content\\\/uploads\\\/2018\\\/11\\\/LogoSysmatec.jpg\",\"contentUrl\":\"https:\\\/\\\/sysmatec.ch\\\/wp-content\\\/uploads\\\/2018\\\/11\\\/LogoSysmatec.jpg\",\"width\":301,\"height\":297,\"caption\":\"Sysmatec\"},\"image\":{\"@id\":\"https:\\\/\\\/sysmatec.ch\\\/de\\\/#\\\/schema\\\/logo\\\/image\\\/\"}}]}<\/script>\n<!-- \/ Yoast SEO plugin. -->","yoast_head_json":{"title":"Ofen \/ Thermoschrank Serie AX - Sysmatec","description":"\u00d6fen f\u00fcr Temperaturen bis 250\u00b0C. Volumen von 28 bis 128L. Sie haben eine gute W\u00e4rmed\u00e4mmung und einen Ventilator.","robots":{"index":"index","follow":"follow","max-snippet":"max-snippet:-1","max-image-preview":"max-image-preview:large","max-video-preview":"max-video-preview:-1"},"canonical":"https:\/\/sysmatec.ch\/de\/produit\/ofen-thermoschrank-serie-ax\/","og_locale":"de_DE","og_type":"article","og_title":"Ofen \/ Thermoschrank Serie AX - Sysmatec","og_description":"\u00d6fen f\u00fcr Temperaturen bis 250\u00b0C. Volumen von 28 bis 128L. Sie haben eine gute W\u00e4rmed\u00e4mmung und einen Ventilator.","og_url":"https:\/\/sysmatec.ch\/de\/produit\/ofen-thermoschrank-serie-ax\/","og_site_name":"Sysmatec","article_modified_time":"2022-03-06T19:37:06+00:00","og_image":[{"width":178,"height":85,"url":"https:\/\/sysmatec.ch\/wp-content\/uploads\/2019\/01\/FourEtuve_CarboliteAX.jpg","type":"image\/jpeg"}],"twitter_card":"summary_large_image","twitter_misc":{"Gesch\u00e4tzte Lesezeit":"1\u00a0Minute"},"schema":{"@context":"https:\/\/schema.org","@graph":[{"@type":"WebPage","@id":"https:\/\/sysmatec.ch\/de\/produit\/ofen-thermoschrank-serie-ax\/","url":"https:\/\/sysmatec.ch\/de\/produit\/ofen-thermoschrank-serie-ax\/","name":"Ofen \/ Thermoschrank Serie AX - Sysmatec","isPartOf":{"@id":"https:\/\/sysmatec.ch\/de\/#website"},"primaryImageOfPage":{"@id":"https:\/\/sysmatec.ch\/de\/produit\/ofen-thermoschrank-serie-ax\/#primaryimage"},"image":{"@id":"https:\/\/sysmatec.ch\/de\/produit\/ofen-thermoschrank-serie-ax\/#primaryimage"},"thumbnailUrl":"https:\/\/sysmatec.ch\/wp-content\/uploads\/2019\/01\/FourEtuve_CarboliteAX.jpg","datePublished":"2019-01-19T20:08:41+00:00","dateModified":"2022-03-06T19:37:06+00:00","description":"\u00d6fen f\u00fcr Temperaturen bis 250\u00b0C. Volumen von 28 bis 128L. Sie haben eine gute W\u00e4rmed\u00e4mmung und einen Ventilator.","breadcrumb":{"@id":"https:\/\/sysmatec.ch\/de\/produit\/ofen-thermoschrank-serie-ax\/#breadcrumb"},"inLanguage":"de","potentialAction":[{"@type":"ReadAction","target":["https:\/\/sysmatec.ch\/de\/produit\/ofen-thermoschrank-serie-ax\/"]}]},{"@type":"ImageObject","inLanguage":"de","@id":"https:\/\/sysmatec.ch\/de\/produit\/ofen-thermoschrank-serie-ax\/#primaryimage","url":"https:\/\/sysmatec.ch\/wp-content\/uploads\/2019\/01\/FourEtuve_CarboliteAX.jpg","contentUrl":"https:\/\/sysmatec.ch\/wp-content\/uploads\/2019\/01\/FourEtuve_CarboliteAX.jpg","width":178,"height":85},{"@type":"BreadcrumbList","@id":"https:\/\/sysmatec.ch\/de\/produit\/ofen-thermoschrank-serie-ax\/#breadcrumb","itemListElement":[{"@type":"ListItem","position":1,"name":"Accueil","item":"https:\/\/sysmatec.ch\/de\/"},{"@type":"ListItem","position":2,"name":"Die Aktivit\u00e4t von Sysmatec","item":"https:\/\/sysmatec.ch\/de\/"},{"@type":"ListItem","position":3,"name":"Ofen \/ Thermoschrank Serie AX"}]},{"@type":"WebSite","@id":"https:\/\/sysmatec.ch\/de\/#website","url":"https:\/\/sysmatec.ch\/de\/","name":"Sysmatec","description":"Equipement de laboratoire et logiciels","publisher":{"@id":"https:\/\/sysmatec.ch\/de\/#organization"},"potentialAction":[{"@type":"SearchAction","target":{"@type":"EntryPoint","urlTemplate":"https:\/\/sysmatec.ch\/de\/?s={search_term_string}"},"query-input":{"@type":"PropertyValueSpecification","valueRequired":true,"valueName":"search_term_string"}}],"inLanguage":"de"},{"@type":"Organization","@id":"https:\/\/sysmatec.ch\/de\/#organization","name":"Sysmatec","url":"https:\/\/sysmatec.ch\/de\/","logo":{"@type":"ImageObject","inLanguage":"de","@id":"https:\/\/sysmatec.ch\/de\/#\/schema\/logo\/image\/","url":"https:\/\/sysmatec.ch\/wp-content\/uploads\/2018\/11\/LogoSysmatec.jpg","contentUrl":"https:\/\/sysmatec.ch\/wp-content\/uploads\/2018\/11\/LogoSysmatec.jpg","width":301,"height":297,"caption":"Sysmatec"},"image":{"@id":"https:\/\/sysmatec.ch\/de\/#\/schema\/logo\/image\/"}}]}},"_links":{"self":[{"href":"https:\/\/sysmatec.ch\/de\/wp-json\/wp\/v2\/product\/2057","targetHints":{"allow":["GET"]}}],"collection":[{"href":"https:\/\/sysmatec.ch\/de\/wp-json\/wp\/v2\/product"}],"about":[{"href":"https:\/\/sysmatec.ch\/de\/wp-json\/wp\/v2\/types\/product"}],"wp:featuredmedia":[{"embeddable":true,"href":"https:\/\/sysmatec.ch\/de\/wp-json\/wp\/v2\/media\/1391"}],"wp:attachment":[{"href":"https:\/\/sysmatec.ch\/de\/wp-json\/wp\/v2\/media?parent=2057"}],"wp:term":[{"taxonomy":"product_brand","embeddable":true,"href":"https:\/\/sysmatec.ch\/de\/wp-json\/wp\/v2\/product_brand?post=2057"},{"taxonomy":"product_cat","embeddable":true,"href":"https:\/\/sysmatec.ch\/de\/wp-json\/wp\/v2\/product_cat?post=2057"},{"taxonomy":"product_tag","embeddable":true,"href":"https:\/\/sysmatec.ch\/de\/wp-json\/wp\/v2\/product_tag?post=2057"}],"curies":[{"name":"wp","href":"https:\/\/api.w.org\/{rel}","templated":true}]}}