{"id":2054,"date":"2019-01-19T21:10:30","date_gmt":"2019-01-19T20:10:30","guid":{"rendered":"https:\/\/sysmatec.ch\/produit\/fours-etuves-serie-pf\/"},"modified":"2022-03-06T20:32:53","modified_gmt":"2022-03-06T19:32:53","slug":"ofen-thermoschrank-serie-pf","status":"publish","type":"product","link":"https:\/\/sysmatec.ch\/de\/Produkt\/ofen-thermoschrank-serie-pf\/","title":{"rendered":"Ofen \/ Thermoschrank Serie PF"},"content":{"rendered":"<p>Die Laborw\u00e4rmeschr\u00e4nke bis 300 \u00b0C der &#8218;Peak&#8216; -Serie sind als Tischger\u00e4te sowohl mit nat\u00fcrlicher Konvektion (PN-Modelle) als auch mit forcierter Umluft (PF-Modelle) verf\u00fcgbar. PF-W\u00e4rmeschr\u00e4nke mit forcierter Umluft erm\u00f6glichen eine h\u00f6here Temperaturhomogenit\u00e4t und k\u00fcrzere Aufheizzeiten als PN-W\u00e4rmeschr\u00e4nke mit nat\u00fcrlicher Konvektion.<\/p>\n<ul>\n<li type=\"disc\">Maximaltemperatur bis 300 \u00b0C<\/li>\n<li type=\"disc\">Digitaler PID-Regler<\/li>\n<li type=\"disc\">Umluft f\u00fcr kurze Aufheizzeiten, ausgezeichnete Temperaturhomogenit\u00e4t und kurze Erholungszeiten<\/li>\n<li type=\"disc\">Hochwertige Innenkammer aus Edelstahl<\/li>\n<li type=\"disc\">Zwei verchromte Gitterroste<\/li>\n<li type=\"disc\">T\u00fcr mit Verriegelungsfunktion und luftdichter Silikondichtung<\/li>\n<li type=\"disc\">Entspricht Sicherheitsstandard BS EN 61010-2-010:2003<\/li>\n<\/ul>\n<p>Zusatzausstattung<\/p>\n<ul>\n<li type=\"disc\">Digitaler \u00dcbertemperaturschutz (empfohlen bei unbeaufsichtigtem Einsatz), frei einstellbar, zum Schutz desGer\u00e4ts und um wertvolles Material zu sch\u00fctzen<\/li>\n<li type=\"disc\">Gro\u00dfe Auswahl digitaler PID-Regler, Programmregler und Schreiber mit RS232, RS485 oder Ethernet Schnittstelle<\/li>\n<li type=\"disc\">\u00d6ffnung f\u00fcr Probenthermoelemente<\/li>\n<li type=\"disc\">Zus\u00e4tzliche Gitterb\u00f6den<\/li>\n<li type=\"disc\">Kabeldurchf\u00fchrungen<\/li>\n<li type=\"disc\">Variabel einstellbare Drehzahl der Umluft Turbinen<\/li>\n<li type=\"disc\">L\u00f6sungsmittelsicherheitspaket zum Trocknen kleinster Mengen L\u00f6semittel (Lackw\u00e4rmeschrank). Nicht kombinierbar mit der Option &#8218;Sichtfenster&#8216;<\/li>\n<\/ul>\n<table border=\"1\" width=\"673\" cellspacing=\"2\" cellpadding=\"0\">\n<tbody>\n<tr>\n<td><\/td>\n<td>PF30<\/td>\n<td>PF60<\/td>\n<td>PF120<\/td>\n<td>PF200<\/td>\n<\/tr>\n<tr>\n<td>Volum (L)<\/td>\n<td>28<\/td>\n<td>66<\/td>\n<td>127<\/td>\n<td>230<\/td>\n<\/tr>\n<tr>\n<td>Temperaturhomogenit\u00e4t (\u00b0C)<\/td>\n<td>+\/- 5 bei 300 \u00b0C<\/td>\n<td>+\/- 5 bei 300 \u00b0C<\/td>\n<td>+\/- 5 bei 300 \u00b0C<\/td>\n<td>+\/- 5 bei 300 \u00b0C<\/td>\n<\/tr>\n<tr>\n<td>Ext. Masse (mm)<\/td>\n<td>470x665x470<\/td>\n<td>570x765x570<\/td>\n<td>670x865x670<\/td>\n<td>920x965x670<\/td>\n<\/tr>\n<tr>\n<td>Int. Masse (mm)<\/td>\n<td>300x290x320<\/td>\n<td>400x390x420<\/td>\n<td>500x490x520<\/td>\n<td>750x590x520<\/td>\n<\/tr>\n<tr>\n<td>Gitter inkl. \/ max.<\/td>\n<td>2\/3<\/td>\n<td>2\/5<\/td>\n<td>2\/9<\/td>\n<td>2\/15<\/td>\n<\/tr>\n<tr>\n<td>Max Leistung (KW)<\/td>\n<td>1<\/td>\n<td>1.5<\/td>\n<td>2<\/td>\n<td>2.7<\/td>\n<\/tr>\n<tr>\n<td>Halte-Leistung (KW)<\/td>\n<td>0.56<\/td>\n<td>0.775<\/td>\n<td>0.9<\/td>\n<td>1.18<\/td>\n<\/tr>\n<tr>\n<td>Gewicht (kg)<\/td>\n<td>30<\/td>\n<td>45<\/td>\n<td>60<\/td>\n<td>75<\/td>\n<\/tr>\n<tr>\n<td>Luftwechsel pr h<\/td>\n<td>50<\/td>\n<td>21<\/td>\n<td>11<\/td>\n<td>6<\/td>\n<\/tr>\n<\/tbody>\n<\/table>\n","protected":false},"excerpt":{"rendered":"<p>\u00d6fen f\u00fcr Temperaturen bis 300\u00b0C.<\/p>\n","protected":false},"featured_media":1393,"template":"","meta":{"_crdt_document":""},"product_brand":[],"product_cat":[107],"product_tag":[],"class_list":{"0":"post-2054","1":"product","2":"type-product","3":"status-publish","4":"has-post-thumbnail","6":"product_cat-ofen","8":"first","9":"instock","10":"taxable","11":"shipping-taxable","12":"product-type-simple"},"yoast_head":"<!-- This site is optimized with the Yoast SEO plugin v27.3 - https:\/\/yoast.com\/product\/yoast-seo-wordpress\/ -->\n<title>Ofen \/ Thermoschrank Serie PF - Sysmatec<\/title>\n<meta name=\"description\" content=\"\u00d6fen f\u00fcr Temperaturen bis 300\u00b0C. Volumen von 28 bis 200 L. Sie haben eine gute W\u00e4rmed\u00e4mmung und einige haben einen Ventilator.\" \/>\n<meta name=\"robots\" content=\"index, follow, max-snippet:-1, max-image-preview:large, max-video-preview:-1\" \/>\n<link rel=\"canonical\" href=\"https:\/\/sysmatec.ch\/de\/produit\/ofen-thermoschrank-serie-pf\/\" \/>\n<meta property=\"og:locale\" content=\"de_DE\" \/>\n<meta property=\"og:type\" content=\"article\" \/>\n<meta property=\"og:title\" content=\"Ofen \/ Thermoschrank Serie PF - Sysmatec\" \/>\n<meta property=\"og:description\" content=\"\u00d6fen f\u00fcr Temperaturen bis 300\u00b0C. Volumen von 28 bis 200 L. Sie haben eine gute W\u00e4rmed\u00e4mmung und einige haben einen Ventilator.\" \/>\n<meta property=\"og:url\" content=\"https:\/\/sysmatec.ch\/de\/produit\/ofen-thermoschrank-serie-pf\/\" \/>\n<meta property=\"og:site_name\" content=\"Sysmatec\" \/>\n<meta property=\"article:modified_time\" content=\"2022-03-06T19:32:53+00:00\" \/>\n<meta property=\"og:image\" content=\"https:\/\/sysmatec.ch\/wp-content\/uploads\/2019\/01\/Four_CarbolitePF.jpg\" \/>\n\t<meta property=\"og:image:width\" content=\"193\" \/>\n\t<meta property=\"og:image:height\" content=\"188\" \/>\n\t<meta property=\"og:image:type\" content=\"image\/jpeg\" \/>\n<meta name=\"twitter:card\" content=\"summary_large_image\" \/>\n<meta name=\"twitter:label1\" content=\"Gesch\u00e4tzte Lesezeit\" \/>\n\t<meta name=\"twitter:data1\" content=\"1\u00a0Minute\" \/>\n<script type=\"application\/ld+json\" class=\"yoast-schema-graph\">{\"@context\":\"https:\\\/\\\/schema.org\",\"@graph\":[{\"@type\":\"WebPage\",\"@id\":\"https:\\\/\\\/sysmatec.ch\\\/de\\\/produit\\\/ofen-thermoschrank-serie-pf\\\/\",\"url\":\"https:\\\/\\\/sysmatec.ch\\\/de\\\/produit\\\/ofen-thermoschrank-serie-pf\\\/\",\"name\":\"Ofen \\\/ Thermoschrank Serie PF - Sysmatec\",\"isPartOf\":{\"@id\":\"https:\\\/\\\/sysmatec.ch\\\/de\\\/#website\"},\"primaryImageOfPage\":{\"@id\":\"https:\\\/\\\/sysmatec.ch\\\/de\\\/produit\\\/ofen-thermoschrank-serie-pf\\\/#primaryimage\"},\"image\":{\"@id\":\"https:\\\/\\\/sysmatec.ch\\\/de\\\/produit\\\/ofen-thermoschrank-serie-pf\\\/#primaryimage\"},\"thumbnailUrl\":\"https:\\\/\\\/sysmatec.ch\\\/wp-content\\\/uploads\\\/2019\\\/01\\\/Four_CarbolitePF.jpg\",\"datePublished\":\"2019-01-19T20:10:30+00:00\",\"dateModified\":\"2022-03-06T19:32:53+00:00\",\"description\":\"\u00d6fen f\u00fcr Temperaturen bis 300\u00b0C. Volumen von 28 bis 200 L. Sie haben eine gute W\u00e4rmed\u00e4mmung und einige haben einen Ventilator.\",\"breadcrumb\":{\"@id\":\"https:\\\/\\\/sysmatec.ch\\\/de\\\/produit\\\/ofen-thermoschrank-serie-pf\\\/#breadcrumb\"},\"inLanguage\":\"de\",\"potentialAction\":[{\"@type\":\"ReadAction\",\"target\":[\"https:\\\/\\\/sysmatec.ch\\\/de\\\/produit\\\/ofen-thermoschrank-serie-pf\\\/\"]}]},{\"@type\":\"ImageObject\",\"inLanguage\":\"de\",\"@id\":\"https:\\\/\\\/sysmatec.ch\\\/de\\\/produit\\\/ofen-thermoschrank-serie-pf\\\/#primaryimage\",\"url\":\"https:\\\/\\\/sysmatec.ch\\\/wp-content\\\/uploads\\\/2019\\\/01\\\/Four_CarbolitePF.jpg\",\"contentUrl\":\"https:\\\/\\\/sysmatec.ch\\\/wp-content\\\/uploads\\\/2019\\\/01\\\/Four_CarbolitePF.jpg\",\"width\":193,\"height\":188},{\"@type\":\"BreadcrumbList\",\"@id\":\"https:\\\/\\\/sysmatec.ch\\\/de\\\/produit\\\/ofen-thermoschrank-serie-pf\\\/#breadcrumb\",\"itemListElement\":[{\"@type\":\"ListItem\",\"position\":1,\"name\":\"Accueil\",\"item\":\"https:\\\/\\\/sysmatec.ch\\\/de\\\/\"},{\"@type\":\"ListItem\",\"position\":2,\"name\":\"Die Aktivit\u00e4t von Sysmatec\",\"item\":\"https:\\\/\\\/sysmatec.ch\\\/de\\\/\"},{\"@type\":\"ListItem\",\"position\":3,\"name\":\"Ofen \\\/ Thermoschrank Serie PF\"}]},{\"@type\":\"WebSite\",\"@id\":\"https:\\\/\\\/sysmatec.ch\\\/de\\\/#website\",\"url\":\"https:\\\/\\\/sysmatec.ch\\\/de\\\/\",\"name\":\"Sysmatec\",\"description\":\"Equipement de laboratoire et logiciels\",\"publisher\":{\"@id\":\"https:\\\/\\\/sysmatec.ch\\\/de\\\/#organization\"},\"potentialAction\":[{\"@type\":\"SearchAction\",\"target\":{\"@type\":\"EntryPoint\",\"urlTemplate\":\"https:\\\/\\\/sysmatec.ch\\\/de\\\/?s={search_term_string}\"},\"query-input\":{\"@type\":\"PropertyValueSpecification\",\"valueRequired\":true,\"valueName\":\"search_term_string\"}}],\"inLanguage\":\"de\"},{\"@type\":\"Organization\",\"@id\":\"https:\\\/\\\/sysmatec.ch\\\/de\\\/#organization\",\"name\":\"Sysmatec\",\"url\":\"https:\\\/\\\/sysmatec.ch\\\/de\\\/\",\"logo\":{\"@type\":\"ImageObject\",\"inLanguage\":\"de\",\"@id\":\"https:\\\/\\\/sysmatec.ch\\\/de\\\/#\\\/schema\\\/logo\\\/image\\\/\",\"url\":\"https:\\\/\\\/sysmatec.ch\\\/wp-content\\\/uploads\\\/2018\\\/11\\\/LogoSysmatec.jpg\",\"contentUrl\":\"https:\\\/\\\/sysmatec.ch\\\/wp-content\\\/uploads\\\/2018\\\/11\\\/LogoSysmatec.jpg\",\"width\":301,\"height\":297,\"caption\":\"Sysmatec\"},\"image\":{\"@id\":\"https:\\\/\\\/sysmatec.ch\\\/de\\\/#\\\/schema\\\/logo\\\/image\\\/\"}}]}<\/script>\n<!-- \/ Yoast SEO plugin. -->","yoast_head_json":{"title":"Ofen \/ Thermoschrank Serie PF - Sysmatec","description":"\u00d6fen f\u00fcr Temperaturen bis 300\u00b0C. Volumen von 28 bis 200 L. Sie haben eine gute W\u00e4rmed\u00e4mmung und einige haben einen Ventilator.","robots":{"index":"index","follow":"follow","max-snippet":"max-snippet:-1","max-image-preview":"max-image-preview:large","max-video-preview":"max-video-preview:-1"},"canonical":"https:\/\/sysmatec.ch\/de\/produit\/ofen-thermoschrank-serie-pf\/","og_locale":"de_DE","og_type":"article","og_title":"Ofen \/ Thermoschrank Serie PF - Sysmatec","og_description":"\u00d6fen f\u00fcr Temperaturen bis 300\u00b0C. Volumen von 28 bis 200 L. Sie haben eine gute W\u00e4rmed\u00e4mmung und einige haben einen Ventilator.","og_url":"https:\/\/sysmatec.ch\/de\/produit\/ofen-thermoschrank-serie-pf\/","og_site_name":"Sysmatec","article_modified_time":"2022-03-06T19:32:53+00:00","og_image":[{"width":193,"height":188,"url":"https:\/\/sysmatec.ch\/wp-content\/uploads\/2019\/01\/Four_CarbolitePF.jpg","type":"image\/jpeg"}],"twitter_card":"summary_large_image","twitter_misc":{"Gesch\u00e4tzte Lesezeit":"1\u00a0Minute"},"schema":{"@context":"https:\/\/schema.org","@graph":[{"@type":"WebPage","@id":"https:\/\/sysmatec.ch\/de\/produit\/ofen-thermoschrank-serie-pf\/","url":"https:\/\/sysmatec.ch\/de\/produit\/ofen-thermoschrank-serie-pf\/","name":"Ofen \/ Thermoschrank Serie PF - Sysmatec","isPartOf":{"@id":"https:\/\/sysmatec.ch\/de\/#website"},"primaryImageOfPage":{"@id":"https:\/\/sysmatec.ch\/de\/produit\/ofen-thermoschrank-serie-pf\/#primaryimage"},"image":{"@id":"https:\/\/sysmatec.ch\/de\/produit\/ofen-thermoschrank-serie-pf\/#primaryimage"},"thumbnailUrl":"https:\/\/sysmatec.ch\/wp-content\/uploads\/2019\/01\/Four_CarbolitePF.jpg","datePublished":"2019-01-19T20:10:30+00:00","dateModified":"2022-03-06T19:32:53+00:00","description":"\u00d6fen f\u00fcr Temperaturen bis 300\u00b0C. Volumen von 28 bis 200 L. Sie haben eine gute W\u00e4rmed\u00e4mmung und einige haben einen Ventilator.","breadcrumb":{"@id":"https:\/\/sysmatec.ch\/de\/produit\/ofen-thermoschrank-serie-pf\/#breadcrumb"},"inLanguage":"de","potentialAction":[{"@type":"ReadAction","target":["https:\/\/sysmatec.ch\/de\/produit\/ofen-thermoschrank-serie-pf\/"]}]},{"@type":"ImageObject","inLanguage":"de","@id":"https:\/\/sysmatec.ch\/de\/produit\/ofen-thermoschrank-serie-pf\/#primaryimage","url":"https:\/\/sysmatec.ch\/wp-content\/uploads\/2019\/01\/Four_CarbolitePF.jpg","contentUrl":"https:\/\/sysmatec.ch\/wp-content\/uploads\/2019\/01\/Four_CarbolitePF.jpg","width":193,"height":188},{"@type":"BreadcrumbList","@id":"https:\/\/sysmatec.ch\/de\/produit\/ofen-thermoschrank-serie-pf\/#breadcrumb","itemListElement":[{"@type":"ListItem","position":1,"name":"Accueil","item":"https:\/\/sysmatec.ch\/de\/"},{"@type":"ListItem","position":2,"name":"Die Aktivit\u00e4t von Sysmatec","item":"https:\/\/sysmatec.ch\/de\/"},{"@type":"ListItem","position":3,"name":"Ofen \/ Thermoschrank Serie PF"}]},{"@type":"WebSite","@id":"https:\/\/sysmatec.ch\/de\/#website","url":"https:\/\/sysmatec.ch\/de\/","name":"Sysmatec","description":"Equipement de laboratoire et logiciels","publisher":{"@id":"https:\/\/sysmatec.ch\/de\/#organization"},"potentialAction":[{"@type":"SearchAction","target":{"@type":"EntryPoint","urlTemplate":"https:\/\/sysmatec.ch\/de\/?s={search_term_string}"},"query-input":{"@type":"PropertyValueSpecification","valueRequired":true,"valueName":"search_term_string"}}],"inLanguage":"de"},{"@type":"Organization","@id":"https:\/\/sysmatec.ch\/de\/#organization","name":"Sysmatec","url":"https:\/\/sysmatec.ch\/de\/","logo":{"@type":"ImageObject","inLanguage":"de","@id":"https:\/\/sysmatec.ch\/de\/#\/schema\/logo\/image\/","url":"https:\/\/sysmatec.ch\/wp-content\/uploads\/2018\/11\/LogoSysmatec.jpg","contentUrl":"https:\/\/sysmatec.ch\/wp-content\/uploads\/2018\/11\/LogoSysmatec.jpg","width":301,"height":297,"caption":"Sysmatec"},"image":{"@id":"https:\/\/sysmatec.ch\/de\/#\/schema\/logo\/image\/"}}]}},"_links":{"self":[{"href":"https:\/\/sysmatec.ch\/de\/wp-json\/wp\/v2\/product\/2054","targetHints":{"allow":["GET"]}}],"collection":[{"href":"https:\/\/sysmatec.ch\/de\/wp-json\/wp\/v2\/product"}],"about":[{"href":"https:\/\/sysmatec.ch\/de\/wp-json\/wp\/v2\/types\/product"}],"wp:featuredmedia":[{"embeddable":true,"href":"https:\/\/sysmatec.ch\/de\/wp-json\/wp\/v2\/media\/1393"}],"wp:attachment":[{"href":"https:\/\/sysmatec.ch\/de\/wp-json\/wp\/v2\/media?parent=2054"}],"wp:term":[{"taxonomy":"product_brand","embeddable":true,"href":"https:\/\/sysmatec.ch\/de\/wp-json\/wp\/v2\/product_brand?post=2054"},{"taxonomy":"product_cat","embeddable":true,"href":"https:\/\/sysmatec.ch\/de\/wp-json\/wp\/v2\/product_cat?post=2054"},{"taxonomy":"product_tag","embeddable":true,"href":"https:\/\/sysmatec.ch\/de\/wp-json\/wp\/v2\/product_tag?post=2054"}],"curies":[{"name":"wp","href":"https:\/\/api.w.org\/{rel}","templated":true}]}}