{"id":2049,"date":"2019-01-19T21:11:56","date_gmt":"2019-01-19T20:11:56","guid":{"rendered":"https:\/\/sysmatec.ch\/produit\/fours-etuves-serie-lht\/"},"modified":"2022-03-06T20:26:26","modified_gmt":"2022-03-06T19:26:26","slug":"ofen-thermoschrank-serie-lht","status":"publish","type":"product","link":"https:\/\/sysmatec.ch\/de\/Produkt\/ofen-thermoschrank-serie-lht\/","title":{"rendered":"Ofen \/ Thermoschrank Serie LHT"},"content":{"rendered":"<p>Die LHT Hochtemperatur-W\u00e4rmeschr\u00e4nke sind in 3 Gr\u00f6\u00dfen mit Maximaltemperaturen von 400 \u00b0C, 500 \u00b0C und 600 \u00b0C erh\u00e4ltlich.<\/p>\n<ul>\n<li type=\"disc\">PID-Regler<\/li>\n<li type=\"disc\">Leistungsstarker Umluftventilator f\u00fcr optimale Temperaturhomogenit\u00e4t<\/li>\n<li type=\"disc\">Hochwertige Faserisolierung mit geringer thermischer Masse f\u00fcr eine exzellente Energieeffizienz und schnelle Heiz- und K\u00fchlraten<\/li>\n<li type=\"disc\">Hochwertige Innenkammer aus Edelstahl<\/li>\n<li type=\"disc\">Zwei Lochbleche und mehreren Laufschienen<\/li>\n<li type=\"disc\">F\u00fcr Dauerbetrieb auch bei max. Temperatur ausgelegt<\/li>\n<li type=\"disc\">Geh\u00e4use aus strapazierf\u00e4higem, verzinktem und mit Epoxidharz beschichtetem Stahlblech<\/li>\n<\/ul>\n<p>Zusatzausstattung<\/p>\n<ul>\n<li type=\"disc\">Digitaler \u00dcbertemperaturschutz (empfohlen bei unbeaufsichtigtem Einsatz), frei einstellbar, zum Schutz des Ger\u00e4ts und von wertvollem Probenmaterial<\/li>\n<li type=\"disc\">Gro\u00dfe Auswahl digitaler PID-Regler, Programmregler und Schreiber mit RS232, RS485 oder Ethernet Schnittstelle<\/li>\n<li type=\"disc\">Sichtfenster (nicht kompatibel mit L\u00f6sungsmittelsicherheitspaket)<\/li>\n<li type=\"disc\">L\u00f6sungsmittelsicherheitspaket zum Trocknen kleinster Mengen L\u00f6semittel (Lackw\u00e4rmeschrank). Nicht kombinierbar mit der Option Sichtfenster.<\/li>\n<li type=\"disc\">Kabeldurchf\u00fchrungen<\/li>\n<li type=\"disc\">Variabel einstellbare Drehzahl der Umluftturbine<\/li>\n<li type=\"disc\">Feste oder auf Rollen montierte Bodengestelle<\/li>\n<li type=\"disc\">Ersatzteilpaket f\u00fcr die regelm\u00e4\u00dfige Wartung<\/li>\n<li type=\"disc\">Absaugturbine f\u00fcr forcierte Abluft (ver\u00e4ndert die erreichbare Homogenit\u00e4t)<\/li>\n<\/ul>\n<table border=\"1\" width=\"691\" cellspacing=\"2\" cellpadding=\"0\">\n<tbody>\n<tr>\n<td><\/td>\n<td>LHT4\/30, LHT5\/30, LHT6\/30<\/td>\n<td>LHT4\/60, LHT5\/60, LHT6\/60<\/td>\n<td>LHT4\/120, LHT5\/120, LHT6\/120<\/td>\n<\/tr>\n<tr>\n<td>Volum (L)<\/td>\n<td>30<\/td>\n<td>60<\/td>\n<td>120<\/td>\n<\/tr>\n<tr>\n<td>Temperaturhomogenit\u00e4t (\u00b0C)<\/td>\n<td>+\/- 5 bei max Temp<\/td>\n<td>+\/- 5 bei max Temp<\/td>\n<td>+\/- 5 bei max Temp<\/td>\n<\/tr>\n<tr>\n<td>Ext. Masse (mm)<\/td>\n<td>570x860x550<\/td>\n<td>670x930x670<\/td>\n<td>920x1060x650<\/td>\n<\/tr>\n<tr>\n<td>Int. Masse (mm)<\/td>\n<td>300x300x305<\/td>\n<td>400x400x405<\/td>\n<td>645x455x405<\/td>\n<\/tr>\n<tr>\n<td>Gitter inkl. \/ max.<\/td>\n<td>2<\/td>\n<td>2\/3<\/td>\n<td>2\/4<\/td>\n<\/tr>\n<tr>\n<td>Max Leistung (KW)<\/td>\n<td>1<\/td>\n<td>1.5<\/td>\n<td>2.25<\/td>\n<\/tr>\n<tr>\n<td>Gewicht (kg)<\/td>\n<td>73<\/td>\n<td>99<\/td>\n<td>179<\/td>\n<\/tr>\n<\/tbody>\n<\/table>\n","protected":false},"excerpt":{"rendered":"<p>\u00d6fen f\u00fcr Temperaturen bis 600\u00b0C.<\/p>\n","protected":false},"featured_media":1395,"template":"","meta":{"_crdt_document":""},"product_brand":[],"product_cat":[107],"product_tag":[],"class_list":{"0":"post-2049","1":"product","2":"type-product","3":"status-publish","4":"has-post-thumbnail","6":"product_cat-ofen","8":"first","9":"instock","10":"taxable","11":"shipping-taxable","12":"product-type-simple"},"yoast_head":"<!-- This site is optimized with the Yoast SEO plugin v27.3 - https:\/\/yoast.com\/product\/yoast-seo-wordpress\/ -->\n<title>Ofen \/ Thermoschrank Serie LHT - Sysmatec<\/title>\n<meta name=\"description\" content=\"\u00d6fen f\u00fcr Temperaturen bis 600\u00b0C. Volumen von 30 bis 120 L. Sie haben einen Ventilator und eine gute W\u00e4rmed\u00e4mmung.\" \/>\n<meta name=\"robots\" content=\"index, follow, max-snippet:-1, max-image-preview:large, max-video-preview:-1\" \/>\n<link rel=\"canonical\" href=\"https:\/\/sysmatec.ch\/de\/produit\/ofen-thermoschrank-serie-lht\/\" \/>\n<meta property=\"og:locale\" content=\"de_DE\" \/>\n<meta property=\"og:type\" content=\"article\" \/>\n<meta property=\"og:title\" content=\"Ofen \/ Thermoschrank Serie LHT - Sysmatec\" \/>\n<meta property=\"og:description\" content=\"\u00d6fen f\u00fcr Temperaturen bis 600\u00b0C. Volumen von 30 bis 120 L. Sie haben einen Ventilator und eine gute W\u00e4rmed\u00e4mmung.\" \/>\n<meta property=\"og:url\" content=\"https:\/\/sysmatec.ch\/de\/produit\/ofen-thermoschrank-serie-lht\/\" \/>\n<meta property=\"og:site_name\" content=\"Sysmatec\" \/>\n<meta property=\"article:modified_time\" content=\"2022-03-06T19:26:26+00:00\" \/>\n<meta property=\"og:image\" content=\"https:\/\/sysmatec.ch\/wp-content\/uploads\/2019\/01\/Four_CarboliteLHT.jpg\" \/>\n\t<meta property=\"og:image:width\" content=\"184\" \/>\n\t<meta property=\"og:image:height\" content=\"131\" \/>\n\t<meta property=\"og:image:type\" content=\"image\/jpeg\" \/>\n<meta name=\"twitter:card\" content=\"summary_large_image\" \/>\n<meta name=\"twitter:label1\" content=\"Gesch\u00e4tzte Lesezeit\" \/>\n\t<meta name=\"twitter:data1\" content=\"1\u00a0Minute\" \/>\n<script type=\"application\/ld+json\" class=\"yoast-schema-graph\">{\"@context\":\"https:\\\/\\\/schema.org\",\"@graph\":[{\"@type\":\"WebPage\",\"@id\":\"https:\\\/\\\/sysmatec.ch\\\/de\\\/produit\\\/ofen-thermoschrank-serie-lht\\\/\",\"url\":\"https:\\\/\\\/sysmatec.ch\\\/de\\\/produit\\\/ofen-thermoschrank-serie-lht\\\/\",\"name\":\"Ofen \\\/ Thermoschrank Serie LHT - Sysmatec\",\"isPartOf\":{\"@id\":\"https:\\\/\\\/sysmatec.ch\\\/de\\\/#website\"},\"primaryImageOfPage\":{\"@id\":\"https:\\\/\\\/sysmatec.ch\\\/de\\\/produit\\\/ofen-thermoschrank-serie-lht\\\/#primaryimage\"},\"image\":{\"@id\":\"https:\\\/\\\/sysmatec.ch\\\/de\\\/produit\\\/ofen-thermoschrank-serie-lht\\\/#primaryimage\"},\"thumbnailUrl\":\"https:\\\/\\\/sysmatec.ch\\\/wp-content\\\/uploads\\\/2019\\\/01\\\/Four_CarboliteLHT.jpg\",\"datePublished\":\"2019-01-19T20:11:56+00:00\",\"dateModified\":\"2022-03-06T19:26:26+00:00\",\"description\":\"\u00d6fen f\u00fcr Temperaturen bis 600\u00b0C. Volumen von 30 bis 120 L. Sie haben einen Ventilator und eine gute W\u00e4rmed\u00e4mmung.\",\"breadcrumb\":{\"@id\":\"https:\\\/\\\/sysmatec.ch\\\/de\\\/produit\\\/ofen-thermoschrank-serie-lht\\\/#breadcrumb\"},\"inLanguage\":\"de\",\"potentialAction\":[{\"@type\":\"ReadAction\",\"target\":[\"https:\\\/\\\/sysmatec.ch\\\/de\\\/produit\\\/ofen-thermoschrank-serie-lht\\\/\"]}]},{\"@type\":\"ImageObject\",\"inLanguage\":\"de\",\"@id\":\"https:\\\/\\\/sysmatec.ch\\\/de\\\/produit\\\/ofen-thermoschrank-serie-lht\\\/#primaryimage\",\"url\":\"https:\\\/\\\/sysmatec.ch\\\/wp-content\\\/uploads\\\/2019\\\/01\\\/Four_CarboliteLHT.jpg\",\"contentUrl\":\"https:\\\/\\\/sysmatec.ch\\\/wp-content\\\/uploads\\\/2019\\\/01\\\/Four_CarboliteLHT.jpg\",\"width\":184,\"height\":131},{\"@type\":\"BreadcrumbList\",\"@id\":\"https:\\\/\\\/sysmatec.ch\\\/de\\\/produit\\\/ofen-thermoschrank-serie-lht\\\/#breadcrumb\",\"itemListElement\":[{\"@type\":\"ListItem\",\"position\":1,\"name\":\"Accueil\",\"item\":\"https:\\\/\\\/sysmatec.ch\\\/de\\\/\"},{\"@type\":\"ListItem\",\"position\":2,\"name\":\"Die Aktivit\u00e4t von Sysmatec\",\"item\":\"https:\\\/\\\/sysmatec.ch\\\/de\\\/\"},{\"@type\":\"ListItem\",\"position\":3,\"name\":\"Ofen \\\/ Thermoschrank Serie LHT\"}]},{\"@type\":\"WebSite\",\"@id\":\"https:\\\/\\\/sysmatec.ch\\\/de\\\/#website\",\"url\":\"https:\\\/\\\/sysmatec.ch\\\/de\\\/\",\"name\":\"Sysmatec\",\"description\":\"Equipement de laboratoire et logiciels\",\"publisher\":{\"@id\":\"https:\\\/\\\/sysmatec.ch\\\/de\\\/#organization\"},\"potentialAction\":[{\"@type\":\"SearchAction\",\"target\":{\"@type\":\"EntryPoint\",\"urlTemplate\":\"https:\\\/\\\/sysmatec.ch\\\/de\\\/?s={search_term_string}\"},\"query-input\":{\"@type\":\"PropertyValueSpecification\",\"valueRequired\":true,\"valueName\":\"search_term_string\"}}],\"inLanguage\":\"de\"},{\"@type\":\"Organization\",\"@id\":\"https:\\\/\\\/sysmatec.ch\\\/de\\\/#organization\",\"name\":\"Sysmatec\",\"url\":\"https:\\\/\\\/sysmatec.ch\\\/de\\\/\",\"logo\":{\"@type\":\"ImageObject\",\"inLanguage\":\"de\",\"@id\":\"https:\\\/\\\/sysmatec.ch\\\/de\\\/#\\\/schema\\\/logo\\\/image\\\/\",\"url\":\"https:\\\/\\\/sysmatec.ch\\\/wp-content\\\/uploads\\\/2018\\\/11\\\/LogoSysmatec.jpg\",\"contentUrl\":\"https:\\\/\\\/sysmatec.ch\\\/wp-content\\\/uploads\\\/2018\\\/11\\\/LogoSysmatec.jpg\",\"width\":301,\"height\":297,\"caption\":\"Sysmatec\"},\"image\":{\"@id\":\"https:\\\/\\\/sysmatec.ch\\\/de\\\/#\\\/schema\\\/logo\\\/image\\\/\"}}]}<\/script>\n<!-- \/ Yoast SEO plugin. -->","yoast_head_json":{"title":"Ofen \/ Thermoschrank Serie LHT - Sysmatec","description":"\u00d6fen f\u00fcr Temperaturen bis 600\u00b0C. Volumen von 30 bis 120 L. Sie haben einen Ventilator und eine gute W\u00e4rmed\u00e4mmung.","robots":{"index":"index","follow":"follow","max-snippet":"max-snippet:-1","max-image-preview":"max-image-preview:large","max-video-preview":"max-video-preview:-1"},"canonical":"https:\/\/sysmatec.ch\/de\/produit\/ofen-thermoschrank-serie-lht\/","og_locale":"de_DE","og_type":"article","og_title":"Ofen \/ Thermoschrank Serie LHT - Sysmatec","og_description":"\u00d6fen f\u00fcr Temperaturen bis 600\u00b0C. Volumen von 30 bis 120 L. Sie haben einen Ventilator und eine gute W\u00e4rmed\u00e4mmung.","og_url":"https:\/\/sysmatec.ch\/de\/produit\/ofen-thermoschrank-serie-lht\/","og_site_name":"Sysmatec","article_modified_time":"2022-03-06T19:26:26+00:00","og_image":[{"width":184,"height":131,"url":"https:\/\/sysmatec.ch\/wp-content\/uploads\/2019\/01\/Four_CarboliteLHT.jpg","type":"image\/jpeg"}],"twitter_card":"summary_large_image","twitter_misc":{"Gesch\u00e4tzte Lesezeit":"1\u00a0Minute"},"schema":{"@context":"https:\/\/schema.org","@graph":[{"@type":"WebPage","@id":"https:\/\/sysmatec.ch\/de\/produit\/ofen-thermoschrank-serie-lht\/","url":"https:\/\/sysmatec.ch\/de\/produit\/ofen-thermoschrank-serie-lht\/","name":"Ofen \/ Thermoschrank Serie LHT - Sysmatec","isPartOf":{"@id":"https:\/\/sysmatec.ch\/de\/#website"},"primaryImageOfPage":{"@id":"https:\/\/sysmatec.ch\/de\/produit\/ofen-thermoschrank-serie-lht\/#primaryimage"},"image":{"@id":"https:\/\/sysmatec.ch\/de\/produit\/ofen-thermoschrank-serie-lht\/#primaryimage"},"thumbnailUrl":"https:\/\/sysmatec.ch\/wp-content\/uploads\/2019\/01\/Four_CarboliteLHT.jpg","datePublished":"2019-01-19T20:11:56+00:00","dateModified":"2022-03-06T19:26:26+00:00","description":"\u00d6fen f\u00fcr Temperaturen bis 600\u00b0C. Volumen von 30 bis 120 L. Sie haben einen Ventilator und eine gute W\u00e4rmed\u00e4mmung.","breadcrumb":{"@id":"https:\/\/sysmatec.ch\/de\/produit\/ofen-thermoschrank-serie-lht\/#breadcrumb"},"inLanguage":"de","potentialAction":[{"@type":"ReadAction","target":["https:\/\/sysmatec.ch\/de\/produit\/ofen-thermoschrank-serie-lht\/"]}]},{"@type":"ImageObject","inLanguage":"de","@id":"https:\/\/sysmatec.ch\/de\/produit\/ofen-thermoschrank-serie-lht\/#primaryimage","url":"https:\/\/sysmatec.ch\/wp-content\/uploads\/2019\/01\/Four_CarboliteLHT.jpg","contentUrl":"https:\/\/sysmatec.ch\/wp-content\/uploads\/2019\/01\/Four_CarboliteLHT.jpg","width":184,"height":131},{"@type":"BreadcrumbList","@id":"https:\/\/sysmatec.ch\/de\/produit\/ofen-thermoschrank-serie-lht\/#breadcrumb","itemListElement":[{"@type":"ListItem","position":1,"name":"Accueil","item":"https:\/\/sysmatec.ch\/de\/"},{"@type":"ListItem","position":2,"name":"Die Aktivit\u00e4t von Sysmatec","item":"https:\/\/sysmatec.ch\/de\/"},{"@type":"ListItem","position":3,"name":"Ofen \/ Thermoschrank Serie LHT"}]},{"@type":"WebSite","@id":"https:\/\/sysmatec.ch\/de\/#website","url":"https:\/\/sysmatec.ch\/de\/","name":"Sysmatec","description":"Equipement de laboratoire et logiciels","publisher":{"@id":"https:\/\/sysmatec.ch\/de\/#organization"},"potentialAction":[{"@type":"SearchAction","target":{"@type":"EntryPoint","urlTemplate":"https:\/\/sysmatec.ch\/de\/?s={search_term_string}"},"query-input":{"@type":"PropertyValueSpecification","valueRequired":true,"valueName":"search_term_string"}}],"inLanguage":"de"},{"@type":"Organization","@id":"https:\/\/sysmatec.ch\/de\/#organization","name":"Sysmatec","url":"https:\/\/sysmatec.ch\/de\/","logo":{"@type":"ImageObject","inLanguage":"de","@id":"https:\/\/sysmatec.ch\/de\/#\/schema\/logo\/image\/","url":"https:\/\/sysmatec.ch\/wp-content\/uploads\/2018\/11\/LogoSysmatec.jpg","contentUrl":"https:\/\/sysmatec.ch\/wp-content\/uploads\/2018\/11\/LogoSysmatec.jpg","width":301,"height":297,"caption":"Sysmatec"},"image":{"@id":"https:\/\/sysmatec.ch\/de\/#\/schema\/logo\/image\/"}}]}},"_links":{"self":[{"href":"https:\/\/sysmatec.ch\/de\/wp-json\/wp\/v2\/product\/2049","targetHints":{"allow":["GET"]}}],"collection":[{"href":"https:\/\/sysmatec.ch\/de\/wp-json\/wp\/v2\/product"}],"about":[{"href":"https:\/\/sysmatec.ch\/de\/wp-json\/wp\/v2\/types\/product"}],"wp:featuredmedia":[{"embeddable":true,"href":"https:\/\/sysmatec.ch\/de\/wp-json\/wp\/v2\/media\/1395"}],"wp:attachment":[{"href":"https:\/\/sysmatec.ch\/de\/wp-json\/wp\/v2\/media?parent=2049"}],"wp:term":[{"taxonomy":"product_brand","embeddable":true,"href":"https:\/\/sysmatec.ch\/de\/wp-json\/wp\/v2\/product_brand?post=2049"},{"taxonomy":"product_cat","embeddable":true,"href":"https:\/\/sysmatec.ch\/de\/wp-json\/wp\/v2\/product_cat?post=2049"},{"taxonomy":"product_tag","embeddable":true,"href":"https:\/\/sysmatec.ch\/de\/wp-json\/wp\/v2\/product_tag?post=2049"}],"curies":[{"name":"wp","href":"https:\/\/api.w.org\/{rel}","templated":true}]}}