{"id":2043,"date":"2019-01-19T21:16:10","date_gmt":"2019-01-19T20:16:10","guid":{"rendered":"https:\/\/sysmatec.ch\/produit\/four-de-laboratoire-elf-11\/"},"modified":"2022-03-06T19:09:05","modified_gmt":"2022-03-06T18:09:05","slug":"economy-kammerofen-elf-11","status":"publish","type":"product","link":"https:\/\/sysmatec.ch\/de\/Produkt\/economy-kammerofen-elf-11\/","title":{"rendered":"Economy Kammerofen ELF \u201311"},"content":{"rendered":"<p>Die ELF Kammerofen-Serie umfasst drei Economy Tischmodelle f\u00fcr allgemeine und leichte Routineanwendungen bis 1100 \u00b0C.<\/p>\n<p>Die \u00d6fen besitzen eine einfache nach vorne klappende T\u00fcr sowie einen keramischen Kamin durch die Decke. Die<\/p>\n<p>thermischer Masse und freistrahlenden Heizelementen erm\u00f6glicht ein schnelles und effizientes Heizen.<\/p>\n<ul>\n<li type=\"disc\">Maximaltemperaturen bis 1100 \u00b0C<\/li>\n<li type=\"disc\">Nach vorne klappbare T\u00fcr mit Zuluft\u00f6ffnung in der T\u00fcrisolierung<\/li>\n<li type=\"disc\">Carbolite Gero 301 Regler mit einer Rampe zum Sollwert und Prozesstimer-Funktion<\/li>\n<li type=\"disc\">Start-Verz\u00f6gerung und Prozesstimer-Funktion standardm\u00e4\u00dfig<\/li>\n<li type=\"disc\">Ofenkammer aus hochwertiger vakuumgeformter Faserisolierung<\/li>\n<li type=\"disc\">Abriebfeste Bodenplatte<\/li>\n<li type=\"disc\">Abluft\u00f6ffnung mit keramischem Kamin<\/li>\n<\/ul>\n<p>Zusatzausstattung<\/p>\n<ul>\n<li type=\"disc\">Digitaler \u00dcbertemperaturschutz (empfohlen bei unbeaufsichtigtem Einsatz), frei einstellbar, zum Schutz des Ger\u00e4ts und von wertvollem Probenmaterial.<\/li>\n<\/ul>\n<table border=\"1\" width=\"691\" cellspacing=\"2\" cellpadding=\"0\">\n<tbody>\n<tr>\n<td><\/td>\n<td>ELF11\/6<\/td>\n<td>ELF11\/14<\/td>\n<td>ELF11\/23<\/td>\n<\/tr>\n<tr>\n<td>Volum (L)<\/td>\n<td>6<\/td>\n<td>14<\/td>\n<td>23<\/td>\n<\/tr>\n<tr>\n<td>Max. Dauerbetriebstemperatur (\u00b0C)<\/td>\n<td>1000<\/td>\n<td>1000<\/td>\n<td>1000<\/td>\n<\/tr>\n<tr>\n<td>Ext. Masse (mm)<\/td>\n<td>580x410x420<\/td>\n<td>630x450x520<\/td>\n<td>715x505x690<\/td>\n<\/tr>\n<tr>\n<td>Int. Masse (mm)<\/td>\n<td>165x180x210<\/td>\n<td>210x220x310<\/td>\n<td>235x255x400<\/td>\n<\/tr>\n<tr>\n<td>Gitter inkl. \/ max.<\/td>\n<td>2<\/td>\n<td>2\/3<\/td>\n<td>2\/4<\/td>\n<\/tr>\n<tr>\n<td>Max Leistung (KW)<\/td>\n<td>2<\/td>\n<td>2.6<\/td>\n<td>5<\/td>\n<\/tr>\n<tr>\n<td>Gewicht (kg)<\/td>\n<td>24<\/td>\n<td>31<\/td>\n<td>52<\/td>\n<\/tr>\n<\/tbody>\n<\/table>\n","protected":false},"excerpt":{"rendered":"<p><span class=\"VIiyi\" lang=\"de\"><span class=\"JLqJ4b ChMk0b\" data-language-for-alternatives=\"de\" data-language-to-translate-into=\"fr\" data-phrase-index=\"3\" data-number-of-phrases=\"4\">Kammerofen f\u00fcr Temperaturen bis 1100\u00b0C.<\/span><\/span><\/p>\n","protected":false},"featured_media":1399,"template":"","meta":{"_crdt_document":""},"product_brand":[],"product_cat":[107],"product_tag":[],"class_list":{"0":"post-2043","1":"product","2":"type-product","3":"status-publish","4":"has-post-thumbnail","6":"product_cat-ofen","8":"first","9":"instock","10":"taxable","11":"shipping-taxable","12":"product-type-simple"},"yoast_head":"<!-- This site is optimized with the Yoast SEO plugin v27.3 - https:\/\/yoast.com\/product\/yoast-seo-wordpress\/ -->\n<title>Economy Kammerofen ELF \u201311 - Sysmatec<\/title>\n<meta name=\"description\" content=\"Labor\u00f6fen f\u00fcr Temperaturen bis 1100\u00b0C. Volumen von 6 bis 23 L. Sie haben eine Schwingt\u00fcr und einen Kamin.\" \/>\n<meta name=\"robots\" content=\"index, follow, max-snippet:-1, max-image-preview:large, max-video-preview:-1\" \/>\n<link rel=\"canonical\" href=\"https:\/\/sysmatec.ch\/de\/produit\/economy-kammerofen-elf-11\/\" \/>\n<meta property=\"og:locale\" content=\"de_DE\" \/>\n<meta property=\"og:type\" content=\"article\" \/>\n<meta property=\"og:title\" content=\"Economy Kammerofen ELF \u201311 - Sysmatec\" \/>\n<meta property=\"og:description\" content=\"Labor\u00f6fen f\u00fcr Temperaturen bis 1100\u00b0C. Volumen von 6 bis 23 L. Sie haben eine Schwingt\u00fcr und einen Kamin.\" \/>\n<meta property=\"og:url\" content=\"https:\/\/sysmatec.ch\/de\/produit\/economy-kammerofen-elf-11\/\" \/>\n<meta property=\"og:site_name\" content=\"Sysmatec\" \/>\n<meta property=\"article:modified_time\" content=\"2022-03-06T18:09:05+00:00\" \/>\n<meta property=\"og:image\" content=\"https:\/\/sysmatec.ch\/wp-content\/uploads\/2019\/01\/FourCarboliteELF11.jpg\" \/>\n\t<meta property=\"og:image:width\" content=\"187\" \/>\n\t<meta property=\"og:image:height\" content=\"166\" \/>\n\t<meta property=\"og:image:type\" content=\"image\/jpeg\" \/>\n<meta name=\"twitter:card\" content=\"summary_large_image\" \/>\n<meta name=\"twitter:label1\" content=\"Gesch\u00e4tzte Lesezeit\" \/>\n\t<meta name=\"twitter:data1\" content=\"1\u00a0Minute\" \/>\n<script type=\"application\/ld+json\" class=\"yoast-schema-graph\">{\"@context\":\"https:\\\/\\\/schema.org\",\"@graph\":[{\"@type\":\"WebPage\",\"@id\":\"https:\\\/\\\/sysmatec.ch\\\/de\\\/produit\\\/economy-kammerofen-elf-11\\\/\",\"url\":\"https:\\\/\\\/sysmatec.ch\\\/de\\\/produit\\\/economy-kammerofen-elf-11\\\/\",\"name\":\"Economy Kammerofen ELF \u201311 - Sysmatec\",\"isPartOf\":{\"@id\":\"https:\\\/\\\/sysmatec.ch\\\/de\\\/#website\"},\"primaryImageOfPage\":{\"@id\":\"https:\\\/\\\/sysmatec.ch\\\/de\\\/produit\\\/economy-kammerofen-elf-11\\\/#primaryimage\"},\"image\":{\"@id\":\"https:\\\/\\\/sysmatec.ch\\\/de\\\/produit\\\/economy-kammerofen-elf-11\\\/#primaryimage\"},\"thumbnailUrl\":\"https:\\\/\\\/sysmatec.ch\\\/wp-content\\\/uploads\\\/2019\\\/01\\\/FourCarboliteELF11.jpg\",\"datePublished\":\"2019-01-19T20:16:10+00:00\",\"dateModified\":\"2022-03-06T18:09:05+00:00\",\"description\":\"Labor\u00f6fen f\u00fcr Temperaturen bis 1100\u00b0C. Volumen von 6 bis 23 L. Sie haben eine Schwingt\u00fcr und einen Kamin.\",\"breadcrumb\":{\"@id\":\"https:\\\/\\\/sysmatec.ch\\\/de\\\/produit\\\/economy-kammerofen-elf-11\\\/#breadcrumb\"},\"inLanguage\":\"de\",\"potentialAction\":[{\"@type\":\"ReadAction\",\"target\":[\"https:\\\/\\\/sysmatec.ch\\\/de\\\/produit\\\/economy-kammerofen-elf-11\\\/\"]}]},{\"@type\":\"ImageObject\",\"inLanguage\":\"de\",\"@id\":\"https:\\\/\\\/sysmatec.ch\\\/de\\\/produit\\\/economy-kammerofen-elf-11\\\/#primaryimage\",\"url\":\"https:\\\/\\\/sysmatec.ch\\\/wp-content\\\/uploads\\\/2019\\\/01\\\/FourCarboliteELF11.jpg\",\"contentUrl\":\"https:\\\/\\\/sysmatec.ch\\\/wp-content\\\/uploads\\\/2019\\\/01\\\/FourCarboliteELF11.jpg\",\"width\":187,\"height\":166},{\"@type\":\"BreadcrumbList\",\"@id\":\"https:\\\/\\\/sysmatec.ch\\\/de\\\/produit\\\/economy-kammerofen-elf-11\\\/#breadcrumb\",\"itemListElement\":[{\"@type\":\"ListItem\",\"position\":1,\"name\":\"Accueil\",\"item\":\"https:\\\/\\\/sysmatec.ch\\\/de\\\/\"},{\"@type\":\"ListItem\",\"position\":2,\"name\":\"Die Aktivit\u00e4t von Sysmatec\",\"item\":\"https:\\\/\\\/sysmatec.ch\\\/de\\\/\"},{\"@type\":\"ListItem\",\"position\":3,\"name\":\"Economy Kammerofen ELF \u201311\"}]},{\"@type\":\"WebSite\",\"@id\":\"https:\\\/\\\/sysmatec.ch\\\/de\\\/#website\",\"url\":\"https:\\\/\\\/sysmatec.ch\\\/de\\\/\",\"name\":\"Sysmatec\",\"description\":\"Equipement de laboratoire et logiciels\",\"publisher\":{\"@id\":\"https:\\\/\\\/sysmatec.ch\\\/de\\\/#organization\"},\"potentialAction\":[{\"@type\":\"SearchAction\",\"target\":{\"@type\":\"EntryPoint\",\"urlTemplate\":\"https:\\\/\\\/sysmatec.ch\\\/de\\\/?s={search_term_string}\"},\"query-input\":{\"@type\":\"PropertyValueSpecification\",\"valueRequired\":true,\"valueName\":\"search_term_string\"}}],\"inLanguage\":\"de\"},{\"@type\":\"Organization\",\"@id\":\"https:\\\/\\\/sysmatec.ch\\\/de\\\/#organization\",\"name\":\"Sysmatec\",\"url\":\"https:\\\/\\\/sysmatec.ch\\\/de\\\/\",\"logo\":{\"@type\":\"ImageObject\",\"inLanguage\":\"de\",\"@id\":\"https:\\\/\\\/sysmatec.ch\\\/de\\\/#\\\/schema\\\/logo\\\/image\\\/\",\"url\":\"https:\\\/\\\/sysmatec.ch\\\/wp-content\\\/uploads\\\/2018\\\/11\\\/LogoSysmatec.jpg\",\"contentUrl\":\"https:\\\/\\\/sysmatec.ch\\\/wp-content\\\/uploads\\\/2018\\\/11\\\/LogoSysmatec.jpg\",\"width\":301,\"height\":297,\"caption\":\"Sysmatec\"},\"image\":{\"@id\":\"https:\\\/\\\/sysmatec.ch\\\/de\\\/#\\\/schema\\\/logo\\\/image\\\/\"}}]}<\/script>\n<!-- \/ Yoast SEO plugin. -->","yoast_head_json":{"title":"Economy Kammerofen ELF \u201311 - Sysmatec","description":"Labor\u00f6fen f\u00fcr Temperaturen bis 1100\u00b0C. Volumen von 6 bis 23 L. Sie haben eine Schwingt\u00fcr und einen Kamin.","robots":{"index":"index","follow":"follow","max-snippet":"max-snippet:-1","max-image-preview":"max-image-preview:large","max-video-preview":"max-video-preview:-1"},"canonical":"https:\/\/sysmatec.ch\/de\/produit\/economy-kammerofen-elf-11\/","og_locale":"de_DE","og_type":"article","og_title":"Economy Kammerofen ELF \u201311 - Sysmatec","og_description":"Labor\u00f6fen f\u00fcr Temperaturen bis 1100\u00b0C. Volumen von 6 bis 23 L. Sie haben eine Schwingt\u00fcr und einen Kamin.","og_url":"https:\/\/sysmatec.ch\/de\/produit\/economy-kammerofen-elf-11\/","og_site_name":"Sysmatec","article_modified_time":"2022-03-06T18:09:05+00:00","og_image":[{"width":187,"height":166,"url":"https:\/\/sysmatec.ch\/wp-content\/uploads\/2019\/01\/FourCarboliteELF11.jpg","type":"image\/jpeg"}],"twitter_card":"summary_large_image","twitter_misc":{"Gesch\u00e4tzte Lesezeit":"1\u00a0Minute"},"schema":{"@context":"https:\/\/schema.org","@graph":[{"@type":"WebPage","@id":"https:\/\/sysmatec.ch\/de\/produit\/economy-kammerofen-elf-11\/","url":"https:\/\/sysmatec.ch\/de\/produit\/economy-kammerofen-elf-11\/","name":"Economy Kammerofen ELF \u201311 - Sysmatec","isPartOf":{"@id":"https:\/\/sysmatec.ch\/de\/#website"},"primaryImageOfPage":{"@id":"https:\/\/sysmatec.ch\/de\/produit\/economy-kammerofen-elf-11\/#primaryimage"},"image":{"@id":"https:\/\/sysmatec.ch\/de\/produit\/economy-kammerofen-elf-11\/#primaryimage"},"thumbnailUrl":"https:\/\/sysmatec.ch\/wp-content\/uploads\/2019\/01\/FourCarboliteELF11.jpg","datePublished":"2019-01-19T20:16:10+00:00","dateModified":"2022-03-06T18:09:05+00:00","description":"Labor\u00f6fen f\u00fcr Temperaturen bis 1100\u00b0C. Volumen von 6 bis 23 L. Sie haben eine Schwingt\u00fcr und einen Kamin.","breadcrumb":{"@id":"https:\/\/sysmatec.ch\/de\/produit\/economy-kammerofen-elf-11\/#breadcrumb"},"inLanguage":"de","potentialAction":[{"@type":"ReadAction","target":["https:\/\/sysmatec.ch\/de\/produit\/economy-kammerofen-elf-11\/"]}]},{"@type":"ImageObject","inLanguage":"de","@id":"https:\/\/sysmatec.ch\/de\/produit\/economy-kammerofen-elf-11\/#primaryimage","url":"https:\/\/sysmatec.ch\/wp-content\/uploads\/2019\/01\/FourCarboliteELF11.jpg","contentUrl":"https:\/\/sysmatec.ch\/wp-content\/uploads\/2019\/01\/FourCarboliteELF11.jpg","width":187,"height":166},{"@type":"BreadcrumbList","@id":"https:\/\/sysmatec.ch\/de\/produit\/economy-kammerofen-elf-11\/#breadcrumb","itemListElement":[{"@type":"ListItem","position":1,"name":"Accueil","item":"https:\/\/sysmatec.ch\/de\/"},{"@type":"ListItem","position":2,"name":"Die Aktivit\u00e4t von Sysmatec","item":"https:\/\/sysmatec.ch\/de\/"},{"@type":"ListItem","position":3,"name":"Economy Kammerofen ELF \u201311"}]},{"@type":"WebSite","@id":"https:\/\/sysmatec.ch\/de\/#website","url":"https:\/\/sysmatec.ch\/de\/","name":"Sysmatec","description":"Equipement de laboratoire et logiciels","publisher":{"@id":"https:\/\/sysmatec.ch\/de\/#organization"},"potentialAction":[{"@type":"SearchAction","target":{"@type":"EntryPoint","urlTemplate":"https:\/\/sysmatec.ch\/de\/?s={search_term_string}"},"query-input":{"@type":"PropertyValueSpecification","valueRequired":true,"valueName":"search_term_string"}}],"inLanguage":"de"},{"@type":"Organization","@id":"https:\/\/sysmatec.ch\/de\/#organization","name":"Sysmatec","url":"https:\/\/sysmatec.ch\/de\/","logo":{"@type":"ImageObject","inLanguage":"de","@id":"https:\/\/sysmatec.ch\/de\/#\/schema\/logo\/image\/","url":"https:\/\/sysmatec.ch\/wp-content\/uploads\/2018\/11\/LogoSysmatec.jpg","contentUrl":"https:\/\/sysmatec.ch\/wp-content\/uploads\/2018\/11\/LogoSysmatec.jpg","width":301,"height":297,"caption":"Sysmatec"},"image":{"@id":"https:\/\/sysmatec.ch\/de\/#\/schema\/logo\/image\/"}}]}},"_links":{"self":[{"href":"https:\/\/sysmatec.ch\/de\/wp-json\/wp\/v2\/product\/2043","targetHints":{"allow":["GET"]}}],"collection":[{"href":"https:\/\/sysmatec.ch\/de\/wp-json\/wp\/v2\/product"}],"about":[{"href":"https:\/\/sysmatec.ch\/de\/wp-json\/wp\/v2\/types\/product"}],"wp:featuredmedia":[{"embeddable":true,"href":"https:\/\/sysmatec.ch\/de\/wp-json\/wp\/v2\/media\/1399"}],"wp:attachment":[{"href":"https:\/\/sysmatec.ch\/de\/wp-json\/wp\/v2\/media?parent=2043"}],"wp:term":[{"taxonomy":"product_brand","embeddable":true,"href":"https:\/\/sysmatec.ch\/de\/wp-json\/wp\/v2\/product_brand?post=2043"},{"taxonomy":"product_cat","embeddable":true,"href":"https:\/\/sysmatec.ch\/de\/wp-json\/wp\/v2\/product_cat?post=2043"},{"taxonomy":"product_tag","embeddable":true,"href":"https:\/\/sysmatec.ch\/de\/wp-json\/wp\/v2\/product_tag?post=2043"}],"curies":[{"name":"wp","href":"https:\/\/api.w.org\/{rel}","templated":true}]}}