{"id":2040,"date":"2019-01-19T21:17:27","date_gmt":"2019-01-19T20:17:27","guid":{"rendered":"https:\/\/sysmatec.ch\/produit\/four-tubulaire-mtf\/"},"modified":"2022-03-06T18:49:34","modified_gmt":"2022-03-06T17:49:34","slug":"standard-rohrofen-mtf","status":"publish","type":"product","link":"https:\/\/sysmatec.ch\/de\/Produkt\/standard-rohrofen-mtf\/","title":{"rendered":"Standard-Rohrofen MTF"},"content":{"rendered":"<p>Die Rohr\u00f6fen vom Typ MTF sind mit Widerstandsdraht- Heizelementen ausgestattet, die direkt um ein integriertes keramisches Arbeitsrohr gewickelt sind.<\/p>\n<p>Dieses einfache und wirtschaftliche Basismodell kann f\u00fcr Routine Anwendungen eingesetzt werden; die Nutzung eines zus\u00e4tzlichen Arbeitsrohres ist nicht zwingend notwendig. Wenn der Rohrofen unter Atmosph\u00e4re betrieben wird, ist ein weiteres Arbeitsrohr allerdings unerl\u00e4sslich, um die erforderliche L\u00e4nge f\u00fcr den Einsatz von gasdichten Faserisolationsstopfen zu erreichen.<\/p>\n<ul>\n<li type=\"disc\">Maximaltemperaturen von 1000 \u00b0C und 1200 \u00b0C<\/li>\n<li type=\"disc\">Innendurchmesser von 15 mm, 25 mm und 38 mm<\/li>\n<li type=\"disc\">Beheizte L\u00e4ngen von 130 mm, 250 mm, 400 mm und 850 mm<\/li>\n<li type=\"disc\">Direktgewickelte Widerstandsdraht-Heizelemente auf einem keramischen Tr\u00e4gerrohr, das gleichzeitig als Arbeitsrohr dienen kann Carbolite Gero 301 Regler mit einer Rampe zum Sollwert und Prozesstimer-Funktion<\/li>\n<li type=\"disc\">Standardm\u00e4\u00dfige Start-Verz\u00f6gerung und Prozesstimer-Funktion<\/li>\n<li type=\"disc\">Horizontale Konfiguration; Steuerung befindet sich direkt unterhalb des Ofens<\/li>\n<\/ul>\n<table border=\"1\" width=\"661\" cellspacing=\"2\" cellpadding=\"0\">\n<tbody>\n<tr>\n<td><\/td>\n<td>MTF10\/15\/130<\/td>\n<td>MTF10\/25\/130<\/td>\n<\/tr>\n<tr>\n<td>Max Dauerbetriebstemperatur (\u00b0C)<\/td>\n<td>900<\/td>\n<td>900<\/td>\n<\/tr>\n<tr>\n<td>Rohrdurchmesser (mm)<\/td>\n<td>15<\/td>\n<td>25<\/td>\n<\/tr>\n<tr>\n<td>Ext. Masse (mm)<\/td>\n<td>360x200x240<\/td>\n<td>360x200x240<\/td>\n<\/tr>\n<tr>\n<td>Max Leistung (KW)<\/td>\n<td>0.4<\/td>\n<td>0.4<\/td>\n<\/tr>\n<tr>\n<td>Gewicht (kg)<\/td>\n<td>3<\/td>\n<td>3<\/td>\n<\/tr>\n<\/tbody>\n<\/table>\n","protected":false},"excerpt":{"rendered":"<p><span class=\"VIiyi\" lang=\"de\"><span class=\"JLqJ4b ChMk0b\" data-language-for-alternatives=\"de\" data-language-to-translate-into=\"fr\" data-phrase-index=\"3\" data-number-of-phrases=\"4\">Rohr\u00f6fen f\u00fcr Rohre mit Durchmessern von 15 bis 38 mm.<\/span><\/span><\/p>\n","protected":false},"featured_media":1397,"template":"","meta":{"_crdt_document":""},"product_brand":[],"product_cat":[107],"product_tag":[],"class_list":{"0":"post-2040","1":"product","2":"type-product","3":"status-publish","4":"has-post-thumbnail","6":"product_cat-ofen","8":"first","9":"instock","10":"taxable","11":"shipping-taxable","12":"product-type-simple"},"yoast_head":"<!-- This site is optimized with the Yoast SEO plugin v27.3 - https:\/\/yoast.com\/product\/yoast-seo-wordpress\/ -->\n<title>Standard-Rohrofen MTF - Sysmatec<\/title>\n<meta name=\"description\" content=\"Rohrofen f\u00fcr Rohrdurchmesser von 15 bis 38 mm. Betriebstemperatur von 900\u00b0C mit Maxima bei 1200\u00b0C.\" \/>\n<meta name=\"robots\" content=\"index, follow, max-snippet:-1, max-image-preview:large, max-video-preview:-1\" \/>\n<link rel=\"canonical\" href=\"https:\/\/sysmatec.ch\/de\/produit\/standard-rohrofen-mtf\/\" \/>\n<meta property=\"og:locale\" content=\"de_DE\" \/>\n<meta property=\"og:type\" content=\"article\" \/>\n<meta property=\"og:title\" content=\"Standard-Rohrofen MTF - Sysmatec\" \/>\n<meta property=\"og:description\" content=\"Rohrofen f\u00fcr Rohrdurchmesser von 15 bis 38 mm. Betriebstemperatur von 900\u00b0C mit Maxima bei 1200\u00b0C.\" \/>\n<meta property=\"og:url\" content=\"https:\/\/sysmatec.ch\/de\/produit\/standard-rohrofen-mtf\/\" \/>\n<meta property=\"og:site_name\" content=\"Sysmatec\" \/>\n<meta property=\"article:modified_time\" content=\"2022-03-06T17:49:34+00:00\" \/>\n<meta property=\"og:image\" content=\"https:\/\/sysmatec.ch\/wp-content\/uploads\/2019\/01\/Four_CarboliteMTF.jpg\" \/>\n\t<meta property=\"og:image:width\" content=\"186\" \/>\n\t<meta property=\"og:image:height\" content=\"174\" \/>\n\t<meta property=\"og:image:type\" content=\"image\/jpeg\" \/>\n<meta name=\"twitter:card\" content=\"summary_large_image\" \/>\n<meta name=\"twitter:label1\" content=\"Gesch\u00e4tzte Lesezeit\" \/>\n\t<meta name=\"twitter:data1\" content=\"1\u00a0Minute\" \/>\n<script type=\"application\/ld+json\" class=\"yoast-schema-graph\">{\"@context\":\"https:\\\/\\\/schema.org\",\"@graph\":[{\"@type\":\"WebPage\",\"@id\":\"https:\\\/\\\/sysmatec.ch\\\/de\\\/produit\\\/standard-rohrofen-mtf\\\/\",\"url\":\"https:\\\/\\\/sysmatec.ch\\\/de\\\/produit\\\/standard-rohrofen-mtf\\\/\",\"name\":\"Standard-Rohrofen MTF - Sysmatec\",\"isPartOf\":{\"@id\":\"https:\\\/\\\/sysmatec.ch\\\/de\\\/#website\"},\"primaryImageOfPage\":{\"@id\":\"https:\\\/\\\/sysmatec.ch\\\/de\\\/produit\\\/standard-rohrofen-mtf\\\/#primaryimage\"},\"image\":{\"@id\":\"https:\\\/\\\/sysmatec.ch\\\/de\\\/produit\\\/standard-rohrofen-mtf\\\/#primaryimage\"},\"thumbnailUrl\":\"https:\\\/\\\/sysmatec.ch\\\/wp-content\\\/uploads\\\/2019\\\/01\\\/Four_CarboliteMTF.jpg\",\"datePublished\":\"2019-01-19T20:17:27+00:00\",\"dateModified\":\"2022-03-06T17:49:34+00:00\",\"description\":\"Rohrofen f\u00fcr Rohrdurchmesser von 15 bis 38 mm. Betriebstemperatur von 900\u00b0C mit Maxima bei 1200\u00b0C.\",\"breadcrumb\":{\"@id\":\"https:\\\/\\\/sysmatec.ch\\\/de\\\/produit\\\/standard-rohrofen-mtf\\\/#breadcrumb\"},\"inLanguage\":\"de\",\"potentialAction\":[{\"@type\":\"ReadAction\",\"target\":[\"https:\\\/\\\/sysmatec.ch\\\/de\\\/produit\\\/standard-rohrofen-mtf\\\/\"]}]},{\"@type\":\"ImageObject\",\"inLanguage\":\"de\",\"@id\":\"https:\\\/\\\/sysmatec.ch\\\/de\\\/produit\\\/standard-rohrofen-mtf\\\/#primaryimage\",\"url\":\"https:\\\/\\\/sysmatec.ch\\\/wp-content\\\/uploads\\\/2019\\\/01\\\/Four_CarboliteMTF.jpg\",\"contentUrl\":\"https:\\\/\\\/sysmatec.ch\\\/wp-content\\\/uploads\\\/2019\\\/01\\\/Four_CarboliteMTF.jpg\",\"width\":186,\"height\":174},{\"@type\":\"BreadcrumbList\",\"@id\":\"https:\\\/\\\/sysmatec.ch\\\/de\\\/produit\\\/standard-rohrofen-mtf\\\/#breadcrumb\",\"itemListElement\":[{\"@type\":\"ListItem\",\"position\":1,\"name\":\"Accueil\",\"item\":\"https:\\\/\\\/sysmatec.ch\\\/de\\\/\"},{\"@type\":\"ListItem\",\"position\":2,\"name\":\"Die Aktivit\u00e4t von Sysmatec\",\"item\":\"https:\\\/\\\/sysmatec.ch\\\/de\\\/\"},{\"@type\":\"ListItem\",\"position\":3,\"name\":\"Standard-Rohrofen MTF\"}]},{\"@type\":\"WebSite\",\"@id\":\"https:\\\/\\\/sysmatec.ch\\\/de\\\/#website\",\"url\":\"https:\\\/\\\/sysmatec.ch\\\/de\\\/\",\"name\":\"Sysmatec\",\"description\":\"Equipement de laboratoire et logiciels\",\"publisher\":{\"@id\":\"https:\\\/\\\/sysmatec.ch\\\/de\\\/#organization\"},\"potentialAction\":[{\"@type\":\"SearchAction\",\"target\":{\"@type\":\"EntryPoint\",\"urlTemplate\":\"https:\\\/\\\/sysmatec.ch\\\/de\\\/?s={search_term_string}\"},\"query-input\":{\"@type\":\"PropertyValueSpecification\",\"valueRequired\":true,\"valueName\":\"search_term_string\"}}],\"inLanguage\":\"de\"},{\"@type\":\"Organization\",\"@id\":\"https:\\\/\\\/sysmatec.ch\\\/de\\\/#organization\",\"name\":\"Sysmatec\",\"url\":\"https:\\\/\\\/sysmatec.ch\\\/de\\\/\",\"logo\":{\"@type\":\"ImageObject\",\"inLanguage\":\"de\",\"@id\":\"https:\\\/\\\/sysmatec.ch\\\/de\\\/#\\\/schema\\\/logo\\\/image\\\/\",\"url\":\"https:\\\/\\\/sysmatec.ch\\\/wp-content\\\/uploads\\\/2018\\\/11\\\/LogoSysmatec.jpg\",\"contentUrl\":\"https:\\\/\\\/sysmatec.ch\\\/wp-content\\\/uploads\\\/2018\\\/11\\\/LogoSysmatec.jpg\",\"width\":301,\"height\":297,\"caption\":\"Sysmatec\"},\"image\":{\"@id\":\"https:\\\/\\\/sysmatec.ch\\\/de\\\/#\\\/schema\\\/logo\\\/image\\\/\"}}]}<\/script>\n<!-- \/ Yoast SEO plugin. -->","yoast_head_json":{"title":"Standard-Rohrofen MTF - Sysmatec","description":"Rohrofen f\u00fcr Rohrdurchmesser von 15 bis 38 mm. Betriebstemperatur von 900\u00b0C mit Maxima bei 1200\u00b0C.","robots":{"index":"index","follow":"follow","max-snippet":"max-snippet:-1","max-image-preview":"max-image-preview:large","max-video-preview":"max-video-preview:-1"},"canonical":"https:\/\/sysmatec.ch\/de\/produit\/standard-rohrofen-mtf\/","og_locale":"de_DE","og_type":"article","og_title":"Standard-Rohrofen MTF - Sysmatec","og_description":"Rohrofen f\u00fcr Rohrdurchmesser von 15 bis 38 mm. Betriebstemperatur von 900\u00b0C mit Maxima bei 1200\u00b0C.","og_url":"https:\/\/sysmatec.ch\/de\/produit\/standard-rohrofen-mtf\/","og_site_name":"Sysmatec","article_modified_time":"2022-03-06T17:49:34+00:00","og_image":[{"width":186,"height":174,"url":"https:\/\/sysmatec.ch\/wp-content\/uploads\/2019\/01\/Four_CarboliteMTF.jpg","type":"image\/jpeg"}],"twitter_card":"summary_large_image","twitter_misc":{"Gesch\u00e4tzte Lesezeit":"1\u00a0Minute"},"schema":{"@context":"https:\/\/schema.org","@graph":[{"@type":"WebPage","@id":"https:\/\/sysmatec.ch\/de\/produit\/standard-rohrofen-mtf\/","url":"https:\/\/sysmatec.ch\/de\/produit\/standard-rohrofen-mtf\/","name":"Standard-Rohrofen MTF - Sysmatec","isPartOf":{"@id":"https:\/\/sysmatec.ch\/de\/#website"},"primaryImageOfPage":{"@id":"https:\/\/sysmatec.ch\/de\/produit\/standard-rohrofen-mtf\/#primaryimage"},"image":{"@id":"https:\/\/sysmatec.ch\/de\/produit\/standard-rohrofen-mtf\/#primaryimage"},"thumbnailUrl":"https:\/\/sysmatec.ch\/wp-content\/uploads\/2019\/01\/Four_CarboliteMTF.jpg","datePublished":"2019-01-19T20:17:27+00:00","dateModified":"2022-03-06T17:49:34+00:00","description":"Rohrofen f\u00fcr Rohrdurchmesser von 15 bis 38 mm. Betriebstemperatur von 900\u00b0C mit Maxima bei 1200\u00b0C.","breadcrumb":{"@id":"https:\/\/sysmatec.ch\/de\/produit\/standard-rohrofen-mtf\/#breadcrumb"},"inLanguage":"de","potentialAction":[{"@type":"ReadAction","target":["https:\/\/sysmatec.ch\/de\/produit\/standard-rohrofen-mtf\/"]}]},{"@type":"ImageObject","inLanguage":"de","@id":"https:\/\/sysmatec.ch\/de\/produit\/standard-rohrofen-mtf\/#primaryimage","url":"https:\/\/sysmatec.ch\/wp-content\/uploads\/2019\/01\/Four_CarboliteMTF.jpg","contentUrl":"https:\/\/sysmatec.ch\/wp-content\/uploads\/2019\/01\/Four_CarboliteMTF.jpg","width":186,"height":174},{"@type":"BreadcrumbList","@id":"https:\/\/sysmatec.ch\/de\/produit\/standard-rohrofen-mtf\/#breadcrumb","itemListElement":[{"@type":"ListItem","position":1,"name":"Accueil","item":"https:\/\/sysmatec.ch\/de\/"},{"@type":"ListItem","position":2,"name":"Die Aktivit\u00e4t von Sysmatec","item":"https:\/\/sysmatec.ch\/de\/"},{"@type":"ListItem","position":3,"name":"Standard-Rohrofen MTF"}]},{"@type":"WebSite","@id":"https:\/\/sysmatec.ch\/de\/#website","url":"https:\/\/sysmatec.ch\/de\/","name":"Sysmatec","description":"Equipement de laboratoire et logiciels","publisher":{"@id":"https:\/\/sysmatec.ch\/de\/#organization"},"potentialAction":[{"@type":"SearchAction","target":{"@type":"EntryPoint","urlTemplate":"https:\/\/sysmatec.ch\/de\/?s={search_term_string}"},"query-input":{"@type":"PropertyValueSpecification","valueRequired":true,"valueName":"search_term_string"}}],"inLanguage":"de"},{"@type":"Organization","@id":"https:\/\/sysmatec.ch\/de\/#organization","name":"Sysmatec","url":"https:\/\/sysmatec.ch\/de\/","logo":{"@type":"ImageObject","inLanguage":"de","@id":"https:\/\/sysmatec.ch\/de\/#\/schema\/logo\/image\/","url":"https:\/\/sysmatec.ch\/wp-content\/uploads\/2018\/11\/LogoSysmatec.jpg","contentUrl":"https:\/\/sysmatec.ch\/wp-content\/uploads\/2018\/11\/LogoSysmatec.jpg","width":301,"height":297,"caption":"Sysmatec"},"image":{"@id":"https:\/\/sysmatec.ch\/de\/#\/schema\/logo\/image\/"}}]}},"_links":{"self":[{"href":"https:\/\/sysmatec.ch\/de\/wp-json\/wp\/v2\/product\/2040","targetHints":{"allow":["GET"]}}],"collection":[{"href":"https:\/\/sysmatec.ch\/de\/wp-json\/wp\/v2\/product"}],"about":[{"href":"https:\/\/sysmatec.ch\/de\/wp-json\/wp\/v2\/types\/product"}],"wp:featuredmedia":[{"embeddable":true,"href":"https:\/\/sysmatec.ch\/de\/wp-json\/wp\/v2\/media\/1397"}],"wp:attachment":[{"href":"https:\/\/sysmatec.ch\/de\/wp-json\/wp\/v2\/media?parent=2040"}],"wp:term":[{"taxonomy":"product_brand","embeddable":true,"href":"https:\/\/sysmatec.ch\/de\/wp-json\/wp\/v2\/product_brand?post=2040"},{"taxonomy":"product_cat","embeddable":true,"href":"https:\/\/sysmatec.ch\/de\/wp-json\/wp\/v2\/product_cat?post=2040"},{"taxonomy":"product_tag","embeddable":true,"href":"https:\/\/sysmatec.ch\/de\/wp-json\/wp\/v2\/product_tag?post=2040"}],"curies":[{"name":"wp","href":"https:\/\/api.w.org\/{rel}","templated":true}]}}