{"id":2037,"date":"2019-01-20T10:42:07","date_gmt":"2019-01-20T09:42:07","guid":{"rendered":"https:\/\/sysmatec.ch\/produit\/etuves-thermostatees-incubateurs-tc\/"},"modified":"2022-03-06T18:43:12","modified_gmt":"2022-03-06T17:43:12","slug":"thermostatschraenke-tc","status":"publish","type":"product","link":"https:\/\/sysmatec.ch\/de\/Produkt\/thermostatschraenke-tc\/","title":{"rendered":"Thermostatschr\u00e4nke TC"},"content":{"rendered":"<p>Thermostatschr\u00e4nke zur kontinuierlichen Temperierung bei unterschiedlichen Anwendungen<\/p>\n<p>Applikationen: BSB-Bestimmung, mikrobiologische Forschung, Nahrungsmittelindustrie, Molkereien, Laboratorien, Forschungszentren, Universit\u00e4ten<\/p>\n<p>Die FCKW-freien Thermostatschr\u00e4nke dienen der kontinuierlichen Temperierung bei unterschiedlichen Anwendungen, z. B.:<\/p>\n<ul>\n<li>20\u00b0C BSB-Bestimmung<\/li>\n<li>4\u00b0C Lagerung Abwasserproben<\/li>\n<li>25\u00b0C Enzymaktivit\u00e4t (TTC-Test)<\/li>\n<li>37\u00b0C Keimzahl-Bestimmung<\/li>\n<\/ul>\n<p>Alle Temperaturen werden von 2 \u00b0C bis 40 \u00b0C mit Schritten von 0.1\u00b0C eingestellt. Die Temperatur-Regeleinheit erf\u00fcllt die EMC-Directivegem\u00e4\u00df IEC 61326: Elektrische Ger\u00e4te zur Messung, Kontrolle und f\u00fcr den Laboreinsatz. Ein Gebl\u00e4se in dem oberen Teil erlaubt eine gute Temperaturverteilung. Hocheffiziente Komponenten und eine verst\u00e4rkte Isolierung sorgen f\u00fcr einen niedrigen Energieverbrauch<\/p>\n<p>Modell TC 135 S (Best.-Nr.: 2 43 82 00): Standard-T\u00fcr, 230 V \/ 50 Hz, leistungsf\u00e4hige Kompressork\u00fchlung, eingebaute Heizung, 3 Einschubgitterroste + 1 Bodenrost + 4 Steckdosen, Energieverbrauch: ca. 1.35 kWh \/ 24h (Umgebungstemperatur 25 \u00b0C und Arbeitstemperatur 20 \u00b0C), Innenma\u00dfe: 513 B x 441 T x 702 H mm, Nutzinhalt: ca. 135 l, Au\u00dfenma\u00dfe: 600 B x 600 T x 850 H mm mit Arbeitsplatte, 600 B x 600 T x 819 H mm ohne Arbeitsplatte, Gewicht: ca. 39 kg<\/p>\n<p>Modell TC 175 S (Best.-Nr.: 2 43 82 20): wie TC 135 S, sonst 3 Einschubgitterroste + 1 Bodenrost + 5 Steckdosen, Energieverbrauch: ca. 1.23 kWh \/ 24h, Innenma\u00dfe (ca.): 470 B x 440 T x 1062 H mm, Nutzinhalt: ca. 175 l Au\u00dfenma\u00dfe: 600 B x 610 T x 1250 H x mm, Gewicht: ca. 51 kg<\/p>\n<p>Modell TC 255 S (Best.-Nr.: 2 43 82 30): wie TC 135 S, sonst 4 Einschubgitterroste + 1 Bodenrost + 7 Steckdosen, Energieverbrauch: ca. 1.54 kWh \/ 24h, Innenma\u00dfe: 470 B x 440 T x 1452 H mm, Nutzinhalt: ca. 255 l, Au\u00dfenma\u00dfe: 600 B x 610 T x 1640 H x mm, Gewicht: ca. 61 kg<\/p>\n<p>Modell TC 445 S (Best.-Nr.: 2 43 82 40): wie TC 135 S, sonst 4 Einschubgitterroste + 1 Bodenrost + 9 Steckdosen, Energieverbrauch: ca. 1.42 kWh \/ 24h, Innenma\u00dfe: 600 B x 560 T x 1452 H mm, Nutzinhalt: ca. 445 l, Au\u00dfenma\u00dfe: 750 B x 730 T x 1640 H x mm, Gewicht: ca. 79 kg<\/p>\n<p>Modell TC 140 G (Best.-Nr.: 2 43 82 10): Mit Glas-T\u00fcr, 230 V \/ 50 Hz, leistungsf\u00e4hige Kompressork\u00fchlung, eingebaute Heizung, 3 Einschubgitterroste + 1 Bodenrost + 4 Steckdosen, Energieverbrauch: ca. 1,77 kWh \/ 24h, Innenma\u00dfe: 513 B x 441 T x 702 H mm, Nutzinhalt: ca. 140 l, Au\u00dfenma\u00dfe: 600 B x 600 T x 850 H x mm mit Arbeitsplatte, 600 B x 600 T x 819 H mm ohne Arbeitsplatte, Gewicht: ca. 50 kg<\/p>\n<p>Modell TC 256 G (Best.-Nr.: 2 43 82 35): wie TC 140 G, sonst 4 Einschubgitterroste + 1 Bodenrost + 7 Steckdosen, Energieverbrauch: ca. 1.56 kWh \/ 24h, Innenma\u00dfe: 470 B x 440 T x 1452 H mm, Nutzinhalt: ca. 255 l Au\u00dfenma\u00dfe: 600 B x 610 T x 1640 H x mm, Gewicht: 77 kg<\/p>\n","protected":false},"excerpt":{"rendered":"<p>Inkubatoren mit Innenvolumen von 135 bis 445 L.<\/p>\n","protected":false},"featured_media":1403,"template":"","meta":{"_crdt_document":""},"product_brand":[],"product_cat":[105],"product_tag":[],"class_list":{"0":"post-2037","1":"product","2":"type-product","3":"status-publish","4":"has-post-thumbnail","6":"product_cat-inkubator","8":"first","9":"instock","10":"taxable","11":"shipping-taxable","12":"product-type-simple"},"yoast_head":"<!-- This site is optimized with the Yoast SEO plugin v27.3 - https:\/\/yoast.com\/product\/yoast-seo-wordpress\/ -->\n<title>Thermostatschr\u00e4nke TC - Sysmatec<\/title>\n<meta name=\"description\" content=\"Inkubatoren mit Innenvolumen von 135 bis 445 L. Temperaturbereich von 2 bis 40 \u00b0C. FCKW-freies K\u00e4ltemittel.\" \/>\n<meta name=\"robots\" content=\"index, follow, max-snippet:-1, max-image-preview:large, max-video-preview:-1\" \/>\n<link rel=\"canonical\" href=\"https:\/\/sysmatec.ch\/de\/produit\/thermostatschraenke-tc\/\" \/>\n<meta property=\"og:locale\" content=\"de_DE\" \/>\n<meta property=\"og:type\" content=\"article\" \/>\n<meta property=\"og:title\" content=\"Thermostatschr\u00e4nke TC - Sysmatec\" \/>\n<meta property=\"og:description\" content=\"Inkubatoren mit Innenvolumen von 135 bis 445 L. Temperaturbereich von 2 bis 40 \u00b0C. FCKW-freies K\u00e4ltemittel.\" \/>\n<meta property=\"og:url\" content=\"https:\/\/sysmatec.ch\/de\/produit\/thermostatschraenke-tc\/\" \/>\n<meta property=\"og:site_name\" content=\"Sysmatec\" \/>\n<meta property=\"article:modified_time\" content=\"2022-03-06T17:43:12+00:00\" \/>\n<meta property=\"og:image\" content=\"https:\/\/sysmatec.ch\/wp-content\/uploads\/2019\/01\/Incubateur_Tintometer.gif\" \/>\n\t<meta property=\"og:image:width\" content=\"158\" \/>\n\t<meta property=\"og:image:height\" content=\"187\" \/>\n\t<meta property=\"og:image:type\" content=\"image\/gif\" \/>\n<meta name=\"twitter:card\" content=\"summary_large_image\" \/>\n<meta name=\"twitter:label1\" content=\"Gesch\u00e4tzte Lesezeit\" \/>\n\t<meta name=\"twitter:data1\" content=\"2\u00a0Minuten\" \/>\n<script type=\"application\/ld+json\" class=\"yoast-schema-graph\">{\"@context\":\"https:\\\/\\\/schema.org\",\"@graph\":[{\"@type\":\"WebPage\",\"@id\":\"https:\\\/\\\/sysmatec.ch\\\/de\\\/produit\\\/thermostatschraenke-tc\\\/\",\"url\":\"https:\\\/\\\/sysmatec.ch\\\/de\\\/produit\\\/thermostatschraenke-tc\\\/\",\"name\":\"Thermostatschr\u00e4nke TC - Sysmatec\",\"isPartOf\":{\"@id\":\"https:\\\/\\\/sysmatec.ch\\\/de\\\/#website\"},\"primaryImageOfPage\":{\"@id\":\"https:\\\/\\\/sysmatec.ch\\\/de\\\/produit\\\/thermostatschraenke-tc\\\/#primaryimage\"},\"image\":{\"@id\":\"https:\\\/\\\/sysmatec.ch\\\/de\\\/produit\\\/thermostatschraenke-tc\\\/#primaryimage\"},\"thumbnailUrl\":\"https:\\\/\\\/sysmatec.ch\\\/wp-content\\\/uploads\\\/2019\\\/01\\\/Incubateur_Tintometer.gif\",\"datePublished\":\"2019-01-20T09:42:07+00:00\",\"dateModified\":\"2022-03-06T17:43:12+00:00\",\"description\":\"Inkubatoren mit Innenvolumen von 135 bis 445 L. Temperaturbereich von 2 bis 40 \u00b0C. FCKW-freies K\u00e4ltemittel.\",\"breadcrumb\":{\"@id\":\"https:\\\/\\\/sysmatec.ch\\\/de\\\/produit\\\/thermostatschraenke-tc\\\/#breadcrumb\"},\"inLanguage\":\"de\",\"potentialAction\":[{\"@type\":\"ReadAction\",\"target\":[\"https:\\\/\\\/sysmatec.ch\\\/de\\\/produit\\\/thermostatschraenke-tc\\\/\"]}]},{\"@type\":\"ImageObject\",\"inLanguage\":\"de\",\"@id\":\"https:\\\/\\\/sysmatec.ch\\\/de\\\/produit\\\/thermostatschraenke-tc\\\/#primaryimage\",\"url\":\"https:\\\/\\\/sysmatec.ch\\\/wp-content\\\/uploads\\\/2019\\\/01\\\/Incubateur_Tintometer.gif\",\"contentUrl\":\"https:\\\/\\\/sysmatec.ch\\\/wp-content\\\/uploads\\\/2019\\\/01\\\/Incubateur_Tintometer.gif\",\"width\":158,\"height\":187},{\"@type\":\"BreadcrumbList\",\"@id\":\"https:\\\/\\\/sysmatec.ch\\\/de\\\/produit\\\/thermostatschraenke-tc\\\/#breadcrumb\",\"itemListElement\":[{\"@type\":\"ListItem\",\"position\":1,\"name\":\"Accueil\",\"item\":\"https:\\\/\\\/sysmatec.ch\\\/de\\\/\"},{\"@type\":\"ListItem\",\"position\":2,\"name\":\"Die Aktivit\u00e4t von Sysmatec\",\"item\":\"https:\\\/\\\/sysmatec.ch\\\/de\\\/\"},{\"@type\":\"ListItem\",\"position\":3,\"name\":\"Thermostatschr\u00e4nke TC\"}]},{\"@type\":\"WebSite\",\"@id\":\"https:\\\/\\\/sysmatec.ch\\\/de\\\/#website\",\"url\":\"https:\\\/\\\/sysmatec.ch\\\/de\\\/\",\"name\":\"Sysmatec\",\"description\":\"Equipement de laboratoire et logiciels\",\"publisher\":{\"@id\":\"https:\\\/\\\/sysmatec.ch\\\/de\\\/#organization\"},\"potentialAction\":[{\"@type\":\"SearchAction\",\"target\":{\"@type\":\"EntryPoint\",\"urlTemplate\":\"https:\\\/\\\/sysmatec.ch\\\/de\\\/?s={search_term_string}\"},\"query-input\":{\"@type\":\"PropertyValueSpecification\",\"valueRequired\":true,\"valueName\":\"search_term_string\"}}],\"inLanguage\":\"de\"},{\"@type\":\"Organization\",\"@id\":\"https:\\\/\\\/sysmatec.ch\\\/de\\\/#organization\",\"name\":\"Sysmatec\",\"url\":\"https:\\\/\\\/sysmatec.ch\\\/de\\\/\",\"logo\":{\"@type\":\"ImageObject\",\"inLanguage\":\"de\",\"@id\":\"https:\\\/\\\/sysmatec.ch\\\/de\\\/#\\\/schema\\\/logo\\\/image\\\/\",\"url\":\"https:\\\/\\\/sysmatec.ch\\\/wp-content\\\/uploads\\\/2018\\\/11\\\/LogoSysmatec.jpg\",\"contentUrl\":\"https:\\\/\\\/sysmatec.ch\\\/wp-content\\\/uploads\\\/2018\\\/11\\\/LogoSysmatec.jpg\",\"width\":301,\"height\":297,\"caption\":\"Sysmatec\"},\"image\":{\"@id\":\"https:\\\/\\\/sysmatec.ch\\\/de\\\/#\\\/schema\\\/logo\\\/image\\\/\"}}]}<\/script>\n<!-- \/ Yoast SEO plugin. -->","yoast_head_json":{"title":"Thermostatschr\u00e4nke TC - Sysmatec","description":"Inkubatoren mit Innenvolumen von 135 bis 445 L. Temperaturbereich von 2 bis 40 \u00b0C. FCKW-freies K\u00e4ltemittel.","robots":{"index":"index","follow":"follow","max-snippet":"max-snippet:-1","max-image-preview":"max-image-preview:large","max-video-preview":"max-video-preview:-1"},"canonical":"https:\/\/sysmatec.ch\/de\/produit\/thermostatschraenke-tc\/","og_locale":"de_DE","og_type":"article","og_title":"Thermostatschr\u00e4nke TC - Sysmatec","og_description":"Inkubatoren mit Innenvolumen von 135 bis 445 L. Temperaturbereich von 2 bis 40 \u00b0C. FCKW-freies K\u00e4ltemittel.","og_url":"https:\/\/sysmatec.ch\/de\/produit\/thermostatschraenke-tc\/","og_site_name":"Sysmatec","article_modified_time":"2022-03-06T17:43:12+00:00","og_image":[{"width":158,"height":187,"url":"https:\/\/sysmatec.ch\/wp-content\/uploads\/2019\/01\/Incubateur_Tintometer.gif","type":"image\/gif"}],"twitter_card":"summary_large_image","twitter_misc":{"Gesch\u00e4tzte Lesezeit":"2\u00a0Minuten"},"schema":{"@context":"https:\/\/schema.org","@graph":[{"@type":"WebPage","@id":"https:\/\/sysmatec.ch\/de\/produit\/thermostatschraenke-tc\/","url":"https:\/\/sysmatec.ch\/de\/produit\/thermostatschraenke-tc\/","name":"Thermostatschr\u00e4nke TC - Sysmatec","isPartOf":{"@id":"https:\/\/sysmatec.ch\/de\/#website"},"primaryImageOfPage":{"@id":"https:\/\/sysmatec.ch\/de\/produit\/thermostatschraenke-tc\/#primaryimage"},"image":{"@id":"https:\/\/sysmatec.ch\/de\/produit\/thermostatschraenke-tc\/#primaryimage"},"thumbnailUrl":"https:\/\/sysmatec.ch\/wp-content\/uploads\/2019\/01\/Incubateur_Tintometer.gif","datePublished":"2019-01-20T09:42:07+00:00","dateModified":"2022-03-06T17:43:12+00:00","description":"Inkubatoren mit Innenvolumen von 135 bis 445 L. Temperaturbereich von 2 bis 40 \u00b0C. FCKW-freies K\u00e4ltemittel.","breadcrumb":{"@id":"https:\/\/sysmatec.ch\/de\/produit\/thermostatschraenke-tc\/#breadcrumb"},"inLanguage":"de","potentialAction":[{"@type":"ReadAction","target":["https:\/\/sysmatec.ch\/de\/produit\/thermostatschraenke-tc\/"]}]},{"@type":"ImageObject","inLanguage":"de","@id":"https:\/\/sysmatec.ch\/de\/produit\/thermostatschraenke-tc\/#primaryimage","url":"https:\/\/sysmatec.ch\/wp-content\/uploads\/2019\/01\/Incubateur_Tintometer.gif","contentUrl":"https:\/\/sysmatec.ch\/wp-content\/uploads\/2019\/01\/Incubateur_Tintometer.gif","width":158,"height":187},{"@type":"BreadcrumbList","@id":"https:\/\/sysmatec.ch\/de\/produit\/thermostatschraenke-tc\/#breadcrumb","itemListElement":[{"@type":"ListItem","position":1,"name":"Accueil","item":"https:\/\/sysmatec.ch\/de\/"},{"@type":"ListItem","position":2,"name":"Die Aktivit\u00e4t von Sysmatec","item":"https:\/\/sysmatec.ch\/de\/"},{"@type":"ListItem","position":3,"name":"Thermostatschr\u00e4nke TC"}]},{"@type":"WebSite","@id":"https:\/\/sysmatec.ch\/de\/#website","url":"https:\/\/sysmatec.ch\/de\/","name":"Sysmatec","description":"Equipement de laboratoire et logiciels","publisher":{"@id":"https:\/\/sysmatec.ch\/de\/#organization"},"potentialAction":[{"@type":"SearchAction","target":{"@type":"EntryPoint","urlTemplate":"https:\/\/sysmatec.ch\/de\/?s={search_term_string}"},"query-input":{"@type":"PropertyValueSpecification","valueRequired":true,"valueName":"search_term_string"}}],"inLanguage":"de"},{"@type":"Organization","@id":"https:\/\/sysmatec.ch\/de\/#organization","name":"Sysmatec","url":"https:\/\/sysmatec.ch\/de\/","logo":{"@type":"ImageObject","inLanguage":"de","@id":"https:\/\/sysmatec.ch\/de\/#\/schema\/logo\/image\/","url":"https:\/\/sysmatec.ch\/wp-content\/uploads\/2018\/11\/LogoSysmatec.jpg","contentUrl":"https:\/\/sysmatec.ch\/wp-content\/uploads\/2018\/11\/LogoSysmatec.jpg","width":301,"height":297,"caption":"Sysmatec"},"image":{"@id":"https:\/\/sysmatec.ch\/de\/#\/schema\/logo\/image\/"}}]}},"_links":{"self":[{"href":"https:\/\/sysmatec.ch\/de\/wp-json\/wp\/v2\/product\/2037","targetHints":{"allow":["GET"]}}],"collection":[{"href":"https:\/\/sysmatec.ch\/de\/wp-json\/wp\/v2\/product"}],"about":[{"href":"https:\/\/sysmatec.ch\/de\/wp-json\/wp\/v2\/types\/product"}],"wp:featuredmedia":[{"embeddable":true,"href":"https:\/\/sysmatec.ch\/de\/wp-json\/wp\/v2\/media\/1403"}],"wp:attachment":[{"href":"https:\/\/sysmatec.ch\/de\/wp-json\/wp\/v2\/media?parent=2037"}],"wp:term":[{"taxonomy":"product_brand","embeddable":true,"href":"https:\/\/sysmatec.ch\/de\/wp-json\/wp\/v2\/product_brand?post=2037"},{"taxonomy":"product_cat","embeddable":true,"href":"https:\/\/sysmatec.ch\/de\/wp-json\/wp\/v2\/product_cat?post=2037"},{"taxonomy":"product_tag","embeddable":true,"href":"https:\/\/sysmatec.ch\/de\/wp-json\/wp\/v2\/product_tag?post=2037"}],"curies":[{"name":"wp","href":"https:\/\/api.w.org\/{rel}","templated":true}]}}