{"id":2034,"date":"2019-01-20T10:50:59","date_gmt":"2019-01-20T09:50:59","guid":{"rendered":"https:\/\/sysmatec.ch\/produit\/incubateur-bjpxii\/"},"modified":"2025-01-30T10:40:25","modified_gmt":"2025-01-30T09:40:25","slug":"inkubator-snol-x-100-in","status":"publish","type":"product","link":"https:\/\/sysmatec.ch\/de\/Produkt\/inkubator-snol-x-100-in\/","title":{"rendered":"Inkubator Snol X\/100 IN"},"content":{"rendered":"<p>Inkubatoren bis 100 \u00b0C.<\/p>\n<p>Pr\u00e4zise temperaturgeregelte Inkubatoren mit nat\u00fcrlicher Konvektion sind f\u00fcr die W\u00e4rmebehandlung harmloser, fester oder loser Materialien konzipiert. Sie k\u00f6nnen zum Trocknen von Glaswaren, zum Z\u00fcchten von Bakterien oder anderen Mikroorganismen und f\u00fcr Kulturen bei Umgebungslufttemperaturen von Raumtemperatur +5 \u00b0C bis 100 \u00b0C unter statischen Bedingungen verwendet werden.<\/p>\n<h2>Grundfunktionen<\/h2>\n<ul>\n<li>Edelstahlkammer<\/li>\n<li>2 Edelstahlregale<\/li>\n<li>Au\u00dfengeh\u00e4use &#8211; Blech, grau pulverbeschichtet<\/li>\n<li>T\u00fcranschlag nach rechts<\/li>\n<li>Arbeitskammer mit zus\u00e4tzlicher Glast\u00fcr<\/li>\n<li>OTP &#8211; nicht einstellbarer \u00dcbertemperaturschutz<\/li>\n<li>Bedienfeld oben angebracht<\/li>\n<li>Nicht programmierbarer Temperaturregler &#8211; Omron E5CC<\/li>\n<li>Hochwertiges, \u00f6kologisches W\u00e4rmed\u00e4mmmaterial<\/li>\n<li>Geringer Stromverbrauch<\/li>\n<li>2 Jahre Garantie<\/li>\n<\/ul>\n<table width=\"728\">\n<tbody>\n<tr>\n<td width=\"116\">Modell<\/td>\n<td width=\"78\">Volum (L)<\/td>\n<td width=\"164\">Innen Dimensionen BxTxH (mm)<\/td>\n<td width=\"210\">Aussen Dimensionen BxTxH (mm)<\/td>\n<td width=\"80\">Leistung (kW)<\/td>\n<td width=\"80\">Spannung (V)<\/td>\n<\/tr>\n<tr>\n<td>SNOL 55\/100 IN<\/td>\n<td>55<\/td>\n<td>380x380x380<\/td>\n<td>610x760x710<\/td>\n<td>0.4<\/td>\n<td>230<\/td>\n<\/tr>\n<tr>\n<td>SNOL 120\/100 IN<\/td>\n<td>120<\/td>\n<td>550x380x585<\/td>\n<td>780x760x910<\/td>\n<td>0.6<\/td>\n<td>230<\/td>\n<\/tr>\n<\/tbody>\n<\/table>\n<h2>Optionale Funktionen<\/h2>\n<ul>\n<li>Programmierbare Steuerung<\/li>\n<li>Summer<\/li>\n<li>Au\u00dfengeh\u00e4use aus Edelstahl<\/li>\n<li>Kalibrierung des Temperaturmesssystems<\/li>\n<li>Datenkommunikation\/USB<\/li>\n<li>Digitale Zeitschaltuhr<\/li>\n<li>Zus\u00e4tzliche Ablagen<\/li>\n<li>Metallschale<\/li>\n<li>Tisch zur Unterst\u00fctzung des Inkubators<\/li>\n<\/ul>\n","protected":false},"excerpt":{"rendered":"<p>Inkubatoren mit einem Innenvolumen von 55 bis 120 l.<\/p>\n","protected":false},"featured_media":30355,"template":"","meta":{"_crdt_document":""},"product_brand":[],"product_cat":[105],"product_tag":[],"class_list":{"0":"post-2034","1":"product","2":"type-product","3":"status-publish","4":"has-post-thumbnail","6":"product_cat-inkubator","8":"first","9":"instock","10":"taxable","11":"shipping-taxable","12":"product-type-simple"},"yoast_head":"<!-- This site is optimized with the Yoast SEO plugin v27.3 - https:\/\/yoast.com\/product\/yoast-seo-wordpress\/ -->\n<title>Inkubator Snol X\/100 IN - Sysmatec<\/title>\n<meta name=\"description\" content=\"Inkubatoren mit Innenvolumen von 55 bis 120 L. Temperaturbereich bis 100 \u00b0C.\" \/>\n<meta name=\"robots\" content=\"index, follow, max-snippet:-1, max-image-preview:large, max-video-preview:-1\" \/>\n<link rel=\"canonical\" href=\"https:\/\/sysmatec.ch\/de\/Produkt\/inkubator-snol-x-100-in\/\" \/>\n<meta property=\"og:locale\" content=\"de_DE\" \/>\n<meta property=\"og:type\" content=\"article\" \/>\n<meta property=\"og:title\" content=\"Inkubator Snol X\/100 IN - Sysmatec\" \/>\n<meta property=\"og:description\" content=\"Inkubatoren mit Innenvolumen von 55 bis 120 L. Temperaturbereich bis 100 \u00b0C.\" \/>\n<meta property=\"og:url\" content=\"https:\/\/sysmatec.ch\/de\/Produkt\/inkubator-snol-x-100-in\/\" \/>\n<meta property=\"og:site_name\" content=\"Sysmatec\" \/>\n<meta property=\"article:modified_time\" content=\"2025-01-30T09:40:25+00:00\" \/>\n<meta property=\"og:image\" content=\"https:\/\/sysmatec.ch\/wp-content\/uploads\/2019\/01\/Incubateur_SNOL55.jpg\" \/>\n\t<meta property=\"og:image:width\" content=\"563\" \/>\n\t<meta property=\"og:image:height\" content=\"431\" \/>\n\t<meta property=\"og:image:type\" content=\"image\/jpeg\" \/>\n<meta name=\"twitter:card\" content=\"summary_large_image\" \/>\n<meta name=\"twitter:label1\" content=\"Gesch\u00e4tzte Lesezeit\" \/>\n\t<meta name=\"twitter:data1\" content=\"1\u00a0Minute\" \/>\n<script type=\"application\/ld+json\" class=\"yoast-schema-graph\">{\"@context\":\"https:\\\/\\\/schema.org\",\"@graph\":[{\"@type\":\"WebPage\",\"@id\":\"https:\\\/\\\/sysmatec.ch\\\/de\\\/Produkt\\\/inkubator-snol-x-100-in\\\/\",\"url\":\"https:\\\/\\\/sysmatec.ch\\\/de\\\/Produkt\\\/inkubator-snol-x-100-in\\\/\",\"name\":\"Inkubator Snol X\\\/100 IN - Sysmatec\",\"isPartOf\":{\"@id\":\"https:\\\/\\\/sysmatec.ch\\\/de\\\/#website\"},\"primaryImageOfPage\":{\"@id\":\"https:\\\/\\\/sysmatec.ch\\\/de\\\/Produkt\\\/inkubator-snol-x-100-in\\\/#primaryimage\"},\"image\":{\"@id\":\"https:\\\/\\\/sysmatec.ch\\\/de\\\/Produkt\\\/inkubator-snol-x-100-in\\\/#primaryimage\"},\"thumbnailUrl\":\"https:\\\/\\\/sysmatec.ch\\\/wp-content\\\/uploads\\\/2019\\\/01\\\/Incubateur_SNOL55.jpg\",\"datePublished\":\"2019-01-20T09:50:59+00:00\",\"dateModified\":\"2025-01-30T09:40:25+00:00\",\"description\":\"Inkubatoren mit Innenvolumen von 55 bis 120 L. Temperaturbereich bis 100 \u00b0C.\",\"breadcrumb\":{\"@id\":\"https:\\\/\\\/sysmatec.ch\\\/de\\\/Produkt\\\/inkubator-snol-x-100-in\\\/#breadcrumb\"},\"inLanguage\":\"de\",\"potentialAction\":[{\"@type\":\"ReadAction\",\"target\":[\"https:\\\/\\\/sysmatec.ch\\\/de\\\/Produkt\\\/inkubator-snol-x-100-in\\\/\"]}]},{\"@type\":\"ImageObject\",\"inLanguage\":\"de\",\"@id\":\"https:\\\/\\\/sysmatec.ch\\\/de\\\/Produkt\\\/inkubator-snol-x-100-in\\\/#primaryimage\",\"url\":\"https:\\\/\\\/sysmatec.ch\\\/wp-content\\\/uploads\\\/2019\\\/01\\\/Incubateur_SNOL55.jpg\",\"contentUrl\":\"https:\\\/\\\/sysmatec.ch\\\/wp-content\\\/uploads\\\/2019\\\/01\\\/Incubateur_SNOL55.jpg\",\"width\":563,\"height\":431},{\"@type\":\"BreadcrumbList\",\"@id\":\"https:\\\/\\\/sysmatec.ch\\\/de\\\/Produkt\\\/inkubator-snol-x-100-in\\\/#breadcrumb\",\"itemListElement\":[{\"@type\":\"ListItem\",\"position\":1,\"name\":\"Accueil\",\"item\":\"https:\\\/\\\/sysmatec.ch\\\/de\\\/\"},{\"@type\":\"ListItem\",\"position\":2,\"name\":\"Die Aktivit\u00e4t von Sysmatec\",\"item\":\"https:\\\/\\\/sysmatec.ch\\\/de\\\/\"},{\"@type\":\"ListItem\",\"position\":3,\"name\":\"Inkubator Snol X\\\/100 IN\"}]},{\"@type\":\"WebSite\",\"@id\":\"https:\\\/\\\/sysmatec.ch\\\/de\\\/#website\",\"url\":\"https:\\\/\\\/sysmatec.ch\\\/de\\\/\",\"name\":\"Sysmatec\",\"description\":\"Equipement de laboratoire et logiciels\",\"publisher\":{\"@id\":\"https:\\\/\\\/sysmatec.ch\\\/de\\\/#organization\"},\"potentialAction\":[{\"@type\":\"SearchAction\",\"target\":{\"@type\":\"EntryPoint\",\"urlTemplate\":\"https:\\\/\\\/sysmatec.ch\\\/de\\\/?s={search_term_string}\"},\"query-input\":{\"@type\":\"PropertyValueSpecification\",\"valueRequired\":true,\"valueName\":\"search_term_string\"}}],\"inLanguage\":\"de\"},{\"@type\":\"Organization\",\"@id\":\"https:\\\/\\\/sysmatec.ch\\\/de\\\/#organization\",\"name\":\"Sysmatec\",\"url\":\"https:\\\/\\\/sysmatec.ch\\\/de\\\/\",\"logo\":{\"@type\":\"ImageObject\",\"inLanguage\":\"de\",\"@id\":\"https:\\\/\\\/sysmatec.ch\\\/de\\\/#\\\/schema\\\/logo\\\/image\\\/\",\"url\":\"https:\\\/\\\/sysmatec.ch\\\/wp-content\\\/uploads\\\/2018\\\/11\\\/LogoSysmatec.jpg\",\"contentUrl\":\"https:\\\/\\\/sysmatec.ch\\\/wp-content\\\/uploads\\\/2018\\\/11\\\/LogoSysmatec.jpg\",\"width\":301,\"height\":297,\"caption\":\"Sysmatec\"},\"image\":{\"@id\":\"https:\\\/\\\/sysmatec.ch\\\/de\\\/#\\\/schema\\\/logo\\\/image\\\/\"}}]}<\/script>\n<!-- \/ Yoast SEO plugin. -->","yoast_head_json":{"title":"Inkubator Snol X\/100 IN - Sysmatec","description":"Inkubatoren mit Innenvolumen von 55 bis 120 L. Temperaturbereich bis 100 \u00b0C.","robots":{"index":"index","follow":"follow","max-snippet":"max-snippet:-1","max-image-preview":"max-image-preview:large","max-video-preview":"max-video-preview:-1"},"canonical":"https:\/\/sysmatec.ch\/de\/Produkt\/inkubator-snol-x-100-in\/","og_locale":"de_DE","og_type":"article","og_title":"Inkubator Snol X\/100 IN - Sysmatec","og_description":"Inkubatoren mit Innenvolumen von 55 bis 120 L. Temperaturbereich bis 100 \u00b0C.","og_url":"https:\/\/sysmatec.ch\/de\/Produkt\/inkubator-snol-x-100-in\/","og_site_name":"Sysmatec","article_modified_time":"2025-01-30T09:40:25+00:00","og_image":[{"width":563,"height":431,"url":"https:\/\/sysmatec.ch\/wp-content\/uploads\/2019\/01\/Incubateur_SNOL55.jpg","type":"image\/jpeg"}],"twitter_card":"summary_large_image","twitter_misc":{"Gesch\u00e4tzte Lesezeit":"1\u00a0Minute"},"schema":{"@context":"https:\/\/schema.org","@graph":[{"@type":"WebPage","@id":"https:\/\/sysmatec.ch\/de\/Produkt\/inkubator-snol-x-100-in\/","url":"https:\/\/sysmatec.ch\/de\/Produkt\/inkubator-snol-x-100-in\/","name":"Inkubator Snol X\/100 IN - Sysmatec","isPartOf":{"@id":"https:\/\/sysmatec.ch\/de\/#website"},"primaryImageOfPage":{"@id":"https:\/\/sysmatec.ch\/de\/Produkt\/inkubator-snol-x-100-in\/#primaryimage"},"image":{"@id":"https:\/\/sysmatec.ch\/de\/Produkt\/inkubator-snol-x-100-in\/#primaryimage"},"thumbnailUrl":"https:\/\/sysmatec.ch\/wp-content\/uploads\/2019\/01\/Incubateur_SNOL55.jpg","datePublished":"2019-01-20T09:50:59+00:00","dateModified":"2025-01-30T09:40:25+00:00","description":"Inkubatoren mit Innenvolumen von 55 bis 120 L. Temperaturbereich bis 100 \u00b0C.","breadcrumb":{"@id":"https:\/\/sysmatec.ch\/de\/Produkt\/inkubator-snol-x-100-in\/#breadcrumb"},"inLanguage":"de","potentialAction":[{"@type":"ReadAction","target":["https:\/\/sysmatec.ch\/de\/Produkt\/inkubator-snol-x-100-in\/"]}]},{"@type":"ImageObject","inLanguage":"de","@id":"https:\/\/sysmatec.ch\/de\/Produkt\/inkubator-snol-x-100-in\/#primaryimage","url":"https:\/\/sysmatec.ch\/wp-content\/uploads\/2019\/01\/Incubateur_SNOL55.jpg","contentUrl":"https:\/\/sysmatec.ch\/wp-content\/uploads\/2019\/01\/Incubateur_SNOL55.jpg","width":563,"height":431},{"@type":"BreadcrumbList","@id":"https:\/\/sysmatec.ch\/de\/Produkt\/inkubator-snol-x-100-in\/#breadcrumb","itemListElement":[{"@type":"ListItem","position":1,"name":"Accueil","item":"https:\/\/sysmatec.ch\/de\/"},{"@type":"ListItem","position":2,"name":"Die Aktivit\u00e4t von Sysmatec","item":"https:\/\/sysmatec.ch\/de\/"},{"@type":"ListItem","position":3,"name":"Inkubator Snol X\/100 IN"}]},{"@type":"WebSite","@id":"https:\/\/sysmatec.ch\/de\/#website","url":"https:\/\/sysmatec.ch\/de\/","name":"Sysmatec","description":"Equipement de laboratoire et logiciels","publisher":{"@id":"https:\/\/sysmatec.ch\/de\/#organization"},"potentialAction":[{"@type":"SearchAction","target":{"@type":"EntryPoint","urlTemplate":"https:\/\/sysmatec.ch\/de\/?s={search_term_string}"},"query-input":{"@type":"PropertyValueSpecification","valueRequired":true,"valueName":"search_term_string"}}],"inLanguage":"de"},{"@type":"Organization","@id":"https:\/\/sysmatec.ch\/de\/#organization","name":"Sysmatec","url":"https:\/\/sysmatec.ch\/de\/","logo":{"@type":"ImageObject","inLanguage":"de","@id":"https:\/\/sysmatec.ch\/de\/#\/schema\/logo\/image\/","url":"https:\/\/sysmatec.ch\/wp-content\/uploads\/2018\/11\/LogoSysmatec.jpg","contentUrl":"https:\/\/sysmatec.ch\/wp-content\/uploads\/2018\/11\/LogoSysmatec.jpg","width":301,"height":297,"caption":"Sysmatec"},"image":{"@id":"https:\/\/sysmatec.ch\/de\/#\/schema\/logo\/image\/"}}]}},"_links":{"self":[{"href":"https:\/\/sysmatec.ch\/de\/wp-json\/wp\/v2\/product\/2034","targetHints":{"allow":["GET"]}}],"collection":[{"href":"https:\/\/sysmatec.ch\/de\/wp-json\/wp\/v2\/product"}],"about":[{"href":"https:\/\/sysmatec.ch\/de\/wp-json\/wp\/v2\/types\/product"}],"wp:featuredmedia":[{"embeddable":true,"href":"https:\/\/sysmatec.ch\/de\/wp-json\/wp\/v2\/media\/30355"}],"wp:attachment":[{"href":"https:\/\/sysmatec.ch\/de\/wp-json\/wp\/v2\/media?parent=2034"}],"wp:term":[{"taxonomy":"product_brand","embeddable":true,"href":"https:\/\/sysmatec.ch\/de\/wp-json\/wp\/v2\/product_brand?post=2034"},{"taxonomy":"product_cat","embeddable":true,"href":"https:\/\/sysmatec.ch\/de\/wp-json\/wp\/v2\/product_cat?post=2034"},{"taxonomy":"product_tag","embeddable":true,"href":"https:\/\/sysmatec.ch\/de\/wp-json\/wp\/v2\/product_tag?post=2034"}],"curies":[{"name":"wp","href":"https:\/\/api.w.org\/{rel}","templated":true}]}}