{"id":2031,"date":"2019-01-20T10:56:31","date_gmt":"2019-01-20T09:56:31","guid":{"rendered":"https:\/\/sysmatec.ch\/produit\/incubateur-portable-comfytemp\/"},"modified":"2022-03-06T13:31:27","modified_gmt":"2022-03-06T12:31:27","slug":"mobiler-inkubator-comfytemp","status":"publish","type":"product","link":"https:\/\/sysmatec.ch\/de\/Produkt\/mobiler-inkubator-comfytemp\/","title":{"rendered":"Mobiler Inkubator ComfyTemp"},"content":{"rendered":"<p>Dieser kompakte Inkubator hat eine durchsichtige T\u00fcr und eine Kammerbeleuchtung. Er verwendet ein Peltier-Element zum K\u00fchlen und Heizen. Er kann mit dem Zigarettenanz\u00fcnder an eine Autobatterie angeschlossen werden.<\/p>\n<ul>\n<li type=\"disc\">Temperatur Bereich 5 \u00b0 C bis 60 \u00b0 C<\/li>\n<li type=\"disc\">Temperatur Genauigkeit \u00b1 0.2 \u00b0 C<\/li>\n<li type=\"disc\">Temperatur Gleichm\u00e4\u00dfigkeit \u00b1 0.5 \u00b0 C<\/li>\n<li type=\"disc\">Temperatur Stabilit\u00e4t \u00b1 0.2 \u00b0 C<\/li>\n<li type=\"disc\">Temp. Erh\u00f6hung 0.1 \u00b0 C<\/li>\n<li type=\"disc\">Timer 1.080 Stunden (45 Tage)<\/li>\n<li type=\"disc\">Timer Aufl\u00f6sung 1 Sekunde<\/li>\n<li type=\"disc\">Max. Schritte von temp. 5 Bedienung<\/li>\n<li type=\"disc\">Umgebung 4 \u00b0 C (kalter Raum) bis 60 \u00b0 C<\/li>\n<li type=\"disc\">Auswahl bei Heizung und K\u00fchlung wird automatisch erkannt<\/li>\n<li type=\"disc\">Kalibrierungsm\u00f6glichkeit JA<\/li>\n<li type=\"disc\">Plattform Abmessungen 27.5 x 18.5 cm<\/li>\n<li type=\"disc\">Abmessungen (B x T x H) 29.5 x 35 x 46.5 cm<\/li>\n<li type=\"disc\">Kapazit\u00e4t 18L<\/li>\n<li type=\"disc\">Gewicht 6 kg<\/li>\n<li type=\"disc\">Auto Zigarettenstecker enthalten<\/li>\n<li type=\"disc\">Elektrisch 100-240V, 50-60Hz, 60W<\/li>\n<\/ul>\n","protected":false},"excerpt":{"rendered":"<p><span class=\"VIiyi\" lang=\"en\"><span class=\"JLqJ4b ChMk0b\" data-language-for-alternatives=\"en\" data-language-to-translate-into=\"fr\" data-phrase-index=\"3\" data-number-of-phrases=\"4\">18 liter portable incubator.<\/span><\/span><\/p>\n","protected":false},"featured_media":1407,"template":"","meta":{"_crdt_document":""},"product_brand":[],"product_cat":[105],"product_tag":[],"class_list":{"0":"post-2031","1":"product","2":"type-product","3":"status-publish","4":"has-post-thumbnail","6":"product_cat-inkubator","8":"first","9":"instock","10":"taxable","11":"shipping-taxable","12":"product-type-simple"},"yoast_head":"<!-- This site is optimized with the Yoast SEO plugin v27.3 - https:\/\/yoast.com\/product\/yoast-seo-wordpress\/ -->\n<title>Mobiler Inkubator ComfyTemp - Sysmatec<\/title>\n<meta name=\"description\" content=\"Tragbarer Inkubator mit einem Volumen von 18 L. Temperaturbereich von 5\u00b0C bis 60\u00b0C. Anschlussm\u00f6glichkeit an eine Autobatterie.\" \/>\n<meta name=\"robots\" content=\"index, follow, max-snippet:-1, max-image-preview:large, max-video-preview:-1\" \/>\n<link rel=\"canonical\" href=\"https:\/\/sysmatec.ch\/de\/produit\/mobiler-inkubator-comfytemp\/\" \/>\n<meta property=\"og:locale\" content=\"de_DE\" \/>\n<meta property=\"og:type\" content=\"article\" \/>\n<meta property=\"og:title\" content=\"Mobiler Inkubator ComfyTemp - Sysmatec\" \/>\n<meta property=\"og:description\" content=\"Tragbarer Inkubator mit einem Volumen von 18 L. Temperaturbereich von 5\u00b0C bis 60\u00b0C. Anschlussm\u00f6glichkeit an eine Autobatterie.\" \/>\n<meta property=\"og:url\" content=\"https:\/\/sysmatec.ch\/de\/produit\/mobiler-inkubator-comfytemp\/\" \/>\n<meta property=\"og:site_name\" content=\"Sysmatec\" \/>\n<meta property=\"article:modified_time\" content=\"2022-03-06T12:31:27+00:00\" \/>\n<meta property=\"og:image\" content=\"https:\/\/sysmatec.ch\/wp-content\/uploads\/2019\/01\/Incubateur_Avansbio.jpg\" \/>\n\t<meta property=\"og:image:width\" content=\"191\" \/>\n\t<meta property=\"og:image:height\" content=\"177\" \/>\n\t<meta property=\"og:image:type\" content=\"image\/jpeg\" \/>\n<meta name=\"twitter:card\" content=\"summary_large_image\" \/>\n<meta name=\"twitter:label1\" content=\"Gesch\u00e4tzte Lesezeit\" \/>\n\t<meta name=\"twitter:data1\" content=\"1\u00a0Minute\" \/>\n<script type=\"application\/ld+json\" class=\"yoast-schema-graph\">{\"@context\":\"https:\\\/\\\/schema.org\",\"@graph\":[{\"@type\":\"WebPage\",\"@id\":\"https:\\\/\\\/sysmatec.ch\\\/de\\\/produit\\\/mobiler-inkubator-comfytemp\\\/\",\"url\":\"https:\\\/\\\/sysmatec.ch\\\/de\\\/produit\\\/mobiler-inkubator-comfytemp\\\/\",\"name\":\"Mobiler Inkubator ComfyTemp - Sysmatec\",\"isPartOf\":{\"@id\":\"https:\\\/\\\/sysmatec.ch\\\/de\\\/#website\"},\"primaryImageOfPage\":{\"@id\":\"https:\\\/\\\/sysmatec.ch\\\/de\\\/produit\\\/mobiler-inkubator-comfytemp\\\/#primaryimage\"},\"image\":{\"@id\":\"https:\\\/\\\/sysmatec.ch\\\/de\\\/produit\\\/mobiler-inkubator-comfytemp\\\/#primaryimage\"},\"thumbnailUrl\":\"https:\\\/\\\/sysmatec.ch\\\/wp-content\\\/uploads\\\/2019\\\/01\\\/Incubateur_Avansbio.jpg\",\"datePublished\":\"2019-01-20T09:56:31+00:00\",\"dateModified\":\"2022-03-06T12:31:27+00:00\",\"description\":\"Tragbarer Inkubator mit einem Volumen von 18 L. Temperaturbereich von 5\u00b0C bis 60\u00b0C. Anschlussm\u00f6glichkeit an eine Autobatterie.\",\"breadcrumb\":{\"@id\":\"https:\\\/\\\/sysmatec.ch\\\/de\\\/produit\\\/mobiler-inkubator-comfytemp\\\/#breadcrumb\"},\"inLanguage\":\"de\",\"potentialAction\":[{\"@type\":\"ReadAction\",\"target\":[\"https:\\\/\\\/sysmatec.ch\\\/de\\\/produit\\\/mobiler-inkubator-comfytemp\\\/\"]}]},{\"@type\":\"ImageObject\",\"inLanguage\":\"de\",\"@id\":\"https:\\\/\\\/sysmatec.ch\\\/de\\\/produit\\\/mobiler-inkubator-comfytemp\\\/#primaryimage\",\"url\":\"https:\\\/\\\/sysmatec.ch\\\/wp-content\\\/uploads\\\/2019\\\/01\\\/Incubateur_Avansbio.jpg\",\"contentUrl\":\"https:\\\/\\\/sysmatec.ch\\\/wp-content\\\/uploads\\\/2019\\\/01\\\/Incubateur_Avansbio.jpg\",\"width\":191,\"height\":177},{\"@type\":\"BreadcrumbList\",\"@id\":\"https:\\\/\\\/sysmatec.ch\\\/de\\\/produit\\\/mobiler-inkubator-comfytemp\\\/#breadcrumb\",\"itemListElement\":[{\"@type\":\"ListItem\",\"position\":1,\"name\":\"Accueil\",\"item\":\"https:\\\/\\\/sysmatec.ch\\\/de\\\/\"},{\"@type\":\"ListItem\",\"position\":2,\"name\":\"Die Aktivit\u00e4t von Sysmatec\",\"item\":\"https:\\\/\\\/sysmatec.ch\\\/de\\\/\"},{\"@type\":\"ListItem\",\"position\":3,\"name\":\"Mobiler Inkubator ComfyTemp\"}]},{\"@type\":\"WebSite\",\"@id\":\"https:\\\/\\\/sysmatec.ch\\\/de\\\/#website\",\"url\":\"https:\\\/\\\/sysmatec.ch\\\/de\\\/\",\"name\":\"Sysmatec\",\"description\":\"Equipement de laboratoire et logiciels\",\"publisher\":{\"@id\":\"https:\\\/\\\/sysmatec.ch\\\/de\\\/#organization\"},\"potentialAction\":[{\"@type\":\"SearchAction\",\"target\":{\"@type\":\"EntryPoint\",\"urlTemplate\":\"https:\\\/\\\/sysmatec.ch\\\/de\\\/?s={search_term_string}\"},\"query-input\":{\"@type\":\"PropertyValueSpecification\",\"valueRequired\":true,\"valueName\":\"search_term_string\"}}],\"inLanguage\":\"de\"},{\"@type\":\"Organization\",\"@id\":\"https:\\\/\\\/sysmatec.ch\\\/de\\\/#organization\",\"name\":\"Sysmatec\",\"url\":\"https:\\\/\\\/sysmatec.ch\\\/de\\\/\",\"logo\":{\"@type\":\"ImageObject\",\"inLanguage\":\"de\",\"@id\":\"https:\\\/\\\/sysmatec.ch\\\/de\\\/#\\\/schema\\\/logo\\\/image\\\/\",\"url\":\"https:\\\/\\\/sysmatec.ch\\\/wp-content\\\/uploads\\\/2018\\\/11\\\/LogoSysmatec.jpg\",\"contentUrl\":\"https:\\\/\\\/sysmatec.ch\\\/wp-content\\\/uploads\\\/2018\\\/11\\\/LogoSysmatec.jpg\",\"width\":301,\"height\":297,\"caption\":\"Sysmatec\"},\"image\":{\"@id\":\"https:\\\/\\\/sysmatec.ch\\\/de\\\/#\\\/schema\\\/logo\\\/image\\\/\"}}]}<\/script>\n<!-- \/ Yoast SEO plugin. -->","yoast_head_json":{"title":"Mobiler Inkubator ComfyTemp - Sysmatec","description":"Tragbarer Inkubator mit einem Volumen von 18 L. Temperaturbereich von 5\u00b0C bis 60\u00b0C. Anschlussm\u00f6glichkeit an eine Autobatterie.","robots":{"index":"index","follow":"follow","max-snippet":"max-snippet:-1","max-image-preview":"max-image-preview:large","max-video-preview":"max-video-preview:-1"},"canonical":"https:\/\/sysmatec.ch\/de\/produit\/mobiler-inkubator-comfytemp\/","og_locale":"de_DE","og_type":"article","og_title":"Mobiler Inkubator ComfyTemp - Sysmatec","og_description":"Tragbarer Inkubator mit einem Volumen von 18 L. Temperaturbereich von 5\u00b0C bis 60\u00b0C. Anschlussm\u00f6glichkeit an eine Autobatterie.","og_url":"https:\/\/sysmatec.ch\/de\/produit\/mobiler-inkubator-comfytemp\/","og_site_name":"Sysmatec","article_modified_time":"2022-03-06T12:31:27+00:00","og_image":[{"width":191,"height":177,"url":"https:\/\/sysmatec.ch\/wp-content\/uploads\/2019\/01\/Incubateur_Avansbio.jpg","type":"image\/jpeg"}],"twitter_card":"summary_large_image","twitter_misc":{"Gesch\u00e4tzte Lesezeit":"1\u00a0Minute"},"schema":{"@context":"https:\/\/schema.org","@graph":[{"@type":"WebPage","@id":"https:\/\/sysmatec.ch\/de\/produit\/mobiler-inkubator-comfytemp\/","url":"https:\/\/sysmatec.ch\/de\/produit\/mobiler-inkubator-comfytemp\/","name":"Mobiler Inkubator ComfyTemp - Sysmatec","isPartOf":{"@id":"https:\/\/sysmatec.ch\/de\/#website"},"primaryImageOfPage":{"@id":"https:\/\/sysmatec.ch\/de\/produit\/mobiler-inkubator-comfytemp\/#primaryimage"},"image":{"@id":"https:\/\/sysmatec.ch\/de\/produit\/mobiler-inkubator-comfytemp\/#primaryimage"},"thumbnailUrl":"https:\/\/sysmatec.ch\/wp-content\/uploads\/2019\/01\/Incubateur_Avansbio.jpg","datePublished":"2019-01-20T09:56:31+00:00","dateModified":"2022-03-06T12:31:27+00:00","description":"Tragbarer Inkubator mit einem Volumen von 18 L. Temperaturbereich von 5\u00b0C bis 60\u00b0C. Anschlussm\u00f6glichkeit an eine Autobatterie.","breadcrumb":{"@id":"https:\/\/sysmatec.ch\/de\/produit\/mobiler-inkubator-comfytemp\/#breadcrumb"},"inLanguage":"de","potentialAction":[{"@type":"ReadAction","target":["https:\/\/sysmatec.ch\/de\/produit\/mobiler-inkubator-comfytemp\/"]}]},{"@type":"ImageObject","inLanguage":"de","@id":"https:\/\/sysmatec.ch\/de\/produit\/mobiler-inkubator-comfytemp\/#primaryimage","url":"https:\/\/sysmatec.ch\/wp-content\/uploads\/2019\/01\/Incubateur_Avansbio.jpg","contentUrl":"https:\/\/sysmatec.ch\/wp-content\/uploads\/2019\/01\/Incubateur_Avansbio.jpg","width":191,"height":177},{"@type":"BreadcrumbList","@id":"https:\/\/sysmatec.ch\/de\/produit\/mobiler-inkubator-comfytemp\/#breadcrumb","itemListElement":[{"@type":"ListItem","position":1,"name":"Accueil","item":"https:\/\/sysmatec.ch\/de\/"},{"@type":"ListItem","position":2,"name":"Die Aktivit\u00e4t von Sysmatec","item":"https:\/\/sysmatec.ch\/de\/"},{"@type":"ListItem","position":3,"name":"Mobiler Inkubator ComfyTemp"}]},{"@type":"WebSite","@id":"https:\/\/sysmatec.ch\/de\/#website","url":"https:\/\/sysmatec.ch\/de\/","name":"Sysmatec","description":"Equipement de laboratoire et logiciels","publisher":{"@id":"https:\/\/sysmatec.ch\/de\/#organization"},"potentialAction":[{"@type":"SearchAction","target":{"@type":"EntryPoint","urlTemplate":"https:\/\/sysmatec.ch\/de\/?s={search_term_string}"},"query-input":{"@type":"PropertyValueSpecification","valueRequired":true,"valueName":"search_term_string"}}],"inLanguage":"de"},{"@type":"Organization","@id":"https:\/\/sysmatec.ch\/de\/#organization","name":"Sysmatec","url":"https:\/\/sysmatec.ch\/de\/","logo":{"@type":"ImageObject","inLanguage":"de","@id":"https:\/\/sysmatec.ch\/de\/#\/schema\/logo\/image\/","url":"https:\/\/sysmatec.ch\/wp-content\/uploads\/2018\/11\/LogoSysmatec.jpg","contentUrl":"https:\/\/sysmatec.ch\/wp-content\/uploads\/2018\/11\/LogoSysmatec.jpg","width":301,"height":297,"caption":"Sysmatec"},"image":{"@id":"https:\/\/sysmatec.ch\/de\/#\/schema\/logo\/image\/"}}]}},"_links":{"self":[{"href":"https:\/\/sysmatec.ch\/de\/wp-json\/wp\/v2\/product\/2031","targetHints":{"allow":["GET"]}}],"collection":[{"href":"https:\/\/sysmatec.ch\/de\/wp-json\/wp\/v2\/product"}],"about":[{"href":"https:\/\/sysmatec.ch\/de\/wp-json\/wp\/v2\/types\/product"}],"wp:featuredmedia":[{"embeddable":true,"href":"https:\/\/sysmatec.ch\/de\/wp-json\/wp\/v2\/media\/1407"}],"wp:attachment":[{"href":"https:\/\/sysmatec.ch\/de\/wp-json\/wp\/v2\/media?parent=2031"}],"wp:term":[{"taxonomy":"product_brand","embeddable":true,"href":"https:\/\/sysmatec.ch\/de\/wp-json\/wp\/v2\/product_brand?post=2031"},{"taxonomy":"product_cat","embeddable":true,"href":"https:\/\/sysmatec.ch\/de\/wp-json\/wp\/v2\/product_cat?post=2031"},{"taxonomy":"product_tag","embeddable":true,"href":"https:\/\/sysmatec.ch\/de\/wp-json\/wp\/v2\/product_tag?post=2031"}],"curies":[{"name":"wp","href":"https:\/\/api.w.org\/{rel}","templated":true}]}}