{"id":2025,"date":"2019-01-20T11:03:13","date_gmt":"2019-01-20T10:03:13","guid":{"rendered":"https:\/\/sysmatec.ch\/produit\/incubateur-pour-plantes-li15-2\/"},"modified":"2022-03-06T13:18:03","modified_gmt":"2022-03-06T12:18:03","slug":"pflanzenkammer-li15-2","status":"publish","type":"product","link":"https:\/\/sysmatec.ch\/de\/Produkt\/pflanzenkammer-li15-2\/","title":{"rendered":"Pflanzenkammer LI15 -2"},"content":{"rendered":"<p>Dieser Wachstumskammern ist f\u00fcr Studien, die Tag -und Nachtsimulationen brauchen, konzipiert. Damit k\u00f6nnen Zyklen mit 2 Temperatur und Licht (Ein\/Aus) programmiert werden. Zum Beispiel System arbeitet unabh\u00e4ngig so dass f\u00fcr die Simulation eines Tageszyklus , wie einem Acht -Stunden-Tag -Zyklus von 30 \u00b0 C mit Licht , gefolgt von einer 16 Stunden Nacht-Zyklus von 18 \u00b0 C ohne Licht. Zwangsluftzirkulationgew\u00e4hrleistet, die am besten reproduzierbaren Testbedingungen . Die Kammerluft wird sanft und kontinuierlich mit einer Geschwindigkeit , die Gleichf\u00f6rmigkeit der Temperatur aller Proben sorgt zirkuliert. Das Ger\u00e4t ist mit einem hermetisch abgedichteten Kompressor und einem unabh\u00e4ngigen \u00dcbertemperaturausgestattet. Sicherheitssteuerung . Dar\u00fcber hinaus erm\u00f6glicht eine ein -Amp InnensteckdoseEinsatz von Sch\u00fcttler , R\u00fchrer, Rollerflaschen oder anderen Ger\u00e4ten . Diese Kammer ist ideal f\u00fcr das Pflanzenwachstum Studien.<\/p>\n<ul>\n<li type=\"disc\">Au\u00dfenma\u00dfe (BxTxH) : 87.7 x 87.7 x 196.9 cm<\/li>\n<li type=\"disc\">Innen Abmessungen (BxTxH) : 68.5 x 58.4 x 143.5 cm<\/li>\n<li type=\"disc\">Betriebstemperatur : 0 \u00b0 C bis 45 \u00b0 C bei 20 \u00b0 C Au\u00dfentemperatur<\/li>\n<li type=\"disc\">Temperaturverteilung: \u00b1 0.5 \u00b0 C bei 20 \u00b0 C<\/li>\n<li type=\"disc\">Kapazit\u00e4t: 444L<\/li>\n<li type=\"disc\">Stromspeisung: 220V<\/li>\n<li type=\"disc\">Anzahl gelieferte Regale: 4<\/li>\n<\/ul>\n","protected":false},"excerpt":{"rendered":"<p>Pflanzen- Klimakammer<\/p>\n","protected":false},"featured_media":1411,"template":"","meta":{"_crdt_document":""},"product_brand":[],"product_cat":[105],"product_tag":[],"class_list":{"0":"post-2025","1":"product","2":"type-product","3":"status-publish","4":"has-post-thumbnail","6":"product_cat-inkubator","8":"first","9":"instock","10":"taxable","11":"shipping-taxable","12":"product-type-simple"},"yoast_head":"<!-- This site is optimized with the Yoast SEO plugin v27.3 - https:\/\/yoast.com\/product\/yoast-seo-wordpress\/ -->\n<title>Pflanzenkammer LI15 -2 - Sysmatec<\/title>\n<meta name=\"description\" content=\"Klimakammer f\u00fcr Pflanzen. Es erm\u00f6glicht Ihnen, Temperatur und Beleuchtungszyklen zu programmieren. Temperaturbereich von 0 bis 45 \u00b0C.\" \/>\n<meta name=\"robots\" content=\"index, follow, max-snippet:-1, max-image-preview:large, max-video-preview:-1\" \/>\n<link rel=\"canonical\" href=\"https:\/\/sysmatec.ch\/de\/produit\/pflanzenkammer-li15-2\/\" \/>\n<meta property=\"og:locale\" content=\"de_DE\" \/>\n<meta property=\"og:type\" content=\"article\" \/>\n<meta property=\"og:title\" content=\"Pflanzenkammer LI15 -2 - Sysmatec\" \/>\n<meta property=\"og:description\" content=\"Klimakammer f\u00fcr Pflanzen. Es erm\u00f6glicht Ihnen, Temperatur und Beleuchtungszyklen zu programmieren. Temperaturbereich von 0 bis 45 \u00b0C.\" \/>\n<meta property=\"og:url\" content=\"https:\/\/sysmatec.ch\/de\/produit\/pflanzenkammer-li15-2\/\" \/>\n<meta property=\"og:site_name\" content=\"Sysmatec\" \/>\n<meta property=\"article:modified_time\" content=\"2022-03-06T12:18:03+00:00\" \/>\n<meta property=\"og:image\" content=\"https:\/\/sysmatec.ch\/wp-content\/uploads\/2019\/01\/Incubateur_MRCLabLI15.jpg\" \/>\n\t<meta property=\"og:image:width\" content=\"182\" \/>\n\t<meta property=\"og:image:height\" content=\"136\" \/>\n\t<meta property=\"og:image:type\" content=\"image\/jpeg\" \/>\n<meta name=\"twitter:card\" content=\"summary_large_image\" \/>\n<meta name=\"twitter:label1\" content=\"Gesch\u00e4tzte Lesezeit\" \/>\n\t<meta name=\"twitter:data1\" content=\"1\u00a0Minute\" \/>\n<script type=\"application\/ld+json\" class=\"yoast-schema-graph\">{\"@context\":\"https:\\\/\\\/schema.org\",\"@graph\":[{\"@type\":\"WebPage\",\"@id\":\"https:\\\/\\\/sysmatec.ch\\\/de\\\/produit\\\/pflanzenkammer-li15-2\\\/\",\"url\":\"https:\\\/\\\/sysmatec.ch\\\/de\\\/produit\\\/pflanzenkammer-li15-2\\\/\",\"name\":\"Pflanzenkammer LI15 -2 - Sysmatec\",\"isPartOf\":{\"@id\":\"https:\\\/\\\/sysmatec.ch\\\/de\\\/#website\"},\"primaryImageOfPage\":{\"@id\":\"https:\\\/\\\/sysmatec.ch\\\/de\\\/produit\\\/pflanzenkammer-li15-2\\\/#primaryimage\"},\"image\":{\"@id\":\"https:\\\/\\\/sysmatec.ch\\\/de\\\/produit\\\/pflanzenkammer-li15-2\\\/#primaryimage\"},\"thumbnailUrl\":\"https:\\\/\\\/sysmatec.ch\\\/wp-content\\\/uploads\\\/2019\\\/01\\\/Incubateur_MRCLabLI15.jpg\",\"datePublished\":\"2019-01-20T10:03:13+00:00\",\"dateModified\":\"2022-03-06T12:18:03+00:00\",\"description\":\"Klimakammer f\u00fcr Pflanzen. Es erm\u00f6glicht Ihnen, Temperatur und Beleuchtungszyklen zu programmieren. Temperaturbereich von 0 bis 45 \u00b0C.\",\"breadcrumb\":{\"@id\":\"https:\\\/\\\/sysmatec.ch\\\/de\\\/produit\\\/pflanzenkammer-li15-2\\\/#breadcrumb\"},\"inLanguage\":\"de\",\"potentialAction\":[{\"@type\":\"ReadAction\",\"target\":[\"https:\\\/\\\/sysmatec.ch\\\/de\\\/produit\\\/pflanzenkammer-li15-2\\\/\"]}]},{\"@type\":\"ImageObject\",\"inLanguage\":\"de\",\"@id\":\"https:\\\/\\\/sysmatec.ch\\\/de\\\/produit\\\/pflanzenkammer-li15-2\\\/#primaryimage\",\"url\":\"https:\\\/\\\/sysmatec.ch\\\/wp-content\\\/uploads\\\/2019\\\/01\\\/Incubateur_MRCLabLI15.jpg\",\"contentUrl\":\"https:\\\/\\\/sysmatec.ch\\\/wp-content\\\/uploads\\\/2019\\\/01\\\/Incubateur_MRCLabLI15.jpg\",\"width\":182,\"height\":136},{\"@type\":\"BreadcrumbList\",\"@id\":\"https:\\\/\\\/sysmatec.ch\\\/de\\\/produit\\\/pflanzenkammer-li15-2\\\/#breadcrumb\",\"itemListElement\":[{\"@type\":\"ListItem\",\"position\":1,\"name\":\"Accueil\",\"item\":\"https:\\\/\\\/sysmatec.ch\\\/de\\\/\"},{\"@type\":\"ListItem\",\"position\":2,\"name\":\"Die Aktivit\u00e4t von Sysmatec\",\"item\":\"https:\\\/\\\/sysmatec.ch\\\/de\\\/\"},{\"@type\":\"ListItem\",\"position\":3,\"name\":\"Pflanzenkammer LI15 -2\"}]},{\"@type\":\"WebSite\",\"@id\":\"https:\\\/\\\/sysmatec.ch\\\/de\\\/#website\",\"url\":\"https:\\\/\\\/sysmatec.ch\\\/de\\\/\",\"name\":\"Sysmatec\",\"description\":\"Equipement de laboratoire et logiciels\",\"publisher\":{\"@id\":\"https:\\\/\\\/sysmatec.ch\\\/de\\\/#organization\"},\"potentialAction\":[{\"@type\":\"SearchAction\",\"target\":{\"@type\":\"EntryPoint\",\"urlTemplate\":\"https:\\\/\\\/sysmatec.ch\\\/de\\\/?s={search_term_string}\"},\"query-input\":{\"@type\":\"PropertyValueSpecification\",\"valueRequired\":true,\"valueName\":\"search_term_string\"}}],\"inLanguage\":\"de\"},{\"@type\":\"Organization\",\"@id\":\"https:\\\/\\\/sysmatec.ch\\\/de\\\/#organization\",\"name\":\"Sysmatec\",\"url\":\"https:\\\/\\\/sysmatec.ch\\\/de\\\/\",\"logo\":{\"@type\":\"ImageObject\",\"inLanguage\":\"de\",\"@id\":\"https:\\\/\\\/sysmatec.ch\\\/de\\\/#\\\/schema\\\/logo\\\/image\\\/\",\"url\":\"https:\\\/\\\/sysmatec.ch\\\/wp-content\\\/uploads\\\/2018\\\/11\\\/LogoSysmatec.jpg\",\"contentUrl\":\"https:\\\/\\\/sysmatec.ch\\\/wp-content\\\/uploads\\\/2018\\\/11\\\/LogoSysmatec.jpg\",\"width\":301,\"height\":297,\"caption\":\"Sysmatec\"},\"image\":{\"@id\":\"https:\\\/\\\/sysmatec.ch\\\/de\\\/#\\\/schema\\\/logo\\\/image\\\/\"}}]}<\/script>\n<!-- \/ Yoast SEO plugin. -->","yoast_head_json":{"title":"Pflanzenkammer LI15 -2 - Sysmatec","description":"Klimakammer f\u00fcr Pflanzen. Es erm\u00f6glicht Ihnen, Temperatur und Beleuchtungszyklen zu programmieren. Temperaturbereich von 0 bis 45 \u00b0C.","robots":{"index":"index","follow":"follow","max-snippet":"max-snippet:-1","max-image-preview":"max-image-preview:large","max-video-preview":"max-video-preview:-1"},"canonical":"https:\/\/sysmatec.ch\/de\/produit\/pflanzenkammer-li15-2\/","og_locale":"de_DE","og_type":"article","og_title":"Pflanzenkammer LI15 -2 - Sysmatec","og_description":"Klimakammer f\u00fcr Pflanzen. Es erm\u00f6glicht Ihnen, Temperatur und Beleuchtungszyklen zu programmieren. Temperaturbereich von 0 bis 45 \u00b0C.","og_url":"https:\/\/sysmatec.ch\/de\/produit\/pflanzenkammer-li15-2\/","og_site_name":"Sysmatec","article_modified_time":"2022-03-06T12:18:03+00:00","og_image":[{"width":182,"height":136,"url":"https:\/\/sysmatec.ch\/wp-content\/uploads\/2019\/01\/Incubateur_MRCLabLI15.jpg","type":"image\/jpeg"}],"twitter_card":"summary_large_image","twitter_misc":{"Gesch\u00e4tzte Lesezeit":"1\u00a0Minute"},"schema":{"@context":"https:\/\/schema.org","@graph":[{"@type":"WebPage","@id":"https:\/\/sysmatec.ch\/de\/produit\/pflanzenkammer-li15-2\/","url":"https:\/\/sysmatec.ch\/de\/produit\/pflanzenkammer-li15-2\/","name":"Pflanzenkammer LI15 -2 - Sysmatec","isPartOf":{"@id":"https:\/\/sysmatec.ch\/de\/#website"},"primaryImageOfPage":{"@id":"https:\/\/sysmatec.ch\/de\/produit\/pflanzenkammer-li15-2\/#primaryimage"},"image":{"@id":"https:\/\/sysmatec.ch\/de\/produit\/pflanzenkammer-li15-2\/#primaryimage"},"thumbnailUrl":"https:\/\/sysmatec.ch\/wp-content\/uploads\/2019\/01\/Incubateur_MRCLabLI15.jpg","datePublished":"2019-01-20T10:03:13+00:00","dateModified":"2022-03-06T12:18:03+00:00","description":"Klimakammer f\u00fcr Pflanzen. Es erm\u00f6glicht Ihnen, Temperatur und Beleuchtungszyklen zu programmieren. Temperaturbereich von 0 bis 45 \u00b0C.","breadcrumb":{"@id":"https:\/\/sysmatec.ch\/de\/produit\/pflanzenkammer-li15-2\/#breadcrumb"},"inLanguage":"de","potentialAction":[{"@type":"ReadAction","target":["https:\/\/sysmatec.ch\/de\/produit\/pflanzenkammer-li15-2\/"]}]},{"@type":"ImageObject","inLanguage":"de","@id":"https:\/\/sysmatec.ch\/de\/produit\/pflanzenkammer-li15-2\/#primaryimage","url":"https:\/\/sysmatec.ch\/wp-content\/uploads\/2019\/01\/Incubateur_MRCLabLI15.jpg","contentUrl":"https:\/\/sysmatec.ch\/wp-content\/uploads\/2019\/01\/Incubateur_MRCLabLI15.jpg","width":182,"height":136},{"@type":"BreadcrumbList","@id":"https:\/\/sysmatec.ch\/de\/produit\/pflanzenkammer-li15-2\/#breadcrumb","itemListElement":[{"@type":"ListItem","position":1,"name":"Accueil","item":"https:\/\/sysmatec.ch\/de\/"},{"@type":"ListItem","position":2,"name":"Die Aktivit\u00e4t von Sysmatec","item":"https:\/\/sysmatec.ch\/de\/"},{"@type":"ListItem","position":3,"name":"Pflanzenkammer LI15 -2"}]},{"@type":"WebSite","@id":"https:\/\/sysmatec.ch\/de\/#website","url":"https:\/\/sysmatec.ch\/de\/","name":"Sysmatec","description":"Equipement de laboratoire et logiciels","publisher":{"@id":"https:\/\/sysmatec.ch\/de\/#organization"},"potentialAction":[{"@type":"SearchAction","target":{"@type":"EntryPoint","urlTemplate":"https:\/\/sysmatec.ch\/de\/?s={search_term_string}"},"query-input":{"@type":"PropertyValueSpecification","valueRequired":true,"valueName":"search_term_string"}}],"inLanguage":"de"},{"@type":"Organization","@id":"https:\/\/sysmatec.ch\/de\/#organization","name":"Sysmatec","url":"https:\/\/sysmatec.ch\/de\/","logo":{"@type":"ImageObject","inLanguage":"de","@id":"https:\/\/sysmatec.ch\/de\/#\/schema\/logo\/image\/","url":"https:\/\/sysmatec.ch\/wp-content\/uploads\/2018\/11\/LogoSysmatec.jpg","contentUrl":"https:\/\/sysmatec.ch\/wp-content\/uploads\/2018\/11\/LogoSysmatec.jpg","width":301,"height":297,"caption":"Sysmatec"},"image":{"@id":"https:\/\/sysmatec.ch\/de\/#\/schema\/logo\/image\/"}}]}},"_links":{"self":[{"href":"https:\/\/sysmatec.ch\/de\/wp-json\/wp\/v2\/product\/2025","targetHints":{"allow":["GET"]}}],"collection":[{"href":"https:\/\/sysmatec.ch\/de\/wp-json\/wp\/v2\/product"}],"about":[{"href":"https:\/\/sysmatec.ch\/de\/wp-json\/wp\/v2\/types\/product"}],"wp:featuredmedia":[{"embeddable":true,"href":"https:\/\/sysmatec.ch\/de\/wp-json\/wp\/v2\/media\/1411"}],"wp:attachment":[{"href":"https:\/\/sysmatec.ch\/de\/wp-json\/wp\/v2\/media?parent=2025"}],"wp:term":[{"taxonomy":"product_brand","embeddable":true,"href":"https:\/\/sysmatec.ch\/de\/wp-json\/wp\/v2\/product_brand?post=2025"},{"taxonomy":"product_cat","embeddable":true,"href":"https:\/\/sysmatec.ch\/de\/wp-json\/wp\/v2\/product_cat?post=2025"},{"taxonomy":"product_tag","embeddable":true,"href":"https:\/\/sysmatec.ch\/de\/wp-json\/wp\/v2\/product_tag?post=2025"}],"curies":[{"name":"wp","href":"https:\/\/api.w.org\/{rel}","templated":true}]}}