{"id":2022,"date":"2019-01-20T11:16:15","date_gmt":"2019-01-20T10:16:15","guid":{"rendered":"https:\/\/sysmatec.ch\/produit\/armoires-antideflagrantes-ex\/"},"modified":"2022-03-06T12:17:56","modified_gmt":"2022-03-06T11:17:56","slug":"labor-kuehlschraenke-ex","status":"publish","type":"product","link":"https:\/\/sysmatec.ch\/de\/Produkt\/labor-kuehlschraenke-ex\/","title":{"rendered":"Labor-K\u00fchlschr\u00e4nke \/ EX"},"content":{"rendered":"<p>Labor-K\u00fchlschr\u00e4nke mit explosionsgesch\u00fctztem Innenraum<\/p>\n<p>Die Richtlinie f\u00fcr Laboratorien BGR 120 besagt, dass Innenr\u00e4ume, in denen sich gef\u00e4hrliche, explosionsf\u00e4hige Atmosph\u00e4ren entwickeln k\u00f6nnen, z.B. auf Grund abgestellter brennbarer Fl\u00fcssigkeiten, explosionsgesch\u00fctzt sein m\u00fcssen.<\/p>\n<p>Die FCKW-freien K\u00fchlschr\u00e4nke der EX-Serie erf\u00fcllen die Anforderungen dieser Richtlinie und sind praxisgerecht ausgestattet. Der Korpus besteht aus einem stabilen Stahlblechgeh\u00e4use mit schlag- und sto\u00dffester Pulverbeschichtung.<\/p>\n<p>Der strapazierbare Innenraum ist aus hochfestem, wei\u00dfen Kunststoff (PS) gefertigt. Die T\u00fcr ist abschlie\u00dfbar, serienm\u00e4\u00dfig mit Rechtsanschlag, problemlos umbaubar auf Linksanschlag. Die Abdichtung ist durch eine rundum wirkende Magnetdichtung gew\u00e4hrleistet.<\/p>\n<p>Die Temperatur des K\u00fchlschrankes ist stufenlos von +2\u00b0C bis +10\u00b0C einstellbar, konstant geregelt durch ein Raumthermostat.<\/p>\n<p>ET 718\/EX: Typ 180: 230 V \/ 50 Hz, Anschlusswert 120 Watt, Energieverbrauch 0,9 (kWh\/24h), abschlie\u00dfbare T\u00fcr, T\u00fcranschlag wechselbar, 4 Abstellfl\u00e4chen (3 h\u00f6henverstellbare Glasb\u00f6den). Innenma\u00dfe: 700 H x 515 B x 433 T mm, Nutzinhalt: ca. 150 l, Au\u00dfenma\u00dfe (ca.): 885 H x 602 B x 600 T mm, Gewicht: ca. 37,0 kg<\/p>\n<p>ET 726\/EX: Typ 260: 230 V \/ 50 Hz, Anschlusswert 140 Watt, Energieverbrauch 1,0 (kWh\/24h), abschlie\u00dfbare T\u00fcr, T\u00fcranschlag wechselbar, 5 Abstellfl\u00e4chen (4 h\u00f6henverstellbare Glasb\u00f6den). Innenma\u00dfe: 1045 H x 515 B x 415 T mm, Nutzinhalt: ca. 210 l, Au\u00dfenma\u00dfe (ca.): 1215 H x 602 B x 600 T mm, Gewicht: ca. 46,5 kg<\/p>\n<p>ET 736\/EX: Typ 360: 230 V \/ 50 Hz, Anschlusswert 150 Watt, Energieverbrauch 1,1 (kWh\/24h), abschlie\u00dfbare T\u00fcr, T\u00fcranschlag wechselbar, 6 Abstellfl\u00e4chen (5 h\u00f6henverstellbare Glasb\u00f6den). Innenma\u00dfe: 1450 H x 515 B x 415 T mm, Nutzinhalt: ca. 295 l, Au\u00dfenma\u00dfe: 1589 H x 602 B x 600 T mm, Gewicht: ca. 62,0 kg<\/p>\n<p>ET 750\/EX: Typ 500: 230 V \/ 50 Hz, Anschlusswert 150 Watt, Energieverbrauch 1,1 (kWh\/24h), abschlie\u00dfbare T\u00fcr, T\u00fcranschlag wechselbar, 6 Abstellfl\u00e4chen (5 h\u00f6henverstellbare Glasb\u00f6den), Innenma\u00dfe: 1300 H x 652 B x 515 T mm, Nutzinhalt: ca. 425 l, Au\u00dfenma\u00dfe: 1515 H x 755 B x 715 T mm, Gewicht: ca. 77,0 kg<\/p>\n<p>&nbsp;<\/p>\n<p>&nbsp;<\/p>\n","protected":false},"excerpt":{"rendered":"<p><span class=\"VIiyi\" lang=\"de\"><span class=\"JLqJ4b ChMk0b\" data-language-for-alternatives=\"de\" data-language-to-translate-into=\"fr\" data-phrase-index=\"4\" data-number-of-phrases=\"5\">Explosionsgesch\u00fctzter EX-K\u00fchlschrank.<\/span><\/span><\/p>\n","protected":false},"featured_media":1413,"template":"","meta":{"_crdt_document":""},"product_brand":[],"product_cat":[103],"product_tag":[],"class_list":{"0":"post-2022","1":"product","2":"type-product","3":"status-publish","4":"has-post-thumbnail","6":"product_cat-explosionsgeschuetzter-schrank","8":"first","9":"instock","10":"taxable","11":"shipping-taxable","12":"product-type-simple"},"yoast_head":"<!-- This site is optimized with the Yoast SEO plugin v27.3 - https:\/\/yoast.com\/product\/yoast-seo-wordpress\/ -->\n<title>Labor-K\u00fchlschr\u00e4nke \/ EX - Sysmatec<\/title>\n<meta name=\"description\" content=\"Gek\u00fchlter explosionsgesch\u00fctzter Schrank. Sie erf\u00fcllen die Standards der Richtlinie BGR120. Temperaturbereich von + 2\u00b0C bis + 10\u00b0C.\" \/>\n<meta name=\"robots\" content=\"index, follow, max-snippet:-1, max-image-preview:large, max-video-preview:-1\" \/>\n<link rel=\"canonical\" href=\"https:\/\/sysmatec.ch\/de\/produit\/labor-kuehlschraenke-ex\/\" \/>\n<meta property=\"og:locale\" content=\"de_DE\" \/>\n<meta property=\"og:type\" content=\"article\" \/>\n<meta property=\"og:title\" content=\"Labor-K\u00fchlschr\u00e4nke \/ EX - Sysmatec\" \/>\n<meta property=\"og:description\" content=\"Gek\u00fchlter explosionsgesch\u00fctzter Schrank. Sie erf\u00fcllen die Standards der Richtlinie BGR120. Temperaturbereich von + 2\u00b0C bis + 10\u00b0C.\" \/>\n<meta property=\"og:url\" content=\"https:\/\/sysmatec.ch\/de\/produit\/labor-kuehlschraenke-ex\/\" \/>\n<meta property=\"og:site_name\" content=\"Sysmatec\" \/>\n<meta property=\"article:modified_time\" content=\"2022-03-06T11:17:56+00:00\" \/>\n<meta property=\"og:image\" content=\"https:\/\/sysmatec.ch\/wp-content\/uploads\/2019\/01\/ArmoireAntideflagrante_Tintometer.gif\" \/>\n\t<meta property=\"og:image:width\" content=\"148\" \/>\n\t<meta property=\"og:image:height\" content=\"206\" \/>\n\t<meta property=\"og:image:type\" content=\"image\/gif\" \/>\n<meta name=\"twitter:card\" content=\"summary_large_image\" \/>\n<meta name=\"twitter:label1\" content=\"Gesch\u00e4tzte Lesezeit\" \/>\n\t<meta name=\"twitter:data1\" content=\"2\u00a0Minuten\" \/>\n<script type=\"application\/ld+json\" class=\"yoast-schema-graph\">{\"@context\":\"https:\\\/\\\/schema.org\",\"@graph\":[{\"@type\":\"WebPage\",\"@id\":\"https:\\\/\\\/sysmatec.ch\\\/de\\\/produit\\\/labor-kuehlschraenke-ex\\\/\",\"url\":\"https:\\\/\\\/sysmatec.ch\\\/de\\\/produit\\\/labor-kuehlschraenke-ex\\\/\",\"name\":\"Labor-K\u00fchlschr\u00e4nke \\\/ EX - Sysmatec\",\"isPartOf\":{\"@id\":\"https:\\\/\\\/sysmatec.ch\\\/de\\\/#website\"},\"primaryImageOfPage\":{\"@id\":\"https:\\\/\\\/sysmatec.ch\\\/de\\\/produit\\\/labor-kuehlschraenke-ex\\\/#primaryimage\"},\"image\":{\"@id\":\"https:\\\/\\\/sysmatec.ch\\\/de\\\/produit\\\/labor-kuehlschraenke-ex\\\/#primaryimage\"},\"thumbnailUrl\":\"https:\\\/\\\/sysmatec.ch\\\/wp-content\\\/uploads\\\/2019\\\/01\\\/ArmoireAntideflagrante_Tintometer.gif\",\"datePublished\":\"2019-01-20T10:16:15+00:00\",\"dateModified\":\"2022-03-06T11:17:56+00:00\",\"description\":\"Gek\u00fchlter explosionsgesch\u00fctzter Schrank. Sie erf\u00fcllen die Standards der Richtlinie BGR120. Temperaturbereich von + 2\u00b0C bis + 10\u00b0C.\",\"breadcrumb\":{\"@id\":\"https:\\\/\\\/sysmatec.ch\\\/de\\\/produit\\\/labor-kuehlschraenke-ex\\\/#breadcrumb\"},\"inLanguage\":\"de\",\"potentialAction\":[{\"@type\":\"ReadAction\",\"target\":[\"https:\\\/\\\/sysmatec.ch\\\/de\\\/produit\\\/labor-kuehlschraenke-ex\\\/\"]}]},{\"@type\":\"ImageObject\",\"inLanguage\":\"de\",\"@id\":\"https:\\\/\\\/sysmatec.ch\\\/de\\\/produit\\\/labor-kuehlschraenke-ex\\\/#primaryimage\",\"url\":\"https:\\\/\\\/sysmatec.ch\\\/wp-content\\\/uploads\\\/2019\\\/01\\\/ArmoireAntideflagrante_Tintometer.gif\",\"contentUrl\":\"https:\\\/\\\/sysmatec.ch\\\/wp-content\\\/uploads\\\/2019\\\/01\\\/ArmoireAntideflagrante_Tintometer.gif\",\"width\":148,\"height\":206},{\"@type\":\"BreadcrumbList\",\"@id\":\"https:\\\/\\\/sysmatec.ch\\\/de\\\/produit\\\/labor-kuehlschraenke-ex\\\/#breadcrumb\",\"itemListElement\":[{\"@type\":\"ListItem\",\"position\":1,\"name\":\"Accueil\",\"item\":\"https:\\\/\\\/sysmatec.ch\\\/de\\\/\"},{\"@type\":\"ListItem\",\"position\":2,\"name\":\"Die Aktivit\u00e4t von Sysmatec\",\"item\":\"https:\\\/\\\/sysmatec.ch\\\/de\\\/\"},{\"@type\":\"ListItem\",\"position\":3,\"name\":\"Labor-K\u00fchlschr\u00e4nke \\\/ EX\"}]},{\"@type\":\"WebSite\",\"@id\":\"https:\\\/\\\/sysmatec.ch\\\/de\\\/#website\",\"url\":\"https:\\\/\\\/sysmatec.ch\\\/de\\\/\",\"name\":\"Sysmatec\",\"description\":\"Equipement de laboratoire et logiciels\",\"publisher\":{\"@id\":\"https:\\\/\\\/sysmatec.ch\\\/de\\\/#organization\"},\"potentialAction\":[{\"@type\":\"SearchAction\",\"target\":{\"@type\":\"EntryPoint\",\"urlTemplate\":\"https:\\\/\\\/sysmatec.ch\\\/de\\\/?s={search_term_string}\"},\"query-input\":{\"@type\":\"PropertyValueSpecification\",\"valueRequired\":true,\"valueName\":\"search_term_string\"}}],\"inLanguage\":\"de\"},{\"@type\":\"Organization\",\"@id\":\"https:\\\/\\\/sysmatec.ch\\\/de\\\/#organization\",\"name\":\"Sysmatec\",\"url\":\"https:\\\/\\\/sysmatec.ch\\\/de\\\/\",\"logo\":{\"@type\":\"ImageObject\",\"inLanguage\":\"de\",\"@id\":\"https:\\\/\\\/sysmatec.ch\\\/de\\\/#\\\/schema\\\/logo\\\/image\\\/\",\"url\":\"https:\\\/\\\/sysmatec.ch\\\/wp-content\\\/uploads\\\/2018\\\/11\\\/LogoSysmatec.jpg\",\"contentUrl\":\"https:\\\/\\\/sysmatec.ch\\\/wp-content\\\/uploads\\\/2018\\\/11\\\/LogoSysmatec.jpg\",\"width\":301,\"height\":297,\"caption\":\"Sysmatec\"},\"image\":{\"@id\":\"https:\\\/\\\/sysmatec.ch\\\/de\\\/#\\\/schema\\\/logo\\\/image\\\/\"}}]}<\/script>\n<!-- \/ Yoast SEO plugin. -->","yoast_head_json":{"title":"Labor-K\u00fchlschr\u00e4nke \/ EX - Sysmatec","description":"Gek\u00fchlter explosionsgesch\u00fctzter Schrank. Sie erf\u00fcllen die Standards der Richtlinie BGR120. Temperaturbereich von + 2\u00b0C bis + 10\u00b0C.","robots":{"index":"index","follow":"follow","max-snippet":"max-snippet:-1","max-image-preview":"max-image-preview:large","max-video-preview":"max-video-preview:-1"},"canonical":"https:\/\/sysmatec.ch\/de\/produit\/labor-kuehlschraenke-ex\/","og_locale":"de_DE","og_type":"article","og_title":"Labor-K\u00fchlschr\u00e4nke \/ EX - Sysmatec","og_description":"Gek\u00fchlter explosionsgesch\u00fctzter Schrank. Sie erf\u00fcllen die Standards der Richtlinie BGR120. Temperaturbereich von + 2\u00b0C bis + 10\u00b0C.","og_url":"https:\/\/sysmatec.ch\/de\/produit\/labor-kuehlschraenke-ex\/","og_site_name":"Sysmatec","article_modified_time":"2022-03-06T11:17:56+00:00","og_image":[{"width":148,"height":206,"url":"https:\/\/sysmatec.ch\/wp-content\/uploads\/2019\/01\/ArmoireAntideflagrante_Tintometer.gif","type":"image\/gif"}],"twitter_card":"summary_large_image","twitter_misc":{"Gesch\u00e4tzte Lesezeit":"2\u00a0Minuten"},"schema":{"@context":"https:\/\/schema.org","@graph":[{"@type":"WebPage","@id":"https:\/\/sysmatec.ch\/de\/produit\/labor-kuehlschraenke-ex\/","url":"https:\/\/sysmatec.ch\/de\/produit\/labor-kuehlschraenke-ex\/","name":"Labor-K\u00fchlschr\u00e4nke \/ EX - Sysmatec","isPartOf":{"@id":"https:\/\/sysmatec.ch\/de\/#website"},"primaryImageOfPage":{"@id":"https:\/\/sysmatec.ch\/de\/produit\/labor-kuehlschraenke-ex\/#primaryimage"},"image":{"@id":"https:\/\/sysmatec.ch\/de\/produit\/labor-kuehlschraenke-ex\/#primaryimage"},"thumbnailUrl":"https:\/\/sysmatec.ch\/wp-content\/uploads\/2019\/01\/ArmoireAntideflagrante_Tintometer.gif","datePublished":"2019-01-20T10:16:15+00:00","dateModified":"2022-03-06T11:17:56+00:00","description":"Gek\u00fchlter explosionsgesch\u00fctzter Schrank. Sie erf\u00fcllen die Standards der Richtlinie BGR120. Temperaturbereich von + 2\u00b0C bis + 10\u00b0C.","breadcrumb":{"@id":"https:\/\/sysmatec.ch\/de\/produit\/labor-kuehlschraenke-ex\/#breadcrumb"},"inLanguage":"de","potentialAction":[{"@type":"ReadAction","target":["https:\/\/sysmatec.ch\/de\/produit\/labor-kuehlschraenke-ex\/"]}]},{"@type":"ImageObject","inLanguage":"de","@id":"https:\/\/sysmatec.ch\/de\/produit\/labor-kuehlschraenke-ex\/#primaryimage","url":"https:\/\/sysmatec.ch\/wp-content\/uploads\/2019\/01\/ArmoireAntideflagrante_Tintometer.gif","contentUrl":"https:\/\/sysmatec.ch\/wp-content\/uploads\/2019\/01\/ArmoireAntideflagrante_Tintometer.gif","width":148,"height":206},{"@type":"BreadcrumbList","@id":"https:\/\/sysmatec.ch\/de\/produit\/labor-kuehlschraenke-ex\/#breadcrumb","itemListElement":[{"@type":"ListItem","position":1,"name":"Accueil","item":"https:\/\/sysmatec.ch\/de\/"},{"@type":"ListItem","position":2,"name":"Die Aktivit\u00e4t von Sysmatec","item":"https:\/\/sysmatec.ch\/de\/"},{"@type":"ListItem","position":3,"name":"Labor-K\u00fchlschr\u00e4nke \/ EX"}]},{"@type":"WebSite","@id":"https:\/\/sysmatec.ch\/de\/#website","url":"https:\/\/sysmatec.ch\/de\/","name":"Sysmatec","description":"Equipement de laboratoire et logiciels","publisher":{"@id":"https:\/\/sysmatec.ch\/de\/#organization"},"potentialAction":[{"@type":"SearchAction","target":{"@type":"EntryPoint","urlTemplate":"https:\/\/sysmatec.ch\/de\/?s={search_term_string}"},"query-input":{"@type":"PropertyValueSpecification","valueRequired":true,"valueName":"search_term_string"}}],"inLanguage":"de"},{"@type":"Organization","@id":"https:\/\/sysmatec.ch\/de\/#organization","name":"Sysmatec","url":"https:\/\/sysmatec.ch\/de\/","logo":{"@type":"ImageObject","inLanguage":"de","@id":"https:\/\/sysmatec.ch\/de\/#\/schema\/logo\/image\/","url":"https:\/\/sysmatec.ch\/wp-content\/uploads\/2018\/11\/LogoSysmatec.jpg","contentUrl":"https:\/\/sysmatec.ch\/wp-content\/uploads\/2018\/11\/LogoSysmatec.jpg","width":301,"height":297,"caption":"Sysmatec"},"image":{"@id":"https:\/\/sysmatec.ch\/de\/#\/schema\/logo\/image\/"}}]}},"_links":{"self":[{"href":"https:\/\/sysmatec.ch\/de\/wp-json\/wp\/v2\/product\/2022","targetHints":{"allow":["GET"]}}],"collection":[{"href":"https:\/\/sysmatec.ch\/de\/wp-json\/wp\/v2\/product"}],"about":[{"href":"https:\/\/sysmatec.ch\/de\/wp-json\/wp\/v2\/types\/product"}],"wp:featuredmedia":[{"embeddable":true,"href":"https:\/\/sysmatec.ch\/de\/wp-json\/wp\/v2\/media\/1413"}],"wp:attachment":[{"href":"https:\/\/sysmatec.ch\/de\/wp-json\/wp\/v2\/media?parent=2022"}],"wp:term":[{"taxonomy":"product_brand","embeddable":true,"href":"https:\/\/sysmatec.ch\/de\/wp-json\/wp\/v2\/product_brand?post=2022"},{"taxonomy":"product_cat","embeddable":true,"href":"https:\/\/sysmatec.ch\/de\/wp-json\/wp\/v2\/product_cat?post=2022"},{"taxonomy":"product_tag","embeddable":true,"href":"https:\/\/sysmatec.ch\/de\/wp-json\/wp\/v2\/product_tag?post=2022"}],"curies":[{"name":"wp","href":"https:\/\/api.w.org\/{rel}","templated":true}]}}