{"id":2017,"date":"2019-01-20T11:35:35","date_gmt":"2019-01-20T10:35:35","guid":{"rendered":"https:\/\/sysmatec.ch\/produit\/microscopes-bm300-bm300d-300b\/"},"modified":"2022-03-06T12:02:33","modified_gmt":"2022-03-06T11:02:33","slug":"mikroskop-bm300-bm300d-300b","status":"publish","type":"product","link":"https:\/\/sysmatec.ch\/de\/Produkt\/mikroskop-bm300-bm300d-300b\/","title":{"rendered":"Mikroskop BM300-BM300D-300B"},"content":{"rendered":"<table border=\"1\" width=\"658\" cellspacing=\"2\" cellpadding=\"0\">\n<tbody>\n<tr>\n<td><\/td>\n<td><\/td>\n<td>BM300<\/td>\n<td>BM300D<\/td>\n<td>BM300B<\/td>\n<\/tr>\n<tr>\n<td>Kopf<\/td>\n<td>Monokular, 45 \u00b0 geneigt, 360 \u00b0 drehbar<\/td>\n<td>ingegriffen<\/td>\n<td><\/td>\n<td><\/td>\n<\/tr>\n<tr>\n<td><\/td>\n<td>Doppelt, 45 \u00b0 geneigt, 360 \u00b0 drehbar<\/td>\n<td><\/td>\n<td>ingegriffen<\/td>\n<td><\/td>\n<\/tr>\n<tr>\n<td><\/td>\n<td>Binokulares Kopf, 45 \u00b0 geneigt, 360 \u00b0 drehbar<\/td>\n<td><\/td>\n<td><\/td>\n<td>ingegriffen<\/td>\n<\/tr>\n<tr>\n<td>Okular<\/td>\n<td>WF10X-18mm<\/td>\n<td>ingegriffen<\/td>\n<td>ingegriffen<\/td>\n<td>ingegriffen<\/td>\n<\/tr>\n<tr>\n<td><\/td>\n<td>WF16X-13mm<\/td>\n<td>Option<\/td>\n<td>Option<\/td>\n<td>Option<\/td>\n<\/tr>\n<tr>\n<td><\/td>\n<td>WF20X-11mm<\/td>\n<td>Option<\/td>\n<td>Option<\/td>\n<td>Option<\/td>\n<\/tr>\n<tr>\n<td>DIN 45mm Achromatic Objektiv<\/td>\n<td>4X\/NA0.10<\/td>\n<td>ingegriffen<\/td>\n<td>ingegriffen<\/td>\n<td>ingegriffen<\/td>\n<\/tr>\n<tr>\n<td><\/td>\n<td>10X\/NA0.25<\/td>\n<td>ingegriffen<\/td>\n<td>ingegriffen<\/td>\n<td>ingegriffen<\/td>\n<\/tr>\n<tr>\n<td><\/td>\n<td>40XR\/NA0.65<\/td>\n<td>ingegriffen<\/td>\n<td>ingegriffen<\/td>\n<td>ingegriffen<\/td>\n<\/tr>\n<tr>\n<td><\/td>\n<td>60XR\/NA0.85<\/td>\n<td>Option<\/td>\n<td>Option<\/td>\n<td>Option<\/td>\n<\/tr>\n<tr>\n<td><\/td>\n<td>100XR(oil)\/NA1.25<\/td>\n<td>Option<\/td>\n<td>Option<\/td>\n<td>Option<\/td>\n<\/tr>\n<tr>\n<td>Objektivhalter<\/td>\n<td>dreifach<\/td>\n<td>ingegriffen<\/td>\n<td>ingegriffen<\/td>\n<td>Option<\/td>\n<\/tr>\n<tr>\n<td><\/td>\n<td>vierfach<\/td>\n<td>Option<\/td>\n<td>Option<\/td>\n<td>ingegriffen<\/td>\n<\/tr>\n<tr>\n<td>Stage<\/td>\n<td>Metal 110 mm x 120 mm mit 2 Haltern<\/td>\n<td>ingegriffen<\/td>\n<td>ingegriffen<\/td>\n<td><\/td>\n<\/tr>\n<tr>\n<td><\/td>\n<td>115 mm x 125 mm mit beweglichem Halter kontrolliert mit Kn\u00f6pfen<\/td>\n<td><\/td>\n<td><\/td>\n<td>ingegriffen<\/td>\n<\/tr>\n<tr>\n<td>Diaphragma<\/td>\n<td>Scheibe mit f\u00fcnf \u00d6ffnungen<\/td>\n<td>ingegriffen<\/td>\n<td>ingegriffen<\/td>\n<td><\/td>\n<\/tr>\n<tr>\n<td><\/td>\n<td>Iris Diaphragma<\/td>\n<td><\/td>\n<td><\/td>\n<td>ingegriffen<\/td>\n<\/tr>\n<tr>\n<td>Condenser<\/td>\n<td>NA0.65 einzige Linse Kondensator<\/td>\n<td>ingegriffen<\/td>\n<td>ingegriffen<\/td>\n<td><\/td>\n<\/tr>\n<tr>\n<td><\/td>\n<td>NA1.25 Abbe Kondensator<\/td>\n<td><\/td>\n<td><\/td>\n<td>ingegriffen<\/td>\n<\/tr>\n<tr>\n<td>Belichtung<\/td>\n<td>konkav-Plan Reflektor<\/td>\n<td>Option<\/td>\n<td>Option<\/td>\n<td>Option<\/td>\n<\/tr>\n<tr>\n<td><\/td>\n<td>Gl\u00fchlampe 20W\/230V<\/td>\n<td>ingegriffen<\/td>\n<td>ingegriffen<\/td>\n<td>ingegriffen<\/td>\n<\/tr>\n<tr>\n<td><\/td>\n<td>LED-Lampe, Ni-Cd Akku und AC \/ DC Adapter. Die Helligkeit ist regulierbar.<\/td>\n<td>Option<\/td>\n<td>Option<\/td>\n<td>Option<\/td>\n<\/tr>\n<tr>\n<td><\/td>\n<td>Halogen Lampe 12V\/10W<\/td>\n<td>Option<\/td>\n<td>Option<\/td>\n<td>Option<\/td>\n<\/tr>\n<tr>\n<td>Geh\u00e4use<\/td>\n<td>Karton<\/td>\n<td>ingegriffen<\/td>\n<td>ingegriffen<\/td>\n<td>ingegriffen<\/td>\n<\/tr>\n<tr>\n<td><\/td>\n<td>Holz<\/td>\n<td>Option<\/td>\n<td>Option<\/td>\n<td>Option<\/td>\n<\/tr>\n<tr>\n<td><\/td>\n<td>Aluminium<\/td>\n<td>Option<\/td>\n<td>Option<\/td>\n<td>Option<\/td>\n<\/tr>\n<\/tbody>\n<\/table>\n","protected":false},"excerpt":{"rendered":"<p>Monokulare und binokulare Mikroskope<\/p>\n","protected":false},"featured_media":1417,"template":"","meta":{"_crdt_document":""},"product_brand":[],"product_cat":[101],"product_tag":[],"class_list":{"0":"post-2017","1":"product","2":"type-product","3":"status-publish","4":"has-post-thumbnail","6":"product_cat-mikroskopie","8":"first","9":"instock","10":"taxable","11":"shipping-taxable","12":"product-type-simple"},"yoast_head":"<!-- This site is optimized with the Yoast SEO plugin v27.3 - https:\/\/yoast.com\/product\/yoast-seo-wordpress\/ -->\n<title>Mikroskop BM300-BM300D-300B - Sysmatec<\/title>\n<meta name=\"description\" content=\"Monokulare und binokulare Mikroskope f\u00fcr Vergr\u00f6\u00dferungen von 40-fach bis 1000-fach. Sie sind mit einem Abbe-Kondensor ausgestattet.\" \/>\n<meta name=\"robots\" content=\"index, follow, max-snippet:-1, max-image-preview:large, max-video-preview:-1\" \/>\n<link rel=\"canonical\" href=\"https:\/\/sysmatec.ch\/de\/produit\/mikroskop-bm300-bm300d-300b\/\" \/>\n<meta property=\"og:locale\" content=\"de_DE\" \/>\n<meta property=\"og:type\" content=\"article\" \/>\n<meta property=\"og:title\" content=\"Mikroskop BM300-BM300D-300B - Sysmatec\" \/>\n<meta property=\"og:description\" content=\"Monokulare und binokulare Mikroskope f\u00fcr Vergr\u00f6\u00dferungen von 40-fach bis 1000-fach. Sie sind mit einem Abbe-Kondensor ausgestattet.\" \/>\n<meta property=\"og:url\" content=\"https:\/\/sysmatec.ch\/de\/produit\/mikroskop-bm300-bm300d-300b\/\" \/>\n<meta property=\"og:site_name\" content=\"Sysmatec\" \/>\n<meta property=\"article:modified_time\" content=\"2022-03-06T11:02:33+00:00\" \/>\n<meta property=\"og:image\" content=\"https:\/\/sysmatec.ch\/wp-content\/uploads\/2019\/01\/Microscope_EasyViewHKBM300.jpg\" \/>\n\t<meta property=\"og:image:width\" content=\"173\" \/>\n\t<meta property=\"og:image:height\" content=\"169\" \/>\n\t<meta property=\"og:image:type\" content=\"image\/jpeg\" \/>\n<meta name=\"twitter:card\" content=\"summary_large_image\" \/>\n<meta name=\"twitter:label1\" content=\"Gesch\u00e4tzte Lesezeit\" \/>\n\t<meta name=\"twitter:data1\" content=\"1\u00a0Minute\" \/>\n<script type=\"application\/ld+json\" class=\"yoast-schema-graph\">{\"@context\":\"https:\\\/\\\/schema.org\",\"@graph\":[{\"@type\":\"WebPage\",\"@id\":\"https:\\\/\\\/sysmatec.ch\\\/de\\\/produit\\\/mikroskop-bm300-bm300d-300b\\\/\",\"url\":\"https:\\\/\\\/sysmatec.ch\\\/de\\\/produit\\\/mikroskop-bm300-bm300d-300b\\\/\",\"name\":\"Mikroskop BM300-BM300D-300B - Sysmatec\",\"isPartOf\":{\"@id\":\"https:\\\/\\\/sysmatec.ch\\\/de\\\/#website\"},\"primaryImageOfPage\":{\"@id\":\"https:\\\/\\\/sysmatec.ch\\\/de\\\/produit\\\/mikroskop-bm300-bm300d-300b\\\/#primaryimage\"},\"image\":{\"@id\":\"https:\\\/\\\/sysmatec.ch\\\/de\\\/produit\\\/mikroskop-bm300-bm300d-300b\\\/#primaryimage\"},\"thumbnailUrl\":\"https:\\\/\\\/sysmatec.ch\\\/wp-content\\\/uploads\\\/2019\\\/01\\\/Microscope_EasyViewHKBM300.jpg\",\"datePublished\":\"2019-01-20T10:35:35+00:00\",\"dateModified\":\"2022-03-06T11:02:33+00:00\",\"description\":\"Monokulare und binokulare Mikroskope f\u00fcr Vergr\u00f6\u00dferungen von 40-fach bis 1000-fach. Sie sind mit einem Abbe-Kondensor ausgestattet.\",\"breadcrumb\":{\"@id\":\"https:\\\/\\\/sysmatec.ch\\\/de\\\/produit\\\/mikroskop-bm300-bm300d-300b\\\/#breadcrumb\"},\"inLanguage\":\"de\",\"potentialAction\":[{\"@type\":\"ReadAction\",\"target\":[\"https:\\\/\\\/sysmatec.ch\\\/de\\\/produit\\\/mikroskop-bm300-bm300d-300b\\\/\"]}]},{\"@type\":\"ImageObject\",\"inLanguage\":\"de\",\"@id\":\"https:\\\/\\\/sysmatec.ch\\\/de\\\/produit\\\/mikroskop-bm300-bm300d-300b\\\/#primaryimage\",\"url\":\"https:\\\/\\\/sysmatec.ch\\\/wp-content\\\/uploads\\\/2019\\\/01\\\/Microscope_EasyViewHKBM300.jpg\",\"contentUrl\":\"https:\\\/\\\/sysmatec.ch\\\/wp-content\\\/uploads\\\/2019\\\/01\\\/Microscope_EasyViewHKBM300.jpg\",\"width\":173,\"height\":169},{\"@type\":\"BreadcrumbList\",\"@id\":\"https:\\\/\\\/sysmatec.ch\\\/de\\\/produit\\\/mikroskop-bm300-bm300d-300b\\\/#breadcrumb\",\"itemListElement\":[{\"@type\":\"ListItem\",\"position\":1,\"name\":\"Accueil\",\"item\":\"https:\\\/\\\/sysmatec.ch\\\/de\\\/\"},{\"@type\":\"ListItem\",\"position\":2,\"name\":\"Die Aktivit\u00e4t von Sysmatec\",\"item\":\"https:\\\/\\\/sysmatec.ch\\\/de\\\/\"},{\"@type\":\"ListItem\",\"position\":3,\"name\":\"Mikroskop BM300-BM300D-300B\"}]},{\"@type\":\"WebSite\",\"@id\":\"https:\\\/\\\/sysmatec.ch\\\/de\\\/#website\",\"url\":\"https:\\\/\\\/sysmatec.ch\\\/de\\\/\",\"name\":\"Sysmatec\",\"description\":\"Equipement de laboratoire et logiciels\",\"publisher\":{\"@id\":\"https:\\\/\\\/sysmatec.ch\\\/de\\\/#organization\"},\"potentialAction\":[{\"@type\":\"SearchAction\",\"target\":{\"@type\":\"EntryPoint\",\"urlTemplate\":\"https:\\\/\\\/sysmatec.ch\\\/de\\\/?s={search_term_string}\"},\"query-input\":{\"@type\":\"PropertyValueSpecification\",\"valueRequired\":true,\"valueName\":\"search_term_string\"}}],\"inLanguage\":\"de\"},{\"@type\":\"Organization\",\"@id\":\"https:\\\/\\\/sysmatec.ch\\\/de\\\/#organization\",\"name\":\"Sysmatec\",\"url\":\"https:\\\/\\\/sysmatec.ch\\\/de\\\/\",\"logo\":{\"@type\":\"ImageObject\",\"inLanguage\":\"de\",\"@id\":\"https:\\\/\\\/sysmatec.ch\\\/de\\\/#\\\/schema\\\/logo\\\/image\\\/\",\"url\":\"https:\\\/\\\/sysmatec.ch\\\/wp-content\\\/uploads\\\/2018\\\/11\\\/LogoSysmatec.jpg\",\"contentUrl\":\"https:\\\/\\\/sysmatec.ch\\\/wp-content\\\/uploads\\\/2018\\\/11\\\/LogoSysmatec.jpg\",\"width\":301,\"height\":297,\"caption\":\"Sysmatec\"},\"image\":{\"@id\":\"https:\\\/\\\/sysmatec.ch\\\/de\\\/#\\\/schema\\\/logo\\\/image\\\/\"}}]}<\/script>\n<!-- \/ Yoast SEO plugin. -->","yoast_head_json":{"title":"Mikroskop BM300-BM300D-300B - Sysmatec","description":"Monokulare und binokulare Mikroskope f\u00fcr Vergr\u00f6\u00dferungen von 40-fach bis 1000-fach. Sie sind mit einem Abbe-Kondensor ausgestattet.","robots":{"index":"index","follow":"follow","max-snippet":"max-snippet:-1","max-image-preview":"max-image-preview:large","max-video-preview":"max-video-preview:-1"},"canonical":"https:\/\/sysmatec.ch\/de\/produit\/mikroskop-bm300-bm300d-300b\/","og_locale":"de_DE","og_type":"article","og_title":"Mikroskop BM300-BM300D-300B - Sysmatec","og_description":"Monokulare und binokulare Mikroskope f\u00fcr Vergr\u00f6\u00dferungen von 40-fach bis 1000-fach. Sie sind mit einem Abbe-Kondensor ausgestattet.","og_url":"https:\/\/sysmatec.ch\/de\/produit\/mikroskop-bm300-bm300d-300b\/","og_site_name":"Sysmatec","article_modified_time":"2022-03-06T11:02:33+00:00","og_image":[{"width":173,"height":169,"url":"https:\/\/sysmatec.ch\/wp-content\/uploads\/2019\/01\/Microscope_EasyViewHKBM300.jpg","type":"image\/jpeg"}],"twitter_card":"summary_large_image","twitter_misc":{"Gesch\u00e4tzte Lesezeit":"1\u00a0Minute"},"schema":{"@context":"https:\/\/schema.org","@graph":[{"@type":"WebPage","@id":"https:\/\/sysmatec.ch\/de\/produit\/mikroskop-bm300-bm300d-300b\/","url":"https:\/\/sysmatec.ch\/de\/produit\/mikroskop-bm300-bm300d-300b\/","name":"Mikroskop BM300-BM300D-300B - Sysmatec","isPartOf":{"@id":"https:\/\/sysmatec.ch\/de\/#website"},"primaryImageOfPage":{"@id":"https:\/\/sysmatec.ch\/de\/produit\/mikroskop-bm300-bm300d-300b\/#primaryimage"},"image":{"@id":"https:\/\/sysmatec.ch\/de\/produit\/mikroskop-bm300-bm300d-300b\/#primaryimage"},"thumbnailUrl":"https:\/\/sysmatec.ch\/wp-content\/uploads\/2019\/01\/Microscope_EasyViewHKBM300.jpg","datePublished":"2019-01-20T10:35:35+00:00","dateModified":"2022-03-06T11:02:33+00:00","description":"Monokulare und binokulare Mikroskope f\u00fcr Vergr\u00f6\u00dferungen von 40-fach bis 1000-fach. Sie sind mit einem Abbe-Kondensor ausgestattet.","breadcrumb":{"@id":"https:\/\/sysmatec.ch\/de\/produit\/mikroskop-bm300-bm300d-300b\/#breadcrumb"},"inLanguage":"de","potentialAction":[{"@type":"ReadAction","target":["https:\/\/sysmatec.ch\/de\/produit\/mikroskop-bm300-bm300d-300b\/"]}]},{"@type":"ImageObject","inLanguage":"de","@id":"https:\/\/sysmatec.ch\/de\/produit\/mikroskop-bm300-bm300d-300b\/#primaryimage","url":"https:\/\/sysmatec.ch\/wp-content\/uploads\/2019\/01\/Microscope_EasyViewHKBM300.jpg","contentUrl":"https:\/\/sysmatec.ch\/wp-content\/uploads\/2019\/01\/Microscope_EasyViewHKBM300.jpg","width":173,"height":169},{"@type":"BreadcrumbList","@id":"https:\/\/sysmatec.ch\/de\/produit\/mikroskop-bm300-bm300d-300b\/#breadcrumb","itemListElement":[{"@type":"ListItem","position":1,"name":"Accueil","item":"https:\/\/sysmatec.ch\/de\/"},{"@type":"ListItem","position":2,"name":"Die Aktivit\u00e4t von Sysmatec","item":"https:\/\/sysmatec.ch\/de\/"},{"@type":"ListItem","position":3,"name":"Mikroskop BM300-BM300D-300B"}]},{"@type":"WebSite","@id":"https:\/\/sysmatec.ch\/de\/#website","url":"https:\/\/sysmatec.ch\/de\/","name":"Sysmatec","description":"Equipement de laboratoire et logiciels","publisher":{"@id":"https:\/\/sysmatec.ch\/de\/#organization"},"potentialAction":[{"@type":"SearchAction","target":{"@type":"EntryPoint","urlTemplate":"https:\/\/sysmatec.ch\/de\/?s={search_term_string}"},"query-input":{"@type":"PropertyValueSpecification","valueRequired":true,"valueName":"search_term_string"}}],"inLanguage":"de"},{"@type":"Organization","@id":"https:\/\/sysmatec.ch\/de\/#organization","name":"Sysmatec","url":"https:\/\/sysmatec.ch\/de\/","logo":{"@type":"ImageObject","inLanguage":"de","@id":"https:\/\/sysmatec.ch\/de\/#\/schema\/logo\/image\/","url":"https:\/\/sysmatec.ch\/wp-content\/uploads\/2018\/11\/LogoSysmatec.jpg","contentUrl":"https:\/\/sysmatec.ch\/wp-content\/uploads\/2018\/11\/LogoSysmatec.jpg","width":301,"height":297,"caption":"Sysmatec"},"image":{"@id":"https:\/\/sysmatec.ch\/de\/#\/schema\/logo\/image\/"}}]}},"_links":{"self":[{"href":"https:\/\/sysmatec.ch\/de\/wp-json\/wp\/v2\/product\/2017","targetHints":{"allow":["GET"]}}],"collection":[{"href":"https:\/\/sysmatec.ch\/de\/wp-json\/wp\/v2\/product"}],"about":[{"href":"https:\/\/sysmatec.ch\/de\/wp-json\/wp\/v2\/types\/product"}],"wp:featuredmedia":[{"embeddable":true,"href":"https:\/\/sysmatec.ch\/de\/wp-json\/wp\/v2\/media\/1417"}],"wp:attachment":[{"href":"https:\/\/sysmatec.ch\/de\/wp-json\/wp\/v2\/media?parent=2017"}],"wp:term":[{"taxonomy":"product_brand","embeddable":true,"href":"https:\/\/sysmatec.ch\/de\/wp-json\/wp\/v2\/product_brand?post=2017"},{"taxonomy":"product_cat","embeddable":true,"href":"https:\/\/sysmatec.ch\/de\/wp-json\/wp\/v2\/product_cat?post=2017"},{"taxonomy":"product_tag","embeddable":true,"href":"https:\/\/sysmatec.ch\/de\/wp-json\/wp\/v2\/product_tag?post=2017"}],"curies":[{"name":"wp","href":"https:\/\/api.w.org\/{rel}","templated":true}]}}