{"id":2009,"date":"2019-01-20T11:56:37","date_gmt":"2019-01-20T10:56:37","guid":{"rendered":"https:\/\/sysmatec.ch\/produit\/microscope-numerique-daffichage-a-cristaux-liquides-5-0mps-bvm102\/"},"modified":"2022-03-06T11:12:43","modified_gmt":"2022-03-06T10:12:43","slug":"5-0mps-lcd-digital-mikroskop-bvm102","status":"publish","type":"product","link":"https:\/\/sysmatec.ch\/de\/Produkt\/5-0mps-lcd-digital-mikroskop-bvm102\/","title":{"rendered":"5.0Mps LCD Digital Mikroskop BVM102"},"content":{"rendered":"<ul>\n<li type=\"disc\">Bildsensor: 5.0M Pixel (wahre Aufl\u00f6sung)<\/li>\n<li type=\"disc\">LCD-Panel: 3.5 &#8220;<\/li>\n<li type=\"disc\">Bildaufl\u00f6sung: 12M, 9M, 5M, 3M, 1.3M, VGA<\/li>\n<li type=\"disc\">Videoaufnahmeaufl\u00f6sung: 12M, 9M, 5M, 3M, 1.3M, VGA<\/li>\n<li type=\"disc\">Fokusbereich: Manueller Fokus von 10mm bis 50mm<\/li>\n<li type=\"disc\">Bildrate: Max 30f \/ s unter 600 Lus Helligkeit<\/li>\n<li type=\"disc\">Vergr\u00f6\u00dferungsverh\u00e4ltnis: 20x bis 200x, 1200x<\/li>\n<li type=\"disc\">TV-Ausgang: Verf\u00fcgbar (f\u00fcr jeden Monitor mit Fernseher)<\/li>\n<li type=\"disc\">Lichtquelle: 8 LED (einstellbar \u00fcber Steuerrad)<\/li>\n<li type=\"disc\">Batterie: Wiederaufladbare Lithiumbatterie (wird aufgeladen durch Adapter oder USB)<\/li>\n<li type=\"disc\">Messung: Per Software (PortableCapture mit OSD-Sprache: Englisch, Deutsch, Spanisch, Franz\u00f6sisch, Russisch)<\/li>\n<li type=\"disc\">Packungsinhalt: Mikroskop, Netzteil, USB-Kabel, TV-Kabel, Software-CD, Benutzerhandbuch, Kartenslot :, Support MicroSD-Kartensteckplatz bis zu 32 GB SDHC<\/li>\n<\/ul>\n","protected":false},"excerpt":{"rendered":"<p>Digitales Videomikroskop mit 120-facher, 200-facher und 1200-facher Vergr\u00f6\u00dferung.<\/p>\n","protected":false},"featured_media":1443,"template":"","meta":{"_crdt_document":""},"product_brand":[],"product_cat":[101],"product_tag":[],"class_list":{"0":"post-2009","1":"product","2":"type-product","3":"status-publish","4":"has-post-thumbnail","6":"product_cat-mikroskopie","8":"first","9":"instock","10":"taxable","11":"shipping-taxable","12":"product-type-simple"},"yoast_head":"<!-- This site is optimized with the Yoast SEO plugin v27.4 - https:\/\/yoast.com\/product\/yoast-seo-wordpress\/ -->\n<title>5.0Mps LCD Digital Mikroskop BVM102 - Sysmatec<\/title>\n<meta name=\"description\" content=\"Digitales Mikroskop mit eingebautem Videobildschirm. 20-, 200- und 1200-fache Vergr\u00f6\u00dferung. 10-50mm Fokusbereich.\" \/>\n<meta name=\"robots\" content=\"index, follow, max-snippet:-1, max-image-preview:large, max-video-preview:-1\" \/>\n<link rel=\"canonical\" href=\"https:\/\/sysmatec.ch\/de\/produit\/5-0mps-lcd-digital-mikroskop-bvm102\/\" \/>\n<meta property=\"og:locale\" content=\"de_DE\" \/>\n<meta property=\"og:type\" content=\"article\" \/>\n<meta property=\"og:title\" content=\"5.0Mps LCD Digital Mikroskop BVM102 - Sysmatec\" \/>\n<meta property=\"og:description\" content=\"Digitales Mikroskop mit eingebautem Videobildschirm. 20-, 200- und 1200-fache Vergr\u00f6\u00dferung. 10-50mm Fokusbereich.\" \/>\n<meta property=\"og:url\" content=\"https:\/\/sysmatec.ch\/de\/produit\/5-0mps-lcd-digital-mikroskop-bvm102\/\" \/>\n<meta property=\"og:site_name\" content=\"Sysmatec\" \/>\n<meta property=\"article:modified_time\" content=\"2022-03-06T10:12:43+00:00\" \/>\n<meta property=\"og:image\" content=\"https:\/\/sysmatec.ch\/wp-content\/uploads\/2019\/01\/Microscope_BYC_BVM102.jpg\" \/>\n\t<meta property=\"og:image:width\" content=\"183\" \/>\n\t<meta property=\"og:image:height\" content=\"202\" \/>\n\t<meta property=\"og:image:type\" content=\"image\/jpeg\" \/>\n<meta name=\"twitter:card\" content=\"summary_large_image\" \/>\n<script type=\"application\/ld+json\" class=\"yoast-schema-graph\">{\"@context\":\"https:\\\/\\\/schema.org\",\"@graph\":[{\"@type\":\"WebPage\",\"@id\":\"https:\\\/\\\/sysmatec.ch\\\/de\\\/produit\\\/5-0mps-lcd-digital-mikroskop-bvm102\\\/\",\"url\":\"https:\\\/\\\/sysmatec.ch\\\/de\\\/produit\\\/5-0mps-lcd-digital-mikroskop-bvm102\\\/\",\"name\":\"5.0Mps LCD Digital Mikroskop BVM102 - Sysmatec\",\"isPartOf\":{\"@id\":\"https:\\\/\\\/sysmatec.ch\\\/de\\\/#website\"},\"primaryImageOfPage\":{\"@id\":\"https:\\\/\\\/sysmatec.ch\\\/de\\\/produit\\\/5-0mps-lcd-digital-mikroskop-bvm102\\\/#primaryimage\"},\"image\":{\"@id\":\"https:\\\/\\\/sysmatec.ch\\\/de\\\/produit\\\/5-0mps-lcd-digital-mikroskop-bvm102\\\/#primaryimage\"},\"thumbnailUrl\":\"https:\\\/\\\/sysmatec.ch\\\/wp-content\\\/uploads\\\/2019\\\/01\\\/Microscope_BYC_BVM102.jpg\",\"datePublished\":\"2019-01-20T10:56:37+00:00\",\"dateModified\":\"2022-03-06T10:12:43+00:00\",\"description\":\"Digitales Mikroskop mit eingebautem Videobildschirm. 20-, 200- und 1200-fache Vergr\u00f6\u00dferung. 10-50mm Fokusbereich.\",\"breadcrumb\":{\"@id\":\"https:\\\/\\\/sysmatec.ch\\\/de\\\/produit\\\/5-0mps-lcd-digital-mikroskop-bvm102\\\/#breadcrumb\"},\"inLanguage\":\"de\",\"potentialAction\":[{\"@type\":\"ReadAction\",\"target\":[\"https:\\\/\\\/sysmatec.ch\\\/de\\\/produit\\\/5-0mps-lcd-digital-mikroskop-bvm102\\\/\"]}]},{\"@type\":\"ImageObject\",\"inLanguage\":\"de\",\"@id\":\"https:\\\/\\\/sysmatec.ch\\\/de\\\/produit\\\/5-0mps-lcd-digital-mikroskop-bvm102\\\/#primaryimage\",\"url\":\"https:\\\/\\\/sysmatec.ch\\\/wp-content\\\/uploads\\\/2019\\\/01\\\/Microscope_BYC_BVM102.jpg\",\"contentUrl\":\"https:\\\/\\\/sysmatec.ch\\\/wp-content\\\/uploads\\\/2019\\\/01\\\/Microscope_BYC_BVM102.jpg\",\"width\":183,\"height\":202},{\"@type\":\"BreadcrumbList\",\"@id\":\"https:\\\/\\\/sysmatec.ch\\\/de\\\/produit\\\/5-0mps-lcd-digital-mikroskop-bvm102\\\/#breadcrumb\",\"itemListElement\":[{\"@type\":\"ListItem\",\"position\":1,\"name\":\"Accueil\",\"item\":\"https:\\\/\\\/sysmatec.ch\\\/de\\\/\"},{\"@type\":\"ListItem\",\"position\":2,\"name\":\"Die Aktivit\u00e4t von Sysmatec\",\"item\":\"https:\\\/\\\/sysmatec.ch\\\/de\\\/\"},{\"@type\":\"ListItem\",\"position\":3,\"name\":\"5.0Mps LCD Digital Mikroskop BVM102\"}]},{\"@type\":\"WebSite\",\"@id\":\"https:\\\/\\\/sysmatec.ch\\\/de\\\/#website\",\"url\":\"https:\\\/\\\/sysmatec.ch\\\/de\\\/\",\"name\":\"Sysmatec\",\"description\":\"Equipement de laboratoire et logiciels\",\"publisher\":{\"@id\":\"https:\\\/\\\/sysmatec.ch\\\/de\\\/#organization\"},\"potentialAction\":[{\"@type\":\"SearchAction\",\"target\":{\"@type\":\"EntryPoint\",\"urlTemplate\":\"https:\\\/\\\/sysmatec.ch\\\/de\\\/?s={search_term_string}\"},\"query-input\":{\"@type\":\"PropertyValueSpecification\",\"valueRequired\":true,\"valueName\":\"search_term_string\"}}],\"inLanguage\":\"de\"},{\"@type\":\"Organization\",\"@id\":\"https:\\\/\\\/sysmatec.ch\\\/de\\\/#organization\",\"name\":\"Sysmatec\",\"url\":\"https:\\\/\\\/sysmatec.ch\\\/de\\\/\",\"logo\":{\"@type\":\"ImageObject\",\"inLanguage\":\"de\",\"@id\":\"https:\\\/\\\/sysmatec.ch\\\/de\\\/#\\\/schema\\\/logo\\\/image\\\/\",\"url\":\"https:\\\/\\\/sysmatec.ch\\\/wp-content\\\/uploads\\\/2018\\\/11\\\/LogoSysmatec.jpg\",\"contentUrl\":\"https:\\\/\\\/sysmatec.ch\\\/wp-content\\\/uploads\\\/2018\\\/11\\\/LogoSysmatec.jpg\",\"width\":301,\"height\":297,\"caption\":\"Sysmatec\"},\"image\":{\"@id\":\"https:\\\/\\\/sysmatec.ch\\\/de\\\/#\\\/schema\\\/logo\\\/image\\\/\"}}]}<\/script>\n<!-- \/ Yoast SEO plugin. -->","yoast_head_json":{"title":"5.0Mps LCD Digital Mikroskop BVM102 - Sysmatec","description":"Digitales Mikroskop mit eingebautem Videobildschirm. 20-, 200- und 1200-fache Vergr\u00f6\u00dferung. 10-50mm Fokusbereich.","robots":{"index":"index","follow":"follow","max-snippet":"max-snippet:-1","max-image-preview":"max-image-preview:large","max-video-preview":"max-video-preview:-1"},"canonical":"https:\/\/sysmatec.ch\/de\/produit\/5-0mps-lcd-digital-mikroskop-bvm102\/","og_locale":"de_DE","og_type":"article","og_title":"5.0Mps LCD Digital Mikroskop BVM102 - Sysmatec","og_description":"Digitales Mikroskop mit eingebautem Videobildschirm. 20-, 200- und 1200-fache Vergr\u00f6\u00dferung. 10-50mm Fokusbereich.","og_url":"https:\/\/sysmatec.ch\/de\/produit\/5-0mps-lcd-digital-mikroskop-bvm102\/","og_site_name":"Sysmatec","article_modified_time":"2022-03-06T10:12:43+00:00","og_image":[{"width":183,"height":202,"url":"https:\/\/sysmatec.ch\/wp-content\/uploads\/2019\/01\/Microscope_BYC_BVM102.jpg","type":"image\/jpeg"}],"twitter_card":"summary_large_image","schema":{"@context":"https:\/\/schema.org","@graph":[{"@type":"WebPage","@id":"https:\/\/sysmatec.ch\/de\/produit\/5-0mps-lcd-digital-mikroskop-bvm102\/","url":"https:\/\/sysmatec.ch\/de\/produit\/5-0mps-lcd-digital-mikroskop-bvm102\/","name":"5.0Mps LCD Digital Mikroskop BVM102 - Sysmatec","isPartOf":{"@id":"https:\/\/sysmatec.ch\/de\/#website"},"primaryImageOfPage":{"@id":"https:\/\/sysmatec.ch\/de\/produit\/5-0mps-lcd-digital-mikroskop-bvm102\/#primaryimage"},"image":{"@id":"https:\/\/sysmatec.ch\/de\/produit\/5-0mps-lcd-digital-mikroskop-bvm102\/#primaryimage"},"thumbnailUrl":"https:\/\/sysmatec.ch\/wp-content\/uploads\/2019\/01\/Microscope_BYC_BVM102.jpg","datePublished":"2019-01-20T10:56:37+00:00","dateModified":"2022-03-06T10:12:43+00:00","description":"Digitales Mikroskop mit eingebautem Videobildschirm. 20-, 200- und 1200-fache Vergr\u00f6\u00dferung. 10-50mm Fokusbereich.","breadcrumb":{"@id":"https:\/\/sysmatec.ch\/de\/produit\/5-0mps-lcd-digital-mikroskop-bvm102\/#breadcrumb"},"inLanguage":"de","potentialAction":[{"@type":"ReadAction","target":["https:\/\/sysmatec.ch\/de\/produit\/5-0mps-lcd-digital-mikroskop-bvm102\/"]}]},{"@type":"ImageObject","inLanguage":"de","@id":"https:\/\/sysmatec.ch\/de\/produit\/5-0mps-lcd-digital-mikroskop-bvm102\/#primaryimage","url":"https:\/\/sysmatec.ch\/wp-content\/uploads\/2019\/01\/Microscope_BYC_BVM102.jpg","contentUrl":"https:\/\/sysmatec.ch\/wp-content\/uploads\/2019\/01\/Microscope_BYC_BVM102.jpg","width":183,"height":202},{"@type":"BreadcrumbList","@id":"https:\/\/sysmatec.ch\/de\/produit\/5-0mps-lcd-digital-mikroskop-bvm102\/#breadcrumb","itemListElement":[{"@type":"ListItem","position":1,"name":"Accueil","item":"https:\/\/sysmatec.ch\/de\/"},{"@type":"ListItem","position":2,"name":"Die Aktivit\u00e4t von Sysmatec","item":"https:\/\/sysmatec.ch\/de\/"},{"@type":"ListItem","position":3,"name":"5.0Mps LCD Digital Mikroskop BVM102"}]},{"@type":"WebSite","@id":"https:\/\/sysmatec.ch\/de\/#website","url":"https:\/\/sysmatec.ch\/de\/","name":"Sysmatec","description":"Equipement de laboratoire et logiciels","publisher":{"@id":"https:\/\/sysmatec.ch\/de\/#organization"},"potentialAction":[{"@type":"SearchAction","target":{"@type":"EntryPoint","urlTemplate":"https:\/\/sysmatec.ch\/de\/?s={search_term_string}"},"query-input":{"@type":"PropertyValueSpecification","valueRequired":true,"valueName":"search_term_string"}}],"inLanguage":"de"},{"@type":"Organization","@id":"https:\/\/sysmatec.ch\/de\/#organization","name":"Sysmatec","url":"https:\/\/sysmatec.ch\/de\/","logo":{"@type":"ImageObject","inLanguage":"de","@id":"https:\/\/sysmatec.ch\/de\/#\/schema\/logo\/image\/","url":"https:\/\/sysmatec.ch\/wp-content\/uploads\/2018\/11\/LogoSysmatec.jpg","contentUrl":"https:\/\/sysmatec.ch\/wp-content\/uploads\/2018\/11\/LogoSysmatec.jpg","width":301,"height":297,"caption":"Sysmatec"},"image":{"@id":"https:\/\/sysmatec.ch\/de\/#\/schema\/logo\/image\/"}}]}},"_links":{"self":[{"href":"https:\/\/sysmatec.ch\/de\/wp-json\/wp\/v2\/product\/2009","targetHints":{"allow":["GET"]}}],"collection":[{"href":"https:\/\/sysmatec.ch\/de\/wp-json\/wp\/v2\/product"}],"about":[{"href":"https:\/\/sysmatec.ch\/de\/wp-json\/wp\/v2\/types\/product"}],"wp:featuredmedia":[{"embeddable":true,"href":"https:\/\/sysmatec.ch\/de\/wp-json\/wp\/v2\/media\/1443"}],"wp:attachment":[{"href":"https:\/\/sysmatec.ch\/de\/wp-json\/wp\/v2\/media?parent=2009"}],"wp:term":[{"taxonomy":"product_brand","embeddable":true,"href":"https:\/\/sysmatec.ch\/de\/wp-json\/wp\/v2\/product_brand?post=2009"},{"taxonomy":"product_cat","embeddable":true,"href":"https:\/\/sysmatec.ch\/de\/wp-json\/wp\/v2\/product_cat?post=2009"},{"taxonomy":"product_tag","embeddable":true,"href":"https:\/\/sysmatec.ch\/de\/wp-json\/wp\/v2\/product_tag?post=2009"}],"curies":[{"name":"wp","href":"https:\/\/api.w.org\/{rel}","templated":true}]}}