{"id":2004,"date":"2019-01-20T12:01:07","date_gmt":"2019-01-20T11:01:07","guid":{"rendered":"https:\/\/sysmatec.ch\/produit\/microscope-video-numerique-bvm-2000n\/"},"modified":"2022-03-06T10:59:54","modified_gmt":"2022-03-06T09:59:54","slug":"digitales-videomikroskop-bvm-2000n","status":"publish","type":"product","link":"https:\/\/sysmatec.ch\/de\/Produkt\/digitales-videomikroskop-bvm-2000n\/","title":{"rendered":"Digitales Videomikroskop BVM-2000N"},"content":{"rendered":"<p>Es ist ein intelligentes Mikroskop mit vielen Funktionen. High-Definition-Video-Unterst\u00fctzung \/ manuelle Messung \/ Foto \/ Video \/ USB \/ Export-Speicher Aufnahme f\u00fcr EXCEL \/ Einfachkreuzstrich \/ Doppelkreuzstrich \/ vier Kreuzlinien und vier vertikale Linien \/ Wei\u00dfabgleich Einstellung \/ Verst\u00e4rkungseinstellung \/ S\u00e4ttigungseinstellung \/ Einstellung der Reflexionsunterdr\u00fcckung \/ Helligkeitsanpassung \/ Sch\u00e4rfentiefe \/ Tastenanpassung und Doppelmaussteuerung. Ein externer HDMI-Ausgang ist zum Anschluss eines gro\u00dfen HDMI-LCD-Bildschirms verf\u00fcgbar. USB-Schnittstelle f\u00fcr U-Disk-Speicher.<\/p>\n<ul>\n<li type=\"disc\">Vergr\u00f6\u00dferungen: 9.3X-114.3X (ZOOM) (optionale Vergr\u00f6\u00dferungen: 18X-440X)<\/li>\n<li type=\"disc\">Eingebauter 0.35X Videokoppler; 0,5X, 0,75X, 1X, 1,5X und 2X optional<\/li>\n<li type=\"disc\">Standard 1X Objektiv; 0,3X, 0,5X, 0,75X, 1,5X und 2X in Optionen<\/li>\n<li type=\"disc\">Sichtfeld: 23 mm &#8211; 3 mm; Max. 46mm optional<\/li>\n<li type=\"disc\">Einstellungsabstand: 100mm; Max.198 Optional<\/li>\n<li type=\"disc\">Basisgr\u00f6\u00dfe: 260 mm (X) * 320 mm (Y)<\/li>\n<li type=\"disc\">H\u00f6he des Mikroskops: 480 mm<\/li>\n<li type=\"disc\">Gewicht des Mikroskops: 5.5 kg<\/li>\n<li type=\"disc\">Kamera: 2.0M HDMI, True Color, ohne Verz\u00f6gerung, Aufl\u00f6sung: 1920 * 1080, Sensor: 1 \/ 2.86 Zoll SONY-Sensor, Pixelgr\u00f6\u00dfe: 2,75 * 2,75 um, Bildrate: 60fps @ 1920 * 1080<\/li>\n<li type=\"disc\">12-Zoll-HD-LCD-Bildschirm, 1080P, Breitbild, Multi-Winkel-Anpassung.<\/li>\n<li type=\"disc\">Hochwertige LED-Beleuchtung, 144 LED-Lampen.<\/li>\n<\/ul>\n","protected":false},"excerpt":{"rendered":"<p>Videomikroskop<\/p>\n","protected":false},"featured_media":1447,"template":"","meta":{"_crdt_document":""},"product_brand":[],"product_cat":[101],"product_tag":[],"class_list":{"0":"post-2004","1":"product","2":"type-product","3":"status-publish","4":"has-post-thumbnail","6":"product_cat-mikroskopie","8":"first","9":"instock","10":"taxable","11":"shipping-taxable","12":"product-type-simple"},"yoast_head":"<!-- This site is optimized with the Yoast SEO plugin v27.3 - https:\/\/yoast.com\/product\/yoast-seo-wordpress\/ -->\n<title>Digitales Videomikroskop BVM-2000N - Sysmatec<\/title>\n<meta name=\"description\" content=\"Digitales Mikroskop mit eingebautem Videobildschirm. Vergr\u00f6\u00dferung 10- bis 114-fach oder 18- bis 440-fach. Diverse Bildbearbeitungstools.\" \/>\n<meta name=\"robots\" content=\"index, follow, max-snippet:-1, max-image-preview:large, max-video-preview:-1\" \/>\n<link rel=\"canonical\" href=\"https:\/\/sysmatec.ch\/de\/produit\/digitales-videomikroskop-bvm-2000n\/\" \/>\n<meta property=\"og:locale\" content=\"de_DE\" \/>\n<meta property=\"og:type\" content=\"article\" \/>\n<meta property=\"og:title\" content=\"Digitales Videomikroskop BVM-2000N - Sysmatec\" \/>\n<meta property=\"og:description\" content=\"Digitales Mikroskop mit eingebautem Videobildschirm. Vergr\u00f6\u00dferung 10- bis 114-fach oder 18- bis 440-fach. Diverse Bildbearbeitungstools.\" \/>\n<meta property=\"og:url\" content=\"https:\/\/sysmatec.ch\/de\/produit\/digitales-videomikroskop-bvm-2000n\/\" \/>\n<meta property=\"og:site_name\" content=\"Sysmatec\" \/>\n<meta property=\"article:modified_time\" content=\"2022-03-06T09:59:54+00:00\" \/>\n<meta property=\"og:image\" content=\"https:\/\/sysmatec.ch\/wp-content\/uploads\/2019\/01\/Microscope_BYC_BVM2000N.jpg\" \/>\n\t<meta property=\"og:image:width\" content=\"185\" \/>\n\t<meta property=\"og:image:height\" content=\"187\" \/>\n\t<meta property=\"og:image:type\" content=\"image\/jpeg\" \/>\n<meta name=\"twitter:card\" content=\"summary_large_image\" \/>\n<meta name=\"twitter:label1\" content=\"Gesch\u00e4tzte Lesezeit\" \/>\n\t<meta name=\"twitter:data1\" content=\"1\u00a0Minute\" \/>\n<script type=\"application\/ld+json\" class=\"yoast-schema-graph\">{\"@context\":\"https:\\\/\\\/schema.org\",\"@graph\":[{\"@type\":\"WebPage\",\"@id\":\"https:\\\/\\\/sysmatec.ch\\\/de\\\/produit\\\/digitales-videomikroskop-bvm-2000n\\\/\",\"url\":\"https:\\\/\\\/sysmatec.ch\\\/de\\\/produit\\\/digitales-videomikroskop-bvm-2000n\\\/\",\"name\":\"Digitales Videomikroskop BVM-2000N - Sysmatec\",\"isPartOf\":{\"@id\":\"https:\\\/\\\/sysmatec.ch\\\/de\\\/#website\"},\"primaryImageOfPage\":{\"@id\":\"https:\\\/\\\/sysmatec.ch\\\/de\\\/produit\\\/digitales-videomikroskop-bvm-2000n\\\/#primaryimage\"},\"image\":{\"@id\":\"https:\\\/\\\/sysmatec.ch\\\/de\\\/produit\\\/digitales-videomikroskop-bvm-2000n\\\/#primaryimage\"},\"thumbnailUrl\":\"https:\\\/\\\/sysmatec.ch\\\/wp-content\\\/uploads\\\/2019\\\/01\\\/Microscope_BYC_BVM2000N.jpg\",\"datePublished\":\"2019-01-20T11:01:07+00:00\",\"dateModified\":\"2022-03-06T09:59:54+00:00\",\"description\":\"Digitales Mikroskop mit eingebautem Videobildschirm. Vergr\u00f6\u00dferung 10- bis 114-fach oder 18- bis 440-fach. Diverse Bildbearbeitungstools.\",\"breadcrumb\":{\"@id\":\"https:\\\/\\\/sysmatec.ch\\\/de\\\/produit\\\/digitales-videomikroskop-bvm-2000n\\\/#breadcrumb\"},\"inLanguage\":\"de\",\"potentialAction\":[{\"@type\":\"ReadAction\",\"target\":[\"https:\\\/\\\/sysmatec.ch\\\/de\\\/produit\\\/digitales-videomikroskop-bvm-2000n\\\/\"]}]},{\"@type\":\"ImageObject\",\"inLanguage\":\"de\",\"@id\":\"https:\\\/\\\/sysmatec.ch\\\/de\\\/produit\\\/digitales-videomikroskop-bvm-2000n\\\/#primaryimage\",\"url\":\"https:\\\/\\\/sysmatec.ch\\\/wp-content\\\/uploads\\\/2019\\\/01\\\/Microscope_BYC_BVM2000N.jpg\",\"contentUrl\":\"https:\\\/\\\/sysmatec.ch\\\/wp-content\\\/uploads\\\/2019\\\/01\\\/Microscope_BYC_BVM2000N.jpg\",\"width\":185,\"height\":187},{\"@type\":\"BreadcrumbList\",\"@id\":\"https:\\\/\\\/sysmatec.ch\\\/de\\\/produit\\\/digitales-videomikroskop-bvm-2000n\\\/#breadcrumb\",\"itemListElement\":[{\"@type\":\"ListItem\",\"position\":1,\"name\":\"Accueil\",\"item\":\"https:\\\/\\\/sysmatec.ch\\\/de\\\/\"},{\"@type\":\"ListItem\",\"position\":2,\"name\":\"Die Aktivit\u00e4t von Sysmatec\",\"item\":\"https:\\\/\\\/sysmatec.ch\\\/de\\\/\"},{\"@type\":\"ListItem\",\"position\":3,\"name\":\"Digitales Videomikroskop BVM-2000N\"}]},{\"@type\":\"WebSite\",\"@id\":\"https:\\\/\\\/sysmatec.ch\\\/de\\\/#website\",\"url\":\"https:\\\/\\\/sysmatec.ch\\\/de\\\/\",\"name\":\"Sysmatec\",\"description\":\"Equipement de laboratoire et logiciels\",\"publisher\":{\"@id\":\"https:\\\/\\\/sysmatec.ch\\\/de\\\/#organization\"},\"potentialAction\":[{\"@type\":\"SearchAction\",\"target\":{\"@type\":\"EntryPoint\",\"urlTemplate\":\"https:\\\/\\\/sysmatec.ch\\\/de\\\/?s={search_term_string}\"},\"query-input\":{\"@type\":\"PropertyValueSpecification\",\"valueRequired\":true,\"valueName\":\"search_term_string\"}}],\"inLanguage\":\"de\"},{\"@type\":\"Organization\",\"@id\":\"https:\\\/\\\/sysmatec.ch\\\/de\\\/#organization\",\"name\":\"Sysmatec\",\"url\":\"https:\\\/\\\/sysmatec.ch\\\/de\\\/\",\"logo\":{\"@type\":\"ImageObject\",\"inLanguage\":\"de\",\"@id\":\"https:\\\/\\\/sysmatec.ch\\\/de\\\/#\\\/schema\\\/logo\\\/image\\\/\",\"url\":\"https:\\\/\\\/sysmatec.ch\\\/wp-content\\\/uploads\\\/2018\\\/11\\\/LogoSysmatec.jpg\",\"contentUrl\":\"https:\\\/\\\/sysmatec.ch\\\/wp-content\\\/uploads\\\/2018\\\/11\\\/LogoSysmatec.jpg\",\"width\":301,\"height\":297,\"caption\":\"Sysmatec\"},\"image\":{\"@id\":\"https:\\\/\\\/sysmatec.ch\\\/de\\\/#\\\/schema\\\/logo\\\/image\\\/\"}}]}<\/script>\n<!-- \/ Yoast SEO plugin. -->","yoast_head_json":{"title":"Digitales Videomikroskop BVM-2000N - Sysmatec","description":"Digitales Mikroskop mit eingebautem Videobildschirm. Vergr\u00f6\u00dferung 10- bis 114-fach oder 18- bis 440-fach. Diverse Bildbearbeitungstools.","robots":{"index":"index","follow":"follow","max-snippet":"max-snippet:-1","max-image-preview":"max-image-preview:large","max-video-preview":"max-video-preview:-1"},"canonical":"https:\/\/sysmatec.ch\/de\/produit\/digitales-videomikroskop-bvm-2000n\/","og_locale":"de_DE","og_type":"article","og_title":"Digitales Videomikroskop BVM-2000N - Sysmatec","og_description":"Digitales Mikroskop mit eingebautem Videobildschirm. Vergr\u00f6\u00dferung 10- bis 114-fach oder 18- bis 440-fach. Diverse Bildbearbeitungstools.","og_url":"https:\/\/sysmatec.ch\/de\/produit\/digitales-videomikroskop-bvm-2000n\/","og_site_name":"Sysmatec","article_modified_time":"2022-03-06T09:59:54+00:00","og_image":[{"width":185,"height":187,"url":"https:\/\/sysmatec.ch\/wp-content\/uploads\/2019\/01\/Microscope_BYC_BVM2000N.jpg","type":"image\/jpeg"}],"twitter_card":"summary_large_image","twitter_misc":{"Gesch\u00e4tzte Lesezeit":"1\u00a0Minute"},"schema":{"@context":"https:\/\/schema.org","@graph":[{"@type":"WebPage","@id":"https:\/\/sysmatec.ch\/de\/produit\/digitales-videomikroskop-bvm-2000n\/","url":"https:\/\/sysmatec.ch\/de\/produit\/digitales-videomikroskop-bvm-2000n\/","name":"Digitales Videomikroskop BVM-2000N - Sysmatec","isPartOf":{"@id":"https:\/\/sysmatec.ch\/de\/#website"},"primaryImageOfPage":{"@id":"https:\/\/sysmatec.ch\/de\/produit\/digitales-videomikroskop-bvm-2000n\/#primaryimage"},"image":{"@id":"https:\/\/sysmatec.ch\/de\/produit\/digitales-videomikroskop-bvm-2000n\/#primaryimage"},"thumbnailUrl":"https:\/\/sysmatec.ch\/wp-content\/uploads\/2019\/01\/Microscope_BYC_BVM2000N.jpg","datePublished":"2019-01-20T11:01:07+00:00","dateModified":"2022-03-06T09:59:54+00:00","description":"Digitales Mikroskop mit eingebautem Videobildschirm. Vergr\u00f6\u00dferung 10- bis 114-fach oder 18- bis 440-fach. Diverse Bildbearbeitungstools.","breadcrumb":{"@id":"https:\/\/sysmatec.ch\/de\/produit\/digitales-videomikroskop-bvm-2000n\/#breadcrumb"},"inLanguage":"de","potentialAction":[{"@type":"ReadAction","target":["https:\/\/sysmatec.ch\/de\/produit\/digitales-videomikroskop-bvm-2000n\/"]}]},{"@type":"ImageObject","inLanguage":"de","@id":"https:\/\/sysmatec.ch\/de\/produit\/digitales-videomikroskop-bvm-2000n\/#primaryimage","url":"https:\/\/sysmatec.ch\/wp-content\/uploads\/2019\/01\/Microscope_BYC_BVM2000N.jpg","contentUrl":"https:\/\/sysmatec.ch\/wp-content\/uploads\/2019\/01\/Microscope_BYC_BVM2000N.jpg","width":185,"height":187},{"@type":"BreadcrumbList","@id":"https:\/\/sysmatec.ch\/de\/produit\/digitales-videomikroskop-bvm-2000n\/#breadcrumb","itemListElement":[{"@type":"ListItem","position":1,"name":"Accueil","item":"https:\/\/sysmatec.ch\/de\/"},{"@type":"ListItem","position":2,"name":"Die Aktivit\u00e4t von Sysmatec","item":"https:\/\/sysmatec.ch\/de\/"},{"@type":"ListItem","position":3,"name":"Digitales Videomikroskop BVM-2000N"}]},{"@type":"WebSite","@id":"https:\/\/sysmatec.ch\/de\/#website","url":"https:\/\/sysmatec.ch\/de\/","name":"Sysmatec","description":"Equipement de laboratoire et logiciels","publisher":{"@id":"https:\/\/sysmatec.ch\/de\/#organization"},"potentialAction":[{"@type":"SearchAction","target":{"@type":"EntryPoint","urlTemplate":"https:\/\/sysmatec.ch\/de\/?s={search_term_string}"},"query-input":{"@type":"PropertyValueSpecification","valueRequired":true,"valueName":"search_term_string"}}],"inLanguage":"de"},{"@type":"Organization","@id":"https:\/\/sysmatec.ch\/de\/#organization","name":"Sysmatec","url":"https:\/\/sysmatec.ch\/de\/","logo":{"@type":"ImageObject","inLanguage":"de","@id":"https:\/\/sysmatec.ch\/de\/#\/schema\/logo\/image\/","url":"https:\/\/sysmatec.ch\/wp-content\/uploads\/2018\/11\/LogoSysmatec.jpg","contentUrl":"https:\/\/sysmatec.ch\/wp-content\/uploads\/2018\/11\/LogoSysmatec.jpg","width":301,"height":297,"caption":"Sysmatec"},"image":{"@id":"https:\/\/sysmatec.ch\/de\/#\/schema\/logo\/image\/"}}]}},"_links":{"self":[{"href":"https:\/\/sysmatec.ch\/de\/wp-json\/wp\/v2\/product\/2004","targetHints":{"allow":["GET"]}}],"collection":[{"href":"https:\/\/sysmatec.ch\/de\/wp-json\/wp\/v2\/product"}],"about":[{"href":"https:\/\/sysmatec.ch\/de\/wp-json\/wp\/v2\/types\/product"}],"wp:featuredmedia":[{"embeddable":true,"href":"https:\/\/sysmatec.ch\/de\/wp-json\/wp\/v2\/media\/1447"}],"wp:attachment":[{"href":"https:\/\/sysmatec.ch\/de\/wp-json\/wp\/v2\/media?parent=2004"}],"wp:term":[{"taxonomy":"product_brand","embeddable":true,"href":"https:\/\/sysmatec.ch\/de\/wp-json\/wp\/v2\/product_brand?post=2004"},{"taxonomy":"product_cat","embeddable":true,"href":"https:\/\/sysmatec.ch\/de\/wp-json\/wp\/v2\/product_cat?post=2004"},{"taxonomy":"product_tag","embeddable":true,"href":"https:\/\/sysmatec.ch\/de\/wp-json\/wp\/v2\/product_tag?post=2004"}],"curies":[{"name":"wp","href":"https:\/\/api.w.org\/{rel}","templated":true}]}}