{"id":1982,"date":"2019-01-20T17:35:45","date_gmt":"2019-01-20T16:35:45","guid":{"rendered":"https:\/\/sysmatec.ch\/produit\/microtome-manuel-razor\/"},"modified":"2022-03-05T21:39:17","modified_gmt":"2022-03-05T20:39:17","slug":"manuelles-rotationsmikrotom-razor-i","status":"publish","type":"product","link":"https:\/\/sysmatec.ch\/de\/Produkt\/manuelles-rotationsmikrotom-razor-i\/","title":{"rendered":"Manuelles Rotationsmikrotom Razor I"},"content":{"rendered":"<p>Das Razor I bietet hochentwickelte Funktionen f\u00fcr pr\u00e4zise Schnitte von in Paraffin eingebetteten Proben f\u00fcr medizinische, biologische und industrielle Anwendungen.<\/p>\n<p>Das Ger\u00e4t ist mit einem R\u00fcckzugmechanismus, der die Probe bei der Aufw\u00e4rtsbewegung von der Klinge wegdr\u00fcckt, ausgestattet. Die Probe und die Klinge sind vor Besch\u00e4digung gesch\u00fctzt. Dank der Objektorientierung kann der perfekte Schnittwinkel f\u00fcr hochpr\u00e4zise Schnitte angepasst werden.<\/p>\n<p>F\u00fcr die optimale Position bzw. Neigung der Klinge zur Probenoberfl\u00e4che kann der Winkel der Klinge mit der Freiwinkeleinstellung angepasst werden. Indexstriche befinden sich jeweils rechts und links an der Messerhalterbasis.<\/p>\n<p>Das Razor I bietet hochentwickelte Funktionen f\u00fcr pr\u00e4zise Schnitte von in Paraffin eingebetteten Proben f\u00fcr medizinische, biologische und industrielle Anwendungen. Ein effizienter und pr\u00e4ziser Arbeitsablauf wird dadurch gew\u00e4hrleisten. Die ruckfreie und leichte Drehung des Handrades sorgt f\u00fcr eine ergonomische Handhabung des Instruments. Die Handverriegelung ist griffg\u00fcnstig im Handrad integriert. Die Schnittdicke kann zwischen 0,5 \u00b5m und 60 \u00b5m eingestellt werden. Das kompakte, ergonomische Design bietet Platz f\u00fcr die Aufbewahrung verschiedener arbeitsbezogener Werkzeuge.<\/p>\n<p>Sicherheit<\/p>\n<ul>\n<li type=\"disc\">Mit der praktischen Handradverriegelung, die im Handrad integriert ist, kann die Drehung des Rades in einem der 24 Raststellungen festgestellt werden.<\/li>\n<li type=\"disc\">Der Fingerschutz ist ein umklappbarer B\u00fcgel und ist am Messerhalter fix montiert. Der Schutzb\u00fcgel deckt die Schneidkante ab um Verletzungen zu vermeiden wenn eine Klinge im Messerhalter eingelegt ist.<\/li>\n<\/ul>\n<p>Schnittdicke<\/p>\n<ul>\n<li type=\"disc\">0.5 \u00b5m \u2013 2 \u00b5m, 0.5 \u00b5m Schritten<\/li>\n<li type=\"disc\">2 \u00b5m \u2013 10 \u00b5m, 1 \u00b5m Schritten<\/li>\n<li type=\"disc\">10 \u00b5m \u2013 20 \u00b5m, 2 \u00b5m Schritten<\/li>\n<li type=\"disc\">20 \u00b5m \u2013 60 \u00b5m, 5 \u00b5m Schritten<\/li>\n<\/ul>\n<p>Vertikaler Objektvorschub 70 mm<\/p>\n<p>Horizontaler Objektvorschub 40 mm<\/p>\n<p>Abmessungen (B \u00d7 T \u00d7 H) 460 \u00d7 460 \u00d7 280 mm<\/p>\n<p>Gewicht 36 kg<\/p>\n","protected":false},"excerpt":{"rendered":"<p>Manuelles Rotationsmikrotom f\u00fcr Dicke von 0.5 Mikron bis 60 Mikron.<\/p>\n","protected":false},"featured_media":1451,"template":"","meta":{"_crdt_document":""},"product_brand":[],"product_cat":[101],"product_tag":[],"class_list":{"0":"post-1982","1":"product","2":"type-product","3":"status-publish","4":"has-post-thumbnail","6":"product_cat-mikroskopie","8":"first","9":"instock","10":"taxable","11":"shipping-taxable","12":"product-type-simple"},"yoast_head":"<!-- This site is optimized with the Yoast SEO plugin v27.4 - https:\/\/yoast.com\/product\/yoast-seo-wordpress\/ -->\n<title>Manuelles Rotationsmikrotom Razor I - Sysmatec<\/title>\n<meta name=\"description\" content=\"Mikrotom zum Anfertigen von Schnitten in Paraffin eingebettete Proben. Dicken von 0.5 Mikron bis 60 Mikron.\" \/>\n<meta name=\"robots\" content=\"index, follow, max-snippet:-1, max-image-preview:large, max-video-preview:-1\" \/>\n<link rel=\"canonical\" href=\"https:\/\/sysmatec.ch\/de\/produit\/manuelles-rotationsmikrotom-razor-i\/\" \/>\n<meta property=\"og:locale\" content=\"de_DE\" \/>\n<meta property=\"og:type\" content=\"article\" \/>\n<meta property=\"og:title\" content=\"Manuelles Rotationsmikrotom Razor I - Sysmatec\" \/>\n<meta property=\"og:description\" content=\"Mikrotom zum Anfertigen von Schnitten in Paraffin eingebettete Proben. Dicken von 0.5 Mikron bis 60 Mikron.\" \/>\n<meta property=\"og:url\" content=\"https:\/\/sysmatec.ch\/de\/produit\/manuelles-rotationsmikrotom-razor-i\/\" \/>\n<meta property=\"og:site_name\" content=\"Sysmatec\" \/>\n<meta property=\"article:modified_time\" content=\"2022-03-05T20:39:17+00:00\" \/>\n<meta property=\"og:image\" content=\"https:\/\/sysmatec.ch\/wp-content\/uploads\/2019\/01\/Microscopie_MicrosRazor1.jpg\" \/>\n\t<meta property=\"og:image:width\" content=\"180\" \/>\n\t<meta property=\"og:image:height\" content=\"222\" \/>\n\t<meta property=\"og:image:type\" content=\"image\/jpeg\" \/>\n<meta name=\"twitter:card\" content=\"summary_large_image\" \/>\n<meta name=\"twitter:label1\" content=\"Gesch\u00e4tzte Lesezeit\" \/>\n\t<meta name=\"twitter:data1\" content=\"1\u00a0Minute\" \/>\n<script type=\"application\/ld+json\" class=\"yoast-schema-graph\">{\"@context\":\"https:\\\/\\\/schema.org\",\"@graph\":[{\"@type\":\"WebPage\",\"@id\":\"https:\\\/\\\/sysmatec.ch\\\/de\\\/produit\\\/manuelles-rotationsmikrotom-razor-i\\\/\",\"url\":\"https:\\\/\\\/sysmatec.ch\\\/de\\\/produit\\\/manuelles-rotationsmikrotom-razor-i\\\/\",\"name\":\"Manuelles Rotationsmikrotom Razor I - Sysmatec\",\"isPartOf\":{\"@id\":\"https:\\\/\\\/sysmatec.ch\\\/de\\\/#website\"},\"primaryImageOfPage\":{\"@id\":\"https:\\\/\\\/sysmatec.ch\\\/de\\\/produit\\\/manuelles-rotationsmikrotom-razor-i\\\/#primaryimage\"},\"image\":{\"@id\":\"https:\\\/\\\/sysmatec.ch\\\/de\\\/produit\\\/manuelles-rotationsmikrotom-razor-i\\\/#primaryimage\"},\"thumbnailUrl\":\"https:\\\/\\\/sysmatec.ch\\\/wp-content\\\/uploads\\\/2019\\\/01\\\/Microscopie_MicrosRazor1.jpg\",\"datePublished\":\"2019-01-20T16:35:45+00:00\",\"dateModified\":\"2022-03-05T20:39:17+00:00\",\"description\":\"Mikrotom zum Anfertigen von Schnitten in Paraffin eingebettete Proben. Dicken von 0.5 Mikron bis 60 Mikron.\",\"breadcrumb\":{\"@id\":\"https:\\\/\\\/sysmatec.ch\\\/de\\\/produit\\\/manuelles-rotationsmikrotom-razor-i\\\/#breadcrumb\"},\"inLanguage\":\"de\",\"potentialAction\":[{\"@type\":\"ReadAction\",\"target\":[\"https:\\\/\\\/sysmatec.ch\\\/de\\\/produit\\\/manuelles-rotationsmikrotom-razor-i\\\/\"]}]},{\"@type\":\"ImageObject\",\"inLanguage\":\"de\",\"@id\":\"https:\\\/\\\/sysmatec.ch\\\/de\\\/produit\\\/manuelles-rotationsmikrotom-razor-i\\\/#primaryimage\",\"url\":\"https:\\\/\\\/sysmatec.ch\\\/wp-content\\\/uploads\\\/2019\\\/01\\\/Microscopie_MicrosRazor1.jpg\",\"contentUrl\":\"https:\\\/\\\/sysmatec.ch\\\/wp-content\\\/uploads\\\/2019\\\/01\\\/Microscopie_MicrosRazor1.jpg\",\"width\":180,\"height\":222},{\"@type\":\"BreadcrumbList\",\"@id\":\"https:\\\/\\\/sysmatec.ch\\\/de\\\/produit\\\/manuelles-rotationsmikrotom-razor-i\\\/#breadcrumb\",\"itemListElement\":[{\"@type\":\"ListItem\",\"position\":1,\"name\":\"Accueil\",\"item\":\"https:\\\/\\\/sysmatec.ch\\\/de\\\/\"},{\"@type\":\"ListItem\",\"position\":2,\"name\":\"Die Aktivit\u00e4t von Sysmatec\",\"item\":\"https:\\\/\\\/sysmatec.ch\\\/de\\\/\"},{\"@type\":\"ListItem\",\"position\":3,\"name\":\"Manuelles Rotationsmikrotom Razor I\"}]},{\"@type\":\"WebSite\",\"@id\":\"https:\\\/\\\/sysmatec.ch\\\/de\\\/#website\",\"url\":\"https:\\\/\\\/sysmatec.ch\\\/de\\\/\",\"name\":\"Sysmatec\",\"description\":\"Equipement de laboratoire et logiciels\",\"publisher\":{\"@id\":\"https:\\\/\\\/sysmatec.ch\\\/de\\\/#organization\"},\"potentialAction\":[{\"@type\":\"SearchAction\",\"target\":{\"@type\":\"EntryPoint\",\"urlTemplate\":\"https:\\\/\\\/sysmatec.ch\\\/de\\\/?s={search_term_string}\"},\"query-input\":{\"@type\":\"PropertyValueSpecification\",\"valueRequired\":true,\"valueName\":\"search_term_string\"}}],\"inLanguage\":\"de\"},{\"@type\":\"Organization\",\"@id\":\"https:\\\/\\\/sysmatec.ch\\\/de\\\/#organization\",\"name\":\"Sysmatec\",\"url\":\"https:\\\/\\\/sysmatec.ch\\\/de\\\/\",\"logo\":{\"@type\":\"ImageObject\",\"inLanguage\":\"de\",\"@id\":\"https:\\\/\\\/sysmatec.ch\\\/de\\\/#\\\/schema\\\/logo\\\/image\\\/\",\"url\":\"https:\\\/\\\/sysmatec.ch\\\/wp-content\\\/uploads\\\/2018\\\/11\\\/LogoSysmatec.jpg\",\"contentUrl\":\"https:\\\/\\\/sysmatec.ch\\\/wp-content\\\/uploads\\\/2018\\\/11\\\/LogoSysmatec.jpg\",\"width\":301,\"height\":297,\"caption\":\"Sysmatec\"},\"image\":{\"@id\":\"https:\\\/\\\/sysmatec.ch\\\/de\\\/#\\\/schema\\\/logo\\\/image\\\/\"}}]}<\/script>\n<!-- \/ Yoast SEO plugin. -->","yoast_head_json":{"title":"Manuelles Rotationsmikrotom Razor I - Sysmatec","description":"Mikrotom zum Anfertigen von Schnitten in Paraffin eingebettete Proben. Dicken von 0.5 Mikron bis 60 Mikron.","robots":{"index":"index","follow":"follow","max-snippet":"max-snippet:-1","max-image-preview":"max-image-preview:large","max-video-preview":"max-video-preview:-1"},"canonical":"https:\/\/sysmatec.ch\/de\/produit\/manuelles-rotationsmikrotom-razor-i\/","og_locale":"de_DE","og_type":"article","og_title":"Manuelles Rotationsmikrotom Razor I - Sysmatec","og_description":"Mikrotom zum Anfertigen von Schnitten in Paraffin eingebettete Proben. Dicken von 0.5 Mikron bis 60 Mikron.","og_url":"https:\/\/sysmatec.ch\/de\/produit\/manuelles-rotationsmikrotom-razor-i\/","og_site_name":"Sysmatec","article_modified_time":"2022-03-05T20:39:17+00:00","og_image":[{"width":180,"height":222,"url":"https:\/\/sysmatec.ch\/wp-content\/uploads\/2019\/01\/Microscopie_MicrosRazor1.jpg","type":"image\/jpeg"}],"twitter_card":"summary_large_image","twitter_misc":{"Gesch\u00e4tzte Lesezeit":"1\u00a0Minute"},"schema":{"@context":"https:\/\/schema.org","@graph":[{"@type":"WebPage","@id":"https:\/\/sysmatec.ch\/de\/produit\/manuelles-rotationsmikrotom-razor-i\/","url":"https:\/\/sysmatec.ch\/de\/produit\/manuelles-rotationsmikrotom-razor-i\/","name":"Manuelles Rotationsmikrotom Razor I - Sysmatec","isPartOf":{"@id":"https:\/\/sysmatec.ch\/de\/#website"},"primaryImageOfPage":{"@id":"https:\/\/sysmatec.ch\/de\/produit\/manuelles-rotationsmikrotom-razor-i\/#primaryimage"},"image":{"@id":"https:\/\/sysmatec.ch\/de\/produit\/manuelles-rotationsmikrotom-razor-i\/#primaryimage"},"thumbnailUrl":"https:\/\/sysmatec.ch\/wp-content\/uploads\/2019\/01\/Microscopie_MicrosRazor1.jpg","datePublished":"2019-01-20T16:35:45+00:00","dateModified":"2022-03-05T20:39:17+00:00","description":"Mikrotom zum Anfertigen von Schnitten in Paraffin eingebettete Proben. Dicken von 0.5 Mikron bis 60 Mikron.","breadcrumb":{"@id":"https:\/\/sysmatec.ch\/de\/produit\/manuelles-rotationsmikrotom-razor-i\/#breadcrumb"},"inLanguage":"de","potentialAction":[{"@type":"ReadAction","target":["https:\/\/sysmatec.ch\/de\/produit\/manuelles-rotationsmikrotom-razor-i\/"]}]},{"@type":"ImageObject","inLanguage":"de","@id":"https:\/\/sysmatec.ch\/de\/produit\/manuelles-rotationsmikrotom-razor-i\/#primaryimage","url":"https:\/\/sysmatec.ch\/wp-content\/uploads\/2019\/01\/Microscopie_MicrosRazor1.jpg","contentUrl":"https:\/\/sysmatec.ch\/wp-content\/uploads\/2019\/01\/Microscopie_MicrosRazor1.jpg","width":180,"height":222},{"@type":"BreadcrumbList","@id":"https:\/\/sysmatec.ch\/de\/produit\/manuelles-rotationsmikrotom-razor-i\/#breadcrumb","itemListElement":[{"@type":"ListItem","position":1,"name":"Accueil","item":"https:\/\/sysmatec.ch\/de\/"},{"@type":"ListItem","position":2,"name":"Die Aktivit\u00e4t von Sysmatec","item":"https:\/\/sysmatec.ch\/de\/"},{"@type":"ListItem","position":3,"name":"Manuelles Rotationsmikrotom Razor I"}]},{"@type":"WebSite","@id":"https:\/\/sysmatec.ch\/de\/#website","url":"https:\/\/sysmatec.ch\/de\/","name":"Sysmatec","description":"Equipement de laboratoire et logiciels","publisher":{"@id":"https:\/\/sysmatec.ch\/de\/#organization"},"potentialAction":[{"@type":"SearchAction","target":{"@type":"EntryPoint","urlTemplate":"https:\/\/sysmatec.ch\/de\/?s={search_term_string}"},"query-input":{"@type":"PropertyValueSpecification","valueRequired":true,"valueName":"search_term_string"}}],"inLanguage":"de"},{"@type":"Organization","@id":"https:\/\/sysmatec.ch\/de\/#organization","name":"Sysmatec","url":"https:\/\/sysmatec.ch\/de\/","logo":{"@type":"ImageObject","inLanguage":"de","@id":"https:\/\/sysmatec.ch\/de\/#\/schema\/logo\/image\/","url":"https:\/\/sysmatec.ch\/wp-content\/uploads\/2018\/11\/LogoSysmatec.jpg","contentUrl":"https:\/\/sysmatec.ch\/wp-content\/uploads\/2018\/11\/LogoSysmatec.jpg","width":301,"height":297,"caption":"Sysmatec"},"image":{"@id":"https:\/\/sysmatec.ch\/de\/#\/schema\/logo\/image\/"}}]}},"_links":{"self":[{"href":"https:\/\/sysmatec.ch\/de\/wp-json\/wp\/v2\/product\/1982","targetHints":{"allow":["GET"]}}],"collection":[{"href":"https:\/\/sysmatec.ch\/de\/wp-json\/wp\/v2\/product"}],"about":[{"href":"https:\/\/sysmatec.ch\/de\/wp-json\/wp\/v2\/types\/product"}],"wp:featuredmedia":[{"embeddable":true,"href":"https:\/\/sysmatec.ch\/de\/wp-json\/wp\/v2\/media\/1451"}],"wp:attachment":[{"href":"https:\/\/sysmatec.ch\/de\/wp-json\/wp\/v2\/media?parent=1982"}],"wp:term":[{"taxonomy":"product_brand","embeddable":true,"href":"https:\/\/sysmatec.ch\/de\/wp-json\/wp\/v2\/product_brand?post=1982"},{"taxonomy":"product_cat","embeddable":true,"href":"https:\/\/sysmatec.ch\/de\/wp-json\/wp\/v2\/product_cat?post=1982"},{"taxonomy":"product_tag","embeddable":true,"href":"https:\/\/sysmatec.ch\/de\/wp-json\/wp\/v2\/product_tag?post=1982"}],"curies":[{"name":"wp","href":"https:\/\/api.w.org\/{rel}","templated":true}]}}