{"id":1979,"date":"2019-01-20T17:40:35","date_gmt":"2019-01-20T16:40:35","guid":{"rendered":"https:\/\/sysmatec.ch\/produit\/micromanipulateur-manuel-mm33\/"},"modified":"2026-04-02T09:15:50","modified_gmt":"2026-04-02T07:15:50","slug":"manuelles-mikromanipulator-mm33","status":"publish","type":"product","link":"https:\/\/sysmatec.ch\/de\/Produkt\/manuelles-mikromanipulator-mm33\/","title":{"rendered":"Manuelles Mikromanipulator MM33"},"content":{"rendered":"<p>Dieser Mikromanipulator ist ein ideales Werkzeug f\u00fcr die Mikroskopie.<\/p>\n<h2>Merkmale<\/h2>\n<ul>\n<li>Manuelle Bewegung in 3 Achsen (XYZ)<\/li>\n<li>Verstellbereich X-Achse: 37 mm<\/li>\n<li>Verstellbereich Y-Achse: 20 mm<\/li>\n<li>Verstellbereich Z-Achse: 25 mm<\/li>\n<li>Bedienkn\u00f6pfe auf der R\u00fcckseite der Mikromanipulator<\/li>\n<li>mehrere Mikromanipulatoren k\u00f6nnen nebeneinander gesetzt werden<\/li>\n<li>Grobeinstellung mit 0.1 mm Genauigkeit<\/li>\n<li>Feineinstellung durch Mikrometerschraube mit 0.01 mm Genauigkeit<\/li>\n<li>optionale Z-Achse Halter vermeidet Absenkung der Mikromanipulator (Drift) bei der Arbeit mit Lasten<\/li>\n<\/ul>\n<p>Eine optionale solide Grundplatte sorgt f\u00fcr einen stabilen Aufbau des Mikromanipulators und erm\u00f6glicht sicheren Kippen des gesamten Systems bis zu 90 \u00b0 &#8211; so k\u00f6nnen Sie es in jeder gew\u00fcnschten Position verwenden.<\/p>\n<p>Das manuelle Mikromanipulator kann f\u00fcr PreSens Nadel- (NTH) und implantierbare (IMP) Mikrosensoren ben\u00fctzt werden. Das System erm\u00f6glicht die Bewegung der Mikrosensoren vibrationsfrei in 3 Achsen.<\/p>\n<p>Sie k\u00f6nnen die Mikrosonden hier finden: <a href=\"https:\/\/sysmatec.ch\/German\/dD6_O2_CO2_Messung.html\">O2, CO2-Messung<\/a><\/p>\n<p>und hier: <a href=\"https:\/\/sysmatec.ch\/German\/dD5_pH_Redox_Konduktivitaet_Messung.html\">pH Messung<\/a><\/p>\n","protected":false},"excerpt":{"rendered":"<p>Manueller Mikromanipulator<\/p>\n","protected":false},"featured_media":32040,"template":"","meta":{"_crdt_document":""},"product_brand":[],"product_cat":[101],"product_tag":[],"class_list":{"0":"post-1979","1":"product","2":"type-product","3":"status-publish","4":"has-post-thumbnail","6":"product_cat-mikroskopie","8":"first","9":"instock","10":"taxable","11":"shipping-taxable","12":"product-type-simple"},"yoast_head":"<!-- This site is optimized with the Yoast SEO plugin v27.3 - https:\/\/yoast.com\/product\/yoast-seo-wordpress\/ -->\n<title>Manuelles Mikromanipulator MM33 - Sysmatec<\/title>\n<meta name=\"description\" content=\"Manueller Mikromanipulator zur sehr pr\u00e4zisen Positionierung von Instrumenten wie z. B. Spritzennadeln f\u00fcr die Mikroskopie.\" \/>\n<meta name=\"robots\" content=\"index, follow, max-snippet:-1, max-image-preview:large, max-video-preview:-1\" \/>\n<link rel=\"canonical\" href=\"https:\/\/sysmatec.ch\/de\/Produkt\/manuelles-mikromanipulator-mm33\/\" \/>\n<meta property=\"og:locale\" content=\"de_DE\" \/>\n<meta property=\"og:type\" content=\"article\" \/>\n<meta property=\"og:title\" content=\"Manuelles Mikromanipulator MM33 - Sysmatec\" \/>\n<meta property=\"og:description\" content=\"Manueller Mikromanipulator zur sehr pr\u00e4zisen Positionierung von Instrumenten wie z. B. Spritzennadeln f\u00fcr die Mikroskopie.\" \/>\n<meta property=\"og:url\" content=\"https:\/\/sysmatec.ch\/de\/Produkt\/manuelles-mikromanipulator-mm33\/\" \/>\n<meta property=\"og:site_name\" content=\"Sysmatec\" \/>\n<meta property=\"article:modified_time\" content=\"2026-04-02T07:15:50+00:00\" \/>\n<meta property=\"og:image\" content=\"https:\/\/sysmatec.ch\/wp-content\/uploads\/2019\/01\/Micromanipulateur_MM33_2.jpg\" \/>\n\t<meta property=\"og:image:width\" content=\"614\" \/>\n\t<meta property=\"og:image:height\" content=\"563\" \/>\n\t<meta property=\"og:image:type\" content=\"image\/jpeg\" \/>\n<meta name=\"twitter:card\" content=\"summary_large_image\" \/>\n<meta name=\"twitter:label1\" content=\"Gesch\u00e4tzte Lesezeit\" \/>\n\t<meta name=\"twitter:data1\" content=\"1\u00a0Minute\" \/>\n<script type=\"application\/ld+json\" class=\"yoast-schema-graph\">{\"@context\":\"https:\\\/\\\/schema.org\",\"@graph\":[{\"@type\":\"WebPage\",\"@id\":\"https:\\\/\\\/sysmatec.ch\\\/de\\\/Produkt\\\/manuelles-mikromanipulator-mm33\\\/\",\"url\":\"https:\\\/\\\/sysmatec.ch\\\/de\\\/Produkt\\\/manuelles-mikromanipulator-mm33\\\/\",\"name\":\"Manuelles Mikromanipulator MM33 - Sysmatec\",\"isPartOf\":{\"@id\":\"https:\\\/\\\/sysmatec.ch\\\/de\\\/#website\"},\"primaryImageOfPage\":{\"@id\":\"https:\\\/\\\/sysmatec.ch\\\/de\\\/Produkt\\\/manuelles-mikromanipulator-mm33\\\/#primaryimage\"},\"image\":{\"@id\":\"https:\\\/\\\/sysmatec.ch\\\/de\\\/Produkt\\\/manuelles-mikromanipulator-mm33\\\/#primaryimage\"},\"thumbnailUrl\":\"https:\\\/\\\/sysmatec.ch\\\/wp-content\\\/uploads\\\/2019\\\/01\\\/Micromanipulateur_MM33_2.jpg\",\"datePublished\":\"2019-01-20T16:40:35+00:00\",\"dateModified\":\"2026-04-02T07:15:50+00:00\",\"description\":\"Manueller Mikromanipulator zur sehr pr\u00e4zisen Positionierung von Instrumenten wie z. B. Spritzennadeln f\u00fcr die Mikroskopie.\",\"breadcrumb\":{\"@id\":\"https:\\\/\\\/sysmatec.ch\\\/de\\\/Produkt\\\/manuelles-mikromanipulator-mm33\\\/#breadcrumb\"},\"inLanguage\":\"de\",\"potentialAction\":[{\"@type\":\"ReadAction\",\"target\":[\"https:\\\/\\\/sysmatec.ch\\\/de\\\/Produkt\\\/manuelles-mikromanipulator-mm33\\\/\"]}]},{\"@type\":\"ImageObject\",\"inLanguage\":\"de\",\"@id\":\"https:\\\/\\\/sysmatec.ch\\\/de\\\/Produkt\\\/manuelles-mikromanipulator-mm33\\\/#primaryimage\",\"url\":\"https:\\\/\\\/sysmatec.ch\\\/wp-content\\\/uploads\\\/2019\\\/01\\\/Micromanipulateur_MM33_2.jpg\",\"contentUrl\":\"https:\\\/\\\/sysmatec.ch\\\/wp-content\\\/uploads\\\/2019\\\/01\\\/Micromanipulateur_MM33_2.jpg\",\"width\":614,\"height\":563},{\"@type\":\"BreadcrumbList\",\"@id\":\"https:\\\/\\\/sysmatec.ch\\\/de\\\/Produkt\\\/manuelles-mikromanipulator-mm33\\\/#breadcrumb\",\"itemListElement\":[{\"@type\":\"ListItem\",\"position\":1,\"name\":\"Accueil\",\"item\":\"https:\\\/\\\/sysmatec.ch\\\/de\\\/\"},{\"@type\":\"ListItem\",\"position\":2,\"name\":\"Die Aktivit\u00e4t von Sysmatec\",\"item\":\"https:\\\/\\\/sysmatec.ch\\\/de\\\/\"},{\"@type\":\"ListItem\",\"position\":3,\"name\":\"Manuelles Mikromanipulator MM33\"}]},{\"@type\":\"WebSite\",\"@id\":\"https:\\\/\\\/sysmatec.ch\\\/de\\\/#website\",\"url\":\"https:\\\/\\\/sysmatec.ch\\\/de\\\/\",\"name\":\"Sysmatec\",\"description\":\"Equipement de laboratoire et logiciels\",\"publisher\":{\"@id\":\"https:\\\/\\\/sysmatec.ch\\\/de\\\/#organization\"},\"potentialAction\":[{\"@type\":\"SearchAction\",\"target\":{\"@type\":\"EntryPoint\",\"urlTemplate\":\"https:\\\/\\\/sysmatec.ch\\\/de\\\/?s={search_term_string}\"},\"query-input\":{\"@type\":\"PropertyValueSpecification\",\"valueRequired\":true,\"valueName\":\"search_term_string\"}}],\"inLanguage\":\"de\"},{\"@type\":\"Organization\",\"@id\":\"https:\\\/\\\/sysmatec.ch\\\/de\\\/#organization\",\"name\":\"Sysmatec\",\"url\":\"https:\\\/\\\/sysmatec.ch\\\/de\\\/\",\"logo\":{\"@type\":\"ImageObject\",\"inLanguage\":\"de\",\"@id\":\"https:\\\/\\\/sysmatec.ch\\\/de\\\/#\\\/schema\\\/logo\\\/image\\\/\",\"url\":\"https:\\\/\\\/sysmatec.ch\\\/wp-content\\\/uploads\\\/2018\\\/11\\\/LogoSysmatec.jpg\",\"contentUrl\":\"https:\\\/\\\/sysmatec.ch\\\/wp-content\\\/uploads\\\/2018\\\/11\\\/LogoSysmatec.jpg\",\"width\":301,\"height\":297,\"caption\":\"Sysmatec\"},\"image\":{\"@id\":\"https:\\\/\\\/sysmatec.ch\\\/de\\\/#\\\/schema\\\/logo\\\/image\\\/\"}}]}<\/script>\n<!-- \/ Yoast SEO plugin. -->","yoast_head_json":{"title":"Manuelles Mikromanipulator MM33 - Sysmatec","description":"Manueller Mikromanipulator zur sehr pr\u00e4zisen Positionierung von Instrumenten wie z. B. Spritzennadeln f\u00fcr die Mikroskopie.","robots":{"index":"index","follow":"follow","max-snippet":"max-snippet:-1","max-image-preview":"max-image-preview:large","max-video-preview":"max-video-preview:-1"},"canonical":"https:\/\/sysmatec.ch\/de\/Produkt\/manuelles-mikromanipulator-mm33\/","og_locale":"de_DE","og_type":"article","og_title":"Manuelles Mikromanipulator MM33 - Sysmatec","og_description":"Manueller Mikromanipulator zur sehr pr\u00e4zisen Positionierung von Instrumenten wie z. B. Spritzennadeln f\u00fcr die Mikroskopie.","og_url":"https:\/\/sysmatec.ch\/de\/Produkt\/manuelles-mikromanipulator-mm33\/","og_site_name":"Sysmatec","article_modified_time":"2026-04-02T07:15:50+00:00","og_image":[{"width":614,"height":563,"url":"https:\/\/sysmatec.ch\/wp-content\/uploads\/2019\/01\/Micromanipulateur_MM33_2.jpg","type":"image\/jpeg"}],"twitter_card":"summary_large_image","twitter_misc":{"Gesch\u00e4tzte Lesezeit":"1\u00a0Minute"},"schema":{"@context":"https:\/\/schema.org","@graph":[{"@type":"WebPage","@id":"https:\/\/sysmatec.ch\/de\/Produkt\/manuelles-mikromanipulator-mm33\/","url":"https:\/\/sysmatec.ch\/de\/Produkt\/manuelles-mikromanipulator-mm33\/","name":"Manuelles Mikromanipulator MM33 - Sysmatec","isPartOf":{"@id":"https:\/\/sysmatec.ch\/de\/#website"},"primaryImageOfPage":{"@id":"https:\/\/sysmatec.ch\/de\/Produkt\/manuelles-mikromanipulator-mm33\/#primaryimage"},"image":{"@id":"https:\/\/sysmatec.ch\/de\/Produkt\/manuelles-mikromanipulator-mm33\/#primaryimage"},"thumbnailUrl":"https:\/\/sysmatec.ch\/wp-content\/uploads\/2019\/01\/Micromanipulateur_MM33_2.jpg","datePublished":"2019-01-20T16:40:35+00:00","dateModified":"2026-04-02T07:15:50+00:00","description":"Manueller Mikromanipulator zur sehr pr\u00e4zisen Positionierung von Instrumenten wie z. B. Spritzennadeln f\u00fcr die Mikroskopie.","breadcrumb":{"@id":"https:\/\/sysmatec.ch\/de\/Produkt\/manuelles-mikromanipulator-mm33\/#breadcrumb"},"inLanguage":"de","potentialAction":[{"@type":"ReadAction","target":["https:\/\/sysmatec.ch\/de\/Produkt\/manuelles-mikromanipulator-mm33\/"]}]},{"@type":"ImageObject","inLanguage":"de","@id":"https:\/\/sysmatec.ch\/de\/Produkt\/manuelles-mikromanipulator-mm33\/#primaryimage","url":"https:\/\/sysmatec.ch\/wp-content\/uploads\/2019\/01\/Micromanipulateur_MM33_2.jpg","contentUrl":"https:\/\/sysmatec.ch\/wp-content\/uploads\/2019\/01\/Micromanipulateur_MM33_2.jpg","width":614,"height":563},{"@type":"BreadcrumbList","@id":"https:\/\/sysmatec.ch\/de\/Produkt\/manuelles-mikromanipulator-mm33\/#breadcrumb","itemListElement":[{"@type":"ListItem","position":1,"name":"Accueil","item":"https:\/\/sysmatec.ch\/de\/"},{"@type":"ListItem","position":2,"name":"Die Aktivit\u00e4t von Sysmatec","item":"https:\/\/sysmatec.ch\/de\/"},{"@type":"ListItem","position":3,"name":"Manuelles Mikromanipulator MM33"}]},{"@type":"WebSite","@id":"https:\/\/sysmatec.ch\/de\/#website","url":"https:\/\/sysmatec.ch\/de\/","name":"Sysmatec","description":"Equipement de laboratoire et logiciels","publisher":{"@id":"https:\/\/sysmatec.ch\/de\/#organization"},"potentialAction":[{"@type":"SearchAction","target":{"@type":"EntryPoint","urlTemplate":"https:\/\/sysmatec.ch\/de\/?s={search_term_string}"},"query-input":{"@type":"PropertyValueSpecification","valueRequired":true,"valueName":"search_term_string"}}],"inLanguage":"de"},{"@type":"Organization","@id":"https:\/\/sysmatec.ch\/de\/#organization","name":"Sysmatec","url":"https:\/\/sysmatec.ch\/de\/","logo":{"@type":"ImageObject","inLanguage":"de","@id":"https:\/\/sysmatec.ch\/de\/#\/schema\/logo\/image\/","url":"https:\/\/sysmatec.ch\/wp-content\/uploads\/2018\/11\/LogoSysmatec.jpg","contentUrl":"https:\/\/sysmatec.ch\/wp-content\/uploads\/2018\/11\/LogoSysmatec.jpg","width":301,"height":297,"caption":"Sysmatec"},"image":{"@id":"https:\/\/sysmatec.ch\/de\/#\/schema\/logo\/image\/"}}]}},"_links":{"self":[{"href":"https:\/\/sysmatec.ch\/de\/wp-json\/wp\/v2\/product\/1979","targetHints":{"allow":["GET"]}}],"collection":[{"href":"https:\/\/sysmatec.ch\/de\/wp-json\/wp\/v2\/product"}],"about":[{"href":"https:\/\/sysmatec.ch\/de\/wp-json\/wp\/v2\/types\/product"}],"wp:featuredmedia":[{"embeddable":true,"href":"https:\/\/sysmatec.ch\/de\/wp-json\/wp\/v2\/media\/32040"}],"wp:attachment":[{"href":"https:\/\/sysmatec.ch\/de\/wp-json\/wp\/v2\/media?parent=1979"}],"wp:term":[{"taxonomy":"product_brand","embeddable":true,"href":"https:\/\/sysmatec.ch\/de\/wp-json\/wp\/v2\/product_brand?post=1979"},{"taxonomy":"product_cat","embeddable":true,"href":"https:\/\/sysmatec.ch\/de\/wp-json\/wp\/v2\/product_cat?post=1979"},{"taxonomy":"product_tag","embeddable":true,"href":"https:\/\/sysmatec.ch\/de\/wp-json\/wp\/v2\/product_tag?post=1979"}],"curies":[{"name":"wp","href":"https:\/\/api.w.org\/{rel}","templated":true}]}}