{"id":1967,"date":"2019-01-02T18:37:31","date_gmt":"2019-01-02T17:37:31","guid":{"rendered":"https:\/\/sysmatec.ch\/produit\/agitateur-4-pales-autoaspirant-c488\/"},"modified":"2022-03-12T19:02:23","modified_gmt":"2022-03-12T18:02:23","slug":"begasungsruehrer-ptfe","status":"publish","type":"product","link":"https:\/\/sysmatec.ch\/de\/Produkt\/begasungsruehrer-ptfe\/","title":{"rendered":"Begasungsr\u00fchrer, PTFE"},"content":{"rendered":"<p>Mit PTFE \u00fcberzogene Edelstahlwelle, scheibenf\u00f6rmiges R\u00fchrblatt mit vier R\u00fchrfl\u00fcgeln komplett aus PTFE. Bei Rechtsdrehung der R\u00fchrwelle entsteht hinter den R\u00fchrfl\u00fcgeln ein Vakuum. Hierdurch wird das Gas vom Gasraum durch die Hohlwelle in das Medium bef\u00f6rdert. Abh\u00e4ngig vom Fl\u00fcssigkeitsstand und der Eintauchtiefe werden unterschiedliche Drehzahlen ben\u00f6tigt z. B. 430 U\/min bei 150 mm.<\/p>\n<table border=\"1\" width=\"621\" cellspacing=\"2\" cellpadding=\"0\">\n<tbody>\n<tr>\n<td>Referenz<\/td>\n<td width=\"80\">L\u00e4nge (mm)<\/td>\n<td width=\"151\">Welle Durchmesser (mm)<\/td>\n<td width=\"149\">Spann Durchmesser (mm)<\/td>\n<td>Ma\u00dfe. A, B, C, D (mm)<\/td>\n<\/tr>\n<tr>\n<td>C 488-08<\/td>\n<td width=\"80\">484<\/td>\n<td width=\"151\">10<\/td>\n<td width=\"149\">8<\/td>\n<td>72 &#8211; 128 &#8211; 20-187<\/td>\n<\/tr>\n<tr>\n<td>C 488-14<\/td>\n<td width=\"80\">559<\/td>\n<td width=\"151\">10<\/td>\n<td width=\"149\">8<\/td>\n<td>72 &#8211; 128 &#8211; 20-272<\/td>\n<\/tr>\n<tr>\n<td>C 388-20<\/td>\n<td width=\"80\">657<\/td>\n<td width=\"151\">10<\/td>\n<td width=\"149\">8<\/td>\n<td>72 &#8211; 128 &#8211; 20-387<\/td>\n<\/tr>\n<\/tbody>\n<\/table>\n","protected":false},"excerpt":{"rendered":"<p>Selbstsaugend Begasungsr\u00fchrer.<\/p>\n","protected":false},"featured_media":1059,"template":"","meta":{"_crdt_document":""},"product_brand":[],"product_cat":[87,84],"product_tag":[],"class_list":{"0":"post-1967","1":"product","2":"type-product","3":"status-publish","4":"has-post-thumbnail","6":"product_cat-ruehren","7":"product_cat-zubehoer","9":"first","10":"instock","11":"taxable","12":"shipping-taxable","13":"purchasable","14":"product-type-variable"},"yoast_head":"<!-- This site is optimized with the Yoast SEO plugin v27.3 - https:\/\/yoast.com\/product\/yoast-seo-wordpress\/ -->\n<title>Begasungsr\u00fchrer, PTFE - Sysmatec<\/title>\n<meta name=\"description\" content=\"Selbstansaugendes 4-Blatt-R\u00fchrwerk. Die Rotation bewirkt das Ansaugen des Gases in einem Teil der Achse am Kopf des Reaktors. Erh\u00e4ltlich in verschiedenen L\u00e4ngen.\" \/>\n<meta name=\"robots\" content=\"index, follow, max-snippet:-1, max-image-preview:large, max-video-preview:-1\" \/>\n<link rel=\"canonical\" href=\"https:\/\/sysmatec.ch\/de\/produit\/begasungsruehrer-ptfe\/\" \/>\n<meta property=\"og:locale\" content=\"de_DE\" \/>\n<meta property=\"og:type\" content=\"article\" \/>\n<meta property=\"og:title\" content=\"Begasungsr\u00fchrer, PTFE - Sysmatec\" \/>\n<meta property=\"og:description\" content=\"Selbstansaugendes 4-Blatt-R\u00fchrwerk. Die Rotation bewirkt das Ansaugen des Gases in einem Teil der Achse am Kopf des Reaktors. Erh\u00e4ltlich in verschiedenen L\u00e4ngen.\" \/>\n<meta property=\"og:url\" content=\"https:\/\/sysmatec.ch\/de\/produit\/begasungsruehrer-ptfe\/\" \/>\n<meta property=\"og:site_name\" content=\"Sysmatec\" \/>\n<meta property=\"article:modified_time\" content=\"2022-03-12T18:02:23+00:00\" \/>\n<meta property=\"og:image\" content=\"https:\/\/sysmatec.ch\/wp-content\/uploads\/2019\/01\/AgitateurAspirant1_BolaC488.jpg\" \/>\n\t<meta property=\"og:image:width\" content=\"166\" \/>\n\t<meta property=\"og:image:height\" content=\"172\" \/>\n\t<meta property=\"og:image:type\" content=\"image\/jpeg\" \/>\n<meta name=\"twitter:card\" content=\"summary_large_image\" \/>\n<script type=\"application\/ld+json\" class=\"yoast-schema-graph\">{\"@context\":\"https:\\\/\\\/schema.org\",\"@graph\":[{\"@type\":\"WebPage\",\"@id\":\"https:\\\/\\\/sysmatec.ch\\\/de\\\/produit\\\/begasungsruehrer-ptfe\\\/\",\"url\":\"https:\\\/\\\/sysmatec.ch\\\/de\\\/produit\\\/begasungsruehrer-ptfe\\\/\",\"name\":\"Begasungsr\u00fchrer, PTFE - Sysmatec\",\"isPartOf\":{\"@id\":\"https:\\\/\\\/sysmatec.ch\\\/de\\\/#website\"},\"primaryImageOfPage\":{\"@id\":\"https:\\\/\\\/sysmatec.ch\\\/de\\\/produit\\\/begasungsruehrer-ptfe\\\/#primaryimage\"},\"image\":{\"@id\":\"https:\\\/\\\/sysmatec.ch\\\/de\\\/produit\\\/begasungsruehrer-ptfe\\\/#primaryimage\"},\"thumbnailUrl\":\"https:\\\/\\\/sysmatec.ch\\\/wp-content\\\/uploads\\\/2019\\\/01\\\/AgitateurAspirant1_BolaC488.jpg\",\"datePublished\":\"2019-01-02T17:37:31+00:00\",\"dateModified\":\"2022-03-12T18:02:23+00:00\",\"description\":\"Selbstansaugendes 4-Blatt-R\u00fchrwerk. Die Rotation bewirkt das Ansaugen des Gases in einem Teil der Achse am Kopf des Reaktors. Erh\u00e4ltlich in verschiedenen L\u00e4ngen.\",\"breadcrumb\":{\"@id\":\"https:\\\/\\\/sysmatec.ch\\\/de\\\/produit\\\/begasungsruehrer-ptfe\\\/#breadcrumb\"},\"inLanguage\":\"de\",\"potentialAction\":[{\"@type\":\"ReadAction\",\"target\":[\"https:\\\/\\\/sysmatec.ch\\\/de\\\/produit\\\/begasungsruehrer-ptfe\\\/\"]}]},{\"@type\":\"ImageObject\",\"inLanguage\":\"de\",\"@id\":\"https:\\\/\\\/sysmatec.ch\\\/de\\\/produit\\\/begasungsruehrer-ptfe\\\/#primaryimage\",\"url\":\"https:\\\/\\\/sysmatec.ch\\\/wp-content\\\/uploads\\\/2019\\\/01\\\/AgitateurAspirant1_BolaC488.jpg\",\"contentUrl\":\"https:\\\/\\\/sysmatec.ch\\\/wp-content\\\/uploads\\\/2019\\\/01\\\/AgitateurAspirant1_BolaC488.jpg\",\"width\":166,\"height\":172},{\"@type\":\"BreadcrumbList\",\"@id\":\"https:\\\/\\\/sysmatec.ch\\\/de\\\/produit\\\/begasungsruehrer-ptfe\\\/#breadcrumb\",\"itemListElement\":[{\"@type\":\"ListItem\",\"position\":1,\"name\":\"Accueil\",\"item\":\"https:\\\/\\\/sysmatec.ch\\\/de\\\/\"},{\"@type\":\"ListItem\",\"position\":2,\"name\":\"Die Aktivit\u00e4t von Sysmatec\",\"item\":\"https:\\\/\\\/sysmatec.ch\\\/de\\\/\"},{\"@type\":\"ListItem\",\"position\":3,\"name\":\"Begasungsr\u00fchrer, PTFE\"}]},{\"@type\":\"WebSite\",\"@id\":\"https:\\\/\\\/sysmatec.ch\\\/de\\\/#website\",\"url\":\"https:\\\/\\\/sysmatec.ch\\\/de\\\/\",\"name\":\"Sysmatec\",\"description\":\"Equipement de laboratoire et logiciels\",\"publisher\":{\"@id\":\"https:\\\/\\\/sysmatec.ch\\\/de\\\/#organization\"},\"potentialAction\":[{\"@type\":\"SearchAction\",\"target\":{\"@type\":\"EntryPoint\",\"urlTemplate\":\"https:\\\/\\\/sysmatec.ch\\\/de\\\/?s={search_term_string}\"},\"query-input\":{\"@type\":\"PropertyValueSpecification\",\"valueRequired\":true,\"valueName\":\"search_term_string\"}}],\"inLanguage\":\"de\"},{\"@type\":\"Organization\",\"@id\":\"https:\\\/\\\/sysmatec.ch\\\/de\\\/#organization\",\"name\":\"Sysmatec\",\"url\":\"https:\\\/\\\/sysmatec.ch\\\/de\\\/\",\"logo\":{\"@type\":\"ImageObject\",\"inLanguage\":\"de\",\"@id\":\"https:\\\/\\\/sysmatec.ch\\\/de\\\/#\\\/schema\\\/logo\\\/image\\\/\",\"url\":\"https:\\\/\\\/sysmatec.ch\\\/wp-content\\\/uploads\\\/2018\\\/11\\\/LogoSysmatec.jpg\",\"contentUrl\":\"https:\\\/\\\/sysmatec.ch\\\/wp-content\\\/uploads\\\/2018\\\/11\\\/LogoSysmatec.jpg\",\"width\":301,\"height\":297,\"caption\":\"Sysmatec\"},\"image\":{\"@id\":\"https:\\\/\\\/sysmatec.ch\\\/de\\\/#\\\/schema\\\/logo\\\/image\\\/\"}}]}<\/script>\n<!-- \/ Yoast SEO plugin. -->","yoast_head_json":{"title":"Begasungsr\u00fchrer, PTFE - Sysmatec","description":"Selbstansaugendes 4-Blatt-R\u00fchrwerk. Die Rotation bewirkt das Ansaugen des Gases in einem Teil der Achse am Kopf des Reaktors. Erh\u00e4ltlich in verschiedenen L\u00e4ngen.","robots":{"index":"index","follow":"follow","max-snippet":"max-snippet:-1","max-image-preview":"max-image-preview:large","max-video-preview":"max-video-preview:-1"},"canonical":"https:\/\/sysmatec.ch\/de\/produit\/begasungsruehrer-ptfe\/","og_locale":"de_DE","og_type":"article","og_title":"Begasungsr\u00fchrer, PTFE - Sysmatec","og_description":"Selbstansaugendes 4-Blatt-R\u00fchrwerk. Die Rotation bewirkt das Ansaugen des Gases in einem Teil der Achse am Kopf des Reaktors. Erh\u00e4ltlich in verschiedenen L\u00e4ngen.","og_url":"https:\/\/sysmatec.ch\/de\/produit\/begasungsruehrer-ptfe\/","og_site_name":"Sysmatec","article_modified_time":"2022-03-12T18:02:23+00:00","og_image":[{"width":166,"height":172,"url":"https:\/\/sysmatec.ch\/wp-content\/uploads\/2019\/01\/AgitateurAspirant1_BolaC488.jpg","type":"image\/jpeg"}],"twitter_card":"summary_large_image","schema":{"@context":"https:\/\/schema.org","@graph":[{"@type":"WebPage","@id":"https:\/\/sysmatec.ch\/de\/produit\/begasungsruehrer-ptfe\/","url":"https:\/\/sysmatec.ch\/de\/produit\/begasungsruehrer-ptfe\/","name":"Begasungsr\u00fchrer, PTFE - Sysmatec","isPartOf":{"@id":"https:\/\/sysmatec.ch\/de\/#website"},"primaryImageOfPage":{"@id":"https:\/\/sysmatec.ch\/de\/produit\/begasungsruehrer-ptfe\/#primaryimage"},"image":{"@id":"https:\/\/sysmatec.ch\/de\/produit\/begasungsruehrer-ptfe\/#primaryimage"},"thumbnailUrl":"https:\/\/sysmatec.ch\/wp-content\/uploads\/2019\/01\/AgitateurAspirant1_BolaC488.jpg","datePublished":"2019-01-02T17:37:31+00:00","dateModified":"2022-03-12T18:02:23+00:00","description":"Selbstansaugendes 4-Blatt-R\u00fchrwerk. Die Rotation bewirkt das Ansaugen des Gases in einem Teil der Achse am Kopf des Reaktors. Erh\u00e4ltlich in verschiedenen L\u00e4ngen.","breadcrumb":{"@id":"https:\/\/sysmatec.ch\/de\/produit\/begasungsruehrer-ptfe\/#breadcrumb"},"inLanguage":"de","potentialAction":[{"@type":"ReadAction","target":["https:\/\/sysmatec.ch\/de\/produit\/begasungsruehrer-ptfe\/"]}]},{"@type":"ImageObject","inLanguage":"de","@id":"https:\/\/sysmatec.ch\/de\/produit\/begasungsruehrer-ptfe\/#primaryimage","url":"https:\/\/sysmatec.ch\/wp-content\/uploads\/2019\/01\/AgitateurAspirant1_BolaC488.jpg","contentUrl":"https:\/\/sysmatec.ch\/wp-content\/uploads\/2019\/01\/AgitateurAspirant1_BolaC488.jpg","width":166,"height":172},{"@type":"BreadcrumbList","@id":"https:\/\/sysmatec.ch\/de\/produit\/begasungsruehrer-ptfe\/#breadcrumb","itemListElement":[{"@type":"ListItem","position":1,"name":"Accueil","item":"https:\/\/sysmatec.ch\/de\/"},{"@type":"ListItem","position":2,"name":"Die Aktivit\u00e4t von Sysmatec","item":"https:\/\/sysmatec.ch\/de\/"},{"@type":"ListItem","position":3,"name":"Begasungsr\u00fchrer, PTFE"}]},{"@type":"WebSite","@id":"https:\/\/sysmatec.ch\/de\/#website","url":"https:\/\/sysmatec.ch\/de\/","name":"Sysmatec","description":"Equipement de laboratoire et logiciels","publisher":{"@id":"https:\/\/sysmatec.ch\/de\/#organization"},"potentialAction":[{"@type":"SearchAction","target":{"@type":"EntryPoint","urlTemplate":"https:\/\/sysmatec.ch\/de\/?s={search_term_string}"},"query-input":{"@type":"PropertyValueSpecification","valueRequired":true,"valueName":"search_term_string"}}],"inLanguage":"de"},{"@type":"Organization","@id":"https:\/\/sysmatec.ch\/de\/#organization","name":"Sysmatec","url":"https:\/\/sysmatec.ch\/de\/","logo":{"@type":"ImageObject","inLanguage":"de","@id":"https:\/\/sysmatec.ch\/de\/#\/schema\/logo\/image\/","url":"https:\/\/sysmatec.ch\/wp-content\/uploads\/2018\/11\/LogoSysmatec.jpg","contentUrl":"https:\/\/sysmatec.ch\/wp-content\/uploads\/2018\/11\/LogoSysmatec.jpg","width":301,"height":297,"caption":"Sysmatec"},"image":{"@id":"https:\/\/sysmatec.ch\/de\/#\/schema\/logo\/image\/"}}]}},"_links":{"self":[{"href":"https:\/\/sysmatec.ch\/de\/wp-json\/wp\/v2\/product\/1967","targetHints":{"allow":["GET"]}}],"collection":[{"href":"https:\/\/sysmatec.ch\/de\/wp-json\/wp\/v2\/product"}],"about":[{"href":"https:\/\/sysmatec.ch\/de\/wp-json\/wp\/v2\/types\/product"}],"wp:featuredmedia":[{"embeddable":true,"href":"https:\/\/sysmatec.ch\/de\/wp-json\/wp\/v2\/media\/1059"}],"wp:attachment":[{"href":"https:\/\/sysmatec.ch\/de\/wp-json\/wp\/v2\/media?parent=1967"}],"wp:term":[{"taxonomy":"product_brand","embeddable":true,"href":"https:\/\/sysmatec.ch\/de\/wp-json\/wp\/v2\/product_brand?post=1967"},{"taxonomy":"product_cat","embeddable":true,"href":"https:\/\/sysmatec.ch\/de\/wp-json\/wp\/v2\/product_cat?post=1967"},{"taxonomy":"product_tag","embeddable":true,"href":"https:\/\/sysmatec.ch\/de\/wp-json\/wp\/v2\/product_tag?post=1967"}],"curies":[{"name":"wp","href":"https:\/\/api.w.org\/{rel}","templated":true}]}}