{"id":17735,"date":"2020-02-24T11:15:12","date_gmt":"2020-02-24T10:15:12","guid":{"rendered":"https:\/\/sysmatec.ch\/?post_type=product&#038;p=17735"},"modified":"2025-02-11T09:55:33","modified_gmt":"2025-02-11T08:55:33","slug":"lled-temperatur-und-luftfeuchtigkeitsanzeige-he2xx","status":"publish","type":"product","link":"https:\/\/sysmatec.ch\/de\/Produkt\/lled-temperatur-und-luftfeuchtigkeitsanzeige-he2xx\/","title":{"rendered":"LLED-Temperatur- und Luftfeuchtigkeitsanzeige HE2XX"},"content":{"rendered":"<div data-v-067ef8e4=\"\">Diese gro\u00dfen Displays k\u00f6nnen Temperatur und Luftfeuchtigkeit anzeigen. Je nach Modell variiert die Gr\u00f6\u00dfe der Zeichen zwischen 4,5 und 12,5 cm. Es ist ideal f\u00fcr die \u00dcberwachung von Umweltfaktoren in Werkst\u00e4tten, Lagern, Arbeitsr\u00e4umen, K\u00fchlr\u00e4umen, Reinr\u00e4umen, B\u00fcros und Kommunikationsmaschinenr\u00e4umen.<\/div>\n<div data-v-067ef8e4=\"\"><\/div>\n<h2>Merkmale<\/h2>\n<ul data-v-067ef8e4=\"\">\n<li data-v-067ef8e4=\"\">Gro\u00dfe Sichtweite von 15 bis 75 m.<\/li>\n<li data-v-067ef8e4=\"\">Sensoren mit hoher Genauigkeit und Stabilit\u00e4t.<\/li>\n<li data-v-067ef8e4=\"\">M\u00f6glichkeit zur gleichzeitigen Anzeige von Jahr, Monat, Tag und Temperatur.<\/li>\n<li data-v-067ef8e4=\"\">Die Abweichung kann \u00fcber Tasten kalibriert werden<\/li>\n<li data-v-067ef8e4=\"\">Speicher f\u00fcr 43.000 Messwerte.<\/li>\n<li data-v-067ef8e4=\"\">Kommunikationsschnittstelle optional: USB\/RJ45 zum Anschluss an einen Computer, mit optionaler Tomonitor-Software<\/li>\n<li data-v-067ef8e4=\"\">Optionales Zubeh\u00f6r: externer Ton- und Lichtalarm<\/li>\n<\/ul>\n<h2>Versionen<\/h2>\n<ul>\n<li>HE218A-TH, HE230A-TH, HE250A-TH, HE218B-TH: mit internem Temperatur- und Feuchtigkeitssensor<\/li>\n<li>HE218A-EX, HE230A-EX, HE250A-TH, HE218B-EX: mit externem Temperatur- und Feuchtigkeitssensor<\/li>\n<li>HE230-EPT: nur mit externem Temperatursensor<\/li>\n<li>HE218B-EX, HE218B-TH: Temperatur, Luftfeuchtigkeit, Datum und Uhrzeit<\/li>\n<\/ul>\n<table width=\"683\">\n<tbody>\n<tr>\n<td width=\"178\">Modell<\/td>\n<td width=\"109\">HE218A-TH<br \/>\nHE218A-EX<\/td>\n<td width=\"104\">HE230A-TH<br \/>\nHE230A-EX<\/td>\n<td width=\"101\">HE250A-TH<br \/>\nHE250A-EX<\/td>\n<td width=\"95\">HE218B-TH<br \/>\nHE218B-EX<\/td>\n<td width=\"96\">HE230-EPT<\/td>\n<\/tr>\n<tr>\n<td>Character size (cm)<\/td>\n<td>2.5<\/td>\n<td>7.5<\/td>\n<td>12.5<\/td>\n<td>2.5<\/td>\n<td>7.5<\/td>\n<\/tr>\n<tr>\n<td>Sensottyp<\/td>\n<td colspan=\"4\">intern (TH) oder extern (EX)<\/td>\n<td>extern<\/td>\n<\/tr>\n<tr>\n<td>Temperatur Bereich (\u00b0C)<\/td>\n<td>-40 bis 85 \u00b0C<\/td>\n<td>-40 bis 85 \u00b0C<\/td>\n<td>-40 bis 85 \u00b0C<\/td>\n<td>-40 bis 85 \u00b0C<\/td>\n<td>-100 bis 150 \u00b0C<\/td>\n<\/tr>\n<tr>\n<td>Temperatur Geanuigkeit (\u00b0C)<\/td>\n<td colspan=\"5\">\u00b10.5\u00b0C (-20\u00b0C bis 70\u00b0C), aussen \u00b11\u00b0C<\/td>\n<\/tr>\n<tr>\n<td>Temperatur Aufl\u00f6sung (\u00b0C)<\/td>\n<td colspan=\"5\">0.1<\/td>\n<\/tr>\n<tr>\n<td>Feuchte Bereich (%RH)<\/td>\n<td colspan=\"4\">0-100<\/td>\n<td><\/td>\n<\/tr>\n<tr>\n<td>Feuchte Geanuigkeit (%RH)<\/td>\n<td colspan=\"5\">+\/- 5<\/td>\n<\/tr>\n<tr>\n<td>Feuchte Aufl\u00f6sung (%RH)<\/td>\n<td colspan=\"5\">0.1<\/td>\n<\/tr>\n<tr>\n<td>Gewicht (kg)<\/td>\n<td>2<\/td>\n<td>2<\/td>\n<td>5<\/td>\n<td>5<\/td>\n<td>2<\/td>\n<\/tr>\n<tr>\n<td>Dimension (cm)<\/td>\n<td>38x24x4.5<\/td>\n<td>38x24x4.5<\/td>\n<td>60.1\u00d738.3\u00d75<\/td>\n<td>60.1\u00d738.3\u00d75<\/td>\n<td>38x24x4.5<\/td>\n<\/tr>\n<tr>\n<td>Packungdimension (cm)<\/td>\n<td>46\u00d731.5\u00d78.5<\/td>\n<td>46\u00d731.5\u00d78.5<\/td>\n<td>67x47x10<\/td>\n<td>67x47x10<\/td>\n<td>46\u00d731.5\u00d78.5<\/td>\n<\/tr>\n<\/tbody>\n<\/table>\n<p>&nbsp;<\/p>\n","protected":false},"excerpt":{"rendered":"<p>Digitale Anzeige f\u00fcr Temperatur und Luftfeuchtigkeit<\/p>\n","protected":false},"featured_media":29052,"template":"","meta":{"_crdt_document":""},"product_brand":[],"product_cat":[191,355],"product_tag":[],"class_list":{"0":"post-17735","1":"product","2":"type-product","3":"status-publish","4":"has-post-thumbnail","6":"product_cat-automation-de","7":"product_cat-digitale-anzeige","9":"first","10":"instock","11":"taxable","12":"shipping-taxable","13":"product-type-simple"},"yoast_head":"<!-- This site is optimized with the Yoast SEO plugin v27.4 - https:\/\/yoast.com\/product\/yoast-seo-wordpress\/ -->\n<title>LLED-Temperatur- und Luftfeuchtigkeitsanzeige HE2XX - Sysmatec<\/title>\n<meta name=\"description\" content=\"Gro\u00dfes Digitaldisplay, mit dem Sie Temperatur und Luftfeuchtigkeit mithilfe interner oder externer Sensoren anzeigen k\u00f6nnen.\" \/>\n<meta name=\"robots\" content=\"index, follow, max-snippet:-1, max-image-preview:large, max-video-preview:-1\" \/>\n<link rel=\"canonical\" href=\"https:\/\/sysmatec.ch\/de\/Produkt\/lled-temperatur-und-luftfeuchtigkeitsanzeige-he2xx\/\" \/>\n<meta property=\"og:locale\" content=\"de_DE\" \/>\n<meta property=\"og:type\" content=\"article\" \/>\n<meta property=\"og:title\" content=\"LLED-Temperatur- und Luftfeuchtigkeitsanzeige HE2XX - Sysmatec\" \/>\n<meta property=\"og:description\" content=\"Gro\u00dfes Digitaldisplay, mit dem Sie Temperatur und Luftfeuchtigkeit mithilfe interner oder externer Sensoren anzeigen k\u00f6nnen.\" \/>\n<meta property=\"og:url\" content=\"https:\/\/sysmatec.ch\/de\/Produkt\/lled-temperatur-und-luftfeuchtigkeitsanzeige-he2xx\/\" \/>\n<meta property=\"og:site_name\" content=\"Sysmatec\" \/>\n<meta property=\"article:modified_time\" content=\"2025-02-11T08:55:33+00:00\" \/>\n<meta property=\"og:image\" content=\"https:\/\/sysmatec.ch\/wp-content\/uploads\/2020\/02\/AfficheurTemperature_HuatoHE2XX_1.jpg\" \/>\n\t<meta property=\"og:image:width\" content=\"522\" \/>\n\t<meta property=\"og:image:height\" content=\"420\" \/>\n\t<meta property=\"og:image:type\" content=\"image\/jpeg\" \/>\n<meta name=\"twitter:card\" content=\"summary_large_image\" \/>\n<meta name=\"twitter:label1\" content=\"Gesch\u00e4tzte Lesezeit\" \/>\n\t<meta name=\"twitter:data1\" content=\"2\u00a0Minuten\" \/>\n<script type=\"application\/ld+json\" class=\"yoast-schema-graph\">{\"@context\":\"https:\\\/\\\/schema.org\",\"@graph\":[{\"@type\":\"WebPage\",\"@id\":\"https:\\\/\\\/sysmatec.ch\\\/de\\\/Produkt\\\/lled-temperatur-und-luftfeuchtigkeitsanzeige-he2xx\\\/\",\"url\":\"https:\\\/\\\/sysmatec.ch\\\/de\\\/Produkt\\\/lled-temperatur-und-luftfeuchtigkeitsanzeige-he2xx\\\/\",\"name\":\"LLED-Temperatur- und Luftfeuchtigkeitsanzeige HE2XX - Sysmatec\",\"isPartOf\":{\"@id\":\"https:\\\/\\\/sysmatec.ch\\\/de\\\/#website\"},\"primaryImageOfPage\":{\"@id\":\"https:\\\/\\\/sysmatec.ch\\\/de\\\/Produkt\\\/lled-temperatur-und-luftfeuchtigkeitsanzeige-he2xx\\\/#primaryimage\"},\"image\":{\"@id\":\"https:\\\/\\\/sysmatec.ch\\\/de\\\/Produkt\\\/lled-temperatur-und-luftfeuchtigkeitsanzeige-he2xx\\\/#primaryimage\"},\"thumbnailUrl\":\"https:\\\/\\\/sysmatec.ch\\\/wp-content\\\/uploads\\\/2020\\\/02\\\/AfficheurTemperature_HuatoHE2XX_1.jpg\",\"datePublished\":\"2020-02-24T10:15:12+00:00\",\"dateModified\":\"2025-02-11T08:55:33+00:00\",\"description\":\"Gro\u00dfes Digitaldisplay, mit dem Sie Temperatur und Luftfeuchtigkeit mithilfe interner oder externer Sensoren anzeigen k\u00f6nnen.\",\"breadcrumb\":{\"@id\":\"https:\\\/\\\/sysmatec.ch\\\/de\\\/Produkt\\\/lled-temperatur-und-luftfeuchtigkeitsanzeige-he2xx\\\/#breadcrumb\"},\"inLanguage\":\"de\",\"potentialAction\":[{\"@type\":\"ReadAction\",\"target\":[\"https:\\\/\\\/sysmatec.ch\\\/de\\\/Produkt\\\/lled-temperatur-und-luftfeuchtigkeitsanzeige-he2xx\\\/\"]}]},{\"@type\":\"ImageObject\",\"inLanguage\":\"de\",\"@id\":\"https:\\\/\\\/sysmatec.ch\\\/de\\\/Produkt\\\/lled-temperatur-und-luftfeuchtigkeitsanzeige-he2xx\\\/#primaryimage\",\"url\":\"https:\\\/\\\/sysmatec.ch\\\/wp-content\\\/uploads\\\/2020\\\/02\\\/AfficheurTemperature_HuatoHE2XX_1.jpg\",\"contentUrl\":\"https:\\\/\\\/sysmatec.ch\\\/wp-content\\\/uploads\\\/2020\\\/02\\\/AfficheurTemperature_HuatoHE2XX_1.jpg\",\"width\":522,\"height\":420},{\"@type\":\"BreadcrumbList\",\"@id\":\"https:\\\/\\\/sysmatec.ch\\\/de\\\/Produkt\\\/lled-temperatur-und-luftfeuchtigkeitsanzeige-he2xx\\\/#breadcrumb\",\"itemListElement\":[{\"@type\":\"ListItem\",\"position\":1,\"name\":\"Accueil\",\"item\":\"https:\\\/\\\/sysmatec.ch\\\/de\\\/\"},{\"@type\":\"ListItem\",\"position\":2,\"name\":\"Die Aktivit\u00e4t von Sysmatec\",\"item\":\"https:\\\/\\\/sysmatec.ch\\\/de\\\/\"},{\"@type\":\"ListItem\",\"position\":3,\"name\":\"LLED-Temperatur- und Luftfeuchtigkeitsanzeige HE2XX\"}]},{\"@type\":\"WebSite\",\"@id\":\"https:\\\/\\\/sysmatec.ch\\\/de\\\/#website\",\"url\":\"https:\\\/\\\/sysmatec.ch\\\/de\\\/\",\"name\":\"Sysmatec\",\"description\":\"Equipement de laboratoire et logiciels\",\"publisher\":{\"@id\":\"https:\\\/\\\/sysmatec.ch\\\/de\\\/#organization\"},\"potentialAction\":[{\"@type\":\"SearchAction\",\"target\":{\"@type\":\"EntryPoint\",\"urlTemplate\":\"https:\\\/\\\/sysmatec.ch\\\/de\\\/?s={search_term_string}\"},\"query-input\":{\"@type\":\"PropertyValueSpecification\",\"valueRequired\":true,\"valueName\":\"search_term_string\"}}],\"inLanguage\":\"de\"},{\"@type\":\"Organization\",\"@id\":\"https:\\\/\\\/sysmatec.ch\\\/de\\\/#organization\",\"name\":\"Sysmatec\",\"url\":\"https:\\\/\\\/sysmatec.ch\\\/de\\\/\",\"logo\":{\"@type\":\"ImageObject\",\"inLanguage\":\"de\",\"@id\":\"https:\\\/\\\/sysmatec.ch\\\/de\\\/#\\\/schema\\\/logo\\\/image\\\/\",\"url\":\"https:\\\/\\\/sysmatec.ch\\\/wp-content\\\/uploads\\\/2018\\\/11\\\/LogoSysmatec.jpg\",\"contentUrl\":\"https:\\\/\\\/sysmatec.ch\\\/wp-content\\\/uploads\\\/2018\\\/11\\\/LogoSysmatec.jpg\",\"width\":301,\"height\":297,\"caption\":\"Sysmatec\"},\"image\":{\"@id\":\"https:\\\/\\\/sysmatec.ch\\\/de\\\/#\\\/schema\\\/logo\\\/image\\\/\"}}]}<\/script>\n<!-- \/ Yoast SEO plugin. -->","yoast_head_json":{"title":"LLED-Temperatur- und Luftfeuchtigkeitsanzeige HE2XX - Sysmatec","description":"Gro\u00dfes Digitaldisplay, mit dem Sie Temperatur und Luftfeuchtigkeit mithilfe interner oder externer Sensoren anzeigen k\u00f6nnen.","robots":{"index":"index","follow":"follow","max-snippet":"max-snippet:-1","max-image-preview":"max-image-preview:large","max-video-preview":"max-video-preview:-1"},"canonical":"https:\/\/sysmatec.ch\/de\/Produkt\/lled-temperatur-und-luftfeuchtigkeitsanzeige-he2xx\/","og_locale":"de_DE","og_type":"article","og_title":"LLED-Temperatur- und Luftfeuchtigkeitsanzeige HE2XX - Sysmatec","og_description":"Gro\u00dfes Digitaldisplay, mit dem Sie Temperatur und Luftfeuchtigkeit mithilfe interner oder externer Sensoren anzeigen k\u00f6nnen.","og_url":"https:\/\/sysmatec.ch\/de\/Produkt\/lled-temperatur-und-luftfeuchtigkeitsanzeige-he2xx\/","og_site_name":"Sysmatec","article_modified_time":"2025-02-11T08:55:33+00:00","og_image":[{"width":522,"height":420,"url":"https:\/\/sysmatec.ch\/wp-content\/uploads\/2020\/02\/AfficheurTemperature_HuatoHE2XX_1.jpg","type":"image\/jpeg"}],"twitter_card":"summary_large_image","twitter_misc":{"Gesch\u00e4tzte Lesezeit":"2\u00a0Minuten"},"schema":{"@context":"https:\/\/schema.org","@graph":[{"@type":"WebPage","@id":"https:\/\/sysmatec.ch\/de\/Produkt\/lled-temperatur-und-luftfeuchtigkeitsanzeige-he2xx\/","url":"https:\/\/sysmatec.ch\/de\/Produkt\/lled-temperatur-und-luftfeuchtigkeitsanzeige-he2xx\/","name":"LLED-Temperatur- und Luftfeuchtigkeitsanzeige HE2XX - Sysmatec","isPartOf":{"@id":"https:\/\/sysmatec.ch\/de\/#website"},"primaryImageOfPage":{"@id":"https:\/\/sysmatec.ch\/de\/Produkt\/lled-temperatur-und-luftfeuchtigkeitsanzeige-he2xx\/#primaryimage"},"image":{"@id":"https:\/\/sysmatec.ch\/de\/Produkt\/lled-temperatur-und-luftfeuchtigkeitsanzeige-he2xx\/#primaryimage"},"thumbnailUrl":"https:\/\/sysmatec.ch\/wp-content\/uploads\/2020\/02\/AfficheurTemperature_HuatoHE2XX_1.jpg","datePublished":"2020-02-24T10:15:12+00:00","dateModified":"2025-02-11T08:55:33+00:00","description":"Gro\u00dfes Digitaldisplay, mit dem Sie Temperatur und Luftfeuchtigkeit mithilfe interner oder externer Sensoren anzeigen k\u00f6nnen.","breadcrumb":{"@id":"https:\/\/sysmatec.ch\/de\/Produkt\/lled-temperatur-und-luftfeuchtigkeitsanzeige-he2xx\/#breadcrumb"},"inLanguage":"de","potentialAction":[{"@type":"ReadAction","target":["https:\/\/sysmatec.ch\/de\/Produkt\/lled-temperatur-und-luftfeuchtigkeitsanzeige-he2xx\/"]}]},{"@type":"ImageObject","inLanguage":"de","@id":"https:\/\/sysmatec.ch\/de\/Produkt\/lled-temperatur-und-luftfeuchtigkeitsanzeige-he2xx\/#primaryimage","url":"https:\/\/sysmatec.ch\/wp-content\/uploads\/2020\/02\/AfficheurTemperature_HuatoHE2XX_1.jpg","contentUrl":"https:\/\/sysmatec.ch\/wp-content\/uploads\/2020\/02\/AfficheurTemperature_HuatoHE2XX_1.jpg","width":522,"height":420},{"@type":"BreadcrumbList","@id":"https:\/\/sysmatec.ch\/de\/Produkt\/lled-temperatur-und-luftfeuchtigkeitsanzeige-he2xx\/#breadcrumb","itemListElement":[{"@type":"ListItem","position":1,"name":"Accueil","item":"https:\/\/sysmatec.ch\/de\/"},{"@type":"ListItem","position":2,"name":"Die Aktivit\u00e4t von Sysmatec","item":"https:\/\/sysmatec.ch\/de\/"},{"@type":"ListItem","position":3,"name":"LLED-Temperatur- und Luftfeuchtigkeitsanzeige HE2XX"}]},{"@type":"WebSite","@id":"https:\/\/sysmatec.ch\/de\/#website","url":"https:\/\/sysmatec.ch\/de\/","name":"Sysmatec","description":"Equipement de laboratoire et logiciels","publisher":{"@id":"https:\/\/sysmatec.ch\/de\/#organization"},"potentialAction":[{"@type":"SearchAction","target":{"@type":"EntryPoint","urlTemplate":"https:\/\/sysmatec.ch\/de\/?s={search_term_string}"},"query-input":{"@type":"PropertyValueSpecification","valueRequired":true,"valueName":"search_term_string"}}],"inLanguage":"de"},{"@type":"Organization","@id":"https:\/\/sysmatec.ch\/de\/#organization","name":"Sysmatec","url":"https:\/\/sysmatec.ch\/de\/","logo":{"@type":"ImageObject","inLanguage":"de","@id":"https:\/\/sysmatec.ch\/de\/#\/schema\/logo\/image\/","url":"https:\/\/sysmatec.ch\/wp-content\/uploads\/2018\/11\/LogoSysmatec.jpg","contentUrl":"https:\/\/sysmatec.ch\/wp-content\/uploads\/2018\/11\/LogoSysmatec.jpg","width":301,"height":297,"caption":"Sysmatec"},"image":{"@id":"https:\/\/sysmatec.ch\/de\/#\/schema\/logo\/image\/"}}]}},"_links":{"self":[{"href":"https:\/\/sysmatec.ch\/de\/wp-json\/wp\/v2\/product\/17735","targetHints":{"allow":["GET"]}}],"collection":[{"href":"https:\/\/sysmatec.ch\/de\/wp-json\/wp\/v2\/product"}],"about":[{"href":"https:\/\/sysmatec.ch\/de\/wp-json\/wp\/v2\/types\/product"}],"wp:featuredmedia":[{"embeddable":true,"href":"https:\/\/sysmatec.ch\/de\/wp-json\/wp\/v2\/media\/29052"}],"wp:attachment":[{"href":"https:\/\/sysmatec.ch\/de\/wp-json\/wp\/v2\/media?parent=17735"}],"wp:term":[{"taxonomy":"product_brand","embeddable":true,"href":"https:\/\/sysmatec.ch\/de\/wp-json\/wp\/v2\/product_brand?post=17735"},{"taxonomy":"product_cat","embeddable":true,"href":"https:\/\/sysmatec.ch\/de\/wp-json\/wp\/v2\/product_cat?post=17735"},{"taxonomy":"product_tag","embeddable":true,"href":"https:\/\/sysmatec.ch\/de\/wp-json\/wp\/v2\/product_tag?post=17735"}],"curies":[{"name":"wp","href":"https:\/\/api.w.org\/{rel}","templated":true}]}}