{"id":17268,"date":"2020-02-15T10:40:45","date_gmt":"2020-02-15T09:48:01","guid":{"rendered":"https:\/\/sysmatec.ch\/?post_type=product&#038;p=17268"},"modified":"2022-05-13T09:00:33","modified_gmt":"2022-05-13T07:00:33","slug":"mikroplatten-reader-mobi","status":"publish","type":"product","link":"https:\/\/sysmatec.ch\/de\/Produkt\/mikroplatten-reader-mobi\/","title":{"rendered":"Mikroplatten-Reader Mobi"},"content":{"rendered":"<p>Mobi ist ein Monochromator-basiertes Mikroplatten-Spektrophotometer, das zur Quantifizierung von Nukleins\u00e4uren, Proteinen und zellbasierten Proben f\u00fcr ELISA-Ergebnisse verwendet werden kann. Es misst eine Vielzahl von Proben schnell und pr\u00e4zise. Breiter Wellenl\u00e4ngenbereich von 200 nm bis 999 nm erm\u00f6glicht verschiedene Feldanwendungen. Es muss mit einem Computer oder Tablet verbunden sein.<\/p>\n<h2>Allgemeine Merkmale des Mikroplatten-Readers<\/h2>\n<ul>\n<li>Pr\u00e4zise Wellenl\u00e4ngensteuerung in Schritten von 1 nm<\/li>\n<li>Pr\u00e4zise Messwerte von Mikrotiterplatten mit 6 bis 384 Vertiefungen<\/li>\n<li>Minimale Wartung durch semipermanente Xenon-Lampe<\/li>\n<li>Komfortable Bedienung wahlweise mit PC- oder Tablet-Software<\/li>\n<li>Optional module allowing to measure several samples (volumes from 2 \u00b5L) in parallel<\/li>\n<\/ul>\n<h2>Technische Merkmale des Mikroplatten-Readers<\/h2>\n<ul>\n<li>Detektionsmodus: Absorption<\/li>\n<li>Lesemethoden Endpunkt, Kinetik, Spektralscannen, Well-Area-Scannen<\/li>\n<li>Mikroplattentypen 6- bis 384-Well-Mikroplatte<\/li>\n<li>Inkubator: optional (Temperaturkontrolle und Sch\u00fctteln)<\/li>\n<li>Optionale Mikrovolumenplatte (2 \u00b5l, 16 Pl\u00e4tze)<\/li>\n<li>Stromversorgung: 100 \u2013 240 V Wechselstrom, 50\/;60 Hz<\/li>\n<li>Abmessungen\/Gewicht: 396 x 364 x 207 mm \/ 9,0 kg<\/li>\n<li>Lichtquelle: Xenon-Blitzlampe<\/li>\n<li>Detektor: Fotodiode<\/li>\n<li>Wellenl\u00e4ngenauswahl: Monochromator<\/li>\n<li>Wellenl\u00e4ngenbereich: 200 \u2013 999 nm (1 nm Schritte)<\/li>\n<li>Monochromator-Bandbreite: 5 nm<\/li>\n<li>Dynamikbereich: 0 \u2013 4.0 OD<\/li>\n<li>Aufl\u00f6sung: 0.0001 AD<\/li>\n<li>Wellenl\u00e4ngengenauigkeit: \u00b1 1.0 nm<\/li>\n<li>Wellenl\u00e4ngen-Wiederholbarkeit \u00b1 0.1 nm<\/li>\n<li>Pfadl\u00e4ngenkorrektur: verf\u00fcgbar<\/li>\n<li>OD-Genauigkeit: \u00b1 1 % bei 2.0 OD, 3 % bei 2.5 OD<\/li>\n<li>OD Wiederholbarkeit: \u00b1 1 % bei 2.0 OD, 3 % bei 2.5 OD<\/li>\n<li>OD-Linearit\u00e4t: \u00b1 1 % bei 2.0 OD, 3 % bei 2.5 OD<\/li>\n<\/ul>\n","protected":false},"excerpt":{"rendered":"<p>Kompakter Mikroplatten-Reader.<\/p>\n","protected":false},"featured_media":27590,"template":"","meta":{"_crdt_document":""},"product_brand":[],"product_cat":[364,215],"product_tag":[],"class_list":{"0":"post-17268","1":"product","2":"type-product","3":"status-publish","4":"has-post-thumbnail","6":"product_cat-leser","7":"product_cat-mikroplatte","9":"first","10":"instock","11":"taxable","12":"shipping-taxable","13":"product-type-simple"},"yoast_head":"<!-- This site is optimized with the Yoast SEO plugin v27.4 - https:\/\/yoast.com\/product\/yoast-seo-wordpress\/ -->\n<title>Mikroplatten-Reader Mobi - Sysmatec<\/title>\n<meta name=\"description\" content=\"Leseger\u00e4t f\u00fcr Mikroplatten von 6 bis 384 Wells. Es verwendet einen Monochromator zur Wellenl\u00e4ngeneinstellung.\" \/>\n<meta name=\"robots\" content=\"index, follow, max-snippet:-1, max-image-preview:large, max-video-preview:-1\" \/>\n<link rel=\"canonical\" href=\"https:\/\/sysmatec.ch\/de\/produit\/mikroplatten-reader-mobi\/\" \/>\n<meta property=\"og:locale\" content=\"de_DE\" \/>\n<meta property=\"og:type\" content=\"article\" \/>\n<meta property=\"og:title\" content=\"Mikroplatten-Reader Mobi - Sysmatec\" \/>\n<meta property=\"og:description\" content=\"Leseger\u00e4t f\u00fcr Mikroplatten von 6 bis 384 Wells. Es verwendet einen Monochromator zur Wellenl\u00e4ngeneinstellung.\" \/>\n<meta property=\"og:url\" content=\"https:\/\/sysmatec.ch\/de\/produit\/mikroplatten-reader-mobi\/\" \/>\n<meta property=\"og:site_name\" content=\"Sysmatec\" \/>\n<meta property=\"article:modified_time\" content=\"2022-05-13T07:00:33+00:00\" \/>\n<meta property=\"og:image\" content=\"https:\/\/sysmatec.ch\/wp-content\/uploads\/2020\/02\/LecteurMicroplaque_MobiMDBest.jpg\" \/>\n\t<meta property=\"og:image:width\" content=\"600\" \/>\n\t<meta property=\"og:image:height\" content=\"500\" \/>\n\t<meta property=\"og:image:type\" content=\"image\/jpeg\" \/>\n<meta name=\"twitter:card\" content=\"summary_large_image\" \/>\n<meta name=\"twitter:label1\" content=\"Gesch\u00e4tzte Lesezeit\" \/>\n\t<meta name=\"twitter:data1\" content=\"2\u00a0Minuten\" \/>\n<script type=\"application\/ld+json\" class=\"yoast-schema-graph\">{\"@context\":\"https:\\\/\\\/schema.org\",\"@graph\":[{\"@type\":\"WebPage\",\"@id\":\"https:\\\/\\\/sysmatec.ch\\\/de\\\/produit\\\/mikroplatten-reader-mobi\\\/\",\"url\":\"https:\\\/\\\/sysmatec.ch\\\/de\\\/produit\\\/mikroplatten-reader-mobi\\\/\",\"name\":\"Mikroplatten-Reader Mobi - Sysmatec\",\"isPartOf\":{\"@id\":\"https:\\\/\\\/sysmatec.ch\\\/de\\\/#website\"},\"primaryImageOfPage\":{\"@id\":\"https:\\\/\\\/sysmatec.ch\\\/de\\\/produit\\\/mikroplatten-reader-mobi\\\/#primaryimage\"},\"image\":{\"@id\":\"https:\\\/\\\/sysmatec.ch\\\/de\\\/produit\\\/mikroplatten-reader-mobi\\\/#primaryimage\"},\"thumbnailUrl\":\"https:\\\/\\\/sysmatec.ch\\\/wp-content\\\/uploads\\\/2020\\\/02\\\/LecteurMicroplaque_MobiMDBest.jpg\",\"datePublished\":\"2020-02-15T09:48:01+00:00\",\"dateModified\":\"2022-05-13T07:00:33+00:00\",\"description\":\"Leseger\u00e4t f\u00fcr Mikroplatten von 6 bis 384 Wells. Es verwendet einen Monochromator zur Wellenl\u00e4ngeneinstellung.\",\"breadcrumb\":{\"@id\":\"https:\\\/\\\/sysmatec.ch\\\/de\\\/produit\\\/mikroplatten-reader-mobi\\\/#breadcrumb\"},\"inLanguage\":\"de\",\"potentialAction\":[{\"@type\":\"ReadAction\",\"target\":[\"https:\\\/\\\/sysmatec.ch\\\/de\\\/produit\\\/mikroplatten-reader-mobi\\\/\"]}]},{\"@type\":\"ImageObject\",\"inLanguage\":\"de\",\"@id\":\"https:\\\/\\\/sysmatec.ch\\\/de\\\/produit\\\/mikroplatten-reader-mobi\\\/#primaryimage\",\"url\":\"https:\\\/\\\/sysmatec.ch\\\/wp-content\\\/uploads\\\/2020\\\/02\\\/LecteurMicroplaque_MobiMDBest.jpg\",\"contentUrl\":\"https:\\\/\\\/sysmatec.ch\\\/wp-content\\\/uploads\\\/2020\\\/02\\\/LecteurMicroplaque_MobiMDBest.jpg\",\"width\":600,\"height\":500},{\"@type\":\"BreadcrumbList\",\"@id\":\"https:\\\/\\\/sysmatec.ch\\\/de\\\/produit\\\/mikroplatten-reader-mobi\\\/#breadcrumb\",\"itemListElement\":[{\"@type\":\"ListItem\",\"position\":1,\"name\":\"Accueil\",\"item\":\"https:\\\/\\\/sysmatec.ch\\\/de\\\/\"},{\"@type\":\"ListItem\",\"position\":2,\"name\":\"Die Aktivit\u00e4t von Sysmatec\",\"item\":\"https:\\\/\\\/sysmatec.ch\\\/de\\\/\"},{\"@type\":\"ListItem\",\"position\":3,\"name\":\"Mikroplatten-Reader Mobi\"}]},{\"@type\":\"WebSite\",\"@id\":\"https:\\\/\\\/sysmatec.ch\\\/de\\\/#website\",\"url\":\"https:\\\/\\\/sysmatec.ch\\\/de\\\/\",\"name\":\"Sysmatec\",\"description\":\"Equipement de laboratoire et logiciels\",\"publisher\":{\"@id\":\"https:\\\/\\\/sysmatec.ch\\\/de\\\/#organization\"},\"potentialAction\":[{\"@type\":\"SearchAction\",\"target\":{\"@type\":\"EntryPoint\",\"urlTemplate\":\"https:\\\/\\\/sysmatec.ch\\\/de\\\/?s={search_term_string}\"},\"query-input\":{\"@type\":\"PropertyValueSpecification\",\"valueRequired\":true,\"valueName\":\"search_term_string\"}}],\"inLanguage\":\"de\"},{\"@type\":\"Organization\",\"@id\":\"https:\\\/\\\/sysmatec.ch\\\/de\\\/#organization\",\"name\":\"Sysmatec\",\"url\":\"https:\\\/\\\/sysmatec.ch\\\/de\\\/\",\"logo\":{\"@type\":\"ImageObject\",\"inLanguage\":\"de\",\"@id\":\"https:\\\/\\\/sysmatec.ch\\\/de\\\/#\\\/schema\\\/logo\\\/image\\\/\",\"url\":\"https:\\\/\\\/sysmatec.ch\\\/wp-content\\\/uploads\\\/2018\\\/11\\\/LogoSysmatec.jpg\",\"contentUrl\":\"https:\\\/\\\/sysmatec.ch\\\/wp-content\\\/uploads\\\/2018\\\/11\\\/LogoSysmatec.jpg\",\"width\":301,\"height\":297,\"caption\":\"Sysmatec\"},\"image\":{\"@id\":\"https:\\\/\\\/sysmatec.ch\\\/de\\\/#\\\/schema\\\/logo\\\/image\\\/\"}}]}<\/script>\n<!-- \/ Yoast SEO plugin. -->","yoast_head_json":{"title":"Mikroplatten-Reader Mobi - Sysmatec","description":"Leseger\u00e4t f\u00fcr Mikroplatten von 6 bis 384 Wells. Es verwendet einen Monochromator zur Wellenl\u00e4ngeneinstellung.","robots":{"index":"index","follow":"follow","max-snippet":"max-snippet:-1","max-image-preview":"max-image-preview:large","max-video-preview":"max-video-preview:-1"},"canonical":"https:\/\/sysmatec.ch\/de\/produit\/mikroplatten-reader-mobi\/","og_locale":"de_DE","og_type":"article","og_title":"Mikroplatten-Reader Mobi - Sysmatec","og_description":"Leseger\u00e4t f\u00fcr Mikroplatten von 6 bis 384 Wells. Es verwendet einen Monochromator zur Wellenl\u00e4ngeneinstellung.","og_url":"https:\/\/sysmatec.ch\/de\/produit\/mikroplatten-reader-mobi\/","og_site_name":"Sysmatec","article_modified_time":"2022-05-13T07:00:33+00:00","og_image":[{"width":600,"height":500,"url":"https:\/\/sysmatec.ch\/wp-content\/uploads\/2020\/02\/LecteurMicroplaque_MobiMDBest.jpg","type":"image\/jpeg"}],"twitter_card":"summary_large_image","twitter_misc":{"Gesch\u00e4tzte Lesezeit":"2\u00a0Minuten"},"schema":{"@context":"https:\/\/schema.org","@graph":[{"@type":"WebPage","@id":"https:\/\/sysmatec.ch\/de\/produit\/mikroplatten-reader-mobi\/","url":"https:\/\/sysmatec.ch\/de\/produit\/mikroplatten-reader-mobi\/","name":"Mikroplatten-Reader Mobi - Sysmatec","isPartOf":{"@id":"https:\/\/sysmatec.ch\/de\/#website"},"primaryImageOfPage":{"@id":"https:\/\/sysmatec.ch\/de\/produit\/mikroplatten-reader-mobi\/#primaryimage"},"image":{"@id":"https:\/\/sysmatec.ch\/de\/produit\/mikroplatten-reader-mobi\/#primaryimage"},"thumbnailUrl":"https:\/\/sysmatec.ch\/wp-content\/uploads\/2020\/02\/LecteurMicroplaque_MobiMDBest.jpg","datePublished":"2020-02-15T09:48:01+00:00","dateModified":"2022-05-13T07:00:33+00:00","description":"Leseger\u00e4t f\u00fcr Mikroplatten von 6 bis 384 Wells. Es verwendet einen Monochromator zur Wellenl\u00e4ngeneinstellung.","breadcrumb":{"@id":"https:\/\/sysmatec.ch\/de\/produit\/mikroplatten-reader-mobi\/#breadcrumb"},"inLanguage":"de","potentialAction":[{"@type":"ReadAction","target":["https:\/\/sysmatec.ch\/de\/produit\/mikroplatten-reader-mobi\/"]}]},{"@type":"ImageObject","inLanguage":"de","@id":"https:\/\/sysmatec.ch\/de\/produit\/mikroplatten-reader-mobi\/#primaryimage","url":"https:\/\/sysmatec.ch\/wp-content\/uploads\/2020\/02\/LecteurMicroplaque_MobiMDBest.jpg","contentUrl":"https:\/\/sysmatec.ch\/wp-content\/uploads\/2020\/02\/LecteurMicroplaque_MobiMDBest.jpg","width":600,"height":500},{"@type":"BreadcrumbList","@id":"https:\/\/sysmatec.ch\/de\/produit\/mikroplatten-reader-mobi\/#breadcrumb","itemListElement":[{"@type":"ListItem","position":1,"name":"Accueil","item":"https:\/\/sysmatec.ch\/de\/"},{"@type":"ListItem","position":2,"name":"Die Aktivit\u00e4t von Sysmatec","item":"https:\/\/sysmatec.ch\/de\/"},{"@type":"ListItem","position":3,"name":"Mikroplatten-Reader Mobi"}]},{"@type":"WebSite","@id":"https:\/\/sysmatec.ch\/de\/#website","url":"https:\/\/sysmatec.ch\/de\/","name":"Sysmatec","description":"Equipement de laboratoire et logiciels","publisher":{"@id":"https:\/\/sysmatec.ch\/de\/#organization"},"potentialAction":[{"@type":"SearchAction","target":{"@type":"EntryPoint","urlTemplate":"https:\/\/sysmatec.ch\/de\/?s={search_term_string}"},"query-input":{"@type":"PropertyValueSpecification","valueRequired":true,"valueName":"search_term_string"}}],"inLanguage":"de"},{"@type":"Organization","@id":"https:\/\/sysmatec.ch\/de\/#organization","name":"Sysmatec","url":"https:\/\/sysmatec.ch\/de\/","logo":{"@type":"ImageObject","inLanguage":"de","@id":"https:\/\/sysmatec.ch\/de\/#\/schema\/logo\/image\/","url":"https:\/\/sysmatec.ch\/wp-content\/uploads\/2018\/11\/LogoSysmatec.jpg","contentUrl":"https:\/\/sysmatec.ch\/wp-content\/uploads\/2018\/11\/LogoSysmatec.jpg","width":301,"height":297,"caption":"Sysmatec"},"image":{"@id":"https:\/\/sysmatec.ch\/de\/#\/schema\/logo\/image\/"}}]}},"_links":{"self":[{"href":"https:\/\/sysmatec.ch\/de\/wp-json\/wp\/v2\/product\/17268","targetHints":{"allow":["GET"]}}],"collection":[{"href":"https:\/\/sysmatec.ch\/de\/wp-json\/wp\/v2\/product"}],"about":[{"href":"https:\/\/sysmatec.ch\/de\/wp-json\/wp\/v2\/types\/product"}],"wp:featuredmedia":[{"embeddable":true,"href":"https:\/\/sysmatec.ch\/de\/wp-json\/wp\/v2\/media\/27590"}],"wp:attachment":[{"href":"https:\/\/sysmatec.ch\/de\/wp-json\/wp\/v2\/media?parent=17268"}],"wp:term":[{"taxonomy":"product_brand","embeddable":true,"href":"https:\/\/sysmatec.ch\/de\/wp-json\/wp\/v2\/product_brand?post=17268"},{"taxonomy":"product_cat","embeddable":true,"href":"https:\/\/sysmatec.ch\/de\/wp-json\/wp\/v2\/product_cat?post=17268"},{"taxonomy":"product_tag","embeddable":true,"href":"https:\/\/sysmatec.ch\/de\/wp-json\/wp\/v2\/product_tag?post=17268"}],"curies":[{"name":"wp","href":"https:\/\/api.w.org\/{rel}","templated":true}]}}