{"id":17261,"date":"2020-02-15T09:42:42","date_gmt":"2020-02-15T08:42:42","guid":{"rendered":"https:\/\/sysmatec.ch\/?post_type=product&#038;p=17261"},"modified":"2022-09-07T15:52:22","modified_gmt":"2022-09-07T13:52:22","slug":"peristaltische-pumpe-ips30","status":"publish","type":"product","link":"https:\/\/sysmatec.ch\/de\/Produkt\/peristaltische-pumpe-ips30\/","title":{"rendered":"Peristaltische Pumpe IPS30"},"content":{"rendered":"<p><span class=\"JLqJ4b ChMk0b\" data-language-for-alternatives=\"de\" data-language-to-translate-into=\"fr\" data-phrase-index=\"0\" data-number-of-phrases=\"4\"><span class=\"Q4iAWc\">Die peristaltische Pumpe IPS30 hat eine feste Flussrate von 30 l\/h.<\/span><\/span> <span class=\"JLqJ4b ChMk0b\" data-language-for-alternatives=\"de\" data-language-to-translate-into=\"fr\" data-phrase-index=\"1\" data-number-of-phrases=\"4\"><span class=\"Q4iAWc\">Es besteht aus einem Elektromotor und seinem Getriebemotor, der mit einem Kopf oder einem Doppelkopf gekoppelt ist.<\/span><\/span> <span class=\"JLqJ4b ChMk0b\" data-language-for-alternatives=\"de\" data-language-to-translate-into=\"fr\" data-phrase-index=\"2\" data-number-of-phrases=\"4\"><span class=\"Q4iAWc\">Die Ein-\/Aus-Funktion muss von einem externen System \u00fcbernommen werden.<\/span><\/span> <span class=\"JLqJ4b ChMk0b\" data-language-for-alternatives=\"de\" data-language-to-translate-into=\"fr\" data-phrase-index=\"3\" data-number-of-phrases=\"4\"><span class=\"Q4iAWc\">Die Standardpumpe wird ohne Geh\u00e4use geliefert.<\/span><\/span><\/p>\n<div class=\"ZyvIDe\">\n<div class=\"a8FIud L6rCcb\" data-apply-responsive-style=\"true\" data-classes=\"\" data-initial-translation-length=\"446\" data-saved-translation-limit-reached=\"false\">\n<div class=\"VfPpkd-Bz112c-RLmnJb\"><span class=\"JLqJ4b ChMk0b\" data-language-for-alternatives=\"de\" data-language-to-translate-into=\"fr\" data-phrase-index=\"0\" data-number-of-phrases=\"7\"><span class=\"Q4iAWc\">F\u00fcr den dauerhaften, aber nicht besonders starken Einsatz ist eine Version mit b\u00fcrstenlosem Motor erh\u00e4ltlich.<\/span><\/span> <span class=\"JLqJ4b ChMk0b\" data-language-for-alternatives=\"de\" data-language-to-translate-into=\"fr\" data-phrase-index=\"1\" data-number-of-phrases=\"7\"><span class=\"Q4iAWc\">Die Abwesenheit von<\/span><\/span> <span class=\"JLqJ4b ChMk0b\" data-language-for-alternatives=\"de\" data-language-to-translate-into=\"fr\" data-phrase-index=\"3\" data-number-of-phrases=\"7\"><span class=\"Q4iAWc\">B\u00fcrsten garantieren eine nahezu unbegrenzte Lebensdauer des Motors.<\/span><\/span><\/div>\n<div class=\"VfPpkd-Bz112c-RLmnJb\"><span class=\"JLqJ4b ChMk0b\" data-language-for-alternatives=\"de\" data-language-to-translate-into=\"fr\" data-phrase-index=\"5\" data-number-of-phrases=\"7\"><span class=\"Q4iAWc\">F\u00fcr den Einsatz, bei dem die Durchflussgenauigkeit entscheidend ist, bietet die Verwendung eines Schrittmotors die bestm\u00f6gliche Effizienz.<\/span><\/span> <span class=\"JLqJ4b ChMk0b\" data-language-for-alternatives=\"de\" data-language-to-translate-into=\"fr\" data-phrase-index=\"6\" data-number-of-phrases=\"7\"><span class=\"Q4iAWc\">Regulierung von 1 bis 250 U\/min, 24 oder 230 Volt und gute Leistung auch bei sehr geringen Durchflussmengen.<\/span><\/span><\/div>\n<div><\/div>\n<\/div>\n<\/div>\n<h2><span class=\"JLqJ4b ChMk0b\" data-language-for-alternatives=\"de\" data-language-to-translate-into=\"fr\" data-phrase-index=\"0\" data-number-of-phrases=\"15\"><span class=\"Q4iAWc\">Technische Eigenschaften<\/span><\/span><\/h2>\n<ul>\n<li><span class=\"JLqJ4b ChMk0b\" data-language-for-alternatives=\"de\" data-language-to-translate-into=\"fr\" data-phrase-index=\"2\" data-number-of-phrases=\"15\"><span class=\"Q4iAWc\">Selbstansaugend<\/span><\/span><\/li>\n<li><span class=\"JLqJ4b ChMk0b\" data-language-for-alternatives=\"de\" data-language-to-translate-into=\"fr\" data-phrase-index=\"4\" data-number-of-phrases=\"15\"><span class=\"Q4iAWc\">Durchfluss: fest Standard 30 l\/h, auf Anfrage von 1.5 bis 70 l\/h<\/span><\/span><\/li>\n<li><span class=\"JLqJ4b ChMk0b\" data-language-for-alternatives=\"de\" data-language-to-translate-into=\"fr\" data-phrase-index=\"6\" data-number-of-phrases=\"15\"><span class=\"Q4iAWc\">Umkehrbarkeit: Ja mit 24-V-Gleichstrommotor<\/span><\/span><\/li>\n<li><span class=\"JLqJ4b ChMk0b\" data-language-for-alternatives=\"de\" data-language-to-translate-into=\"fr\" data-phrase-index=\"8\" data-number-of-phrases=\"15\"><span class=\"Q4iAWc\">F\u00f6rderdruck: Standard 1 Bar, auf Anfrage bis 3 Bar, mit reduziertem Durchfluss<\/span><\/span><\/li>\n<li><span class=\"JLqJ4b ChMk0b\" data-language-for-alternatives=\"de\" data-language-to-translate-into=\"fr\" data-phrase-index=\"10\" data-number-of-phrases=\"15\"><span class=\"Q4iAWc\">Spannung: 230 VAC oder 24 VDC<\/span><\/span><\/li>\n<li><span class=\"JLqJ4b ChMk0b\" data-language-for-alternatives=\"de\" data-language-to-translate-into=\"fr\" data-phrase-index=\"12\" data-number-of-phrases=\"15\"><span class=\"Q4iAWc\">Rolle: Standard mit 3 Rollen, auf Anfrage mit 6 Rollen<\/span><\/span><\/li>\n<li><span class=\"JLqJ4b ChMk0b\" data-language-for-alternatives=\"de\" data-language-to-translate-into=\"fr\" data-phrase-index=\"14\" data-number-of-phrases=\"15\"><span class=\"Q4iAWc\">Schlauch: Teknoprene\u00ae TPV oder Teknoprene\u00ae SIL (transparentes Silikon \u2013 geeignet f\u00fcr Lebensmittelkontakt nach internationalen Standards), Teknoprene\u00ae FKM (Fluorelastomer) oder Teknoprene\u00ae HCR bieten perfekte Best\u00e4ndigkeit gegen korrosive Chemikalien<\/span><\/span><\/li>\n<\/ul>\n","protected":false},"excerpt":{"rendered":"<p>Integrierbare Peristaltikpumpe, 30 L\/h, f\u00fcr 24 V oder 230 V Stromversorgung.<\/p>\n","protected":false},"featured_media":30422,"template":"","meta":{"_crdt_document":""},"product_brand":[],"product_cat":[98,99,396],"product_tag":[],"class_list":{"0":"post-17261","1":"product","2":"type-product","3":"status-publish","4":"has-post-thumbnail","6":"product_cat-peristaltisch","7":"product_cat-pumpe","8":"product_cat-sonderangebot","10":"first","11":"instock","12":"taxable","13":"shipping-taxable","14":"product-type-simple"},"yoast_head":"<!-- This site is optimized with the Yoast SEO plugin v27.4 - https:\/\/yoast.com\/product\/yoast-seo-wordpress\/ -->\n<title>Peristaltische Pumpe IPS30 - Sysmatec<\/title>\n<meta name=\"description\" content=\"Kompakter Peristaltikpumpenk\u00f6rper mit 3 Rollen, F\u00f6rderleistung 30 L\/h, 24 V oder 230 V Stromversorgung, zum Einbau in einem Ger\u00e4t.\" \/>\n<meta name=\"robots\" content=\"index, follow, max-snippet:-1, max-image-preview:large, max-video-preview:-1\" \/>\n<link rel=\"canonical\" href=\"https:\/\/sysmatec.ch\/de\/produit\/peristaltische-pumpe-ips30\/\" \/>\n<meta property=\"og:locale\" content=\"de_DE\" \/>\n<meta property=\"og:type\" content=\"article\" \/>\n<meta property=\"og:title\" content=\"Peristaltische Pumpe IPS30 - Sysmatec\" \/>\n<meta property=\"og:description\" content=\"Kompakter Peristaltikpumpenk\u00f6rper mit 3 Rollen, F\u00f6rderleistung 30 L\/h, 24 V oder 230 V Stromversorgung, zum Einbau in einem Ger\u00e4t.\" \/>\n<meta property=\"og:url\" content=\"https:\/\/sysmatec.ch\/de\/produit\/peristaltische-pumpe-ips30\/\" \/>\n<meta property=\"og:site_name\" content=\"Sysmatec\" \/>\n<meta property=\"article:modified_time\" content=\"2022-09-07T13:52:22+00:00\" \/>\n<meta property=\"og:image\" content=\"https:\/\/sysmatec.ch\/wp-content\/uploads\/2020\/02\/PompePeristaltique_EspangoIPS30.jpg\" \/>\n\t<meta property=\"og:image:width\" content=\"717\" \/>\n\t<meta property=\"og:image:height\" content=\"334\" \/>\n\t<meta property=\"og:image:type\" content=\"image\/jpeg\" \/>\n<meta name=\"twitter:card\" content=\"summary_large_image\" \/>\n<meta name=\"twitter:label1\" content=\"Gesch\u00e4tzte Lesezeit\" \/>\n\t<meta name=\"twitter:data1\" content=\"1\u00a0Minute\" \/>\n<script type=\"application\/ld+json\" class=\"yoast-schema-graph\">{\"@context\":\"https:\\\/\\\/schema.org\",\"@graph\":[{\"@type\":\"WebPage\",\"@id\":\"https:\\\/\\\/sysmatec.ch\\\/de\\\/produit\\\/peristaltische-pumpe-ips30\\\/\",\"url\":\"https:\\\/\\\/sysmatec.ch\\\/de\\\/produit\\\/peristaltische-pumpe-ips30\\\/\",\"name\":\"Peristaltische Pumpe IPS30 - Sysmatec\",\"isPartOf\":{\"@id\":\"https:\\\/\\\/sysmatec.ch\\\/de\\\/#website\"},\"primaryImageOfPage\":{\"@id\":\"https:\\\/\\\/sysmatec.ch\\\/de\\\/produit\\\/peristaltische-pumpe-ips30\\\/#primaryimage\"},\"image\":{\"@id\":\"https:\\\/\\\/sysmatec.ch\\\/de\\\/produit\\\/peristaltische-pumpe-ips30\\\/#primaryimage\"},\"thumbnailUrl\":\"https:\\\/\\\/sysmatec.ch\\\/wp-content\\\/uploads\\\/2020\\\/02\\\/PompePeristaltique_IPS30.png\",\"datePublished\":\"2020-02-15T08:42:42+00:00\",\"dateModified\":\"2022-09-07T13:52:22+00:00\",\"description\":\"Kompakter Peristaltikpumpenk\u00f6rper mit 3 Rollen, F\u00f6rderleistung 30 L\\\/h, 24 V oder 230 V Stromversorgung, zum Einbau in einem Ger\u00e4t.\",\"breadcrumb\":{\"@id\":\"https:\\\/\\\/sysmatec.ch\\\/de\\\/produit\\\/peristaltische-pumpe-ips30\\\/#breadcrumb\"},\"inLanguage\":\"de\",\"potentialAction\":[{\"@type\":\"ReadAction\",\"target\":[\"https:\\\/\\\/sysmatec.ch\\\/de\\\/produit\\\/peristaltische-pumpe-ips30\\\/\"]}]},{\"@type\":\"ImageObject\",\"inLanguage\":\"de\",\"@id\":\"https:\\\/\\\/sysmatec.ch\\\/de\\\/produit\\\/peristaltische-pumpe-ips30\\\/#primaryimage\",\"url\":\"https:\\\/\\\/sysmatec.ch\\\/wp-content\\\/uploads\\\/2020\\\/02\\\/PompePeristaltique_IPS30.png\",\"contentUrl\":\"https:\\\/\\\/sysmatec.ch\\\/wp-content\\\/uploads\\\/2020\\\/02\\\/PompePeristaltique_IPS30.png\",\"width\":800,\"height\":800},{\"@type\":\"BreadcrumbList\",\"@id\":\"https:\\\/\\\/sysmatec.ch\\\/de\\\/produit\\\/peristaltische-pumpe-ips30\\\/#breadcrumb\",\"itemListElement\":[{\"@type\":\"ListItem\",\"position\":1,\"name\":\"Accueil\",\"item\":\"https:\\\/\\\/sysmatec.ch\\\/de\\\/\"},{\"@type\":\"ListItem\",\"position\":2,\"name\":\"Die Aktivit\u00e4t von Sysmatec\",\"item\":\"https:\\\/\\\/sysmatec.ch\\\/de\\\/\"},{\"@type\":\"ListItem\",\"position\":3,\"name\":\"Peristaltische Pumpe IPS30\"}]},{\"@type\":\"WebSite\",\"@id\":\"https:\\\/\\\/sysmatec.ch\\\/de\\\/#website\",\"url\":\"https:\\\/\\\/sysmatec.ch\\\/de\\\/\",\"name\":\"Sysmatec\",\"description\":\"Equipement de laboratoire et logiciels\",\"publisher\":{\"@id\":\"https:\\\/\\\/sysmatec.ch\\\/de\\\/#organization\"},\"potentialAction\":[{\"@type\":\"SearchAction\",\"target\":{\"@type\":\"EntryPoint\",\"urlTemplate\":\"https:\\\/\\\/sysmatec.ch\\\/de\\\/?s={search_term_string}\"},\"query-input\":{\"@type\":\"PropertyValueSpecification\",\"valueRequired\":true,\"valueName\":\"search_term_string\"}}],\"inLanguage\":\"de\"},{\"@type\":\"Organization\",\"@id\":\"https:\\\/\\\/sysmatec.ch\\\/de\\\/#organization\",\"name\":\"Sysmatec\",\"url\":\"https:\\\/\\\/sysmatec.ch\\\/de\\\/\",\"logo\":{\"@type\":\"ImageObject\",\"inLanguage\":\"de\",\"@id\":\"https:\\\/\\\/sysmatec.ch\\\/de\\\/#\\\/schema\\\/logo\\\/image\\\/\",\"url\":\"https:\\\/\\\/sysmatec.ch\\\/wp-content\\\/uploads\\\/2018\\\/11\\\/LogoSysmatec.jpg\",\"contentUrl\":\"https:\\\/\\\/sysmatec.ch\\\/wp-content\\\/uploads\\\/2018\\\/11\\\/LogoSysmatec.jpg\",\"width\":301,\"height\":297,\"caption\":\"Sysmatec\"},\"image\":{\"@id\":\"https:\\\/\\\/sysmatec.ch\\\/de\\\/#\\\/schema\\\/logo\\\/image\\\/\"}}]}<\/script>\n<!-- \/ Yoast SEO plugin. -->","yoast_head_json":{"title":"Peristaltische Pumpe IPS30 - Sysmatec","description":"Kompakter Peristaltikpumpenk\u00f6rper mit 3 Rollen, F\u00f6rderleistung 30 L\/h, 24 V oder 230 V Stromversorgung, zum Einbau in einem Ger\u00e4t.","robots":{"index":"index","follow":"follow","max-snippet":"max-snippet:-1","max-image-preview":"max-image-preview:large","max-video-preview":"max-video-preview:-1"},"canonical":"https:\/\/sysmatec.ch\/de\/produit\/peristaltische-pumpe-ips30\/","og_locale":"de_DE","og_type":"article","og_title":"Peristaltische Pumpe IPS30 - Sysmatec","og_description":"Kompakter Peristaltikpumpenk\u00f6rper mit 3 Rollen, F\u00f6rderleistung 30 L\/h, 24 V oder 230 V Stromversorgung, zum Einbau in einem Ger\u00e4t.","og_url":"https:\/\/sysmatec.ch\/de\/produit\/peristaltische-pumpe-ips30\/","og_site_name":"Sysmatec","article_modified_time":"2022-09-07T13:52:22+00:00","og_image":[{"width":717,"height":334,"url":"https:\/\/sysmatec.ch\/wp-content\/uploads\/2020\/02\/PompePeristaltique_EspangoIPS30.jpg","type":"image\/jpeg"}],"twitter_card":"summary_large_image","twitter_misc":{"Gesch\u00e4tzte Lesezeit":"1\u00a0Minute"},"schema":{"@context":"https:\/\/schema.org","@graph":[{"@type":"WebPage","@id":"https:\/\/sysmatec.ch\/de\/produit\/peristaltische-pumpe-ips30\/","url":"https:\/\/sysmatec.ch\/de\/produit\/peristaltische-pumpe-ips30\/","name":"Peristaltische Pumpe IPS30 - Sysmatec","isPartOf":{"@id":"https:\/\/sysmatec.ch\/de\/#website"},"primaryImageOfPage":{"@id":"https:\/\/sysmatec.ch\/de\/produit\/peristaltische-pumpe-ips30\/#primaryimage"},"image":{"@id":"https:\/\/sysmatec.ch\/de\/produit\/peristaltische-pumpe-ips30\/#primaryimage"},"thumbnailUrl":"https:\/\/sysmatec.ch\/wp-content\/uploads\/2020\/02\/PompePeristaltique_IPS30.png","datePublished":"2020-02-15T08:42:42+00:00","dateModified":"2022-09-07T13:52:22+00:00","description":"Kompakter Peristaltikpumpenk\u00f6rper mit 3 Rollen, F\u00f6rderleistung 30 L\/h, 24 V oder 230 V Stromversorgung, zum Einbau in einem Ger\u00e4t.","breadcrumb":{"@id":"https:\/\/sysmatec.ch\/de\/produit\/peristaltische-pumpe-ips30\/#breadcrumb"},"inLanguage":"de","potentialAction":[{"@type":"ReadAction","target":["https:\/\/sysmatec.ch\/de\/produit\/peristaltische-pumpe-ips30\/"]}]},{"@type":"ImageObject","inLanguage":"de","@id":"https:\/\/sysmatec.ch\/de\/produit\/peristaltische-pumpe-ips30\/#primaryimage","url":"https:\/\/sysmatec.ch\/wp-content\/uploads\/2020\/02\/PompePeristaltique_IPS30.png","contentUrl":"https:\/\/sysmatec.ch\/wp-content\/uploads\/2020\/02\/PompePeristaltique_IPS30.png","width":800,"height":800},{"@type":"BreadcrumbList","@id":"https:\/\/sysmatec.ch\/de\/produit\/peristaltische-pumpe-ips30\/#breadcrumb","itemListElement":[{"@type":"ListItem","position":1,"name":"Accueil","item":"https:\/\/sysmatec.ch\/de\/"},{"@type":"ListItem","position":2,"name":"Die Aktivit\u00e4t von Sysmatec","item":"https:\/\/sysmatec.ch\/de\/"},{"@type":"ListItem","position":3,"name":"Peristaltische Pumpe IPS30"}]},{"@type":"WebSite","@id":"https:\/\/sysmatec.ch\/de\/#website","url":"https:\/\/sysmatec.ch\/de\/","name":"Sysmatec","description":"Equipement de laboratoire et logiciels","publisher":{"@id":"https:\/\/sysmatec.ch\/de\/#organization"},"potentialAction":[{"@type":"SearchAction","target":{"@type":"EntryPoint","urlTemplate":"https:\/\/sysmatec.ch\/de\/?s={search_term_string}"},"query-input":{"@type":"PropertyValueSpecification","valueRequired":true,"valueName":"search_term_string"}}],"inLanguage":"de"},{"@type":"Organization","@id":"https:\/\/sysmatec.ch\/de\/#organization","name":"Sysmatec","url":"https:\/\/sysmatec.ch\/de\/","logo":{"@type":"ImageObject","inLanguage":"de","@id":"https:\/\/sysmatec.ch\/de\/#\/schema\/logo\/image\/","url":"https:\/\/sysmatec.ch\/wp-content\/uploads\/2018\/11\/LogoSysmatec.jpg","contentUrl":"https:\/\/sysmatec.ch\/wp-content\/uploads\/2018\/11\/LogoSysmatec.jpg","width":301,"height":297,"caption":"Sysmatec"},"image":{"@id":"https:\/\/sysmatec.ch\/de\/#\/schema\/logo\/image\/"}}]}},"_links":{"self":[{"href":"https:\/\/sysmatec.ch\/de\/wp-json\/wp\/v2\/product\/17261","targetHints":{"allow":["GET"]}}],"collection":[{"href":"https:\/\/sysmatec.ch\/de\/wp-json\/wp\/v2\/product"}],"about":[{"href":"https:\/\/sysmatec.ch\/de\/wp-json\/wp\/v2\/types\/product"}],"wp:featuredmedia":[{"embeddable":true,"href":"https:\/\/sysmatec.ch\/de\/wp-json\/wp\/v2\/media\/30422"}],"wp:attachment":[{"href":"https:\/\/sysmatec.ch\/de\/wp-json\/wp\/v2\/media?parent=17261"}],"wp:term":[{"taxonomy":"product_brand","embeddable":true,"href":"https:\/\/sysmatec.ch\/de\/wp-json\/wp\/v2\/product_brand?post=17261"},{"taxonomy":"product_cat","embeddable":true,"href":"https:\/\/sysmatec.ch\/de\/wp-json\/wp\/v2\/product_cat?post=17261"},{"taxonomy":"product_tag","embeddable":true,"href":"https:\/\/sysmatec.ch\/de\/wp-json\/wp\/v2\/product_tag?post=17261"}],"curies":[{"name":"wp","href":"https:\/\/api.w.org\/{rel}","templated":true}]}}