{"id":14727,"date":"2019-03-09T21:30:43","date_gmt":"2020-01-02T11:49:53","guid":{"rendered":"https:\/\/sysmatec.ch\/?post_type=product&#038;p=14727"},"modified":"2022-02-17T09:18:29","modified_gmt":"2022-02-17T08:18:29","slug":"laborreaktor-lr1000","status":"publish","type":"product","link":"https:\/\/sysmatec.ch\/de\/Produkt\/laborreaktor-lr1000\/","title":{"rendered":"Laborreaktor LR1000"},"content":{"rendered":"<p>Der LR 1000 basic ist ein modularer, erweiterbarer Laborreaktor f\u00fcr die Optimierung chemischer Reaktionsvorg\u00e4nge und f\u00fcr das Mischen, Dispergieren und Homogenisieren im Rahmen von Laboranwendungen. Das System l\u00e4sst sich der jeweiligen Applikation schnell und ohne Aufwand anpassen. Der Reaktor ist ideal f\u00fcr Anwendungen in der Kosmetik und Pharmazeutik. Die Mediumstemperatur kann bis zu 120 \u00b0C betragen. Ein Temperatursensor im Medium passt die Heizung unter dem Gef\u00e4\u00df an. Das LR 1000 basic Package enth\u00e4lt einen Temperaturf\u00fchler PT 100.30 und die zugeh\u00f6rige Aufnahme f\u00fcr den Deckel LR 1000.61.<\/p>\n<ul>\n<li>Digitalanzeige zur \u00dcberwachung von Temperatur und Drehzahl<\/li>\n<li>Erweiterbar f\u00fcr den Einsatz des ULTRA TURRAX\u00ae T 25 digital (Zubeh\u00f6r)<\/li>\n<li>Anschl\u00fcsse am Deckel: 1 x NS 29, 3 x NS 14 f\u00fcr flexible Anpassung des Systems<\/li>\n<li>Vakuumhahn im Lieferumfang enthalten<\/li>\n<li>Ankerr\u00fchrer mit PTFE-Abstreifern (Zubeh\u00f6r)<\/li>\n<li>R\u00fcckseitig Anschl\u00fcsse f\u00fcr eine K\u00fchlquelle<\/li>\n<li>Manuell einstellbarer Sicherheitskreis<\/li>\n<li>Sicherheitsabschaltung wenn Beh\u00e4lter oder Deckel von der Grundplatte entfernt werden<\/li>\n<\/ul>\n<p>Technische Daten<\/p>\n<table id=\"tech_data\" cellspacing=\"0\" cellpadding=\"0\">\n<tbody>\n<tr class=\"ika-flex-table-row\">\n<td class=\"ika-flex-table-column\">Nutzvolumen max.<\/td>\n<td class=\"ika-flex-table-column\">1000 ml<\/td>\n<\/tr>\n<tr class=\"ika-flex-table-row\">\n<td class=\"ika-flex-table-column\">Nutzvolumen ohne Dispergierwerkzeug min.<\/td>\n<td class=\"ika-flex-table-column\">500 ml<\/td>\n<\/tr>\n<tr class=\"ika-flex-table-row\">\n<td class=\"ika-flex-table-column\">Arbeitstemperatur max.<\/td>\n<td class=\"ika-flex-table-column\">120 \u00b0C<\/td>\n<\/tr>\n<tr class=\"ika-flex-table-row\">\n<td class=\"ika-flex-table-column\">Erreichbares Vakuum<\/td>\n<td class=\"ika-flex-table-column\">25 mbar<\/td>\n<\/tr>\n<tr class=\"ika-flex-table-row\">\n<td class=\"ika-flex-table-column\">Viskosit\u00e4t max.<\/td>\n<td class=\"ika-flex-table-column\">100000 mPas<\/td>\n<\/tr>\n<tr class=\"ika-flex-table-row\">\n<td class=\"ika-flex-table-column\">Drehzahlbereich<\/td>\n<td class=\"ika-flex-table-column\">10 &#8211; 150 rpm<\/td>\n<\/tr>\n<tr class=\"ika-flex-table-row\">\n<td class=\"ika-flex-table-column\">Stativstangendurchmesser (bei integrierter Befestigung am Stativ)<\/td>\n<td class=\"ika-flex-table-column\">16 mm<\/td>\n<\/tr>\n<tr class=\"ika-flex-table-row\">\n<td class=\"ika-flex-table-column\">Produktber\u00fchrendes Material<\/td>\n<td class=\"ika-flex-table-column\">AISI 316L, 1.4571, Borosilikatglas 3.3, PTFE, PEEK, FKM<\/td>\n<\/tr>\n<tr class=\"ika-flex-table-row\">\n<td class=\"ika-flex-table-column\">\u00d6ffnungen Reaktorgef\u00e4\u00df (St\u00fcck\/Norm)<\/td>\n<td class=\"ika-flex-table-column\">1\/NS 29\/32, 3\/NS 14\/23<\/td>\n<\/tr>\n<tr class=\"ika-flex-table-row\">\n<td class=\"ika-flex-table-column\">Zul\u00e4ssige Einschaltdauer<\/td>\n<td class=\"ika-flex-table-column\">100 %<\/td>\n<\/tr>\n<tr class=\"ika-flex-table-row\">\n<td class=\"ika-flex-table-column\">Aufl\u00f6sung Temperaturmessung<\/td>\n<td class=\"ika-flex-table-column\">0.1 K<\/td>\n<\/tr>\n<tr class=\"ika-flex-table-row\">\n<td class=\"ika-flex-table-column\">Nenndrehmoment<\/td>\n<td class=\"ika-flex-table-column\">3 Nm<\/td>\n<\/tr>\n<tr class=\"ika-flex-table-row\">\n<td class=\"ika-flex-table-column\">Heizleistung<\/td>\n<td class=\"ika-flex-table-column\">1000 W<\/td>\n<\/tr>\n<tr class=\"ika-flex-table-row\">\n<td class=\"ika-flex-table-column\">K\u00fchlmedium zul. Betriebsdruck<\/td>\n<td class=\"ika-flex-table-column\">1 bar<\/td>\n<\/tr>\n<tr class=\"ika-flex-table-row\">\n<td class=\"ika-flex-table-column\">Drehzahl min. (einstellbar)<\/td>\n<td class=\"ika-flex-table-column\">10 rpm<\/td>\n<\/tr>\n<tr class=\"ika-flex-table-row\">\n<td class=\"ika-flex-table-column\">Heiztemperatur max.<\/td>\n<td class=\"ika-flex-table-column\">180 \u00b0C<\/td>\n<\/tr>\n<tr class=\"ika-flex-table-row\">\n<td class=\"ika-flex-table-column\">Sicherheitskreis einstellbar<\/td>\n<td class=\"ika-flex-table-column\">47 &#8211; 225 \u00b0C<\/td>\n<\/tr>\n<tr class=\"ika-flex-table-row\">\n<td class=\"ika-flex-table-column\">Sicherheitskreis einstellbar, Temperaturabweichung<\/td>\n<td class=\"ika-flex-table-column\">10 &#8211; 20 \u00b1K<\/td>\n<\/tr>\n<tr class=\"ika-flex-table-row\">\n<td class=\"ika-flex-table-column\">K\u00fchlmediumstemperatur min.<\/td>\n<td class=\"ika-flex-table-column\">3 \u00b0C<\/td>\n<\/tr>\n<tr class=\"ika-flex-table-row\">\n<td class=\"ika-flex-table-column\">Einstellgenauigkeit Solltemperatur<\/td>\n<td class=\"ika-flex-table-column\">1 \u00b1K<\/td>\n<\/tr>\n<tr class=\"ika-flex-table-row\">\n<td class=\"ika-flex-table-column\">Regelgenauigkeit Mediumstemperatur mit Messf\u00fchler<\/td>\n<td class=\"ika-flex-table-column\">0.2 \u00b1K<\/td>\n<\/tr>\n<tr class=\"ika-flex-table-row\">\n<td class=\"ika-flex-table-column\">Drehzahlabweichung<\/td>\n<td class=\"ika-flex-table-column\">5 \u00b1rpm<\/td>\n<\/tr>\n<tr class=\"ika-flex-table-row\">\n<td class=\"ika-flex-table-column\">Drehzahlanzeige<\/td>\n<td class=\"ika-flex-table-column\">7 Segment LED<\/td>\n<\/tr>\n<tr class=\"ika-flex-table-row\">\n<td class=\"ika-flex-table-column\">Einstellm\u00f6glichkeit Heiztemperatur<\/td>\n<td class=\"ika-flex-table-column\">LED<\/td>\n<\/tr>\n<tr class=\"ika-flex-table-row\">\n<td class=\"ika-flex-table-column\">Anschluss f\u00fcr ext. Temperaturmessf\u00fchler<\/td>\n<td class=\"ika-flex-table-column\">PT 100<\/td>\n<\/tr>\n<tr class=\"ika-flex-table-row\">\n<td class=\"ika-flex-table-column\">Zeitschaltuhr<\/td>\n<td class=\"ika-flex-table-column\">ja<\/td>\n<\/tr>\n<tr class=\"ika-flex-table-row\">\n<td class=\"ika-flex-table-column\">Anzeige Zeitschaltuhr<\/td>\n<td class=\"ika-flex-table-column\">7 Segment LED<\/td>\n<\/tr>\n<tr class=\"ika-flex-table-row\">\n<td class=\"ika-flex-table-column\">Einstellm\u00f6glichkeit Drehzahl<\/td>\n<td class=\"ika-flex-table-column\">1 RPM Schritte<\/td>\n<\/tr>\n<tr class=\"ika-flex-table-row\">\n<td class=\"ika-flex-table-column\">K\u00fchlart<\/td>\n<td class=\"ika-flex-table-column\">Durchfluss<\/td>\n<\/tr>\n<tr class=\"ika-flex-table-row\">\n<td class=\"ika-flex-table-column\">Temperaturanzeige<\/td>\n<td class=\"ika-flex-table-column\">ja<\/td>\n<\/tr>\n<tr class=\"ika-flex-table-row\">\n<td class=\"ika-flex-table-column\">Sicherheitstemperaturanzeige<\/td>\n<td class=\"ika-flex-table-column\">LED<\/td>\n<\/tr>\n<tr class=\"ika-flex-table-row\">\n<td class=\"ika-flex-table-column\">Anzeige des Betriebs mit ext. F\u00fchler<\/td>\n<td class=\"ika-flex-table-column\">ja<\/td>\n<\/tr>\n<tr class=\"ika-flex-table-row\">\n<td class=\"ika-flex-table-column\">Sicherheitsabschaltung<\/td>\n<td class=\"ika-flex-table-column\">ja<\/td>\n<\/tr>\n<tr class=\"ika-flex-table-row\">\n<td class=\"ika-flex-table-column\">Abmessungen (B x H x T)<\/td>\n<td class=\"ika-flex-table-column\">443 x 360 x 295 mm<\/td>\n<\/tr>\n<tr class=\"ika-flex-table-row\">\n<td class=\"ika-flex-table-column\">Gewicht<\/td>\n<td class=\"ika-flex-table-column\">21.897 kg<\/td>\n<\/tr>\n<tr class=\"ika-flex-table-row\">\n<td class=\"ika-flex-table-column\">Zul\u00e4ssiger Umgebungstemperaturbereich<\/td>\n<td class=\"ika-flex-table-column\">5 &#8211; 40 \u00b0C<\/td>\n<\/tr>\n<tr class=\"ika-flex-table-row\">\n<td class=\"ika-flex-table-column\">Zul\u00e4ssige Relative Feuchte<\/td>\n<td class=\"ika-flex-table-column\">80 %<\/td>\n<\/tr>\n<tr class=\"ika-flex-table-row\">\n<td class=\"ika-flex-table-column\">Schutzart nach DIN EN 60529<\/td>\n<td class=\"ika-flex-table-column\">IP 21<\/td>\n<\/tr>\n<tr class=\"ika-flex-table-row\">\n<td class=\"ika-flex-table-column\">RS 232 Schnittstelle<\/td>\n<td class=\"ika-flex-table-column\">ja<\/td>\n<\/tr>\n<tr class=\"ika-flex-table-row\">\n<td class=\"ika-flex-table-column\">USB Schnittstelle<\/td>\n<td class=\"ika-flex-table-column\">ja<\/td>\n<\/tr>\n<tr class=\"ika-flex-table-row\">\n<td class=\"ika-flex-table-column\">Spannung<\/td>\n<td class=\"ika-flex-table-column\">230\u00a0\/\u00a0115 V<\/td>\n<\/tr>\n<tr class=\"ika-flex-table-row\">\n<td class=\"ika-flex-table-column\">Frequenz<\/td>\n<td class=\"ika-flex-table-column\">50\/60 Hz<\/td>\n<\/tr>\n<tr class=\"ika-flex-table-row\">\n<td class=\"ika-flex-table-column\">Ger\u00e4teaufnahmeleistung<\/td>\n<td class=\"ika-flex-table-column\">1200 W<\/td>\n<\/tr>\n<\/tbody>\n<\/table>\n","protected":false},"excerpt":{"rendered":"<p>R\u00e9acteur de laboratoire<\/p>\n","protected":false},"featured_media":14726,"template":"","meta":{"_crdt_document":""},"product_brand":[],"product_cat":[282],"product_tag":[],"class_list":{"0":"post-14727","1":"product","2":"type-product","3":"status-publish","4":"has-post-thumbnail","6":"product_cat-chemischer-reaktor","8":"first","9":"instock","10":"taxable","11":"shipping-taxable","12":"product-type-simple"},"yoast_head":"<!-- This site is optimized with the Yoast SEO plugin v27.3 - https:\/\/yoast.com\/product\/yoast-seo-wordpress\/ -->\n<title>Laborreaktor LR1000 - Sysmatec<\/title>\n<meta name=\"description\" content=\"Laborreaktor. Er verf\u00fcgt \u00fcber ein R\u00fchrwerk zur optimalen Durchmischung sowie ein Heizsystem.\" \/>\n<meta name=\"robots\" content=\"index, follow, max-snippet:-1, max-image-preview:large, max-video-preview:-1\" \/>\n<link rel=\"canonical\" href=\"https:\/\/sysmatec.ch\/de\/produit\/laborreaktor-lr1000\/\" \/>\n<meta property=\"og:locale\" content=\"de_DE\" \/>\n<meta property=\"og:type\" content=\"article\" \/>\n<meta property=\"og:title\" content=\"Laborreaktor LR1000 - Sysmatec\" \/>\n<meta property=\"og:description\" content=\"Laborreaktor. Er verf\u00fcgt \u00fcber ein R\u00fchrwerk zur optimalen Durchmischung sowie ein Heizsystem.\" \/>\n<meta property=\"og:url\" content=\"https:\/\/sysmatec.ch\/de\/produit\/laborreaktor-lr1000\/\" \/>\n<meta property=\"og:site_name\" content=\"Sysmatec\" \/>\n<meta property=\"article:modified_time\" content=\"2022-02-17T08:18:29+00:00\" \/>\n<meta property=\"og:image\" content=\"https:\/\/sysmatec.ch\/wp-content\/uploads\/2019\/03\/Reactor_LR1000.jpg\" \/>\n\t<meta property=\"og:image:width\" content=\"600\" \/>\n\t<meta property=\"og:image:height\" content=\"800\" \/>\n\t<meta property=\"og:image:type\" content=\"image\/jpeg\" \/>\n<meta name=\"twitter:card\" content=\"summary_large_image\" \/>\n<meta name=\"twitter:label1\" content=\"Gesch\u00e4tzte Lesezeit\" \/>\n\t<meta name=\"twitter:data1\" content=\"2\u00a0Minuten\" \/>\n<script type=\"application\/ld+json\" class=\"yoast-schema-graph\">{\"@context\":\"https:\\\/\\\/schema.org\",\"@graph\":[{\"@type\":\"WebPage\",\"@id\":\"https:\\\/\\\/sysmatec.ch\\\/de\\\/produit\\\/laborreaktor-lr1000\\\/\",\"url\":\"https:\\\/\\\/sysmatec.ch\\\/de\\\/produit\\\/laborreaktor-lr1000\\\/\",\"name\":\"Laborreaktor LR1000 - Sysmatec\",\"isPartOf\":{\"@id\":\"https:\\\/\\\/sysmatec.ch\\\/de\\\/#website\"},\"primaryImageOfPage\":{\"@id\":\"https:\\\/\\\/sysmatec.ch\\\/de\\\/produit\\\/laborreaktor-lr1000\\\/#primaryimage\"},\"image\":{\"@id\":\"https:\\\/\\\/sysmatec.ch\\\/de\\\/produit\\\/laborreaktor-lr1000\\\/#primaryimage\"},\"thumbnailUrl\":\"https:\\\/\\\/sysmatec.ch\\\/wp-content\\\/uploads\\\/2019\\\/03\\\/Reactor_LR1000.jpg\",\"datePublished\":\"2020-01-02T11:49:53+00:00\",\"dateModified\":\"2022-02-17T08:18:29+00:00\",\"description\":\"Laborreaktor. Er verf\u00fcgt \u00fcber ein R\u00fchrwerk zur optimalen Durchmischung sowie ein Heizsystem.\",\"breadcrumb\":{\"@id\":\"https:\\\/\\\/sysmatec.ch\\\/de\\\/produit\\\/laborreaktor-lr1000\\\/#breadcrumb\"},\"inLanguage\":\"de\",\"potentialAction\":[{\"@type\":\"ReadAction\",\"target\":[\"https:\\\/\\\/sysmatec.ch\\\/de\\\/produit\\\/laborreaktor-lr1000\\\/\"]}]},{\"@type\":\"ImageObject\",\"inLanguage\":\"de\",\"@id\":\"https:\\\/\\\/sysmatec.ch\\\/de\\\/produit\\\/laborreaktor-lr1000\\\/#primaryimage\",\"url\":\"https:\\\/\\\/sysmatec.ch\\\/wp-content\\\/uploads\\\/2019\\\/03\\\/Reactor_LR1000.jpg\",\"contentUrl\":\"https:\\\/\\\/sysmatec.ch\\\/wp-content\\\/uploads\\\/2019\\\/03\\\/Reactor_LR1000.jpg\",\"width\":600,\"height\":800},{\"@type\":\"BreadcrumbList\",\"@id\":\"https:\\\/\\\/sysmatec.ch\\\/de\\\/produit\\\/laborreaktor-lr1000\\\/#breadcrumb\",\"itemListElement\":[{\"@type\":\"ListItem\",\"position\":1,\"name\":\"Accueil\",\"item\":\"https:\\\/\\\/sysmatec.ch\\\/de\\\/\"},{\"@type\":\"ListItem\",\"position\":2,\"name\":\"Die Aktivit\u00e4t von Sysmatec\",\"item\":\"https:\\\/\\\/sysmatec.ch\\\/de\\\/\"},{\"@type\":\"ListItem\",\"position\":3,\"name\":\"Laborreaktor LR1000\"}]},{\"@type\":\"WebSite\",\"@id\":\"https:\\\/\\\/sysmatec.ch\\\/de\\\/#website\",\"url\":\"https:\\\/\\\/sysmatec.ch\\\/de\\\/\",\"name\":\"Sysmatec\",\"description\":\"Equipement de laboratoire et logiciels\",\"publisher\":{\"@id\":\"https:\\\/\\\/sysmatec.ch\\\/de\\\/#organization\"},\"potentialAction\":[{\"@type\":\"SearchAction\",\"target\":{\"@type\":\"EntryPoint\",\"urlTemplate\":\"https:\\\/\\\/sysmatec.ch\\\/de\\\/?s={search_term_string}\"},\"query-input\":{\"@type\":\"PropertyValueSpecification\",\"valueRequired\":true,\"valueName\":\"search_term_string\"}}],\"inLanguage\":\"de\"},{\"@type\":\"Organization\",\"@id\":\"https:\\\/\\\/sysmatec.ch\\\/de\\\/#organization\",\"name\":\"Sysmatec\",\"url\":\"https:\\\/\\\/sysmatec.ch\\\/de\\\/\",\"logo\":{\"@type\":\"ImageObject\",\"inLanguage\":\"de\",\"@id\":\"https:\\\/\\\/sysmatec.ch\\\/de\\\/#\\\/schema\\\/logo\\\/image\\\/\",\"url\":\"https:\\\/\\\/sysmatec.ch\\\/wp-content\\\/uploads\\\/2018\\\/11\\\/LogoSysmatec.jpg\",\"contentUrl\":\"https:\\\/\\\/sysmatec.ch\\\/wp-content\\\/uploads\\\/2018\\\/11\\\/LogoSysmatec.jpg\",\"width\":301,\"height\":297,\"caption\":\"Sysmatec\"},\"image\":{\"@id\":\"https:\\\/\\\/sysmatec.ch\\\/de\\\/#\\\/schema\\\/logo\\\/image\\\/\"}}]}<\/script>\n<!-- \/ Yoast SEO plugin. -->","yoast_head_json":{"title":"Laborreaktor LR1000 - Sysmatec","description":"Laborreaktor. Er verf\u00fcgt \u00fcber ein R\u00fchrwerk zur optimalen Durchmischung sowie ein Heizsystem.","robots":{"index":"index","follow":"follow","max-snippet":"max-snippet:-1","max-image-preview":"max-image-preview:large","max-video-preview":"max-video-preview:-1"},"canonical":"https:\/\/sysmatec.ch\/de\/produit\/laborreaktor-lr1000\/","og_locale":"de_DE","og_type":"article","og_title":"Laborreaktor LR1000 - Sysmatec","og_description":"Laborreaktor. Er verf\u00fcgt \u00fcber ein R\u00fchrwerk zur optimalen Durchmischung sowie ein Heizsystem.","og_url":"https:\/\/sysmatec.ch\/de\/produit\/laborreaktor-lr1000\/","og_site_name":"Sysmatec","article_modified_time":"2022-02-17T08:18:29+00:00","og_image":[{"width":600,"height":800,"url":"https:\/\/sysmatec.ch\/wp-content\/uploads\/2019\/03\/Reactor_LR1000.jpg","type":"image\/jpeg"}],"twitter_card":"summary_large_image","twitter_misc":{"Gesch\u00e4tzte Lesezeit":"2\u00a0Minuten"},"schema":{"@context":"https:\/\/schema.org","@graph":[{"@type":"WebPage","@id":"https:\/\/sysmatec.ch\/de\/produit\/laborreaktor-lr1000\/","url":"https:\/\/sysmatec.ch\/de\/produit\/laborreaktor-lr1000\/","name":"Laborreaktor LR1000 - Sysmatec","isPartOf":{"@id":"https:\/\/sysmatec.ch\/de\/#website"},"primaryImageOfPage":{"@id":"https:\/\/sysmatec.ch\/de\/produit\/laborreaktor-lr1000\/#primaryimage"},"image":{"@id":"https:\/\/sysmatec.ch\/de\/produit\/laborreaktor-lr1000\/#primaryimage"},"thumbnailUrl":"https:\/\/sysmatec.ch\/wp-content\/uploads\/2019\/03\/Reactor_LR1000.jpg","datePublished":"2020-01-02T11:49:53+00:00","dateModified":"2022-02-17T08:18:29+00:00","description":"Laborreaktor. Er verf\u00fcgt \u00fcber ein R\u00fchrwerk zur optimalen Durchmischung sowie ein Heizsystem.","breadcrumb":{"@id":"https:\/\/sysmatec.ch\/de\/produit\/laborreaktor-lr1000\/#breadcrumb"},"inLanguage":"de","potentialAction":[{"@type":"ReadAction","target":["https:\/\/sysmatec.ch\/de\/produit\/laborreaktor-lr1000\/"]}]},{"@type":"ImageObject","inLanguage":"de","@id":"https:\/\/sysmatec.ch\/de\/produit\/laborreaktor-lr1000\/#primaryimage","url":"https:\/\/sysmatec.ch\/wp-content\/uploads\/2019\/03\/Reactor_LR1000.jpg","contentUrl":"https:\/\/sysmatec.ch\/wp-content\/uploads\/2019\/03\/Reactor_LR1000.jpg","width":600,"height":800},{"@type":"BreadcrumbList","@id":"https:\/\/sysmatec.ch\/de\/produit\/laborreaktor-lr1000\/#breadcrumb","itemListElement":[{"@type":"ListItem","position":1,"name":"Accueil","item":"https:\/\/sysmatec.ch\/de\/"},{"@type":"ListItem","position":2,"name":"Die Aktivit\u00e4t von Sysmatec","item":"https:\/\/sysmatec.ch\/de\/"},{"@type":"ListItem","position":3,"name":"Laborreaktor LR1000"}]},{"@type":"WebSite","@id":"https:\/\/sysmatec.ch\/de\/#website","url":"https:\/\/sysmatec.ch\/de\/","name":"Sysmatec","description":"Equipement de laboratoire et logiciels","publisher":{"@id":"https:\/\/sysmatec.ch\/de\/#organization"},"potentialAction":[{"@type":"SearchAction","target":{"@type":"EntryPoint","urlTemplate":"https:\/\/sysmatec.ch\/de\/?s={search_term_string}"},"query-input":{"@type":"PropertyValueSpecification","valueRequired":true,"valueName":"search_term_string"}}],"inLanguage":"de"},{"@type":"Organization","@id":"https:\/\/sysmatec.ch\/de\/#organization","name":"Sysmatec","url":"https:\/\/sysmatec.ch\/de\/","logo":{"@type":"ImageObject","inLanguage":"de","@id":"https:\/\/sysmatec.ch\/de\/#\/schema\/logo\/image\/","url":"https:\/\/sysmatec.ch\/wp-content\/uploads\/2018\/11\/LogoSysmatec.jpg","contentUrl":"https:\/\/sysmatec.ch\/wp-content\/uploads\/2018\/11\/LogoSysmatec.jpg","width":301,"height":297,"caption":"Sysmatec"},"image":{"@id":"https:\/\/sysmatec.ch\/de\/#\/schema\/logo\/image\/"}}]}},"_links":{"self":[{"href":"https:\/\/sysmatec.ch\/de\/wp-json\/wp\/v2\/product\/14727","targetHints":{"allow":["GET"]}}],"collection":[{"href":"https:\/\/sysmatec.ch\/de\/wp-json\/wp\/v2\/product"}],"about":[{"href":"https:\/\/sysmatec.ch\/de\/wp-json\/wp\/v2\/types\/product"}],"wp:featuredmedia":[{"embeddable":true,"href":"https:\/\/sysmatec.ch\/de\/wp-json\/wp\/v2\/media\/14726"}],"wp:attachment":[{"href":"https:\/\/sysmatec.ch\/de\/wp-json\/wp\/v2\/media?parent=14727"}],"wp:term":[{"taxonomy":"product_brand","embeddable":true,"href":"https:\/\/sysmatec.ch\/de\/wp-json\/wp\/v2\/product_brand?post=14727"},{"taxonomy":"product_cat","embeddable":true,"href":"https:\/\/sysmatec.ch\/de\/wp-json\/wp\/v2\/product_cat?post=14727"},{"taxonomy":"product_tag","embeddable":true,"href":"https:\/\/sysmatec.ch\/de\/wp-json\/wp\/v2\/product_tag?post=14727"}],"curies":[{"name":"wp","href":"https:\/\/api.w.org\/{rel}","templated":true}]}}