{"id":14716,"date":"2019-03-09T21:30:43","date_gmt":"2019-03-09T20:30:43","guid":{"rendered":"https:\/\/sysmatec.ch\/?post_type=product&#038;p=14716"},"modified":"2022-02-17T09:05:47","modified_gmt":"2022-02-17T08:05:47","slug":"ionenkonzentrationsmessgeraet-der-serie-t-713","status":"publish","type":"product","link":"https:\/\/sysmatec.ch\/de\/Produkt\/ionenkonzentrationsmessgeraet-der-serie-t-713\/","title":{"rendered":"Ionenkonzentrationsmessger\u00e4t der Serie T-713"},"content":{"rendered":"<p align=\"left\">Testen Sie Ionen in w\u00e4ssrigen L\u00f6sungen mit den Merkmalen eines einfachen Probenvorgangs und einer schnellen und genauen Messung.<br \/>\nKapazitiver 7-Zoll-Farbbildschirm mit hoher Aufl\u00f6sung (1024 * 600) und Empfindlichkeit, der mehr Parameter anzeigen kann, intuitiver und einfacher zu lesen ist.<br \/>\nErf\u00fcllen Sie die GLP-Normen mit automatischer Kalibrierung, automatischer Temperaturkompensation, Datenspeicherung, USB-Datenexport, Uhr, kabellosem Drucken, Funktionseinstellung, intelligenter Selbstdiagnose und anderen intelligenten Funktionen.<br \/>\nEnglisches und chinesisches Betriebssystem, Humanisierungsdesign mit einstellbarer Bildschirmhelligkeit.<br \/>\nDer gro\u00dfe eingebaute Speicher kann 1000 Testdatens\u00e4tze speichern, die gespeichert und auf einen USB-Stick \u00fcbertragen und mit Excel ge\u00f6ffnet werden k\u00f6nnen. Dies ist sehr einfach und bequem zum Bearbeiten.<br \/>\nKann elektrisches Potential, pH, pX, Redoxpotential, Ionenkonzentration und Temperatur testen<br \/>\nSchneller Wechsel zwischen verschiedenen Einheiten: \u03bcg \/ l, mg \/ l, g \/ l, mol \/ l, mmol \/ l, PX.<br \/>\nAutomatische Erkennung von acht Arten von Standard-Leitf\u00e4higkeitsl\u00f6sungen. Als Option sind zwei Serien von Standardl\u00f6sungen erh\u00e4ltlich: Europa- und USA-Serien sowie China-Serien.<br \/>\nAutomatische Erkennung von Standard-pH-Pufferl\u00f6sungen. Optional sind drei Arten von Standardpuffern erh\u00e4ltlich: Serie Europe &amp; USA, Serie NIST und Serie China.<br \/>\nIntelligente Beurteilung des Elektrodenstatus, um eine genaue Verwendung f\u00fcr den Bediener sicherzustellen.<br \/>\nMit Standard-Bluetooth-Block und Unterst\u00fctzung f\u00fcr drahtloses Bluetooth-Drucken, um den Benutzern die Arbeit zu erleichtern. Optionale Daten\u00fcbertragung zum PC und Handy \u00fcber kabelloses Bluetooth.<\/p>\n<table width=\"743\">\n<tbody>\n<tr>\n<td width=\"188\">Beschreibung<\/td>\n<td width=\"109\">Modell<\/td>\n<td width=\"446\">Anwenung<\/td>\n<\/tr>\n<tr>\n<td width=\"188\">Fluoride ion meter<\/td>\n<td width=\"109\">T-713F<\/td>\n<td width=\"446\">Test und Analyse des Fluorids in Trinkwasser, Oberfl\u00e4chenwasser, Meerwasser, lebendem Abwasser und industriellem Abwasser sowie des Fluorions in mineralischen, organischen und biologischen Stoffen.<\/td>\n<\/tr>\n<tr>\n<td width=\"188\">Sodium ion meter<\/td>\n<td width=\"109\">T-713Na<\/td>\n<td width=\"446\">Geeignet zur Messung von Natriumionen und pH-Wert in Naturwasser, Kesselwasser und Industriedrainage, insbesondere zur Qualit\u00e4ts\u00fcberwachung von Reinstwasser in Kraftwerken.<\/td>\n<\/tr>\n<tr>\n<td width=\"188\">Chloride ion meter<\/td>\n<td width=\"109\">T-713Cl<\/td>\n<td width=\"446\">Messen Sie Chloridionen und den pH-Wert in Trinkwasser, Lebensmitteln und Abwasser.<\/td>\n<\/tr>\n<tr>\n<td width=\"188\">Calcium ion meter<\/td>\n<td width=\"109\">T-713Ca<\/td>\n<td width=\"446\">Testen Sie Calciumionen und den pH-Wert von Wasserl\u00f6sungen. Weit verbreitet in der Analyse und Forschung von Wasserqualit\u00e4t, Biochemie und Biomedizin.<\/td>\n<\/tr>\n<tr>\n<td width=\"188\">Bromide ion meter<\/td>\n<td width=\"109\">T-713Br<\/td>\n<td width=\"446\">Bromidionen und pH-Wert in Trinkwasser, Lebensmitteln und Abwasser pr\u00fcfen.<\/td>\n<\/tr>\n<tr>\n<td width=\"188\">Nitrate ion meter<\/td>\n<td width=\"109\">T-713NO<\/td>\n<td width=\"446\">Testen Sie Nitrationen und den pH-Wert in Trinkwasser, Lebensmitteln und Abwasser.<\/td>\n<\/tr>\n<tr>\n<td width=\"188\">Potassium ion meter<\/td>\n<td width=\"109\">T-713K<\/td>\n<td width=\"446\">Messen Sie Kaliumionen und den pH-Wert in Trinkwasser, Lebensmitteln und Abwasser.<\/td>\n<\/tr>\n<tr>\n<td width=\"188\">Ammonia Ion Meter<\/td>\n<td width=\"109\">T-700NH<\/td>\n<td width=\"446\">Testen Sie Ammoniak und Stickstoff sowie den pH-Wert in Trinkwasser, Lebensmitteln und Abwasser.<\/td>\n<\/tr>\n<tr>\n<td width=\"188\">Copper ion meter<\/td>\n<td width=\"109\">T-713Cu<\/td>\n<td width=\"446\">Testen Sie Kupferionen und den pH-Wert in der Lebensmittel-, Getr\u00e4nke-, Galvanik- und Abwasserindustrie.<\/td>\n<\/tr>\n<tr>\n<td width=\"188\">Iodide ion meter<\/td>\n<td width=\"109\">T-713I<\/td>\n<td width=\"446\">Pr\u00fcfen Sie Jodidionen und den pH-Wert in Trinkwasser, Lebensmitteln und Abwasser.<\/td>\n<\/tr>\n<\/tbody>\n<\/table>\n<table width=\"743\">\n<tbody>\n<tr>\n<td colspan=\"2\" width=\"297\">Instrument Grade<\/td>\n<td width=\"446\">0.001<\/td>\n<\/tr>\n<tr>\n<td rowspan=\"4\" width=\"188\">Messbereich<\/td>\n<td width=\"109\">pH\/pX<\/td>\n<td width=\"446\">(-2.000\uff5e20.000) pH, (0.00\uff5e14.00) pX<\/td>\n<\/tr>\n<tr>\n<td width=\"109\">mV<\/td>\n<td width=\"446\">(-1999.9\uff5e1999.9) mV<\/td>\n<\/tr>\n<tr>\n<td width=\"109\">Konzentration<\/td>\n<td width=\"446\">(0\uff5e19990), optional units: pX, mol\/L, mmol\/L, g\/L, mg\/L, \u03bcg\/L<\/td>\n<\/tr>\n<tr>\n<td width=\"109\">Temperatur<\/td>\n<td width=\"446\">(-10.0\uff5e110.0)\u2103<\/td>\n<\/tr>\n<tr>\n<td rowspan=\"4\" width=\"188\">Aufl\u00f6sung<\/td>\n<td width=\"109\">pH\/pX<\/td>\n<td width=\"446\">0.001pH\/pX<\/td>\n<\/tr>\n<tr>\n<td width=\"109\">mV<\/td>\n<td width=\"446\">0.01mV<\/td>\n<\/tr>\n<tr>\n<td width=\"109\">concentration<\/td>\n<td width=\"446\">4 significant digits(expressed in scientific notation)<\/td>\n<\/tr>\n<tr>\n<td width=\"109\">temperature<\/td>\n<td width=\"446\">0.1\u2103<\/td>\n<\/tr>\n<tr>\n<td rowspan=\"4\" width=\"188\">Genauigkeit<\/td>\n<td width=\"109\">pH\/pX<\/td>\n<td width=\"446\">\u00b10.002pH\/pX<\/td>\n<\/tr>\n<tr>\n<td width=\"109\">mV<\/td>\n<td width=\"446\">\u00b10.03\uff05FS<\/td>\n<\/tr>\n<tr>\n<td width=\"109\">Ion Konzentration<\/td>\n<td width=\"446\">\u00b10.3%<\/td>\n<\/tr>\n<tr>\n<td width=\"109\">Temperatur<\/td>\n<td width=\"446\">\u00b10.1\u2103<\/td>\n<\/tr>\n<tr>\n<td colspan=\"2\" width=\"297\">Stromspeisung<\/td>\n<td width=\"446\">DC 12V\/1A, mit Adapter<\/td>\n<\/tr>\n<tr>\n<td colspan=\"2\" width=\"297\">Dimensions &amp; Gewicht<\/td>\n<td width=\"446\">270\u00d7170\u00d770mm, 600g<\/td>\n<\/tr>\n<\/tbody>\n<\/table>\n<p><span title=\"\">Lieferung<\/span><br \/>\n<span title=\"\">1. Ionenkonzentrationsmesser 1 Einheit<\/span><br \/>\n<span title=\"\">2. Ionenelektrode 1 Stck<\/span><br \/>\n<span title=\"\">3. Bezugselektrode 1 Stck<\/span><br \/>\n<span title=\"\">4. Temperaturelektrode 1 Stk<\/span><br \/>\n<span title=\"\">5. Drehelektrodenhalter 1 Stck<\/span><br \/>\n<span title=\"\">6. Intelligenter R\u00fchrer 1 Stck<\/span><br \/>\n<span title=\"\">7. B628 R\u00fchrperle 3 Stck<\/span><br \/>\n<span title=\"\">8. 12V Netzteil f\u00fcr Instrument 1 Stck<\/span><br \/>\n<span title=\"\">9. 12V Netzteil f\u00fcr R\u00fchren 1 Stck<\/span><br \/>\n<span title=\"\">10. Bedienungsanleitung 1 Kopie<\/span><br \/>\n<span title=\"\">11. USB-Stick 1 Stck<\/span><\/p>\n","protected":false},"excerpt":{"rendered":"<p>Ionenkonzentrationsmessger\u00e4t<\/p>\n","protected":false},"featured_media":14715,"template":"","meta":{"_crdt_document":""},"product_brand":[],"product_cat":[185,370],"product_tag":[],"class_list":{"0":"post-14716","1":"product","2":"type-product","3":"status-publish","4":"has-post-thumbnail","6":"product_cat-analyzer-de","7":"product_cat-wasser","9":"first","10":"instock","11":"taxable","12":"shipping-taxable","13":"product-type-simple"},"yoast_head":"<!-- This site is optimized with the Yoast SEO plugin v27.3 - https:\/\/yoast.com\/product\/yoast-seo-wordpress\/ -->\n<title>Ionenkonzentrationsmessger\u00e4t der Serie T-713 - Sysmatec<\/title>\n<meta name=\"description\" content=\"Apparat zur Messung von Ionen in w\u00e4ssrigen L\u00f6sungen mit speziellen Elektroden: Fluorid, Chlorid, Natrium, Calcium, Bromid, Nitrat, Kalium, Ammoniak.\" \/>\n<meta name=\"robots\" content=\"index, follow, max-snippet:-1, max-image-preview:large, max-video-preview:-1\" \/>\n<link rel=\"canonical\" href=\"https:\/\/sysmatec.ch\/de\/produit\/ionenkonzentrationsmessgeraet-der-serie-t-713\/\" \/>\n<meta property=\"og:locale\" content=\"de_DE\" \/>\n<meta property=\"og:type\" content=\"article\" \/>\n<meta property=\"og:title\" content=\"Ionenkonzentrationsmessger\u00e4t der Serie T-713 - Sysmatec\" \/>\n<meta property=\"og:description\" content=\"Apparat zur Messung von Ionen in w\u00e4ssrigen L\u00f6sungen mit speziellen Elektroden: Fluorid, Chlorid, Natrium, Calcium, Bromid, Nitrat, Kalium, Ammoniak.\" \/>\n<meta property=\"og:url\" content=\"https:\/\/sysmatec.ch\/de\/produit\/ionenkonzentrationsmessgeraet-der-serie-t-713\/\" \/>\n<meta property=\"og:site_name\" content=\"Sysmatec\" \/>\n<meta property=\"article:modified_time\" content=\"2022-02-17T08:05:47+00:00\" \/>\n<meta property=\"og:image\" content=\"https:\/\/sysmatec.ch\/wp-content\/uploads\/2019\/03\/IonMeter_PeakInst.jpg\" \/>\n\t<meta property=\"og:image:width\" content=\"350\" \/>\n\t<meta property=\"og:image:height\" content=\"238\" \/>\n\t<meta property=\"og:image:type\" content=\"image\/jpeg\" \/>\n<meta name=\"twitter:card\" content=\"summary_large_image\" \/>\n<meta name=\"twitter:label1\" content=\"Gesch\u00e4tzte Lesezeit\" \/>\n\t<meta name=\"twitter:data1\" content=\"3\u00a0Minuten\" \/>\n<script type=\"application\/ld+json\" class=\"yoast-schema-graph\">{\"@context\":\"https:\\\/\\\/schema.org\",\"@graph\":[{\"@type\":\"WebPage\",\"@id\":\"https:\\\/\\\/sysmatec.ch\\\/de\\\/produit\\\/ionenkonzentrationsmessgeraet-der-serie-t-713\\\/\",\"url\":\"https:\\\/\\\/sysmatec.ch\\\/de\\\/produit\\\/ionenkonzentrationsmessgeraet-der-serie-t-713\\\/\",\"name\":\"Ionenkonzentrationsmessger\u00e4t der Serie T-713 - Sysmatec\",\"isPartOf\":{\"@id\":\"https:\\\/\\\/sysmatec.ch\\\/de\\\/#website\"},\"primaryImageOfPage\":{\"@id\":\"https:\\\/\\\/sysmatec.ch\\\/de\\\/produit\\\/ionenkonzentrationsmessgeraet-der-serie-t-713\\\/#primaryimage\"},\"image\":{\"@id\":\"https:\\\/\\\/sysmatec.ch\\\/de\\\/produit\\\/ionenkonzentrationsmessgeraet-der-serie-t-713\\\/#primaryimage\"},\"thumbnailUrl\":\"https:\\\/\\\/sysmatec.ch\\\/wp-content\\\/uploads\\\/2019\\\/03\\\/IonMeter_PeakInst.jpg\",\"datePublished\":\"2019-03-09T20:30:43+00:00\",\"dateModified\":\"2022-02-17T08:05:47+00:00\",\"description\":\"Apparat zur Messung von Ionen in w\u00e4ssrigen L\u00f6sungen mit speziellen Elektroden: Fluorid, Chlorid, Natrium, Calcium, Bromid, Nitrat, Kalium, Ammoniak.\",\"breadcrumb\":{\"@id\":\"https:\\\/\\\/sysmatec.ch\\\/de\\\/produit\\\/ionenkonzentrationsmessgeraet-der-serie-t-713\\\/#breadcrumb\"},\"inLanguage\":\"de\",\"potentialAction\":[{\"@type\":\"ReadAction\",\"target\":[\"https:\\\/\\\/sysmatec.ch\\\/de\\\/produit\\\/ionenkonzentrationsmessgeraet-der-serie-t-713\\\/\"]}]},{\"@type\":\"ImageObject\",\"inLanguage\":\"de\",\"@id\":\"https:\\\/\\\/sysmatec.ch\\\/de\\\/produit\\\/ionenkonzentrationsmessgeraet-der-serie-t-713\\\/#primaryimage\",\"url\":\"https:\\\/\\\/sysmatec.ch\\\/wp-content\\\/uploads\\\/2019\\\/03\\\/IonMeter_PeakInst.jpg\",\"contentUrl\":\"https:\\\/\\\/sysmatec.ch\\\/wp-content\\\/uploads\\\/2019\\\/03\\\/IonMeter_PeakInst.jpg\",\"width\":350,\"height\":238},{\"@type\":\"BreadcrumbList\",\"@id\":\"https:\\\/\\\/sysmatec.ch\\\/de\\\/produit\\\/ionenkonzentrationsmessgeraet-der-serie-t-713\\\/#breadcrumb\",\"itemListElement\":[{\"@type\":\"ListItem\",\"position\":1,\"name\":\"Accueil\",\"item\":\"https:\\\/\\\/sysmatec.ch\\\/de\\\/\"},{\"@type\":\"ListItem\",\"position\":2,\"name\":\"Die Aktivit\u00e4t von Sysmatec\",\"item\":\"https:\\\/\\\/sysmatec.ch\\\/de\\\/\"},{\"@type\":\"ListItem\",\"position\":3,\"name\":\"Ionenkonzentrationsmessger\u00e4t der Serie T-713\"}]},{\"@type\":\"WebSite\",\"@id\":\"https:\\\/\\\/sysmatec.ch\\\/de\\\/#website\",\"url\":\"https:\\\/\\\/sysmatec.ch\\\/de\\\/\",\"name\":\"Sysmatec\",\"description\":\"Equipement de laboratoire et logiciels\",\"publisher\":{\"@id\":\"https:\\\/\\\/sysmatec.ch\\\/de\\\/#organization\"},\"potentialAction\":[{\"@type\":\"SearchAction\",\"target\":{\"@type\":\"EntryPoint\",\"urlTemplate\":\"https:\\\/\\\/sysmatec.ch\\\/de\\\/?s={search_term_string}\"},\"query-input\":{\"@type\":\"PropertyValueSpecification\",\"valueRequired\":true,\"valueName\":\"search_term_string\"}}],\"inLanguage\":\"de\"},{\"@type\":\"Organization\",\"@id\":\"https:\\\/\\\/sysmatec.ch\\\/de\\\/#organization\",\"name\":\"Sysmatec\",\"url\":\"https:\\\/\\\/sysmatec.ch\\\/de\\\/\",\"logo\":{\"@type\":\"ImageObject\",\"inLanguage\":\"de\",\"@id\":\"https:\\\/\\\/sysmatec.ch\\\/de\\\/#\\\/schema\\\/logo\\\/image\\\/\",\"url\":\"https:\\\/\\\/sysmatec.ch\\\/wp-content\\\/uploads\\\/2018\\\/11\\\/LogoSysmatec.jpg\",\"contentUrl\":\"https:\\\/\\\/sysmatec.ch\\\/wp-content\\\/uploads\\\/2018\\\/11\\\/LogoSysmatec.jpg\",\"width\":301,\"height\":297,\"caption\":\"Sysmatec\"},\"image\":{\"@id\":\"https:\\\/\\\/sysmatec.ch\\\/de\\\/#\\\/schema\\\/logo\\\/image\\\/\"}}]}<\/script>\n<!-- \/ Yoast SEO plugin. -->","yoast_head_json":{"title":"Ionenkonzentrationsmessger\u00e4t der Serie T-713 - Sysmatec","description":"Apparat zur Messung von Ionen in w\u00e4ssrigen L\u00f6sungen mit speziellen Elektroden: Fluorid, Chlorid, Natrium, Calcium, Bromid, Nitrat, Kalium, Ammoniak.","robots":{"index":"index","follow":"follow","max-snippet":"max-snippet:-1","max-image-preview":"max-image-preview:large","max-video-preview":"max-video-preview:-1"},"canonical":"https:\/\/sysmatec.ch\/de\/produit\/ionenkonzentrationsmessgeraet-der-serie-t-713\/","og_locale":"de_DE","og_type":"article","og_title":"Ionenkonzentrationsmessger\u00e4t der Serie T-713 - Sysmatec","og_description":"Apparat zur Messung von Ionen in w\u00e4ssrigen L\u00f6sungen mit speziellen Elektroden: Fluorid, Chlorid, Natrium, Calcium, Bromid, Nitrat, Kalium, Ammoniak.","og_url":"https:\/\/sysmatec.ch\/de\/produit\/ionenkonzentrationsmessgeraet-der-serie-t-713\/","og_site_name":"Sysmatec","article_modified_time":"2022-02-17T08:05:47+00:00","og_image":[{"width":350,"height":238,"url":"https:\/\/sysmatec.ch\/wp-content\/uploads\/2019\/03\/IonMeter_PeakInst.jpg","type":"image\/jpeg"}],"twitter_card":"summary_large_image","twitter_misc":{"Gesch\u00e4tzte Lesezeit":"3\u00a0Minuten"},"schema":{"@context":"https:\/\/schema.org","@graph":[{"@type":"WebPage","@id":"https:\/\/sysmatec.ch\/de\/produit\/ionenkonzentrationsmessgeraet-der-serie-t-713\/","url":"https:\/\/sysmatec.ch\/de\/produit\/ionenkonzentrationsmessgeraet-der-serie-t-713\/","name":"Ionenkonzentrationsmessger\u00e4t der Serie T-713 - Sysmatec","isPartOf":{"@id":"https:\/\/sysmatec.ch\/de\/#website"},"primaryImageOfPage":{"@id":"https:\/\/sysmatec.ch\/de\/produit\/ionenkonzentrationsmessgeraet-der-serie-t-713\/#primaryimage"},"image":{"@id":"https:\/\/sysmatec.ch\/de\/produit\/ionenkonzentrationsmessgeraet-der-serie-t-713\/#primaryimage"},"thumbnailUrl":"https:\/\/sysmatec.ch\/wp-content\/uploads\/2019\/03\/IonMeter_PeakInst.jpg","datePublished":"2019-03-09T20:30:43+00:00","dateModified":"2022-02-17T08:05:47+00:00","description":"Apparat zur Messung von Ionen in w\u00e4ssrigen L\u00f6sungen mit speziellen Elektroden: Fluorid, Chlorid, Natrium, Calcium, Bromid, Nitrat, Kalium, Ammoniak.","breadcrumb":{"@id":"https:\/\/sysmatec.ch\/de\/produit\/ionenkonzentrationsmessgeraet-der-serie-t-713\/#breadcrumb"},"inLanguage":"de","potentialAction":[{"@type":"ReadAction","target":["https:\/\/sysmatec.ch\/de\/produit\/ionenkonzentrationsmessgeraet-der-serie-t-713\/"]}]},{"@type":"ImageObject","inLanguage":"de","@id":"https:\/\/sysmatec.ch\/de\/produit\/ionenkonzentrationsmessgeraet-der-serie-t-713\/#primaryimage","url":"https:\/\/sysmatec.ch\/wp-content\/uploads\/2019\/03\/IonMeter_PeakInst.jpg","contentUrl":"https:\/\/sysmatec.ch\/wp-content\/uploads\/2019\/03\/IonMeter_PeakInst.jpg","width":350,"height":238},{"@type":"BreadcrumbList","@id":"https:\/\/sysmatec.ch\/de\/produit\/ionenkonzentrationsmessgeraet-der-serie-t-713\/#breadcrumb","itemListElement":[{"@type":"ListItem","position":1,"name":"Accueil","item":"https:\/\/sysmatec.ch\/de\/"},{"@type":"ListItem","position":2,"name":"Die Aktivit\u00e4t von Sysmatec","item":"https:\/\/sysmatec.ch\/de\/"},{"@type":"ListItem","position":3,"name":"Ionenkonzentrationsmessger\u00e4t der Serie T-713"}]},{"@type":"WebSite","@id":"https:\/\/sysmatec.ch\/de\/#website","url":"https:\/\/sysmatec.ch\/de\/","name":"Sysmatec","description":"Equipement de laboratoire et logiciels","publisher":{"@id":"https:\/\/sysmatec.ch\/de\/#organization"},"potentialAction":[{"@type":"SearchAction","target":{"@type":"EntryPoint","urlTemplate":"https:\/\/sysmatec.ch\/de\/?s={search_term_string}"},"query-input":{"@type":"PropertyValueSpecification","valueRequired":true,"valueName":"search_term_string"}}],"inLanguage":"de"},{"@type":"Organization","@id":"https:\/\/sysmatec.ch\/de\/#organization","name":"Sysmatec","url":"https:\/\/sysmatec.ch\/de\/","logo":{"@type":"ImageObject","inLanguage":"de","@id":"https:\/\/sysmatec.ch\/de\/#\/schema\/logo\/image\/","url":"https:\/\/sysmatec.ch\/wp-content\/uploads\/2018\/11\/LogoSysmatec.jpg","contentUrl":"https:\/\/sysmatec.ch\/wp-content\/uploads\/2018\/11\/LogoSysmatec.jpg","width":301,"height":297,"caption":"Sysmatec"},"image":{"@id":"https:\/\/sysmatec.ch\/de\/#\/schema\/logo\/image\/"}}]}},"_links":{"self":[{"href":"https:\/\/sysmatec.ch\/de\/wp-json\/wp\/v2\/product\/14716","targetHints":{"allow":["GET"]}}],"collection":[{"href":"https:\/\/sysmatec.ch\/de\/wp-json\/wp\/v2\/product"}],"about":[{"href":"https:\/\/sysmatec.ch\/de\/wp-json\/wp\/v2\/types\/product"}],"wp:featuredmedia":[{"embeddable":true,"href":"https:\/\/sysmatec.ch\/de\/wp-json\/wp\/v2\/media\/14715"}],"wp:attachment":[{"href":"https:\/\/sysmatec.ch\/de\/wp-json\/wp\/v2\/media?parent=14716"}],"wp:term":[{"taxonomy":"product_brand","embeddable":true,"href":"https:\/\/sysmatec.ch\/de\/wp-json\/wp\/v2\/product_brand?post=14716"},{"taxonomy":"product_cat","embeddable":true,"href":"https:\/\/sysmatec.ch\/de\/wp-json\/wp\/v2\/product_cat?post=14716"},{"taxonomy":"product_tag","embeddable":true,"href":"https:\/\/sysmatec.ch\/de\/wp-json\/wp\/v2\/product_tag?post=14716"}],"curies":[{"name":"wp","href":"https:\/\/api.w.org\/{rel}","templated":true}]}}