{"id":14706,"date":"2019-05-25T21:43:11","date_gmt":"2020-01-02T09:23:30","guid":{"rendered":"https:\/\/sysmatec.ch\/?post_type=product&#038;p=14706"},"modified":"2022-01-10T22:02:10","modified_gmt":"2022-01-10T21:02:10","slug":"leichter-tragbarer-uv-detektor-agileuvtm","status":"publish","type":"product","link":"https:\/\/sysmatec.ch\/de\/Produkt\/leichter-tragbarer-uv-detektor-agileuvtm\/","title":{"rendered":"Leichte tragbare UV-Lamp AgileUVTM"},"content":{"rendered":"<p>Die tragbare UV-Lampe AgileUVTM bietet wahlweise eine Wellenl\u00e4nge von 365 nm und 254 nm oder doppelte Wellenl\u00e4ngen 365nm \/ 254nm. Sie dient zum Nachweis von Nukleins\u00e4ure-Farbstoffen, wie zum Beispiel Ethidiumbromid, Acridinorange, in Fluoreszenzfarbstoffen. Sie ist weit verbreitet f\u00fcr nukleins\u00e4ure Tests in vielen Branchen, einschlie\u00dflich Molekularbiologie, biologische Chemie, Medizin, forensische Autopsieuntersuchung sowie biologischer Wirkstoff.<\/p>\n<h2>Eigenschaften der UV Lampe<\/h2>\n<ul>\n<li>Kompaktes Design, einfache Bedienung, eine Taste zum Umschalten der Wellenl\u00e4ngen.<\/li>\n<li>Einzelne oder doppelte Wellenl\u00e4ngen (365nm \/ 254nm).<\/li>\n<li>Langlebige LED.<\/li>\n<li>H-Typ steht f\u00fcr die Option, das Ger\u00e4t zu reparieren.<\/li>\n<li>Die Halterung vom Typ H dient zur Befestigung des Ger\u00e4ts. Es kann H\u00f6he und Winkel einstellen.<\/li>\n<li>Wellenl\u00e4nge: 365nm und 254nm<\/li>\n<li>Abmessung: 440 \u00d7 75 \u00d7 51 mm<\/li>\n<li>Leistung: \u22646 Watt<\/li>\n<li>Eingangsleistung: AC100-230V 50 \/ 60HzUV-Fenster: 150 x 50 mm<\/li>\n<li>Nettogewicht: 700g<\/li>\n<\/ul>\n<p>Achtung:<br \/>\n1. B\u00fcrsten oder dr\u00fccken Sie den UV-Farbfilter nicht. Halten Sie es sauber und trocken. Reinigen Sie den UV-Farbfilter mit Gaze nach Gebrauch.<br \/>\n2. Ultraviolette Strahlung beeintr\u00e4chtigt die menschliche Gesundheit. Schalten Sie das Ger\u00e4t aus, wenn Sie es nicht verwenden. Richten Sie AgileUVTM bei der Verwendung nicht auf Personen.<\/p>\n","protected":false},"excerpt":{"rendered":"<p>Leichte tragbare UV-Lampe<\/p>\n","protected":false},"featured_media":14705,"template":"","meta":{"_crdt_document":""},"product_brand":[],"product_cat":[147],"product_tag":[],"class_list":{"0":"post-14706","1":"product","2":"type-product","3":"status-publish","4":"has-post-thumbnail","6":"product_cat-uv-lampe","8":"first","9":"instock","10":"taxable","11":"shipping-taxable","12":"product-type-simple"},"yoast_head":"<!-- This site is optimized with the Yoast SEO plugin v27.3 - https:\/\/yoast.com\/product\/yoast-seo-wordpress\/ -->\n<title>Leichte tragbare UV-Lamp AgileUVTM - Sysmatec<\/title>\n<meta name=\"description\" content=\"Tragbare LED-UV-Lampe. Zwei Wellenl\u00e4ngen 254 und 350 nm. Wird h\u00e4ufig zum Nachweis von Nukleins\u00e4uren verwendet.\" \/>\n<meta name=\"robots\" content=\"index, follow, max-snippet:-1, max-image-preview:large, max-video-preview:-1\" \/>\n<link rel=\"canonical\" href=\"https:\/\/sysmatec.ch\/de\/produit\/leichter-tragbarer-uv-detektor-agileuvtm\/\" \/>\n<meta property=\"og:locale\" content=\"de_DE\" \/>\n<meta property=\"og:type\" content=\"article\" \/>\n<meta property=\"og:title\" content=\"Leichte tragbare UV-Lamp AgileUVTM - Sysmatec\" \/>\n<meta property=\"og:description\" content=\"Tragbare LED-UV-Lampe. Zwei Wellenl\u00e4ngen 254 und 350 nm. Wird h\u00e4ufig zum Nachweis von Nukleins\u00e4uren verwendet.\" \/>\n<meta property=\"og:url\" content=\"https:\/\/sysmatec.ch\/de\/produit\/leichter-tragbarer-uv-detektor-agileuvtm\/\" \/>\n<meta property=\"og:site_name\" content=\"Sysmatec\" \/>\n<meta property=\"article:modified_time\" content=\"2022-01-10T21:02:10+00:00\" \/>\n<meta property=\"og:image\" content=\"https:\/\/sysmatec.ch\/wp-content\/uploads\/2019\/05\/UVLamp_Avansbio.jpg\" \/>\n\t<meta property=\"og:image:width\" content=\"383\" \/>\n\t<meta property=\"og:image:height\" content=\"326\" \/>\n\t<meta property=\"og:image:type\" content=\"image\/jpeg\" \/>\n<meta name=\"twitter:card\" content=\"summary_large_image\" \/>\n<meta name=\"twitter:label1\" content=\"Gesch\u00e4tzte Lesezeit\" \/>\n\t<meta name=\"twitter:data1\" content=\"1\u00a0Minute\" \/>\n<script type=\"application\/ld+json\" class=\"yoast-schema-graph\">{\"@context\":\"https:\\\/\\\/schema.org\",\"@graph\":[{\"@type\":\"WebPage\",\"@id\":\"https:\\\/\\\/sysmatec.ch\\\/de\\\/produit\\\/leichter-tragbarer-uv-detektor-agileuvtm\\\/\",\"url\":\"https:\\\/\\\/sysmatec.ch\\\/de\\\/produit\\\/leichter-tragbarer-uv-detektor-agileuvtm\\\/\",\"name\":\"Leichte tragbare UV-Lamp AgileUVTM - Sysmatec\",\"isPartOf\":{\"@id\":\"https:\\\/\\\/sysmatec.ch\\\/de\\\/#website\"},\"primaryImageOfPage\":{\"@id\":\"https:\\\/\\\/sysmatec.ch\\\/de\\\/produit\\\/leichter-tragbarer-uv-detektor-agileuvtm\\\/#primaryimage\"},\"image\":{\"@id\":\"https:\\\/\\\/sysmatec.ch\\\/de\\\/produit\\\/leichter-tragbarer-uv-detektor-agileuvtm\\\/#primaryimage\"},\"thumbnailUrl\":\"https:\\\/\\\/sysmatec.ch\\\/wp-content\\\/uploads\\\/2019\\\/05\\\/UVLamp_Avansbio.jpg\",\"datePublished\":\"2020-01-02T09:23:30+00:00\",\"dateModified\":\"2022-01-10T21:02:10+00:00\",\"description\":\"Tragbare LED-UV-Lampe. Zwei Wellenl\u00e4ngen 254 und 350 nm. Wird h\u00e4ufig zum Nachweis von Nukleins\u00e4uren verwendet.\",\"breadcrumb\":{\"@id\":\"https:\\\/\\\/sysmatec.ch\\\/de\\\/produit\\\/leichter-tragbarer-uv-detektor-agileuvtm\\\/#breadcrumb\"},\"inLanguage\":\"de\",\"potentialAction\":[{\"@type\":\"ReadAction\",\"target\":[\"https:\\\/\\\/sysmatec.ch\\\/de\\\/produit\\\/leichter-tragbarer-uv-detektor-agileuvtm\\\/\"]}]},{\"@type\":\"ImageObject\",\"inLanguage\":\"de\",\"@id\":\"https:\\\/\\\/sysmatec.ch\\\/de\\\/produit\\\/leichter-tragbarer-uv-detektor-agileuvtm\\\/#primaryimage\",\"url\":\"https:\\\/\\\/sysmatec.ch\\\/wp-content\\\/uploads\\\/2019\\\/05\\\/UVLamp_Avansbio.jpg\",\"contentUrl\":\"https:\\\/\\\/sysmatec.ch\\\/wp-content\\\/uploads\\\/2019\\\/05\\\/UVLamp_Avansbio.jpg\",\"width\":383,\"height\":326},{\"@type\":\"BreadcrumbList\",\"@id\":\"https:\\\/\\\/sysmatec.ch\\\/de\\\/produit\\\/leichter-tragbarer-uv-detektor-agileuvtm\\\/#breadcrumb\",\"itemListElement\":[{\"@type\":\"ListItem\",\"position\":1,\"name\":\"Accueil\",\"item\":\"https:\\\/\\\/sysmatec.ch\\\/de\\\/\"},{\"@type\":\"ListItem\",\"position\":2,\"name\":\"Die Aktivit\u00e4t von Sysmatec\",\"item\":\"https:\\\/\\\/sysmatec.ch\\\/de\\\/\"},{\"@type\":\"ListItem\",\"position\":3,\"name\":\"Leichte tragbare UV-Lamp AgileUVTM\"}]},{\"@type\":\"WebSite\",\"@id\":\"https:\\\/\\\/sysmatec.ch\\\/de\\\/#website\",\"url\":\"https:\\\/\\\/sysmatec.ch\\\/de\\\/\",\"name\":\"Sysmatec\",\"description\":\"Equipement de laboratoire et logiciels\",\"publisher\":{\"@id\":\"https:\\\/\\\/sysmatec.ch\\\/de\\\/#organization\"},\"potentialAction\":[{\"@type\":\"SearchAction\",\"target\":{\"@type\":\"EntryPoint\",\"urlTemplate\":\"https:\\\/\\\/sysmatec.ch\\\/de\\\/?s={search_term_string}\"},\"query-input\":{\"@type\":\"PropertyValueSpecification\",\"valueRequired\":true,\"valueName\":\"search_term_string\"}}],\"inLanguage\":\"de\"},{\"@type\":\"Organization\",\"@id\":\"https:\\\/\\\/sysmatec.ch\\\/de\\\/#organization\",\"name\":\"Sysmatec\",\"url\":\"https:\\\/\\\/sysmatec.ch\\\/de\\\/\",\"logo\":{\"@type\":\"ImageObject\",\"inLanguage\":\"de\",\"@id\":\"https:\\\/\\\/sysmatec.ch\\\/de\\\/#\\\/schema\\\/logo\\\/image\\\/\",\"url\":\"https:\\\/\\\/sysmatec.ch\\\/wp-content\\\/uploads\\\/2018\\\/11\\\/LogoSysmatec.jpg\",\"contentUrl\":\"https:\\\/\\\/sysmatec.ch\\\/wp-content\\\/uploads\\\/2018\\\/11\\\/LogoSysmatec.jpg\",\"width\":301,\"height\":297,\"caption\":\"Sysmatec\"},\"image\":{\"@id\":\"https:\\\/\\\/sysmatec.ch\\\/de\\\/#\\\/schema\\\/logo\\\/image\\\/\"}}]}<\/script>\n<!-- \/ Yoast SEO plugin. -->","yoast_head_json":{"title":"Leichte tragbare UV-Lamp AgileUVTM - Sysmatec","description":"Tragbare LED-UV-Lampe. Zwei Wellenl\u00e4ngen 254 und 350 nm. Wird h\u00e4ufig zum Nachweis von Nukleins\u00e4uren verwendet.","robots":{"index":"index","follow":"follow","max-snippet":"max-snippet:-1","max-image-preview":"max-image-preview:large","max-video-preview":"max-video-preview:-1"},"canonical":"https:\/\/sysmatec.ch\/de\/produit\/leichter-tragbarer-uv-detektor-agileuvtm\/","og_locale":"de_DE","og_type":"article","og_title":"Leichte tragbare UV-Lamp AgileUVTM - Sysmatec","og_description":"Tragbare LED-UV-Lampe. Zwei Wellenl\u00e4ngen 254 und 350 nm. Wird h\u00e4ufig zum Nachweis von Nukleins\u00e4uren verwendet.","og_url":"https:\/\/sysmatec.ch\/de\/produit\/leichter-tragbarer-uv-detektor-agileuvtm\/","og_site_name":"Sysmatec","article_modified_time":"2022-01-10T21:02:10+00:00","og_image":[{"width":383,"height":326,"url":"https:\/\/sysmatec.ch\/wp-content\/uploads\/2019\/05\/UVLamp_Avansbio.jpg","type":"image\/jpeg"}],"twitter_card":"summary_large_image","twitter_misc":{"Gesch\u00e4tzte Lesezeit":"1\u00a0Minute"},"schema":{"@context":"https:\/\/schema.org","@graph":[{"@type":"WebPage","@id":"https:\/\/sysmatec.ch\/de\/produit\/leichter-tragbarer-uv-detektor-agileuvtm\/","url":"https:\/\/sysmatec.ch\/de\/produit\/leichter-tragbarer-uv-detektor-agileuvtm\/","name":"Leichte tragbare UV-Lamp AgileUVTM - Sysmatec","isPartOf":{"@id":"https:\/\/sysmatec.ch\/de\/#website"},"primaryImageOfPage":{"@id":"https:\/\/sysmatec.ch\/de\/produit\/leichter-tragbarer-uv-detektor-agileuvtm\/#primaryimage"},"image":{"@id":"https:\/\/sysmatec.ch\/de\/produit\/leichter-tragbarer-uv-detektor-agileuvtm\/#primaryimage"},"thumbnailUrl":"https:\/\/sysmatec.ch\/wp-content\/uploads\/2019\/05\/UVLamp_Avansbio.jpg","datePublished":"2020-01-02T09:23:30+00:00","dateModified":"2022-01-10T21:02:10+00:00","description":"Tragbare LED-UV-Lampe. Zwei Wellenl\u00e4ngen 254 und 350 nm. Wird h\u00e4ufig zum Nachweis von Nukleins\u00e4uren verwendet.","breadcrumb":{"@id":"https:\/\/sysmatec.ch\/de\/produit\/leichter-tragbarer-uv-detektor-agileuvtm\/#breadcrumb"},"inLanguage":"de","potentialAction":[{"@type":"ReadAction","target":["https:\/\/sysmatec.ch\/de\/produit\/leichter-tragbarer-uv-detektor-agileuvtm\/"]}]},{"@type":"ImageObject","inLanguage":"de","@id":"https:\/\/sysmatec.ch\/de\/produit\/leichter-tragbarer-uv-detektor-agileuvtm\/#primaryimage","url":"https:\/\/sysmatec.ch\/wp-content\/uploads\/2019\/05\/UVLamp_Avansbio.jpg","contentUrl":"https:\/\/sysmatec.ch\/wp-content\/uploads\/2019\/05\/UVLamp_Avansbio.jpg","width":383,"height":326},{"@type":"BreadcrumbList","@id":"https:\/\/sysmatec.ch\/de\/produit\/leichter-tragbarer-uv-detektor-agileuvtm\/#breadcrumb","itemListElement":[{"@type":"ListItem","position":1,"name":"Accueil","item":"https:\/\/sysmatec.ch\/de\/"},{"@type":"ListItem","position":2,"name":"Die Aktivit\u00e4t von Sysmatec","item":"https:\/\/sysmatec.ch\/de\/"},{"@type":"ListItem","position":3,"name":"Leichte tragbare UV-Lamp AgileUVTM"}]},{"@type":"WebSite","@id":"https:\/\/sysmatec.ch\/de\/#website","url":"https:\/\/sysmatec.ch\/de\/","name":"Sysmatec","description":"Equipement de laboratoire et logiciels","publisher":{"@id":"https:\/\/sysmatec.ch\/de\/#organization"},"potentialAction":[{"@type":"SearchAction","target":{"@type":"EntryPoint","urlTemplate":"https:\/\/sysmatec.ch\/de\/?s={search_term_string}"},"query-input":{"@type":"PropertyValueSpecification","valueRequired":true,"valueName":"search_term_string"}}],"inLanguage":"de"},{"@type":"Organization","@id":"https:\/\/sysmatec.ch\/de\/#organization","name":"Sysmatec","url":"https:\/\/sysmatec.ch\/de\/","logo":{"@type":"ImageObject","inLanguage":"de","@id":"https:\/\/sysmatec.ch\/de\/#\/schema\/logo\/image\/","url":"https:\/\/sysmatec.ch\/wp-content\/uploads\/2018\/11\/LogoSysmatec.jpg","contentUrl":"https:\/\/sysmatec.ch\/wp-content\/uploads\/2018\/11\/LogoSysmatec.jpg","width":301,"height":297,"caption":"Sysmatec"},"image":{"@id":"https:\/\/sysmatec.ch\/de\/#\/schema\/logo\/image\/"}}]}},"_links":{"self":[{"href":"https:\/\/sysmatec.ch\/de\/wp-json\/wp\/v2\/product\/14706","targetHints":{"allow":["GET"]}}],"collection":[{"href":"https:\/\/sysmatec.ch\/de\/wp-json\/wp\/v2\/product"}],"about":[{"href":"https:\/\/sysmatec.ch\/de\/wp-json\/wp\/v2\/types\/product"}],"wp:featuredmedia":[{"embeddable":true,"href":"https:\/\/sysmatec.ch\/de\/wp-json\/wp\/v2\/media\/14705"}],"wp:attachment":[{"href":"https:\/\/sysmatec.ch\/de\/wp-json\/wp\/v2\/media?parent=14706"}],"wp:term":[{"taxonomy":"product_brand","embeddable":true,"href":"https:\/\/sysmatec.ch\/de\/wp-json\/wp\/v2\/product_brand?post=14706"},{"taxonomy":"product_cat","embeddable":true,"href":"https:\/\/sysmatec.ch\/de\/wp-json\/wp\/v2\/product_cat?post=14706"},{"taxonomy":"product_tag","embeddable":true,"href":"https:\/\/sysmatec.ch\/de\/wp-json\/wp\/v2\/product_tag?post=14706"}],"curies":[{"name":"wp","href":"https:\/\/api.w.org\/{rel}","templated":true}]}}