{"id":14694,"date":"2019-05-25T21:43:11","date_gmt":"2019-12-30T10:53:45","guid":{"rendered":"https:\/\/sysmatec.ch\/?post_type=product&#038;p=14694"},"modified":"2022-01-10T21:45:57","modified_gmt":"2022-01-10T20:45:57","slug":"sauerstoff-transmitter-fcx-tr","status":"publish","type":"product","link":"https:\/\/sysmatec.ch\/de\/Produkt\/sauerstoff-transmitter-fcx-tr\/","title":{"rendered":"Sauerstoff Transmitter FCX-TR"},"content":{"rendered":"<p>Der beliebte Sauerstoffsensor FCX, der seit \u00fcber 25 Jahren als Referenz f\u00fcr alle Sauerstoffsensoren gilt, wird \u00fcber eine hochmoderne Steuerkarte f\u00fcr die genaue Messung der Sauerstoffkonzentration elektronisch gesteuert. Der FCX-Sensor und die Elektronik sind in einem Sendergeh\u00e4use aus Edelstahl montiert, um die Montage des Senders in der Anwendung zu vereinfachen. Der Messumformer ist ein gebrauchsfertiges, eigenst\u00e4ndiges Ger\u00e4t, das auch f\u00fcr hohe Dr\u00fccke geeignet ist.<\/p>\n<h2>Sauerstoff Transmitter Eigenschaften<\/h2>\n<p>Bereich: 0\u20131000 ppm O 2, 0\u20135 Vol .-% O 2, 0\u201325 Vol .-% O 2, 0,1\u201395 Vol .-% O 2<br \/>\nGenauigkeit: 0,5 bis 5% Skalenendwert<br \/>\nStabilit\u00e4t: +\/- 0,5% Skalenendwert \/ Jahr<br \/>\nWiederholgenauigkeit: +\/- 1% Full-Scale<br \/>\nKalibrierung: Potentiometer, 1 Punkt<br \/>\nReaktionszeit (Diffusion) T90: &lt;30 Sek.<br \/>\nBetriebstemperatur: -20 bis 70 \u00b0 C<br \/>\nGastemperatur: max. 125 \u00b0 C<br \/>\nLuftfeuchtigkeit: 0 bis 98% rF, nicht kondensierend<br \/>\nAufw\u00e4rmzeit: 3 min<br \/>\nVersorgungsspannung: 10-28 VDC<br \/>\nLeistungsaufnahme: &lt;2 W<br \/>\nAusgangssignal: 4-20 mA, 3 Dr\u00e4hte<br \/>\nSensorlebensdauer:&gt; 200 000 Stunden Vol%<br \/>\nAbmessungen: 105 x 27 mm (Anschluss G1 \/ 2)<br \/>\nGewicht: 220 g<\/p>\n","protected":false},"excerpt":{"rendered":"<p>Sauerstoff Transmitter mit 4-20 mA Ausgang<\/p>\n","protected":false},"featured_media":14693,"template":"","meta":{"_crdt_document":""},"product_brand":[],"product_cat":[180,246],"product_tag":[],"class_list":{"0":"post-14694","1":"product","2":"type-product","3":"status-publish","4":"has-post-thumbnail","6":"product_cat-messung","7":"product_cat-sauerstoff","9":"first","10":"instock","11":"taxable","12":"shipping-taxable","13":"product-type-simple"},"yoast_head":"<!-- This site is optimized with the Yoast SEO plugin v27.3 - https:\/\/yoast.com\/product\/yoast-seo-wordpress\/ -->\n<title>Sauerstoff Transmitter FCX-TR - Sysmatec<\/title>\n<meta name=\"description\" content=\"Sauerstoffsensor f\u00fcr Gas mit 4-20 mA Ausgang. Bereiche 0-1000 ppm O2, 0-5 Vol% O2, 0-25 Vol% O2, 0,1 - 95 Vol% O2. Kann unter hohem Druck betrieben werden.\" \/>\n<meta name=\"robots\" content=\"index, follow, max-snippet:-1, max-image-preview:large, max-video-preview:-1\" \/>\n<link rel=\"canonical\" href=\"https:\/\/sysmatec.ch\/de\/produit\/sauerstoff-transmitter-fcx-tr\/\" \/>\n<meta property=\"og:locale\" content=\"de_DE\" \/>\n<meta property=\"og:type\" content=\"article\" \/>\n<meta property=\"og:title\" content=\"Sauerstoff Transmitter FCX-TR - Sysmatec\" \/>\n<meta property=\"og:description\" content=\"Sauerstoffsensor f\u00fcr Gas mit 4-20 mA Ausgang. Bereiche 0-1000 ppm O2, 0-5 Vol% O2, 0-25 Vol% O2, 0,1 - 95 Vol% O2. Kann unter hohem Druck betrieben werden.\" \/>\n<meta property=\"og:url\" content=\"https:\/\/sysmatec.ch\/de\/produit\/sauerstoff-transmitter-fcx-tr\/\" \/>\n<meta property=\"og:site_name\" content=\"Sysmatec\" \/>\n<meta property=\"article:modified_time\" content=\"2022-01-10T20:45:57+00:00\" \/>\n<meta property=\"og:image\" content=\"https:\/\/sysmatec.ch\/wp-content\/uploads\/2019\/05\/Oxygen_FCXTR.jpg\" \/>\n\t<meta property=\"og:image:width\" content=\"720\" \/>\n\t<meta property=\"og:image:height\" content=\"455\" \/>\n\t<meta property=\"og:image:type\" content=\"image\/jpeg\" \/>\n<meta name=\"twitter:card\" content=\"summary_large_image\" \/>\n<meta name=\"twitter:label1\" content=\"Gesch\u00e4tzte Lesezeit\" \/>\n\t<meta name=\"twitter:data1\" content=\"1\u00a0Minute\" \/>\n<script type=\"application\/ld+json\" class=\"yoast-schema-graph\">{\"@context\":\"https:\\\/\\\/schema.org\",\"@graph\":[{\"@type\":\"WebPage\",\"@id\":\"https:\\\/\\\/sysmatec.ch\\\/de\\\/produit\\\/sauerstoff-transmitter-fcx-tr\\\/\",\"url\":\"https:\\\/\\\/sysmatec.ch\\\/de\\\/produit\\\/sauerstoff-transmitter-fcx-tr\\\/\",\"name\":\"Sauerstoff Transmitter FCX-TR - Sysmatec\",\"isPartOf\":{\"@id\":\"https:\\\/\\\/sysmatec.ch\\\/de\\\/#website\"},\"primaryImageOfPage\":{\"@id\":\"https:\\\/\\\/sysmatec.ch\\\/de\\\/produit\\\/sauerstoff-transmitter-fcx-tr\\\/#primaryimage\"},\"image\":{\"@id\":\"https:\\\/\\\/sysmatec.ch\\\/de\\\/produit\\\/sauerstoff-transmitter-fcx-tr\\\/#primaryimage\"},\"thumbnailUrl\":\"https:\\\/\\\/sysmatec.ch\\\/wp-content\\\/uploads\\\/2019\\\/05\\\/Oxygen_FCXTR.jpg\",\"datePublished\":\"2019-12-30T10:53:45+00:00\",\"dateModified\":\"2022-01-10T20:45:57+00:00\",\"description\":\"Sauerstoffsensor f\u00fcr Gas mit 4-20 mA Ausgang. Bereiche 0-1000 ppm O2, 0-5 Vol% O2, 0-25 Vol% O2, 0,1 - 95 Vol% O2. Kann unter hohem Druck betrieben werden.\",\"breadcrumb\":{\"@id\":\"https:\\\/\\\/sysmatec.ch\\\/de\\\/produit\\\/sauerstoff-transmitter-fcx-tr\\\/#breadcrumb\"},\"inLanguage\":\"de\",\"potentialAction\":[{\"@type\":\"ReadAction\",\"target\":[\"https:\\\/\\\/sysmatec.ch\\\/de\\\/produit\\\/sauerstoff-transmitter-fcx-tr\\\/\"]}]},{\"@type\":\"ImageObject\",\"inLanguage\":\"de\",\"@id\":\"https:\\\/\\\/sysmatec.ch\\\/de\\\/produit\\\/sauerstoff-transmitter-fcx-tr\\\/#primaryimage\",\"url\":\"https:\\\/\\\/sysmatec.ch\\\/wp-content\\\/uploads\\\/2019\\\/05\\\/Oxygen_FCXTR.jpg\",\"contentUrl\":\"https:\\\/\\\/sysmatec.ch\\\/wp-content\\\/uploads\\\/2019\\\/05\\\/Oxygen_FCXTR.jpg\",\"width\":720,\"height\":455},{\"@type\":\"BreadcrumbList\",\"@id\":\"https:\\\/\\\/sysmatec.ch\\\/de\\\/produit\\\/sauerstoff-transmitter-fcx-tr\\\/#breadcrumb\",\"itemListElement\":[{\"@type\":\"ListItem\",\"position\":1,\"name\":\"Accueil\",\"item\":\"https:\\\/\\\/sysmatec.ch\\\/de\\\/\"},{\"@type\":\"ListItem\",\"position\":2,\"name\":\"Die Aktivit\u00e4t von Sysmatec\",\"item\":\"https:\\\/\\\/sysmatec.ch\\\/de\\\/\"},{\"@type\":\"ListItem\",\"position\":3,\"name\":\"Sauerstoff Transmitter FCX-TR\"}]},{\"@type\":\"WebSite\",\"@id\":\"https:\\\/\\\/sysmatec.ch\\\/de\\\/#website\",\"url\":\"https:\\\/\\\/sysmatec.ch\\\/de\\\/\",\"name\":\"Sysmatec\",\"description\":\"Equipement de laboratoire et logiciels\",\"publisher\":{\"@id\":\"https:\\\/\\\/sysmatec.ch\\\/de\\\/#organization\"},\"potentialAction\":[{\"@type\":\"SearchAction\",\"target\":{\"@type\":\"EntryPoint\",\"urlTemplate\":\"https:\\\/\\\/sysmatec.ch\\\/de\\\/?s={search_term_string}\"},\"query-input\":{\"@type\":\"PropertyValueSpecification\",\"valueRequired\":true,\"valueName\":\"search_term_string\"}}],\"inLanguage\":\"de\"},{\"@type\":\"Organization\",\"@id\":\"https:\\\/\\\/sysmatec.ch\\\/de\\\/#organization\",\"name\":\"Sysmatec\",\"url\":\"https:\\\/\\\/sysmatec.ch\\\/de\\\/\",\"logo\":{\"@type\":\"ImageObject\",\"inLanguage\":\"de\",\"@id\":\"https:\\\/\\\/sysmatec.ch\\\/de\\\/#\\\/schema\\\/logo\\\/image\\\/\",\"url\":\"https:\\\/\\\/sysmatec.ch\\\/wp-content\\\/uploads\\\/2018\\\/11\\\/LogoSysmatec.jpg\",\"contentUrl\":\"https:\\\/\\\/sysmatec.ch\\\/wp-content\\\/uploads\\\/2018\\\/11\\\/LogoSysmatec.jpg\",\"width\":301,\"height\":297,\"caption\":\"Sysmatec\"},\"image\":{\"@id\":\"https:\\\/\\\/sysmatec.ch\\\/de\\\/#\\\/schema\\\/logo\\\/image\\\/\"}}]}<\/script>\n<!-- \/ Yoast SEO plugin. -->","yoast_head_json":{"title":"Sauerstoff Transmitter FCX-TR - Sysmatec","description":"Sauerstoffsensor f\u00fcr Gas mit 4-20 mA Ausgang. Bereiche 0-1000 ppm O2, 0-5 Vol% O2, 0-25 Vol% O2, 0,1 - 95 Vol% O2. Kann unter hohem Druck betrieben werden.","robots":{"index":"index","follow":"follow","max-snippet":"max-snippet:-1","max-image-preview":"max-image-preview:large","max-video-preview":"max-video-preview:-1"},"canonical":"https:\/\/sysmatec.ch\/de\/produit\/sauerstoff-transmitter-fcx-tr\/","og_locale":"de_DE","og_type":"article","og_title":"Sauerstoff Transmitter FCX-TR - Sysmatec","og_description":"Sauerstoffsensor f\u00fcr Gas mit 4-20 mA Ausgang. Bereiche 0-1000 ppm O2, 0-5 Vol% O2, 0-25 Vol% O2, 0,1 - 95 Vol% O2. Kann unter hohem Druck betrieben werden.","og_url":"https:\/\/sysmatec.ch\/de\/produit\/sauerstoff-transmitter-fcx-tr\/","og_site_name":"Sysmatec","article_modified_time":"2022-01-10T20:45:57+00:00","og_image":[{"width":720,"height":455,"url":"https:\/\/sysmatec.ch\/wp-content\/uploads\/2019\/05\/Oxygen_FCXTR.jpg","type":"image\/jpeg"}],"twitter_card":"summary_large_image","twitter_misc":{"Gesch\u00e4tzte Lesezeit":"1\u00a0Minute"},"schema":{"@context":"https:\/\/schema.org","@graph":[{"@type":"WebPage","@id":"https:\/\/sysmatec.ch\/de\/produit\/sauerstoff-transmitter-fcx-tr\/","url":"https:\/\/sysmatec.ch\/de\/produit\/sauerstoff-transmitter-fcx-tr\/","name":"Sauerstoff Transmitter FCX-TR - Sysmatec","isPartOf":{"@id":"https:\/\/sysmatec.ch\/de\/#website"},"primaryImageOfPage":{"@id":"https:\/\/sysmatec.ch\/de\/produit\/sauerstoff-transmitter-fcx-tr\/#primaryimage"},"image":{"@id":"https:\/\/sysmatec.ch\/de\/produit\/sauerstoff-transmitter-fcx-tr\/#primaryimage"},"thumbnailUrl":"https:\/\/sysmatec.ch\/wp-content\/uploads\/2019\/05\/Oxygen_FCXTR.jpg","datePublished":"2019-12-30T10:53:45+00:00","dateModified":"2022-01-10T20:45:57+00:00","description":"Sauerstoffsensor f\u00fcr Gas mit 4-20 mA Ausgang. Bereiche 0-1000 ppm O2, 0-5 Vol% O2, 0-25 Vol% O2, 0,1 - 95 Vol% O2. Kann unter hohem Druck betrieben werden.","breadcrumb":{"@id":"https:\/\/sysmatec.ch\/de\/produit\/sauerstoff-transmitter-fcx-tr\/#breadcrumb"},"inLanguage":"de","potentialAction":[{"@type":"ReadAction","target":["https:\/\/sysmatec.ch\/de\/produit\/sauerstoff-transmitter-fcx-tr\/"]}]},{"@type":"ImageObject","inLanguage":"de","@id":"https:\/\/sysmatec.ch\/de\/produit\/sauerstoff-transmitter-fcx-tr\/#primaryimage","url":"https:\/\/sysmatec.ch\/wp-content\/uploads\/2019\/05\/Oxygen_FCXTR.jpg","contentUrl":"https:\/\/sysmatec.ch\/wp-content\/uploads\/2019\/05\/Oxygen_FCXTR.jpg","width":720,"height":455},{"@type":"BreadcrumbList","@id":"https:\/\/sysmatec.ch\/de\/produit\/sauerstoff-transmitter-fcx-tr\/#breadcrumb","itemListElement":[{"@type":"ListItem","position":1,"name":"Accueil","item":"https:\/\/sysmatec.ch\/de\/"},{"@type":"ListItem","position":2,"name":"Die Aktivit\u00e4t von Sysmatec","item":"https:\/\/sysmatec.ch\/de\/"},{"@type":"ListItem","position":3,"name":"Sauerstoff Transmitter FCX-TR"}]},{"@type":"WebSite","@id":"https:\/\/sysmatec.ch\/de\/#website","url":"https:\/\/sysmatec.ch\/de\/","name":"Sysmatec","description":"Equipement de laboratoire et logiciels","publisher":{"@id":"https:\/\/sysmatec.ch\/de\/#organization"},"potentialAction":[{"@type":"SearchAction","target":{"@type":"EntryPoint","urlTemplate":"https:\/\/sysmatec.ch\/de\/?s={search_term_string}"},"query-input":{"@type":"PropertyValueSpecification","valueRequired":true,"valueName":"search_term_string"}}],"inLanguage":"de"},{"@type":"Organization","@id":"https:\/\/sysmatec.ch\/de\/#organization","name":"Sysmatec","url":"https:\/\/sysmatec.ch\/de\/","logo":{"@type":"ImageObject","inLanguage":"de","@id":"https:\/\/sysmatec.ch\/de\/#\/schema\/logo\/image\/","url":"https:\/\/sysmatec.ch\/wp-content\/uploads\/2018\/11\/LogoSysmatec.jpg","contentUrl":"https:\/\/sysmatec.ch\/wp-content\/uploads\/2018\/11\/LogoSysmatec.jpg","width":301,"height":297,"caption":"Sysmatec"},"image":{"@id":"https:\/\/sysmatec.ch\/de\/#\/schema\/logo\/image\/"}}]}},"_links":{"self":[{"href":"https:\/\/sysmatec.ch\/de\/wp-json\/wp\/v2\/product\/14694","targetHints":{"allow":["GET"]}}],"collection":[{"href":"https:\/\/sysmatec.ch\/de\/wp-json\/wp\/v2\/product"}],"about":[{"href":"https:\/\/sysmatec.ch\/de\/wp-json\/wp\/v2\/types\/product"}],"wp:featuredmedia":[{"embeddable":true,"href":"https:\/\/sysmatec.ch\/de\/wp-json\/wp\/v2\/media\/14693"}],"wp:attachment":[{"href":"https:\/\/sysmatec.ch\/de\/wp-json\/wp\/v2\/media?parent=14694"}],"wp:term":[{"taxonomy":"product_brand","embeddable":true,"href":"https:\/\/sysmatec.ch\/de\/wp-json\/wp\/v2\/product_brand?post=14694"},{"taxonomy":"product_cat","embeddable":true,"href":"https:\/\/sysmatec.ch\/de\/wp-json\/wp\/v2\/product_cat?post=14694"},{"taxonomy":"product_tag","embeddable":true,"href":"https:\/\/sysmatec.ch\/de\/wp-json\/wp\/v2\/product_tag?post=14694"}],"curies":[{"name":"wp","href":"https:\/\/api.w.org\/{rel}","templated":true}]}}