{"id":14679,"date":"2019-04-11T17:50:26","date_gmt":"2019-12-29T09:39:54","guid":{"rendered":"https:\/\/sysmatec.ch\/?post_type=product&#038;p=14679"},"modified":"2022-02-04T11:28:54","modified_gmt":"2022-02-04T10:28:54","slug":"leitfaehigkeitsmessung-ca10141","status":"publish","type":"product","link":"https:\/\/sysmatec.ch\/de\/Produkt\/leitfaehigkeitsmessung-ca10141\/","title":{"rendered":"Leitf\u00e4higkeitsmessung CA10141"},"content":{"rendered":"<h2>Leitf\u00e4higkeit<\/h2>\n<p>Messbereich 0,050 \u00b5S \/ cm bis 500,0 mS \/ cm<br \/>\nAufl\u00f6sung (R) 0,001 bis 0,1 (abh\u00e4ngig vom Bereich)<br \/>\nEigenunsicherheit des Ger\u00e4ts (ohne Sonde) \u00b1 0,5% L * \u00b1 R<\/p>\n<h2>TDS<\/h2>\n<p>Messbereich 0,001 mg \/ l bis 499,9 g \/ l<br \/>\nAufl\u00f6sung (R) 0,001 bis 0,1 (abh\u00e4ngig vom Bereich)<br \/>\nEigenunsicherheit des Ger\u00e4ts (ohne Sonde) \u00b1 0,5% L \u00b1 R<\/p>\n<h2>Widerstand<\/h2>\n<p>Messbereich 2.000 \u03a9.cm bis 19,99 M\u03a9.cm<br \/>\nAufl\u00f6sung (R) 0,001 bis 0,01 (abh\u00e4ngig vom Bereich)<br \/>\nEigenunsicherheit des Ger\u00e4ts (ohne Sonde) \u00b1 0,5% L \u00b1 R<\/p>\n<h2>Salzgehalt<\/h2>\n<p>Messbereich 2,0 bis 42,0 psu<br \/>\nAufl\u00f6sung (R) 0,1 Eigenunsicherheit des Ger\u00e4ts (ohne Sonde) \u00b1 0,5% L \u00b1 R<\/p>\n<h2>Temperatur<\/h2>\n<p>Messbereich (nur Ger\u00e4t) &#8211; 10,0 bis + 120,0 \u00b0 C (14,0 bis 248,0 \u00b0 F)<br \/>\nAufl\u00f6sung (R) 0,1 \u00b0 C<br \/>\nEigenunsicherheit des Ger\u00e4ts (ohne Sonde) &lt;0,4 \u00b0 C (&lt;0,7 \u00b0 F)<br \/>\nVerf\u00fcgbare Referenztemperatur 20\/25 \u00b0 C<\/p>\n<p>1-Punkt-Kalibrierung, vordefinierte Leitf\u00e4higkeitsstandards (vom Benutzer ver\u00e4nderbar); m\u00f6gliche R\u00fcckkehr zur Standardkalibrierung<br \/>\nAutomatische (ATC) oder manuelle (MTC) Temperaturkompensation &#8211; Linear, nicht linear<\/p>\n<p>XCP4ST1 Leitf\u00e4higkeitsmesszelle (mitgeliefert), 4-poliger Leitf\u00e4higkeitssensor mit integriertem Temperaturf\u00fchler Pt1000 (0 &#8230; 100 \u00b0 C), 8-poliger DIN-Stecker, Kabel 1 m<br \/>\nDatenspeicherung, Datum und Uhrzeit, Speicher&gt; 100.000 Messungen<\/p>\n<p>Steckverbinder<br \/>\n8-poliger DIN-Sensoreingang (Adapter f\u00fcr BNC, S7 und Buchse optional)<br \/>\nKommunikationsschnittstelle Micro-USB Typ B (USB-Ger\u00e4t) 12 Mbit \/ s<br \/>\nBatterien \/ Lebensdauer 4 x 1,5 V Alkaline AA- oder LR6-Batterien, ca. 300 Stunden Dauerbetrieb &#8211; Selbstverl\u00f6schend nach 3, 10 oder 15 Minuten Nichtgebrauch (einstellbar) Schutzart IP67<\/p>\n<p>Umgebungsbedingungen<br \/>\nLagerbereich (ohne Batterie) &#8211; 20 bis + 70 \u00b0 C<br \/>\nEinsatzbereich &#8211; 10 bis + 55 \u00b0 C<\/p>\n<p>Abmessungen (mit Scheide) 211 x 127 x 54 mm<br \/>\nGewicht (ohne Elektrode) 600 g<br \/>\n2 Jahre Garantie (nur Ger\u00e4t)<\/p>\n","protected":false},"excerpt":{"rendered":"<p>Leitf\u00e4higkeitsmessung<\/p>\n","protected":false},"featured_media":14666,"template":"","meta":{"_crdt_document":""},"product_brand":[],"product_cat":[194,180],"product_tag":[],"class_list":{"0":"post-14679","1":"product","2":"type-product","3":"status-publish","4":"has-post-thumbnail","6":"product_cat-leitfaehigkeit","7":"product_cat-messung","9":"first","10":"instock","11":"taxable","12":"shipping-taxable","13":"product-type-simple"},"yoast_head":"<!-- This site is optimized with the Yoast SEO plugin v27.4 - https:\/\/yoast.com\/product\/yoast-seo-wordpress\/ -->\n<title>Leitf\u00e4higkeitsmessung CA10141 - Sysmatec<\/title>\n<meta name=\"description\" content=\"Tragbares Leitf\u00e4higkeitsmessger\u00e4t zur Messung von Leitf\u00e4higkeit, Widerstand, Salzgehalt, gel\u00f6sten Feststoffen (TDS) und Temperatur.\" \/>\n<meta name=\"robots\" content=\"index, follow, max-snippet:-1, max-image-preview:large, max-video-preview:-1\" \/>\n<link rel=\"canonical\" href=\"https:\/\/sysmatec.ch\/de\/produit\/leitfaehigkeitsmessung-ca10141\/\" \/>\n<meta property=\"og:locale\" content=\"de_DE\" \/>\n<meta property=\"og:type\" content=\"article\" \/>\n<meta property=\"og:title\" content=\"Leitf\u00e4higkeitsmessung CA10141 - Sysmatec\" \/>\n<meta property=\"og:description\" content=\"Tragbares Leitf\u00e4higkeitsmessger\u00e4t zur Messung von Leitf\u00e4higkeit, Widerstand, Salzgehalt, gel\u00f6sten Feststoffen (TDS) und Temperatur.\" \/>\n<meta property=\"og:url\" content=\"https:\/\/sysmatec.ch\/de\/produit\/leitfaehigkeitsmessung-ca10141\/\" \/>\n<meta property=\"og:site_name\" content=\"Sysmatec\" \/>\n<meta property=\"article:modified_time\" content=\"2022-02-04T10:28:54+00:00\" \/>\n<meta property=\"og:image\" content=\"https:\/\/sysmatec.ch\/wp-content\/uploads\/2019\/05\/pH_CA10101.jpg\" \/>\n\t<meta property=\"og:image:width\" content=\"700\" \/>\n\t<meta property=\"og:image:height\" content=\"1020\" \/>\n\t<meta property=\"og:image:type\" content=\"image\/jpeg\" \/>\n<meta name=\"twitter:card\" content=\"summary_large_image\" \/>\n<meta name=\"twitter:label1\" content=\"Gesch\u00e4tzte Lesezeit\" \/>\n\t<meta name=\"twitter:data1\" content=\"2\u00a0Minuten\" \/>\n<script type=\"application\/ld+json\" class=\"yoast-schema-graph\">{\"@context\":\"https:\\\/\\\/schema.org\",\"@graph\":[{\"@type\":\"WebPage\",\"@id\":\"https:\\\/\\\/sysmatec.ch\\\/de\\\/produit\\\/leitfaehigkeitsmessung-ca10141\\\/\",\"url\":\"https:\\\/\\\/sysmatec.ch\\\/de\\\/produit\\\/leitfaehigkeitsmessung-ca10141\\\/\",\"name\":\"Leitf\u00e4higkeitsmessung CA10141 - Sysmatec\",\"isPartOf\":{\"@id\":\"https:\\\/\\\/sysmatec.ch\\\/de\\\/#website\"},\"primaryImageOfPage\":{\"@id\":\"https:\\\/\\\/sysmatec.ch\\\/de\\\/produit\\\/leitfaehigkeitsmessung-ca10141\\\/#primaryimage\"},\"image\":{\"@id\":\"https:\\\/\\\/sysmatec.ch\\\/de\\\/produit\\\/leitfaehigkeitsmessung-ca10141\\\/#primaryimage\"},\"thumbnailUrl\":\"https:\\\/\\\/sysmatec.ch\\\/wp-content\\\/uploads\\\/2019\\\/05\\\/pH_CA10101.jpg\",\"datePublished\":\"2019-12-29T09:39:54+00:00\",\"dateModified\":\"2022-02-04T10:28:54+00:00\",\"description\":\"Tragbares Leitf\u00e4higkeitsmessger\u00e4t zur Messung von Leitf\u00e4higkeit, Widerstand, Salzgehalt, gel\u00f6sten Feststoffen (TDS) und Temperatur.\",\"breadcrumb\":{\"@id\":\"https:\\\/\\\/sysmatec.ch\\\/de\\\/produit\\\/leitfaehigkeitsmessung-ca10141\\\/#breadcrumb\"},\"inLanguage\":\"de\",\"potentialAction\":[{\"@type\":\"ReadAction\",\"target\":[\"https:\\\/\\\/sysmatec.ch\\\/de\\\/produit\\\/leitfaehigkeitsmessung-ca10141\\\/\"]}]},{\"@type\":\"ImageObject\",\"inLanguage\":\"de\",\"@id\":\"https:\\\/\\\/sysmatec.ch\\\/de\\\/produit\\\/leitfaehigkeitsmessung-ca10141\\\/#primaryimage\",\"url\":\"https:\\\/\\\/sysmatec.ch\\\/wp-content\\\/uploads\\\/2019\\\/05\\\/pH_CA10101.jpg\",\"contentUrl\":\"https:\\\/\\\/sysmatec.ch\\\/wp-content\\\/uploads\\\/2019\\\/05\\\/pH_CA10101.jpg\",\"width\":700,\"height\":1020},{\"@type\":\"BreadcrumbList\",\"@id\":\"https:\\\/\\\/sysmatec.ch\\\/de\\\/produit\\\/leitfaehigkeitsmessung-ca10141\\\/#breadcrumb\",\"itemListElement\":[{\"@type\":\"ListItem\",\"position\":1,\"name\":\"Accueil\",\"item\":\"https:\\\/\\\/sysmatec.ch\\\/de\\\/\"},{\"@type\":\"ListItem\",\"position\":2,\"name\":\"Die Aktivit\u00e4t von Sysmatec\",\"item\":\"https:\\\/\\\/sysmatec.ch\\\/de\\\/\"},{\"@type\":\"ListItem\",\"position\":3,\"name\":\"Leitf\u00e4higkeitsmessung CA10141\"}]},{\"@type\":\"WebSite\",\"@id\":\"https:\\\/\\\/sysmatec.ch\\\/de\\\/#website\",\"url\":\"https:\\\/\\\/sysmatec.ch\\\/de\\\/\",\"name\":\"Sysmatec\",\"description\":\"Equipement de laboratoire et logiciels\",\"publisher\":{\"@id\":\"https:\\\/\\\/sysmatec.ch\\\/de\\\/#organization\"},\"potentialAction\":[{\"@type\":\"SearchAction\",\"target\":{\"@type\":\"EntryPoint\",\"urlTemplate\":\"https:\\\/\\\/sysmatec.ch\\\/de\\\/?s={search_term_string}\"},\"query-input\":{\"@type\":\"PropertyValueSpecification\",\"valueRequired\":true,\"valueName\":\"search_term_string\"}}],\"inLanguage\":\"de\"},{\"@type\":\"Organization\",\"@id\":\"https:\\\/\\\/sysmatec.ch\\\/de\\\/#organization\",\"name\":\"Sysmatec\",\"url\":\"https:\\\/\\\/sysmatec.ch\\\/de\\\/\",\"logo\":{\"@type\":\"ImageObject\",\"inLanguage\":\"de\",\"@id\":\"https:\\\/\\\/sysmatec.ch\\\/de\\\/#\\\/schema\\\/logo\\\/image\\\/\",\"url\":\"https:\\\/\\\/sysmatec.ch\\\/wp-content\\\/uploads\\\/2018\\\/11\\\/LogoSysmatec.jpg\",\"contentUrl\":\"https:\\\/\\\/sysmatec.ch\\\/wp-content\\\/uploads\\\/2018\\\/11\\\/LogoSysmatec.jpg\",\"width\":301,\"height\":297,\"caption\":\"Sysmatec\"},\"image\":{\"@id\":\"https:\\\/\\\/sysmatec.ch\\\/de\\\/#\\\/schema\\\/logo\\\/image\\\/\"}}]}<\/script>\n<!-- \/ Yoast SEO plugin. -->","yoast_head_json":{"title":"Leitf\u00e4higkeitsmessung CA10141 - Sysmatec","description":"Tragbares Leitf\u00e4higkeitsmessger\u00e4t zur Messung von Leitf\u00e4higkeit, Widerstand, Salzgehalt, gel\u00f6sten Feststoffen (TDS) und Temperatur.","robots":{"index":"index","follow":"follow","max-snippet":"max-snippet:-1","max-image-preview":"max-image-preview:large","max-video-preview":"max-video-preview:-1"},"canonical":"https:\/\/sysmatec.ch\/de\/produit\/leitfaehigkeitsmessung-ca10141\/","og_locale":"de_DE","og_type":"article","og_title":"Leitf\u00e4higkeitsmessung CA10141 - Sysmatec","og_description":"Tragbares Leitf\u00e4higkeitsmessger\u00e4t zur Messung von Leitf\u00e4higkeit, Widerstand, Salzgehalt, gel\u00f6sten Feststoffen (TDS) und Temperatur.","og_url":"https:\/\/sysmatec.ch\/de\/produit\/leitfaehigkeitsmessung-ca10141\/","og_site_name":"Sysmatec","article_modified_time":"2022-02-04T10:28:54+00:00","og_image":[{"width":700,"height":1020,"url":"https:\/\/sysmatec.ch\/wp-content\/uploads\/2019\/05\/pH_CA10101.jpg","type":"image\/jpeg"}],"twitter_card":"summary_large_image","twitter_misc":{"Gesch\u00e4tzte Lesezeit":"2\u00a0Minuten"},"schema":{"@context":"https:\/\/schema.org","@graph":[{"@type":"WebPage","@id":"https:\/\/sysmatec.ch\/de\/produit\/leitfaehigkeitsmessung-ca10141\/","url":"https:\/\/sysmatec.ch\/de\/produit\/leitfaehigkeitsmessung-ca10141\/","name":"Leitf\u00e4higkeitsmessung CA10141 - Sysmatec","isPartOf":{"@id":"https:\/\/sysmatec.ch\/de\/#website"},"primaryImageOfPage":{"@id":"https:\/\/sysmatec.ch\/de\/produit\/leitfaehigkeitsmessung-ca10141\/#primaryimage"},"image":{"@id":"https:\/\/sysmatec.ch\/de\/produit\/leitfaehigkeitsmessung-ca10141\/#primaryimage"},"thumbnailUrl":"https:\/\/sysmatec.ch\/wp-content\/uploads\/2019\/05\/pH_CA10101.jpg","datePublished":"2019-12-29T09:39:54+00:00","dateModified":"2022-02-04T10:28:54+00:00","description":"Tragbares Leitf\u00e4higkeitsmessger\u00e4t zur Messung von Leitf\u00e4higkeit, Widerstand, Salzgehalt, gel\u00f6sten Feststoffen (TDS) und Temperatur.","breadcrumb":{"@id":"https:\/\/sysmatec.ch\/de\/produit\/leitfaehigkeitsmessung-ca10141\/#breadcrumb"},"inLanguage":"de","potentialAction":[{"@type":"ReadAction","target":["https:\/\/sysmatec.ch\/de\/produit\/leitfaehigkeitsmessung-ca10141\/"]}]},{"@type":"ImageObject","inLanguage":"de","@id":"https:\/\/sysmatec.ch\/de\/produit\/leitfaehigkeitsmessung-ca10141\/#primaryimage","url":"https:\/\/sysmatec.ch\/wp-content\/uploads\/2019\/05\/pH_CA10101.jpg","contentUrl":"https:\/\/sysmatec.ch\/wp-content\/uploads\/2019\/05\/pH_CA10101.jpg","width":700,"height":1020},{"@type":"BreadcrumbList","@id":"https:\/\/sysmatec.ch\/de\/produit\/leitfaehigkeitsmessung-ca10141\/#breadcrumb","itemListElement":[{"@type":"ListItem","position":1,"name":"Accueil","item":"https:\/\/sysmatec.ch\/de\/"},{"@type":"ListItem","position":2,"name":"Die Aktivit\u00e4t von Sysmatec","item":"https:\/\/sysmatec.ch\/de\/"},{"@type":"ListItem","position":3,"name":"Leitf\u00e4higkeitsmessung CA10141"}]},{"@type":"WebSite","@id":"https:\/\/sysmatec.ch\/de\/#website","url":"https:\/\/sysmatec.ch\/de\/","name":"Sysmatec","description":"Equipement de laboratoire et logiciels","publisher":{"@id":"https:\/\/sysmatec.ch\/de\/#organization"},"potentialAction":[{"@type":"SearchAction","target":{"@type":"EntryPoint","urlTemplate":"https:\/\/sysmatec.ch\/de\/?s={search_term_string}"},"query-input":{"@type":"PropertyValueSpecification","valueRequired":true,"valueName":"search_term_string"}}],"inLanguage":"de"},{"@type":"Organization","@id":"https:\/\/sysmatec.ch\/de\/#organization","name":"Sysmatec","url":"https:\/\/sysmatec.ch\/de\/","logo":{"@type":"ImageObject","inLanguage":"de","@id":"https:\/\/sysmatec.ch\/de\/#\/schema\/logo\/image\/","url":"https:\/\/sysmatec.ch\/wp-content\/uploads\/2018\/11\/LogoSysmatec.jpg","contentUrl":"https:\/\/sysmatec.ch\/wp-content\/uploads\/2018\/11\/LogoSysmatec.jpg","width":301,"height":297,"caption":"Sysmatec"},"image":{"@id":"https:\/\/sysmatec.ch\/de\/#\/schema\/logo\/image\/"}}]}},"_links":{"self":[{"href":"https:\/\/sysmatec.ch\/de\/wp-json\/wp\/v2\/product\/14679","targetHints":{"allow":["GET"]}}],"collection":[{"href":"https:\/\/sysmatec.ch\/de\/wp-json\/wp\/v2\/product"}],"about":[{"href":"https:\/\/sysmatec.ch\/de\/wp-json\/wp\/v2\/types\/product"}],"wp:featuredmedia":[{"embeddable":true,"href":"https:\/\/sysmatec.ch\/de\/wp-json\/wp\/v2\/media\/14666"}],"wp:attachment":[{"href":"https:\/\/sysmatec.ch\/de\/wp-json\/wp\/v2\/media?parent=14679"}],"wp:term":[{"taxonomy":"product_brand","embeddable":true,"href":"https:\/\/sysmatec.ch\/de\/wp-json\/wp\/v2\/product_brand?post=14679"},{"taxonomy":"product_cat","embeddable":true,"href":"https:\/\/sysmatec.ch\/de\/wp-json\/wp\/v2\/product_cat?post=14679"},{"taxonomy":"product_tag","embeddable":true,"href":"https:\/\/sysmatec.ch\/de\/wp-json\/wp\/v2\/product_tag?post=14679"}],"curies":[{"name":"wp","href":"https:\/\/api.w.org\/{rel}","templated":true}]}}