{"id":14667,"date":"2019-05-26T12:00:30","date_gmt":"2019-12-28T11:33:01","guid":{"rendered":"https:\/\/sysmatec.ch\/?post_type=product&#038;p=14667"},"modified":"2022-01-08T22:15:39","modified_gmt":"2022-01-08T21:15:39","slug":"ph-meter-c-a-10101","status":"publish","type":"product","link":"https:\/\/sysmatec.ch\/de\/Produkt\/ph-meter-c-a-10101\/","title":{"rendered":"pH-Meter C.A 10101"},"content":{"rendered":"<p>Das pH-Messger\u00e4t wurde f\u00fcr raue Bedingungen im Freien oder im Labor entwickelt und verf\u00fcgt \u00fcber ein robustes und 100% wasserdichtes Geh\u00e4use gem\u00e4\u00df IP67-Standard. Dar\u00fcber hinaus bleibt der Stecker auch dann wasserdicht, wenn die pH- oder Redox-Sonde nicht angeschlossen ist. Dank seines ergonomischen Designs und seiner sto\u00dffesten Schutzh\u00fclle eignet sich das Ger\u00e4t perfekt f\u00fcr den mobilen Einsatz.<br \/>\nExtra gro\u00dfes LCD-Display mit Hintergrundbeleuchtung<br \/>\nSehr einfach und bequem abzulesen Das pH-Messger\u00e4t C.A 10101 verf\u00fcgt \u00fcber ein gro\u00dfes Multi-Display, auf dem die Werte einfach abgelesen werden k\u00f6nnen. Die Hintergrundbeleuchtung sorgt f\u00fcr gute Sichtbarkeit in Umgebungen mit schlechten Lichtverh\u00e4ltnissen.<br \/>\nVereinfachtes und intuitives Men\u00fc<br \/>\nEffizienz und Zeitersparnis bei mobilen Messungen<br \/>\nEine gef\u00fchrte Kalibrierung mit einer Liste anpassbarer Pufferl\u00f6sungen garantiert Zeitersparnis und optimale Geschwindigkeit. Dar\u00fcber hinaus k\u00f6nnen Sie mit der Signalstabilit\u00e4tsanzeige den richtigen Wert zur richtigen Zeit sicher ablesen.<br \/>\nManuelle oder automatische Speicherung von 100.000 zeitgestempelten Messungen<br \/>\nF\u00fcr maximale Autonomie<br \/>\nDas pH-Messger\u00e4t C.A 10101 kann bei Bedarf oder automatisch 100.000 Werte speichern. Es wird \u00fcber eine USB-Verbindung mit dem Computer verbunden und ist mit der Datenlogger-\u00dcbertragungssoftware (im Lieferumfang enthalten) kompatibel. Auf diese Weise k\u00f6nnen Sie das Ger\u00e4t konfigurieren, Daten anzeigen, aufgezeichnete Messungen (Proben und Kalibrierungen) abrufen, Aufzeichnungen planen und Daten exportieren.<br \/>\nUm Ihnen die Arbeit vor Ort zu erleichtern, wird das pH-Messger\u00e4t mit einer XRGST1-pH-Elektrode und einer vorgef\u00fcllten Tragetasche mit Platz f\u00fcr Becher und Pufferl\u00f6sungen geliefert. Die XRGST1-Elektrode verf\u00fcgt \u00fcber einen eingebauten Temperaturf\u00fchler und ein Gelreferenzsystem, wodurch sie ideal f\u00fcr die Verwendung in w\u00e4ssrigen Standardproben und in Trinkwasser geeignet ist.<\/p>\n<h2>pH-Meter Spezifikationen<\/h2>\n<p>Temperaturbereich -10,0 bis + 120,0 \u00b0 C \/ 14,0 bis 248,0 \u00b0 F<br \/>\nPH-Aufl\u00f6sung 0,01 pH<br \/>\nRedoxaufl\u00f6sung 0,1 mV 1 mV<br \/>\nTemperaturaufl\u00f6sung 0,1 \u00b0 C<br \/>\nEigenunsicherheit des Ger\u00e4tes (ohne Elektrode)<br \/>\npH \u00b1 0,01 pH \u00b1 R<br \/>\nRedox \u00b1 0,1 mV \u00b1 R \u00b1 1 mV \u00b1 R<br \/>\nTemperatur &lt;0,4 \u00b0 C \/ &lt;0,7 \u00b0 F<\/p>\n<p>Kalibrierung<\/p>\n<ul>\n<li>Automatischer pH-Wert, bis zu 3 Punkte, 3 Gruppen vordefinierter (modifizierbarer) Standardl\u00f6sungen<\/li>\n<li>Automaticher Redox, 1 Punkt, zwei vordefinierte (ver\u00e4nderbare) Standardl\u00f6sungswerte<\/li>\n<li>Automatische Temperaturkompensation (ATC) oder manuelle Temperaturkompensation (MTC), -10 \u00b0 C bis + 120 \u00b0 C<\/li>\n<\/ul>\n<p>Elektroden<\/p>\n<ul>\n<li>pH: XRGST1 (mitgeliefert), kombinierte pH-Elektrode mit integriertem Temperatursensor (PT1000), 8-poliger DIN-Stecker<\/li>\n<li>Redox: XRPTST1 (optional), Redoxelektrode kombiniert mit integriertem Temperatursensor (PT1000), 8-poliger DIN-Stecker<\/li>\n<\/ul>\n<p>Datenspeicherung: Datum und Uhrzeit, Speicher&gt; 100.000 Messungen<br \/>\nAnschl\u00fcsse: 8-Punkt-DIN-Sensoreingang (Adapter f\u00fcr BNC, S7 und Buchse optional)<br \/>\nMicro-USB-Kommunikationsschnittstelle Typ B (USB-Ger\u00e4t)<br \/>\nBatterien \/ Lebensdauer: 4 x 1,5 V Alkaline AA- oder LR6-Batterien \/ Ungef\u00e4hr 300 Stunden Dauerbetrieb<br \/>\nSelbstverl\u00f6schend nach 3, 10 oder 15 Minuten Nichtgebrauch (einstellbar)<br \/>\nIP-Schutzart IP67<br \/>\nLagerbedingungen (ohne Batterien, Elektroden, Pufferl\u00f6sungen) -20 bis + 70 \u00b0 C<br \/>\nEinsatzbedingungen -10 bis +55 \u00b0 C<br \/>\nAbmessungen (mit Scheide) 211 x 127 x 54 mm<br \/>\nGewicht (ohne Elektrode) 600 g<br \/>\n2 Jahre Garantie (nur Ger\u00e4t)<\/p>\n<p>ZUBEH\u00d6R &amp; ERSATZTEILE<br \/>\nRef. P01710051, XRGST1 Kombinierte pH-Elektrode mit integriertem Temperatursensor<br \/>\nRef. P01710052, XRPTST1 Kombinierte Redox-Elektrode mit integriertem Temperatursensor<br \/>\nRef. P01700105, pH 1,68 Pufferl\u00f6sung (NIST) **, 125 ml<br \/>\nRef. P01700106 pH 4,01 Pufferl\u00f6sung (NIST) **, 125 ml<br \/>\nRef. , P01700107, pH 7,00 Pufferl\u00f6sung (NIST) **, 125 ml<br \/>\nRef. P01700108, pH 9,18 Pufferl\u00f6sung (NIST) **, 125 ml<br \/>\nRef. P01700109, pH 10,01 Pufferl\u00f6sung (NIST) **, 125 ml<br \/>\nRef. P01700114, ORP-Pufferl\u00f6sung 220 mV, 125 ml<\/p>\n<p>Lieferung<br \/>\n1 pH-Meter C.A 10101 im Koffer geliefert<br \/>\n1 pH-Elektrode kombiniert mit integriertem Temperatursensor XRGST1, 4 AA- oder LR6-Alkalibatterien, 1 Schutzh\u00fclle am Ger\u00e4t, 2 gebrauchsfertige Pufferl\u00f6sungen (NIST \/ DIN-konform) mit pH 4,01 und 7.00, 2 Plastikbecher, 1 USB &#8211; Micro &#8211; USB &#8211; Kabel, 1 Handschlaufe, Kurzanleitung (eine pro Sprache).<\/p>\n","protected":false},"excerpt":{"rendered":"<p>pH, redox und Temperatur Messung<\/p>\n","protected":false},"featured_media":14666,"template":"","meta":{"_crdt_document":""},"product_brand":[],"product_cat":[180,241],"product_tag":[],"class_list":{"0":"post-14667","1":"product","2":"type-product","3":"status-publish","4":"has-post-thumbnail","6":"product_cat-messung","7":"product_cat-ph-de","9":"first","10":"instock","11":"taxable","12":"shipping-taxable","13":"product-type-simple"},"yoast_head":"<!-- This site is optimized with the Yoast SEO plugin v27.3 - https:\/\/yoast.com\/product\/yoast-seo-wordpress\/ -->\n<title>pH-Meter C.A 10101 - Sysmatec<\/title>\n<meta name=\"description\" content=\"Tragbares pH-Meter. PH-Bereich von 0 bis 14 je nach angeschlossener Sonde. Ger\u00e4t mit Temperaturkompensation.\" \/>\n<meta name=\"robots\" content=\"index, follow, max-snippet:-1, max-image-preview:large, max-video-preview:-1\" \/>\n<link rel=\"canonical\" href=\"https:\/\/sysmatec.ch\/de\/produit\/ph-meter-c-a-10101\/\" \/>\n<meta property=\"og:locale\" content=\"de_DE\" \/>\n<meta property=\"og:type\" content=\"article\" \/>\n<meta property=\"og:title\" content=\"pH-Meter C.A 10101 - Sysmatec\" \/>\n<meta property=\"og:description\" content=\"Tragbares pH-Meter. PH-Bereich von 0 bis 14 je nach angeschlossener Sonde. Ger\u00e4t mit Temperaturkompensation.\" \/>\n<meta property=\"og:url\" content=\"https:\/\/sysmatec.ch\/de\/produit\/ph-meter-c-a-10101\/\" \/>\n<meta property=\"og:site_name\" content=\"Sysmatec\" \/>\n<meta property=\"article:modified_time\" content=\"2022-01-08T21:15:39+00:00\" \/>\n<meta property=\"og:image\" content=\"https:\/\/sysmatec.ch\/wp-content\/uploads\/2019\/05\/pH_CA10101.jpg\" \/>\n\t<meta property=\"og:image:width\" content=\"700\" \/>\n\t<meta property=\"og:image:height\" content=\"1020\" \/>\n\t<meta property=\"og:image:type\" content=\"image\/jpeg\" \/>\n<meta name=\"twitter:card\" content=\"summary_large_image\" \/>\n<meta name=\"twitter:label1\" content=\"Gesch\u00e4tzte Lesezeit\" \/>\n\t<meta name=\"twitter:data1\" content=\"3\u00a0Minuten\" \/>\n<script type=\"application\/ld+json\" class=\"yoast-schema-graph\">{\"@context\":\"https:\\\/\\\/schema.org\",\"@graph\":[{\"@type\":\"WebPage\",\"@id\":\"https:\\\/\\\/sysmatec.ch\\\/de\\\/produit\\\/ph-meter-c-a-10101\\\/\",\"url\":\"https:\\\/\\\/sysmatec.ch\\\/de\\\/produit\\\/ph-meter-c-a-10101\\\/\",\"name\":\"pH-Meter C.A 10101 - Sysmatec\",\"isPartOf\":{\"@id\":\"https:\\\/\\\/sysmatec.ch\\\/de\\\/#website\"},\"primaryImageOfPage\":{\"@id\":\"https:\\\/\\\/sysmatec.ch\\\/de\\\/produit\\\/ph-meter-c-a-10101\\\/#primaryimage\"},\"image\":{\"@id\":\"https:\\\/\\\/sysmatec.ch\\\/de\\\/produit\\\/ph-meter-c-a-10101\\\/#primaryimage\"},\"thumbnailUrl\":\"https:\\\/\\\/sysmatec.ch\\\/wp-content\\\/uploads\\\/2019\\\/05\\\/pH_CA10101.jpg\",\"datePublished\":\"2019-12-28T11:33:01+00:00\",\"dateModified\":\"2022-01-08T21:15:39+00:00\",\"description\":\"Tragbares pH-Meter. PH-Bereich von 0 bis 14 je nach angeschlossener Sonde. Ger\u00e4t mit Temperaturkompensation.\",\"breadcrumb\":{\"@id\":\"https:\\\/\\\/sysmatec.ch\\\/de\\\/produit\\\/ph-meter-c-a-10101\\\/#breadcrumb\"},\"inLanguage\":\"de\",\"potentialAction\":[{\"@type\":\"ReadAction\",\"target\":[\"https:\\\/\\\/sysmatec.ch\\\/de\\\/produit\\\/ph-meter-c-a-10101\\\/\"]}]},{\"@type\":\"ImageObject\",\"inLanguage\":\"de\",\"@id\":\"https:\\\/\\\/sysmatec.ch\\\/de\\\/produit\\\/ph-meter-c-a-10101\\\/#primaryimage\",\"url\":\"https:\\\/\\\/sysmatec.ch\\\/wp-content\\\/uploads\\\/2019\\\/05\\\/pH_CA10101.jpg\",\"contentUrl\":\"https:\\\/\\\/sysmatec.ch\\\/wp-content\\\/uploads\\\/2019\\\/05\\\/pH_CA10101.jpg\",\"width\":700,\"height\":1020},{\"@type\":\"BreadcrumbList\",\"@id\":\"https:\\\/\\\/sysmatec.ch\\\/de\\\/produit\\\/ph-meter-c-a-10101\\\/#breadcrumb\",\"itemListElement\":[{\"@type\":\"ListItem\",\"position\":1,\"name\":\"Accueil\",\"item\":\"https:\\\/\\\/sysmatec.ch\\\/de\\\/\"},{\"@type\":\"ListItem\",\"position\":2,\"name\":\"Die Aktivit\u00e4t von Sysmatec\",\"item\":\"https:\\\/\\\/sysmatec.ch\\\/de\\\/\"},{\"@type\":\"ListItem\",\"position\":3,\"name\":\"pH-Meter C.A 10101\"}]},{\"@type\":\"WebSite\",\"@id\":\"https:\\\/\\\/sysmatec.ch\\\/de\\\/#website\",\"url\":\"https:\\\/\\\/sysmatec.ch\\\/de\\\/\",\"name\":\"Sysmatec\",\"description\":\"Equipement de laboratoire et logiciels\",\"publisher\":{\"@id\":\"https:\\\/\\\/sysmatec.ch\\\/de\\\/#organization\"},\"potentialAction\":[{\"@type\":\"SearchAction\",\"target\":{\"@type\":\"EntryPoint\",\"urlTemplate\":\"https:\\\/\\\/sysmatec.ch\\\/de\\\/?s={search_term_string}\"},\"query-input\":{\"@type\":\"PropertyValueSpecification\",\"valueRequired\":true,\"valueName\":\"search_term_string\"}}],\"inLanguage\":\"de\"},{\"@type\":\"Organization\",\"@id\":\"https:\\\/\\\/sysmatec.ch\\\/de\\\/#organization\",\"name\":\"Sysmatec\",\"url\":\"https:\\\/\\\/sysmatec.ch\\\/de\\\/\",\"logo\":{\"@type\":\"ImageObject\",\"inLanguage\":\"de\",\"@id\":\"https:\\\/\\\/sysmatec.ch\\\/de\\\/#\\\/schema\\\/logo\\\/image\\\/\",\"url\":\"https:\\\/\\\/sysmatec.ch\\\/wp-content\\\/uploads\\\/2018\\\/11\\\/LogoSysmatec.jpg\",\"contentUrl\":\"https:\\\/\\\/sysmatec.ch\\\/wp-content\\\/uploads\\\/2018\\\/11\\\/LogoSysmatec.jpg\",\"width\":301,\"height\":297,\"caption\":\"Sysmatec\"},\"image\":{\"@id\":\"https:\\\/\\\/sysmatec.ch\\\/de\\\/#\\\/schema\\\/logo\\\/image\\\/\"}}]}<\/script>\n<!-- \/ Yoast SEO plugin. -->","yoast_head_json":{"title":"pH-Meter C.A 10101 - Sysmatec","description":"Tragbares pH-Meter. PH-Bereich von 0 bis 14 je nach angeschlossener Sonde. Ger\u00e4t mit Temperaturkompensation.","robots":{"index":"index","follow":"follow","max-snippet":"max-snippet:-1","max-image-preview":"max-image-preview:large","max-video-preview":"max-video-preview:-1"},"canonical":"https:\/\/sysmatec.ch\/de\/produit\/ph-meter-c-a-10101\/","og_locale":"de_DE","og_type":"article","og_title":"pH-Meter C.A 10101 - Sysmatec","og_description":"Tragbares pH-Meter. PH-Bereich von 0 bis 14 je nach angeschlossener Sonde. Ger\u00e4t mit Temperaturkompensation.","og_url":"https:\/\/sysmatec.ch\/de\/produit\/ph-meter-c-a-10101\/","og_site_name":"Sysmatec","article_modified_time":"2022-01-08T21:15:39+00:00","og_image":[{"width":700,"height":1020,"url":"https:\/\/sysmatec.ch\/wp-content\/uploads\/2019\/05\/pH_CA10101.jpg","type":"image\/jpeg"}],"twitter_card":"summary_large_image","twitter_misc":{"Gesch\u00e4tzte Lesezeit":"3\u00a0Minuten"},"schema":{"@context":"https:\/\/schema.org","@graph":[{"@type":"WebPage","@id":"https:\/\/sysmatec.ch\/de\/produit\/ph-meter-c-a-10101\/","url":"https:\/\/sysmatec.ch\/de\/produit\/ph-meter-c-a-10101\/","name":"pH-Meter C.A 10101 - Sysmatec","isPartOf":{"@id":"https:\/\/sysmatec.ch\/de\/#website"},"primaryImageOfPage":{"@id":"https:\/\/sysmatec.ch\/de\/produit\/ph-meter-c-a-10101\/#primaryimage"},"image":{"@id":"https:\/\/sysmatec.ch\/de\/produit\/ph-meter-c-a-10101\/#primaryimage"},"thumbnailUrl":"https:\/\/sysmatec.ch\/wp-content\/uploads\/2019\/05\/pH_CA10101.jpg","datePublished":"2019-12-28T11:33:01+00:00","dateModified":"2022-01-08T21:15:39+00:00","description":"Tragbares pH-Meter. PH-Bereich von 0 bis 14 je nach angeschlossener Sonde. Ger\u00e4t mit Temperaturkompensation.","breadcrumb":{"@id":"https:\/\/sysmatec.ch\/de\/produit\/ph-meter-c-a-10101\/#breadcrumb"},"inLanguage":"de","potentialAction":[{"@type":"ReadAction","target":["https:\/\/sysmatec.ch\/de\/produit\/ph-meter-c-a-10101\/"]}]},{"@type":"ImageObject","inLanguage":"de","@id":"https:\/\/sysmatec.ch\/de\/produit\/ph-meter-c-a-10101\/#primaryimage","url":"https:\/\/sysmatec.ch\/wp-content\/uploads\/2019\/05\/pH_CA10101.jpg","contentUrl":"https:\/\/sysmatec.ch\/wp-content\/uploads\/2019\/05\/pH_CA10101.jpg","width":700,"height":1020},{"@type":"BreadcrumbList","@id":"https:\/\/sysmatec.ch\/de\/produit\/ph-meter-c-a-10101\/#breadcrumb","itemListElement":[{"@type":"ListItem","position":1,"name":"Accueil","item":"https:\/\/sysmatec.ch\/de\/"},{"@type":"ListItem","position":2,"name":"Die Aktivit\u00e4t von Sysmatec","item":"https:\/\/sysmatec.ch\/de\/"},{"@type":"ListItem","position":3,"name":"pH-Meter C.A 10101"}]},{"@type":"WebSite","@id":"https:\/\/sysmatec.ch\/de\/#website","url":"https:\/\/sysmatec.ch\/de\/","name":"Sysmatec","description":"Equipement de laboratoire et logiciels","publisher":{"@id":"https:\/\/sysmatec.ch\/de\/#organization"},"potentialAction":[{"@type":"SearchAction","target":{"@type":"EntryPoint","urlTemplate":"https:\/\/sysmatec.ch\/de\/?s={search_term_string}"},"query-input":{"@type":"PropertyValueSpecification","valueRequired":true,"valueName":"search_term_string"}}],"inLanguage":"de"},{"@type":"Organization","@id":"https:\/\/sysmatec.ch\/de\/#organization","name":"Sysmatec","url":"https:\/\/sysmatec.ch\/de\/","logo":{"@type":"ImageObject","inLanguage":"de","@id":"https:\/\/sysmatec.ch\/de\/#\/schema\/logo\/image\/","url":"https:\/\/sysmatec.ch\/wp-content\/uploads\/2018\/11\/LogoSysmatec.jpg","contentUrl":"https:\/\/sysmatec.ch\/wp-content\/uploads\/2018\/11\/LogoSysmatec.jpg","width":301,"height":297,"caption":"Sysmatec"},"image":{"@id":"https:\/\/sysmatec.ch\/de\/#\/schema\/logo\/image\/"}}]}},"_links":{"self":[{"href":"https:\/\/sysmatec.ch\/de\/wp-json\/wp\/v2\/product\/14667","targetHints":{"allow":["GET"]}}],"collection":[{"href":"https:\/\/sysmatec.ch\/de\/wp-json\/wp\/v2\/product"}],"about":[{"href":"https:\/\/sysmatec.ch\/de\/wp-json\/wp\/v2\/types\/product"}],"wp:featuredmedia":[{"embeddable":true,"href":"https:\/\/sysmatec.ch\/de\/wp-json\/wp\/v2\/media\/14666"}],"wp:attachment":[{"href":"https:\/\/sysmatec.ch\/de\/wp-json\/wp\/v2\/media?parent=14667"}],"wp:term":[{"taxonomy":"product_brand","embeddable":true,"href":"https:\/\/sysmatec.ch\/de\/wp-json\/wp\/v2\/product_brand?post=14667"},{"taxonomy":"product_cat","embeddable":true,"href":"https:\/\/sysmatec.ch\/de\/wp-json\/wp\/v2\/product_cat?post=14667"},{"taxonomy":"product_tag","embeddable":true,"href":"https:\/\/sysmatec.ch\/de\/wp-json\/wp\/v2\/product_tag?post=14667"}],"curies":[{"name":"wp","href":"https:\/\/api.w.org\/{rel}","templated":true}]}}