{"id":14659,"date":"2019-05-26T12:00:30","date_gmt":"2019-12-28T10:38:31","guid":{"rendered":"https:\/\/sysmatec.ch\/?post_type=product&#038;p=14659"},"modified":"2022-01-08T22:03:39","modified_gmt":"2022-01-08T21:03:39","slug":"ph-meter-ca-10001","status":"publish","type":"product","link":"https:\/\/sysmatec.ch\/de\/Produkt\/ph-meter-ca-10001\/","title":{"rendered":"pH-Meter CA 10001"},"content":{"rendered":"<p>Spotmessung und schnelle pH-Kontrolle<\/p>\n<p>3-Punkt-Kalibrierung, automatisch und extrem einfach: Sparen Sie Zeit!<\/p>\n<p>Erfassung von temperaturkompensierten pH-Werten (ATC)<\/p>\n<p>Praktisches Taschenformat f\u00fcr Mobil-, Feld- oder Laboranwendungen.<\/p>\n<p>Lange pH-Elektrode f\u00fcr Messungen in Gef\u00e4\u00dfen mit kleinem Durchmesser: Kolben, Reagenzgl\u00e4ser, Reagenzgl\u00e4ser usw.<\/p>\n<table width=\"506\">\n<tbody>\n<tr>\n<td width=\"282\">Messbereich<\/td>\n<td width=\"107\">pH<\/td>\n<td width=\"117\">Temperatur<\/td>\n<\/tr>\n<tr>\n<td>Aufl\u00f6sung<\/td>\n<td>0,00 \u2013 14,00 pH<\/td>\n<td>0,0 \u2013 60,0 \u00b0C<\/td>\n<\/tr>\n<tr>\n<td>Fehler<\/td>\n<td>0,01 pH<\/td>\n<td>0,1 \u00b0C \/<\/td>\n<\/tr>\n<tr>\n<td>Kalibration<\/td>\n<td colspan=\"2\">Automatic; 1, 2 or 3 points ; memorised buffers<\/td>\n<\/tr>\n<tr>\n<td><span style=\"display: inline !important; float: none; background-color: #ffffff; color: #333333; cursor: text; font-family: Georgia,'Times New Roman','Bitstream Charter',Times,serif; font-size: 16px; font-style: normal; font-variant: normal; font-weight: 400; letter-spacing: normal; orphans: 2; text-align: left; text-decoration: none; text-indent: 0px; text-transform: none; -webkit-text-stroke-width: 0px; white-space: normal; word-spacing: 0px;\">Interchangeable electrode<\/span><\/td>\n<td colspan=\"2\">nein<\/td>\n<\/tr>\n<tr>\n<td>Leistung \/ Lebensdauer<\/td>\n<td colspan=\"2\">2 CR2032 3V Batterien\/ &gt;100 Stunden<\/td>\n<\/tr>\n<tr>\n<td>Self-shutdown<\/td>\n<td colspan=\"2\">Nach 20 Minuten unbenutzt<\/td>\n<\/tr>\n<tr>\n<td>Dimension\/Gewicht<\/td>\n<td colspan=\"2\">227 x 36 x 20 mm \/ 65 g (mit Batterien)<\/td>\n<\/tr>\n<tr>\n<td>Umgebung<\/td>\n<td colspan=\"2\" width=\"224\">Einsatzbereich 0 bis 50 \u00b0 C, Relative Luftfeuchtigkeit 80% max<\/p>\n<p>Lagerbereich -10 bis 50 \u00b0 C, Relative Luftfeuchtigkeit 90% max<\/td>\n<\/tr>\n<tr>\n<td>Garantie<\/td>\n<td colspan=\"2\">1 Jahr<\/td>\n<\/tr>\n<\/tbody>\n<\/table>\n<p>Lieferung im Karton mit:<\/p>\n<p>\u2022 zwei CR2032 3V Batterien<\/p>\n<p>\u2022 eine Vorratsflasche f\u00fcr die Elektrode<\/p>\n<p>\u2022 eine mehrsprachige Bedienungsanleitung<\/p>\n<p>\u2022 ein Best\u00e4tigungszertifikat.<\/p>\n<p>Zubeh\u00f6r<\/p>\n<p>Ref. P01700106, pH 4,01 Pufferl\u00f6sung (NIST) , 125 ml<\/p>\n<p>Ref. P01700107, pH 7,00 Pufferl\u00f6sung (NIST), 125 ml<\/p>\n<p>Ref. P01700109, pH 10,01 Pufferl\u00f6sung (NIST), 125 ml<\/p>\n<p>Ref. P01710056, Posten mit 3 Plastikbechern<\/p>\n","protected":false},"excerpt":{"rendered":"<p>tragbares pH-Meter<\/p>\n","protected":false},"featured_media":14657,"template":"","meta":{"_crdt_document":""},"product_brand":[],"product_cat":[180,241],"product_tag":[],"class_list":{"0":"post-14659","1":"product","2":"type-product","3":"status-publish","4":"has-post-thumbnail","6":"product_cat-messung","7":"product_cat-ph-de","9":"first","10":"instock","11":"taxable","12":"shipping-taxable","13":"product-type-simple"},"yoast_head":"<!-- This site is optimized with the Yoast SEO plugin v27.4 - https:\/\/yoast.com\/product\/yoast-seo-wordpress\/ -->\n<title>pH-Meter CA 10001 - Sysmatec<\/title>\n<meta name=\"description\" content=\"Tragbares pH-Meter mit langer Elektrode f\u00fcr Messungen in tiefen und engen Gef\u00e4\u00dfen. Mit Temperaturkompensation.\" \/>\n<meta name=\"robots\" content=\"index, follow, max-snippet:-1, max-image-preview:large, max-video-preview:-1\" \/>\n<link rel=\"canonical\" href=\"https:\/\/sysmatec.ch\/de\/produit\/ph-meter-ca-10001\/\" \/>\n<meta property=\"og:locale\" content=\"de_DE\" \/>\n<meta property=\"og:type\" content=\"article\" \/>\n<meta property=\"og:title\" content=\"pH-Meter CA 10001 - Sysmatec\" \/>\n<meta property=\"og:description\" content=\"Tragbares pH-Meter mit langer Elektrode f\u00fcr Messungen in tiefen und engen Gef\u00e4\u00dfen. Mit Temperaturkompensation.\" \/>\n<meta property=\"og:url\" content=\"https:\/\/sysmatec.ch\/de\/produit\/ph-meter-ca-10001\/\" \/>\n<meta property=\"og:site_name\" content=\"Sysmatec\" \/>\n<meta property=\"article:modified_time\" content=\"2022-01-08T21:03:39+00:00\" \/>\n<meta property=\"og:image\" content=\"https:\/\/sysmatec.ch\/wp-content\/uploads\/2019\/05\/pH_CA10001.jpg\" \/>\n\t<meta property=\"og:image:width\" content=\"714\" \/>\n\t<meta property=\"og:image:height\" content=\"1080\" \/>\n\t<meta property=\"og:image:type\" content=\"image\/jpeg\" \/>\n<meta name=\"twitter:card\" content=\"summary_large_image\" \/>\n<meta name=\"twitter:label1\" content=\"Gesch\u00e4tzte Lesezeit\" \/>\n\t<meta name=\"twitter:data1\" content=\"1\u00a0Minute\" \/>\n<script type=\"application\/ld+json\" class=\"yoast-schema-graph\">{\"@context\":\"https:\\\/\\\/schema.org\",\"@graph\":[{\"@type\":\"WebPage\",\"@id\":\"https:\\\/\\\/sysmatec.ch\\\/de\\\/produit\\\/ph-meter-ca-10001\\\/\",\"url\":\"https:\\\/\\\/sysmatec.ch\\\/de\\\/produit\\\/ph-meter-ca-10001\\\/\",\"name\":\"pH-Meter CA 10001 - Sysmatec\",\"isPartOf\":{\"@id\":\"https:\\\/\\\/sysmatec.ch\\\/de\\\/#website\"},\"primaryImageOfPage\":{\"@id\":\"https:\\\/\\\/sysmatec.ch\\\/de\\\/produit\\\/ph-meter-ca-10001\\\/#primaryimage\"},\"image\":{\"@id\":\"https:\\\/\\\/sysmatec.ch\\\/de\\\/produit\\\/ph-meter-ca-10001\\\/#primaryimage\"},\"thumbnailUrl\":\"https:\\\/\\\/sysmatec.ch\\\/wp-content\\\/uploads\\\/2019\\\/05\\\/pH_CA10001.jpg\",\"datePublished\":\"2019-12-28T10:38:31+00:00\",\"dateModified\":\"2022-01-08T21:03:39+00:00\",\"description\":\"Tragbares pH-Meter mit langer Elektrode f\u00fcr Messungen in tiefen und engen Gef\u00e4\u00dfen. Mit Temperaturkompensation.\",\"breadcrumb\":{\"@id\":\"https:\\\/\\\/sysmatec.ch\\\/de\\\/produit\\\/ph-meter-ca-10001\\\/#breadcrumb\"},\"inLanguage\":\"de\",\"potentialAction\":[{\"@type\":\"ReadAction\",\"target\":[\"https:\\\/\\\/sysmatec.ch\\\/de\\\/produit\\\/ph-meter-ca-10001\\\/\"]}]},{\"@type\":\"ImageObject\",\"inLanguage\":\"de\",\"@id\":\"https:\\\/\\\/sysmatec.ch\\\/de\\\/produit\\\/ph-meter-ca-10001\\\/#primaryimage\",\"url\":\"https:\\\/\\\/sysmatec.ch\\\/wp-content\\\/uploads\\\/2019\\\/05\\\/pH_CA10001.jpg\",\"contentUrl\":\"https:\\\/\\\/sysmatec.ch\\\/wp-content\\\/uploads\\\/2019\\\/05\\\/pH_CA10001.jpg\",\"width\":714,\"height\":1080},{\"@type\":\"BreadcrumbList\",\"@id\":\"https:\\\/\\\/sysmatec.ch\\\/de\\\/produit\\\/ph-meter-ca-10001\\\/#breadcrumb\",\"itemListElement\":[{\"@type\":\"ListItem\",\"position\":1,\"name\":\"Accueil\",\"item\":\"https:\\\/\\\/sysmatec.ch\\\/de\\\/\"},{\"@type\":\"ListItem\",\"position\":2,\"name\":\"Die Aktivit\u00e4t von Sysmatec\",\"item\":\"https:\\\/\\\/sysmatec.ch\\\/de\\\/\"},{\"@type\":\"ListItem\",\"position\":3,\"name\":\"pH-Meter CA 10001\"}]},{\"@type\":\"WebSite\",\"@id\":\"https:\\\/\\\/sysmatec.ch\\\/de\\\/#website\",\"url\":\"https:\\\/\\\/sysmatec.ch\\\/de\\\/\",\"name\":\"Sysmatec\",\"description\":\"Equipement de laboratoire et logiciels\",\"publisher\":{\"@id\":\"https:\\\/\\\/sysmatec.ch\\\/de\\\/#organization\"},\"potentialAction\":[{\"@type\":\"SearchAction\",\"target\":{\"@type\":\"EntryPoint\",\"urlTemplate\":\"https:\\\/\\\/sysmatec.ch\\\/de\\\/?s={search_term_string}\"},\"query-input\":{\"@type\":\"PropertyValueSpecification\",\"valueRequired\":true,\"valueName\":\"search_term_string\"}}],\"inLanguage\":\"de\"},{\"@type\":\"Organization\",\"@id\":\"https:\\\/\\\/sysmatec.ch\\\/de\\\/#organization\",\"name\":\"Sysmatec\",\"url\":\"https:\\\/\\\/sysmatec.ch\\\/de\\\/\",\"logo\":{\"@type\":\"ImageObject\",\"inLanguage\":\"de\",\"@id\":\"https:\\\/\\\/sysmatec.ch\\\/de\\\/#\\\/schema\\\/logo\\\/image\\\/\",\"url\":\"https:\\\/\\\/sysmatec.ch\\\/wp-content\\\/uploads\\\/2018\\\/11\\\/LogoSysmatec.jpg\",\"contentUrl\":\"https:\\\/\\\/sysmatec.ch\\\/wp-content\\\/uploads\\\/2018\\\/11\\\/LogoSysmatec.jpg\",\"width\":301,\"height\":297,\"caption\":\"Sysmatec\"},\"image\":{\"@id\":\"https:\\\/\\\/sysmatec.ch\\\/de\\\/#\\\/schema\\\/logo\\\/image\\\/\"}}]}<\/script>\n<!-- \/ Yoast SEO plugin. -->","yoast_head_json":{"title":"pH-Meter CA 10001 - Sysmatec","description":"Tragbares pH-Meter mit langer Elektrode f\u00fcr Messungen in tiefen und engen Gef\u00e4\u00dfen. Mit Temperaturkompensation.","robots":{"index":"index","follow":"follow","max-snippet":"max-snippet:-1","max-image-preview":"max-image-preview:large","max-video-preview":"max-video-preview:-1"},"canonical":"https:\/\/sysmatec.ch\/de\/produit\/ph-meter-ca-10001\/","og_locale":"de_DE","og_type":"article","og_title":"pH-Meter CA 10001 - Sysmatec","og_description":"Tragbares pH-Meter mit langer Elektrode f\u00fcr Messungen in tiefen und engen Gef\u00e4\u00dfen. Mit Temperaturkompensation.","og_url":"https:\/\/sysmatec.ch\/de\/produit\/ph-meter-ca-10001\/","og_site_name":"Sysmatec","article_modified_time":"2022-01-08T21:03:39+00:00","og_image":[{"width":714,"height":1080,"url":"https:\/\/sysmatec.ch\/wp-content\/uploads\/2019\/05\/pH_CA10001.jpg","type":"image\/jpeg"}],"twitter_card":"summary_large_image","twitter_misc":{"Gesch\u00e4tzte Lesezeit":"1\u00a0Minute"},"schema":{"@context":"https:\/\/schema.org","@graph":[{"@type":"WebPage","@id":"https:\/\/sysmatec.ch\/de\/produit\/ph-meter-ca-10001\/","url":"https:\/\/sysmatec.ch\/de\/produit\/ph-meter-ca-10001\/","name":"pH-Meter CA 10001 - Sysmatec","isPartOf":{"@id":"https:\/\/sysmatec.ch\/de\/#website"},"primaryImageOfPage":{"@id":"https:\/\/sysmatec.ch\/de\/produit\/ph-meter-ca-10001\/#primaryimage"},"image":{"@id":"https:\/\/sysmatec.ch\/de\/produit\/ph-meter-ca-10001\/#primaryimage"},"thumbnailUrl":"https:\/\/sysmatec.ch\/wp-content\/uploads\/2019\/05\/pH_CA10001.jpg","datePublished":"2019-12-28T10:38:31+00:00","dateModified":"2022-01-08T21:03:39+00:00","description":"Tragbares pH-Meter mit langer Elektrode f\u00fcr Messungen in tiefen und engen Gef\u00e4\u00dfen. Mit Temperaturkompensation.","breadcrumb":{"@id":"https:\/\/sysmatec.ch\/de\/produit\/ph-meter-ca-10001\/#breadcrumb"},"inLanguage":"de","potentialAction":[{"@type":"ReadAction","target":["https:\/\/sysmatec.ch\/de\/produit\/ph-meter-ca-10001\/"]}]},{"@type":"ImageObject","inLanguage":"de","@id":"https:\/\/sysmatec.ch\/de\/produit\/ph-meter-ca-10001\/#primaryimage","url":"https:\/\/sysmatec.ch\/wp-content\/uploads\/2019\/05\/pH_CA10001.jpg","contentUrl":"https:\/\/sysmatec.ch\/wp-content\/uploads\/2019\/05\/pH_CA10001.jpg","width":714,"height":1080},{"@type":"BreadcrumbList","@id":"https:\/\/sysmatec.ch\/de\/produit\/ph-meter-ca-10001\/#breadcrumb","itemListElement":[{"@type":"ListItem","position":1,"name":"Accueil","item":"https:\/\/sysmatec.ch\/de\/"},{"@type":"ListItem","position":2,"name":"Die Aktivit\u00e4t von Sysmatec","item":"https:\/\/sysmatec.ch\/de\/"},{"@type":"ListItem","position":3,"name":"pH-Meter CA 10001"}]},{"@type":"WebSite","@id":"https:\/\/sysmatec.ch\/de\/#website","url":"https:\/\/sysmatec.ch\/de\/","name":"Sysmatec","description":"Equipement de laboratoire et logiciels","publisher":{"@id":"https:\/\/sysmatec.ch\/de\/#organization"},"potentialAction":[{"@type":"SearchAction","target":{"@type":"EntryPoint","urlTemplate":"https:\/\/sysmatec.ch\/de\/?s={search_term_string}"},"query-input":{"@type":"PropertyValueSpecification","valueRequired":true,"valueName":"search_term_string"}}],"inLanguage":"de"},{"@type":"Organization","@id":"https:\/\/sysmatec.ch\/de\/#organization","name":"Sysmatec","url":"https:\/\/sysmatec.ch\/de\/","logo":{"@type":"ImageObject","inLanguage":"de","@id":"https:\/\/sysmatec.ch\/de\/#\/schema\/logo\/image\/","url":"https:\/\/sysmatec.ch\/wp-content\/uploads\/2018\/11\/LogoSysmatec.jpg","contentUrl":"https:\/\/sysmatec.ch\/wp-content\/uploads\/2018\/11\/LogoSysmatec.jpg","width":301,"height":297,"caption":"Sysmatec"},"image":{"@id":"https:\/\/sysmatec.ch\/de\/#\/schema\/logo\/image\/"}}]}},"_links":{"self":[{"href":"https:\/\/sysmatec.ch\/de\/wp-json\/wp\/v2\/product\/14659","targetHints":{"allow":["GET"]}}],"collection":[{"href":"https:\/\/sysmatec.ch\/de\/wp-json\/wp\/v2\/product"}],"about":[{"href":"https:\/\/sysmatec.ch\/de\/wp-json\/wp\/v2\/types\/product"}],"wp:featuredmedia":[{"embeddable":true,"href":"https:\/\/sysmatec.ch\/de\/wp-json\/wp\/v2\/media\/14657"}],"wp:attachment":[{"href":"https:\/\/sysmatec.ch\/de\/wp-json\/wp\/v2\/media?parent=14659"}],"wp:term":[{"taxonomy":"product_brand","embeddable":true,"href":"https:\/\/sysmatec.ch\/de\/wp-json\/wp\/v2\/product_brand?post=14659"},{"taxonomy":"product_cat","embeddable":true,"href":"https:\/\/sysmatec.ch\/de\/wp-json\/wp\/v2\/product_cat?post=14659"},{"taxonomy":"product_tag","embeddable":true,"href":"https:\/\/sysmatec.ch\/de\/wp-json\/wp\/v2\/product_tag?post=14659"}],"curies":[{"name":"wp","href":"https:\/\/api.w.org\/{rel}","templated":true}]}}