{"id":14609,"date":"2019-12-14T18:53:11","date_gmt":"2019-12-14T18:01:08","guid":{"rendered":"https:\/\/sysmatec.ch\/?post_type=product&#038;p=14609"},"modified":"2021-12-05T10:35:22","modified_gmt":"2021-12-05T09:35:22","slug":"drahtloser-temperaturalarm-alert-tp","status":"publish","type":"product","link":"https:\/\/sysmatec.ch\/de\/Produkt\/drahtloser-temperaturalarm-alert-tp\/","title":{"rendered":"Drahtloser Temperaturalarm Alert TP"},"content":{"rendered":"<p>&nbsp;<\/p>\n<p>Wireless Alert TP ist ein batteriebetriebener Temperatursensor, der eine Warn-E-Mail sendet, wenn eine vom Benutzer festgelegte Stufe erreicht wird. W\u00e4hlen Sie einfach Ihre\u00a0 Temperaturgrenzwerte aus und stellen Sie mit der mobilen Wireless Alert-App eine Verbindung zu einem beliebigen WLAN-Netzwerk her.<br \/>\nDer Wireless Alert TP kann zur \u00dcberwachung von Temperaturgrenzwerten in einer Vielzahl von Anwendungen eingerichtet werden. Hohe und niedrige Temperaturgrenzen k\u00f6nnen vom Benutzer zwischen -40 und 125 \u00b0 C (-40 und 257 \u00b0 F) konfiguriert werden. Das Ger\u00e4t l\u00f6st eine Benachrichtigungs-E-Mail aus, die an eine vom Benutzer ausgew\u00e4hlte Adresse gesendet wird, wenn die Temperaturgrenzwerte \u00fcberschritten werden und die Temperatur wieder innerhalb dieser Grenzwerte liegt. Dar\u00fcber hinaus kann das Ger\u00e4t eine geplante E-Mail-Zusammenfassung senden, in der die minimale, maximale und durchschnittliche Temperatur sowie der Batteriestand, die Anzahl der Warnungen und die Gesamtzeit, die im Warnungsmodus verbracht wurde, aufgef\u00fchrt sind.<\/p>\n<p><span title=\"\">Das Setup k\u00f6nnte nicht einfacher sein.<\/span> <span title=\"\">Befolgen Sie einfach die Schritt-f\u00fcr-Schritt-Anleitung in der kostenlosen Mobile-App von Wireless Alert (verf\u00fcgbar bei Google Play und im App Store).<\/span><\/p>\n<h2>Drahtloser Temperaturalarm Technische Daten<\/h2>\n<ul>\n<li>Messbereich: -40 bis 125 \u00b0 C<\/li>\n<li>Betriebstemperatur des Ger\u00e4ts: -18 bis +55 \u00b0 C<\/li>\n<li>Benachrichtigungsschwellenwerte: Vom Benutzer konfigurierbar, innerhalb des oben angegebenen Sondenmessbereichs<\/li>\n<li>Messaufl\u00f6sung: 1 \u00b0 C<\/li>\n<li>Messgenauigkeit: +\/- 1 (-40 bis + 80 \u00b0 C) \u00b0 C<\/li>\n<li>Umgebungsbedingungen: Ger\u00e4t = nur zur Verwendung in Innenr\u00e4umen (IP5X), Sonde = wasserdicht (IP67) Sondenl\u00e4nge 1,5 m<\/li>\n<li>Produktabmessungen (ohne Sonde): 69 x 32 x 22 mm<\/li>\n<li>Batterietyp: 2 x 1.5 V Alkaline LR03 \/ UM4 \/ AA<\/li>\n<li>Batterielebensdauer 2 * Jahre WiFi WPA 802.11bgn (2.4 GHz) **<\/li>\n<\/ul>\n<p>* Die Akkulaufzeit ist abh\u00e4ngig von: Signalst\u00e4rke zwischen Router \/ Access Point und Wireless Alert-Ger\u00e4t, Anwesenheit, Lautst\u00e4rke und Art des WiFi-Verkehrs von anderen Ger\u00e4ten, Betriebstemperatur und Anzahl der gesendeten Alerts.<br \/>\n** Produkte, die mit Unternehmensnetzwerken kompatibel sind, finden Sie in unseren Datenprotokollierungsbereichen EL-WiFi und EL-MOTE.<\/p>\n","protected":false},"excerpt":{"rendered":"<p>Wireless temperature alarm<\/p>\n","protected":false},"featured_media":14608,"template":"","meta":{"_crdt_document":""},"product_brand":[],"product_cat":[180,173],"product_tag":[],"class_list":{"0":"post-14609","1":"product","2":"type-product","3":"status-publish","4":"has-post-thumbnail","6":"product_cat-messung","7":"product_cat-temperatur","9":"first","10":"instock","11":"taxable","12":"shipping-taxable","13":"product-type-simple"},"yoast_head":"<!-- This site is optimized with the Yoast SEO plugin v27.4 - https:\/\/yoast.com\/product\/yoast-seo-wordpress\/ -->\n<title>Drahtloser Temperaturalarm Alert TP - Sysmatec<\/title>\n<meta name=\"description\" content=\"Temperaturwarnmodul. Es sendet eine E-Mail, wenn benutzerdefinierte Temperaturschwellen \u00fcberschritten werden.\" \/>\n<meta name=\"robots\" content=\"index, follow, max-snippet:-1, max-image-preview:large, max-video-preview:-1\" \/>\n<link rel=\"canonical\" href=\"https:\/\/sysmatec.ch\/de\/produit\/drahtloser-temperaturalarm-alert-tp\/\" \/>\n<meta property=\"og:locale\" content=\"de_DE\" \/>\n<meta property=\"og:type\" content=\"article\" \/>\n<meta property=\"og:title\" content=\"Drahtloser Temperaturalarm Alert TP - Sysmatec\" \/>\n<meta property=\"og:description\" content=\"Temperaturwarnmodul. Es sendet eine E-Mail, wenn benutzerdefinierte Temperaturschwellen \u00fcberschritten werden.\" \/>\n<meta property=\"og:url\" content=\"https:\/\/sysmatec.ch\/de\/produit\/drahtloser-temperaturalarm-alert-tp\/\" \/>\n<meta property=\"og:site_name\" content=\"Sysmatec\" \/>\n<meta property=\"article:modified_time\" content=\"2021-12-05T09:35:22+00:00\" \/>\n<meta property=\"og:image\" content=\"https:\/\/sysmatec.ch\/wp-content\/uploads\/2019\/12\/Thermometer_WiFiAlert.jpg\" \/>\n\t<meta property=\"og:image:width\" content=\"690\" \/>\n\t<meta property=\"og:image:height\" content=\"388\" \/>\n\t<meta property=\"og:image:type\" content=\"image\/jpeg\" \/>\n<meta name=\"twitter:card\" content=\"summary_large_image\" \/>\n<meta name=\"twitter:label1\" content=\"Gesch\u00e4tzte Lesezeit\" \/>\n\t<meta name=\"twitter:data1\" content=\"2\u00a0Minuten\" \/>\n<script type=\"application\/ld+json\" class=\"yoast-schema-graph\">{\"@context\":\"https:\\\/\\\/schema.org\",\"@graph\":[{\"@type\":\"WebPage\",\"@id\":\"https:\\\/\\\/sysmatec.ch\\\/de\\\/produit\\\/drahtloser-temperaturalarm-alert-tp\\\/\",\"url\":\"https:\\\/\\\/sysmatec.ch\\\/de\\\/produit\\\/drahtloser-temperaturalarm-alert-tp\\\/\",\"name\":\"Drahtloser Temperaturalarm Alert TP - Sysmatec\",\"isPartOf\":{\"@id\":\"https:\\\/\\\/sysmatec.ch\\\/de\\\/#website\"},\"primaryImageOfPage\":{\"@id\":\"https:\\\/\\\/sysmatec.ch\\\/de\\\/produit\\\/drahtloser-temperaturalarm-alert-tp\\\/#primaryimage\"},\"image\":{\"@id\":\"https:\\\/\\\/sysmatec.ch\\\/de\\\/produit\\\/drahtloser-temperaturalarm-alert-tp\\\/#primaryimage\"},\"thumbnailUrl\":\"https:\\\/\\\/sysmatec.ch\\\/wp-content\\\/uploads\\\/2019\\\/12\\\/Thermometer_WiFiAlert.jpg\",\"datePublished\":\"2019-12-14T18:01:08+00:00\",\"dateModified\":\"2021-12-05T09:35:22+00:00\",\"description\":\"Temperaturwarnmodul. Es sendet eine E-Mail, wenn benutzerdefinierte Temperaturschwellen \u00fcberschritten werden.\",\"breadcrumb\":{\"@id\":\"https:\\\/\\\/sysmatec.ch\\\/de\\\/produit\\\/drahtloser-temperaturalarm-alert-tp\\\/#breadcrumb\"},\"inLanguage\":\"de\",\"potentialAction\":[{\"@type\":\"ReadAction\",\"target\":[\"https:\\\/\\\/sysmatec.ch\\\/de\\\/produit\\\/drahtloser-temperaturalarm-alert-tp\\\/\"]}]},{\"@type\":\"ImageObject\",\"inLanguage\":\"de\",\"@id\":\"https:\\\/\\\/sysmatec.ch\\\/de\\\/produit\\\/drahtloser-temperaturalarm-alert-tp\\\/#primaryimage\",\"url\":\"https:\\\/\\\/sysmatec.ch\\\/wp-content\\\/uploads\\\/2019\\\/12\\\/Thermometer_WiFiAlert.jpg\",\"contentUrl\":\"https:\\\/\\\/sysmatec.ch\\\/wp-content\\\/uploads\\\/2019\\\/12\\\/Thermometer_WiFiAlert.jpg\",\"width\":690,\"height\":388},{\"@type\":\"BreadcrumbList\",\"@id\":\"https:\\\/\\\/sysmatec.ch\\\/de\\\/produit\\\/drahtloser-temperaturalarm-alert-tp\\\/#breadcrumb\",\"itemListElement\":[{\"@type\":\"ListItem\",\"position\":1,\"name\":\"Accueil\",\"item\":\"https:\\\/\\\/sysmatec.ch\\\/de\\\/\"},{\"@type\":\"ListItem\",\"position\":2,\"name\":\"Die Aktivit\u00e4t von Sysmatec\",\"item\":\"https:\\\/\\\/sysmatec.ch\\\/de\\\/\"},{\"@type\":\"ListItem\",\"position\":3,\"name\":\"Drahtloser Temperaturalarm Alert TP\"}]},{\"@type\":\"WebSite\",\"@id\":\"https:\\\/\\\/sysmatec.ch\\\/de\\\/#website\",\"url\":\"https:\\\/\\\/sysmatec.ch\\\/de\\\/\",\"name\":\"Sysmatec\",\"description\":\"Equipement de laboratoire et logiciels\",\"publisher\":{\"@id\":\"https:\\\/\\\/sysmatec.ch\\\/de\\\/#organization\"},\"potentialAction\":[{\"@type\":\"SearchAction\",\"target\":{\"@type\":\"EntryPoint\",\"urlTemplate\":\"https:\\\/\\\/sysmatec.ch\\\/de\\\/?s={search_term_string}\"},\"query-input\":{\"@type\":\"PropertyValueSpecification\",\"valueRequired\":true,\"valueName\":\"search_term_string\"}}],\"inLanguage\":\"de\"},{\"@type\":\"Organization\",\"@id\":\"https:\\\/\\\/sysmatec.ch\\\/de\\\/#organization\",\"name\":\"Sysmatec\",\"url\":\"https:\\\/\\\/sysmatec.ch\\\/de\\\/\",\"logo\":{\"@type\":\"ImageObject\",\"inLanguage\":\"de\",\"@id\":\"https:\\\/\\\/sysmatec.ch\\\/de\\\/#\\\/schema\\\/logo\\\/image\\\/\",\"url\":\"https:\\\/\\\/sysmatec.ch\\\/wp-content\\\/uploads\\\/2018\\\/11\\\/LogoSysmatec.jpg\",\"contentUrl\":\"https:\\\/\\\/sysmatec.ch\\\/wp-content\\\/uploads\\\/2018\\\/11\\\/LogoSysmatec.jpg\",\"width\":301,\"height\":297,\"caption\":\"Sysmatec\"},\"image\":{\"@id\":\"https:\\\/\\\/sysmatec.ch\\\/de\\\/#\\\/schema\\\/logo\\\/image\\\/\"}}]}<\/script>\n<!-- \/ Yoast SEO plugin. -->","yoast_head_json":{"title":"Drahtloser Temperaturalarm Alert TP - Sysmatec","description":"Temperaturwarnmodul. Es sendet eine E-Mail, wenn benutzerdefinierte Temperaturschwellen \u00fcberschritten werden.","robots":{"index":"index","follow":"follow","max-snippet":"max-snippet:-1","max-image-preview":"max-image-preview:large","max-video-preview":"max-video-preview:-1"},"canonical":"https:\/\/sysmatec.ch\/de\/produit\/drahtloser-temperaturalarm-alert-tp\/","og_locale":"de_DE","og_type":"article","og_title":"Drahtloser Temperaturalarm Alert TP - Sysmatec","og_description":"Temperaturwarnmodul. Es sendet eine E-Mail, wenn benutzerdefinierte Temperaturschwellen \u00fcberschritten werden.","og_url":"https:\/\/sysmatec.ch\/de\/produit\/drahtloser-temperaturalarm-alert-tp\/","og_site_name":"Sysmatec","article_modified_time":"2021-12-05T09:35:22+00:00","og_image":[{"width":690,"height":388,"url":"https:\/\/sysmatec.ch\/wp-content\/uploads\/2019\/12\/Thermometer_WiFiAlert.jpg","type":"image\/jpeg"}],"twitter_card":"summary_large_image","twitter_misc":{"Gesch\u00e4tzte Lesezeit":"2\u00a0Minuten"},"schema":{"@context":"https:\/\/schema.org","@graph":[{"@type":"WebPage","@id":"https:\/\/sysmatec.ch\/de\/produit\/drahtloser-temperaturalarm-alert-tp\/","url":"https:\/\/sysmatec.ch\/de\/produit\/drahtloser-temperaturalarm-alert-tp\/","name":"Drahtloser Temperaturalarm Alert TP - Sysmatec","isPartOf":{"@id":"https:\/\/sysmatec.ch\/de\/#website"},"primaryImageOfPage":{"@id":"https:\/\/sysmatec.ch\/de\/produit\/drahtloser-temperaturalarm-alert-tp\/#primaryimage"},"image":{"@id":"https:\/\/sysmatec.ch\/de\/produit\/drahtloser-temperaturalarm-alert-tp\/#primaryimage"},"thumbnailUrl":"https:\/\/sysmatec.ch\/wp-content\/uploads\/2019\/12\/Thermometer_WiFiAlert.jpg","datePublished":"2019-12-14T18:01:08+00:00","dateModified":"2021-12-05T09:35:22+00:00","description":"Temperaturwarnmodul. Es sendet eine E-Mail, wenn benutzerdefinierte Temperaturschwellen \u00fcberschritten werden.","breadcrumb":{"@id":"https:\/\/sysmatec.ch\/de\/produit\/drahtloser-temperaturalarm-alert-tp\/#breadcrumb"},"inLanguage":"de","potentialAction":[{"@type":"ReadAction","target":["https:\/\/sysmatec.ch\/de\/produit\/drahtloser-temperaturalarm-alert-tp\/"]}]},{"@type":"ImageObject","inLanguage":"de","@id":"https:\/\/sysmatec.ch\/de\/produit\/drahtloser-temperaturalarm-alert-tp\/#primaryimage","url":"https:\/\/sysmatec.ch\/wp-content\/uploads\/2019\/12\/Thermometer_WiFiAlert.jpg","contentUrl":"https:\/\/sysmatec.ch\/wp-content\/uploads\/2019\/12\/Thermometer_WiFiAlert.jpg","width":690,"height":388},{"@type":"BreadcrumbList","@id":"https:\/\/sysmatec.ch\/de\/produit\/drahtloser-temperaturalarm-alert-tp\/#breadcrumb","itemListElement":[{"@type":"ListItem","position":1,"name":"Accueil","item":"https:\/\/sysmatec.ch\/de\/"},{"@type":"ListItem","position":2,"name":"Die Aktivit\u00e4t von Sysmatec","item":"https:\/\/sysmatec.ch\/de\/"},{"@type":"ListItem","position":3,"name":"Drahtloser Temperaturalarm Alert TP"}]},{"@type":"WebSite","@id":"https:\/\/sysmatec.ch\/de\/#website","url":"https:\/\/sysmatec.ch\/de\/","name":"Sysmatec","description":"Equipement de laboratoire et logiciels","publisher":{"@id":"https:\/\/sysmatec.ch\/de\/#organization"},"potentialAction":[{"@type":"SearchAction","target":{"@type":"EntryPoint","urlTemplate":"https:\/\/sysmatec.ch\/de\/?s={search_term_string}"},"query-input":{"@type":"PropertyValueSpecification","valueRequired":true,"valueName":"search_term_string"}}],"inLanguage":"de"},{"@type":"Organization","@id":"https:\/\/sysmatec.ch\/de\/#organization","name":"Sysmatec","url":"https:\/\/sysmatec.ch\/de\/","logo":{"@type":"ImageObject","inLanguage":"de","@id":"https:\/\/sysmatec.ch\/de\/#\/schema\/logo\/image\/","url":"https:\/\/sysmatec.ch\/wp-content\/uploads\/2018\/11\/LogoSysmatec.jpg","contentUrl":"https:\/\/sysmatec.ch\/wp-content\/uploads\/2018\/11\/LogoSysmatec.jpg","width":301,"height":297,"caption":"Sysmatec"},"image":{"@id":"https:\/\/sysmatec.ch\/de\/#\/schema\/logo\/image\/"}}]}},"_links":{"self":[{"href":"https:\/\/sysmatec.ch\/de\/wp-json\/wp\/v2\/product\/14609","targetHints":{"allow":["GET"]}}],"collection":[{"href":"https:\/\/sysmatec.ch\/de\/wp-json\/wp\/v2\/product"}],"about":[{"href":"https:\/\/sysmatec.ch\/de\/wp-json\/wp\/v2\/types\/product"}],"wp:featuredmedia":[{"embeddable":true,"href":"https:\/\/sysmatec.ch\/de\/wp-json\/wp\/v2\/media\/14608"}],"wp:attachment":[{"href":"https:\/\/sysmatec.ch\/de\/wp-json\/wp\/v2\/media?parent=14609"}],"wp:term":[{"taxonomy":"product_brand","embeddable":true,"href":"https:\/\/sysmatec.ch\/de\/wp-json\/wp\/v2\/product_brand?post=14609"},{"taxonomy":"product_cat","embeddable":true,"href":"https:\/\/sysmatec.ch\/de\/wp-json\/wp\/v2\/product_cat?post=14609"},{"taxonomy":"product_tag","embeddable":true,"href":"https:\/\/sysmatec.ch\/de\/wp-json\/wp\/v2\/product_tag?post=14609"}],"curies":[{"name":"wp","href":"https:\/\/api.w.org\/{rel}","templated":true}]}}