{"id":14601,"date":"2019-12-14T17:45:10","date_gmt":"2019-12-14T16:50:27","guid":{"rendered":"https:\/\/sysmatec.ch\/?post_type=product&#038;p=14601"},"modified":"2021-12-05T10:48:48","modified_gmt":"2021-12-05T09:48:48","slug":"filtra-bag-probenahmebeutel","status":"publish","type":"product","link":"https:\/\/sysmatec.ch\/de\/Produkt\/filtra-bag-probenahmebeutel\/","title":{"rendered":"FILTRA-BAG Probenahmebeutel"},"content":{"rendered":"<p>Im Labor m\u00fcssen die festen Proben homogenisiert und getrennt werden. Labplas FILTRA-BAGs eignen sich perfekt f\u00fcr den Einsatz in einem Homogenisator.<br \/>\nFilterbeutel f\u00fcr Labplas FILTRA-BAG-Mischer sind so konstruiert, dass Proben, die viel R\u00fcckst\u00e4nde und \/ oder halbfeste \/ feste Substanzen enthalten, problemlos aliquotiert werden k\u00f6nnen. Bei der Zugabe des Aliquots zum Kulturmedium ist es wichtig, dass das Volumen des Aliquots genau und frei von Feststoffen ist. Dies verhindert ein Verstopfen der Pipetten und eine ungleichm\u00e4\u00dfige Abgabe.<br \/>\nExterne Polyethylen \/ PET-Membran, die das Risiko des Durchstechens der Beutelw\u00e4nde w\u00e4hrend des Schleifens beseitigt<br \/>\nFiltermembran mit 1840 L\u00f6chern pro Quadratzoll und einem Porendurchmesser von 330 Mikron, um einen optimalen Durchgang zwischen den Kammern w\u00e4hrend des Mahlens zu gew\u00e4hrleisten.<\/p>\n<h2>Probenahmebeutel Verwendung<\/h2>\n<ul>\n<li>Legen Sie die feste Probe auf die bedruckte Seite des FILTRA-BAG<\/li>\n<li>F\u00fchren Sie den Beutel durch einen vollst\u00e4ndigen Zyklus des Homogenisators<\/li>\n<li>Setzen Sie die Pipette auf die freie Seite des Beutels und nehmen Sie das Aliquot.<\/li>\n<\/ul>\n<h3>FILTRA-BAG \u00d6ffnen &#8211; L\u00f6schen<\/h3>\n<div class=\"table-responsive\">\n<table class=\"table table-striped\">\n<tbody>\n<tr>\n<th>Code<\/th>\n<th>mil. po<\/th>\n<th>micr.<\/th>\n<th>po x po<\/th>\n<th>mm x mm<\/th>\n<th>oz<\/th>\n<th>ml<\/th>\n<th>Verpackung<\/th>\n<\/tr>\n<tr>\n<td>SCTO7012A &#8211; Pour broyeur serie 400<\/td>\n<td>4.0<\/td>\n<td>101<\/td>\n<td>7 x 12<\/td>\n<td>178 x 305<\/td>\n<td>55<\/td>\n<td>1650<\/td>\n<td>Cs\/400 (4&#215;100)<\/td>\n<\/tr>\n<\/tbody>\n<\/table>\n<\/div>\n<h3>FILTRA-BAG mit abnehmbarem Streifen &#8211; Durchsichtig<\/h3>\n<div class=\"table-responsive\">\n<table class=\"table table-striped\">\n<tbody>\n<tr>\n<th>Code<\/th>\n<th>mil. po<\/th>\n<th>micr.<\/th>\n<th>po x po<\/th>\n<th>mm x mm<\/th>\n<th>oz<\/th>\n<th>ml<\/th>\n<th>Verpackung<\/th>\n<\/tr>\n<tr>\n<td>SCT-6090A &#8211; Pour broyeur serie 400<\/td>\n<td>4.0<\/td>\n<td>101<\/td>\n<td>6 x 9<\/td>\n<td>152 x 229<\/td>\n<td>24<\/td>\n<td>710<\/td>\n<td>Cs\/400 (4&#215;100)<\/td>\n<\/tr>\n<tr>\n<td>SCT-7012A &#8211; Pour broyeur serie 400<\/td>\n<td>4.0<\/td>\n<td>101<\/td>\n<td>7 x 12<\/td>\n<td>178 x 305<\/td>\n<td>55<\/td>\n<td>1650<\/td>\n<td>Cs\/400 (4&#215;100)<\/td>\n<\/tr>\n<tr>\n<td>SCT-1015A &#8211; Pour broyeur serie 3500<\/td>\n<td>4.0<\/td>\n<td>101<\/td>\n<td>10 x 15<\/td>\n<td>254 x 381<\/td>\n<td>92<\/td>\n<td>2720<\/td>\n<td>Cs\/400 (4&#215;100)<\/td>\n<\/tr>\n<tr>\n<td>SCT-1515A &#8211; Pour broyeur serie 3500<\/td>\n<td>4.0<\/td>\n<td>101<\/td>\n<td>15 x 15<\/td>\n<td>381 x 381<\/td>\n<td>138<\/td>\n<td>4000<\/td>\n<td>Cs\/200 (2&#215;100)<\/td>\n<\/tr>\n<tr>\n<td>SCT-1520A &#8211; Pour broyeur serie 3500<\/td>\n<td>4.0<\/td>\n<td>101<\/td>\n<td>15 x 20<\/td>\n<td>381 x 508<\/td>\n<td>405<\/td>\n<td>12L<\/td>\n<td>Cs\/200 (2&#215;100)<\/td>\n<\/tr>\n<\/tbody>\n<\/table>\n<\/div>\n<h3>FILTRA-BAG &#8211; Abgedeckte Enden &#8211; Durchsichtig &#8211; 1 Runddraht und 1 Streifen binden<\/h3>\n<div class=\"table-responsive\">\n<table class=\"table table-striped\">\n<tbody>\n<tr>\n<th>Code<\/th>\n<th>mil. po<\/th>\n<th>micr.<\/th>\n<th>po x po<\/th>\n<th>mm x mm<\/th>\n<th>oz<\/th>\n<th>ml<\/th>\n<th>Verpackung<\/th>\n<\/tr>\n<tr>\n<td>EFT-6090A &#8211; Pour broyeur serie 400<\/td>\n<td>4.0<\/td>\n<td>101<\/td>\n<td>6 x 9<\/td>\n<td>152 x 229<\/td>\n<td>24<\/td>\n<td>710<\/td>\n<td>Cs\/400 (4&#215;100)<\/td>\n<\/tr>\n<tr>\n<td>EFT-7012A &#8211; Pour broyeur serie 400<\/td>\n<td>4.0<\/td>\n<td>101<\/td>\n<td>7 x 12<\/td>\n<td>178 x 305<\/td>\n<td>55<\/td>\n<td>1650<\/td>\n<td>Cs\/400 (4&#215;100)<\/td>\n<\/tr>\n<tr>\n<td>EFT-1015A &#8211; Pour broyeur serie 3500<\/td>\n<td>4.0<\/td>\n<td>101<\/td>\n<td>10 x 15<\/td>\n<td>254 x 381<\/td>\n<td>92<\/td>\n<td>2720<\/td>\n<td>Cs\/400 (4&#215;100)<\/td>\n<\/tr>\n<tr>\n<td>EFT-1515A &#8211; Pour broyeur serie 3500<\/td>\n<td>4.0<\/td>\n<td>101<\/td>\n<td>15 x 15<\/td>\n<td>381 x 381<\/td>\n<td>138<\/td>\n<td>4000<\/td>\n<td>Cs\/200 (2&#215;100)<\/td>\n<\/tr>\n<tr>\n<td>EFT-1520A &#8211; Pour broyeur serie 3500<\/td>\n<td>4.0<\/td>\n<td>101<\/td>\n<td>15 x 20<\/td>\n<td>381 x 508<\/td>\n<td>405<\/td>\n<td>12L<\/td>\n<td>Cs\/200 (2&#215;100)<\/td>\n<\/tr>\n<\/tbody>\n<\/table>\n<\/div>\n","protected":false},"excerpt":{"rendered":"<p>Probenahmebeutel f\u00fcr Homogenisierer<\/p>\n","protected":false},"featured_media":14600,"template":"","meta":{"_crdt_document":""},"product_brand":[],"product_cat":[134,279],"product_tag":[],"class_list":{"0":"post-14601","1":"product","2":"type-product","3":"status-publish","4":"has-post-thumbnail","6":"product_cat-probe","7":"product_cat-verbrauchsmaterial","9":"first","10":"instock","11":"taxable","12":"shipping-taxable","13":"product-type-simple"},"yoast_head":"<!-- This site is optimized with the Yoast SEO plugin v27.4 - https:\/\/yoast.com\/product\/yoast-seo-wordpress\/ -->\n<title>FILTRA-BAG Probenahmebeutel - Sysmatec<\/title>\n<meta name=\"description\" content=\"Probenahmebeutel f\u00fcr Brecher. Es hat zwei durch einen Filter getrennte Kammern, die es erm\u00f6glichen, eine Probe frei von Feststoffen zu erhalten.\" \/>\n<meta name=\"robots\" content=\"index, follow, max-snippet:-1, max-image-preview:large, max-video-preview:-1\" \/>\n<link rel=\"canonical\" href=\"https:\/\/sysmatec.ch\/de\/produit\/filtra-bag-probenahmebeutel\/\" \/>\n<meta property=\"og:locale\" content=\"de_DE\" \/>\n<meta property=\"og:type\" content=\"article\" \/>\n<meta property=\"og:title\" content=\"FILTRA-BAG Probenahmebeutel - Sysmatec\" \/>\n<meta property=\"og:description\" content=\"Probenahmebeutel f\u00fcr Brecher. Es hat zwei durch einen Filter getrennte Kammern, die es erm\u00f6glichen, eine Probe frei von Feststoffen zu erhalten.\" \/>\n<meta property=\"og:url\" content=\"https:\/\/sysmatec.ch\/de\/produit\/filtra-bag-probenahmebeutel\/\" \/>\n<meta property=\"og:site_name\" content=\"Sysmatec\" \/>\n<meta property=\"article:modified_time\" content=\"2021-12-05T09:48:48+00:00\" \/>\n<meta property=\"og:image\" content=\"https:\/\/sysmatec.ch\/wp-content\/uploads\/2019\/12\/SacEchantillon_FiltraBag3.jpg\" \/>\n\t<meta property=\"og:image:width\" content=\"1000\" \/>\n\t<meta property=\"og:image:height\" content=\"1000\" \/>\n\t<meta property=\"og:image:type\" content=\"image\/jpeg\" \/>\n<meta name=\"twitter:card\" content=\"summary_large_image\" \/>\n<meta name=\"twitter:label1\" content=\"Gesch\u00e4tzte Lesezeit\" \/>\n\t<meta name=\"twitter:data1\" content=\"2\u00a0Minuten\" \/>\n<script type=\"application\/ld+json\" class=\"yoast-schema-graph\">{\"@context\":\"https:\\\/\\\/schema.org\",\"@graph\":[{\"@type\":\"WebPage\",\"@id\":\"https:\\\/\\\/sysmatec.ch\\\/de\\\/produit\\\/filtra-bag-probenahmebeutel\\\/\",\"url\":\"https:\\\/\\\/sysmatec.ch\\\/de\\\/produit\\\/filtra-bag-probenahmebeutel\\\/\",\"name\":\"FILTRA-BAG Probenahmebeutel - Sysmatec\",\"isPartOf\":{\"@id\":\"https:\\\/\\\/sysmatec.ch\\\/de\\\/#website\"},\"primaryImageOfPage\":{\"@id\":\"https:\\\/\\\/sysmatec.ch\\\/de\\\/produit\\\/filtra-bag-probenahmebeutel\\\/#primaryimage\"},\"image\":{\"@id\":\"https:\\\/\\\/sysmatec.ch\\\/de\\\/produit\\\/filtra-bag-probenahmebeutel\\\/#primaryimage\"},\"thumbnailUrl\":\"https:\\\/\\\/sysmatec.ch\\\/wp-content\\\/uploads\\\/2019\\\/12\\\/SacEchantillon_FiltraBag3.jpg\",\"datePublished\":\"2019-12-14T16:50:27+00:00\",\"dateModified\":\"2021-12-05T09:48:48+00:00\",\"description\":\"Probenahmebeutel f\u00fcr Brecher. Es hat zwei durch einen Filter getrennte Kammern, die es erm\u00f6glichen, eine Probe frei von Feststoffen zu erhalten.\",\"breadcrumb\":{\"@id\":\"https:\\\/\\\/sysmatec.ch\\\/de\\\/produit\\\/filtra-bag-probenahmebeutel\\\/#breadcrumb\"},\"inLanguage\":\"de\",\"potentialAction\":[{\"@type\":\"ReadAction\",\"target\":[\"https:\\\/\\\/sysmatec.ch\\\/de\\\/produit\\\/filtra-bag-probenahmebeutel\\\/\"]}]},{\"@type\":\"ImageObject\",\"inLanguage\":\"de\",\"@id\":\"https:\\\/\\\/sysmatec.ch\\\/de\\\/produit\\\/filtra-bag-probenahmebeutel\\\/#primaryimage\",\"url\":\"https:\\\/\\\/sysmatec.ch\\\/wp-content\\\/uploads\\\/2019\\\/12\\\/SacEchantillon_FiltraBag3.jpg\",\"contentUrl\":\"https:\\\/\\\/sysmatec.ch\\\/wp-content\\\/uploads\\\/2019\\\/12\\\/SacEchantillon_FiltraBag3.jpg\",\"width\":1000,\"height\":1000},{\"@type\":\"BreadcrumbList\",\"@id\":\"https:\\\/\\\/sysmatec.ch\\\/de\\\/produit\\\/filtra-bag-probenahmebeutel\\\/#breadcrumb\",\"itemListElement\":[{\"@type\":\"ListItem\",\"position\":1,\"name\":\"Accueil\",\"item\":\"https:\\\/\\\/sysmatec.ch\\\/de\\\/\"},{\"@type\":\"ListItem\",\"position\":2,\"name\":\"Die Aktivit\u00e4t von Sysmatec\",\"item\":\"https:\\\/\\\/sysmatec.ch\\\/de\\\/\"},{\"@type\":\"ListItem\",\"position\":3,\"name\":\"FILTRA-BAG Probenahmebeutel\"}]},{\"@type\":\"WebSite\",\"@id\":\"https:\\\/\\\/sysmatec.ch\\\/de\\\/#website\",\"url\":\"https:\\\/\\\/sysmatec.ch\\\/de\\\/\",\"name\":\"Sysmatec\",\"description\":\"Equipement de laboratoire et logiciels\",\"publisher\":{\"@id\":\"https:\\\/\\\/sysmatec.ch\\\/de\\\/#organization\"},\"potentialAction\":[{\"@type\":\"SearchAction\",\"target\":{\"@type\":\"EntryPoint\",\"urlTemplate\":\"https:\\\/\\\/sysmatec.ch\\\/de\\\/?s={search_term_string}\"},\"query-input\":{\"@type\":\"PropertyValueSpecification\",\"valueRequired\":true,\"valueName\":\"search_term_string\"}}],\"inLanguage\":\"de\"},{\"@type\":\"Organization\",\"@id\":\"https:\\\/\\\/sysmatec.ch\\\/de\\\/#organization\",\"name\":\"Sysmatec\",\"url\":\"https:\\\/\\\/sysmatec.ch\\\/de\\\/\",\"logo\":{\"@type\":\"ImageObject\",\"inLanguage\":\"de\",\"@id\":\"https:\\\/\\\/sysmatec.ch\\\/de\\\/#\\\/schema\\\/logo\\\/image\\\/\",\"url\":\"https:\\\/\\\/sysmatec.ch\\\/wp-content\\\/uploads\\\/2018\\\/11\\\/LogoSysmatec.jpg\",\"contentUrl\":\"https:\\\/\\\/sysmatec.ch\\\/wp-content\\\/uploads\\\/2018\\\/11\\\/LogoSysmatec.jpg\",\"width\":301,\"height\":297,\"caption\":\"Sysmatec\"},\"image\":{\"@id\":\"https:\\\/\\\/sysmatec.ch\\\/de\\\/#\\\/schema\\\/logo\\\/image\\\/\"}}]}<\/script>\n<!-- \/ Yoast SEO plugin. -->","yoast_head_json":{"title":"FILTRA-BAG Probenahmebeutel - Sysmatec","description":"Probenahmebeutel f\u00fcr Brecher. Es hat zwei durch einen Filter getrennte Kammern, die es erm\u00f6glichen, eine Probe frei von Feststoffen zu erhalten.","robots":{"index":"index","follow":"follow","max-snippet":"max-snippet:-1","max-image-preview":"max-image-preview:large","max-video-preview":"max-video-preview:-1"},"canonical":"https:\/\/sysmatec.ch\/de\/produit\/filtra-bag-probenahmebeutel\/","og_locale":"de_DE","og_type":"article","og_title":"FILTRA-BAG Probenahmebeutel - Sysmatec","og_description":"Probenahmebeutel f\u00fcr Brecher. Es hat zwei durch einen Filter getrennte Kammern, die es erm\u00f6glichen, eine Probe frei von Feststoffen zu erhalten.","og_url":"https:\/\/sysmatec.ch\/de\/produit\/filtra-bag-probenahmebeutel\/","og_site_name":"Sysmatec","article_modified_time":"2021-12-05T09:48:48+00:00","og_image":[{"width":1000,"height":1000,"url":"https:\/\/sysmatec.ch\/wp-content\/uploads\/2019\/12\/SacEchantillon_FiltraBag3.jpg","type":"image\/jpeg"}],"twitter_card":"summary_large_image","twitter_misc":{"Gesch\u00e4tzte Lesezeit":"2\u00a0Minuten"},"schema":{"@context":"https:\/\/schema.org","@graph":[{"@type":"WebPage","@id":"https:\/\/sysmatec.ch\/de\/produit\/filtra-bag-probenahmebeutel\/","url":"https:\/\/sysmatec.ch\/de\/produit\/filtra-bag-probenahmebeutel\/","name":"FILTRA-BAG Probenahmebeutel - Sysmatec","isPartOf":{"@id":"https:\/\/sysmatec.ch\/de\/#website"},"primaryImageOfPage":{"@id":"https:\/\/sysmatec.ch\/de\/produit\/filtra-bag-probenahmebeutel\/#primaryimage"},"image":{"@id":"https:\/\/sysmatec.ch\/de\/produit\/filtra-bag-probenahmebeutel\/#primaryimage"},"thumbnailUrl":"https:\/\/sysmatec.ch\/wp-content\/uploads\/2019\/12\/SacEchantillon_FiltraBag3.jpg","datePublished":"2019-12-14T16:50:27+00:00","dateModified":"2021-12-05T09:48:48+00:00","description":"Probenahmebeutel f\u00fcr Brecher. Es hat zwei durch einen Filter getrennte Kammern, die es erm\u00f6glichen, eine Probe frei von Feststoffen zu erhalten.","breadcrumb":{"@id":"https:\/\/sysmatec.ch\/de\/produit\/filtra-bag-probenahmebeutel\/#breadcrumb"},"inLanguage":"de","potentialAction":[{"@type":"ReadAction","target":["https:\/\/sysmatec.ch\/de\/produit\/filtra-bag-probenahmebeutel\/"]}]},{"@type":"ImageObject","inLanguage":"de","@id":"https:\/\/sysmatec.ch\/de\/produit\/filtra-bag-probenahmebeutel\/#primaryimage","url":"https:\/\/sysmatec.ch\/wp-content\/uploads\/2019\/12\/SacEchantillon_FiltraBag3.jpg","contentUrl":"https:\/\/sysmatec.ch\/wp-content\/uploads\/2019\/12\/SacEchantillon_FiltraBag3.jpg","width":1000,"height":1000},{"@type":"BreadcrumbList","@id":"https:\/\/sysmatec.ch\/de\/produit\/filtra-bag-probenahmebeutel\/#breadcrumb","itemListElement":[{"@type":"ListItem","position":1,"name":"Accueil","item":"https:\/\/sysmatec.ch\/de\/"},{"@type":"ListItem","position":2,"name":"Die Aktivit\u00e4t von Sysmatec","item":"https:\/\/sysmatec.ch\/de\/"},{"@type":"ListItem","position":3,"name":"FILTRA-BAG Probenahmebeutel"}]},{"@type":"WebSite","@id":"https:\/\/sysmatec.ch\/de\/#website","url":"https:\/\/sysmatec.ch\/de\/","name":"Sysmatec","description":"Equipement de laboratoire et logiciels","publisher":{"@id":"https:\/\/sysmatec.ch\/de\/#organization"},"potentialAction":[{"@type":"SearchAction","target":{"@type":"EntryPoint","urlTemplate":"https:\/\/sysmatec.ch\/de\/?s={search_term_string}"},"query-input":{"@type":"PropertyValueSpecification","valueRequired":true,"valueName":"search_term_string"}}],"inLanguage":"de"},{"@type":"Organization","@id":"https:\/\/sysmatec.ch\/de\/#organization","name":"Sysmatec","url":"https:\/\/sysmatec.ch\/de\/","logo":{"@type":"ImageObject","inLanguage":"de","@id":"https:\/\/sysmatec.ch\/de\/#\/schema\/logo\/image\/","url":"https:\/\/sysmatec.ch\/wp-content\/uploads\/2018\/11\/LogoSysmatec.jpg","contentUrl":"https:\/\/sysmatec.ch\/wp-content\/uploads\/2018\/11\/LogoSysmatec.jpg","width":301,"height":297,"caption":"Sysmatec"},"image":{"@id":"https:\/\/sysmatec.ch\/de\/#\/schema\/logo\/image\/"}}]}},"_links":{"self":[{"href":"https:\/\/sysmatec.ch\/de\/wp-json\/wp\/v2\/product\/14601","targetHints":{"allow":["GET"]}}],"collection":[{"href":"https:\/\/sysmatec.ch\/de\/wp-json\/wp\/v2\/product"}],"about":[{"href":"https:\/\/sysmatec.ch\/de\/wp-json\/wp\/v2\/types\/product"}],"wp:featuredmedia":[{"embeddable":true,"href":"https:\/\/sysmatec.ch\/de\/wp-json\/wp\/v2\/media\/14600"}],"wp:attachment":[{"href":"https:\/\/sysmatec.ch\/de\/wp-json\/wp\/v2\/media?parent=14601"}],"wp:term":[{"taxonomy":"product_brand","embeddable":true,"href":"https:\/\/sysmatec.ch\/de\/wp-json\/wp\/v2\/product_brand?post=14601"},{"taxonomy":"product_cat","embeddable":true,"href":"https:\/\/sysmatec.ch\/de\/wp-json\/wp\/v2\/product_cat?post=14601"},{"taxonomy":"product_tag","embeddable":true,"href":"https:\/\/sysmatec.ch\/de\/wp-json\/wp\/v2\/product_tag?post=14601"}],"curies":[{"name":"wp","href":"https:\/\/api.w.org\/{rel}","templated":true}]}}