{"id":14588,"date":"2019-12-14T17:24:53","date_gmt":"2019-12-14T16:28:00","guid":{"rendered":"https:\/\/sysmatec.ch\/?post_type=product&#038;p=14588"},"modified":"2021-12-05T10:54:27","modified_gmt":"2021-12-05T09:54:27","slug":"twirlem-opaque-steriler-probenbeutel","status":"publish","type":"product","link":"https:\/\/sysmatec.ch\/de\/Produkt\/twirlem-opaque-steriler-probenbeutel\/","title":{"rendered":"TWIRL&#8217;EM OPAQUE steriler Probenbeutel"},"content":{"rendered":"<p class=\"summary\"><span title=\"\">Der undurchsichtige Twirl&#8217;em-Beutel wird im Lebensmittel-, Pharma- und Umweltbereich eingesetzt.<\/span><br \/>\n<span title=\"\">Schwarzes Harz bietet eine vollst\u00e4ndige Lichtbarriere und sch\u00fctzt so lichtempfindliche Substanzen wie Vitamine, Chemikalien und Arzneimittel, Nahrungserg\u00e4nzungsmittel, Pflanzenextrakte und biologisches Gewebe.<\/span><br \/>\n<span title=\"\">Alle Probenahmebeutel sind R-NASE, D-NASE und pyrogenfrei.<\/span><\/p>\n<h3 class=\"summary\"><span title=\"\">Abgedeckte Enden &#8211; Undurchsichtig &#8211; Bedruckt &#8211; Verschluss mit 2 runden F\u00e4den<\/span><\/h3>\n<div class=\"table-responsive\">\n<table class=\"table table-striped\">\n<tbody>\n<tr>\n<th>Code<\/th>\n<th>mil. po<\/th>\n<th>micr.<\/th>\n<th>po x po<\/th>\n<th>mm x mm<\/th>\n<th>oz<\/th>\n<th>ml<\/th>\n<th>Verpackung<\/th>\n<\/tr>\n<tr>\n<td>EPN-4590<\/td>\n<td>2.5<\/td>\n<td>63<\/td>\n<td>4.5 x 9<\/td>\n<td>114 x 229<\/td>\n<td>15<\/td>\n<td>450<\/td>\n<td>Cs\/1000 (2&#215;500)<\/td>\n<\/tr>\n<tr>\n<td>EPN-4512<\/td>\n<td>2.5<\/td>\n<td>63<\/td>\n<td>4.5 x 12<\/td>\n<td>114 x 305<\/td>\n<td>30<\/td>\n<td>900<\/td>\n<td>Cs\/1000 (2&#215;500)<\/td>\n<\/tr>\n<tr>\n<td>EPN-4515<\/td>\n<td>2.5<\/td>\n<td>63<\/td>\n<td>4.5 x 15<\/td>\n<td>114 x 382<\/td>\n<td>40<\/td>\n<td>1200<\/td>\n<td>Cs\/1000 (2&#215;500)<\/td>\n<\/tr>\n<\/tbody>\n<\/table>\n<\/div>\n","protected":false},"excerpt":{"rendered":"<p>Undurchsichtig steriler Probenbeutel.<\/p>\n","protected":false},"featured_media":14587,"template":"","meta":{"_crdt_document":""},"product_brand":[],"product_cat":[134,279],"product_tag":[],"class_list":{"0":"post-14588","1":"product","2":"type-product","3":"status-publish","4":"has-post-thumbnail","6":"product_cat-probe","7":"product_cat-verbrauchsmaterial","9":"first","10":"instock","11":"taxable","12":"shipping-taxable","13":"product-type-simple"},"yoast_head":"<!-- This site is optimized with the Yoast SEO plugin v27.3 - https:\/\/yoast.com\/product\/yoast-seo-wordpress\/ -->\n<title>TWIRL&#039;EM OPAQUE steriler Probenbeutel - Sysmatec<\/title>\n<meta name=\"description\" content=\"Steriler Probenbeutel f\u00fcr Brecher. Die schwarze Farbe sch\u00fctzt die Produkte perfekt vor Licht.\" \/>\n<meta name=\"robots\" content=\"index, follow, max-snippet:-1, max-image-preview:large, max-video-preview:-1\" \/>\n<link rel=\"canonical\" href=\"https:\/\/sysmatec.ch\/de\/produit\/twirlem-opaque-steriler-probenbeutel\/\" \/>\n<meta property=\"og:locale\" content=\"de_DE\" \/>\n<meta property=\"og:type\" content=\"article\" \/>\n<meta property=\"og:title\" content=\"TWIRL&#039;EM OPAQUE steriler Probenbeutel - Sysmatec\" \/>\n<meta property=\"og:description\" content=\"Steriler Probenbeutel f\u00fcr Brecher. Die schwarze Farbe sch\u00fctzt die Produkte perfekt vor Licht.\" \/>\n<meta property=\"og:url\" content=\"https:\/\/sysmatec.ch\/de\/produit\/twirlem-opaque-steriler-probenbeutel\/\" \/>\n<meta property=\"og:site_name\" content=\"Sysmatec\" \/>\n<meta property=\"article:modified_time\" content=\"2021-12-05T09:54:27+00:00\" \/>\n<meta property=\"og:image\" content=\"https:\/\/sysmatec.ch\/wp-content\/uploads\/2019\/12\/SacEchantillon_TwirlemOpaque1.jpg\" \/>\n\t<meta property=\"og:image:width\" content=\"1000\" \/>\n\t<meta property=\"og:image:height\" content=\"1000\" \/>\n\t<meta property=\"og:image:type\" content=\"image\/jpeg\" \/>\n<meta name=\"twitter:card\" content=\"summary_large_image\" \/>\n<meta name=\"twitter:label1\" content=\"Gesch\u00e4tzte Lesezeit\" \/>\n\t<meta name=\"twitter:data1\" content=\"1\u00a0Minute\" \/>\n<script type=\"application\/ld+json\" class=\"yoast-schema-graph\">{\"@context\":\"https:\\\/\\\/schema.org\",\"@graph\":[{\"@type\":\"WebPage\",\"@id\":\"https:\\\/\\\/sysmatec.ch\\\/de\\\/produit\\\/twirlem-opaque-steriler-probenbeutel\\\/\",\"url\":\"https:\\\/\\\/sysmatec.ch\\\/de\\\/produit\\\/twirlem-opaque-steriler-probenbeutel\\\/\",\"name\":\"TWIRL'EM OPAQUE steriler Probenbeutel - Sysmatec\",\"isPartOf\":{\"@id\":\"https:\\\/\\\/sysmatec.ch\\\/de\\\/#website\"},\"primaryImageOfPage\":{\"@id\":\"https:\\\/\\\/sysmatec.ch\\\/de\\\/produit\\\/twirlem-opaque-steriler-probenbeutel\\\/#primaryimage\"},\"image\":{\"@id\":\"https:\\\/\\\/sysmatec.ch\\\/de\\\/produit\\\/twirlem-opaque-steriler-probenbeutel\\\/#primaryimage\"},\"thumbnailUrl\":\"https:\\\/\\\/sysmatec.ch\\\/wp-content\\\/uploads\\\/2019\\\/12\\\/SacEchantillon_TwirlemOpaque1.jpg\",\"datePublished\":\"2019-12-14T16:28:00+00:00\",\"dateModified\":\"2021-12-05T09:54:27+00:00\",\"description\":\"Steriler Probenbeutel f\u00fcr Brecher. Die schwarze Farbe sch\u00fctzt die Produkte perfekt vor Licht.\",\"breadcrumb\":{\"@id\":\"https:\\\/\\\/sysmatec.ch\\\/de\\\/produit\\\/twirlem-opaque-steriler-probenbeutel\\\/#breadcrumb\"},\"inLanguage\":\"de\",\"potentialAction\":[{\"@type\":\"ReadAction\",\"target\":[\"https:\\\/\\\/sysmatec.ch\\\/de\\\/produit\\\/twirlem-opaque-steriler-probenbeutel\\\/\"]}]},{\"@type\":\"ImageObject\",\"inLanguage\":\"de\",\"@id\":\"https:\\\/\\\/sysmatec.ch\\\/de\\\/produit\\\/twirlem-opaque-steriler-probenbeutel\\\/#primaryimage\",\"url\":\"https:\\\/\\\/sysmatec.ch\\\/wp-content\\\/uploads\\\/2019\\\/12\\\/SacEchantillon_TwirlemOpaque1.jpg\",\"contentUrl\":\"https:\\\/\\\/sysmatec.ch\\\/wp-content\\\/uploads\\\/2019\\\/12\\\/SacEchantillon_TwirlemOpaque1.jpg\",\"width\":1000,\"height\":1000},{\"@type\":\"BreadcrumbList\",\"@id\":\"https:\\\/\\\/sysmatec.ch\\\/de\\\/produit\\\/twirlem-opaque-steriler-probenbeutel\\\/#breadcrumb\",\"itemListElement\":[{\"@type\":\"ListItem\",\"position\":1,\"name\":\"Accueil\",\"item\":\"https:\\\/\\\/sysmatec.ch\\\/de\\\/\"},{\"@type\":\"ListItem\",\"position\":2,\"name\":\"Die Aktivit\u00e4t von Sysmatec\",\"item\":\"https:\\\/\\\/sysmatec.ch\\\/de\\\/\"},{\"@type\":\"ListItem\",\"position\":3,\"name\":\"TWIRL&#8217;EM OPAQUE steriler Probenbeutel\"}]},{\"@type\":\"WebSite\",\"@id\":\"https:\\\/\\\/sysmatec.ch\\\/de\\\/#website\",\"url\":\"https:\\\/\\\/sysmatec.ch\\\/de\\\/\",\"name\":\"Sysmatec\",\"description\":\"Equipement de laboratoire et logiciels\",\"publisher\":{\"@id\":\"https:\\\/\\\/sysmatec.ch\\\/de\\\/#organization\"},\"potentialAction\":[{\"@type\":\"SearchAction\",\"target\":{\"@type\":\"EntryPoint\",\"urlTemplate\":\"https:\\\/\\\/sysmatec.ch\\\/de\\\/?s={search_term_string}\"},\"query-input\":{\"@type\":\"PropertyValueSpecification\",\"valueRequired\":true,\"valueName\":\"search_term_string\"}}],\"inLanguage\":\"de\"},{\"@type\":\"Organization\",\"@id\":\"https:\\\/\\\/sysmatec.ch\\\/de\\\/#organization\",\"name\":\"Sysmatec\",\"url\":\"https:\\\/\\\/sysmatec.ch\\\/de\\\/\",\"logo\":{\"@type\":\"ImageObject\",\"inLanguage\":\"de\",\"@id\":\"https:\\\/\\\/sysmatec.ch\\\/de\\\/#\\\/schema\\\/logo\\\/image\\\/\",\"url\":\"https:\\\/\\\/sysmatec.ch\\\/wp-content\\\/uploads\\\/2018\\\/11\\\/LogoSysmatec.jpg\",\"contentUrl\":\"https:\\\/\\\/sysmatec.ch\\\/wp-content\\\/uploads\\\/2018\\\/11\\\/LogoSysmatec.jpg\",\"width\":301,\"height\":297,\"caption\":\"Sysmatec\"},\"image\":{\"@id\":\"https:\\\/\\\/sysmatec.ch\\\/de\\\/#\\\/schema\\\/logo\\\/image\\\/\"}}]}<\/script>\n<!-- \/ Yoast SEO plugin. -->","yoast_head_json":{"title":"TWIRL'EM OPAQUE steriler Probenbeutel - Sysmatec","description":"Steriler Probenbeutel f\u00fcr Brecher. Die schwarze Farbe sch\u00fctzt die Produkte perfekt vor Licht.","robots":{"index":"index","follow":"follow","max-snippet":"max-snippet:-1","max-image-preview":"max-image-preview:large","max-video-preview":"max-video-preview:-1"},"canonical":"https:\/\/sysmatec.ch\/de\/produit\/twirlem-opaque-steriler-probenbeutel\/","og_locale":"de_DE","og_type":"article","og_title":"TWIRL'EM OPAQUE steriler Probenbeutel - Sysmatec","og_description":"Steriler Probenbeutel f\u00fcr Brecher. Die schwarze Farbe sch\u00fctzt die Produkte perfekt vor Licht.","og_url":"https:\/\/sysmatec.ch\/de\/produit\/twirlem-opaque-steriler-probenbeutel\/","og_site_name":"Sysmatec","article_modified_time":"2021-12-05T09:54:27+00:00","og_image":[{"width":1000,"height":1000,"url":"https:\/\/sysmatec.ch\/wp-content\/uploads\/2019\/12\/SacEchantillon_TwirlemOpaque1.jpg","type":"image\/jpeg"}],"twitter_card":"summary_large_image","twitter_misc":{"Gesch\u00e4tzte Lesezeit":"1\u00a0Minute"},"schema":{"@context":"https:\/\/schema.org","@graph":[{"@type":"WebPage","@id":"https:\/\/sysmatec.ch\/de\/produit\/twirlem-opaque-steriler-probenbeutel\/","url":"https:\/\/sysmatec.ch\/de\/produit\/twirlem-opaque-steriler-probenbeutel\/","name":"TWIRL'EM OPAQUE steriler Probenbeutel - Sysmatec","isPartOf":{"@id":"https:\/\/sysmatec.ch\/de\/#website"},"primaryImageOfPage":{"@id":"https:\/\/sysmatec.ch\/de\/produit\/twirlem-opaque-steriler-probenbeutel\/#primaryimage"},"image":{"@id":"https:\/\/sysmatec.ch\/de\/produit\/twirlem-opaque-steriler-probenbeutel\/#primaryimage"},"thumbnailUrl":"https:\/\/sysmatec.ch\/wp-content\/uploads\/2019\/12\/SacEchantillon_TwirlemOpaque1.jpg","datePublished":"2019-12-14T16:28:00+00:00","dateModified":"2021-12-05T09:54:27+00:00","description":"Steriler Probenbeutel f\u00fcr Brecher. Die schwarze Farbe sch\u00fctzt die Produkte perfekt vor Licht.","breadcrumb":{"@id":"https:\/\/sysmatec.ch\/de\/produit\/twirlem-opaque-steriler-probenbeutel\/#breadcrumb"},"inLanguage":"de","potentialAction":[{"@type":"ReadAction","target":["https:\/\/sysmatec.ch\/de\/produit\/twirlem-opaque-steriler-probenbeutel\/"]}]},{"@type":"ImageObject","inLanguage":"de","@id":"https:\/\/sysmatec.ch\/de\/produit\/twirlem-opaque-steriler-probenbeutel\/#primaryimage","url":"https:\/\/sysmatec.ch\/wp-content\/uploads\/2019\/12\/SacEchantillon_TwirlemOpaque1.jpg","contentUrl":"https:\/\/sysmatec.ch\/wp-content\/uploads\/2019\/12\/SacEchantillon_TwirlemOpaque1.jpg","width":1000,"height":1000},{"@type":"BreadcrumbList","@id":"https:\/\/sysmatec.ch\/de\/produit\/twirlem-opaque-steriler-probenbeutel\/#breadcrumb","itemListElement":[{"@type":"ListItem","position":1,"name":"Accueil","item":"https:\/\/sysmatec.ch\/de\/"},{"@type":"ListItem","position":2,"name":"Die Aktivit\u00e4t von Sysmatec","item":"https:\/\/sysmatec.ch\/de\/"},{"@type":"ListItem","position":3,"name":"TWIRL&#8217;EM OPAQUE steriler Probenbeutel"}]},{"@type":"WebSite","@id":"https:\/\/sysmatec.ch\/de\/#website","url":"https:\/\/sysmatec.ch\/de\/","name":"Sysmatec","description":"Equipement de laboratoire et logiciels","publisher":{"@id":"https:\/\/sysmatec.ch\/de\/#organization"},"potentialAction":[{"@type":"SearchAction","target":{"@type":"EntryPoint","urlTemplate":"https:\/\/sysmatec.ch\/de\/?s={search_term_string}"},"query-input":{"@type":"PropertyValueSpecification","valueRequired":true,"valueName":"search_term_string"}}],"inLanguage":"de"},{"@type":"Organization","@id":"https:\/\/sysmatec.ch\/de\/#organization","name":"Sysmatec","url":"https:\/\/sysmatec.ch\/de\/","logo":{"@type":"ImageObject","inLanguage":"de","@id":"https:\/\/sysmatec.ch\/de\/#\/schema\/logo\/image\/","url":"https:\/\/sysmatec.ch\/wp-content\/uploads\/2018\/11\/LogoSysmatec.jpg","contentUrl":"https:\/\/sysmatec.ch\/wp-content\/uploads\/2018\/11\/LogoSysmatec.jpg","width":301,"height":297,"caption":"Sysmatec"},"image":{"@id":"https:\/\/sysmatec.ch\/de\/#\/schema\/logo\/image\/"}}]}},"_links":{"self":[{"href":"https:\/\/sysmatec.ch\/de\/wp-json\/wp\/v2\/product\/14588","targetHints":{"allow":["GET"]}}],"collection":[{"href":"https:\/\/sysmatec.ch\/de\/wp-json\/wp\/v2\/product"}],"about":[{"href":"https:\/\/sysmatec.ch\/de\/wp-json\/wp\/v2\/types\/product"}],"wp:featuredmedia":[{"embeddable":true,"href":"https:\/\/sysmatec.ch\/de\/wp-json\/wp\/v2\/media\/14587"}],"wp:attachment":[{"href":"https:\/\/sysmatec.ch\/de\/wp-json\/wp\/v2\/media?parent=14588"}],"wp:term":[{"taxonomy":"product_brand","embeddable":true,"href":"https:\/\/sysmatec.ch\/de\/wp-json\/wp\/v2\/product_brand?post=14588"},{"taxonomy":"product_cat","embeddable":true,"href":"https:\/\/sysmatec.ch\/de\/wp-json\/wp\/v2\/product_cat?post=14588"},{"taxonomy":"product_tag","embeddable":true,"href":"https:\/\/sysmatec.ch\/de\/wp-json\/wp\/v2\/product_tag?post=14588"}],"curies":[{"name":"wp","href":"https:\/\/api.w.org\/{rel}","templated":true}]}}