{"id":14579,"date":"2019-12-14T16:06:12","date_gmt":"2019-12-14T15:15:38","guid":{"rendered":"https:\/\/sysmatec.ch\/?post_type=product&#038;p=14579"},"modified":"2021-12-05T11:09:02","modified_gmt":"2021-12-05T10:09:02","slug":"twirlem-sterile-probenbeutel","status":"publish","type":"product","link":"https:\/\/sysmatec.ch\/de\/Produkt\/twirlem-sterile-probenbeutel\/","title":{"rendered":"TWIRL&#8217;EM Sterile Probenbeutel"},"content":{"rendered":"<p><span title=\"\">Ein sicherer, schadstofffreier, flexibler Beh\u00e4lter, der zuverl\u00e4ssige Testergebnisse liefert.<\/span><\/p>\n<h2><span title=\"\">Probenbeutel Vorteile<\/span><\/h2>\n<ul>\n<li><span title=\"\">Gr\u00f6\u00dftm\u00f6gliche \u00d6ffnung zur Erleichterung des Einf\u00fchrens der Probe<\/span><\/li>\n<li><span title=\"\">R\u00fcckverfolgbare Chargennummer f\u00fcr jedes Produkt<\/span><\/li>\n<li><span title=\"\">Die Beutel k\u00f6nnen feste, halbfeste und fl\u00fcssige Proben enthalten<\/span><\/li>\n<li><span title=\"\">Das Produkt entspricht den Industriestandards USDA und CFIA und besteht aus FDA-konformem Material.<\/span><\/li>\n<li><span title=\"\">Alle Probenahmebeutel sind R-NASE, D-NASE und pyrogenfrei.<\/span><\/li>\n<\/ul>\n<h2><span title=\"\">Probebeutel Verwendung<\/span><\/h2>\n<ul>\n<li><span title=\"\">Entfernen Sie den abnehmbaren Streifen entlang der Perforationen<\/span><\/li>\n<li><span title=\"\">Verwenden Sie die Laschen, um die Tasche zu \u00f6ffnen<\/span><\/li>\n<li><span title=\"\">Probe einf\u00fchren<\/span><\/li>\n<li><span title=\"\">Ziehen Sie an den Laschen und drehen Sie den Streifen 3 bis 4 Mal auf sich selbst, um ihn zu schlie\u00dfen<\/span><\/li>\n<li><span title=\"\">Falten Sie die Laschen nach innen, um einen festen Verschluss zu gew\u00e4hrleisten.<\/span><\/li>\n<\/ul>\n<h3>Abgedeckte Enden &#8211; Durchsichtig &#8211; Verschluss mit 2 runden Dr\u00e4hten<\/h3>\n<div class=\"table-responsive\">\n<table class=\"table table-striped\">\n<tbody>\n<tr>\n<th>Code<\/th>\n<th>mil. po<\/th>\n<th>micr.<\/th>\n<th>po x po<\/th>\n<th>mm x mm<\/th>\n<th>oz<\/th>\n<th>ml<\/th>\n<th>Verpackung<\/th>\n<\/tr>\n<tr>\n<td>EPL-3050<\/td>\n<td>2.5<\/td>\n<td>63<\/td>\n<td>3 x 5<\/td>\n<td>76 x 127<\/td>\n<td>2<\/td>\n<td>60<\/td>\n<td>Cs\/1000 (2&#215;500)<\/td>\n<\/tr>\n<tr>\n<td>EPL-3070<\/td>\n<td>2.5<\/td>\n<td>63<\/td>\n<td>3 x 7<\/td>\n<td>76 x 178<\/td>\n<td>4<\/td>\n<td>130<\/td>\n<td>Cs\/1000 (2&#215;500)<\/td>\n<\/tr>\n<tr>\n<td>EPL-3570<\/td>\n<td>3.0<\/td>\n<td>76<\/td>\n<td>3.5 x 7<\/td>\n<td>89 x 178<\/td>\n<td>7<\/td>\n<td>210<\/td>\n<td>Cs\/1000 (2&#215;500)<\/td>\n<\/tr>\n<tr>\n<td>EPL-4575<\/td>\n<td>2.5<\/td>\n<td>63<\/td>\n<td>4.5 x 7.5<\/td>\n<td>114 x 190<\/td>\n<td>12<\/td>\n<td>355<\/td>\n<td>Cs\/1000 (2&#215;500)<\/td>\n<\/tr>\n<tr>\n<td>EPL-4590<\/td>\n<td>2.5<\/td>\n<td>63<\/td>\n<td>4.5 x 9<\/td>\n<td>114 x 229<\/td>\n<td>15<\/td>\n<td>450<\/td>\n<td>Cs\/1000 (2&#215;500)<\/td>\n<\/tr>\n<tr>\n<td>EPL-4512<\/td>\n<td>2.5<\/td>\n<td>63<\/td>\n<td>4.5 x 12<\/td>\n<td>114 x 305<\/td>\n<td>27<\/td>\n<td>800<\/td>\n<td>Cs\/1000 (2&#215;500)<\/td>\n<\/tr>\n<tr>\n<td>EPL-4515<\/td>\n<td>2.5<\/td>\n<td>63<\/td>\n<td>4.5 x 15<\/td>\n<td>114 x 382<\/td>\n<td>40<\/td>\n<td>1200<\/td>\n<td>Cs\/1000 (2&#215;500)<\/td>\n<\/tr>\n<tr>\n<td>EPL-5590<\/td>\n<td>3.0<\/td>\n<td>76<\/td>\n<td>5.5 x 9<\/td>\n<td>140 x 229<\/td>\n<td>22<\/td>\n<td>650<\/td>\n<td>Cs\/1000 (2&#215;500)<\/td>\n<\/tr>\n<tr>\n<td>EPL45590<\/td>\n<td>4.0<\/td>\n<td>101<\/td>\n<td>5.5 x 9<\/td>\n<td>140 x 229<\/td>\n<td>22<\/td>\n<td>650<\/td>\n<td>Cs\/1000 (2&#215;500)<\/td>\n<\/tr>\n<tr>\n<td>EPL-5515<\/td>\n<td>3.0<\/td>\n<td>76<\/td>\n<td>5.5 x 15<\/td>\n<td>140 x 382<\/td>\n<td>50<\/td>\n<td>1500<\/td>\n<td>Cs\/1000 (2&#215;500)<\/td>\n<\/tr>\n<tr>\n<td>EPL-7012<\/td>\n<td>3.0<\/td>\n<td>76<\/td>\n<td>7 x 12<\/td>\n<td>178 x 305<\/td>\n<td>55<\/td>\n<td>1650<\/td>\n<td>Cs\/1000 (4&#215;250)<\/td>\n<\/tr>\n<tr>\n<td>EPL47012<\/td>\n<td>4.0<\/td>\n<td>101<\/td>\n<td>7 x 12<\/td>\n<td>178 x 305<\/td>\n<td>55<\/td>\n<td>1650<\/td>\n<td>Cs\/1000 (4&#215;250)<\/td>\n<\/tr>\n<tr>\n<td>EPL-7015<\/td>\n<td>3.0<\/td>\n<td>76<\/td>\n<td>7 x 15<\/td>\n<td>178 x 382<\/td>\n<td>85<\/td>\n<td>2500<\/td>\n<td>Cs\/1000 (4&#215;250)<\/td>\n<\/tr>\n<\/tbody>\n<\/table>\n<h3>Abgedeckte Enden &#8211; Bedruckt &#8211; Verschluss mit 2 Rundf\u00e4den<\/h3>\n<div class=\"table-responsive\">\n<table class=\"table table-striped\">\n<tbody>\n<tr>\n<th>Code<\/th>\n<th>mil. po<\/th>\n<th>micr.<\/th>\n<th>po x po<\/th>\n<th>mm x mm<\/th>\n<th>oz<\/th>\n<th>ml<\/th>\n<th>Verpackung<\/th>\n<\/tr>\n<tr>\n<td>EPR-3050<\/td>\n<td>2.5<\/td>\n<td>63<\/td>\n<td>3 x 5<\/td>\n<td>76 x 127<\/td>\n<td>2<\/td>\n<td>60<\/td>\n<td>Cs\/1000 (2&#215;500)<\/td>\n<\/tr>\n<tr>\n<td>EPR-3070<\/td>\n<td>2.5<\/td>\n<td>63<\/td>\n<td>3 x 7<\/td>\n<td>76 x 178<\/td>\n<td>4<\/td>\n<td>130<\/td>\n<td>Cs\/1000 (2&#215;500)<\/td>\n<\/tr>\n<tr>\n<td>EPR-3570<\/td>\n<td>3.0<\/td>\n<td>76<\/td>\n<td>3.5 x 7<\/td>\n<td>89 x 178<\/td>\n<td>7<\/td>\n<td>210<\/td>\n<td>Cs\/1000 (2&#215;500)<\/td>\n<\/tr>\n<tr>\n<td>EPR-4575<\/td>\n<td>2.5<\/td>\n<td>63<\/td>\n<td>4.5 x 7.5<\/td>\n<td>114 x 190<\/td>\n<td>12<\/td>\n<td>355<\/td>\n<td>Cs\/1000 (2&#215;500)<\/td>\n<\/tr>\n<tr>\n<td>EPR-4590<\/td>\n<td>2.5<\/td>\n<td>63<\/td>\n<td>4.5 x 9<\/td>\n<td>114 x 229<\/td>\n<td>15<\/td>\n<td>450<\/td>\n<td>Cs\/1000 (2&#215;500)<\/td>\n<\/tr>\n<tr>\n<td>EPR-4512<\/td>\n<td>2.5<\/td>\n<td>63<\/td>\n<td>4.5 x 12<\/td>\n<td>114 x 305<\/td>\n<td>27<\/td>\n<td>800<\/td>\n<td>Cs\/1000 (2&#215;500)<\/td>\n<\/tr>\n<tr>\n<td>EPR-4515<\/td>\n<td>2.5<\/td>\n<td>63<\/td>\n<td>4.5 x 15<\/td>\n<td>114 x 382<\/td>\n<td>40<\/td>\n<td>1200<\/td>\n<td>Cs\/1000 (2&#215;500)<\/td>\n<\/tr>\n<tr>\n<td>EPR-5590<\/td>\n<td>3.0<\/td>\n<td>76<\/td>\n<td>5.5 x 9<\/td>\n<td>140 x 229<\/td>\n<td>22<\/td>\n<td>650<\/td>\n<td>Cs\/1000 (2&#215;500)<\/td>\n<\/tr>\n<tr>\n<td>EPR45590<\/td>\n<td>4.0<\/td>\n<td>101<\/td>\n<td>5.5 x 9<\/td>\n<td>140 x 229<\/td>\n<td>22<\/td>\n<td>650<\/td>\n<td>Cs\/1000 (2&#215;500)<\/td>\n<\/tr>\n<tr>\n<td>EPR-5515<\/td>\n<td>3.0<\/td>\n<td>76<\/td>\n<td>5.5 x 15<\/td>\n<td>140 x 382<\/td>\n<td>50<\/td>\n<td>1500<\/td>\n<td>Cs\/1000 (2&#215;500)<\/td>\n<\/tr>\n<tr>\n<td>EPR-7012<\/td>\n<td>3.0<\/td>\n<td>76<\/td>\n<td>7 x 12<\/td>\n<td>178 x 305<\/td>\n<td>55<\/td>\n<td>1650<\/td>\n<td>Cs\/1000 (4&#215;250)<\/td>\n<\/tr>\n<tr>\n<td>EPR47012<\/td>\n<td>4.0<\/td>\n<td>101<\/td>\n<td>7 x 12<\/td>\n<td>178 x 305<\/td>\n<td>55<\/td>\n<td>1650<\/td>\n<td>Cs\/1000 (4&#215;250)<\/td>\n<\/tr>\n<tr>\n<td>EPR-7015<\/td>\n<td>3.0<\/td>\n<td>76<\/td>\n<td>7 x 15<\/td>\n<td>178 x 382<\/td>\n<td>85<\/td>\n<td>2500<\/td>\n<td>Cs\/1000 (4&#215;250)<\/td>\n<\/tr>\n<\/tbody>\n<\/table>\n<\/div>\n<h3>Abgedeckte Enden &#8211; Durchsichtig &#8211; Verschluss mit 1 runden und 1 flachen Gewinde<\/h3>\n<div class=\"table-responsive\">\n<table class=\"table table-striped\">\n<tbody>\n<tr>\n<th>Code<\/th>\n<th>mil. po<\/th>\n<th>micr.<\/th>\n<th>po x po<\/th>\n<th>mm x mm<\/th>\n<th>oz<\/th>\n<th>ml<\/th>\n<th>Verpackung<\/th>\n<\/tr>\n<tr>\n<td>EFL-3070<\/td>\n<td>2.5<\/td>\n<td>63<\/td>\n<td>3 x 7<\/td>\n<td>76 x 178<\/td>\n<td>4<\/td>\n<td>130<\/td>\n<td>Cs\/1000 (2&#215;500)<\/td>\n<\/tr>\n<tr>\n<td>EFL-4590<\/td>\n<td>2.5<\/td>\n<td>63<\/td>\n<td>4.5 x 9<\/td>\n<td>114 x 229<\/td>\n<td>15<\/td>\n<td>450<\/td>\n<td>Cs\/1000 (2&#215;500)<\/td>\n<\/tr>\n<tr>\n<td>EFL-5590<\/td>\n<td>3.0<\/td>\n<td>76<\/td>\n<td>5.5 x 9<\/td>\n<td>140 x 229<\/td>\n<td>22<\/td>\n<td>650<\/td>\n<td>Cs\/1000 (2&#215;500)<\/td>\n<\/tr>\n<tr>\n<td>EFL-5512<\/td>\n<td>3.0<\/td>\n<td>76<\/td>\n<td>5.5 x 12<\/td>\n<td>140 x 305<\/td>\n<td>36<\/td>\n<td>1080<\/td>\n<td>Cs\/1000 (2&#215;500)<\/td>\n<\/tr>\n<tr>\n<td>EFL-7012<\/td>\n<td>3.0<\/td>\n<td>76<\/td>\n<td>7 x 12<\/td>\n<td>178 x 305<\/td>\n<td>55<\/td>\n<td>1650<\/td>\n<td>Cs\/1000 (4&#215;250)<\/td>\n<\/tr>\n<tr>\n<td>EFL47012<\/td>\n<td>4.0<\/td>\n<td>101<\/td>\n<td>7 x 12<\/td>\n<td>178 x 305<\/td>\n<td>55<\/td>\n<td>1650<\/td>\n<td>Cs\/1000 (4&#215;250)<\/td>\n<\/tr>\n<tr>\n<td>EFL-1012<\/td>\n<td>4.0<\/td>\n<td>101<\/td>\n<td>10 x 12<\/td>\n<td>254 x 305<\/td>\n<td>76<\/td>\n<td>2250<\/td>\n<td>Cs\/1000 (4&#215;250)<\/td>\n<\/tr>\n<tr>\n<td>EFL-1015<\/td>\n<td>4.0<\/td>\n<td>101<\/td>\n<td>10 x 15<\/td>\n<td>254 x 382<\/td>\n<td>135<\/td>\n<td>4000<\/td>\n<td>Cs\/1000 (4&#215;250)<\/td>\n<\/tr>\n<\/tbody>\n<\/table>\n<\/div>\n<h3>Abgedeckte Enden &#8211; Bedruckt &#8211; Verschluss mit 1 Rund- und 1 Flachfaden<\/h3>\n<div class=\"table-responsive\">\n<table class=\"table table-striped\">\n<tbody>\n<tr>\n<th>Code<\/th>\n<th>mil. po<\/th>\n<th>micr.<\/th>\n<th>po x po<\/th>\n<th>mm x mm<\/th>\n<th>oz<\/th>\n<th>ml<\/th>\n<th>Verpackung<\/th>\n<\/tr>\n<tr>\n<td>EFR-3070<\/td>\n<td>2.5<\/td>\n<td>63<\/td>\n<td>3 x 7<\/td>\n<td>76 x 178<\/td>\n<td>4<\/td>\n<td>130<\/td>\n<td>Cs\/1000 (2&#215;500)<\/td>\n<\/tr>\n<tr>\n<td>EFR-4590<\/td>\n<td>2.5<\/td>\n<td>63<\/td>\n<td>4.5 x 9<\/td>\n<td>114 x 229<\/td>\n<td>15<\/td>\n<td>450<\/td>\n<td>Cs\/1000 (2&#215;500)<\/td>\n<\/tr>\n<tr>\n<td>EFR-5590<\/td>\n<td>3.0<\/td>\n<td>76<\/td>\n<td>5.5 x 9<\/td>\n<td>140 x 229<\/td>\n<td>22<\/td>\n<td>650<\/td>\n<td>Cs\/1000 (2&#215;500)<\/td>\n<\/tr>\n<tr>\n<td>EFR-5512<\/td>\n<td>3.0<\/td>\n<td>76<\/td>\n<td>5.5 x 12<\/td>\n<td>140 x 305<\/td>\n<td>36<\/td>\n<td>1080<\/td>\n<td>Cs\/1000 (2&#215;500)<\/td>\n<\/tr>\n<tr>\n<td>EFR-7012<\/td>\n<td>3.0<\/td>\n<td>76<\/td>\n<td>7 x 12<\/td>\n<td>178 x 305<\/td>\n<td>55<\/td>\n<td>1650<\/td>\n<td>Cs\/1000 (4&#215;250)<\/td>\n<\/tr>\n<tr>\n<td>EFR47012<\/td>\n<td>4.0<\/td>\n<td>101<\/td>\n<td>7 x 12<\/td>\n<td>178 x 305<\/td>\n<td>55<\/td>\n<td>1650<\/td>\n<td>Cs\/1000 (4&#215;250)<\/td>\n<\/tr>\n<tr>\n<td>EFR-1012<\/td>\n<td>4.0<\/td>\n<td>101<\/td>\n<td>10 x 12<\/td>\n<td>254 x 305<\/td>\n<td>76<\/td>\n<td>2250<\/td>\n<td>Cs\/1000 (4&#215;250)<\/td>\n<\/tr>\n<tr>\n<td>EFR-1015<\/td>\n<td>4.0<\/td>\n<td>101<\/td>\n<td>10 x 15<\/td>\n<td>254 x 382<\/td>\n<td>135<\/td>\n<td>4000<\/td>\n<td>Cs\/1000 (4&#215;250)<\/td>\n<\/tr>\n<\/tbody>\n<\/table>\n<\/div>\n<\/div>\n","protected":false},"excerpt":{"rendered":"<p>Sterile Probenbeutel<\/p>\n","protected":false},"featured_media":14575,"template":"","meta":{"_crdt_document":""},"product_brand":[],"product_cat":[134,279],"product_tag":[],"class_list":{"0":"post-14579","1":"product","2":"type-product","3":"status-publish","4":"has-post-thumbnail","6":"product_cat-probe","7":"product_cat-verbrauchsmaterial","9":"first","10":"instock","11":"taxable","12":"shipping-taxable","13":"product-type-simple"},"yoast_head":"<!-- This site is optimized with the Yoast SEO plugin v27.4 - https:\/\/yoast.com\/product\/yoast-seo-wordpress\/ -->\n<title>TWIRL&#039;EM Sterile Probenbeutel - Sysmatec<\/title>\n<meta name=\"description\" content=\"Steriler Probenbeutel f\u00fcr Brecher. Es kann fl\u00fcssige oder feste Produkte enthalten. Es ist R-NASE-frei, D-NASE-frei und pyrogenfrei.\" \/>\n<meta name=\"robots\" content=\"index, follow, max-snippet:-1, max-image-preview:large, max-video-preview:-1\" \/>\n<link rel=\"canonical\" href=\"https:\/\/sysmatec.ch\/de\/produit\/twirlem-sterile-probenbeutel\/\" \/>\n<meta property=\"og:locale\" content=\"de_DE\" \/>\n<meta property=\"og:type\" content=\"article\" \/>\n<meta property=\"og:title\" content=\"TWIRL&#039;EM Sterile Probenbeutel - Sysmatec\" \/>\n<meta property=\"og:description\" content=\"Steriler Probenbeutel f\u00fcr Brecher. Es kann fl\u00fcssige oder feste Produkte enthalten. Es ist R-NASE-frei, D-NASE-frei und pyrogenfrei.\" \/>\n<meta property=\"og:url\" content=\"https:\/\/sysmatec.ch\/de\/produit\/twirlem-sterile-probenbeutel\/\" \/>\n<meta property=\"og:site_name\" content=\"Sysmatec\" \/>\n<meta property=\"article:modified_time\" content=\"2021-12-05T10:09:02+00:00\" \/>\n<meta property=\"og:image\" content=\"https:\/\/sysmatec.ch\/wp-content\/uploads\/2019\/12\/SacEchantillon_Twirlem1.jpg\" \/>\n\t<meta property=\"og:image:width\" content=\"1000\" \/>\n\t<meta property=\"og:image:height\" content=\"1000\" \/>\n\t<meta property=\"og:image:type\" content=\"image\/jpeg\" \/>\n<meta name=\"twitter:card\" content=\"summary_large_image\" \/>\n<meta name=\"twitter:label1\" content=\"Gesch\u00e4tzte Lesezeit\" \/>\n\t<meta name=\"twitter:data1\" content=\"4\u00a0Minuten\" \/>\n<script type=\"application\/ld+json\" class=\"yoast-schema-graph\">{\"@context\":\"https:\\\/\\\/schema.org\",\"@graph\":[{\"@type\":\"WebPage\",\"@id\":\"https:\\\/\\\/sysmatec.ch\\\/de\\\/produit\\\/twirlem-sterile-probenbeutel\\\/\",\"url\":\"https:\\\/\\\/sysmatec.ch\\\/de\\\/produit\\\/twirlem-sterile-probenbeutel\\\/\",\"name\":\"TWIRL'EM Sterile Probenbeutel - Sysmatec\",\"isPartOf\":{\"@id\":\"https:\\\/\\\/sysmatec.ch\\\/de\\\/#website\"},\"primaryImageOfPage\":{\"@id\":\"https:\\\/\\\/sysmatec.ch\\\/de\\\/produit\\\/twirlem-sterile-probenbeutel\\\/#primaryimage\"},\"image\":{\"@id\":\"https:\\\/\\\/sysmatec.ch\\\/de\\\/produit\\\/twirlem-sterile-probenbeutel\\\/#primaryimage\"},\"thumbnailUrl\":\"https:\\\/\\\/sysmatec.ch\\\/wp-content\\\/uploads\\\/2019\\\/12\\\/SacEchantillon_Twirlem1.jpg\",\"datePublished\":\"2019-12-14T15:15:38+00:00\",\"dateModified\":\"2021-12-05T10:09:02+00:00\",\"description\":\"Steriler Probenbeutel f\u00fcr Brecher. Es kann fl\u00fcssige oder feste Produkte enthalten. Es ist R-NASE-frei, D-NASE-frei und pyrogenfrei.\",\"breadcrumb\":{\"@id\":\"https:\\\/\\\/sysmatec.ch\\\/de\\\/produit\\\/twirlem-sterile-probenbeutel\\\/#breadcrumb\"},\"inLanguage\":\"de\",\"potentialAction\":[{\"@type\":\"ReadAction\",\"target\":[\"https:\\\/\\\/sysmatec.ch\\\/de\\\/produit\\\/twirlem-sterile-probenbeutel\\\/\"]}]},{\"@type\":\"ImageObject\",\"inLanguage\":\"de\",\"@id\":\"https:\\\/\\\/sysmatec.ch\\\/de\\\/produit\\\/twirlem-sterile-probenbeutel\\\/#primaryimage\",\"url\":\"https:\\\/\\\/sysmatec.ch\\\/wp-content\\\/uploads\\\/2019\\\/12\\\/SacEchantillon_Twirlem1.jpg\",\"contentUrl\":\"https:\\\/\\\/sysmatec.ch\\\/wp-content\\\/uploads\\\/2019\\\/12\\\/SacEchantillon_Twirlem1.jpg\",\"width\":1000,\"height\":1000},{\"@type\":\"BreadcrumbList\",\"@id\":\"https:\\\/\\\/sysmatec.ch\\\/de\\\/produit\\\/twirlem-sterile-probenbeutel\\\/#breadcrumb\",\"itemListElement\":[{\"@type\":\"ListItem\",\"position\":1,\"name\":\"Accueil\",\"item\":\"https:\\\/\\\/sysmatec.ch\\\/de\\\/\"},{\"@type\":\"ListItem\",\"position\":2,\"name\":\"Die Aktivit\u00e4t von Sysmatec\",\"item\":\"https:\\\/\\\/sysmatec.ch\\\/de\\\/\"},{\"@type\":\"ListItem\",\"position\":3,\"name\":\"TWIRL&#8217;EM Sterile Probenbeutel\"}]},{\"@type\":\"WebSite\",\"@id\":\"https:\\\/\\\/sysmatec.ch\\\/de\\\/#website\",\"url\":\"https:\\\/\\\/sysmatec.ch\\\/de\\\/\",\"name\":\"Sysmatec\",\"description\":\"Equipement de laboratoire et logiciels\",\"publisher\":{\"@id\":\"https:\\\/\\\/sysmatec.ch\\\/de\\\/#organization\"},\"potentialAction\":[{\"@type\":\"SearchAction\",\"target\":{\"@type\":\"EntryPoint\",\"urlTemplate\":\"https:\\\/\\\/sysmatec.ch\\\/de\\\/?s={search_term_string}\"},\"query-input\":{\"@type\":\"PropertyValueSpecification\",\"valueRequired\":true,\"valueName\":\"search_term_string\"}}],\"inLanguage\":\"de\"},{\"@type\":\"Organization\",\"@id\":\"https:\\\/\\\/sysmatec.ch\\\/de\\\/#organization\",\"name\":\"Sysmatec\",\"url\":\"https:\\\/\\\/sysmatec.ch\\\/de\\\/\",\"logo\":{\"@type\":\"ImageObject\",\"inLanguage\":\"de\",\"@id\":\"https:\\\/\\\/sysmatec.ch\\\/de\\\/#\\\/schema\\\/logo\\\/image\\\/\",\"url\":\"https:\\\/\\\/sysmatec.ch\\\/wp-content\\\/uploads\\\/2018\\\/11\\\/LogoSysmatec.jpg\",\"contentUrl\":\"https:\\\/\\\/sysmatec.ch\\\/wp-content\\\/uploads\\\/2018\\\/11\\\/LogoSysmatec.jpg\",\"width\":301,\"height\":297,\"caption\":\"Sysmatec\"},\"image\":{\"@id\":\"https:\\\/\\\/sysmatec.ch\\\/de\\\/#\\\/schema\\\/logo\\\/image\\\/\"}}]}<\/script>\n<!-- \/ Yoast SEO plugin. -->","yoast_head_json":{"title":"TWIRL'EM Sterile Probenbeutel - Sysmatec","description":"Steriler Probenbeutel f\u00fcr Brecher. Es kann fl\u00fcssige oder feste Produkte enthalten. Es ist R-NASE-frei, D-NASE-frei und pyrogenfrei.","robots":{"index":"index","follow":"follow","max-snippet":"max-snippet:-1","max-image-preview":"max-image-preview:large","max-video-preview":"max-video-preview:-1"},"canonical":"https:\/\/sysmatec.ch\/de\/produit\/twirlem-sterile-probenbeutel\/","og_locale":"de_DE","og_type":"article","og_title":"TWIRL'EM Sterile Probenbeutel - Sysmatec","og_description":"Steriler Probenbeutel f\u00fcr Brecher. Es kann fl\u00fcssige oder feste Produkte enthalten. Es ist R-NASE-frei, D-NASE-frei und pyrogenfrei.","og_url":"https:\/\/sysmatec.ch\/de\/produit\/twirlem-sterile-probenbeutel\/","og_site_name":"Sysmatec","article_modified_time":"2021-12-05T10:09:02+00:00","og_image":[{"width":1000,"height":1000,"url":"https:\/\/sysmatec.ch\/wp-content\/uploads\/2019\/12\/SacEchantillon_Twirlem1.jpg","type":"image\/jpeg"}],"twitter_card":"summary_large_image","twitter_misc":{"Gesch\u00e4tzte Lesezeit":"4\u00a0Minuten"},"schema":{"@context":"https:\/\/schema.org","@graph":[{"@type":"WebPage","@id":"https:\/\/sysmatec.ch\/de\/produit\/twirlem-sterile-probenbeutel\/","url":"https:\/\/sysmatec.ch\/de\/produit\/twirlem-sterile-probenbeutel\/","name":"TWIRL'EM Sterile Probenbeutel - Sysmatec","isPartOf":{"@id":"https:\/\/sysmatec.ch\/de\/#website"},"primaryImageOfPage":{"@id":"https:\/\/sysmatec.ch\/de\/produit\/twirlem-sterile-probenbeutel\/#primaryimage"},"image":{"@id":"https:\/\/sysmatec.ch\/de\/produit\/twirlem-sterile-probenbeutel\/#primaryimage"},"thumbnailUrl":"https:\/\/sysmatec.ch\/wp-content\/uploads\/2019\/12\/SacEchantillon_Twirlem1.jpg","datePublished":"2019-12-14T15:15:38+00:00","dateModified":"2021-12-05T10:09:02+00:00","description":"Steriler Probenbeutel f\u00fcr Brecher. Es kann fl\u00fcssige oder feste Produkte enthalten. Es ist R-NASE-frei, D-NASE-frei und pyrogenfrei.","breadcrumb":{"@id":"https:\/\/sysmatec.ch\/de\/produit\/twirlem-sterile-probenbeutel\/#breadcrumb"},"inLanguage":"de","potentialAction":[{"@type":"ReadAction","target":["https:\/\/sysmatec.ch\/de\/produit\/twirlem-sterile-probenbeutel\/"]}]},{"@type":"ImageObject","inLanguage":"de","@id":"https:\/\/sysmatec.ch\/de\/produit\/twirlem-sterile-probenbeutel\/#primaryimage","url":"https:\/\/sysmatec.ch\/wp-content\/uploads\/2019\/12\/SacEchantillon_Twirlem1.jpg","contentUrl":"https:\/\/sysmatec.ch\/wp-content\/uploads\/2019\/12\/SacEchantillon_Twirlem1.jpg","width":1000,"height":1000},{"@type":"BreadcrumbList","@id":"https:\/\/sysmatec.ch\/de\/produit\/twirlem-sterile-probenbeutel\/#breadcrumb","itemListElement":[{"@type":"ListItem","position":1,"name":"Accueil","item":"https:\/\/sysmatec.ch\/de\/"},{"@type":"ListItem","position":2,"name":"Die Aktivit\u00e4t von Sysmatec","item":"https:\/\/sysmatec.ch\/de\/"},{"@type":"ListItem","position":3,"name":"TWIRL&#8217;EM Sterile Probenbeutel"}]},{"@type":"WebSite","@id":"https:\/\/sysmatec.ch\/de\/#website","url":"https:\/\/sysmatec.ch\/de\/","name":"Sysmatec","description":"Equipement de laboratoire et logiciels","publisher":{"@id":"https:\/\/sysmatec.ch\/de\/#organization"},"potentialAction":[{"@type":"SearchAction","target":{"@type":"EntryPoint","urlTemplate":"https:\/\/sysmatec.ch\/de\/?s={search_term_string}"},"query-input":{"@type":"PropertyValueSpecification","valueRequired":true,"valueName":"search_term_string"}}],"inLanguage":"de"},{"@type":"Organization","@id":"https:\/\/sysmatec.ch\/de\/#organization","name":"Sysmatec","url":"https:\/\/sysmatec.ch\/de\/","logo":{"@type":"ImageObject","inLanguage":"de","@id":"https:\/\/sysmatec.ch\/de\/#\/schema\/logo\/image\/","url":"https:\/\/sysmatec.ch\/wp-content\/uploads\/2018\/11\/LogoSysmatec.jpg","contentUrl":"https:\/\/sysmatec.ch\/wp-content\/uploads\/2018\/11\/LogoSysmatec.jpg","width":301,"height":297,"caption":"Sysmatec"},"image":{"@id":"https:\/\/sysmatec.ch\/de\/#\/schema\/logo\/image\/"}}]}},"_links":{"self":[{"href":"https:\/\/sysmatec.ch\/de\/wp-json\/wp\/v2\/product\/14579","targetHints":{"allow":["GET"]}}],"collection":[{"href":"https:\/\/sysmatec.ch\/de\/wp-json\/wp\/v2\/product"}],"about":[{"href":"https:\/\/sysmatec.ch\/de\/wp-json\/wp\/v2\/types\/product"}],"wp:featuredmedia":[{"embeddable":true,"href":"https:\/\/sysmatec.ch\/de\/wp-json\/wp\/v2\/media\/14575"}],"wp:attachment":[{"href":"https:\/\/sysmatec.ch\/de\/wp-json\/wp\/v2\/media?parent=14579"}],"wp:term":[{"taxonomy":"product_brand","embeddable":true,"href":"https:\/\/sysmatec.ch\/de\/wp-json\/wp\/v2\/product_brand?post=14579"},{"taxonomy":"product_cat","embeddable":true,"href":"https:\/\/sysmatec.ch\/de\/wp-json\/wp\/v2\/product_cat?post=14579"},{"taxonomy":"product_tag","embeddable":true,"href":"https:\/\/sysmatec.ch\/de\/wp-json\/wp\/v2\/product_tag?post=14579"}],"curies":[{"name":"wp","href":"https:\/\/api.w.org\/{rel}","templated":true}]}}