{"id":14527,"date":"2019-12-13T17:24:17","date_gmt":"2019-12-13T16:33:32","guid":{"rendered":"https:\/\/sysmatec.ch\/?post_type=product&#038;p=14527"},"modified":"2021-12-05T11:32:07","modified_gmt":"2021-12-05T10:32:07","slug":"mastitis-test-scc-exact-portable","status":"publish","type":"product","link":"https:\/\/sysmatec.ch\/de\/Produkt\/mastitis-test-scc-exact-portable\/","title":{"rendered":"Mastitis Test SCC Exact Portable"},"content":{"rendered":"<p>Semiquantitative kolorimetrische Methode<\/p>\n<h2>Mastitis Test Beschreibung<\/h2>\n<p>Mastitis ist die anhaltende, entz\u00fcndliche Reaktion des Eutergewebes aufgrund eines k\u00f6rperlichen Traumas oder Mikroorganismen-Infektionen. Mastitis, eine m\u00f6glicherweise t\u00f6dlich verlaufende Brustdr\u00fcseninfektion, ist die weltweit h\u00e4ufigste Krankheit bei Milchvieh. Es ist auch die teuerste Krankheit f\u00fcr die Milchindustrie. Milch von Mastitis leidenden Fortpflanzungstieren weist eine erh\u00f6hte somatische Zellzahl auf.<\/p>\n<h2>Mastitis Test Prinzip<\/h2>\n<p>Die somatischen Zellen in der Milch reagieren mit dem Hydrolysesubstrat unter Bildung von Farbe und der Puffer stabilisiert die laufende Reaktion durch Eliminieren jeglicher Interferenzen. Die Intensit\u00e4t der Farbe ist direkt proportional zur SCC-Konzentration in der Milch. Die Vorteile der Methode sind:<br \/>\n1. Das derzeitige Verfahren weist im Vergleich zum Esteraseverfahren \u00fcberlegene Ergebnisse auf<br \/>\n2. Die Testergebnisse haben keine St\u00f6rungen von der Milchprobe<br \/>\n3. Ideales Werkzeug f\u00fcr die Feldmilchindustrie, sofortige kolorimetrische semiquantitative Ergebnisse in 1 Minute. Macht den California Mastitis Test (CMT) \u00fcberfl\u00fcssig<br \/>\nLinearit\u00e4tsbereich: 0-2.650.000 Zellen \/ ml.<\/p>\n<h2>Mastitis Test Kit-Pr\u00e4sentation<\/h2>\n<p>25 Tests: R1 &#8211; 2,5 ml. Tropfer, R2 &#8211; 1,25 ml. Tropfer, Probentropfer (82074-25)<br \/>\n100 Tests: R1 &#8211; 10 ml. Tropfer, R2 &#8211; 5 ml. Tropfer, Probentropfer (82074-100)<br \/>\n500 Tests: R1 &#8211; 3 x 17 ml. Tropfer, R2 &#8211; 25 ml. Tropfer, Probentropfer (82074-500)<br \/>\n1000 Tests: R1 &#8211; 5 x 20 ml. Tropfer, R2 &#8211; 2 x 25 ml. Tropfer, Probentropfer (82074-1000)<br \/>\n* Jede Pr\u00e4sentation hat einen farbmetrischen Index f\u00fcr den Farbvergleich<\/p>\n<p>Zusammensetzung und Herstellung der Reagenzien<br \/>\nR1 &#8211; Puffer<br \/>\nR2 &#8211; Hydrolysesubstrat<\/p>\n<p>Haltbarkeit: 24 Monate bei RT. Alle Komponenten des Kits sind bis zum auf dem Etikett angegebenen Verfallsdatum haltbar.<br \/>\nSch\u00fctzen Sie sie w\u00e4hrend des Gebrauchs vor Licht und Verunreinigungen. Verwenden Sie keine Reagenzien \u00fcber die Verfallsdatum. Lagern Sie die Reagenzien bei RT.<br \/>\nProben: Rohmilch von verschiedenen Fortpflanzungstieren<\/p>\n<h2>Mastitis Test Verfahren<\/h2>\n<p>F\u00fcgen Sie 2 Tropfen Rohmilch, 2 Tropfen R1 und 1 Tropfen R2 hinzu. Mischen, 60 Sekunden inkubieren und ablesen<br \/>\nFarbe gebildet im Vergleich zu dem im Kit enthaltenen kolorimetrischen Index f\u00fcr eine semiquantitative<br \/>\nBestimmung der Gesamtzahl der somatischen Zellen in der untersuchten Milch.<\/p>\n","protected":false},"excerpt":{"rendered":"<p><span style=\"display: inline !important; float: none; background-color: #ffffff; color: #333333; cursor: text; font-family: Georgia,'Times New Roman','Bitstream Charter',Times,serif; font-size: 16px; font-style: normal; font-variant: normal; font-weight: 400; letter-spacing: normal; orphans: 2; text-align: left; text-decoration: none; text-indent: 0px; text-transform: none; -webkit-text-stroke-width: 0px; white-space: normal; word-spacing: 0px;\">Semiquantitative kolorimetrische Mastitis Test<\/span><\/p>\n","protected":false},"featured_media":5099,"template":"","meta":{"_crdt_document":""},"product_brand":[],"product_cat":[188,377],"product_tag":[],"class_list":{"0":"post-14527","1":"product","2":"type-product","3":"status-publish","4":"has-post-thumbnail","6":"product_cat-analyse-de","7":"product_cat-milch","9":"first","10":"instock","11":"taxable","12":"shipping-taxable","13":"product-type-simple"},"yoast_head":"<!-- This site is optimized with the Yoast SEO plugin v27.4 - https:\/\/yoast.com\/product\/yoast-seo-wordpress\/ -->\n<title>Mastitis Test SCC Exact Portable - Sysmatec<\/title>\n<meta name=\"description\" content=\"Semiquantitative Methode zur Bestimmung von K\u00f6rperzellen in Milch. Dies ist eine Methode durch Einf\u00e4rben, die einfach zu implementieren ist.\" \/>\n<meta name=\"robots\" content=\"index, follow, max-snippet:-1, max-image-preview:large, max-video-preview:-1\" \/>\n<link rel=\"canonical\" href=\"https:\/\/sysmatec.ch\/de\/produit\/mastitis-test-scc-exact-portable\/\" \/>\n<meta property=\"og:locale\" content=\"de_DE\" \/>\n<meta property=\"og:type\" content=\"article\" \/>\n<meta property=\"og:title\" content=\"Mastitis Test SCC Exact Portable - Sysmatec\" \/>\n<meta property=\"og:description\" content=\"Semiquantitative Methode zur Bestimmung von K\u00f6rperzellen in Milch. Dies ist eine Methode durch Einf\u00e4rben, die einfach zu implementieren ist.\" \/>\n<meta property=\"og:url\" content=\"https:\/\/sysmatec.ch\/de\/produit\/mastitis-test-scc-exact-portable\/\" \/>\n<meta property=\"og:site_name\" content=\"Sysmatec\" \/>\n<meta property=\"article:modified_time\" content=\"2021-12-05T10:32:07+00:00\" \/>\n<meta property=\"og:image\" content=\"https:\/\/sysmatec.ch\/wp-content\/uploads\/2019\/04\/Analyse_ZEUMICROCYSTEST.jpg\" \/>\n\t<meta property=\"og:image:width\" content=\"184\" \/>\n\t<meta property=\"og:image:height\" content=\"114\" \/>\n\t<meta property=\"og:image:type\" content=\"image\/jpeg\" \/>\n<meta name=\"twitter:card\" content=\"summary_large_image\" \/>\n<meta name=\"twitter:label1\" content=\"Gesch\u00e4tzte Lesezeit\" \/>\n\t<meta name=\"twitter:data1\" content=\"2\u00a0Minuten\" \/>\n<script type=\"application\/ld+json\" class=\"yoast-schema-graph\">{\"@context\":\"https:\\\/\\\/schema.org\",\"@graph\":[{\"@type\":\"WebPage\",\"@id\":\"https:\\\/\\\/sysmatec.ch\\\/de\\\/produit\\\/mastitis-test-scc-exact-portable\\\/\",\"url\":\"https:\\\/\\\/sysmatec.ch\\\/de\\\/produit\\\/mastitis-test-scc-exact-portable\\\/\",\"name\":\"Mastitis Test SCC Exact Portable - Sysmatec\",\"isPartOf\":{\"@id\":\"https:\\\/\\\/sysmatec.ch\\\/de\\\/#website\"},\"primaryImageOfPage\":{\"@id\":\"https:\\\/\\\/sysmatec.ch\\\/de\\\/produit\\\/mastitis-test-scc-exact-portable\\\/#primaryimage\"},\"image\":{\"@id\":\"https:\\\/\\\/sysmatec.ch\\\/de\\\/produit\\\/mastitis-test-scc-exact-portable\\\/#primaryimage\"},\"thumbnailUrl\":\"https:\\\/\\\/sysmatec.ch\\\/wp-content\\\/uploads\\\/2019\\\/04\\\/Analyse_ZEUMICROCYSTEST.jpg\",\"datePublished\":\"2019-12-13T16:33:32+00:00\",\"dateModified\":\"2021-12-05T10:32:07+00:00\",\"description\":\"Semiquantitative Methode zur Bestimmung von K\u00f6rperzellen in Milch. Dies ist eine Methode durch Einf\u00e4rben, die einfach zu implementieren ist.\",\"breadcrumb\":{\"@id\":\"https:\\\/\\\/sysmatec.ch\\\/de\\\/produit\\\/mastitis-test-scc-exact-portable\\\/#breadcrumb\"},\"inLanguage\":\"de\",\"potentialAction\":[{\"@type\":\"ReadAction\",\"target\":[\"https:\\\/\\\/sysmatec.ch\\\/de\\\/produit\\\/mastitis-test-scc-exact-portable\\\/\"]}]},{\"@type\":\"ImageObject\",\"inLanguage\":\"de\",\"@id\":\"https:\\\/\\\/sysmatec.ch\\\/de\\\/produit\\\/mastitis-test-scc-exact-portable\\\/#primaryimage\",\"url\":\"https:\\\/\\\/sysmatec.ch\\\/wp-content\\\/uploads\\\/2019\\\/04\\\/Analyse_ZEUMICROCYSTEST.jpg\",\"contentUrl\":\"https:\\\/\\\/sysmatec.ch\\\/wp-content\\\/uploads\\\/2019\\\/04\\\/Analyse_ZEUMICROCYSTEST.jpg\",\"width\":184,\"height\":114},{\"@type\":\"BreadcrumbList\",\"@id\":\"https:\\\/\\\/sysmatec.ch\\\/de\\\/produit\\\/mastitis-test-scc-exact-portable\\\/#breadcrumb\",\"itemListElement\":[{\"@type\":\"ListItem\",\"position\":1,\"name\":\"Accueil\",\"item\":\"https:\\\/\\\/sysmatec.ch\\\/de\\\/\"},{\"@type\":\"ListItem\",\"position\":2,\"name\":\"Die Aktivit\u00e4t von Sysmatec\",\"item\":\"https:\\\/\\\/sysmatec.ch\\\/de\\\/\"},{\"@type\":\"ListItem\",\"position\":3,\"name\":\"Mastitis Test SCC Exact Portable\"}]},{\"@type\":\"WebSite\",\"@id\":\"https:\\\/\\\/sysmatec.ch\\\/de\\\/#website\",\"url\":\"https:\\\/\\\/sysmatec.ch\\\/de\\\/\",\"name\":\"Sysmatec\",\"description\":\"Equipement de laboratoire et logiciels\",\"publisher\":{\"@id\":\"https:\\\/\\\/sysmatec.ch\\\/de\\\/#organization\"},\"potentialAction\":[{\"@type\":\"SearchAction\",\"target\":{\"@type\":\"EntryPoint\",\"urlTemplate\":\"https:\\\/\\\/sysmatec.ch\\\/de\\\/?s={search_term_string}\"},\"query-input\":{\"@type\":\"PropertyValueSpecification\",\"valueRequired\":true,\"valueName\":\"search_term_string\"}}],\"inLanguage\":\"de\"},{\"@type\":\"Organization\",\"@id\":\"https:\\\/\\\/sysmatec.ch\\\/de\\\/#organization\",\"name\":\"Sysmatec\",\"url\":\"https:\\\/\\\/sysmatec.ch\\\/de\\\/\",\"logo\":{\"@type\":\"ImageObject\",\"inLanguage\":\"de\",\"@id\":\"https:\\\/\\\/sysmatec.ch\\\/de\\\/#\\\/schema\\\/logo\\\/image\\\/\",\"url\":\"https:\\\/\\\/sysmatec.ch\\\/wp-content\\\/uploads\\\/2018\\\/11\\\/LogoSysmatec.jpg\",\"contentUrl\":\"https:\\\/\\\/sysmatec.ch\\\/wp-content\\\/uploads\\\/2018\\\/11\\\/LogoSysmatec.jpg\",\"width\":301,\"height\":297,\"caption\":\"Sysmatec\"},\"image\":{\"@id\":\"https:\\\/\\\/sysmatec.ch\\\/de\\\/#\\\/schema\\\/logo\\\/image\\\/\"}}]}<\/script>\n<!-- \/ Yoast SEO plugin. -->","yoast_head_json":{"title":"Mastitis Test SCC Exact Portable - Sysmatec","description":"Semiquantitative Methode zur Bestimmung von K\u00f6rperzellen in Milch. Dies ist eine Methode durch Einf\u00e4rben, die einfach zu implementieren ist.","robots":{"index":"index","follow":"follow","max-snippet":"max-snippet:-1","max-image-preview":"max-image-preview:large","max-video-preview":"max-video-preview:-1"},"canonical":"https:\/\/sysmatec.ch\/de\/produit\/mastitis-test-scc-exact-portable\/","og_locale":"de_DE","og_type":"article","og_title":"Mastitis Test SCC Exact Portable - Sysmatec","og_description":"Semiquantitative Methode zur Bestimmung von K\u00f6rperzellen in Milch. Dies ist eine Methode durch Einf\u00e4rben, die einfach zu implementieren ist.","og_url":"https:\/\/sysmatec.ch\/de\/produit\/mastitis-test-scc-exact-portable\/","og_site_name":"Sysmatec","article_modified_time":"2021-12-05T10:32:07+00:00","og_image":[{"width":184,"height":114,"url":"https:\/\/sysmatec.ch\/wp-content\/uploads\/2019\/04\/Analyse_ZEUMICROCYSTEST.jpg","type":"image\/jpeg"}],"twitter_card":"summary_large_image","twitter_misc":{"Gesch\u00e4tzte Lesezeit":"2\u00a0Minuten"},"schema":{"@context":"https:\/\/schema.org","@graph":[{"@type":"WebPage","@id":"https:\/\/sysmatec.ch\/de\/produit\/mastitis-test-scc-exact-portable\/","url":"https:\/\/sysmatec.ch\/de\/produit\/mastitis-test-scc-exact-portable\/","name":"Mastitis Test SCC Exact Portable - Sysmatec","isPartOf":{"@id":"https:\/\/sysmatec.ch\/de\/#website"},"primaryImageOfPage":{"@id":"https:\/\/sysmatec.ch\/de\/produit\/mastitis-test-scc-exact-portable\/#primaryimage"},"image":{"@id":"https:\/\/sysmatec.ch\/de\/produit\/mastitis-test-scc-exact-portable\/#primaryimage"},"thumbnailUrl":"https:\/\/sysmatec.ch\/wp-content\/uploads\/2019\/04\/Analyse_ZEUMICROCYSTEST.jpg","datePublished":"2019-12-13T16:33:32+00:00","dateModified":"2021-12-05T10:32:07+00:00","description":"Semiquantitative Methode zur Bestimmung von K\u00f6rperzellen in Milch. Dies ist eine Methode durch Einf\u00e4rben, die einfach zu implementieren ist.","breadcrumb":{"@id":"https:\/\/sysmatec.ch\/de\/produit\/mastitis-test-scc-exact-portable\/#breadcrumb"},"inLanguage":"de","potentialAction":[{"@type":"ReadAction","target":["https:\/\/sysmatec.ch\/de\/produit\/mastitis-test-scc-exact-portable\/"]}]},{"@type":"ImageObject","inLanguage":"de","@id":"https:\/\/sysmatec.ch\/de\/produit\/mastitis-test-scc-exact-portable\/#primaryimage","url":"https:\/\/sysmatec.ch\/wp-content\/uploads\/2019\/04\/Analyse_ZEUMICROCYSTEST.jpg","contentUrl":"https:\/\/sysmatec.ch\/wp-content\/uploads\/2019\/04\/Analyse_ZEUMICROCYSTEST.jpg","width":184,"height":114},{"@type":"BreadcrumbList","@id":"https:\/\/sysmatec.ch\/de\/produit\/mastitis-test-scc-exact-portable\/#breadcrumb","itemListElement":[{"@type":"ListItem","position":1,"name":"Accueil","item":"https:\/\/sysmatec.ch\/de\/"},{"@type":"ListItem","position":2,"name":"Die Aktivit\u00e4t von Sysmatec","item":"https:\/\/sysmatec.ch\/de\/"},{"@type":"ListItem","position":3,"name":"Mastitis Test SCC Exact Portable"}]},{"@type":"WebSite","@id":"https:\/\/sysmatec.ch\/de\/#website","url":"https:\/\/sysmatec.ch\/de\/","name":"Sysmatec","description":"Equipement de laboratoire et logiciels","publisher":{"@id":"https:\/\/sysmatec.ch\/de\/#organization"},"potentialAction":[{"@type":"SearchAction","target":{"@type":"EntryPoint","urlTemplate":"https:\/\/sysmatec.ch\/de\/?s={search_term_string}"},"query-input":{"@type":"PropertyValueSpecification","valueRequired":true,"valueName":"search_term_string"}}],"inLanguage":"de"},{"@type":"Organization","@id":"https:\/\/sysmatec.ch\/de\/#organization","name":"Sysmatec","url":"https:\/\/sysmatec.ch\/de\/","logo":{"@type":"ImageObject","inLanguage":"de","@id":"https:\/\/sysmatec.ch\/de\/#\/schema\/logo\/image\/","url":"https:\/\/sysmatec.ch\/wp-content\/uploads\/2018\/11\/LogoSysmatec.jpg","contentUrl":"https:\/\/sysmatec.ch\/wp-content\/uploads\/2018\/11\/LogoSysmatec.jpg","width":301,"height":297,"caption":"Sysmatec"},"image":{"@id":"https:\/\/sysmatec.ch\/de\/#\/schema\/logo\/image\/"}}]}},"_links":{"self":[{"href":"https:\/\/sysmatec.ch\/de\/wp-json\/wp\/v2\/product\/14527","targetHints":{"allow":["GET"]}}],"collection":[{"href":"https:\/\/sysmatec.ch\/de\/wp-json\/wp\/v2\/product"}],"about":[{"href":"https:\/\/sysmatec.ch\/de\/wp-json\/wp\/v2\/types\/product"}],"wp:featuredmedia":[{"embeddable":true,"href":"https:\/\/sysmatec.ch\/de\/wp-json\/wp\/v2\/media\/5099"}],"wp:attachment":[{"href":"https:\/\/sysmatec.ch\/de\/wp-json\/wp\/v2\/media?parent=14527"}],"wp:term":[{"taxonomy":"product_brand","embeddable":true,"href":"https:\/\/sysmatec.ch\/de\/wp-json\/wp\/v2\/product_brand?post=14527"},{"taxonomy":"product_cat","embeddable":true,"href":"https:\/\/sysmatec.ch\/de\/wp-json\/wp\/v2\/product_cat?post=14527"},{"taxonomy":"product_tag","embeddable":true,"href":"https:\/\/sysmatec.ch\/de\/wp-json\/wp\/v2\/product_tag?post=14527"}],"curies":[{"name":"wp","href":"https:\/\/api.w.org\/{rel}","templated":true}]}}