{"id":14517,"date":"2019-12-12T21:10:10","date_gmt":"2019-12-12T20:15:28","guid":{"rendered":"https:\/\/sysmatec.ch\/?post_type=product&#038;p=14517"},"modified":"2021-12-05T18:45:21","modified_gmt":"2021-12-05T17:45:21","slug":"jod-messung-mit-iodine-direct","status":"publish","type":"product","link":"https:\/\/sysmatec.ch\/de\/Produkt\/jod-messung-mit-iodine-direct\/","title":{"rendered":"Jod Messung mit Iodine Direct"},"content":{"rendered":"<p>Quantitative und semi-quantitative Methode von Jod in Lebensmitteln und\u00a0 Nahrungserg\u00e4nzungsmitteln. (ref 83008)<\/p>\n<h2>Jod Test Beschreibung<\/h2>\n<p>Jod ist ein Mikron\u00e4hrstoff, der von der Schilddr\u00fcse f\u00fcr die Hormonproduktion aufgenommen wird. Thyroxin und Triiodthyronin, Hormone, die Jod enthalten, spielen eine wichtige Rolle f\u00fcr den Zellstoffwechsel, die Fortpflanzung und das Wachstum. Jodmangel ist mit einer Funktionsst\u00f6rung der Schilddr\u00fcse verbunden. Niedrigere Spiegel dieser Hormone beeinflussen die Entwicklung und Funktion mehrerer Organe, einschlie\u00dflich des Gehirns. Chronischer Jodmangel f\u00fchrt zu Kretinismus, Entwicklung von Anomalien, erh\u00f6hter perinataler Mortalit\u00e4t und geistiger Behinderung.<br \/>\nAlternativ f\u00fchrt eine \u00fcberm\u00e4\u00dfige Zufuhr von Jod zu einer Schilddr\u00fcsen\u00fcberfunktion und einer Autoimmunerkrankung der Schilddr\u00fcse. Dieses Element ist f\u00fcr die ordnungsgem\u00e4\u00dfe Funktion des menschlichen K\u00f6rpers von Vorteil, und der Jodgehalt in Lebensmitteln und Nahrungserg\u00e4nzungsmitteln erfordert eine kontinuierliche \u00dcberwachung.<\/p>\n<h2>Jod Test Pr\u00e4sentation<\/h2>\n<p>50 Tests \/ Kit<br \/>\nR1 &#8211; 5 ml. (Substrat)<br \/>\nR2 &#8211; 5 ml. (Stabilisator)<br \/>\nR3 &#8211; 2,5 ml. (Chromogen)<\/p>\n<h2>Jod Test Verfahren<\/h2>\n<p>(Semiquantitativ)<br \/>\n1. Sammle 250 ul. der Probe<br \/>\n2. 100 ul zugeben. von R1<br \/>\n3. 100 ul zugeben. von R2<br \/>\n4. 50 ul zugeben. von R3<br \/>\n5. Inkubieren Sie die L\u00f6sung 10 Minuten lang bei 55 \u00b0 C in einem Wasserbad oder in einem Trockeninkubator<br \/>\n6. Lesen Sie die gebildeten Farben ab und vergleichen Sie sie mit der Farbkarte.<br \/>\n(Quantitativ)<br \/>\nBefolgen Sie die gleichen Schritte wie bei der semiquantitativen Methode bis zu Schritt 5.<br \/>\n6. W\u00e4hlen Sie in Electra m2 Unified Analyzer IOD aus dem Pr\u00fcfungsfeld aus und messen Sie die Probe quantitativ. Das Verfahren kann in allen handels\u00fcblichen Spektrophotometern angewendet werden. Kontaktieren Sie uns einfach f\u00fcr weitere Informationen.<br \/>\n* Informationen zur Probenvorbereitung finden Sie in der Packungsbeilage Jod-Probenvorbereitung.<\/p>\n<p>Stabilit\u00e4t: 24 Monate bei Raumtemperatur<\/p>\n","protected":false},"excerpt":{"rendered":"<p>Quantitative und semi-quantitative Methode von Jod in Lebensmitteln und Nahrungserg\u00e4nzungsmitteln<\/p>\n","protected":false},"featured_media":5099,"template":"","meta":{"_crdt_document":""},"product_brand":[],"product_cat":[188,368],"product_tag":[],"class_list":{"0":"post-14517","1":"product","2":"type-product","3":"status-publish","4":"has-post-thumbnail","6":"product_cat-analyse-de","7":"product_cat-chemische-verbindung","9":"first","10":"instock","11":"taxable","12":"shipping-taxable","13":"product-type-simple"},"yoast_head":"<!-- This site is optimized with the Yoast SEO plugin v27.4 - https:\/\/yoast.com\/product\/yoast-seo-wordpress\/ -->\n<title>Jod Messung mit Iodine Direct - Sysmatec<\/title>\n<meta name=\"description\" content=\"Kit zum Messen von Jod in Lebensmitteln. Dies ist eine kolorimetrische Messung. Das Verfahren kann unter Verwendung eines Spektrophotometers quantitativ sein.\" \/>\n<meta name=\"robots\" content=\"index, follow, max-snippet:-1, max-image-preview:large, max-video-preview:-1\" \/>\n<link rel=\"canonical\" href=\"https:\/\/sysmatec.ch\/de\/produit\/jod-messung-mit-iodine-direct\/\" \/>\n<meta property=\"og:locale\" content=\"de_DE\" \/>\n<meta property=\"og:type\" content=\"article\" \/>\n<meta property=\"og:title\" content=\"Jod Messung mit Iodine Direct - Sysmatec\" \/>\n<meta property=\"og:description\" content=\"Kit zum Messen von Jod in Lebensmitteln. Dies ist eine kolorimetrische Messung. Das Verfahren kann unter Verwendung eines Spektrophotometers quantitativ sein.\" \/>\n<meta property=\"og:url\" content=\"https:\/\/sysmatec.ch\/de\/produit\/jod-messung-mit-iodine-direct\/\" \/>\n<meta property=\"og:site_name\" content=\"Sysmatec\" \/>\n<meta property=\"article:modified_time\" content=\"2021-12-05T17:45:21+00:00\" \/>\n<meta property=\"og:image\" content=\"https:\/\/sysmatec.ch\/wp-content\/uploads\/2019\/04\/Analyse_ZEUMICROCYSTEST.jpg\" \/>\n\t<meta property=\"og:image:width\" content=\"184\" \/>\n\t<meta property=\"og:image:height\" content=\"114\" \/>\n\t<meta property=\"og:image:type\" content=\"image\/jpeg\" \/>\n<meta name=\"twitter:card\" content=\"summary_large_image\" \/>\n<meta name=\"twitter:label1\" content=\"Gesch\u00e4tzte Lesezeit\" \/>\n\t<meta name=\"twitter:data1\" content=\"2\u00a0Minuten\" \/>\n<script type=\"application\/ld+json\" class=\"yoast-schema-graph\">{\"@context\":\"https:\\\/\\\/schema.org\",\"@graph\":[{\"@type\":\"WebPage\",\"@id\":\"https:\\\/\\\/sysmatec.ch\\\/de\\\/produit\\\/jod-messung-mit-iodine-direct\\\/\",\"url\":\"https:\\\/\\\/sysmatec.ch\\\/de\\\/produit\\\/jod-messung-mit-iodine-direct\\\/\",\"name\":\"Jod Messung mit Iodine Direct - Sysmatec\",\"isPartOf\":{\"@id\":\"https:\\\/\\\/sysmatec.ch\\\/de\\\/#website\"},\"primaryImageOfPage\":{\"@id\":\"https:\\\/\\\/sysmatec.ch\\\/de\\\/produit\\\/jod-messung-mit-iodine-direct\\\/#primaryimage\"},\"image\":{\"@id\":\"https:\\\/\\\/sysmatec.ch\\\/de\\\/produit\\\/jod-messung-mit-iodine-direct\\\/#primaryimage\"},\"thumbnailUrl\":\"https:\\\/\\\/sysmatec.ch\\\/wp-content\\\/uploads\\\/2019\\\/04\\\/Analyse_ZEUMICROCYSTEST.jpg\",\"datePublished\":\"2019-12-12T20:15:28+00:00\",\"dateModified\":\"2021-12-05T17:45:21+00:00\",\"description\":\"Kit zum Messen von Jod in Lebensmitteln. Dies ist eine kolorimetrische Messung. Das Verfahren kann unter Verwendung eines Spektrophotometers quantitativ sein.\",\"breadcrumb\":{\"@id\":\"https:\\\/\\\/sysmatec.ch\\\/de\\\/produit\\\/jod-messung-mit-iodine-direct\\\/#breadcrumb\"},\"inLanguage\":\"de\",\"potentialAction\":[{\"@type\":\"ReadAction\",\"target\":[\"https:\\\/\\\/sysmatec.ch\\\/de\\\/produit\\\/jod-messung-mit-iodine-direct\\\/\"]}]},{\"@type\":\"ImageObject\",\"inLanguage\":\"de\",\"@id\":\"https:\\\/\\\/sysmatec.ch\\\/de\\\/produit\\\/jod-messung-mit-iodine-direct\\\/#primaryimage\",\"url\":\"https:\\\/\\\/sysmatec.ch\\\/wp-content\\\/uploads\\\/2019\\\/04\\\/Analyse_ZEUMICROCYSTEST.jpg\",\"contentUrl\":\"https:\\\/\\\/sysmatec.ch\\\/wp-content\\\/uploads\\\/2019\\\/04\\\/Analyse_ZEUMICROCYSTEST.jpg\",\"width\":184,\"height\":114},{\"@type\":\"BreadcrumbList\",\"@id\":\"https:\\\/\\\/sysmatec.ch\\\/de\\\/produit\\\/jod-messung-mit-iodine-direct\\\/#breadcrumb\",\"itemListElement\":[{\"@type\":\"ListItem\",\"position\":1,\"name\":\"Accueil\",\"item\":\"https:\\\/\\\/sysmatec.ch\\\/de\\\/\"},{\"@type\":\"ListItem\",\"position\":2,\"name\":\"Die Aktivit\u00e4t von Sysmatec\",\"item\":\"https:\\\/\\\/sysmatec.ch\\\/de\\\/\"},{\"@type\":\"ListItem\",\"position\":3,\"name\":\"Jod Messung mit Iodine Direct\"}]},{\"@type\":\"WebSite\",\"@id\":\"https:\\\/\\\/sysmatec.ch\\\/de\\\/#website\",\"url\":\"https:\\\/\\\/sysmatec.ch\\\/de\\\/\",\"name\":\"Sysmatec\",\"description\":\"Equipement de laboratoire et logiciels\",\"publisher\":{\"@id\":\"https:\\\/\\\/sysmatec.ch\\\/de\\\/#organization\"},\"potentialAction\":[{\"@type\":\"SearchAction\",\"target\":{\"@type\":\"EntryPoint\",\"urlTemplate\":\"https:\\\/\\\/sysmatec.ch\\\/de\\\/?s={search_term_string}\"},\"query-input\":{\"@type\":\"PropertyValueSpecification\",\"valueRequired\":true,\"valueName\":\"search_term_string\"}}],\"inLanguage\":\"de\"},{\"@type\":\"Organization\",\"@id\":\"https:\\\/\\\/sysmatec.ch\\\/de\\\/#organization\",\"name\":\"Sysmatec\",\"url\":\"https:\\\/\\\/sysmatec.ch\\\/de\\\/\",\"logo\":{\"@type\":\"ImageObject\",\"inLanguage\":\"de\",\"@id\":\"https:\\\/\\\/sysmatec.ch\\\/de\\\/#\\\/schema\\\/logo\\\/image\\\/\",\"url\":\"https:\\\/\\\/sysmatec.ch\\\/wp-content\\\/uploads\\\/2018\\\/11\\\/LogoSysmatec.jpg\",\"contentUrl\":\"https:\\\/\\\/sysmatec.ch\\\/wp-content\\\/uploads\\\/2018\\\/11\\\/LogoSysmatec.jpg\",\"width\":301,\"height\":297,\"caption\":\"Sysmatec\"},\"image\":{\"@id\":\"https:\\\/\\\/sysmatec.ch\\\/de\\\/#\\\/schema\\\/logo\\\/image\\\/\"}}]}<\/script>\n<!-- \/ Yoast SEO plugin. -->","yoast_head_json":{"title":"Jod Messung mit Iodine Direct - Sysmatec","description":"Kit zum Messen von Jod in Lebensmitteln. Dies ist eine kolorimetrische Messung. Das Verfahren kann unter Verwendung eines Spektrophotometers quantitativ sein.","robots":{"index":"index","follow":"follow","max-snippet":"max-snippet:-1","max-image-preview":"max-image-preview:large","max-video-preview":"max-video-preview:-1"},"canonical":"https:\/\/sysmatec.ch\/de\/produit\/jod-messung-mit-iodine-direct\/","og_locale":"de_DE","og_type":"article","og_title":"Jod Messung mit Iodine Direct - Sysmatec","og_description":"Kit zum Messen von Jod in Lebensmitteln. Dies ist eine kolorimetrische Messung. Das Verfahren kann unter Verwendung eines Spektrophotometers quantitativ sein.","og_url":"https:\/\/sysmatec.ch\/de\/produit\/jod-messung-mit-iodine-direct\/","og_site_name":"Sysmatec","article_modified_time":"2021-12-05T17:45:21+00:00","og_image":[{"width":184,"height":114,"url":"https:\/\/sysmatec.ch\/wp-content\/uploads\/2019\/04\/Analyse_ZEUMICROCYSTEST.jpg","type":"image\/jpeg"}],"twitter_card":"summary_large_image","twitter_misc":{"Gesch\u00e4tzte Lesezeit":"2\u00a0Minuten"},"schema":{"@context":"https:\/\/schema.org","@graph":[{"@type":"WebPage","@id":"https:\/\/sysmatec.ch\/de\/produit\/jod-messung-mit-iodine-direct\/","url":"https:\/\/sysmatec.ch\/de\/produit\/jod-messung-mit-iodine-direct\/","name":"Jod Messung mit Iodine Direct - Sysmatec","isPartOf":{"@id":"https:\/\/sysmatec.ch\/de\/#website"},"primaryImageOfPage":{"@id":"https:\/\/sysmatec.ch\/de\/produit\/jod-messung-mit-iodine-direct\/#primaryimage"},"image":{"@id":"https:\/\/sysmatec.ch\/de\/produit\/jod-messung-mit-iodine-direct\/#primaryimage"},"thumbnailUrl":"https:\/\/sysmatec.ch\/wp-content\/uploads\/2019\/04\/Analyse_ZEUMICROCYSTEST.jpg","datePublished":"2019-12-12T20:15:28+00:00","dateModified":"2021-12-05T17:45:21+00:00","description":"Kit zum Messen von Jod in Lebensmitteln. Dies ist eine kolorimetrische Messung. Das Verfahren kann unter Verwendung eines Spektrophotometers quantitativ sein.","breadcrumb":{"@id":"https:\/\/sysmatec.ch\/de\/produit\/jod-messung-mit-iodine-direct\/#breadcrumb"},"inLanguage":"de","potentialAction":[{"@type":"ReadAction","target":["https:\/\/sysmatec.ch\/de\/produit\/jod-messung-mit-iodine-direct\/"]}]},{"@type":"ImageObject","inLanguage":"de","@id":"https:\/\/sysmatec.ch\/de\/produit\/jod-messung-mit-iodine-direct\/#primaryimage","url":"https:\/\/sysmatec.ch\/wp-content\/uploads\/2019\/04\/Analyse_ZEUMICROCYSTEST.jpg","contentUrl":"https:\/\/sysmatec.ch\/wp-content\/uploads\/2019\/04\/Analyse_ZEUMICROCYSTEST.jpg","width":184,"height":114},{"@type":"BreadcrumbList","@id":"https:\/\/sysmatec.ch\/de\/produit\/jod-messung-mit-iodine-direct\/#breadcrumb","itemListElement":[{"@type":"ListItem","position":1,"name":"Accueil","item":"https:\/\/sysmatec.ch\/de\/"},{"@type":"ListItem","position":2,"name":"Die Aktivit\u00e4t von Sysmatec","item":"https:\/\/sysmatec.ch\/de\/"},{"@type":"ListItem","position":3,"name":"Jod Messung mit Iodine Direct"}]},{"@type":"WebSite","@id":"https:\/\/sysmatec.ch\/de\/#website","url":"https:\/\/sysmatec.ch\/de\/","name":"Sysmatec","description":"Equipement de laboratoire et logiciels","publisher":{"@id":"https:\/\/sysmatec.ch\/de\/#organization"},"potentialAction":[{"@type":"SearchAction","target":{"@type":"EntryPoint","urlTemplate":"https:\/\/sysmatec.ch\/de\/?s={search_term_string}"},"query-input":{"@type":"PropertyValueSpecification","valueRequired":true,"valueName":"search_term_string"}}],"inLanguage":"de"},{"@type":"Organization","@id":"https:\/\/sysmatec.ch\/de\/#organization","name":"Sysmatec","url":"https:\/\/sysmatec.ch\/de\/","logo":{"@type":"ImageObject","inLanguage":"de","@id":"https:\/\/sysmatec.ch\/de\/#\/schema\/logo\/image\/","url":"https:\/\/sysmatec.ch\/wp-content\/uploads\/2018\/11\/LogoSysmatec.jpg","contentUrl":"https:\/\/sysmatec.ch\/wp-content\/uploads\/2018\/11\/LogoSysmatec.jpg","width":301,"height":297,"caption":"Sysmatec"},"image":{"@id":"https:\/\/sysmatec.ch\/de\/#\/schema\/logo\/image\/"}}]}},"_links":{"self":[{"href":"https:\/\/sysmatec.ch\/de\/wp-json\/wp\/v2\/product\/14517","targetHints":{"allow":["GET"]}}],"collection":[{"href":"https:\/\/sysmatec.ch\/de\/wp-json\/wp\/v2\/product"}],"about":[{"href":"https:\/\/sysmatec.ch\/de\/wp-json\/wp\/v2\/types\/product"}],"wp:featuredmedia":[{"embeddable":true,"href":"https:\/\/sysmatec.ch\/de\/wp-json\/wp\/v2\/media\/5099"}],"wp:attachment":[{"href":"https:\/\/sysmatec.ch\/de\/wp-json\/wp\/v2\/media?parent=14517"}],"wp:term":[{"taxonomy":"product_brand","embeddable":true,"href":"https:\/\/sysmatec.ch\/de\/wp-json\/wp\/v2\/product_brand?post=14517"},{"taxonomy":"product_cat","embeddable":true,"href":"https:\/\/sysmatec.ch\/de\/wp-json\/wp\/v2\/product_cat?post=14517"},{"taxonomy":"product_tag","embeddable":true,"href":"https:\/\/sysmatec.ch\/de\/wp-json\/wp\/v2\/product_tag?post=14517"}],"curies":[{"name":"wp","href":"https:\/\/api.w.org\/{rel}","templated":true}]}}