{"id":14507,"date":"2019-12-12T20:28:55","date_gmt":"2019-12-12T19:33:53","guid":{"rendered":"https:\/\/sysmatec.ch\/?post_type=product&#038;p=14507"},"modified":"2021-12-05T19:48:51","modified_gmt":"2021-12-05T18:48:51","slug":"lactopast-peroxidase-pod","status":"publish","type":"product","link":"https:\/\/sysmatec.ch\/de\/Produkt\/lactopast-peroxidase-pod\/","title":{"rendered":"Lactopast Peroxidase (POD)"},"content":{"rendered":"<p>Quantitativer und semi-quantitativer Nachweis von Peroxidase in Milch (Ref. Nr .: 82011)<\/p>\n<h2>Lactoperoxydase Test Verwendungszweck<\/h2>\n<p>Diese Methode kombiniert die Leichtigkeit, Lactoperoxidase in Milch schnell semiquantitativ zu \u00fcberpr\u00fcfen oder quantitativ zu messen. Das Fortbestehen der Lactoperoxidase-Aktivit\u00e4t in pasteurisierter Milch ist ein guter Hinweis auf die Qualit\u00e4t eines Produkts, da nur eine Rohmilch von guter mikrobiologischer Qualit\u00e4t einem milden Pasteurisierungsprozess unterzogen werden kann, um dieses Enzym nicht zu inaktivieren. Oxidase basiert auf einer qualitativen (vorhandenen \/ nicht vorhandenen) Methode und gibt nur an, ob der thermische Prozess durchgef\u00fchrt wurde. Die Quantifizierung der Lactoperoxidase in pasteurisierter Milch erm\u00f6glicht die Bestimmung der N\u00e4hrstoffqualit\u00e4t von Milch. Ein h\u00f6herer Peroxidasewert bedeutet, dass die Milch ihre urspr\u00fcnglichen Eigenschaften bewahrt hat.<\/p>\n<h2>Lactoperoxydase Test Pr\u00e4sentation<\/h2>\n<p>50 Tests \/ Kit<\/p>\n<p>R1 &#8211; 5 ml. (Substrat)<\/p>\n<p>R2 &#8211; 5 ml. (Stabilisator)<\/p>\n<p>R3 &#8211; 2,5 ml. (Chromogen)<\/p>\n<h2>Lactoperoxydase Test Verfahren<\/h2>\n<p>(Semiquantitativ)<\/p>\n<p>1. Sammle 100 ul. Milch und mit 900 ul verd\u00fcnnen. destilliertes Wasser. Mischen und homogenisieren<\/p>\n<p>2. Sammle 250 ul. aus der Probenmischung<\/p>\n<p>3. 100 ul zugeben. von R1<\/p>\n<p>4. 100 ul zugeben. von R2<\/p>\n<p>5. 50 ul zugeben. von R3<\/p>\n<p>6. Inkubieren Sie die L\u00f6sung 10 Minuten lang bei 55 \u00b0 C in einem Wasserbad oder in einem Trockeninkubator<\/p>\n<p>7. Lesen Sie die gebildeten Farben ab und vergleichen Sie sie mit der Farbkarte.(Quantitativ)<\/p>\n<p>Befolgen Sie die gleichen Schritte wie bei der semiquantitativen Methode bis zu Schritt 6.<\/p>\n<p>7. W\u00e4hlen Sie in Electra m2 Unified Analyzer die Option POD aus dem Pr\u00fcfungsfeld aus und messen Sie die Probe quantitativ<\/p>\n","protected":false},"excerpt":{"rendered":"<p>Quantitativer und semi-quantitativer Nachweis von Peroxidase in Milch<\/p>\n","protected":false},"featured_media":5099,"template":"","meta":{"_crdt_document":""},"product_brand":[],"product_cat":[188,377],"product_tag":[],"class_list":{"0":"post-14507","1":"product","2":"type-product","3":"status-publish","4":"has-post-thumbnail","6":"product_cat-analyse-de","7":"product_cat-milch","9":"first","10":"instock","11":"taxable","12":"shipping-taxable","13":"product-type-simple"},"yoast_head":"<!-- This site is optimized with the Yoast SEO plugin v27.3 - https:\/\/yoast.com\/product\/yoast-seo-wordpress\/ -->\n<title>Lactopast Peroxidase (POD) - Sysmatec<\/title>\n<meta name=\"description\" content=\"Lactoperoxidase-Messtest. Der Test erm\u00f6glicht es, den N\u00e4hrwert der Milch nach der Pasteurisierung zu bestimmen.\" \/>\n<meta name=\"robots\" content=\"index, follow, max-snippet:-1, max-image-preview:large, max-video-preview:-1\" \/>\n<link rel=\"canonical\" href=\"https:\/\/sysmatec.ch\/de\/produit\/lactopast-peroxidase-pod\/\" \/>\n<meta property=\"og:locale\" content=\"de_DE\" \/>\n<meta property=\"og:type\" content=\"article\" \/>\n<meta property=\"og:title\" content=\"Lactopast Peroxidase (POD) - Sysmatec\" \/>\n<meta property=\"og:description\" content=\"Lactoperoxidase-Messtest. Der Test erm\u00f6glicht es, den N\u00e4hrwert der Milch nach der Pasteurisierung zu bestimmen.\" \/>\n<meta property=\"og:url\" content=\"https:\/\/sysmatec.ch\/de\/produit\/lactopast-peroxidase-pod\/\" \/>\n<meta property=\"og:site_name\" content=\"Sysmatec\" \/>\n<meta property=\"article:modified_time\" content=\"2021-12-05T18:48:51+00:00\" \/>\n<meta property=\"og:image\" content=\"https:\/\/sysmatec.ch\/wp-content\/uploads\/2019\/04\/Analyse_ZEUMICROCYSTEST.jpg\" \/>\n\t<meta property=\"og:image:width\" content=\"184\" \/>\n\t<meta property=\"og:image:height\" content=\"114\" \/>\n\t<meta property=\"og:image:type\" content=\"image\/jpeg\" \/>\n<meta name=\"twitter:card\" content=\"summary_large_image\" \/>\n<meta name=\"twitter:label1\" content=\"Gesch\u00e4tzte Lesezeit\" \/>\n\t<meta name=\"twitter:data1\" content=\"2\u00a0Minuten\" \/>\n<script type=\"application\/ld+json\" class=\"yoast-schema-graph\">{\"@context\":\"https:\\\/\\\/schema.org\",\"@graph\":[{\"@type\":\"WebPage\",\"@id\":\"https:\\\/\\\/sysmatec.ch\\\/de\\\/produit\\\/lactopast-peroxidase-pod\\\/\",\"url\":\"https:\\\/\\\/sysmatec.ch\\\/de\\\/produit\\\/lactopast-peroxidase-pod\\\/\",\"name\":\"Lactopast Peroxidase (POD) - Sysmatec\",\"isPartOf\":{\"@id\":\"https:\\\/\\\/sysmatec.ch\\\/de\\\/#website\"},\"primaryImageOfPage\":{\"@id\":\"https:\\\/\\\/sysmatec.ch\\\/de\\\/produit\\\/lactopast-peroxidase-pod\\\/#primaryimage\"},\"image\":{\"@id\":\"https:\\\/\\\/sysmatec.ch\\\/de\\\/produit\\\/lactopast-peroxidase-pod\\\/#primaryimage\"},\"thumbnailUrl\":\"https:\\\/\\\/sysmatec.ch\\\/wp-content\\\/uploads\\\/2019\\\/04\\\/Analyse_ZEUMICROCYSTEST.jpg\",\"datePublished\":\"2019-12-12T19:33:53+00:00\",\"dateModified\":\"2021-12-05T18:48:51+00:00\",\"description\":\"Lactoperoxidase-Messtest. Der Test erm\u00f6glicht es, den N\u00e4hrwert der Milch nach der Pasteurisierung zu bestimmen.\",\"breadcrumb\":{\"@id\":\"https:\\\/\\\/sysmatec.ch\\\/de\\\/produit\\\/lactopast-peroxidase-pod\\\/#breadcrumb\"},\"inLanguage\":\"de\",\"potentialAction\":[{\"@type\":\"ReadAction\",\"target\":[\"https:\\\/\\\/sysmatec.ch\\\/de\\\/produit\\\/lactopast-peroxidase-pod\\\/\"]}]},{\"@type\":\"ImageObject\",\"inLanguage\":\"de\",\"@id\":\"https:\\\/\\\/sysmatec.ch\\\/de\\\/produit\\\/lactopast-peroxidase-pod\\\/#primaryimage\",\"url\":\"https:\\\/\\\/sysmatec.ch\\\/wp-content\\\/uploads\\\/2019\\\/04\\\/Analyse_ZEUMICROCYSTEST.jpg\",\"contentUrl\":\"https:\\\/\\\/sysmatec.ch\\\/wp-content\\\/uploads\\\/2019\\\/04\\\/Analyse_ZEUMICROCYSTEST.jpg\",\"width\":184,\"height\":114},{\"@type\":\"BreadcrumbList\",\"@id\":\"https:\\\/\\\/sysmatec.ch\\\/de\\\/produit\\\/lactopast-peroxidase-pod\\\/#breadcrumb\",\"itemListElement\":[{\"@type\":\"ListItem\",\"position\":1,\"name\":\"Accueil\",\"item\":\"https:\\\/\\\/sysmatec.ch\\\/de\\\/\"},{\"@type\":\"ListItem\",\"position\":2,\"name\":\"Die Aktivit\u00e4t von Sysmatec\",\"item\":\"https:\\\/\\\/sysmatec.ch\\\/de\\\/\"},{\"@type\":\"ListItem\",\"position\":3,\"name\":\"Lactopast Peroxidase (POD)\"}]},{\"@type\":\"WebSite\",\"@id\":\"https:\\\/\\\/sysmatec.ch\\\/de\\\/#website\",\"url\":\"https:\\\/\\\/sysmatec.ch\\\/de\\\/\",\"name\":\"Sysmatec\",\"description\":\"Equipement de laboratoire et logiciels\",\"publisher\":{\"@id\":\"https:\\\/\\\/sysmatec.ch\\\/de\\\/#organization\"},\"potentialAction\":[{\"@type\":\"SearchAction\",\"target\":{\"@type\":\"EntryPoint\",\"urlTemplate\":\"https:\\\/\\\/sysmatec.ch\\\/de\\\/?s={search_term_string}\"},\"query-input\":{\"@type\":\"PropertyValueSpecification\",\"valueRequired\":true,\"valueName\":\"search_term_string\"}}],\"inLanguage\":\"de\"},{\"@type\":\"Organization\",\"@id\":\"https:\\\/\\\/sysmatec.ch\\\/de\\\/#organization\",\"name\":\"Sysmatec\",\"url\":\"https:\\\/\\\/sysmatec.ch\\\/de\\\/\",\"logo\":{\"@type\":\"ImageObject\",\"inLanguage\":\"de\",\"@id\":\"https:\\\/\\\/sysmatec.ch\\\/de\\\/#\\\/schema\\\/logo\\\/image\\\/\",\"url\":\"https:\\\/\\\/sysmatec.ch\\\/wp-content\\\/uploads\\\/2018\\\/11\\\/LogoSysmatec.jpg\",\"contentUrl\":\"https:\\\/\\\/sysmatec.ch\\\/wp-content\\\/uploads\\\/2018\\\/11\\\/LogoSysmatec.jpg\",\"width\":301,\"height\":297,\"caption\":\"Sysmatec\"},\"image\":{\"@id\":\"https:\\\/\\\/sysmatec.ch\\\/de\\\/#\\\/schema\\\/logo\\\/image\\\/\"}}]}<\/script>\n<!-- \/ Yoast SEO plugin. -->","yoast_head_json":{"title":"Lactopast Peroxidase (POD) - Sysmatec","description":"Lactoperoxidase-Messtest. Der Test erm\u00f6glicht es, den N\u00e4hrwert der Milch nach der Pasteurisierung zu bestimmen.","robots":{"index":"index","follow":"follow","max-snippet":"max-snippet:-1","max-image-preview":"max-image-preview:large","max-video-preview":"max-video-preview:-1"},"canonical":"https:\/\/sysmatec.ch\/de\/produit\/lactopast-peroxidase-pod\/","og_locale":"de_DE","og_type":"article","og_title":"Lactopast Peroxidase (POD) - Sysmatec","og_description":"Lactoperoxidase-Messtest. Der Test erm\u00f6glicht es, den N\u00e4hrwert der Milch nach der Pasteurisierung zu bestimmen.","og_url":"https:\/\/sysmatec.ch\/de\/produit\/lactopast-peroxidase-pod\/","og_site_name":"Sysmatec","article_modified_time":"2021-12-05T18:48:51+00:00","og_image":[{"width":184,"height":114,"url":"https:\/\/sysmatec.ch\/wp-content\/uploads\/2019\/04\/Analyse_ZEUMICROCYSTEST.jpg","type":"image\/jpeg"}],"twitter_card":"summary_large_image","twitter_misc":{"Gesch\u00e4tzte Lesezeit":"2\u00a0Minuten"},"schema":{"@context":"https:\/\/schema.org","@graph":[{"@type":"WebPage","@id":"https:\/\/sysmatec.ch\/de\/produit\/lactopast-peroxidase-pod\/","url":"https:\/\/sysmatec.ch\/de\/produit\/lactopast-peroxidase-pod\/","name":"Lactopast Peroxidase (POD) - Sysmatec","isPartOf":{"@id":"https:\/\/sysmatec.ch\/de\/#website"},"primaryImageOfPage":{"@id":"https:\/\/sysmatec.ch\/de\/produit\/lactopast-peroxidase-pod\/#primaryimage"},"image":{"@id":"https:\/\/sysmatec.ch\/de\/produit\/lactopast-peroxidase-pod\/#primaryimage"},"thumbnailUrl":"https:\/\/sysmatec.ch\/wp-content\/uploads\/2019\/04\/Analyse_ZEUMICROCYSTEST.jpg","datePublished":"2019-12-12T19:33:53+00:00","dateModified":"2021-12-05T18:48:51+00:00","description":"Lactoperoxidase-Messtest. Der Test erm\u00f6glicht es, den N\u00e4hrwert der Milch nach der Pasteurisierung zu bestimmen.","breadcrumb":{"@id":"https:\/\/sysmatec.ch\/de\/produit\/lactopast-peroxidase-pod\/#breadcrumb"},"inLanguage":"de","potentialAction":[{"@type":"ReadAction","target":["https:\/\/sysmatec.ch\/de\/produit\/lactopast-peroxidase-pod\/"]}]},{"@type":"ImageObject","inLanguage":"de","@id":"https:\/\/sysmatec.ch\/de\/produit\/lactopast-peroxidase-pod\/#primaryimage","url":"https:\/\/sysmatec.ch\/wp-content\/uploads\/2019\/04\/Analyse_ZEUMICROCYSTEST.jpg","contentUrl":"https:\/\/sysmatec.ch\/wp-content\/uploads\/2019\/04\/Analyse_ZEUMICROCYSTEST.jpg","width":184,"height":114},{"@type":"BreadcrumbList","@id":"https:\/\/sysmatec.ch\/de\/produit\/lactopast-peroxidase-pod\/#breadcrumb","itemListElement":[{"@type":"ListItem","position":1,"name":"Accueil","item":"https:\/\/sysmatec.ch\/de\/"},{"@type":"ListItem","position":2,"name":"Die Aktivit\u00e4t von Sysmatec","item":"https:\/\/sysmatec.ch\/de\/"},{"@type":"ListItem","position":3,"name":"Lactopast Peroxidase (POD)"}]},{"@type":"WebSite","@id":"https:\/\/sysmatec.ch\/de\/#website","url":"https:\/\/sysmatec.ch\/de\/","name":"Sysmatec","description":"Equipement de laboratoire et logiciels","publisher":{"@id":"https:\/\/sysmatec.ch\/de\/#organization"},"potentialAction":[{"@type":"SearchAction","target":{"@type":"EntryPoint","urlTemplate":"https:\/\/sysmatec.ch\/de\/?s={search_term_string}"},"query-input":{"@type":"PropertyValueSpecification","valueRequired":true,"valueName":"search_term_string"}}],"inLanguage":"de"},{"@type":"Organization","@id":"https:\/\/sysmatec.ch\/de\/#organization","name":"Sysmatec","url":"https:\/\/sysmatec.ch\/de\/","logo":{"@type":"ImageObject","inLanguage":"de","@id":"https:\/\/sysmatec.ch\/de\/#\/schema\/logo\/image\/","url":"https:\/\/sysmatec.ch\/wp-content\/uploads\/2018\/11\/LogoSysmatec.jpg","contentUrl":"https:\/\/sysmatec.ch\/wp-content\/uploads\/2018\/11\/LogoSysmatec.jpg","width":301,"height":297,"caption":"Sysmatec"},"image":{"@id":"https:\/\/sysmatec.ch\/de\/#\/schema\/logo\/image\/"}}]}},"_links":{"self":[{"href":"https:\/\/sysmatec.ch\/de\/wp-json\/wp\/v2\/product\/14507","targetHints":{"allow":["GET"]}}],"collection":[{"href":"https:\/\/sysmatec.ch\/de\/wp-json\/wp\/v2\/product"}],"about":[{"href":"https:\/\/sysmatec.ch\/de\/wp-json\/wp\/v2\/types\/product"}],"wp:featuredmedia":[{"embeddable":true,"href":"https:\/\/sysmatec.ch\/de\/wp-json\/wp\/v2\/media\/5099"}],"wp:attachment":[{"href":"https:\/\/sysmatec.ch\/de\/wp-json\/wp\/v2\/media?parent=14507"}],"wp:term":[{"taxonomy":"product_brand","embeddable":true,"href":"https:\/\/sysmatec.ch\/de\/wp-json\/wp\/v2\/product_brand?post=14507"},{"taxonomy":"product_cat","embeddable":true,"href":"https:\/\/sysmatec.ch\/de\/wp-json\/wp\/v2\/product_cat?post=14507"},{"taxonomy":"product_tag","embeddable":true,"href":"https:\/\/sysmatec.ch\/de\/wp-json\/wp\/v2\/product_tag?post=14507"}],"curies":[{"name":"wp","href":"https:\/\/api.w.org\/{rel}","templated":true}]}}