{"id":14495,"date":"2019-12-11T18:44:34","date_gmt":"2019-12-11T18:05:08","guid":{"rendered":"https:\/\/sysmatec.ch\/?post_type=product&#038;p=14495"},"modified":"2021-12-06T09:06:01","modified_gmt":"2021-12-06T08:06:01","slug":"hand-spektrophotometer-mit-8mm-einzelblende","status":"publish","type":"product","link":"https:\/\/sysmatec.ch\/de\/Produkt\/hand-spektrophotometer-mit-8mm-einzelblende\/","title":{"rendered":"Hand-Spektrophotometer mit 8mm Einzelblende"},"content":{"rendered":"<p>Das Gitter-Spektralphotometer der YS30-Serie verwendet Bluetooth- und USB-Dual-Modi f\u00fcr eine breitere Verwendung. Mit SCI- und SCE-Messdaten ist es mit vielen bekannten Marken kompatibel. 8 mm, 4 mm oder kundenspezifische Blende ist optional. Dank des speziellen UV-Lichts l\u00e4sst sich die Probe des YS3060 leicht mit UV-Licht messen. Durch die hochpr\u00e4zise PC-Software mit erweiterter Funktion ist der YS3060 ein guter Partner f\u00fcr das Farbk\u00fcnstler- und Farbqualit\u00e4tskontrollmanagement.<\/p>\n<p>UV-Gitter-Spektralphotometer YS3060: Volle Leuchtmittel + UV, 8mm &amp; 4mm Aperturen, SCI &amp; SCE, Bluetooth Comm, High Precision.<\/p>\n<p>Gitter-Spektralphotometer YS3020: Multi-Leuchtmittel, anpassbare Blende, SCI &amp; SCE, Bluetooth Comm, High Precision.<\/p>\n<p>Gitter-Spektralphotometer YS30104: Leuchtmittel, 8mm Blende, SCI &amp; SCE, gute Pr\u00e4zision.<\/p>\n<p>Entspricht CIE Nr. 15 (GB \/ T 3978, GB 2893, GB \/ T 18833, ISO 7724\/1, ASTM E1164, DIN 5033 Teil7, YS3010). Das Spektralphotometer verf\u00fcgt nur \u00fcber eine einzige \u00d6ffnung von 8 mm. Sowohl der SCI- als auch der SCE-Modus werden in vielen Anwendungen h\u00e4ufig verwendet. Es hat eine hohe Genauigkeit von 0,06 basierend auf der Wei\u00dfkalibrierungsplatte, die 30 Mal in Intervallen von 5 Sekunden gemessen wurde, nachdem die Wei\u00dfkalibrierung durchgef\u00fchrt wurde.<\/p>\n<p>Eigenschaften<\/p>\n<p>Perfekte Kombination des sch\u00f6nen Aussehens und des strukturellen Designs der Mechanik des menschlichen K\u00f6rpers;<\/p>\n<p>Geometrische Optik D \/ 8, entspricht CIE Nr. 15, GB \/ T 3978, GB2893, GB \/ T 18833, ISO7724 \/ 1, ASTM E1164, DIN5033 Teil;<\/p>\n<p>Verwenden Sie eine kombinierte LED-Lichtquelle mit langer Lebensdauer und geringem Stromverbrauch<\/p>\n<p>Einzelne 8-mm-Blende, unterst\u00fctzt gleichzeitig SCI und SCE;<\/p>\n<p>Das Messen von Probenspektren, genaue Labordaten, kann zur Farbanpassung und genauen Farb\u00fcbertragung verwendet werden.<\/p>\n<p>Hohe Konfiguration der elektronischen Hardware: 3,5-Zoll-TFT-Farb-LCD, kapazitiver Touchscreen, konkaves Gitter, 256 Iimage Element Double Arrays CMOS-Bildsensor;<\/p>\n<p>USB-Anschluss, weithin n\u00fctzlich;<\/p>\n<p>Super schmutzabweisende und stabile Standard-Wei\u00dfkalibrierplatte;<\/p>\n<p>Speicherplatz mit gro\u00dfer Kapazit\u00e4t, \u00fcber 20.000 Messdaten;<\/p>\n<p>Zwei Standardbeobachterwinkel, eine Vielzahl von Leuchtmitteln, eine Vielzahl von Farbindizes, die mit einer Vielzahl von standardm\u00e4\u00dfigen kolorimetrischen Daten \u00fcbereinstimmen, erf\u00fcllen eine Vielzahl von Kundenanforderungen f\u00fcr die Farbmessung.<\/p>\n<p>Kameraortungsfunktion, bessere Position;<\/p>\n<p>PC-Software hat eine leistungsf\u00e4hige Funktionserweiterung.<\/p>\n<table width=\"320\">\n<tbody>\n<tr>\n<td width=\"80\">Modell<\/td>\n<td width=\"80\">YS3060<\/td>\n<td width=\"80\">YS3020<\/td>\n<td width=\"80\">YS3010<\/td>\n<\/tr>\n<tr>\n<td width=\"80\">Optische Geometrie<\/td>\n<td colspan=\"3\" width=\"240\">Reflect: di:8\u00b0, de:8\u00b0(diffused illumination, 8-degree viewing angle)<\/td>\n<\/tr>\n<tr>\n<td width=\"80\">Integrating Sphere Size<\/td>\n<td colspan=\"3\" width=\"240\">48mm<\/td>\n<\/tr>\n<tr>\n<td width=\"80\">Lichquelle<\/td>\n<td width=\"80\">kombiniertes LED Licht, UV Licht<\/td>\n<td colspan=\"2\" width=\"160\">kombiniertes LED Licht<\/td>\n<\/tr>\n<tr>\n<td width=\"80\">Spectrophotometrischer Modus<\/td>\n<td colspan=\"3\" width=\"240\">Concave Grating<\/td>\n<\/tr>\n<tr>\n<td width=\"80\">Sensor<\/td>\n<td colspan=\"3\" width=\"240\">256 Image Element doppelter Array CMOS Bild Sensor<\/td>\n<\/tr>\n<tr>\n<td width=\"80\">Wellenl\u00e4nge Bereich<\/td>\n<td colspan=\"3\" width=\"240\">400-700nm<\/td>\n<\/tr>\n<tr>\n<td width=\"80\">Wellenl\u00e4nge Intervall<\/td>\n<td colspan=\"3\" width=\"240\">10nm<\/td>\n<\/tr>\n<tr>\n<td width=\"80\">Halbbad Breite<\/td>\n<td colspan=\"3\" width=\"240\">10nm<\/td>\n<\/tr>\n<tr>\n<td width=\"80\">Reflectance Bereich<\/td>\n<td colspan=\"3\" width=\"240\">0-200%<\/td>\n<\/tr>\n<tr>\n<td width=\"80\">\u00d6ffnung<\/td>\n<td width=\"80\">doppelte \u00d6ffnung: 10mm\/8mm &amp; 5mm\/4mm<\/td>\n<td width=\"80\">Einstellebare \u00d6ffnung: 8mm\/4mm\/1\u00d73mm<\/td>\n<td width=\"80\">einfache \u00d6ffnung: 8mm\/10mm<\/td>\n<\/tr>\n<tr>\n<td width=\"80\">Specular Component<\/td>\n<td colspan=\"3\" width=\"240\">SCI&amp;SCE<\/td>\n<\/tr>\n<tr>\n<td width=\"80\">Color Space<\/td>\n<td colspan=\"3\" width=\"240\">CIE Lab, XYZ, Yxy, LCh, CIE LUV, Hunter LAB<\/td>\n<\/tr>\n<tr>\n<td width=\"80\">Color Difference Formula<\/td>\n<td colspan=\"3\" width=\"240\">\u0394E*ab, \u0394E*uv, \u0394E*94, \u0394E*cmc(2:1), \u0394E*cmc(1:1), \u0394E*00v, \u0394E(Hunter)<\/td>\n<\/tr>\n<tr>\n<td rowspan=\"5\" width=\"80\">Andere kolometrische Index<\/td>\n<td colspan=\"3\" width=\"240\">WI(ASTM E313, CIE\/ISO, AATCC, Hunter),<\/td>\n<\/tr>\n<tr>\n<td colspan=\"3\" width=\"240\"><\/td>\n<\/tr>\n<tr>\n<td colspan=\"3\" width=\"240\">YI(ASTM D1925, ASTM 313),TI(ASTM E313, CIE\/ISO),<\/td>\n<\/tr>\n<tr>\n<td colspan=\"3\" width=\"240\"><\/td>\n<\/tr>\n<tr>\n<td colspan=\"3\" width=\"240\">Metamerism Index MI, Staining Fastness, Color Fastness, Color Strength, Opacity, 8\u00b0 Glossiness<\/td>\n<\/tr>\n<tr>\n<td width=\"80\">Observer Angle<\/td>\n<td colspan=\"3\" width=\"240\">2\u00b0\/10\u00b0<\/td>\n<\/tr>\n<tr>\n<td width=\"80\">Illuminant<\/td>\n<td width=\"80\">D65, A, C, D50, D55, D75, F1, F2, F3, F4, F5, F6, F7, F8, F9, F10, F11, F12<\/td>\n<td width=\"80\">D65, A, C, D50, D55, D75, F2, F7, F11<\/td>\n<td width=\"80\">D65, A, C, D50<\/td>\n<\/tr>\n<tr>\n<td width=\"80\">Angezeigte Informationen<\/td>\n<td colspan=\"3\" width=\"240\">Spectrogram\/Values, Samples Chromaticity Values, Color Difference Values\/Graph, PASS\/FAIL Result, Color Offset<\/td>\n<\/tr>\n<tr>\n<td width=\"80\">Messungsdauer<\/td>\n<td colspan=\"3\" width=\"240\">2.6s<\/td>\n<\/tr>\n<tr>\n<td width=\"80\">Repeatabilit\u00e4t<\/td>\n<td width=\"80\">MAV\/SCI: \u0394E*\u22640.03<\/td>\n<td width=\"80\">MAV\/SCI: \u0394E*\u22640.05<\/td>\n<td width=\"80\">MAV\/SCI: \u0394E*\u22640.06<\/td>\n<\/tr>\n<tr>\n<td width=\"80\">Inter-instrument Fehler<\/td>\n<td width=\"80\">MAV\/SCI: \u0394E*\u22640.15<\/td>\n<td width=\"80\">MAV\/SCI: \u0394E*\u22640.2<\/td>\n<td width=\"80\">MAV\/SCI: \u0394E*\u22640.4<\/td>\n<\/tr>\n<tr>\n<td width=\"80\">Measurement Mode<\/td>\n<td colspan=\"3\" width=\"240\">Single Measurement, Average Measurement<\/td>\n<\/tr>\n<tr>\n<td width=\"80\">Locating Method<\/td>\n<td colspan=\"3\" width=\"240\">Camera View Finder Locating<\/td>\n<\/tr>\n<tr>\n<td width=\"80\">Battery<\/td>\n<td colspan=\"3\" width=\"240\">Li-ion battery. 5000 measurements within 8 hours<\/td>\n<\/tr>\n<tr>\n<td width=\"80\">Dimension<\/td>\n<td colspan=\"3\" width=\"240\">L*W*H=184*77*105mm<\/td>\n<\/tr>\n<tr>\n<td width=\"80\">Gewicht<\/td>\n<td colspan=\"3\" width=\"240\">600g<\/td>\n<\/tr>\n<tr>\n<td width=\"80\">Illuminant Life Span<\/td>\n<td colspan=\"3\" width=\"240\">5 years, more than 3 million times measurements<\/td>\n<\/tr>\n<tr>\n<td width=\"80\">Display<\/td>\n<td colspan=\"3\" width=\"240\">3.5-inch TFT color LCD, Capacitive Touch Screen<\/td>\n<\/tr>\n<tr>\n<td width=\"80\">Data Port<\/td>\n<td colspan=\"2\" width=\"160\">USB, Bluetooth 4.0<\/td>\n<td width=\"80\">USB<\/td>\n<\/tr>\n<tr>\n<td width=\"80\">Datenspeicherung<\/td>\n<td colspan=\"3\" width=\"240\">Standard 2000 Pcs, Sample 20000 Pcs<\/td>\n<\/tr>\n<tr>\n<td width=\"80\">Sprache<\/td>\n<td colspan=\"3\" width=\"240\">English, Chinese<\/td>\n<\/tr>\n<tr>\n<td width=\"80\">Arbeitsumgebung<\/td>\n<td colspan=\"3\" width=\"240\">0~40\u2103, 0~85%RH\u00a0(no condensing), Altitude &lt; 2000m<\/td>\n<\/tr>\n<tr>\n<td width=\"80\">Lagerungsumgebung<\/td>\n<td colspan=\"3\" width=\"240\">-20~50\u2103, 0~85%RH (no condensing)<\/td>\n<\/tr>\n<tr>\n<td width=\"80\">Standard Zubeh\u00f6r<\/td>\n<td colspan=\"3\" width=\"240\">Power Adapter, Built-In Li-ion Battery, User Guide, PC Software, White and Black Calibration Cavity, Dust Cover<\/td>\n<\/tr>\n<tr>\n<td width=\"80\">Optional Zubeh\u00f6r<\/td>\n<td colspan=\"3\" width=\"240\">Micro Printer, Powder Test Box<\/td>\n<\/tr>\n<tr>\n<td colspan=\"4\" width=\"320\"><\/td>\n<\/tr>\n<\/tbody>\n<\/table>\n","protected":false},"excerpt":{"rendered":"<p>Handspektralphotometer mit 8mm Einzelblende f\u00fcr Farbe Messung<\/p>\n","protected":false},"featured_media":14494,"template":"","meta":{"_crdt_document":""},"product_brand":[],"product_cat":[224],"product_tag":[],"class_list":{"0":"post-14495","1":"product","2":"type-product","3":"status-publish","4":"has-post-thumbnail","6":"product_cat-spektrophotometer","8":"first","9":"instock","10":"taxable","11":"shipping-taxable","12":"product-type-simple"},"yoast_head":"<!-- This site is optimized with the Yoast SEO plugin v27.3 - https:\/\/yoast.com\/product\/yoast-seo-wordpress\/ -->\n<title>Hand-Spektrophotometer mit 8mm Einzelblende - Sysmatec<\/title>\n<meta name=\"description\" content=\"Tragbares Spektralfotometer speziell entwickelt f\u00fcr die Messung von Oberfl\u00e4chenfarben (Farben, Stoffe, ...).\" \/>\n<meta name=\"robots\" content=\"index, follow, max-snippet:-1, max-image-preview:large, max-video-preview:-1\" \/>\n<link rel=\"canonical\" href=\"https:\/\/sysmatec.ch\/de\/produit\/hand-spektrophotometer-mit-8mm-einzelblende\/\" \/>\n<meta property=\"og:locale\" content=\"de_DE\" \/>\n<meta property=\"og:type\" content=\"article\" \/>\n<meta property=\"og:title\" content=\"Hand-Spektrophotometer mit 8mm Einzelblende - Sysmatec\" \/>\n<meta property=\"og:description\" content=\"Tragbares Spektralfotometer speziell entwickelt f\u00fcr die Messung von Oberfl\u00e4chenfarben (Farben, Stoffe, ...).\" \/>\n<meta property=\"og:url\" content=\"https:\/\/sysmatec.ch\/de\/produit\/hand-spektrophotometer-mit-8mm-einzelblende\/\" \/>\n<meta property=\"og:site_name\" content=\"Sysmatec\" \/>\n<meta property=\"article:modified_time\" content=\"2021-12-06T08:06:01+00:00\" \/>\n<meta property=\"og:image\" content=\"https:\/\/sysmatec.ch\/wp-content\/uploads\/2019\/12\/SpectrophotometreYS3010_3NH.jpg\" \/>\n\t<meta property=\"og:image:width\" content=\"907\" \/>\n\t<meta property=\"og:image:height\" content=\"783\" \/>\n\t<meta property=\"og:image:type\" content=\"image\/jpeg\" \/>\n<meta name=\"twitter:card\" content=\"summary_large_image\" \/>\n<meta name=\"twitter:label1\" content=\"Gesch\u00e4tzte Lesezeit\" \/>\n\t<meta name=\"twitter:data1\" content=\"3\u00a0Minuten\" \/>\n<script type=\"application\/ld+json\" class=\"yoast-schema-graph\">{\"@context\":\"https:\\\/\\\/schema.org\",\"@graph\":[{\"@type\":\"WebPage\",\"@id\":\"https:\\\/\\\/sysmatec.ch\\\/de\\\/produit\\\/hand-spektrophotometer-mit-8mm-einzelblende\\\/\",\"url\":\"https:\\\/\\\/sysmatec.ch\\\/de\\\/produit\\\/hand-spektrophotometer-mit-8mm-einzelblende\\\/\",\"name\":\"Hand-Spektrophotometer mit 8mm Einzelblende - Sysmatec\",\"isPartOf\":{\"@id\":\"https:\\\/\\\/sysmatec.ch\\\/de\\\/#website\"},\"primaryImageOfPage\":{\"@id\":\"https:\\\/\\\/sysmatec.ch\\\/de\\\/produit\\\/hand-spektrophotometer-mit-8mm-einzelblende\\\/#primaryimage\"},\"image\":{\"@id\":\"https:\\\/\\\/sysmatec.ch\\\/de\\\/produit\\\/hand-spektrophotometer-mit-8mm-einzelblende\\\/#primaryimage\"},\"thumbnailUrl\":\"https:\\\/\\\/sysmatec.ch\\\/wp-content\\\/uploads\\\/2019\\\/12\\\/SpectrophotometreYS3010_3NH.jpg\",\"datePublished\":\"2019-12-11T18:05:08+00:00\",\"dateModified\":\"2021-12-06T08:06:01+00:00\",\"description\":\"Tragbares Spektralfotometer speziell entwickelt f\u00fcr die Messung von Oberfl\u00e4chenfarben (Farben, Stoffe, ...).\",\"breadcrumb\":{\"@id\":\"https:\\\/\\\/sysmatec.ch\\\/de\\\/produit\\\/hand-spektrophotometer-mit-8mm-einzelblende\\\/#breadcrumb\"},\"inLanguage\":\"de\",\"potentialAction\":[{\"@type\":\"ReadAction\",\"target\":[\"https:\\\/\\\/sysmatec.ch\\\/de\\\/produit\\\/hand-spektrophotometer-mit-8mm-einzelblende\\\/\"]}]},{\"@type\":\"ImageObject\",\"inLanguage\":\"de\",\"@id\":\"https:\\\/\\\/sysmatec.ch\\\/de\\\/produit\\\/hand-spektrophotometer-mit-8mm-einzelblende\\\/#primaryimage\",\"url\":\"https:\\\/\\\/sysmatec.ch\\\/wp-content\\\/uploads\\\/2019\\\/12\\\/SpectrophotometreYS3010_3NH.jpg\",\"contentUrl\":\"https:\\\/\\\/sysmatec.ch\\\/wp-content\\\/uploads\\\/2019\\\/12\\\/SpectrophotometreYS3010_3NH.jpg\",\"width\":907,\"height\":783},{\"@type\":\"BreadcrumbList\",\"@id\":\"https:\\\/\\\/sysmatec.ch\\\/de\\\/produit\\\/hand-spektrophotometer-mit-8mm-einzelblende\\\/#breadcrumb\",\"itemListElement\":[{\"@type\":\"ListItem\",\"position\":1,\"name\":\"Accueil\",\"item\":\"https:\\\/\\\/sysmatec.ch\\\/de\\\/\"},{\"@type\":\"ListItem\",\"position\":2,\"name\":\"Die Aktivit\u00e4t von Sysmatec\",\"item\":\"https:\\\/\\\/sysmatec.ch\\\/de\\\/\"},{\"@type\":\"ListItem\",\"position\":3,\"name\":\"Hand-Spektrophotometer mit 8mm Einzelblende\"}]},{\"@type\":\"WebSite\",\"@id\":\"https:\\\/\\\/sysmatec.ch\\\/de\\\/#website\",\"url\":\"https:\\\/\\\/sysmatec.ch\\\/de\\\/\",\"name\":\"Sysmatec\",\"description\":\"Equipement de laboratoire et logiciels\",\"publisher\":{\"@id\":\"https:\\\/\\\/sysmatec.ch\\\/de\\\/#organization\"},\"potentialAction\":[{\"@type\":\"SearchAction\",\"target\":{\"@type\":\"EntryPoint\",\"urlTemplate\":\"https:\\\/\\\/sysmatec.ch\\\/de\\\/?s={search_term_string}\"},\"query-input\":{\"@type\":\"PropertyValueSpecification\",\"valueRequired\":true,\"valueName\":\"search_term_string\"}}],\"inLanguage\":\"de\"},{\"@type\":\"Organization\",\"@id\":\"https:\\\/\\\/sysmatec.ch\\\/de\\\/#organization\",\"name\":\"Sysmatec\",\"url\":\"https:\\\/\\\/sysmatec.ch\\\/de\\\/\",\"logo\":{\"@type\":\"ImageObject\",\"inLanguage\":\"de\",\"@id\":\"https:\\\/\\\/sysmatec.ch\\\/de\\\/#\\\/schema\\\/logo\\\/image\\\/\",\"url\":\"https:\\\/\\\/sysmatec.ch\\\/wp-content\\\/uploads\\\/2018\\\/11\\\/LogoSysmatec.jpg\",\"contentUrl\":\"https:\\\/\\\/sysmatec.ch\\\/wp-content\\\/uploads\\\/2018\\\/11\\\/LogoSysmatec.jpg\",\"width\":301,\"height\":297,\"caption\":\"Sysmatec\"},\"image\":{\"@id\":\"https:\\\/\\\/sysmatec.ch\\\/de\\\/#\\\/schema\\\/logo\\\/image\\\/\"}}]}<\/script>\n<!-- \/ Yoast SEO plugin. -->","yoast_head_json":{"title":"Hand-Spektrophotometer mit 8mm Einzelblende - Sysmatec","description":"Tragbares Spektralfotometer speziell entwickelt f\u00fcr die Messung von Oberfl\u00e4chenfarben (Farben, Stoffe, ...).","robots":{"index":"index","follow":"follow","max-snippet":"max-snippet:-1","max-image-preview":"max-image-preview:large","max-video-preview":"max-video-preview:-1"},"canonical":"https:\/\/sysmatec.ch\/de\/produit\/hand-spektrophotometer-mit-8mm-einzelblende\/","og_locale":"de_DE","og_type":"article","og_title":"Hand-Spektrophotometer mit 8mm Einzelblende - Sysmatec","og_description":"Tragbares Spektralfotometer speziell entwickelt f\u00fcr die Messung von Oberfl\u00e4chenfarben (Farben, Stoffe, ...).","og_url":"https:\/\/sysmatec.ch\/de\/produit\/hand-spektrophotometer-mit-8mm-einzelblende\/","og_site_name":"Sysmatec","article_modified_time":"2021-12-06T08:06:01+00:00","og_image":[{"width":907,"height":783,"url":"https:\/\/sysmatec.ch\/wp-content\/uploads\/2019\/12\/SpectrophotometreYS3010_3NH.jpg","type":"image\/jpeg"}],"twitter_card":"summary_large_image","twitter_misc":{"Gesch\u00e4tzte Lesezeit":"3\u00a0Minuten"},"schema":{"@context":"https:\/\/schema.org","@graph":[{"@type":"WebPage","@id":"https:\/\/sysmatec.ch\/de\/produit\/hand-spektrophotometer-mit-8mm-einzelblende\/","url":"https:\/\/sysmatec.ch\/de\/produit\/hand-spektrophotometer-mit-8mm-einzelblende\/","name":"Hand-Spektrophotometer mit 8mm Einzelblende - Sysmatec","isPartOf":{"@id":"https:\/\/sysmatec.ch\/de\/#website"},"primaryImageOfPage":{"@id":"https:\/\/sysmatec.ch\/de\/produit\/hand-spektrophotometer-mit-8mm-einzelblende\/#primaryimage"},"image":{"@id":"https:\/\/sysmatec.ch\/de\/produit\/hand-spektrophotometer-mit-8mm-einzelblende\/#primaryimage"},"thumbnailUrl":"https:\/\/sysmatec.ch\/wp-content\/uploads\/2019\/12\/SpectrophotometreYS3010_3NH.jpg","datePublished":"2019-12-11T18:05:08+00:00","dateModified":"2021-12-06T08:06:01+00:00","description":"Tragbares Spektralfotometer speziell entwickelt f\u00fcr die Messung von Oberfl\u00e4chenfarben (Farben, Stoffe, ...).","breadcrumb":{"@id":"https:\/\/sysmatec.ch\/de\/produit\/hand-spektrophotometer-mit-8mm-einzelblende\/#breadcrumb"},"inLanguage":"de","potentialAction":[{"@type":"ReadAction","target":["https:\/\/sysmatec.ch\/de\/produit\/hand-spektrophotometer-mit-8mm-einzelblende\/"]}]},{"@type":"ImageObject","inLanguage":"de","@id":"https:\/\/sysmatec.ch\/de\/produit\/hand-spektrophotometer-mit-8mm-einzelblende\/#primaryimage","url":"https:\/\/sysmatec.ch\/wp-content\/uploads\/2019\/12\/SpectrophotometreYS3010_3NH.jpg","contentUrl":"https:\/\/sysmatec.ch\/wp-content\/uploads\/2019\/12\/SpectrophotometreYS3010_3NH.jpg","width":907,"height":783},{"@type":"BreadcrumbList","@id":"https:\/\/sysmatec.ch\/de\/produit\/hand-spektrophotometer-mit-8mm-einzelblende\/#breadcrumb","itemListElement":[{"@type":"ListItem","position":1,"name":"Accueil","item":"https:\/\/sysmatec.ch\/de\/"},{"@type":"ListItem","position":2,"name":"Die Aktivit\u00e4t von Sysmatec","item":"https:\/\/sysmatec.ch\/de\/"},{"@type":"ListItem","position":3,"name":"Hand-Spektrophotometer mit 8mm Einzelblende"}]},{"@type":"WebSite","@id":"https:\/\/sysmatec.ch\/de\/#website","url":"https:\/\/sysmatec.ch\/de\/","name":"Sysmatec","description":"Equipement de laboratoire et logiciels","publisher":{"@id":"https:\/\/sysmatec.ch\/de\/#organization"},"potentialAction":[{"@type":"SearchAction","target":{"@type":"EntryPoint","urlTemplate":"https:\/\/sysmatec.ch\/de\/?s={search_term_string}"},"query-input":{"@type":"PropertyValueSpecification","valueRequired":true,"valueName":"search_term_string"}}],"inLanguage":"de"},{"@type":"Organization","@id":"https:\/\/sysmatec.ch\/de\/#organization","name":"Sysmatec","url":"https:\/\/sysmatec.ch\/de\/","logo":{"@type":"ImageObject","inLanguage":"de","@id":"https:\/\/sysmatec.ch\/de\/#\/schema\/logo\/image\/","url":"https:\/\/sysmatec.ch\/wp-content\/uploads\/2018\/11\/LogoSysmatec.jpg","contentUrl":"https:\/\/sysmatec.ch\/wp-content\/uploads\/2018\/11\/LogoSysmatec.jpg","width":301,"height":297,"caption":"Sysmatec"},"image":{"@id":"https:\/\/sysmatec.ch\/de\/#\/schema\/logo\/image\/"}}]}},"_links":{"self":[{"href":"https:\/\/sysmatec.ch\/de\/wp-json\/wp\/v2\/product\/14495","targetHints":{"allow":["GET"]}}],"collection":[{"href":"https:\/\/sysmatec.ch\/de\/wp-json\/wp\/v2\/product"}],"about":[{"href":"https:\/\/sysmatec.ch\/de\/wp-json\/wp\/v2\/types\/product"}],"wp:featuredmedia":[{"embeddable":true,"href":"https:\/\/sysmatec.ch\/de\/wp-json\/wp\/v2\/media\/14494"}],"wp:attachment":[{"href":"https:\/\/sysmatec.ch\/de\/wp-json\/wp\/v2\/media?parent=14495"}],"wp:term":[{"taxonomy":"product_brand","embeddable":true,"href":"https:\/\/sysmatec.ch\/de\/wp-json\/wp\/v2\/product_brand?post=14495"},{"taxonomy":"product_cat","embeddable":true,"href":"https:\/\/sysmatec.ch\/de\/wp-json\/wp\/v2\/product_cat?post=14495"},{"taxonomy":"product_tag","embeddable":true,"href":"https:\/\/sysmatec.ch\/de\/wp-json\/wp\/v2\/product_tag?post=14495"}],"curies":[{"name":"wp","href":"https:\/\/api.w.org\/{rel}","templated":true}]}}