{"id":14486,"date":"2019-12-11T17:55:37","date_gmt":"2019-12-11T17:09:20","guid":{"rendered":"https:\/\/sysmatec.ch\/?post_type=product&#038;p=14486"},"modified":"2022-04-14T14:52:59","modified_gmt":"2022-04-14T12:52:59","slug":"temperaturlogger-tempmate-s2","status":"publish","type":"product","link":"https:\/\/sysmatec.ch\/de\/Produkt\/temperaturlogger-tempmate-s2\/","title":{"rendered":"Temperaturlogger tempmate S2"},"content":{"rendered":"<p>Dieser Temperaturlogger wurde speziell f\u00fcr die \u00dcberwachung temperaturempfindlicher Produkte in der gesamten K\u00fchlkette entwickelt. Kundenspezifische Einstellungen werden direkt ab Werk integriert, sodass jeder Temperaturlogger sofort einsatzbereit ist. Digitale Sensoren messen die Temperatur mit hoher Genauigkeit. Zusammen mit der langen Batterielebensdauer und der intuitiven LED-Statusanzeige ist der tempmate.\u00ae-S2 ein weltweiter Standard in Logistik und Lagerung<\/p>\n<p>Eine Kennzeichnung gem\u00e4\u00df IATA-Gefahrgutvorschriften ist f\u00fcr diesen Temperaturlogger nicht erforderlich. Aktivieren Sie einfach den Temperaturlogger, legen Sie ihn in die Box und pr\u00fcfen Sie den Status \u00fcber intuitive LEDs w\u00e4hrend dem Transport oder nach Erreichen des Endziels. Der automatisch generierte Bericht zeigt genau an, ob und wann der eingestellte Schwellenwert \u00fcberschritten wurde.<\/p>\n<table>\n<tbody>\n<tr>\n<td width=\"30%\">Datenlogger Typ<\/td>\n<td width=\"70%\">Einweg-Temperaturdatenlogger<\/td>\n<\/tr>\n<tr>\n<td>Abmessungen<\/td>\n<td>88\/47\/8 mm (l\/b\/h)<\/td>\n<\/tr>\n<tr>\n<td>Gewicht<\/td>\n<td>15.2 g<\/td>\n<\/tr>\n<tr>\n<td>Schutzklasse<\/td>\n<td>IPE67\/NEMA 6<\/td>\n<\/tr>\n<tr>\n<td>Zertifikate<\/td>\n<td>Gem\u00e4\u00df EN 12830 &amp; gem\u00e4\u00df FCC, CE, RoHS<\/td>\n<\/tr>\n<tr>\n<td>Daten\u00fcbertragung<\/td>\n<td>USB<\/td>\n<\/tr>\n<tr>\n<td>Temperaturbereich<\/td>\n<td>-30\u00b0C bis +70\u00b0C (-22\u00b0F bis 158\u00b0F)<\/td>\n<\/tr>\n<tr>\n<td>Temperatur Genauigkeit<\/td>\n<td>Typische Genauigkeit \u00b10.2\u00b0C (0-60\u00b0C) \u00b10.5 (andere)<\/td>\n<\/tr>\n<tr>\n<td>Temperatur Aufl\u00f6sung<\/td>\n<td>0.1\u00b0C<\/td>\n<\/tr>\n<tr>\n<td>Aufnahme Intervall<\/td>\n<td>\n<div>10 Minuten Standard<\/div>\n<\/td>\n<\/tr>\n<tr>\n<td>Aufnahmedauer<\/td>\n<td>200 Tage Standard<\/td>\n<\/tr>\n<tr>\n<td>Datenspeicher<\/td>\n<td>Max 32 000 Aufzeichnungen<\/td>\n<\/tr>\n<tr>\n<td>Alarmeinstellung<\/td>\n<td>Optional bis zu 6 Grenzwerte<\/td>\n<\/tr>\n<tr>\n<td>Haltbarkeit \/ Batterie<\/td>\n<td>\n<div>min. 24 Monate \/ 2x CR2450 Knopfzelle<\/div>\n<\/td>\n<\/tr>\n<\/tbody>\n<\/table>\n","protected":false},"excerpt":{"rendered":"<p>Einweg Temperaturlogger<\/p>\n","protected":false},"featured_media":27164,"template":"","meta":{"_crdt_document":""},"product_brand":[],"product_cat":[172,173],"product_tag":[],"class_list":{"0":"post-14486","1":"product","2":"type-product","3":"status-publish","4":"has-post-thumbnail","6":"product_cat-einweg-logger","7":"product_cat-temperatur","9":"first","10":"instock","11":"taxable","12":"shipping-taxable","13":"product-type-simple"},"yoast_head":"<!-- This site is optimized with the Yoast SEO plugin v27.3 - https:\/\/yoast.com\/product\/yoast-seo-wordpress\/ -->\n<title>Temperaturlogger tempmate S2 - Sysmatec<\/title>\n<meta name=\"description\" content=\"Einweg-Temperaturlogger. Kompatibel mit IATA-Bestimmungen. Ideal zur \u00dcberwachung der K\u00fchlkette in der Logistik.\" \/>\n<meta name=\"robots\" content=\"index, follow, max-snippet:-1, max-image-preview:large, max-video-preview:-1\" \/>\n<link rel=\"canonical\" href=\"https:\/\/sysmatec.ch\/de\/produit\/temperaturlogger-tempmate-s2\/\" \/>\n<meta property=\"og:locale\" content=\"de_DE\" \/>\n<meta property=\"og:type\" content=\"article\" \/>\n<meta property=\"og:title\" content=\"Temperaturlogger tempmate S2 - Sysmatec\" \/>\n<meta property=\"og:description\" content=\"Einweg-Temperaturlogger. Kompatibel mit IATA-Bestimmungen. Ideal zur \u00dcberwachung der K\u00fchlkette in der Logistik.\" \/>\n<meta property=\"og:url\" content=\"https:\/\/sysmatec.ch\/de\/produit\/temperaturlogger-tempmate-s2\/\" \/>\n<meta property=\"og:site_name\" content=\"Sysmatec\" \/>\n<meta property=\"article:modified_time\" content=\"2022-04-14T12:52:59+00:00\" \/>\n<meta property=\"og:image\" content=\"https:\/\/sysmatec.ch\/wp-content\/uploads\/2019\/12\/Enregistreur_TempmateS2.jpg\" \/>\n\t<meta property=\"og:image:width\" content=\"596\" \/>\n\t<meta property=\"og:image:height\" content=\"369\" \/>\n\t<meta property=\"og:image:type\" content=\"image\/jpeg\" \/>\n<meta name=\"twitter:card\" content=\"summary_large_image\" \/>\n<meta name=\"twitter:label1\" content=\"Gesch\u00e4tzte Lesezeit\" \/>\n\t<meta name=\"twitter:data1\" content=\"1\u00a0Minute\" \/>\n<script type=\"application\/ld+json\" class=\"yoast-schema-graph\">{\"@context\":\"https:\\\/\\\/schema.org\",\"@graph\":[{\"@type\":\"WebPage\",\"@id\":\"https:\\\/\\\/sysmatec.ch\\\/de\\\/produit\\\/temperaturlogger-tempmate-s2\\\/\",\"url\":\"https:\\\/\\\/sysmatec.ch\\\/de\\\/produit\\\/temperaturlogger-tempmate-s2\\\/\",\"name\":\"Temperaturlogger tempmate S2 - Sysmatec\",\"isPartOf\":{\"@id\":\"https:\\\/\\\/sysmatec.ch\\\/de\\\/#website\"},\"primaryImageOfPage\":{\"@id\":\"https:\\\/\\\/sysmatec.ch\\\/de\\\/produit\\\/temperaturlogger-tempmate-s2\\\/#primaryimage\"},\"image\":{\"@id\":\"https:\\\/\\\/sysmatec.ch\\\/de\\\/produit\\\/temperaturlogger-tempmate-s2\\\/#primaryimage\"},\"thumbnailUrl\":\"https:\\\/\\\/sysmatec.ch\\\/wp-content\\\/uploads\\\/2019\\\/12\\\/Enregistreur_TempmateS2.jpg\",\"datePublished\":\"2019-12-11T17:09:20+00:00\",\"dateModified\":\"2022-04-14T12:52:59+00:00\",\"description\":\"Einweg-Temperaturlogger. Kompatibel mit IATA-Bestimmungen. Ideal zur \u00dcberwachung der K\u00fchlkette in der Logistik.\",\"breadcrumb\":{\"@id\":\"https:\\\/\\\/sysmatec.ch\\\/de\\\/produit\\\/temperaturlogger-tempmate-s2\\\/#breadcrumb\"},\"inLanguage\":\"de\",\"potentialAction\":[{\"@type\":\"ReadAction\",\"target\":[\"https:\\\/\\\/sysmatec.ch\\\/de\\\/produit\\\/temperaturlogger-tempmate-s2\\\/\"]}]},{\"@type\":\"ImageObject\",\"inLanguage\":\"de\",\"@id\":\"https:\\\/\\\/sysmatec.ch\\\/de\\\/produit\\\/temperaturlogger-tempmate-s2\\\/#primaryimage\",\"url\":\"https:\\\/\\\/sysmatec.ch\\\/wp-content\\\/uploads\\\/2019\\\/12\\\/Enregistreur_TempmateS2.jpg\",\"contentUrl\":\"https:\\\/\\\/sysmatec.ch\\\/wp-content\\\/uploads\\\/2019\\\/12\\\/Enregistreur_TempmateS2.jpg\",\"width\":596,\"height\":369},{\"@type\":\"BreadcrumbList\",\"@id\":\"https:\\\/\\\/sysmatec.ch\\\/de\\\/produit\\\/temperaturlogger-tempmate-s2\\\/#breadcrumb\",\"itemListElement\":[{\"@type\":\"ListItem\",\"position\":1,\"name\":\"Accueil\",\"item\":\"https:\\\/\\\/sysmatec.ch\\\/de\\\/\"},{\"@type\":\"ListItem\",\"position\":2,\"name\":\"Die Aktivit\u00e4t von Sysmatec\",\"item\":\"https:\\\/\\\/sysmatec.ch\\\/de\\\/\"},{\"@type\":\"ListItem\",\"position\":3,\"name\":\"Temperaturlogger tempmate S2\"}]},{\"@type\":\"WebSite\",\"@id\":\"https:\\\/\\\/sysmatec.ch\\\/de\\\/#website\",\"url\":\"https:\\\/\\\/sysmatec.ch\\\/de\\\/\",\"name\":\"Sysmatec\",\"description\":\"Equipement de laboratoire et logiciels\",\"publisher\":{\"@id\":\"https:\\\/\\\/sysmatec.ch\\\/de\\\/#organization\"},\"potentialAction\":[{\"@type\":\"SearchAction\",\"target\":{\"@type\":\"EntryPoint\",\"urlTemplate\":\"https:\\\/\\\/sysmatec.ch\\\/de\\\/?s={search_term_string}\"},\"query-input\":{\"@type\":\"PropertyValueSpecification\",\"valueRequired\":true,\"valueName\":\"search_term_string\"}}],\"inLanguage\":\"de\"},{\"@type\":\"Organization\",\"@id\":\"https:\\\/\\\/sysmatec.ch\\\/de\\\/#organization\",\"name\":\"Sysmatec\",\"url\":\"https:\\\/\\\/sysmatec.ch\\\/de\\\/\",\"logo\":{\"@type\":\"ImageObject\",\"inLanguage\":\"de\",\"@id\":\"https:\\\/\\\/sysmatec.ch\\\/de\\\/#\\\/schema\\\/logo\\\/image\\\/\",\"url\":\"https:\\\/\\\/sysmatec.ch\\\/wp-content\\\/uploads\\\/2018\\\/11\\\/LogoSysmatec.jpg\",\"contentUrl\":\"https:\\\/\\\/sysmatec.ch\\\/wp-content\\\/uploads\\\/2018\\\/11\\\/LogoSysmatec.jpg\",\"width\":301,\"height\":297,\"caption\":\"Sysmatec\"},\"image\":{\"@id\":\"https:\\\/\\\/sysmatec.ch\\\/de\\\/#\\\/schema\\\/logo\\\/image\\\/\"}}]}<\/script>\n<!-- \/ Yoast SEO plugin. -->","yoast_head_json":{"title":"Temperaturlogger tempmate S2 - Sysmatec","description":"Einweg-Temperaturlogger. Kompatibel mit IATA-Bestimmungen. Ideal zur \u00dcberwachung der K\u00fchlkette in der Logistik.","robots":{"index":"index","follow":"follow","max-snippet":"max-snippet:-1","max-image-preview":"max-image-preview:large","max-video-preview":"max-video-preview:-1"},"canonical":"https:\/\/sysmatec.ch\/de\/produit\/temperaturlogger-tempmate-s2\/","og_locale":"de_DE","og_type":"article","og_title":"Temperaturlogger tempmate S2 - Sysmatec","og_description":"Einweg-Temperaturlogger. Kompatibel mit IATA-Bestimmungen. Ideal zur \u00dcberwachung der K\u00fchlkette in der Logistik.","og_url":"https:\/\/sysmatec.ch\/de\/produit\/temperaturlogger-tempmate-s2\/","og_site_name":"Sysmatec","article_modified_time":"2022-04-14T12:52:59+00:00","og_image":[{"width":596,"height":369,"url":"https:\/\/sysmatec.ch\/wp-content\/uploads\/2019\/12\/Enregistreur_TempmateS2.jpg","type":"image\/jpeg"}],"twitter_card":"summary_large_image","twitter_misc":{"Gesch\u00e4tzte Lesezeit":"1\u00a0Minute"},"schema":{"@context":"https:\/\/schema.org","@graph":[{"@type":"WebPage","@id":"https:\/\/sysmatec.ch\/de\/produit\/temperaturlogger-tempmate-s2\/","url":"https:\/\/sysmatec.ch\/de\/produit\/temperaturlogger-tempmate-s2\/","name":"Temperaturlogger tempmate S2 - Sysmatec","isPartOf":{"@id":"https:\/\/sysmatec.ch\/de\/#website"},"primaryImageOfPage":{"@id":"https:\/\/sysmatec.ch\/de\/produit\/temperaturlogger-tempmate-s2\/#primaryimage"},"image":{"@id":"https:\/\/sysmatec.ch\/de\/produit\/temperaturlogger-tempmate-s2\/#primaryimage"},"thumbnailUrl":"https:\/\/sysmatec.ch\/wp-content\/uploads\/2019\/12\/Enregistreur_TempmateS2.jpg","datePublished":"2019-12-11T17:09:20+00:00","dateModified":"2022-04-14T12:52:59+00:00","description":"Einweg-Temperaturlogger. Kompatibel mit IATA-Bestimmungen. Ideal zur \u00dcberwachung der K\u00fchlkette in der Logistik.","breadcrumb":{"@id":"https:\/\/sysmatec.ch\/de\/produit\/temperaturlogger-tempmate-s2\/#breadcrumb"},"inLanguage":"de","potentialAction":[{"@type":"ReadAction","target":["https:\/\/sysmatec.ch\/de\/produit\/temperaturlogger-tempmate-s2\/"]}]},{"@type":"ImageObject","inLanguage":"de","@id":"https:\/\/sysmatec.ch\/de\/produit\/temperaturlogger-tempmate-s2\/#primaryimage","url":"https:\/\/sysmatec.ch\/wp-content\/uploads\/2019\/12\/Enregistreur_TempmateS2.jpg","contentUrl":"https:\/\/sysmatec.ch\/wp-content\/uploads\/2019\/12\/Enregistreur_TempmateS2.jpg","width":596,"height":369},{"@type":"BreadcrumbList","@id":"https:\/\/sysmatec.ch\/de\/produit\/temperaturlogger-tempmate-s2\/#breadcrumb","itemListElement":[{"@type":"ListItem","position":1,"name":"Accueil","item":"https:\/\/sysmatec.ch\/de\/"},{"@type":"ListItem","position":2,"name":"Die Aktivit\u00e4t von Sysmatec","item":"https:\/\/sysmatec.ch\/de\/"},{"@type":"ListItem","position":3,"name":"Temperaturlogger tempmate S2"}]},{"@type":"WebSite","@id":"https:\/\/sysmatec.ch\/de\/#website","url":"https:\/\/sysmatec.ch\/de\/","name":"Sysmatec","description":"Equipement de laboratoire et logiciels","publisher":{"@id":"https:\/\/sysmatec.ch\/de\/#organization"},"potentialAction":[{"@type":"SearchAction","target":{"@type":"EntryPoint","urlTemplate":"https:\/\/sysmatec.ch\/de\/?s={search_term_string}"},"query-input":{"@type":"PropertyValueSpecification","valueRequired":true,"valueName":"search_term_string"}}],"inLanguage":"de"},{"@type":"Organization","@id":"https:\/\/sysmatec.ch\/de\/#organization","name":"Sysmatec","url":"https:\/\/sysmatec.ch\/de\/","logo":{"@type":"ImageObject","inLanguage":"de","@id":"https:\/\/sysmatec.ch\/de\/#\/schema\/logo\/image\/","url":"https:\/\/sysmatec.ch\/wp-content\/uploads\/2018\/11\/LogoSysmatec.jpg","contentUrl":"https:\/\/sysmatec.ch\/wp-content\/uploads\/2018\/11\/LogoSysmatec.jpg","width":301,"height":297,"caption":"Sysmatec"},"image":{"@id":"https:\/\/sysmatec.ch\/de\/#\/schema\/logo\/image\/"}}]}},"_links":{"self":[{"href":"https:\/\/sysmatec.ch\/de\/wp-json\/wp\/v2\/product\/14486","targetHints":{"allow":["GET"]}}],"collection":[{"href":"https:\/\/sysmatec.ch\/de\/wp-json\/wp\/v2\/product"}],"about":[{"href":"https:\/\/sysmatec.ch\/de\/wp-json\/wp\/v2\/types\/product"}],"wp:featuredmedia":[{"embeddable":true,"href":"https:\/\/sysmatec.ch\/de\/wp-json\/wp\/v2\/media\/27164"}],"wp:attachment":[{"href":"https:\/\/sysmatec.ch\/de\/wp-json\/wp\/v2\/media?parent=14486"}],"wp:term":[{"taxonomy":"product_brand","embeddable":true,"href":"https:\/\/sysmatec.ch\/de\/wp-json\/wp\/v2\/product_brand?post=14486"},{"taxonomy":"product_cat","embeddable":true,"href":"https:\/\/sysmatec.ch\/de\/wp-json\/wp\/v2\/product_cat?post=14486"},{"taxonomy":"product_tag","embeddable":true,"href":"https:\/\/sysmatec.ch\/de\/wp-json\/wp\/v2\/product_tag?post=14486"}],"curies":[{"name":"wp","href":"https:\/\/api.w.org\/{rel}","templated":true}]}}