{"id":14474,"date":"2019-12-11T13:11:36","date_gmt":"2019-12-11T12:23:41","guid":{"rendered":"https:\/\/sysmatec.ch\/?post_type=product&#038;p=14474"},"modified":"2021-12-06T09:21:18","modified_gmt":"2021-12-06T08:21:18","slug":"uv-vis-nano-spektrophotometer-nabi","status":"publish","type":"product","link":"https:\/\/sysmatec.ch\/de\/Produkt\/uv-vis-nano-spektrophotometer-nabi\/","title":{"rendered":"UV\/Vis Nano Spektrophotometer Nabi"},"content":{"rendered":"<p>Das Nabi-UV \/ Vis-Nano-Spektralphotometer ist ein Miniatur-Spektralphotometer, mit dem K\u00fcvetten- und Mikrovolumenproben gemessen werden k\u00f6nnen. Mit Hilfe der Spektrometertechnologie k\u00f6nnen sowohl einzelne Wellenl\u00e4ngen als auch Spektren genau und bequem gemessen und analysiert werden.<\/p>\n<p>Es handelt sich um ein eigenst\u00e4ndiges System mit einem 7-Zoll-Touchscreen-LCD. Eine einfache Datensicherung \u00fcber USB ist m\u00f6glich.<\/p>\n<p>&#8211; K\u00fcvetten- und Mikrovolumenprobe<\/p>\n<p>&#8211; Messung von Einzelwellenl\u00e4ngen sowie Spektrumanalyse mit Spektrometertechnologie<\/p>\n<p>&#8211; Einfaches und miniaturisiertes Design<\/p>\n<p>&#8211; Eigenst\u00e4ndiges System mit benutzerfreundlichem 7-Zoll-LCD-Touchscreen<\/p>\n<p>&#8211; Einfache Datensicherung \u00fcber USB- Modi: DNA \/ RNA, Protein, Zellen, Endpunkt, Kinetik, Spektrum<\/p>\n<div class=\"subTitle\">Beschreibung<\/div>\n<div class=\"tableWrap\">\n<table>\n<tbody>\n<tr>\n<td class=\"gu2\">Lichtquelle<\/td>\n<td class=\"gu3\">Xenon Flash Lamp<\/td>\n<\/tr>\n<tr>\n<td class=\"gu2\">Detektor<\/td>\n<td class=\"gu3\">CCD (2,048 Pixels), (Referenzstrahl m\u00f6glich)<\/td>\n<\/tr>\n<tr>\n<td class=\"gu2\">Wellenl\u00e4nge Genauigkeit<\/td>\n<td class=\"gu3\">\u00b11 nm<\/td>\n<\/tr>\n<tr>\n<td class=\"gu2\"><span style=\"display: inline !important; float: none; background-color: #ffffff; color: #333333; cursor: text; font-family: Georgia,'Times New Roman','Bitstream Charter',Times,serif; font-size: 16px; font-style: normal; font-variant: normal; font-weight: 400; letter-spacing: normal; orphans: 2; text-align: left; text-decoration: none; text-indent: 0px; text-transform: none; -webkit-text-stroke-width: 0px; white-space: normal; word-spacing: 0px;\">Wellenl\u00e4nge <\/span>Bereich<\/td>\n<td class=\"gu3\">190 \u2013 1,100 nm<\/td>\n<\/tr>\n<tr>\n<td class=\"gu2\">Spektrale Aufl\u00f6sung<\/td>\n<td class=\"gu3\">0.3 nm<\/td>\n<\/tr>\n<tr>\n<td class=\"gu2\">Dimension<\/td>\n<td class=\"gu3\">220 x 280 x 220 mm<br \/>\n8.6 x 11.0 x 8.6 in<\/td>\n<\/tr>\n<tr>\n<td class=\"gu2\">Gewicht<\/td>\n<td class=\"gu3\">5 kg<\/td>\n<\/tr>\n<tr>\n<td class=\"gu2\">Spannung<\/td>\n<td class=\"gu3\">100 \u2013 240 V, 50 \u2013 60 Hz<\/td>\n<\/tr>\n<tr>\n<td class=\"gu2\">Stromverbrauch<\/td>\n<td class=\"gu3\">80 \u2013 100 W<\/td>\n<\/tr>\n<tr>\n<td class=\"gu2\">Garantie<\/td>\n<td class=\"gu3\">1 Year<\/td>\n<\/tr>\n<tr>\n<td class=\"gu2\">LCD Touch Panel<\/td>\n<td class=\"gu3\">7.0 in<\/td>\n<\/tr>\n<\/tbody>\n<\/table>\n<\/div>\n<div class=\"subTitle\">Nano Volum Beschreibung<\/div>\n<div class=\"tableWrap\">\n<table>\n<tbody>\n<tr>\n<td class=\"gu2\">Absorbance Genauigkeit<\/td>\n<td class=\"gu3\">1% bei 100 ng\/\u00b5l<\/td>\n<\/tr>\n<tr>\n<td class=\"gu2\">Absorbance Bereich<\/td>\n<td class=\"gu3\">0 \u2013 300 Abs. (10 nm equivalent)<\/td>\n<\/tr>\n<tr>\n<td class=\"gu2\">Detektionsgrenze<\/td>\n<td class=\"gu3\">2 ng\/\u00b5l (dsDNA)<\/td>\n<\/tr>\n<tr>\n<td class=\"gu2\">Maximale Konzentration<\/td>\n<td class=\"gu3\">15,000 ng\/\u00b5l (dsDNA)<\/td>\n<\/tr>\n<tr>\n<td class=\"gu2\">Messdauer<\/td>\n<td class=\"gu3\">5 Sek.<\/td>\n<\/tr>\n<tr>\n<td class=\"gu2\">Minimum Muster Volum<\/td>\n<td class=\"gu3\">1 \u00b5l<\/td>\n<\/tr>\n<tr>\n<td class=\"gu2\">Path L\u00e4nge<\/td>\n<td class=\"gu3\">0.01 \u2013 1.2 mm (Auto-ranging)<\/td>\n<\/tr>\n<\/tbody>\n<\/table>\n<\/div>\n<div class=\"subTitle\">Kuvette Beschreibung<\/div>\n<div class=\"tableWrap\">\n<table>\n<tbody>\n<tr>\n<td class=\"gu2\">Strahlh\u00f6he<\/td>\n<td class=\"gu3\">8.5 mm<\/td>\n<\/tr>\n<tr>\n<td class=\"gu2\">Absorbance Bereich<\/td>\n<td class=\"gu3\">0.002 \u2013 2.0 Abs.<\/td>\n<\/tr>\n<tr>\n<td class=\"gu2\"><span style=\"display: inline !important; float: none; background-color: #ffffff; color: #333333; cursor: text; font-family: Georgia,'Times New Roman','Bitstream Charter',Times,serif; font-size: 16px; font-style: normal; font-variant: normal; font-weight: 400; letter-spacing: normal; orphans: 2; text-align: left; text-decoration: none; text-indent: 0px; text-transform: none; -webkit-text-stroke-width: 0px; white-space: normal; word-spacing: 0px;\">Messdauer<\/span><\/td>\n<td class=\"gu3\">3 Sek.<\/td>\n<\/tr>\n<\/tbody>\n<\/table>\n<\/div>\n","protected":false},"excerpt":{"rendered":"<p>UV\/Vis Nano Spektrophotometer. <span class=\"VIiyi\" lang=\"de\"><span class=\"JLqJ4b ChMk0b\" data-language-for-alternatives=\"de\" data-language-to-translate-into=\"fr\" data-phrase-index=\"4\" data-number-of-phrases=\"5\">Mikrovolumen-Spektrophotometer<\/span><\/span><\/p>\n","protected":false},"featured_media":14468,"template":"","meta":{"_crdt_document":""},"product_brand":[],"product_cat":[224],"product_tag":[],"class_list":{"0":"post-14474","1":"product","2":"type-product","3":"status-publish","4":"has-post-thumbnail","6":"product_cat-spektrophotometer","8":"first","9":"instock","10":"taxable","11":"shipping-taxable","12":"product-type-simple"},"yoast_head":"<!-- This site is optimized with the Yoast SEO plugin v27.4 - https:\/\/yoast.com\/product\/yoast-seo-wordpress\/ -->\n<title>UV\/Vis Nano Spektrophotometer Nabi - Sysmatec<\/title>\n<meta name=\"description\" content=\"Spektralphotometer f\u00fcr sehr kleine Probenvolumina. Spektralbereich 190-1100 nm. F\u00fcr Muster Volumina ab 1 \u00b5L.\" \/>\n<meta name=\"robots\" content=\"index, follow, max-snippet:-1, max-image-preview:large, max-video-preview:-1\" \/>\n<link rel=\"canonical\" href=\"https:\/\/sysmatec.ch\/de\/produit\/uv-vis-nano-spektrophotometer-nabi\/\" \/>\n<meta property=\"og:locale\" content=\"de_DE\" \/>\n<meta property=\"og:type\" content=\"article\" \/>\n<meta property=\"og:title\" content=\"UV\/Vis Nano Spektrophotometer Nabi - Sysmatec\" \/>\n<meta property=\"og:description\" content=\"Spektralphotometer f\u00fcr sehr kleine Probenvolumina. Spektralbereich 190-1100 nm. F\u00fcr Muster Volumina ab 1 \u00b5L.\" \/>\n<meta property=\"og:url\" content=\"https:\/\/sysmatec.ch\/de\/produit\/uv-vis-nano-spektrophotometer-nabi\/\" \/>\n<meta property=\"og:site_name\" content=\"Sysmatec\" \/>\n<meta property=\"article:modified_time\" content=\"2021-12-06T08:21:18+00:00\" \/>\n<meta property=\"og:image\" content=\"https:\/\/sysmatec.ch\/wp-content\/uploads\/2019\/12\/Spectrophotometre_Nabi.jpg\" \/>\n\t<meta property=\"og:image:width\" content=\"355\" \/>\n\t<meta property=\"og:image:height\" content=\"367\" \/>\n\t<meta property=\"og:image:type\" content=\"image\/jpeg\" \/>\n<meta name=\"twitter:card\" content=\"summary_large_image\" \/>\n<meta name=\"twitter:label1\" content=\"Gesch\u00e4tzte Lesezeit\" \/>\n\t<meta name=\"twitter:data1\" content=\"1\u00a0Minute\" \/>\n<script type=\"application\/ld+json\" class=\"yoast-schema-graph\">{\"@context\":\"https:\\\/\\\/schema.org\",\"@graph\":[{\"@type\":\"WebPage\",\"@id\":\"https:\\\/\\\/sysmatec.ch\\\/de\\\/produit\\\/uv-vis-nano-spektrophotometer-nabi\\\/\",\"url\":\"https:\\\/\\\/sysmatec.ch\\\/de\\\/produit\\\/uv-vis-nano-spektrophotometer-nabi\\\/\",\"name\":\"UV\\\/Vis Nano Spektrophotometer Nabi - Sysmatec\",\"isPartOf\":{\"@id\":\"https:\\\/\\\/sysmatec.ch\\\/de\\\/#website\"},\"primaryImageOfPage\":{\"@id\":\"https:\\\/\\\/sysmatec.ch\\\/de\\\/produit\\\/uv-vis-nano-spektrophotometer-nabi\\\/#primaryimage\"},\"image\":{\"@id\":\"https:\\\/\\\/sysmatec.ch\\\/de\\\/produit\\\/uv-vis-nano-spektrophotometer-nabi\\\/#primaryimage\"},\"thumbnailUrl\":\"https:\\\/\\\/sysmatec.ch\\\/wp-content\\\/uploads\\\/2019\\\/12\\\/Spectrophotometre_Nabi.jpg\",\"datePublished\":\"2019-12-11T12:23:41+00:00\",\"dateModified\":\"2021-12-06T08:21:18+00:00\",\"description\":\"Spektralphotometer f\u00fcr sehr kleine Probenvolumina. Spektralbereich 190-1100 nm. F\u00fcr Muster Volumina ab 1 \u00b5L.\",\"breadcrumb\":{\"@id\":\"https:\\\/\\\/sysmatec.ch\\\/de\\\/produit\\\/uv-vis-nano-spektrophotometer-nabi\\\/#breadcrumb\"},\"inLanguage\":\"de\",\"potentialAction\":[{\"@type\":\"ReadAction\",\"target\":[\"https:\\\/\\\/sysmatec.ch\\\/de\\\/produit\\\/uv-vis-nano-spektrophotometer-nabi\\\/\"]}]},{\"@type\":\"ImageObject\",\"inLanguage\":\"de\",\"@id\":\"https:\\\/\\\/sysmatec.ch\\\/de\\\/produit\\\/uv-vis-nano-spektrophotometer-nabi\\\/#primaryimage\",\"url\":\"https:\\\/\\\/sysmatec.ch\\\/wp-content\\\/uploads\\\/2019\\\/12\\\/Spectrophotometre_Nabi.jpg\",\"contentUrl\":\"https:\\\/\\\/sysmatec.ch\\\/wp-content\\\/uploads\\\/2019\\\/12\\\/Spectrophotometre_Nabi.jpg\",\"width\":355,\"height\":367},{\"@type\":\"BreadcrumbList\",\"@id\":\"https:\\\/\\\/sysmatec.ch\\\/de\\\/produit\\\/uv-vis-nano-spektrophotometer-nabi\\\/#breadcrumb\",\"itemListElement\":[{\"@type\":\"ListItem\",\"position\":1,\"name\":\"Accueil\",\"item\":\"https:\\\/\\\/sysmatec.ch\\\/de\\\/\"},{\"@type\":\"ListItem\",\"position\":2,\"name\":\"Die Aktivit\u00e4t von Sysmatec\",\"item\":\"https:\\\/\\\/sysmatec.ch\\\/de\\\/\"},{\"@type\":\"ListItem\",\"position\":3,\"name\":\"UV\\\/Vis Nano Spektrophotometer Nabi\"}]},{\"@type\":\"WebSite\",\"@id\":\"https:\\\/\\\/sysmatec.ch\\\/de\\\/#website\",\"url\":\"https:\\\/\\\/sysmatec.ch\\\/de\\\/\",\"name\":\"Sysmatec\",\"description\":\"Equipement de laboratoire et logiciels\",\"publisher\":{\"@id\":\"https:\\\/\\\/sysmatec.ch\\\/de\\\/#organization\"},\"potentialAction\":[{\"@type\":\"SearchAction\",\"target\":{\"@type\":\"EntryPoint\",\"urlTemplate\":\"https:\\\/\\\/sysmatec.ch\\\/de\\\/?s={search_term_string}\"},\"query-input\":{\"@type\":\"PropertyValueSpecification\",\"valueRequired\":true,\"valueName\":\"search_term_string\"}}],\"inLanguage\":\"de\"},{\"@type\":\"Organization\",\"@id\":\"https:\\\/\\\/sysmatec.ch\\\/de\\\/#organization\",\"name\":\"Sysmatec\",\"url\":\"https:\\\/\\\/sysmatec.ch\\\/de\\\/\",\"logo\":{\"@type\":\"ImageObject\",\"inLanguage\":\"de\",\"@id\":\"https:\\\/\\\/sysmatec.ch\\\/de\\\/#\\\/schema\\\/logo\\\/image\\\/\",\"url\":\"https:\\\/\\\/sysmatec.ch\\\/wp-content\\\/uploads\\\/2018\\\/11\\\/LogoSysmatec.jpg\",\"contentUrl\":\"https:\\\/\\\/sysmatec.ch\\\/wp-content\\\/uploads\\\/2018\\\/11\\\/LogoSysmatec.jpg\",\"width\":301,\"height\":297,\"caption\":\"Sysmatec\"},\"image\":{\"@id\":\"https:\\\/\\\/sysmatec.ch\\\/de\\\/#\\\/schema\\\/logo\\\/image\\\/\"}}]}<\/script>\n<!-- \/ Yoast SEO plugin. -->","yoast_head_json":{"title":"UV\/Vis Nano Spektrophotometer Nabi - Sysmatec","description":"Spektralphotometer f\u00fcr sehr kleine Probenvolumina. Spektralbereich 190-1100 nm. F\u00fcr Muster Volumina ab 1 \u00b5L.","robots":{"index":"index","follow":"follow","max-snippet":"max-snippet:-1","max-image-preview":"max-image-preview:large","max-video-preview":"max-video-preview:-1"},"canonical":"https:\/\/sysmatec.ch\/de\/produit\/uv-vis-nano-spektrophotometer-nabi\/","og_locale":"de_DE","og_type":"article","og_title":"UV\/Vis Nano Spektrophotometer Nabi - Sysmatec","og_description":"Spektralphotometer f\u00fcr sehr kleine Probenvolumina. Spektralbereich 190-1100 nm. F\u00fcr Muster Volumina ab 1 \u00b5L.","og_url":"https:\/\/sysmatec.ch\/de\/produit\/uv-vis-nano-spektrophotometer-nabi\/","og_site_name":"Sysmatec","article_modified_time":"2021-12-06T08:21:18+00:00","og_image":[{"width":355,"height":367,"url":"https:\/\/sysmatec.ch\/wp-content\/uploads\/2019\/12\/Spectrophotometre_Nabi.jpg","type":"image\/jpeg"}],"twitter_card":"summary_large_image","twitter_misc":{"Gesch\u00e4tzte Lesezeit":"1\u00a0Minute"},"schema":{"@context":"https:\/\/schema.org","@graph":[{"@type":"WebPage","@id":"https:\/\/sysmatec.ch\/de\/produit\/uv-vis-nano-spektrophotometer-nabi\/","url":"https:\/\/sysmatec.ch\/de\/produit\/uv-vis-nano-spektrophotometer-nabi\/","name":"UV\/Vis Nano Spektrophotometer Nabi - Sysmatec","isPartOf":{"@id":"https:\/\/sysmatec.ch\/de\/#website"},"primaryImageOfPage":{"@id":"https:\/\/sysmatec.ch\/de\/produit\/uv-vis-nano-spektrophotometer-nabi\/#primaryimage"},"image":{"@id":"https:\/\/sysmatec.ch\/de\/produit\/uv-vis-nano-spektrophotometer-nabi\/#primaryimage"},"thumbnailUrl":"https:\/\/sysmatec.ch\/wp-content\/uploads\/2019\/12\/Spectrophotometre_Nabi.jpg","datePublished":"2019-12-11T12:23:41+00:00","dateModified":"2021-12-06T08:21:18+00:00","description":"Spektralphotometer f\u00fcr sehr kleine Probenvolumina. Spektralbereich 190-1100 nm. F\u00fcr Muster Volumina ab 1 \u00b5L.","breadcrumb":{"@id":"https:\/\/sysmatec.ch\/de\/produit\/uv-vis-nano-spektrophotometer-nabi\/#breadcrumb"},"inLanguage":"de","potentialAction":[{"@type":"ReadAction","target":["https:\/\/sysmatec.ch\/de\/produit\/uv-vis-nano-spektrophotometer-nabi\/"]}]},{"@type":"ImageObject","inLanguage":"de","@id":"https:\/\/sysmatec.ch\/de\/produit\/uv-vis-nano-spektrophotometer-nabi\/#primaryimage","url":"https:\/\/sysmatec.ch\/wp-content\/uploads\/2019\/12\/Spectrophotometre_Nabi.jpg","contentUrl":"https:\/\/sysmatec.ch\/wp-content\/uploads\/2019\/12\/Spectrophotometre_Nabi.jpg","width":355,"height":367},{"@type":"BreadcrumbList","@id":"https:\/\/sysmatec.ch\/de\/produit\/uv-vis-nano-spektrophotometer-nabi\/#breadcrumb","itemListElement":[{"@type":"ListItem","position":1,"name":"Accueil","item":"https:\/\/sysmatec.ch\/de\/"},{"@type":"ListItem","position":2,"name":"Die Aktivit\u00e4t von Sysmatec","item":"https:\/\/sysmatec.ch\/de\/"},{"@type":"ListItem","position":3,"name":"UV\/Vis Nano Spektrophotometer Nabi"}]},{"@type":"WebSite","@id":"https:\/\/sysmatec.ch\/de\/#website","url":"https:\/\/sysmatec.ch\/de\/","name":"Sysmatec","description":"Equipement de laboratoire et logiciels","publisher":{"@id":"https:\/\/sysmatec.ch\/de\/#organization"},"potentialAction":[{"@type":"SearchAction","target":{"@type":"EntryPoint","urlTemplate":"https:\/\/sysmatec.ch\/de\/?s={search_term_string}"},"query-input":{"@type":"PropertyValueSpecification","valueRequired":true,"valueName":"search_term_string"}}],"inLanguage":"de"},{"@type":"Organization","@id":"https:\/\/sysmatec.ch\/de\/#organization","name":"Sysmatec","url":"https:\/\/sysmatec.ch\/de\/","logo":{"@type":"ImageObject","inLanguage":"de","@id":"https:\/\/sysmatec.ch\/de\/#\/schema\/logo\/image\/","url":"https:\/\/sysmatec.ch\/wp-content\/uploads\/2018\/11\/LogoSysmatec.jpg","contentUrl":"https:\/\/sysmatec.ch\/wp-content\/uploads\/2018\/11\/LogoSysmatec.jpg","width":301,"height":297,"caption":"Sysmatec"},"image":{"@id":"https:\/\/sysmatec.ch\/de\/#\/schema\/logo\/image\/"}}]}},"_links":{"self":[{"href":"https:\/\/sysmatec.ch\/de\/wp-json\/wp\/v2\/product\/14474","targetHints":{"allow":["GET"]}}],"collection":[{"href":"https:\/\/sysmatec.ch\/de\/wp-json\/wp\/v2\/product"}],"about":[{"href":"https:\/\/sysmatec.ch\/de\/wp-json\/wp\/v2\/types\/product"}],"wp:featuredmedia":[{"embeddable":true,"href":"https:\/\/sysmatec.ch\/de\/wp-json\/wp\/v2\/media\/14468"}],"wp:attachment":[{"href":"https:\/\/sysmatec.ch\/de\/wp-json\/wp\/v2\/media?parent=14474"}],"wp:term":[{"taxonomy":"product_brand","embeddable":true,"href":"https:\/\/sysmatec.ch\/de\/wp-json\/wp\/v2\/product_brand?post=14474"},{"taxonomy":"product_cat","embeddable":true,"href":"https:\/\/sysmatec.ch\/de\/wp-json\/wp\/v2\/product_cat?post=14474"},{"taxonomy":"product_tag","embeddable":true,"href":"https:\/\/sysmatec.ch\/de\/wp-json\/wp\/v2\/product_tag?post=14474"}],"curies":[{"name":"wp","href":"https:\/\/api.w.org\/{rel}","templated":true}]}}