{"id":14451,"date":"2019-12-10T10:07:22","date_gmt":"2019-12-10T10:02:19","guid":{"rendered":"https:\/\/sysmatec.ch\/?post_type=product&#038;p=14451"},"modified":"2021-12-06T09:29:47","modified_gmt":"2021-12-06T08:29:47","slug":"multifunktion-datenlogger","status":"publish","type":"product","link":"https:\/\/sysmatec.ch\/de\/Produkt\/multifunktion-datenlogger\/","title":{"rendered":"Multifunktion Datenlogger"},"content":{"rendered":"<p>Die EL-SIE-Serie umfasst Modelle, die Umgebungstemperatur, Luftfeuchtigkeit und Luftdruck messen und jeweils \u00fcber 1 Million Messwerte in ihrem schlanken, aber robusten Metallgeh\u00e4use speichern k\u00f6nnen. EL-SIE verwendet Standard-AAA-Batterien und die typische Batterielebensdauer betr\u00e4gt mehr als 1 Jahr.<\/p>\n<p>Die Software ist im Ger\u00e4t vorhanden. Es bedeutet, dass auf Ihrem PC oder Mac nichts installiert werden muss. Die gesamte Software, die zum Konfigurieren Ihres EL-SIE sowie zum Anzeigen und Analysieren der protokollierten Daten erforderlich ist, ist im Produkt selbst enthalten. Schlie\u00dfen Sie den Logger einfach mit einem USB-Kabel an Ihren PC oder Mac an, \u00f6ffnen Sie einen beliebigen Webbrowser und geben Sie in der Adressleiste \u201ehttp: \/\/EasyLog.local\u201c ein. Es ist keine Internetverbindung erforderlich, und Sie k\u00f6nnen diese Adresse wie gewohnt in Ihren Lesezeichen oder Favoriten speichern.<\/p>\n<p>W\u00e4hlen Sie zwischen sofortiger, verz\u00f6gerter, ausgel\u00f6ster oder Push-to-Start-Protokollierung. Das Display zeigt aktuelle, maximale und minimale Messwerte an und drei farbige LEDs zeigen den Ger\u00e4testatus auf einen Blick an. Alarme k\u00f6nnen vom Benutzer vollst\u00e4ndig konfiguriert werden. Die Funktionen umfassen kumulative Alarme, Voralarme, eine Verz\u00f6gerung vor dem Ausl\u00f6sen des Alarms und eine Option zum Halten des Alarms. Aufgezeichnete Daten k\u00f6nnen auf Ihren Computer heruntergeladen oder in ein EasyLog Cloud-Konto hochgeladen werden, um sie sicher zu speichern und leistungsstark zu analysieren.<\/p>\n<h2>Verschiedene Datenlogger Versionen<\/h2>\n<p>EL-SIE6 +: Temperatur + Luftfeuchtigkeit + Druck<\/p>\n<p>EL-SIE2 +: Temperatur + Luftfeuchtigkeit mit hoher Genauigkeit<\/p>\n<p>EL-SIE2: Temperatur + Luftfeuchtigkeit<\/p>\n<p>EL-SIE1 +: Temperatur mit hoher Genauigkeit<\/p>\n<p>EL-SIE1: Temperatur<\/p>\n<h2>Datenloggerparameter Beschreibung<\/h2>\n<table width=\"294\">\n<tbody>\n<tr>\n<td width=\"214\">Temperatur Bereich<\/td>\n<td width=\"80\">-18 bis 55 \u00b0C<\/td>\n<\/tr>\n<tr>\n<td>Temperatur Aufl\u00f6sung<\/td>\n<td>0.01 \u00b0C<\/td>\n<\/tr>\n<tr>\n<td>Temperatur Genauigkeit<\/td>\n<td>+\/- 0.2 \u00b0C typisch<\/td>\n<\/tr>\n<tr>\n<td>Temperatur Langzeitstabilit\u00e4t<\/td>\n<td>&lt;0.03 \u00b0C\/Jahr<\/td>\n<\/tr>\n<tr>\n<td>Temperatur Einheit<\/td>\n<td>\u00b0C, \u00b0F oder K<\/td>\n<\/tr>\n<tr>\n<td>Relative Feuchte Bereich<\/td>\n<td>0 bis 100 RH<\/td>\n<\/tr>\n<tr>\n<td>Relative Feuchte Aufl\u00f6sung<\/td>\n<td>0.10%<\/td>\n<\/tr>\n<tr>\n<td>Relative Feuchte Genauigkeit<\/td>\n<td>1.5 % typisch(0-80 % RH)<\/td>\n<\/tr>\n<tr>\n<td>Relative Feuchte Langzeitstabilit\u00e4t<\/td>\n<td>&lt;0.25 % RH \/ Jahr typisch<\/td>\n<\/tr>\n<tr>\n<td>Taupunkt Genauigkeit<\/td>\n<td>1.5 \u00b0C (40 bis 100 % RH)<\/td>\n<\/tr>\n<tr>\n<td>Druck Bereich<\/td>\n<td>300 bis 100 mbar<\/td>\n<\/tr>\n<tr>\n<td>Druck Aufl\u00f6sung(Daten)<\/td>\n<td>0.01 mbar<\/td>\n<\/tr>\n<tr>\n<td>Druck Aufl\u00f6sung(Anzeige)<\/td>\n<td>0.1 mbar<\/td>\n<\/tr>\n<tr>\n<td>Druck Genauigkeit<\/td>\n<td>+\/- 1 mbar<\/td>\n<\/tr>\n<tr>\n<td>Druck Antwortzeit<\/td>\n<td>&lt;10 Sek<\/td>\n<\/tr>\n<tr>\n<td>Druck long Langzeitstabilit\u00e4t<\/td>\n<td>+\/- mbar<\/td>\n<\/tr>\n<tr>\n<td>Druck Einheit<\/td>\n<td>mbar, hPa, mm Hg, inHg, psi<\/td>\n<\/tr>\n<tr>\n<td>Logging Geschwindigkeit<\/td>\n<td>10 Sek. bis 24 STd<\/td>\n<\/tr>\n<tr>\n<td>Startmodi<\/td>\n<td>sofort, push to start,Zum Starten dr\u00fccken, verz\u00f6gerter Start, Parameter ausgel\u00f6st<\/td>\n<\/tr>\n<tr>\n<td>Speicher<\/td>\n<td>\u00fcber 1 000 000 Total Messungen&gt;500 000 Punkte \/ Kanal<\/td>\n<\/tr>\n<tr>\n<td>Stromquelle<\/td>\n<td>2 x AAA 1.5V Battrien<\/td>\n<\/tr>\n<tr>\n<td>Batterielebensdauer<\/td>\n<td>&gt;1 Jahr(bei 25\u00b0C mit 10 Minute Logging Geschwindigkeit<\/td>\n<\/tr>\n<tr>\n<td>Dimension<\/td>\n<td>93 x 42 x 17 mm<\/td>\n<\/tr>\n<tr>\n<td>Schutzklasse<\/td>\n<td>IP4X<\/td>\n<\/tr>\n<\/tbody>\n<\/table>\n","protected":false},"excerpt":{"rendered":"<p>Datenlogger f\u00fcr Temperatur, Luftfeuchtigkeit und Druck, PC, Linux oder Mac &#8211; keine Software zu installieren<\/p>\n","protected":false},"featured_media":14444,"template":"","meta":{"_crdt_document":""},"product_brand":[],"product_cat":[168,169,175,173],"product_tag":[],"class_list":{"0":"post-14451","1":"product","2":"type-product","3":"status-publish","4":"has-post-thumbnail","6":"product_cat-datenlogger","7":"product_cat-druck","8":"product_cat-feuchte","9":"product_cat-temperatur","11":"first","12":"instock","13":"taxable","14":"shipping-taxable","15":"product-type-simple"},"yoast_head":"<!-- This site is optimized with the Yoast SEO plugin v27.4 - https:\/\/yoast.com\/product\/yoast-seo-wordpress\/ -->\n<title>Multifunktion Datenlogger - Sysmatec<\/title>\n<meta name=\"description\" content=\"Multiparameter-Rekorder, Temperatur, Feuchtigkeit, Druck. Erfordert keine Softwareinstallation. Kompatibel mit Mac, Windows, Linux.\" \/>\n<meta name=\"robots\" content=\"index, follow, max-snippet:-1, max-image-preview:large, max-video-preview:-1\" \/>\n<link rel=\"canonical\" href=\"https:\/\/sysmatec.ch\/de\/produit\/multifunktion-datenlogger\/\" \/>\n<meta property=\"og:locale\" content=\"de_DE\" \/>\n<meta property=\"og:type\" content=\"article\" \/>\n<meta property=\"og:title\" content=\"Multifunktion Datenlogger - Sysmatec\" \/>\n<meta property=\"og:description\" content=\"Multiparameter-Rekorder, Temperatur, Feuchtigkeit, Druck. Erfordert keine Softwareinstallation. Kompatibel mit Mac, Windows, Linux.\" \/>\n<meta property=\"og:url\" content=\"https:\/\/sysmatec.ch\/de\/produit\/multifunktion-datenlogger\/\" \/>\n<meta property=\"og:site_name\" content=\"Sysmatec\" \/>\n<meta property=\"article:modified_time\" content=\"2021-12-06T08:29:47+00:00\" \/>\n<meta property=\"og:image\" content=\"https:\/\/sysmatec.ch\/wp-content\/uploads\/2019\/12\/Enregistreur_ELSIE1.jpg\" \/>\n\t<meta property=\"og:image:width\" content=\"738\" \/>\n\t<meta property=\"og:image:height\" content=\"391\" \/>\n\t<meta property=\"og:image:type\" content=\"image\/jpeg\" \/>\n<meta name=\"twitter:card\" content=\"summary_large_image\" \/>\n<meta name=\"twitter:label1\" content=\"Gesch\u00e4tzte Lesezeit\" \/>\n\t<meta name=\"twitter:data1\" content=\"2\u00a0Minuten\" \/>\n<script type=\"application\/ld+json\" class=\"yoast-schema-graph\">{\"@context\":\"https:\\\/\\\/schema.org\",\"@graph\":[{\"@type\":\"WebPage\",\"@id\":\"https:\\\/\\\/sysmatec.ch\\\/de\\\/produit\\\/multifunktion-datenlogger\\\/\",\"url\":\"https:\\\/\\\/sysmatec.ch\\\/de\\\/produit\\\/multifunktion-datenlogger\\\/\",\"name\":\"Multifunktion Datenlogger - Sysmatec\",\"isPartOf\":{\"@id\":\"https:\\\/\\\/sysmatec.ch\\\/de\\\/#website\"},\"primaryImageOfPage\":{\"@id\":\"https:\\\/\\\/sysmatec.ch\\\/de\\\/produit\\\/multifunktion-datenlogger\\\/#primaryimage\"},\"image\":{\"@id\":\"https:\\\/\\\/sysmatec.ch\\\/de\\\/produit\\\/multifunktion-datenlogger\\\/#primaryimage\"},\"thumbnailUrl\":\"https:\\\/\\\/sysmatec.ch\\\/wp-content\\\/uploads\\\/2019\\\/12\\\/Enregistreur_ELSIE1.jpg\",\"datePublished\":\"2019-12-10T10:02:19+00:00\",\"dateModified\":\"2021-12-06T08:29:47+00:00\",\"description\":\"Multiparameter-Rekorder, Temperatur, Feuchtigkeit, Druck. Erfordert keine Softwareinstallation. Kompatibel mit Mac, Windows, Linux.\",\"breadcrumb\":{\"@id\":\"https:\\\/\\\/sysmatec.ch\\\/de\\\/produit\\\/multifunktion-datenlogger\\\/#breadcrumb\"},\"inLanguage\":\"de\",\"potentialAction\":[{\"@type\":\"ReadAction\",\"target\":[\"https:\\\/\\\/sysmatec.ch\\\/de\\\/produit\\\/multifunktion-datenlogger\\\/\"]}]},{\"@type\":\"ImageObject\",\"inLanguage\":\"de\",\"@id\":\"https:\\\/\\\/sysmatec.ch\\\/de\\\/produit\\\/multifunktion-datenlogger\\\/#primaryimage\",\"url\":\"https:\\\/\\\/sysmatec.ch\\\/wp-content\\\/uploads\\\/2019\\\/12\\\/Enregistreur_ELSIE1.jpg\",\"contentUrl\":\"https:\\\/\\\/sysmatec.ch\\\/wp-content\\\/uploads\\\/2019\\\/12\\\/Enregistreur_ELSIE1.jpg\",\"width\":738,\"height\":391},{\"@type\":\"BreadcrumbList\",\"@id\":\"https:\\\/\\\/sysmatec.ch\\\/de\\\/produit\\\/multifunktion-datenlogger\\\/#breadcrumb\",\"itemListElement\":[{\"@type\":\"ListItem\",\"position\":1,\"name\":\"Accueil\",\"item\":\"https:\\\/\\\/sysmatec.ch\\\/de\\\/\"},{\"@type\":\"ListItem\",\"position\":2,\"name\":\"Die Aktivit\u00e4t von Sysmatec\",\"item\":\"https:\\\/\\\/sysmatec.ch\\\/de\\\/\"},{\"@type\":\"ListItem\",\"position\":3,\"name\":\"Multifunktion Datenlogger\"}]},{\"@type\":\"WebSite\",\"@id\":\"https:\\\/\\\/sysmatec.ch\\\/de\\\/#website\",\"url\":\"https:\\\/\\\/sysmatec.ch\\\/de\\\/\",\"name\":\"Sysmatec\",\"description\":\"Equipement de laboratoire et logiciels\",\"publisher\":{\"@id\":\"https:\\\/\\\/sysmatec.ch\\\/de\\\/#organization\"},\"potentialAction\":[{\"@type\":\"SearchAction\",\"target\":{\"@type\":\"EntryPoint\",\"urlTemplate\":\"https:\\\/\\\/sysmatec.ch\\\/de\\\/?s={search_term_string}\"},\"query-input\":{\"@type\":\"PropertyValueSpecification\",\"valueRequired\":true,\"valueName\":\"search_term_string\"}}],\"inLanguage\":\"de\"},{\"@type\":\"Organization\",\"@id\":\"https:\\\/\\\/sysmatec.ch\\\/de\\\/#organization\",\"name\":\"Sysmatec\",\"url\":\"https:\\\/\\\/sysmatec.ch\\\/de\\\/\",\"logo\":{\"@type\":\"ImageObject\",\"inLanguage\":\"de\",\"@id\":\"https:\\\/\\\/sysmatec.ch\\\/de\\\/#\\\/schema\\\/logo\\\/image\\\/\",\"url\":\"https:\\\/\\\/sysmatec.ch\\\/wp-content\\\/uploads\\\/2018\\\/11\\\/LogoSysmatec.jpg\",\"contentUrl\":\"https:\\\/\\\/sysmatec.ch\\\/wp-content\\\/uploads\\\/2018\\\/11\\\/LogoSysmatec.jpg\",\"width\":301,\"height\":297,\"caption\":\"Sysmatec\"},\"image\":{\"@id\":\"https:\\\/\\\/sysmatec.ch\\\/de\\\/#\\\/schema\\\/logo\\\/image\\\/\"}}]}<\/script>\n<!-- \/ Yoast SEO plugin. -->","yoast_head_json":{"title":"Multifunktion Datenlogger - Sysmatec","description":"Multiparameter-Rekorder, Temperatur, Feuchtigkeit, Druck. Erfordert keine Softwareinstallation. Kompatibel mit Mac, Windows, Linux.","robots":{"index":"index","follow":"follow","max-snippet":"max-snippet:-1","max-image-preview":"max-image-preview:large","max-video-preview":"max-video-preview:-1"},"canonical":"https:\/\/sysmatec.ch\/de\/produit\/multifunktion-datenlogger\/","og_locale":"de_DE","og_type":"article","og_title":"Multifunktion Datenlogger - Sysmatec","og_description":"Multiparameter-Rekorder, Temperatur, Feuchtigkeit, Druck. Erfordert keine Softwareinstallation. Kompatibel mit Mac, Windows, Linux.","og_url":"https:\/\/sysmatec.ch\/de\/produit\/multifunktion-datenlogger\/","og_site_name":"Sysmatec","article_modified_time":"2021-12-06T08:29:47+00:00","og_image":[{"width":738,"height":391,"url":"https:\/\/sysmatec.ch\/wp-content\/uploads\/2019\/12\/Enregistreur_ELSIE1.jpg","type":"image\/jpeg"}],"twitter_card":"summary_large_image","twitter_misc":{"Gesch\u00e4tzte Lesezeit":"2\u00a0Minuten"},"schema":{"@context":"https:\/\/schema.org","@graph":[{"@type":"WebPage","@id":"https:\/\/sysmatec.ch\/de\/produit\/multifunktion-datenlogger\/","url":"https:\/\/sysmatec.ch\/de\/produit\/multifunktion-datenlogger\/","name":"Multifunktion Datenlogger - Sysmatec","isPartOf":{"@id":"https:\/\/sysmatec.ch\/de\/#website"},"primaryImageOfPage":{"@id":"https:\/\/sysmatec.ch\/de\/produit\/multifunktion-datenlogger\/#primaryimage"},"image":{"@id":"https:\/\/sysmatec.ch\/de\/produit\/multifunktion-datenlogger\/#primaryimage"},"thumbnailUrl":"https:\/\/sysmatec.ch\/wp-content\/uploads\/2019\/12\/Enregistreur_ELSIE1.jpg","datePublished":"2019-12-10T10:02:19+00:00","dateModified":"2021-12-06T08:29:47+00:00","description":"Multiparameter-Rekorder, Temperatur, Feuchtigkeit, Druck. Erfordert keine Softwareinstallation. Kompatibel mit Mac, Windows, Linux.","breadcrumb":{"@id":"https:\/\/sysmatec.ch\/de\/produit\/multifunktion-datenlogger\/#breadcrumb"},"inLanguage":"de","potentialAction":[{"@type":"ReadAction","target":["https:\/\/sysmatec.ch\/de\/produit\/multifunktion-datenlogger\/"]}]},{"@type":"ImageObject","inLanguage":"de","@id":"https:\/\/sysmatec.ch\/de\/produit\/multifunktion-datenlogger\/#primaryimage","url":"https:\/\/sysmatec.ch\/wp-content\/uploads\/2019\/12\/Enregistreur_ELSIE1.jpg","contentUrl":"https:\/\/sysmatec.ch\/wp-content\/uploads\/2019\/12\/Enregistreur_ELSIE1.jpg","width":738,"height":391},{"@type":"BreadcrumbList","@id":"https:\/\/sysmatec.ch\/de\/produit\/multifunktion-datenlogger\/#breadcrumb","itemListElement":[{"@type":"ListItem","position":1,"name":"Accueil","item":"https:\/\/sysmatec.ch\/de\/"},{"@type":"ListItem","position":2,"name":"Die Aktivit\u00e4t von Sysmatec","item":"https:\/\/sysmatec.ch\/de\/"},{"@type":"ListItem","position":3,"name":"Multifunktion Datenlogger"}]},{"@type":"WebSite","@id":"https:\/\/sysmatec.ch\/de\/#website","url":"https:\/\/sysmatec.ch\/de\/","name":"Sysmatec","description":"Equipement de laboratoire et logiciels","publisher":{"@id":"https:\/\/sysmatec.ch\/de\/#organization"},"potentialAction":[{"@type":"SearchAction","target":{"@type":"EntryPoint","urlTemplate":"https:\/\/sysmatec.ch\/de\/?s={search_term_string}"},"query-input":{"@type":"PropertyValueSpecification","valueRequired":true,"valueName":"search_term_string"}}],"inLanguage":"de"},{"@type":"Organization","@id":"https:\/\/sysmatec.ch\/de\/#organization","name":"Sysmatec","url":"https:\/\/sysmatec.ch\/de\/","logo":{"@type":"ImageObject","inLanguage":"de","@id":"https:\/\/sysmatec.ch\/de\/#\/schema\/logo\/image\/","url":"https:\/\/sysmatec.ch\/wp-content\/uploads\/2018\/11\/LogoSysmatec.jpg","contentUrl":"https:\/\/sysmatec.ch\/wp-content\/uploads\/2018\/11\/LogoSysmatec.jpg","width":301,"height":297,"caption":"Sysmatec"},"image":{"@id":"https:\/\/sysmatec.ch\/de\/#\/schema\/logo\/image\/"}}]}},"_links":{"self":[{"href":"https:\/\/sysmatec.ch\/de\/wp-json\/wp\/v2\/product\/14451","targetHints":{"allow":["GET"]}}],"collection":[{"href":"https:\/\/sysmatec.ch\/de\/wp-json\/wp\/v2\/product"}],"about":[{"href":"https:\/\/sysmatec.ch\/de\/wp-json\/wp\/v2\/types\/product"}],"wp:featuredmedia":[{"embeddable":true,"href":"https:\/\/sysmatec.ch\/de\/wp-json\/wp\/v2\/media\/14444"}],"wp:attachment":[{"href":"https:\/\/sysmatec.ch\/de\/wp-json\/wp\/v2\/media?parent=14451"}],"wp:term":[{"taxonomy":"product_brand","embeddable":true,"href":"https:\/\/sysmatec.ch\/de\/wp-json\/wp\/v2\/product_brand?post=14451"},{"taxonomy":"product_cat","embeddable":true,"href":"https:\/\/sysmatec.ch\/de\/wp-json\/wp\/v2\/product_cat?post=14451"},{"taxonomy":"product_tag","embeddable":true,"href":"https:\/\/sysmatec.ch\/de\/wp-json\/wp\/v2\/product_tag?post=14451"}],"curies":[{"name":"wp","href":"https:\/\/api.w.org\/{rel}","templated":true}]}}