{"id":14422,"date":"2019-12-08T11:25:51","date_gmt":"2019-12-08T10:32:24","guid":{"rendered":"https:\/\/sysmatec.ch\/?post_type=product&#038;p=14422"},"modified":"2021-12-07T16:51:16","modified_gmt":"2021-12-07T15:51:16","slug":"total-aflatoxine-in-lebensmittel","status":"publish","type":"product","link":"https:\/\/sysmatec.ch\/de\/Produkt\/total-aflatoxine-in-lebensmittel\/","title":{"rendered":"Total Aflatoxine in Lebensmitteln"},"content":{"rendered":"<p>Aflatoxine, eine Gruppe von Mykotoxinen in Lebensmitteln, sind sekund\u00e4re Metaboliten von Aspergillus-Pilzen und wurden von der Internationalen Agentur f\u00fcr Krebsforschung als Karzinogene der Gruppe 1 bewertet.<\/p>\n<p>Total Aflatoxine in Lebensmitteln erkennen Folgendes: AFB1, AFB2, AFG1, AFG2, Ochratoxin A, T-2-Toxin, Nivalenol, Zearalenon, Deoxynivalenol, Patulin, Fumonisin B1 und weisen einen linearen Bereich von 0-200 ppb und eine Nachweisgrenze von 3.9 ppb auf<\/p>\n<p>Kit: Total Aflatoxine in Lebensmitteln &#8211; Qualitative und quantitative Methode<\/p>\n<p>Code: 82135 &#8211; 100 TestsPr\u00e4sentation: R1 &#8211; 150 ml, R2 &#8211; 20 ml, R3 &#8211; 10 ml, R4 &#8211; 10 ml, R5 &#8211; 0,5 ml, R6 &#8211; 0,1 ul, R7 &#8211; 10 ml.<\/p>\n<h2>Verfahren f\u00fcr die Aflatoxine Messung<\/h2>\n<p>1. Sammeln Sie 0.1 gr. Probe zerkleinern und 1.2 ml zugeben. R1 in einer Durchstechflasche<\/p>\n<p>2. 10 Minuten bei 200 U \/ min zentrifugieren<\/p>\n<p>3. Verdampfe die erhaltene L\u00f6sung in einem Trockeninkubator oder einem Wasserbad bei 60 \u00b0 C<\/p>\n<p>4. 0,2 ml R2 zugeben.<\/p>\n<p>5. 30 Sekunden bei 2800 U \/ min zentrifugieren<\/p>\n<p>6. Bereiten Sie ein R\u00f6hrchen vor, indem Sie 0.1 ml hinzuf\u00fcgen. R1 und 0,1 ml. R3<\/p>\n<p>7. Probe in das R\u00f6hrchen geben<\/p>\n<p>8. Waschen Sie die Probe mit 0.1 ml. R4 und 0.03 ml. R3<\/p>\n<p>9. Verdampfe die erhaltene L\u00f6sung in einem trockenen Inkubator oder einem Wasserbad bei 60 \u00b0 C<\/p>\n<p>10. 3.4 ul zugeben. R5 und 30 Sekunden lang manuell oder mit dem Vortex sch\u00fctteln<\/p>\n<p>11. Zugabe von 0.6 ul. R6<\/p>\n<p>12. 0.1 ml zugeben. R7, mischen und 5 Minuten inkubieren<\/p>\n<p>13 (a). \u00dcberpr\u00fcfen Sie f\u00fcr den qualitativen Modus die gebildeten Farben:Gr\u00fcn = Vorhandensein von Gesamt-Aflatoxinen in der Probekeine Farbe gebildet = Abwesenheit von gesamten Aflatoxinen in der Probe<\/p>\n<p>(b). \u00dcberpr\u00fcfen Sie f\u00fcr den quantitativen Modus den Parameter TAFF im Testfeld von Electra m2 und befolgen Sie die Anweisungen, um ein numerisches Ergebnis zu erhalten.<\/p>\n","protected":false},"excerpt":{"rendered":"<p>Total Aflatoxine in Lebensmitteln<\/p>\n","protected":false},"featured_media":5099,"template":"","meta":{"_crdt_document":""},"product_brand":[],"product_cat":[188,375],"product_tag":[],"class_list":{"0":"post-14422","1":"product","2":"type-product","3":"status-publish","4":"has-post-thumbnail","6":"product_cat-analyse-de","7":"product_cat-toxin-de","9":"first","10":"instock","11":"taxable","12":"shipping-taxable","13":"product-type-simple"},"yoast_head":"<!-- This site is optimized with the Yoast SEO plugin v27.4 - https:\/\/yoast.com\/product\/yoast-seo-wordpress\/ -->\n<title>Total Aflatoxine in Lebensmitteln - Sysmatec<\/title>\n<meta name=\"description\" content=\"Kit zur Messung von Gesamtaflatoxinen in Lebensmitteln. Quantitative Bestimmung mit einem Spektralfotometer m\u00f6glich.\" \/>\n<meta name=\"robots\" content=\"index, follow, max-snippet:-1, max-image-preview:large, max-video-preview:-1\" \/>\n<link rel=\"canonical\" href=\"https:\/\/sysmatec.ch\/de\/produit\/total-aflatoxine-in-lebensmittel\/\" \/>\n<meta property=\"og:locale\" content=\"de_DE\" \/>\n<meta property=\"og:type\" content=\"article\" \/>\n<meta property=\"og:title\" content=\"Total Aflatoxine in Lebensmitteln - Sysmatec\" \/>\n<meta property=\"og:description\" content=\"Kit zur Messung von Gesamtaflatoxinen in Lebensmitteln. Quantitative Bestimmung mit einem Spektralfotometer m\u00f6glich.\" \/>\n<meta property=\"og:url\" content=\"https:\/\/sysmatec.ch\/de\/produit\/total-aflatoxine-in-lebensmittel\/\" \/>\n<meta property=\"og:site_name\" content=\"Sysmatec\" \/>\n<meta property=\"article:modified_time\" content=\"2021-12-07T15:51:16+00:00\" \/>\n<meta property=\"og:image\" content=\"https:\/\/sysmatec.ch\/wp-content\/uploads\/2019\/04\/Analyse_ZEUMICROCYSTEST.jpg\" \/>\n\t<meta property=\"og:image:width\" content=\"184\" \/>\n\t<meta property=\"og:image:height\" content=\"114\" \/>\n\t<meta property=\"og:image:type\" content=\"image\/jpeg\" \/>\n<meta name=\"twitter:card\" content=\"summary_large_image\" \/>\n<meta name=\"twitter:label1\" content=\"Gesch\u00e4tzte Lesezeit\" \/>\n\t<meta name=\"twitter:data1\" content=\"2\u00a0Minuten\" \/>\n<script type=\"application\/ld+json\" class=\"yoast-schema-graph\">{\"@context\":\"https:\\\/\\\/schema.org\",\"@graph\":[{\"@type\":\"WebPage\",\"@id\":\"https:\\\/\\\/sysmatec.ch\\\/de\\\/produit\\\/total-aflatoxine-in-lebensmittel\\\/\",\"url\":\"https:\\\/\\\/sysmatec.ch\\\/de\\\/produit\\\/total-aflatoxine-in-lebensmittel\\\/\",\"name\":\"Total Aflatoxine in Lebensmitteln - Sysmatec\",\"isPartOf\":{\"@id\":\"https:\\\/\\\/sysmatec.ch\\\/de\\\/#website\"},\"primaryImageOfPage\":{\"@id\":\"https:\\\/\\\/sysmatec.ch\\\/de\\\/produit\\\/total-aflatoxine-in-lebensmittel\\\/#primaryimage\"},\"image\":{\"@id\":\"https:\\\/\\\/sysmatec.ch\\\/de\\\/produit\\\/total-aflatoxine-in-lebensmittel\\\/#primaryimage\"},\"thumbnailUrl\":\"https:\\\/\\\/sysmatec.ch\\\/wp-content\\\/uploads\\\/2019\\\/04\\\/Analyse_ZEUMICROCYSTEST.jpg\",\"datePublished\":\"2019-12-08T10:32:24+00:00\",\"dateModified\":\"2021-12-07T15:51:16+00:00\",\"description\":\"Kit zur Messung von Gesamtaflatoxinen in Lebensmitteln. Quantitative Bestimmung mit einem Spektralfotometer m\u00f6glich.\",\"breadcrumb\":{\"@id\":\"https:\\\/\\\/sysmatec.ch\\\/de\\\/produit\\\/total-aflatoxine-in-lebensmittel\\\/#breadcrumb\"},\"inLanguage\":\"de\",\"potentialAction\":[{\"@type\":\"ReadAction\",\"target\":[\"https:\\\/\\\/sysmatec.ch\\\/de\\\/produit\\\/total-aflatoxine-in-lebensmittel\\\/\"]}]},{\"@type\":\"ImageObject\",\"inLanguage\":\"de\",\"@id\":\"https:\\\/\\\/sysmatec.ch\\\/de\\\/produit\\\/total-aflatoxine-in-lebensmittel\\\/#primaryimage\",\"url\":\"https:\\\/\\\/sysmatec.ch\\\/wp-content\\\/uploads\\\/2019\\\/04\\\/Analyse_ZEUMICROCYSTEST.jpg\",\"contentUrl\":\"https:\\\/\\\/sysmatec.ch\\\/wp-content\\\/uploads\\\/2019\\\/04\\\/Analyse_ZEUMICROCYSTEST.jpg\",\"width\":184,\"height\":114},{\"@type\":\"BreadcrumbList\",\"@id\":\"https:\\\/\\\/sysmatec.ch\\\/de\\\/produit\\\/total-aflatoxine-in-lebensmittel\\\/#breadcrumb\",\"itemListElement\":[{\"@type\":\"ListItem\",\"position\":1,\"name\":\"Accueil\",\"item\":\"https:\\\/\\\/sysmatec.ch\\\/de\\\/\"},{\"@type\":\"ListItem\",\"position\":2,\"name\":\"Die Aktivit\u00e4t von Sysmatec\",\"item\":\"https:\\\/\\\/sysmatec.ch\\\/de\\\/\"},{\"@type\":\"ListItem\",\"position\":3,\"name\":\"Total Aflatoxine in Lebensmitteln\"}]},{\"@type\":\"WebSite\",\"@id\":\"https:\\\/\\\/sysmatec.ch\\\/de\\\/#website\",\"url\":\"https:\\\/\\\/sysmatec.ch\\\/de\\\/\",\"name\":\"Sysmatec\",\"description\":\"Equipement de laboratoire et logiciels\",\"publisher\":{\"@id\":\"https:\\\/\\\/sysmatec.ch\\\/de\\\/#organization\"},\"potentialAction\":[{\"@type\":\"SearchAction\",\"target\":{\"@type\":\"EntryPoint\",\"urlTemplate\":\"https:\\\/\\\/sysmatec.ch\\\/de\\\/?s={search_term_string}\"},\"query-input\":{\"@type\":\"PropertyValueSpecification\",\"valueRequired\":true,\"valueName\":\"search_term_string\"}}],\"inLanguage\":\"de\"},{\"@type\":\"Organization\",\"@id\":\"https:\\\/\\\/sysmatec.ch\\\/de\\\/#organization\",\"name\":\"Sysmatec\",\"url\":\"https:\\\/\\\/sysmatec.ch\\\/de\\\/\",\"logo\":{\"@type\":\"ImageObject\",\"inLanguage\":\"de\",\"@id\":\"https:\\\/\\\/sysmatec.ch\\\/de\\\/#\\\/schema\\\/logo\\\/image\\\/\",\"url\":\"https:\\\/\\\/sysmatec.ch\\\/wp-content\\\/uploads\\\/2018\\\/11\\\/LogoSysmatec.jpg\",\"contentUrl\":\"https:\\\/\\\/sysmatec.ch\\\/wp-content\\\/uploads\\\/2018\\\/11\\\/LogoSysmatec.jpg\",\"width\":301,\"height\":297,\"caption\":\"Sysmatec\"},\"image\":{\"@id\":\"https:\\\/\\\/sysmatec.ch\\\/de\\\/#\\\/schema\\\/logo\\\/image\\\/\"}}]}<\/script>\n<!-- \/ Yoast SEO plugin. -->","yoast_head_json":{"title":"Total Aflatoxine in Lebensmitteln - Sysmatec","description":"Kit zur Messung von Gesamtaflatoxinen in Lebensmitteln. Quantitative Bestimmung mit einem Spektralfotometer m\u00f6glich.","robots":{"index":"index","follow":"follow","max-snippet":"max-snippet:-1","max-image-preview":"max-image-preview:large","max-video-preview":"max-video-preview:-1"},"canonical":"https:\/\/sysmatec.ch\/de\/produit\/total-aflatoxine-in-lebensmittel\/","og_locale":"de_DE","og_type":"article","og_title":"Total Aflatoxine in Lebensmitteln - Sysmatec","og_description":"Kit zur Messung von Gesamtaflatoxinen in Lebensmitteln. Quantitative Bestimmung mit einem Spektralfotometer m\u00f6glich.","og_url":"https:\/\/sysmatec.ch\/de\/produit\/total-aflatoxine-in-lebensmittel\/","og_site_name":"Sysmatec","article_modified_time":"2021-12-07T15:51:16+00:00","og_image":[{"width":184,"height":114,"url":"https:\/\/sysmatec.ch\/wp-content\/uploads\/2019\/04\/Analyse_ZEUMICROCYSTEST.jpg","type":"image\/jpeg"}],"twitter_card":"summary_large_image","twitter_misc":{"Gesch\u00e4tzte Lesezeit":"2\u00a0Minuten"},"schema":{"@context":"https:\/\/schema.org","@graph":[{"@type":"WebPage","@id":"https:\/\/sysmatec.ch\/de\/produit\/total-aflatoxine-in-lebensmittel\/","url":"https:\/\/sysmatec.ch\/de\/produit\/total-aflatoxine-in-lebensmittel\/","name":"Total Aflatoxine in Lebensmitteln - Sysmatec","isPartOf":{"@id":"https:\/\/sysmatec.ch\/de\/#website"},"primaryImageOfPage":{"@id":"https:\/\/sysmatec.ch\/de\/produit\/total-aflatoxine-in-lebensmittel\/#primaryimage"},"image":{"@id":"https:\/\/sysmatec.ch\/de\/produit\/total-aflatoxine-in-lebensmittel\/#primaryimage"},"thumbnailUrl":"https:\/\/sysmatec.ch\/wp-content\/uploads\/2019\/04\/Analyse_ZEUMICROCYSTEST.jpg","datePublished":"2019-12-08T10:32:24+00:00","dateModified":"2021-12-07T15:51:16+00:00","description":"Kit zur Messung von Gesamtaflatoxinen in Lebensmitteln. Quantitative Bestimmung mit einem Spektralfotometer m\u00f6glich.","breadcrumb":{"@id":"https:\/\/sysmatec.ch\/de\/produit\/total-aflatoxine-in-lebensmittel\/#breadcrumb"},"inLanguage":"de","potentialAction":[{"@type":"ReadAction","target":["https:\/\/sysmatec.ch\/de\/produit\/total-aflatoxine-in-lebensmittel\/"]}]},{"@type":"ImageObject","inLanguage":"de","@id":"https:\/\/sysmatec.ch\/de\/produit\/total-aflatoxine-in-lebensmittel\/#primaryimage","url":"https:\/\/sysmatec.ch\/wp-content\/uploads\/2019\/04\/Analyse_ZEUMICROCYSTEST.jpg","contentUrl":"https:\/\/sysmatec.ch\/wp-content\/uploads\/2019\/04\/Analyse_ZEUMICROCYSTEST.jpg","width":184,"height":114},{"@type":"BreadcrumbList","@id":"https:\/\/sysmatec.ch\/de\/produit\/total-aflatoxine-in-lebensmittel\/#breadcrumb","itemListElement":[{"@type":"ListItem","position":1,"name":"Accueil","item":"https:\/\/sysmatec.ch\/de\/"},{"@type":"ListItem","position":2,"name":"Die Aktivit\u00e4t von Sysmatec","item":"https:\/\/sysmatec.ch\/de\/"},{"@type":"ListItem","position":3,"name":"Total Aflatoxine in Lebensmitteln"}]},{"@type":"WebSite","@id":"https:\/\/sysmatec.ch\/de\/#website","url":"https:\/\/sysmatec.ch\/de\/","name":"Sysmatec","description":"Equipement de laboratoire et logiciels","publisher":{"@id":"https:\/\/sysmatec.ch\/de\/#organization"},"potentialAction":[{"@type":"SearchAction","target":{"@type":"EntryPoint","urlTemplate":"https:\/\/sysmatec.ch\/de\/?s={search_term_string}"},"query-input":{"@type":"PropertyValueSpecification","valueRequired":true,"valueName":"search_term_string"}}],"inLanguage":"de"},{"@type":"Organization","@id":"https:\/\/sysmatec.ch\/de\/#organization","name":"Sysmatec","url":"https:\/\/sysmatec.ch\/de\/","logo":{"@type":"ImageObject","inLanguage":"de","@id":"https:\/\/sysmatec.ch\/de\/#\/schema\/logo\/image\/","url":"https:\/\/sysmatec.ch\/wp-content\/uploads\/2018\/11\/LogoSysmatec.jpg","contentUrl":"https:\/\/sysmatec.ch\/wp-content\/uploads\/2018\/11\/LogoSysmatec.jpg","width":301,"height":297,"caption":"Sysmatec"},"image":{"@id":"https:\/\/sysmatec.ch\/de\/#\/schema\/logo\/image\/"}}]}},"_links":{"self":[{"href":"https:\/\/sysmatec.ch\/de\/wp-json\/wp\/v2\/product\/14422","targetHints":{"allow":["GET"]}}],"collection":[{"href":"https:\/\/sysmatec.ch\/de\/wp-json\/wp\/v2\/product"}],"about":[{"href":"https:\/\/sysmatec.ch\/de\/wp-json\/wp\/v2\/types\/product"}],"wp:featuredmedia":[{"embeddable":true,"href":"https:\/\/sysmatec.ch\/de\/wp-json\/wp\/v2\/media\/5099"}],"wp:attachment":[{"href":"https:\/\/sysmatec.ch\/de\/wp-json\/wp\/v2\/media?parent=14422"}],"wp:term":[{"taxonomy":"product_brand","embeddable":true,"href":"https:\/\/sysmatec.ch\/de\/wp-json\/wp\/v2\/product_brand?post=14422"},{"taxonomy":"product_cat","embeddable":true,"href":"https:\/\/sysmatec.ch\/de\/wp-json\/wp\/v2\/product_cat?post=14422"},{"taxonomy":"product_tag","embeddable":true,"href":"https:\/\/sysmatec.ch\/de\/wp-json\/wp\/v2\/product_tag?post=14422"}],"curies":[{"name":"wp","href":"https:\/\/api.w.org\/{rel}","templated":true}]}}